{"id":13628,"date":"2023-02-28T12:16:06","date_gmt":"2023-02-28T11:16:06","guid":{"rendered":"https:\/\/exparto.pl\/produkt\/pto-articulated-shaft-80cm-500nm-triangle-tube-cross-shaft-27x74-5-6-6-pin-coupling\/"},"modified":"2023-02-28T11:16:06","modified_gmt":"2023-02-28T10:16:06","slug":"wal-przegubowy-wom-80cm-500nm-rura-krzyzak-27x745-6-6-sprzeglo-z-kolkiem","status":"publish","type":"product","link":"https:\/\/exparto.pl\/en\/produkt\/wal-przegubowy-wom-80cm-500nm-rura-krzyzak-27x745-6-6-sprzeglo-z-kolkiem\/","title":{"rendered":"PTO articulated shaft, 80cm, 500Nm, triangle tube, cross shaft 27&#215;74.5 6\/6 + pin coupling"},"content":{"rendered":"<section class=\"section\">\n<div class=\"item item-12\">\n<section class=\"text-item\">PTO shafts are used to <b>transfer torque<\/b> from the tractor&#8217;s power take-off (PTO) to the power take-off shaft of the machine (WPM) that is attached to said tractor. Shafts are an important component of <b>trailers<\/b> and <b>agricultural vehicles<\/b>. At the same time, they are <b>a guarantee of reliability<\/b> and safe operation. They also protect the machine&#8217;s drive components when it is running.<\/section>\n<section><\/section>\n<section class=\"text-item\">The basic division includes:<\/p>\n<ul style=\"text-align: justify\">\n<li><b>Basic PTO-telescopic shaft<\/b> s &#8211; they are used when the mutual positioning of the PTO and PTO shafts with respect to each other does not exceed 25\u00b0 of the angle of articulation breaking during continuous operation.<\/li>\n<li><b>Wide-angle<\/b> PTO shafts &#8211; these are used when the mutual positioning of the PTO and PTO shafts can lead to joint breakage of up to 50\u00b0 of joint breakage angle during continuous operation and 50\u00b0 during momentary operation.<\/li>\n<\/ul>\n<p style=\"text-align: justify\">You can also distinguish between <b>milled shafts, tubular shafts<\/b> and <b>tubular-triangular<\/b> <b>shafts<\/b> &#8211; they differ in their tube profiles. Individual shafts may also have different torque values and a different number of wide-angle joints.<\/p>\n<p style=\"text-align: justify\">At Exparto, we offer both <b>complete shafts<\/b> and the <b>parts and accessories<\/b> designed for them: cross-bearers, joints, couplings. The individual components are made of high-quality materials (e.g. of <b>high-carbon steel<\/b>), and the <b>shaft covers<\/b> themselves are not susceptible to <b>mechanical damage<\/b>, low temperatures or UV radiation. What&#8217;s more, some components are equipped with special heavy-duty bearings.<\/p>\n<\/section>\n<\/div>\n<\/section>\n","protected":false},"excerpt":{"rendered":"<p style=\"text-align: justify\">PTO shafts are used to transfer torque from the tractor&#8217;s power take-off (PTO) to the power take-off shaft of the machine (WPM) that is attached to said tractor.<\/p>\n","protected":false},"featured_media":60945,"comment_status":"open","ping_status":"closed","template":"","meta":{"_acf_changed":false,"inline_featured_image":false},"product_brand":[],"product_cat":[526],"product_tag":[],"class_list":{"0":"post-13628","1":"product","2":"type-product","3":"status-publish","4":"has-post-thumbnail","6":"product_cat-articulated-telescopic-shafts","8":"first","9":"instock","10":"taxable","11":"shipping-taxable","12":"purchasable","13":"product-type-simple"},"acf":[],"yoast_head":"<!-- This site is optimized with the Yoast SEO plugin v27.2 - https:\/\/yoast.com\/product\/yoast-seo-wordpress\/ -->\n<title>PTO articulated shaft, 80cm, 500Nm, triangle tube, cross shaft 27x74.5 6\/6 + pin coupling - Exparto.pl<\/title>\n<meta name=\"robots\" content=\"index, follow, max-snippet:-1, max-image-preview:large, max-video-preview:-1\" \/>\n<link rel=\"canonical\" href=\"https:\/\/exparto.pl\/en\/produkt\/wal-przegubowy-wom-80cm-500nm-rura-krzyzak-27x745-6-6-sprzeglo-z-kolkiem\/\" \/>\n<meta property=\"og:locale\" content=\"en_US\" \/>\n<meta property=\"og:type\" content=\"article\" \/>\n<meta property=\"og:title\" content=\"PTO articulated shaft, 80cm, 500Nm, triangle tube, cross shaft 27x74.5 6\/6 + pin coupling - Exparto.pl\" \/>\n<meta property=\"og:description\" content=\"PTO shafts are used to transfer torque from the tractor&#039;s power take-off (PTO) to the power take-off shaft of the machine (WPM) that is attached to said tractor.\" \/>\n<meta property=\"og:url\" content=\"https:\/\/exparto.pl\/en\/produkt\/wal-przegubowy-wom-80cm-500nm-rura-krzyzak-27x745-6-6-sprzeglo-z-kolkiem\/\" \/>\n<meta property=\"og:site_name\" content=\"Exparto.pl\" \/>\n<meta property=\"article:publisher\" content=\"https:\/\/www.facebook.com\/exparto.agro\/\" \/>\n<meta property=\"og:image\" content=\"https:\/\/exparto.pl\/wp-content\/uploads\/2025\/12\/b583fb6fdcab4086b3968a67e1e89ae5-1.jpg\" \/>\n\t<meta property=\"og:image:width\" content=\"1000\" \/>\n\t<meta property=\"og:image:height\" content=\"1000\" \/>\n\t<meta property=\"og:image:type\" content=\"image\/jpeg\" \/>\n<meta name=\"twitter:card\" content=\"summary_large_image\" \/>\n<meta name=\"twitter:label1\" content=\"Est. reading time\" \/>\n\t<meta name=\"twitter:data1\" content=\"1 minute\" \/>\n<script type=\"application\/ld+json\" class=\"yoast-schema-graph\">{\"@context\":\"https:\/\/schema.org\",\"@graph\":[{\"@type\":\"WebPage\",\"@id\":\"https:\/\/exparto.pl\/en\/produkt\/wal-przegubowy-wom-80cm-500nm-rura-krzyzak-27x745-6-6-sprzeglo-z-kolkiem\/\",\"url\":\"https:\/\/exparto.pl\/en\/produkt\/wal-przegubowy-wom-80cm-500nm-rura-krzyzak-27x745-6-6-sprzeglo-z-kolkiem\/\",\"name\":\"PTO articulated shaft, 80cm, 500Nm, triangle tube, cross shaft 27x74.5 6\/6 + pin coupling - Exparto.pl\",\"isPartOf\":{\"@id\":\"https:\/\/exparto.pl\/en\/#website\"},\"primaryImageOfPage\":{\"@id\":\"https:\/\/exparto.pl\/en\/produkt\/wal-przegubowy-wom-80cm-500nm-rura-krzyzak-27x745-6-6-sprzeglo-z-kolkiem\/#primaryimage\"},\"image\":{\"@id\":\"https:\/\/exparto.pl\/en\/produkt\/wal-przegubowy-wom-80cm-500nm-rura-krzyzak-27x745-6-6-sprzeglo-z-kolkiem\/#primaryimage\"},\"thumbnailUrl\":\"https:\/\/exparto.pl\/wp-content\/uploads\/2025\/12\/b583fb6fdcab4086b3968a67e1e89ae5-1.jpg\",\"datePublished\":\"2023-02-28T11:16:06+00:00\",\"breadcrumb\":{\"@id\":\"https:\/\/exparto.pl\/en\/produkt\/wal-przegubowy-wom-80cm-500nm-rura-krzyzak-27x745-6-6-sprzeglo-z-kolkiem\/#breadcrumb\"},\"inLanguage\":\"en-US\",\"potentialAction\":[{\"@type\":\"ReadAction\",\"target\":[\"https:\/\/exparto.pl\/en\/produkt\/wal-przegubowy-wom-80cm-500nm-rura-krzyzak-27x745-6-6-sprzeglo-z-kolkiem\/\"]}]},{\"@type\":\"ImageObject\",\"inLanguage\":\"en-US\",\"@id\":\"https:\/\/exparto.pl\/en\/produkt\/wal-przegubowy-wom-80cm-500nm-rura-krzyzak-27x745-6-6-sprzeglo-z-kolkiem\/#primaryimage\",\"url\":\"https:\/\/exparto.pl\/wp-content\/uploads\/2025\/12\/b583fb6fdcab4086b3968a67e1e89ae5-1.jpg\",\"contentUrl\":\"https:\/\/exparto.pl\/wp-content\/uploads\/2025\/12\/b583fb6fdcab4086b3968a67e1e89ae5-1.jpg\",\"width\":1000,\"height\":1000},{\"@type\":\"BreadcrumbList\",\"@id\":\"https:\/\/exparto.pl\/en\/produkt\/wal-przegubowy-wom-80cm-500nm-rura-krzyzak-27x745-6-6-sprzeglo-z-kolkiem\/#breadcrumb\",\"itemListElement\":[{\"@type\":\"ListItem\",\"position\":1,\"name\":\"Homepage\",\"item\":\"https:\/\/exparto.pl\/en\/homepage\/\"},{\"@type\":\"ListItem\",\"position\":2,\"name\":\"Sklep\",\"item\":\"https:\/\/exparto.pl\/sklep\/\"},{\"@type\":\"ListItem\",\"position\":3,\"name\":\"Articulated telescopic shafts\",\"item\":\"https:\/\/exparto.pl\/en\/product-category\/articulated-telescopic-shafts\/\"},{\"@type\":\"ListItem\",\"position\":4,\"name\":\"Wa\u0142ki WOM ze sprz\u0119g\u0142em\",\"item\":\"https:\/\/exparto.pl\/kategoria-produktu\/waly-przegubowo-teleskopowe\/walki-wom-ze-sprzeglem\/\"},{\"@type\":\"ListItem\",\"position\":5,\"name\":\"Wa\u0142ki WOM ze sprz\u0119g\u0142em na \u015brub\u0119\",\"item\":\"https:\/\/exparto.pl\/kategoria-produktu\/waly-przegubowo-teleskopowe\/walki-wom-ze-sprzeglem\/walki-wom-ze-sprzeglem-na-srube\/\"},{\"@type\":\"ListItem\",\"position\":6,\"name\":\"PTO articulated shaft, 80cm, 500Nm, triangle tube, cross shaft 27&#215;74.5 6\/6 + pin coupling\"}]},{\"@type\":\"WebSite\",\"@id\":\"https:\/\/exparto.pl\/en\/#website\",\"url\":\"https:\/\/exparto.pl\/en\/\",\"name\":\"EXPARTO\",\"description\":\"More than agro parts\",\"publisher\":{\"@id\":\"https:\/\/exparto.pl\/en\/#organization\"},\"potentialAction\":[{\"@type\":\"SearchAction\",\"target\":{\"@type\":\"EntryPoint\",\"urlTemplate\":\"https:\/\/exparto.pl\/en\/?s={search_term_string}\"},\"query-input\":{\"@type\":\"PropertyValueSpecification\",\"valueRequired\":true,\"valueName\":\"search_term_string\"}}],\"inLanguage\":\"en-US\"},{\"@type\":\"Organization\",\"@id\":\"https:\/\/exparto.pl\/en\/#organization\",\"name\":\"EXPARTO\",\"url\":\"https:\/\/exparto.pl\/en\/\",\"logo\":{\"@type\":\"ImageObject\",\"inLanguage\":\"en-US\",\"@id\":\"https:\/\/exparto.pl\/en\/#\/schema\/logo\/image\/\",\"url\":\"https:\/\/exparto.pl\/wp-content\/uploads\/2023\/02\/logo-wektor.png\",\"contentUrl\":\"https:\/\/exparto.pl\/wp-content\/uploads\/2023\/02\/logo-wektor.png\",\"width\":1338,\"height\":143,\"caption\":\"EXPARTO\"},\"image\":{\"@id\":\"https:\/\/exparto.pl\/en\/#\/schema\/logo\/image\/\"},\"sameAs\":[\"https:\/\/www.facebook.com\/exparto.agro\/\"]}]}<\/script>\n<!-- \/ Yoast SEO plugin. -->","yoast_head_json":{"title":"PTO articulated shaft, 80cm, 500Nm, triangle tube, cross shaft 27x74.5 6\/6 + pin coupling - Exparto.pl","robots":{"index":"index","follow":"follow","max-snippet":"max-snippet:-1","max-image-preview":"max-image-preview:large","max-video-preview":"max-video-preview:-1"},"canonical":"https:\/\/exparto.pl\/en\/produkt\/wal-przegubowy-wom-80cm-500nm-rura-krzyzak-27x745-6-6-sprzeglo-z-kolkiem\/","og_locale":"en_US","og_type":"article","og_title":"PTO articulated shaft, 80cm, 500Nm, triangle tube, cross shaft 27x74.5 6\/6 + pin coupling - Exparto.pl","og_description":"PTO shafts are used to transfer torque from the tractor's power take-off (PTO) to the power take-off shaft of the machine (WPM) that is attached to said tractor.","og_url":"https:\/\/exparto.pl\/en\/produkt\/wal-przegubowy-wom-80cm-500nm-rura-krzyzak-27x745-6-6-sprzeglo-z-kolkiem\/","og_site_name":"Exparto.pl","article_publisher":"https:\/\/www.facebook.com\/exparto.agro\/","og_image":[{"width":1000,"height":1000,"url":"https:\/\/exparto.pl\/wp-content\/uploads\/2025\/12\/b583fb6fdcab4086b3968a67e1e89ae5-1.jpg","type":"image\/jpeg"}],"twitter_card":"summary_large_image","twitter_misc":{"Est. reading time":"1 minute"},"schema":{"@context":"https:\/\/schema.org","@graph":[{"@type":"WebPage","@id":"https:\/\/exparto.pl\/en\/produkt\/wal-przegubowy-wom-80cm-500nm-rura-krzyzak-27x745-6-6-sprzeglo-z-kolkiem\/","url":"https:\/\/exparto.pl\/en\/produkt\/wal-przegubowy-wom-80cm-500nm-rura-krzyzak-27x745-6-6-sprzeglo-z-kolkiem\/","name":"PTO articulated shaft, 80cm, 500Nm, triangle tube, cross shaft 27x74.5 6\/6 + pin coupling - Exparto.pl","isPartOf":{"@id":"https:\/\/exparto.pl\/en\/#website"},"primaryImageOfPage":{"@id":"https:\/\/exparto.pl\/en\/produkt\/wal-przegubowy-wom-80cm-500nm-rura-krzyzak-27x745-6-6-sprzeglo-z-kolkiem\/#primaryimage"},"image":{"@id":"https:\/\/exparto.pl\/en\/produkt\/wal-przegubowy-wom-80cm-500nm-rura-krzyzak-27x745-6-6-sprzeglo-z-kolkiem\/#primaryimage"},"thumbnailUrl":"https:\/\/exparto.pl\/wp-content\/uploads\/2025\/12\/b583fb6fdcab4086b3968a67e1e89ae5-1.jpg","datePublished":"2023-02-28T11:16:06+00:00","breadcrumb":{"@id":"https:\/\/exparto.pl\/en\/produkt\/wal-przegubowy-wom-80cm-500nm-rura-krzyzak-27x745-6-6-sprzeglo-z-kolkiem\/#breadcrumb"},"inLanguage":"en-US","potentialAction":[{"@type":"ReadAction","target":["https:\/\/exparto.pl\/en\/produkt\/wal-przegubowy-wom-80cm-500nm-rura-krzyzak-27x745-6-6-sprzeglo-z-kolkiem\/"]}]},{"@type":"ImageObject","inLanguage":"en-US","@id":"https:\/\/exparto.pl\/en\/produkt\/wal-przegubowy-wom-80cm-500nm-rura-krzyzak-27x745-6-6-sprzeglo-z-kolkiem\/#primaryimage","url":"https:\/\/exparto.pl\/wp-content\/uploads\/2025\/12\/b583fb6fdcab4086b3968a67e1e89ae5-1.jpg","contentUrl":"https:\/\/exparto.pl\/wp-content\/uploads\/2025\/12\/b583fb6fdcab4086b3968a67e1e89ae5-1.jpg","width":1000,"height":1000},{"@type":"BreadcrumbList","@id":"https:\/\/exparto.pl\/en\/produkt\/wal-przegubowy-wom-80cm-500nm-rura-krzyzak-27x745-6-6-sprzeglo-z-kolkiem\/#breadcrumb","itemListElement":[{"@type":"ListItem","position":1,"name":"Homepage","item":"https:\/\/exparto.pl\/en\/homepage\/"},{"@type":"ListItem","position":2,"name":"Sklep","item":"https:\/\/exparto.pl\/sklep\/"},{"@type":"ListItem","position":3,"name":"Articulated telescopic shafts","item":"https:\/\/exparto.pl\/en\/product-category\/articulated-telescopic-shafts\/"},{"@type":"ListItem","position":4,"name":"Wa\u0142ki WOM ze sprz\u0119g\u0142em","item":"https:\/\/exparto.pl\/kategoria-produktu\/waly-przegubowo-teleskopowe\/walki-wom-ze-sprzeglem\/"},{"@type":"ListItem","position":5,"name":"Wa\u0142ki WOM ze sprz\u0119g\u0142em na \u015brub\u0119","item":"https:\/\/exparto.pl\/kategoria-produktu\/waly-przegubowo-teleskopowe\/walki-wom-ze-sprzeglem\/walki-wom-ze-sprzeglem-na-srube\/"},{"@type":"ListItem","position":6,"name":"PTO articulated shaft, 80cm, 500Nm, triangle tube, cross shaft 27&#215;74.5 6\/6 + pin coupling"}]},{"@type":"WebSite","@id":"https:\/\/exparto.pl\/en\/#website","url":"https:\/\/exparto.pl\/en\/","name":"EXPARTO","description":"More than agro parts","publisher":{"@id":"https:\/\/exparto.pl\/en\/#organization"},"potentialAction":[{"@type":"SearchAction","target":{"@type":"EntryPoint","urlTemplate":"https:\/\/exparto.pl\/en\/?s={search_term_string}"},"query-input":{"@type":"PropertyValueSpecification","valueRequired":true,"valueName":"search_term_string"}}],"inLanguage":"en-US"},{"@type":"Organization","@id":"https:\/\/exparto.pl\/en\/#organization","name":"EXPARTO","url":"https:\/\/exparto.pl\/en\/","logo":{"@type":"ImageObject","inLanguage":"en-US","@id":"https:\/\/exparto.pl\/en\/#\/schema\/logo\/image\/","url":"https:\/\/exparto.pl\/wp-content\/uploads\/2023\/02\/logo-wektor.png","contentUrl":"https:\/\/exparto.pl\/wp-content\/uploads\/2023\/02\/logo-wektor.png","width":1338,"height":143,"caption":"EXPARTO"},"image":{"@id":"https:\/\/exparto.pl\/en\/#\/schema\/logo\/image\/"},"sameAs":["https:\/\/www.facebook.com\/exparto.agro\/"]}]}},"_links":{"self":[{"href":"https:\/\/exparto.pl\/en\/wp-json\/wp\/v2\/product\/13628","targetHints":{"allow":["GET"]}}],"collection":[{"href":"https:\/\/exparto.pl\/en\/wp-json\/wp\/v2\/product"}],"about":[{"href":"https:\/\/exparto.pl\/en\/wp-json\/wp\/v2\/types\/product"}],"replies":[{"embeddable":true,"href":"https:\/\/exparto.pl\/en\/wp-json\/wp\/v2\/comments?post=13628"}],"wp:featuredmedia":[{"embeddable":true,"href":"https:\/\/exparto.pl\/en\/wp-json\/wp\/v2\/media\/60945"}],"wp:attachment":[{"href":"https:\/\/exparto.pl\/en\/wp-json\/wp\/v2\/media?parent=13628"}],"wp:term":[{"taxonomy":"product_brand","embeddable":true,"href":"https:\/\/exparto.pl\/en\/wp-json\/wp\/v2\/product_brand?post=13628"},{"taxonomy":"product_cat","embeddable":true,"href":"https:\/\/exparto.pl\/en\/wp-json\/wp\/v2\/product_cat?post=13628"},{"taxonomy":"product_tag","embeddable":true,"href":"https:\/\/exparto.pl\/en\/wp-json\/wp\/v2\/product_tag?post=13628"}],"curies":[{"name":"wp","href":"https:\/\/api.w.org\/{rel}","templated":true}]}}