{"id":14839,"date":"2023-11-16T15:53:20","date_gmt":"2023-11-16T14:53:20","guid":{"rendered":"https:\/\/exparto.pl\/produkt\/silownik-cylinder-teleskopowy-st4-1300-8t-kolyska\/"},"modified":"2026-03-26T10:01:21","modified_gmt":"2026-03-26T09:01:21","slug":"silownik-cylinder-teleskopowy-st4-1300-8t-kolyska","status":"publish","type":"product","link":"https:\/\/exparto.pl\/en\/produkt\/silownik-cylinder-teleskopowy-st4-1300-8t-kolyska\/","title":{"rendered":"Si\u0142ownik WYWROTU Cylinder Teleskopowy ST4-1300 8T + ko\u0142yska"},"content":{"rendered":"<p><span style=\"font-weight: 400\">Zale\u017cy Ci na bezpiecznym i wydajnym procesie wy\u0142adunku z przyczepu lub wywrotki? Kluczem jest dob\u00f3r odpowiedniej jako\u015bci si\u0142ownika wywrotu przyczepy. W asortymencie EXPARTO przygotowali\u015bmy dla Ciebie dedykowane rozwi\u0105zanie. <\/span><b>To si\u0142ownik hydrauliczny teleskopowy ST4<\/b><span style=\"font-weight: 400\">. Dowiedz si\u0119 wi\u0119cej o oferowanym przez nas produkcie.\u00a0\u00a0<\/span><\/p>\n<h2><span style=\"font-weight: 400\">Si\u0142ownik wywrotu przyczepy &#8211; teleskopowy hydrauliczny cylinder z ko\u0142ysk\u0105 st4, skok 1300 mm, 8t<\/span><\/h2>\n<p><b>Przede wszystkim dost\u0119pny w EXPARTO si\u0142ownik teleskopowy charakteryzuje si\u0119 wysok\u0105 jako\u015bci\u0105 wykonania<\/b><span style=\"font-weight: 400\">. To element mechanizmu wywrotu przyczepy, kt\u00f3ry powstaje z wytrzyma\u0142ych komponent\u00f3w. Dzi\u0119ki temu jest odporny na intensywn\u0105 eksploatacj\u0119, w tym przenoszenie ci\u0119\u017ckich \u0142adunk\u00f3w. <\/span><b>W przypadku si\u0142ownika ST4 skok t\u0142oka to 1300 mm, a maksymalny ud\u017awig to nawet 8 ton<\/b><span style=\"font-weight: 400\">. Dodatkowo produkt wyposa\u017cony jest w cylinder z ko\u0142ysk\u0105, kt\u00f3ra pasuje do wybranych si\u0142ownik\u00f3w z naszego asortymentu.<\/span><\/p>\n<p><b>Ten si\u0142ownik wywrotu z ko\u0142ysk\u0105 przeznaczony jest do stosowania w przyczepach i wywrotkach rolniczych oraz w maszynach<\/b><span style=\"font-weight: 400\">: budowlanych, przemys\u0142owych, g\u00f3rniczych i w pojazdach transportowych. Odpowiada on za sprawny wy\u0142adunek przewo\u017conych towar\u00f3w, w tym m.in. p\u0142od\u00f3w rolnych, ziemi, \u017cwiru, drewna czy te\u017c innych produkt\u00f3w. Pasuje do przyczepki z wywrotem na trzy strony takich jak:<\/span><\/p>\n<ul>\n<li style=\"font-weight: 400\"><span style=\"font-weight: 400\">D47<\/span><\/li>\n<li style=\"font-weight: 400\"><span style=\"font-weight: 400\">PRONAR: T-117, T-169, T-654, T-655, T669, T669\/1 i wiele wi\u0119cej.<\/span><\/li>\n<\/ul>\n<p class=\"MsoNormal\" style=\"text-align: justify\"><span style=\"font-weight: 400\">Ju\u017c dzi\u015b zadbaj o bezpieczn\u0105 eksploatacj\u0119 przyczep rolniczych w Twoim gospodarstwie. Skorzystaj z oferty przygotowanej przez naszych ekspert\u00f3w. W przypadku jakichkolwiek w\u0105tpliwo\u015bci skontaktuj si\u0119 z naszym przedstawicielem. <\/span><b>W EXPARTO znajdziesz modele si\u0142ownik\u00f3w, kt\u00f3rych potrzebujesz<\/b><span style=\"font-weight: 400\">. <\/span><\/p>\n","protected":false},"excerpt":{"rendered":"<p style=\"text-align: justify\"><span style=\"color: inherit\">Si\u0142owniki teleskopowe<\/span>\u00a0to charakterystyczny rodzaj\u00a0<span style=\"color: inherit\">si\u0142ownik\u00f3w hydraulicznych<\/span>. Zapewniaj\u0105 poprawne dzia\u0142anie mechanizmu nawet w najbardziej wymagaj\u0105cych warunkach eksploatacyjnych.<\/p>\n","protected":false},"featured_media":14829,"comment_status":"open","ping_status":"closed","template":"","meta":{"_acf_changed":false,"inline_featured_image":false},"product_brand":[],"product_cat":[50,89,740],"product_tag":[],"class_list":{"0":"post-14839","1":"product","2":"type-product","3":"status-publish","4":"has-post-thumbnail","6":"product_cat-czesci-do-przyczep","7":"product_cat-silowniki-teleskopowe","8":"product_cat-silowniki-wywrotu","10":"first","11":"instock","12":"taxable","13":"shipping-taxable","14":"purchasable","15":"product-type-simple"},"acf":[],"yoast_head":"<!-- This site is optimized with the Yoast SEO plugin v27.2 - https:\/\/yoast.com\/product\/yoast-seo-wordpress\/ -->\n<title>Si\u0142ownik WYWROTU Cylinder Teleskopowy ST4-1300 8T + ko\u0142yska - Exparto.pl<\/title>\n<meta name=\"robots\" content=\"index, follow, max-snippet:-1, max-image-preview:large, max-video-preview:-1\" \/>\n<link rel=\"canonical\" href=\"https:\/\/exparto.pl\/en\/produkt\/silownik-cylinder-teleskopowy-st4-1300-8t-kolyska\/\" \/>\n<meta property=\"og:locale\" content=\"en_US\" \/>\n<meta property=\"og:type\" content=\"article\" \/>\n<meta property=\"og:title\" content=\"Si\u0142ownik WYWROTU Cylinder Teleskopowy ST4-1300 8T + ko\u0142yska - Exparto.pl\" \/>\n<meta property=\"og:description\" content=\"Si\u0142owniki teleskopowe\u00a0to charakterystyczny rodzaj\u00a0si\u0142ownik\u00f3w hydraulicznych. Zapewniaj\u0105 poprawne dzia\u0142anie mechanizmu nawet w najbardziej wymagaj\u0105cych warunkach eksploatacyjnych.\" \/>\n<meta property=\"og:url\" content=\"https:\/\/exparto.pl\/en\/produkt\/silownik-cylinder-teleskopowy-st4-1300-8t-kolyska\/\" \/>\n<meta property=\"og:site_name\" content=\"Exparto.pl\" \/>\n<meta property=\"article:publisher\" content=\"https:\/\/www.facebook.com\/exparto.agro\/\" \/>\n<meta property=\"article:modified_time\" content=\"2026-03-26T09:01:21+00:00\" \/>\n<meta property=\"og:image\" content=\"https:\/\/exparto.pl\/wp-content\/uploads\/2023\/11\/55ce689daabbbfc8a5e0028c6f97c3f5.jpg\" \/>\n\t<meta property=\"og:image:width\" content=\"1000\" \/>\n\t<meta property=\"og:image:height\" content=\"1000\" \/>\n\t<meta property=\"og:image:type\" content=\"image\/jpeg\" \/>\n<meta name=\"twitter:card\" content=\"summary_large_image\" \/>\n<meta name=\"twitter:label1\" content=\"Est. reading time\" \/>\n\t<meta name=\"twitter:data1\" content=\"2 minutes\" \/>\n<script type=\"application\/ld+json\" class=\"yoast-schema-graph\">{\"@context\":\"https:\/\/schema.org\",\"@graph\":[{\"@type\":\"WebPage\",\"@id\":\"https:\/\/exparto.pl\/en\/produkt\/silownik-cylinder-teleskopowy-st4-1300-8t-kolyska\/\",\"url\":\"https:\/\/exparto.pl\/en\/produkt\/silownik-cylinder-teleskopowy-st4-1300-8t-kolyska\/\",\"name\":\"Si\u0142ownik WYWROTU Cylinder Teleskopowy ST4-1300 8T + ko\u0142yska - Exparto.pl\",\"isPartOf\":{\"@id\":\"https:\/\/exparto.pl\/en\/#website\"},\"primaryImageOfPage\":{\"@id\":\"https:\/\/exparto.pl\/en\/produkt\/silownik-cylinder-teleskopowy-st4-1300-8t-kolyska\/#primaryimage\"},\"image\":{\"@id\":\"https:\/\/exparto.pl\/en\/produkt\/silownik-cylinder-teleskopowy-st4-1300-8t-kolyska\/#primaryimage\"},\"thumbnailUrl\":\"https:\/\/exparto.pl\/wp-content\/uploads\/2023\/11\/55ce689daabbbfc8a5e0028c6f97c3f5.jpg\",\"datePublished\":\"2023-11-16T14:53:20+00:00\",\"dateModified\":\"2026-03-26T09:01:21+00:00\",\"breadcrumb\":{\"@id\":\"https:\/\/exparto.pl\/en\/produkt\/silownik-cylinder-teleskopowy-st4-1300-8t-kolyska\/#breadcrumb\"},\"inLanguage\":\"en-US\",\"potentialAction\":[{\"@type\":\"ReadAction\",\"target\":[\"https:\/\/exparto.pl\/en\/produkt\/silownik-cylinder-teleskopowy-st4-1300-8t-kolyska\/\"]}]},{\"@type\":\"ImageObject\",\"inLanguage\":\"en-US\",\"@id\":\"https:\/\/exparto.pl\/en\/produkt\/silownik-cylinder-teleskopowy-st4-1300-8t-kolyska\/#primaryimage\",\"url\":\"https:\/\/exparto.pl\/wp-content\/uploads\/2023\/11\/55ce689daabbbfc8a5e0028c6f97c3f5.jpg\",\"contentUrl\":\"https:\/\/exparto.pl\/wp-content\/uploads\/2023\/11\/55ce689daabbbfc8a5e0028c6f97c3f5.jpg\",\"width\":1000,\"height\":1000},{\"@type\":\"BreadcrumbList\",\"@id\":\"https:\/\/exparto.pl\/en\/produkt\/silownik-cylinder-teleskopowy-st4-1300-8t-kolyska\/#breadcrumb\",\"itemListElement\":[{\"@type\":\"ListItem\",\"position\":1,\"name\":\"Homepage\",\"item\":\"https:\/\/exparto.pl\/en\/homepage\/\"},{\"@type\":\"ListItem\",\"position\":2,\"name\":\"Sklep\",\"item\":\"https:\/\/exparto.pl\/sklep\/\"},{\"@type\":\"ListItem\",\"position\":3,\"name\":\"Trailer parts\",\"item\":\"https:\/\/exparto.pl\/en\/product-category\/trailer-parts\/\"},{\"@type\":\"ListItem\",\"position\":4,\"name\":\"Si\u0142owniki wywrotu do przyczepy\",\"item\":\"https:\/\/exparto.pl\/kategoria-produktu\/czesci-do-przyczep\/silowniki-wywrotu\/\"},{\"@type\":\"ListItem\",\"position\":5,\"name\":\"Si\u0142ownik WYWROTU Cylinder Teleskopowy ST4-1300 8T + ko\u0142yska\"}]},{\"@type\":\"WebSite\",\"@id\":\"https:\/\/exparto.pl\/en\/#website\",\"url\":\"https:\/\/exparto.pl\/en\/\",\"name\":\"EXPARTO\",\"description\":\"More than agro parts\",\"publisher\":{\"@id\":\"https:\/\/exparto.pl\/en\/#organization\"},\"potentialAction\":[{\"@type\":\"SearchAction\",\"target\":{\"@type\":\"EntryPoint\",\"urlTemplate\":\"https:\/\/exparto.pl\/en\/?s={search_term_string}\"},\"query-input\":{\"@type\":\"PropertyValueSpecification\",\"valueRequired\":true,\"valueName\":\"search_term_string\"}}],\"inLanguage\":\"en-US\"},{\"@type\":\"Organization\",\"@id\":\"https:\/\/exparto.pl\/en\/#organization\",\"name\":\"EXPARTO\",\"url\":\"https:\/\/exparto.pl\/en\/\",\"logo\":{\"@type\":\"ImageObject\",\"inLanguage\":\"en-US\",\"@id\":\"https:\/\/exparto.pl\/en\/#\/schema\/logo\/image\/\",\"url\":\"https:\/\/exparto.pl\/wp-content\/uploads\/2023\/02\/logo-wektor.png\",\"contentUrl\":\"https:\/\/exparto.pl\/wp-content\/uploads\/2023\/02\/logo-wektor.png\",\"width\":1338,\"height\":143,\"caption\":\"EXPARTO\"},\"image\":{\"@id\":\"https:\/\/exparto.pl\/en\/#\/schema\/logo\/image\/\"},\"sameAs\":[\"https:\/\/www.facebook.com\/exparto.agro\/\"]}]}<\/script>\n<!-- \/ Yoast SEO plugin. -->","yoast_head_json":{"title":"Si\u0142ownik WYWROTU Cylinder Teleskopowy ST4-1300 8T + ko\u0142yska - Exparto.pl","robots":{"index":"index","follow":"follow","max-snippet":"max-snippet:-1","max-image-preview":"max-image-preview:large","max-video-preview":"max-video-preview:-1"},"canonical":"https:\/\/exparto.pl\/en\/produkt\/silownik-cylinder-teleskopowy-st4-1300-8t-kolyska\/","og_locale":"en_US","og_type":"article","og_title":"Si\u0142ownik WYWROTU Cylinder Teleskopowy ST4-1300 8T + ko\u0142yska - Exparto.pl","og_description":"Si\u0142owniki teleskopowe\u00a0to charakterystyczny rodzaj\u00a0si\u0142ownik\u00f3w hydraulicznych. Zapewniaj\u0105 poprawne dzia\u0142anie mechanizmu nawet w najbardziej wymagaj\u0105cych warunkach eksploatacyjnych.","og_url":"https:\/\/exparto.pl\/en\/produkt\/silownik-cylinder-teleskopowy-st4-1300-8t-kolyska\/","og_site_name":"Exparto.pl","article_publisher":"https:\/\/www.facebook.com\/exparto.agro\/","article_modified_time":"2026-03-26T09:01:21+00:00","og_image":[{"width":1000,"height":1000,"url":"https:\/\/exparto.pl\/wp-content\/uploads\/2023\/11\/55ce689daabbbfc8a5e0028c6f97c3f5.jpg","type":"image\/jpeg"}],"twitter_card":"summary_large_image","twitter_misc":{"Est. reading time":"2 minutes"},"schema":{"@context":"https:\/\/schema.org","@graph":[{"@type":"WebPage","@id":"https:\/\/exparto.pl\/en\/produkt\/silownik-cylinder-teleskopowy-st4-1300-8t-kolyska\/","url":"https:\/\/exparto.pl\/en\/produkt\/silownik-cylinder-teleskopowy-st4-1300-8t-kolyska\/","name":"Si\u0142ownik WYWROTU Cylinder Teleskopowy ST4-1300 8T + ko\u0142yska - Exparto.pl","isPartOf":{"@id":"https:\/\/exparto.pl\/en\/#website"},"primaryImageOfPage":{"@id":"https:\/\/exparto.pl\/en\/produkt\/silownik-cylinder-teleskopowy-st4-1300-8t-kolyska\/#primaryimage"},"image":{"@id":"https:\/\/exparto.pl\/en\/produkt\/silownik-cylinder-teleskopowy-st4-1300-8t-kolyska\/#primaryimage"},"thumbnailUrl":"https:\/\/exparto.pl\/wp-content\/uploads\/2023\/11\/55ce689daabbbfc8a5e0028c6f97c3f5.jpg","datePublished":"2023-11-16T14:53:20+00:00","dateModified":"2026-03-26T09:01:21+00:00","breadcrumb":{"@id":"https:\/\/exparto.pl\/en\/produkt\/silownik-cylinder-teleskopowy-st4-1300-8t-kolyska\/#breadcrumb"},"inLanguage":"en-US","potentialAction":[{"@type":"ReadAction","target":["https:\/\/exparto.pl\/en\/produkt\/silownik-cylinder-teleskopowy-st4-1300-8t-kolyska\/"]}]},{"@type":"ImageObject","inLanguage":"en-US","@id":"https:\/\/exparto.pl\/en\/produkt\/silownik-cylinder-teleskopowy-st4-1300-8t-kolyska\/#primaryimage","url":"https:\/\/exparto.pl\/wp-content\/uploads\/2023\/11\/55ce689daabbbfc8a5e0028c6f97c3f5.jpg","contentUrl":"https:\/\/exparto.pl\/wp-content\/uploads\/2023\/11\/55ce689daabbbfc8a5e0028c6f97c3f5.jpg","width":1000,"height":1000},{"@type":"BreadcrumbList","@id":"https:\/\/exparto.pl\/en\/produkt\/silownik-cylinder-teleskopowy-st4-1300-8t-kolyska\/#breadcrumb","itemListElement":[{"@type":"ListItem","position":1,"name":"Homepage","item":"https:\/\/exparto.pl\/en\/homepage\/"},{"@type":"ListItem","position":2,"name":"Sklep","item":"https:\/\/exparto.pl\/sklep\/"},{"@type":"ListItem","position":3,"name":"Trailer parts","item":"https:\/\/exparto.pl\/en\/product-category\/trailer-parts\/"},{"@type":"ListItem","position":4,"name":"Si\u0142owniki wywrotu do przyczepy","item":"https:\/\/exparto.pl\/kategoria-produktu\/czesci-do-przyczep\/silowniki-wywrotu\/"},{"@type":"ListItem","position":5,"name":"Si\u0142ownik WYWROTU Cylinder Teleskopowy ST4-1300 8T + ko\u0142yska"}]},{"@type":"WebSite","@id":"https:\/\/exparto.pl\/en\/#website","url":"https:\/\/exparto.pl\/en\/","name":"EXPARTO","description":"More than agro parts","publisher":{"@id":"https:\/\/exparto.pl\/en\/#organization"},"potentialAction":[{"@type":"SearchAction","target":{"@type":"EntryPoint","urlTemplate":"https:\/\/exparto.pl\/en\/?s={search_term_string}"},"query-input":{"@type":"PropertyValueSpecification","valueRequired":true,"valueName":"search_term_string"}}],"inLanguage":"en-US"},{"@type":"Organization","@id":"https:\/\/exparto.pl\/en\/#organization","name":"EXPARTO","url":"https:\/\/exparto.pl\/en\/","logo":{"@type":"ImageObject","inLanguage":"en-US","@id":"https:\/\/exparto.pl\/en\/#\/schema\/logo\/image\/","url":"https:\/\/exparto.pl\/wp-content\/uploads\/2023\/02\/logo-wektor.png","contentUrl":"https:\/\/exparto.pl\/wp-content\/uploads\/2023\/02\/logo-wektor.png","width":1338,"height":143,"caption":"EXPARTO"},"image":{"@id":"https:\/\/exparto.pl\/en\/#\/schema\/logo\/image\/"},"sameAs":["https:\/\/www.facebook.com\/exparto.agro\/"]}]}},"_links":{"self":[{"href":"https:\/\/exparto.pl\/en\/wp-json\/wp\/v2\/product\/14839","targetHints":{"allow":["GET"]}}],"collection":[{"href":"https:\/\/exparto.pl\/en\/wp-json\/wp\/v2\/product"}],"about":[{"href":"https:\/\/exparto.pl\/en\/wp-json\/wp\/v2\/types\/product"}],"replies":[{"embeddable":true,"href":"https:\/\/exparto.pl\/en\/wp-json\/wp\/v2\/comments?post=14839"}],"wp:featuredmedia":[{"embeddable":true,"href":"https:\/\/exparto.pl\/en\/wp-json\/wp\/v2\/media\/14829"}],"wp:attachment":[{"href":"https:\/\/exparto.pl\/en\/wp-json\/wp\/v2\/media?parent=14839"}],"wp:term":[{"taxonomy":"product_brand","embeddable":true,"href":"https:\/\/exparto.pl\/en\/wp-json\/wp\/v2\/product_brand?post=14839"},{"taxonomy":"product_cat","embeddable":true,"href":"https:\/\/exparto.pl\/en\/wp-json\/wp\/v2\/product_cat?post=14839"},{"taxonomy":"product_tag","embeddable":true,"href":"https:\/\/exparto.pl\/en\/wp-json\/wp\/v2\/product_tag?post=14839"}],"curies":[{"name":"wp","href":"https:\/\/api.w.org\/{rel}","templated":true}]}}