{"id":15258,"date":"2023-11-28T14:44:19","date_gmt":"2023-11-28T13:44:19","guid":{"rendered":"https:\/\/exparto.pl\/produkt\/kantar-dla-bydla-rozmiar-2\/"},"modified":"2026-04-01T15:40:39","modified_gmt":"2026-04-01T13:40:39","slug":"kantar-dla-bydla-rozmiar-2","status":"publish","type":"product","link":"https:\/\/exparto.pl\/en\/produkt\/kantar-dla-bydla-rozmiar-2\/","title":{"rendered":"Kantar dla byd\u0142a rozmiar- 2"},"content":{"rendered":"<p><span style=\"font-weight: 400;\">Ma\u0142y kantar dla byd\u0142a (numer katalogowy <\/span><span style=\"font-weight: 400;\">CZR01627) jest wykorzystywany do prowadzenia i przywi\u0105zywania zwierz\u0105t gospodarskich. Sprawdzi si\u0119 np. podczas wykonywania r\u00f3\u017cnego rodzaju zabieg\u00f3w piel\u0119gnacyjnych. <\/span><b>Kantar dla byd\u0142a rozmiar 2 &#8211; ma\u0142y kantar dla konia, krowy, ciel\u0105t jest niezb\u0119dnym akcesorium w praktycznie ka\u017cdym gospodarstwie rolnym.<\/b><\/p>\n<h2><span style=\"font-weight: 400;\">Kantar dla byd\u0142a rozmiar 2 &#8211; ma\u0142y kantar dla konia, krowy, ciel\u0105t<\/span><\/h2>\n<p><span style=\"font-weight: 400;\">Produkt dost\u0119pny w naszej ofercie stanowi cz\u0119\u015b\u0107 uprz\u0119\u017cy. <\/span><b>Kantar dla konia zak\u0142ada si\u0119 na g\u0142ow\u0119, dzi\u0119ki czemu mo\u017cna uzyska\u0107 pe\u0142n\u0105 kontrol\u0119 nad zwierz\u0119ciem w trakcie prowadzenia i z\u0142apa\u0107 go w razie potrzeby. <\/b><span style=\"font-weight: 400;\">Kantar dla byd\u0142a rozmiar 2 posiada wygodn\u0105 regulacj\u0119 w szerokim zakresie. Oznacza to, \u017ce mo\u017cna bez problemu dopasowa\u0107 go do danego osobnika.<\/span><\/p>\n<p><span style=\"font-weight: 400;\">Kantar dla ciel\u0105t, dla krowy i dla kucyka jest wykonany z bardzo mocnego tworzywa sztucznego. <\/span><b>Materia\u0142 wyr\u00f3\u017cnia si\u0119 odporno\u015bci\u0105 na uszkodzenia, dlatego bez problemu pos\u0142u\u017cy przez d<\/b><b>\u0142ugi czas. <\/b><span style=\"font-weight: 400;\">Poza tym kantar dla byd\u0142a i dla \u017arebaka jest odpowiednio mi\u0119kki od wewn\u0119trznej strony i nie powoduje otar\u0107 oraz odparze\u0144.<\/span><\/p>\n","protected":false},"excerpt":{"rendered":"<p style=\"text-align: justify;\">Kantar dla ciel\u0105t, kr\u00f3w i m\u0142odego byd\u0142a rozmiar- 2<\/p>\n","protected":false},"featured_media":15243,"comment_status":"open","ping_status":"closed","template":"","meta":{"_acf_changed":false,"inline_featured_image":false},"product_brand":[],"product_cat":[314,725],"product_tag":[],"class_list":{"0":"post-15258","1":"product","2":"type-product","3":"status-publish","4":"has-post-thumbnail","6":"product_cat-tenyesztes","7":"product_cat-kantary","9":"first","10":"instock","11":"taxable","12":"shipping-taxable","13":"purchasable","14":"product-type-simple"},"acf":[],"yoast_head":"<!-- This site is optimized with the Yoast SEO plugin v27.3 - https:\/\/yoast.com\/product\/yoast-seo-wordpress\/ -->\n<title>Kantar dla byd\u0142a rozmiar- 2 - Exparto.pl<\/title>\n<meta name=\"robots\" content=\"index, follow, max-snippet:-1, max-image-preview:large, max-video-preview:-1\" \/>\n<link rel=\"canonical\" href=\"https:\/\/exparto.pl\/en\/produkt\/kantar-dla-bydla-rozmiar-2\/\" \/>\n<meta property=\"og:locale\" content=\"en_US\" \/>\n<meta property=\"og:type\" content=\"article\" \/>\n<meta property=\"og:title\" content=\"Kantar dla byd\u0142a rozmiar- 2 - Exparto.pl\" \/>\n<meta property=\"og:description\" content=\"Kantar dla ciel\u0105t, kr\u00f3w i m\u0142odego byd\u0142a rozmiar- 2\" \/>\n<meta property=\"og:url\" content=\"https:\/\/exparto.pl\/en\/produkt\/kantar-dla-bydla-rozmiar-2\/\" \/>\n<meta property=\"og:site_name\" content=\"Exparto.pl\" \/>\n<meta property=\"article:publisher\" content=\"https:\/\/www.facebook.com\/exparto.agro\/\" \/>\n<meta property=\"article:modified_time\" content=\"2026-04-01T13:40:39+00:00\" \/>\n<meta property=\"og:image\" content=\"https:\/\/exparto.pl\/wp-content\/uploads\/2023\/11\/7c356fb5d0494dd2ed4569a57f2505d2.jpg\" \/>\n\t<meta property=\"og:image:width\" content=\"1000\" \/>\n\t<meta property=\"og:image:height\" content=\"1000\" \/>\n\t<meta property=\"og:image:type\" content=\"image\/jpeg\" \/>\n<meta name=\"twitter:card\" content=\"summary_large_image\" \/>\n<meta name=\"twitter:label1\" content=\"Est. reading time\" \/>\n\t<meta name=\"twitter:data1\" content=\"2 minutes\" \/>\n<script type=\"application\/ld+json\" class=\"yoast-schema-graph\">{\"@context\":\"https:\\\/\\\/schema.org\",\"@graph\":[{\"@type\":\"WebPage\",\"@id\":\"https:\\\/\\\/exparto.pl\\\/en\\\/produkt\\\/kantar-dla-bydla-rozmiar-2\\\/\",\"url\":\"https:\\\/\\\/exparto.pl\\\/en\\\/produkt\\\/kantar-dla-bydla-rozmiar-2\\\/\",\"name\":\"Kantar dla byd\u0142a rozmiar- 2 - Exparto.pl\",\"isPartOf\":{\"@id\":\"https:\\\/\\\/exparto.pl\\\/en\\\/#website\"},\"primaryImageOfPage\":{\"@id\":\"https:\\\/\\\/exparto.pl\\\/en\\\/produkt\\\/kantar-dla-bydla-rozmiar-2\\\/#primaryimage\"},\"image\":{\"@id\":\"https:\\\/\\\/exparto.pl\\\/en\\\/produkt\\\/kantar-dla-bydla-rozmiar-2\\\/#primaryimage\"},\"thumbnailUrl\":\"https:\\\/\\\/exparto.pl\\\/wp-content\\\/uploads\\\/2023\\\/11\\\/7c356fb5d0494dd2ed4569a57f2505d2.jpg\",\"datePublished\":\"2023-11-28T13:44:19+00:00\",\"dateModified\":\"2026-04-01T13:40:39+00:00\",\"breadcrumb\":{\"@id\":\"https:\\\/\\\/exparto.pl\\\/en\\\/produkt\\\/kantar-dla-bydla-rozmiar-2\\\/#breadcrumb\"},\"inLanguage\":\"en-US\",\"potentialAction\":[{\"@type\":\"ReadAction\",\"target\":[\"https:\\\/\\\/exparto.pl\\\/en\\\/produkt\\\/kantar-dla-bydla-rozmiar-2\\\/\"]}]},{\"@type\":\"ImageObject\",\"inLanguage\":\"en-US\",\"@id\":\"https:\\\/\\\/exparto.pl\\\/en\\\/produkt\\\/kantar-dla-bydla-rozmiar-2\\\/#primaryimage\",\"url\":\"https:\\\/\\\/exparto.pl\\\/wp-content\\\/uploads\\\/2023\\\/11\\\/7c356fb5d0494dd2ed4569a57f2505d2.jpg\",\"contentUrl\":\"https:\\\/\\\/exparto.pl\\\/wp-content\\\/uploads\\\/2023\\\/11\\\/7c356fb5d0494dd2ed4569a57f2505d2.jpg\",\"width\":1000,\"height\":1000},{\"@type\":\"BreadcrumbList\",\"@id\":\"https:\\\/\\\/exparto.pl\\\/en\\\/produkt\\\/kantar-dla-bydla-rozmiar-2\\\/#breadcrumb\",\"itemListElement\":[{\"@type\":\"ListItem\",\"position\":1,\"name\":\"Homepage\",\"item\":\"https:\\\/\\\/exparto.pl\\\/en\\\/homepage\\\/\"},{\"@type\":\"ListItem\",\"position\":2,\"name\":\"Sklep\",\"item\":\"https:\\\/\\\/exparto.pl\\\/sklep\\\/\"},{\"@type\":\"ListItem\",\"position\":3,\"name\":\"Breeding\",\"item\":\"https:\\\/\\\/exparto.pl\\\/en\\\/product-category\\\/breeding\\\/\"},{\"@type\":\"ListItem\",\"position\":4,\"name\":\"Kantar dla byd\u0142a rozmiar- 2\"}]},{\"@type\":\"WebSite\",\"@id\":\"https:\\\/\\\/exparto.pl\\\/en\\\/#website\",\"url\":\"https:\\\/\\\/exparto.pl\\\/en\\\/\",\"name\":\"EXPARTO\",\"description\":\"More than agro parts\",\"publisher\":{\"@id\":\"https:\\\/\\\/exparto.pl\\\/en\\\/#organization\"},\"potentialAction\":[{\"@type\":\"SearchAction\",\"target\":{\"@type\":\"EntryPoint\",\"urlTemplate\":\"https:\\\/\\\/exparto.pl\\\/en\\\/?s={search_term_string}\"},\"query-input\":{\"@type\":\"PropertyValueSpecification\",\"valueRequired\":true,\"valueName\":\"search_term_string\"}}],\"inLanguage\":\"en-US\"},{\"@type\":\"Organization\",\"@id\":\"https:\\\/\\\/exparto.pl\\\/en\\\/#organization\",\"name\":\"EXPARTO\",\"url\":\"https:\\\/\\\/exparto.pl\\\/en\\\/\",\"logo\":{\"@type\":\"ImageObject\",\"inLanguage\":\"en-US\",\"@id\":\"https:\\\/\\\/exparto.pl\\\/en\\\/#\\\/schema\\\/logo\\\/image\\\/\",\"url\":\"https:\\\/\\\/exparto.pl\\\/wp-content\\\/uploads\\\/2023\\\/02\\\/logo-wektor.png\",\"contentUrl\":\"https:\\\/\\\/exparto.pl\\\/wp-content\\\/uploads\\\/2023\\\/02\\\/logo-wektor.png\",\"width\":1338,\"height\":143,\"caption\":\"EXPARTO\"},\"image\":{\"@id\":\"https:\\\/\\\/exparto.pl\\\/en\\\/#\\\/schema\\\/logo\\\/image\\\/\"},\"sameAs\":[\"https:\\\/\\\/www.facebook.com\\\/exparto.agro\\\/\"]}]}<\/script>\n<!-- \/ Yoast SEO plugin. -->","yoast_head_json":{"title":"Kantar dla byd\u0142a rozmiar- 2 - Exparto.pl","robots":{"index":"index","follow":"follow","max-snippet":"max-snippet:-1","max-image-preview":"max-image-preview:large","max-video-preview":"max-video-preview:-1"},"canonical":"https:\/\/exparto.pl\/en\/produkt\/kantar-dla-bydla-rozmiar-2\/","og_locale":"en_US","og_type":"article","og_title":"Kantar dla byd\u0142a rozmiar- 2 - Exparto.pl","og_description":"Kantar dla ciel\u0105t, kr\u00f3w i m\u0142odego byd\u0142a rozmiar- 2","og_url":"https:\/\/exparto.pl\/en\/produkt\/kantar-dla-bydla-rozmiar-2\/","og_site_name":"Exparto.pl","article_publisher":"https:\/\/www.facebook.com\/exparto.agro\/","article_modified_time":"2026-04-01T13:40:39+00:00","og_image":[{"width":1000,"height":1000,"url":"https:\/\/exparto.pl\/wp-content\/uploads\/2023\/11\/7c356fb5d0494dd2ed4569a57f2505d2.jpg","type":"image\/jpeg"}],"twitter_card":"summary_large_image","twitter_misc":{"Est. reading time":"2 minutes"},"schema":{"@context":"https:\/\/schema.org","@graph":[{"@type":"WebPage","@id":"https:\/\/exparto.pl\/en\/produkt\/kantar-dla-bydla-rozmiar-2\/","url":"https:\/\/exparto.pl\/en\/produkt\/kantar-dla-bydla-rozmiar-2\/","name":"Kantar dla byd\u0142a rozmiar- 2 - Exparto.pl","isPartOf":{"@id":"https:\/\/exparto.pl\/en\/#website"},"primaryImageOfPage":{"@id":"https:\/\/exparto.pl\/en\/produkt\/kantar-dla-bydla-rozmiar-2\/#primaryimage"},"image":{"@id":"https:\/\/exparto.pl\/en\/produkt\/kantar-dla-bydla-rozmiar-2\/#primaryimage"},"thumbnailUrl":"https:\/\/exparto.pl\/wp-content\/uploads\/2023\/11\/7c356fb5d0494dd2ed4569a57f2505d2.jpg","datePublished":"2023-11-28T13:44:19+00:00","dateModified":"2026-04-01T13:40:39+00:00","breadcrumb":{"@id":"https:\/\/exparto.pl\/en\/produkt\/kantar-dla-bydla-rozmiar-2\/#breadcrumb"},"inLanguage":"en-US","potentialAction":[{"@type":"ReadAction","target":["https:\/\/exparto.pl\/en\/produkt\/kantar-dla-bydla-rozmiar-2\/"]}]},{"@type":"ImageObject","inLanguage":"en-US","@id":"https:\/\/exparto.pl\/en\/produkt\/kantar-dla-bydla-rozmiar-2\/#primaryimage","url":"https:\/\/exparto.pl\/wp-content\/uploads\/2023\/11\/7c356fb5d0494dd2ed4569a57f2505d2.jpg","contentUrl":"https:\/\/exparto.pl\/wp-content\/uploads\/2023\/11\/7c356fb5d0494dd2ed4569a57f2505d2.jpg","width":1000,"height":1000},{"@type":"BreadcrumbList","@id":"https:\/\/exparto.pl\/en\/produkt\/kantar-dla-bydla-rozmiar-2\/#breadcrumb","itemListElement":[{"@type":"ListItem","position":1,"name":"Homepage","item":"https:\/\/exparto.pl\/en\/homepage\/"},{"@type":"ListItem","position":2,"name":"Sklep","item":"https:\/\/exparto.pl\/sklep\/"},{"@type":"ListItem","position":3,"name":"Breeding","item":"https:\/\/exparto.pl\/en\/product-category\/breeding\/"},{"@type":"ListItem","position":4,"name":"Kantar dla byd\u0142a rozmiar- 2"}]},{"@type":"WebSite","@id":"https:\/\/exparto.pl\/en\/#website","url":"https:\/\/exparto.pl\/en\/","name":"EXPARTO","description":"More than agro parts","publisher":{"@id":"https:\/\/exparto.pl\/en\/#organization"},"potentialAction":[{"@type":"SearchAction","target":{"@type":"EntryPoint","urlTemplate":"https:\/\/exparto.pl\/en\/?s={search_term_string}"},"query-input":{"@type":"PropertyValueSpecification","valueRequired":true,"valueName":"search_term_string"}}],"inLanguage":"en-US"},{"@type":"Organization","@id":"https:\/\/exparto.pl\/en\/#organization","name":"EXPARTO","url":"https:\/\/exparto.pl\/en\/","logo":{"@type":"ImageObject","inLanguage":"en-US","@id":"https:\/\/exparto.pl\/en\/#\/schema\/logo\/image\/","url":"https:\/\/exparto.pl\/wp-content\/uploads\/2023\/02\/logo-wektor.png","contentUrl":"https:\/\/exparto.pl\/wp-content\/uploads\/2023\/02\/logo-wektor.png","width":1338,"height":143,"caption":"EXPARTO"},"image":{"@id":"https:\/\/exparto.pl\/en\/#\/schema\/logo\/image\/"},"sameAs":["https:\/\/www.facebook.com\/exparto.agro\/"]}]}},"_links":{"self":[{"href":"https:\/\/exparto.pl\/en\/wp-json\/wp\/v2\/product\/15258","targetHints":{"allow":["GET"]}}],"collection":[{"href":"https:\/\/exparto.pl\/en\/wp-json\/wp\/v2\/product"}],"about":[{"href":"https:\/\/exparto.pl\/en\/wp-json\/wp\/v2\/types\/product"}],"replies":[{"embeddable":true,"href":"https:\/\/exparto.pl\/en\/wp-json\/wp\/v2\/comments?post=15258"}],"wp:featuredmedia":[{"embeddable":true,"href":"https:\/\/exparto.pl\/en\/wp-json\/wp\/v2\/media\/15243"}],"wp:attachment":[{"href":"https:\/\/exparto.pl\/en\/wp-json\/wp\/v2\/media?parent=15258"}],"wp:term":[{"taxonomy":"product_brand","embeddable":true,"href":"https:\/\/exparto.pl\/en\/wp-json\/wp\/v2\/product_brand?post=15258"},{"taxonomy":"product_cat","embeddable":true,"href":"https:\/\/exparto.pl\/en\/wp-json\/wp\/v2\/product_cat?post=15258"},{"taxonomy":"product_tag","embeddable":true,"href":"https:\/\/exparto.pl\/en\/wp-json\/wp\/v2\/product_tag?post=15258"}],"curies":[{"name":"wp","href":"https:\/\/api.w.org\/{rel}","templated":true}]}}