{"id":15306,"date":"2023-11-28T14:46:14","date_gmt":"2023-11-28T13:46:14","guid":{"rendered":"https:\/\/exparto.pl\/produkt\/kantar-dla-bydla-rozmiar-5\/"},"modified":"2026-04-12T14:00:10","modified_gmt":"2026-04-12T12:00:10","slug":"kantar-dla-bydla-rozmiar-5","status":"publish","type":"product","link":"https:\/\/exparto.pl\/en\/produkt\/kantar-dla-bydla-rozmiar-5\/","title":{"rendered":"Kantar dla byd\u0142a rozmiar- 5"},"content":{"rendered":"<p><span style=\"font-weight: 400;\">Kantar dla byd\u0142a rozmiar 5 (numer katalogowy <\/span><span style=\"font-weight: 400;\">CZR01630)<\/span><span style=\"font-weight: 400;\"> to akcesorium, kt\u00f3re oka\u017ce si\u0119 przydatne w ka\u017cdym gospodarstwie, gdzie hodowane s\u0105 zwierz\u0119ta. <\/span><b>Stanowi cz\u0119\u015b\u0107 uprz\u0119\u017cy, kt\u00f3r\u0105 zak\u0142ada si\u0119 go na g\u0142ow\u0119.<\/b><span style=\"font-weight: 400;\"> Kantar dla byd\u0142a rozmiar 5 &#8211; ma\u0142y kantar dla konia, krowy, ciel\u0105t zosta\u0142 wykonany z wysokiej jako\u015bci tworzywa sztucznego, dzi\u0119ki czemu jest odporny na uszkodzenia mechaniczne i bardzo wytrzyma\u0142y.<\/span><\/p>\n<h2><span style=\"font-weight: 400;\">Kantar dla byd\u0142a rozmiar 5 &#8211; ma\u0142y kantar dla konia, krowy, ciel\u0105t<\/span><\/h2>\n<p><span style=\"font-weight: 400;\">W naszej ofercie znajduje si\u0119 kantar dla ciel\u0105t wyposa\u017cony w klamr\u0119 z zapi\u0119ciem. Zapobiega ona przypadkowemu odpi\u0119ciu i zwi\u0119ksza bezpiecze\u0144stwo u\u017cytkowania. <\/span><b>Poza tym ma\u0142y kantar dla byd\u0142a posiada regulacj\u0119 w szerokim zakresie, co u\u0142atwia jego dopasowanie.<\/b><\/p>\n<p><p style=\"text-align: justify;\"><span style=\"font-weight: 400;\">Akcesorium jest stosowane m.in. podczas zabieg<\/span>\u00f3w piel\u0119gnacyjnych oraz wtedy, gdy trzeba z\u0142apa\u0107 danego osobnika. <b>Kantar dla konia, krowy i kucyka pozwala na bezpieczne i w pe\u0142ni kontrolowane prowadzenie zwierz\u0105t.<\/b><span style=\"font-weight: 400;\"> Poza tym umo\u017cliwia ich przywi\u0105zanie. Kantar dla byd\u0142a i dla \u017arebaka nie powoduje otarcia i odparzenia sk\u00f3ry.<\/span><\/p>\n","protected":false},"excerpt":{"rendered":"<p style=\"text-align: justify;\">Kantar dla ciel\u0105t, kr\u00f3w i m\u0142odego byd\u0142a rozmiar- 5<\/p>\n","protected":false},"featured_media":15291,"comment_status":"open","ping_status":"closed","template":"","meta":{"_acf_changed":false,"inline_featured_image":false},"product_brand":[],"product_cat":[314,725],"product_tag":[],"class_list":{"0":"post-15306","1":"product","2":"type-product","3":"status-publish","4":"has-post-thumbnail","6":"product_cat-tenyesztes","7":"product_cat-kantary","9":"first","10":"instock","11":"taxable","12":"shipping-taxable","13":"purchasable","14":"product-type-simple"},"acf":[],"yoast_head":"<!-- This site is optimized with the Yoast SEO plugin v27.3 - https:\/\/yoast.com\/product\/yoast-seo-wordpress\/ -->\n<title>Kantar dla byd\u0142a rozmiar- 5 - Exparto.pl<\/title>\n<meta name=\"robots\" content=\"index, follow, max-snippet:-1, max-image-preview:large, max-video-preview:-1\" \/>\n<link rel=\"canonical\" href=\"https:\/\/exparto.pl\/en\/produkt\/kantar-dla-bydla-rozmiar-5\/\" \/>\n<meta property=\"og:locale\" content=\"en_US\" \/>\n<meta property=\"og:type\" content=\"article\" \/>\n<meta property=\"og:title\" content=\"Kantar dla byd\u0142a rozmiar- 5 - Exparto.pl\" \/>\n<meta property=\"og:description\" content=\"Kantar dla ciel\u0105t, kr\u00f3w i m\u0142odego byd\u0142a rozmiar- 5\" \/>\n<meta property=\"og:url\" content=\"https:\/\/exparto.pl\/en\/produkt\/kantar-dla-bydla-rozmiar-5\/\" \/>\n<meta property=\"og:site_name\" content=\"Exparto.pl\" \/>\n<meta property=\"article:publisher\" content=\"https:\/\/www.facebook.com\/exparto.agro\/\" \/>\n<meta property=\"article:modified_time\" content=\"2026-04-12T12:00:10+00:00\" \/>\n<meta property=\"og:image\" content=\"https:\/\/exparto.pl\/wp-content\/uploads\/2023\/11\/dac2b07c50b5cba97c6ce84b4b0cd177.jpg\" \/>\n\t<meta property=\"og:image:width\" content=\"1000\" \/>\n\t<meta property=\"og:image:height\" content=\"1000\" \/>\n\t<meta property=\"og:image:type\" content=\"image\/jpeg\" \/>\n<meta name=\"twitter:card\" content=\"summary_large_image\" \/>\n<meta name=\"twitter:label1\" content=\"Est. reading time\" \/>\n\t<meta name=\"twitter:data1\" content=\"2 minutes\" \/>\n<script type=\"application\/ld+json\" class=\"yoast-schema-graph\">{\"@context\":\"https:\\\/\\\/schema.org\",\"@graph\":[{\"@type\":\"WebPage\",\"@id\":\"https:\\\/\\\/exparto.pl\\\/en\\\/produkt\\\/kantar-dla-bydla-rozmiar-5\\\/\",\"url\":\"https:\\\/\\\/exparto.pl\\\/en\\\/produkt\\\/kantar-dla-bydla-rozmiar-5\\\/\",\"name\":\"Kantar dla byd\u0142a rozmiar- 5 - Exparto.pl\",\"isPartOf\":{\"@id\":\"https:\\\/\\\/exparto.pl\\\/en\\\/#website\"},\"primaryImageOfPage\":{\"@id\":\"https:\\\/\\\/exparto.pl\\\/en\\\/produkt\\\/kantar-dla-bydla-rozmiar-5\\\/#primaryimage\"},\"image\":{\"@id\":\"https:\\\/\\\/exparto.pl\\\/en\\\/produkt\\\/kantar-dla-bydla-rozmiar-5\\\/#primaryimage\"},\"thumbnailUrl\":\"https:\\\/\\\/exparto.pl\\\/wp-content\\\/uploads\\\/2023\\\/11\\\/dac2b07c50b5cba97c6ce84b4b0cd177.jpg\",\"datePublished\":\"2023-11-28T13:46:14+00:00\",\"dateModified\":\"2026-04-12T12:00:10+00:00\",\"breadcrumb\":{\"@id\":\"https:\\\/\\\/exparto.pl\\\/en\\\/produkt\\\/kantar-dla-bydla-rozmiar-5\\\/#breadcrumb\"},\"inLanguage\":\"en-US\",\"potentialAction\":[{\"@type\":\"ReadAction\",\"target\":[\"https:\\\/\\\/exparto.pl\\\/en\\\/produkt\\\/kantar-dla-bydla-rozmiar-5\\\/\"]}]},{\"@type\":\"ImageObject\",\"inLanguage\":\"en-US\",\"@id\":\"https:\\\/\\\/exparto.pl\\\/en\\\/produkt\\\/kantar-dla-bydla-rozmiar-5\\\/#primaryimage\",\"url\":\"https:\\\/\\\/exparto.pl\\\/wp-content\\\/uploads\\\/2023\\\/11\\\/dac2b07c50b5cba97c6ce84b4b0cd177.jpg\",\"contentUrl\":\"https:\\\/\\\/exparto.pl\\\/wp-content\\\/uploads\\\/2023\\\/11\\\/dac2b07c50b5cba97c6ce84b4b0cd177.jpg\",\"width\":1000,\"height\":1000},{\"@type\":\"BreadcrumbList\",\"@id\":\"https:\\\/\\\/exparto.pl\\\/en\\\/produkt\\\/kantar-dla-bydla-rozmiar-5\\\/#breadcrumb\",\"itemListElement\":[{\"@type\":\"ListItem\",\"position\":1,\"name\":\"Homepage\",\"item\":\"https:\\\/\\\/exparto.pl\\\/en\\\/homepage\\\/\"},{\"@type\":\"ListItem\",\"position\":2,\"name\":\"Sklep\",\"item\":\"https:\\\/\\\/exparto.pl\\\/sklep\\\/\"},{\"@type\":\"ListItem\",\"position\":3,\"name\":\"Breeding\",\"item\":\"https:\\\/\\\/exparto.pl\\\/en\\\/product-category\\\/breeding\\\/\"},{\"@type\":\"ListItem\",\"position\":4,\"name\":\"Kantary dla koni i byd\u0142a\",\"item\":\"https:\\\/\\\/exparto.pl\\\/kategoria-produktu\\\/hodowla\\\/kantary\\\/\"},{\"@type\":\"ListItem\",\"position\":5,\"name\":\"Kantar dla byd\u0142a rozmiar- 5\"}]},{\"@type\":\"WebSite\",\"@id\":\"https:\\\/\\\/exparto.pl\\\/en\\\/#website\",\"url\":\"https:\\\/\\\/exparto.pl\\\/en\\\/\",\"name\":\"EXPARTO\",\"description\":\"More than agro parts\",\"publisher\":{\"@id\":\"https:\\\/\\\/exparto.pl\\\/en\\\/#organization\"},\"potentialAction\":[{\"@type\":\"SearchAction\",\"target\":{\"@type\":\"EntryPoint\",\"urlTemplate\":\"https:\\\/\\\/exparto.pl\\\/en\\\/?s={search_term_string}\"},\"query-input\":{\"@type\":\"PropertyValueSpecification\",\"valueRequired\":true,\"valueName\":\"search_term_string\"}}],\"inLanguage\":\"en-US\"},{\"@type\":\"Organization\",\"@id\":\"https:\\\/\\\/exparto.pl\\\/en\\\/#organization\",\"name\":\"EXPARTO\",\"url\":\"https:\\\/\\\/exparto.pl\\\/en\\\/\",\"logo\":{\"@type\":\"ImageObject\",\"inLanguage\":\"en-US\",\"@id\":\"https:\\\/\\\/exparto.pl\\\/en\\\/#\\\/schema\\\/logo\\\/image\\\/\",\"url\":\"https:\\\/\\\/exparto.pl\\\/wp-content\\\/uploads\\\/2023\\\/02\\\/logo-wektor.png\",\"contentUrl\":\"https:\\\/\\\/exparto.pl\\\/wp-content\\\/uploads\\\/2023\\\/02\\\/logo-wektor.png\",\"width\":1338,\"height\":143,\"caption\":\"EXPARTO\"},\"image\":{\"@id\":\"https:\\\/\\\/exparto.pl\\\/en\\\/#\\\/schema\\\/logo\\\/image\\\/\"},\"sameAs\":[\"https:\\\/\\\/www.facebook.com\\\/exparto.agro\\\/\"]}]}<\/script>\n<!-- \/ Yoast SEO plugin. -->","yoast_head_json":{"title":"Kantar dla byd\u0142a rozmiar- 5 - Exparto.pl","robots":{"index":"index","follow":"follow","max-snippet":"max-snippet:-1","max-image-preview":"max-image-preview:large","max-video-preview":"max-video-preview:-1"},"canonical":"https:\/\/exparto.pl\/en\/produkt\/kantar-dla-bydla-rozmiar-5\/","og_locale":"en_US","og_type":"article","og_title":"Kantar dla byd\u0142a rozmiar- 5 - Exparto.pl","og_description":"Kantar dla ciel\u0105t, kr\u00f3w i m\u0142odego byd\u0142a rozmiar- 5","og_url":"https:\/\/exparto.pl\/en\/produkt\/kantar-dla-bydla-rozmiar-5\/","og_site_name":"Exparto.pl","article_publisher":"https:\/\/www.facebook.com\/exparto.agro\/","article_modified_time":"2026-04-12T12:00:10+00:00","og_image":[{"width":1000,"height":1000,"url":"https:\/\/exparto.pl\/wp-content\/uploads\/2023\/11\/dac2b07c50b5cba97c6ce84b4b0cd177.jpg","type":"image\/jpeg"}],"twitter_card":"summary_large_image","twitter_misc":{"Est. reading time":"2 minutes"},"schema":{"@context":"https:\/\/schema.org","@graph":[{"@type":"WebPage","@id":"https:\/\/exparto.pl\/en\/produkt\/kantar-dla-bydla-rozmiar-5\/","url":"https:\/\/exparto.pl\/en\/produkt\/kantar-dla-bydla-rozmiar-5\/","name":"Kantar dla byd\u0142a rozmiar- 5 - Exparto.pl","isPartOf":{"@id":"https:\/\/exparto.pl\/en\/#website"},"primaryImageOfPage":{"@id":"https:\/\/exparto.pl\/en\/produkt\/kantar-dla-bydla-rozmiar-5\/#primaryimage"},"image":{"@id":"https:\/\/exparto.pl\/en\/produkt\/kantar-dla-bydla-rozmiar-5\/#primaryimage"},"thumbnailUrl":"https:\/\/exparto.pl\/wp-content\/uploads\/2023\/11\/dac2b07c50b5cba97c6ce84b4b0cd177.jpg","datePublished":"2023-11-28T13:46:14+00:00","dateModified":"2026-04-12T12:00:10+00:00","breadcrumb":{"@id":"https:\/\/exparto.pl\/en\/produkt\/kantar-dla-bydla-rozmiar-5\/#breadcrumb"},"inLanguage":"en-US","potentialAction":[{"@type":"ReadAction","target":["https:\/\/exparto.pl\/en\/produkt\/kantar-dla-bydla-rozmiar-5\/"]}]},{"@type":"ImageObject","inLanguage":"en-US","@id":"https:\/\/exparto.pl\/en\/produkt\/kantar-dla-bydla-rozmiar-5\/#primaryimage","url":"https:\/\/exparto.pl\/wp-content\/uploads\/2023\/11\/dac2b07c50b5cba97c6ce84b4b0cd177.jpg","contentUrl":"https:\/\/exparto.pl\/wp-content\/uploads\/2023\/11\/dac2b07c50b5cba97c6ce84b4b0cd177.jpg","width":1000,"height":1000},{"@type":"BreadcrumbList","@id":"https:\/\/exparto.pl\/en\/produkt\/kantar-dla-bydla-rozmiar-5\/#breadcrumb","itemListElement":[{"@type":"ListItem","position":1,"name":"Homepage","item":"https:\/\/exparto.pl\/en\/homepage\/"},{"@type":"ListItem","position":2,"name":"Sklep","item":"https:\/\/exparto.pl\/sklep\/"},{"@type":"ListItem","position":3,"name":"Breeding","item":"https:\/\/exparto.pl\/en\/product-category\/breeding\/"},{"@type":"ListItem","position":4,"name":"Kantary dla koni i byd\u0142a","item":"https:\/\/exparto.pl\/kategoria-produktu\/hodowla\/kantary\/"},{"@type":"ListItem","position":5,"name":"Kantar dla byd\u0142a rozmiar- 5"}]},{"@type":"WebSite","@id":"https:\/\/exparto.pl\/en\/#website","url":"https:\/\/exparto.pl\/en\/","name":"EXPARTO","description":"More than agro parts","publisher":{"@id":"https:\/\/exparto.pl\/en\/#organization"},"potentialAction":[{"@type":"SearchAction","target":{"@type":"EntryPoint","urlTemplate":"https:\/\/exparto.pl\/en\/?s={search_term_string}"},"query-input":{"@type":"PropertyValueSpecification","valueRequired":true,"valueName":"search_term_string"}}],"inLanguage":"en-US"},{"@type":"Organization","@id":"https:\/\/exparto.pl\/en\/#organization","name":"EXPARTO","url":"https:\/\/exparto.pl\/en\/","logo":{"@type":"ImageObject","inLanguage":"en-US","@id":"https:\/\/exparto.pl\/en\/#\/schema\/logo\/image\/","url":"https:\/\/exparto.pl\/wp-content\/uploads\/2023\/02\/logo-wektor.png","contentUrl":"https:\/\/exparto.pl\/wp-content\/uploads\/2023\/02\/logo-wektor.png","width":1338,"height":143,"caption":"EXPARTO"},"image":{"@id":"https:\/\/exparto.pl\/en\/#\/schema\/logo\/image\/"},"sameAs":["https:\/\/www.facebook.com\/exparto.agro\/"]}]}},"_links":{"self":[{"href":"https:\/\/exparto.pl\/en\/wp-json\/wp\/v2\/product\/15306","targetHints":{"allow":["GET"]}}],"collection":[{"href":"https:\/\/exparto.pl\/en\/wp-json\/wp\/v2\/product"}],"about":[{"href":"https:\/\/exparto.pl\/en\/wp-json\/wp\/v2\/types\/product"}],"replies":[{"embeddable":true,"href":"https:\/\/exparto.pl\/en\/wp-json\/wp\/v2\/comments?post=15306"}],"wp:featuredmedia":[{"embeddable":true,"href":"https:\/\/exparto.pl\/en\/wp-json\/wp\/v2\/media\/15291"}],"wp:attachment":[{"href":"https:\/\/exparto.pl\/en\/wp-json\/wp\/v2\/media?parent=15306"}],"wp:term":[{"taxonomy":"product_brand","embeddable":true,"href":"https:\/\/exparto.pl\/en\/wp-json\/wp\/v2\/product_brand?post=15306"},{"taxonomy":"product_cat","embeddable":true,"href":"https:\/\/exparto.pl\/en\/wp-json\/wp\/v2\/product_cat?post=15306"},{"taxonomy":"product_tag","embeddable":true,"href":"https:\/\/exparto.pl\/en\/wp-json\/wp\/v2\/product_tag?post=15306"}],"curies":[{"name":"wp","href":"https:\/\/api.w.org\/{rel}","templated":true}]}}