{"id":15575,"date":"2023-12-01T09:20:03","date_gmt":"2023-12-01T08:20:03","guid":{"rendered":"https:\/\/exparto.pl\/produkt\/sprzeglo-jednokierunkowe\/"},"modified":"2026-04-17T07:30:12","modified_gmt":"2026-04-17T05:30:12","slug":"sprzeglo-jednokierunkowe","status":"publish","type":"product","link":"https:\/\/exparto.pl\/en\/produkt\/sprzeglo-jednokierunkowe\/","title":{"rendered":"Sprz\u0119g\u0142o jednokierunkowe"},"content":{"rendered":"<p><span style=\"font-family: Barlow, sans-serif;font-size: 16px\">Wyb\u00f3r element\u00f3w konstrukcji maszyny rolniczej warto poprzedzi\u0107 wnikliw\u0105 analiz\u0105. Wszystko po to, aby zapewni\u0107 sobie komfortow\u0105 i bezpieczn\u0105 prac\u0119 w d\u0142u\u017cszej perspektywie. W trakcie zakup\u00f3w w EXPARTO nie musisz si\u0119 o to martwi\u0107.&nbsp;<\/span><b style=\"font-family: Barlow, sans-serif;font-size: 16px\">To my dbamy o to, aby w Twoje r\u0119ce trafia\u0142y produkty o najwy\u017cszej jako\u015bci na rynku<\/b><span style=\"font-family: Barlow, sans-serif;font-size: 16px\">. \u015awietnym tego przyk\u0142adem jest sprz\u0119g\u0142o jednokierunkowe WOM. Sprawd\u017a, czym wyr\u00f3\u017cnia si\u0119 nasz produkt.&nbsp;<\/span><span style=\"font-family: Barlow, sans-serif;font-size: 16px\"><\/span><\/p>\n<h2 style=\"line-height: 1.4;font-size: 1.25rem;font-family: Barlow, sans-serif\"><span style=\"font-weight: 400\">Sprz\u0119g\u0142o jednokierunkowe WOM &#8211; sprz\u0119g\u0142o do wa\u0142ka przeka\u017anika mocy 6 frez\u00f3w 1 i 3\/8 cala, 2400nm<\/span><\/h2>\n<p><span style=\"font-family: Barlow, sans-serif;font-size: 16px\">Sprz\u0119g\u0142o jednokierunkowe wa\u0142ka WOM nazywane jest powszechnie wolnym ko\u0142em.&nbsp;<\/span><b style=\"font-family: Barlow, sans-serif;font-size: 16px\">Urz\u0105dzenie to odpowiada za przenoszenie i wspieranie momentu obrotowego tylko w jednym kierunku<\/b><span style=\"font-family: Barlow, sans-serif;font-size: 16px\">. Oznacza to, \u017ce umo\u017cliwia nap\u0119dzanie maszyn rolniczych moc\u0105 nap\u0119du ci\u0105gnika. Przy zmianie kierunku urz\u0105dzenia si\u0119 roz\u0142\u0105czaj\u0105 i eksploatowana maszyna przechodzi w ruch ja\u0142owy. Jednocze\u015bnie&nbsp;<\/span><b style=\"font-family: Barlow, sans-serif;font-size: 16px\">oferowane przez nas sprz\u0119g\u0142o wa\u0142ka WOM zabezpiecza uk\u0142ad nap\u0119du przed przeci\u0105\u017ceniami<\/b><span style=\"font-family: Barlow, sans-serif;font-size: 16px\">&nbsp;i zwi\u0105zanymi z nimi usterkami.&nbsp;<\/span><span style=\"font-family: Barlow, sans-serif;font-size: 16px\">&nbsp;<\/span><span style=\"font-family: Barlow, sans-serif;font-size: 16px\">Pod uwag\u0119 warto wzi\u0105\u0107<\/span><b style=\"font-family: Barlow, sans-serif;font-size: 16px\">&nbsp;bardzo dobre parametry techniczne oferowanego w EXPARTO jednokierunkowego sprz\u0119g\u0142a do wa\u0142ka przeka\u017anika mocy<\/b><span style=\"font-family: Barlow, sans-serif;font-size: 16px\">. Moment sprz\u0119g\u0142a wynosi 2400 NM. Wyj\u015bcia zewn\u0119trzne i wewn\u0119trzne s\u0105 jednakowe i jest to 6 frez\u00f3w 1 i 3\/8 cala. Ponadto produkt ten wa\u017cy tylko 3,5 kilograma, co u\u0142atwia jego monta\u017c, demonta\u017c oraz konserwacj\u0119.&nbsp;<\/span><span style=\"font-family: Barlow, sans-serif;font-size: 16px\"><\/span><\/p>\n<p style=\"font-family: Barlow, sans-serif;font-size: 16px;text-align: justify\">Szukasz wysokiej jako\u015bci sprz\u0119g\u0142a WOM jednokierunkowego? Skorzystaj z naszej oferty i kup produkt wyr\u00f3\u017cniaj\u0105cy si\u0119 na rynku. W przypadku jakichkolwiek w\u0105tpliwo\u015bci skontaktuj si\u0119 z naszym ekspertem. Poprowadzimy Ci\u0119 przez ca\u0142y proces zakupowy.&nbsp;<\/p>\n","protected":false},"excerpt":{"rendered":"<p style=\"text-align: justify\">Sprz\u0119g\u0142o jednokierunkowe WOM przeka\u017anika mocy 1 3\/8&#8221; Z-6\u00a0<\/p>\n","protected":false},"featured_media":15560,"comment_status":"open","ping_status":"closed","template":"","meta":{"_acf_changed":false,"inline_featured_image":false},"product_brand":[],"product_cat":[878,114,53],"product_tag":[],"class_list":{"0":"post-15575","1":"product","2":"type-product","3":"status-publish","4":"has-post-thumbnail","6":"product_cat-adaptery-walkow-wom","7":"product_cat-czesci-do-walow","8":"product_cat-waly-przegubowo-teleskopowe","10":"first","11":"instock","12":"taxable","13":"shipping-taxable","14":"purchasable","15":"product-type-simple"},"acf":[],"yoast_head":"<!-- This site is optimized with the Yoast SEO plugin v27.3 - https:\/\/yoast.com\/product\/yoast-seo-wordpress\/ -->\n<title>Sprz\u0119g\u0142o jednokierunkowe - Exparto.pl<\/title>\n<meta name=\"robots\" content=\"index, follow, max-snippet:-1, max-image-preview:large, max-video-preview:-1\" \/>\n<link rel=\"canonical\" href=\"https:\/\/exparto.pl\/en\/produkt\/sprzeglo-jednokierunkowe\/\" \/>\n<meta property=\"og:locale\" content=\"en_US\" \/>\n<meta property=\"og:type\" content=\"article\" \/>\n<meta property=\"og:title\" content=\"Sprz\u0119g\u0142o jednokierunkowe - Exparto.pl\" \/>\n<meta property=\"og:description\" content=\"Sprz\u0119g\u0142o jednokierunkowe WOM przeka\u017anika mocy 1 3\/8&#039;&#039; Z-6\u00a0\" \/>\n<meta property=\"og:url\" content=\"https:\/\/exparto.pl\/en\/produkt\/sprzeglo-jednokierunkowe\/\" \/>\n<meta property=\"og:site_name\" content=\"Exparto.pl\" \/>\n<meta property=\"article:publisher\" content=\"https:\/\/www.facebook.com\/exparto.agro\/\" \/>\n<meta property=\"article:modified_time\" content=\"2026-04-17T05:30:12+00:00\" \/>\n<meta property=\"og:image\" content=\"https:\/\/exparto.pl\/wp-content\/uploads\/2023\/12\/2489d1b47fc94337e90f416466f7ca50.jpg\" \/>\n\t<meta property=\"og:image:width\" content=\"1000\" \/>\n\t<meta property=\"og:image:height\" content=\"1000\" \/>\n\t<meta property=\"og:image:type\" content=\"image\/jpeg\" \/>\n<meta name=\"twitter:card\" content=\"summary_large_image\" \/>\n<meta name=\"twitter:label1\" content=\"Est. reading time\" \/>\n\t<meta name=\"twitter:data1\" content=\"2 minutes\" \/>\n<script type=\"application\/ld+json\" class=\"yoast-schema-graph\">{\"@context\":\"https:\\\/\\\/schema.org\",\"@graph\":[{\"@type\":\"WebPage\",\"@id\":\"https:\\\/\\\/exparto.pl\\\/en\\\/produkt\\\/sprzeglo-jednokierunkowe\\\/\",\"url\":\"https:\\\/\\\/exparto.pl\\\/en\\\/produkt\\\/sprzeglo-jednokierunkowe\\\/\",\"name\":\"Sprz\u0119g\u0142o jednokierunkowe - Exparto.pl\",\"isPartOf\":{\"@id\":\"https:\\\/\\\/exparto.pl\\\/en\\\/#website\"},\"primaryImageOfPage\":{\"@id\":\"https:\\\/\\\/exparto.pl\\\/en\\\/produkt\\\/sprzeglo-jednokierunkowe\\\/#primaryimage\"},\"image\":{\"@id\":\"https:\\\/\\\/exparto.pl\\\/en\\\/produkt\\\/sprzeglo-jednokierunkowe\\\/#primaryimage\"},\"thumbnailUrl\":\"https:\\\/\\\/exparto.pl\\\/wp-content\\\/uploads\\\/2023\\\/12\\\/2489d1b47fc94337e90f416466f7ca50.jpg\",\"datePublished\":\"2023-12-01T08:20:03+00:00\",\"dateModified\":\"2026-04-17T05:30:12+00:00\",\"breadcrumb\":{\"@id\":\"https:\\\/\\\/exparto.pl\\\/en\\\/produkt\\\/sprzeglo-jednokierunkowe\\\/#breadcrumb\"},\"inLanguage\":\"en-US\",\"potentialAction\":[{\"@type\":\"ReadAction\",\"target\":[\"https:\\\/\\\/exparto.pl\\\/en\\\/produkt\\\/sprzeglo-jednokierunkowe\\\/\"]}]},{\"@type\":\"ImageObject\",\"inLanguage\":\"en-US\",\"@id\":\"https:\\\/\\\/exparto.pl\\\/en\\\/produkt\\\/sprzeglo-jednokierunkowe\\\/#primaryimage\",\"url\":\"https:\\\/\\\/exparto.pl\\\/wp-content\\\/uploads\\\/2023\\\/12\\\/2489d1b47fc94337e90f416466f7ca50.jpg\",\"contentUrl\":\"https:\\\/\\\/exparto.pl\\\/wp-content\\\/uploads\\\/2023\\\/12\\\/2489d1b47fc94337e90f416466f7ca50.jpg\",\"width\":1000,\"height\":1000},{\"@type\":\"BreadcrumbList\",\"@id\":\"https:\\\/\\\/exparto.pl\\\/en\\\/produkt\\\/sprzeglo-jednokierunkowe\\\/#breadcrumb\",\"itemListElement\":[{\"@type\":\"ListItem\",\"position\":1,\"name\":\"Homepage\",\"item\":\"https:\\\/\\\/exparto.pl\\\/en\\\/homepage\\\/\"},{\"@type\":\"ListItem\",\"position\":2,\"name\":\"Sklep\",\"item\":\"https:\\\/\\\/exparto.pl\\\/sklep\\\/\"},{\"@type\":\"ListItem\",\"position\":3,\"name\":\"Articulated telescopic shafts\",\"item\":\"https:\\\/\\\/exparto.pl\\\/en\\\/product-category\\\/articulated-telescopic-shafts\\\/\"},{\"@type\":\"ListItem\",\"position\":4,\"name\":\"Shaft parts\",\"item\":\"https:\\\/\\\/exparto.pl\\\/en\\\/product-category\\\/articulated-telescopic-shafts\\\/shaft-parts\\\/\"},{\"@type\":\"ListItem\",\"position\":5,\"name\":\"Shaft couplings\",\"item\":\"https:\\\/\\\/exparto.pl\\\/en\\\/product-category\\\/articulated-telescopic-shafts\\\/shaft-couplings\\\/\"},{\"@type\":\"ListItem\",\"position\":6,\"name\":\"Sprz\u0119g\u0142o jednokierunkowe\"}]},{\"@type\":\"WebSite\",\"@id\":\"https:\\\/\\\/exparto.pl\\\/en\\\/#website\",\"url\":\"https:\\\/\\\/exparto.pl\\\/en\\\/\",\"name\":\"EXPARTO\",\"description\":\"More than agro parts\",\"publisher\":{\"@id\":\"https:\\\/\\\/exparto.pl\\\/en\\\/#organization\"},\"potentialAction\":[{\"@type\":\"SearchAction\",\"target\":{\"@type\":\"EntryPoint\",\"urlTemplate\":\"https:\\\/\\\/exparto.pl\\\/en\\\/?s={search_term_string}\"},\"query-input\":{\"@type\":\"PropertyValueSpecification\",\"valueRequired\":true,\"valueName\":\"search_term_string\"}}],\"inLanguage\":\"en-US\"},{\"@type\":\"Organization\",\"@id\":\"https:\\\/\\\/exparto.pl\\\/en\\\/#organization\",\"name\":\"EXPARTO\",\"url\":\"https:\\\/\\\/exparto.pl\\\/en\\\/\",\"logo\":{\"@type\":\"ImageObject\",\"inLanguage\":\"en-US\",\"@id\":\"https:\\\/\\\/exparto.pl\\\/en\\\/#\\\/schema\\\/logo\\\/image\\\/\",\"url\":\"https:\\\/\\\/exparto.pl\\\/wp-content\\\/uploads\\\/2023\\\/02\\\/logo-wektor.png\",\"contentUrl\":\"https:\\\/\\\/exparto.pl\\\/wp-content\\\/uploads\\\/2023\\\/02\\\/logo-wektor.png\",\"width\":1338,\"height\":143,\"caption\":\"EXPARTO\"},\"image\":{\"@id\":\"https:\\\/\\\/exparto.pl\\\/en\\\/#\\\/schema\\\/logo\\\/image\\\/\"},\"sameAs\":[\"https:\\\/\\\/www.facebook.com\\\/exparto.agro\\\/\"]}]}<\/script>\n<!-- \/ Yoast SEO plugin. -->","yoast_head_json":{"title":"Sprz\u0119g\u0142o jednokierunkowe - Exparto.pl","robots":{"index":"index","follow":"follow","max-snippet":"max-snippet:-1","max-image-preview":"max-image-preview:large","max-video-preview":"max-video-preview:-1"},"canonical":"https:\/\/exparto.pl\/en\/produkt\/sprzeglo-jednokierunkowe\/","og_locale":"en_US","og_type":"article","og_title":"Sprz\u0119g\u0142o jednokierunkowe - Exparto.pl","og_description":"Sprz\u0119g\u0142o jednokierunkowe WOM przeka\u017anika mocy 1 3\/8'' Z-6\u00a0","og_url":"https:\/\/exparto.pl\/en\/produkt\/sprzeglo-jednokierunkowe\/","og_site_name":"Exparto.pl","article_publisher":"https:\/\/www.facebook.com\/exparto.agro\/","article_modified_time":"2026-04-17T05:30:12+00:00","og_image":[{"width":1000,"height":1000,"url":"https:\/\/exparto.pl\/wp-content\/uploads\/2023\/12\/2489d1b47fc94337e90f416466f7ca50.jpg","type":"image\/jpeg"}],"twitter_card":"summary_large_image","twitter_misc":{"Est. reading time":"2 minutes"},"schema":{"@context":"https:\/\/schema.org","@graph":[{"@type":"WebPage","@id":"https:\/\/exparto.pl\/en\/produkt\/sprzeglo-jednokierunkowe\/","url":"https:\/\/exparto.pl\/en\/produkt\/sprzeglo-jednokierunkowe\/","name":"Sprz\u0119g\u0142o jednokierunkowe - Exparto.pl","isPartOf":{"@id":"https:\/\/exparto.pl\/en\/#website"},"primaryImageOfPage":{"@id":"https:\/\/exparto.pl\/en\/produkt\/sprzeglo-jednokierunkowe\/#primaryimage"},"image":{"@id":"https:\/\/exparto.pl\/en\/produkt\/sprzeglo-jednokierunkowe\/#primaryimage"},"thumbnailUrl":"https:\/\/exparto.pl\/wp-content\/uploads\/2023\/12\/2489d1b47fc94337e90f416466f7ca50.jpg","datePublished":"2023-12-01T08:20:03+00:00","dateModified":"2026-04-17T05:30:12+00:00","breadcrumb":{"@id":"https:\/\/exparto.pl\/en\/produkt\/sprzeglo-jednokierunkowe\/#breadcrumb"},"inLanguage":"en-US","potentialAction":[{"@type":"ReadAction","target":["https:\/\/exparto.pl\/en\/produkt\/sprzeglo-jednokierunkowe\/"]}]},{"@type":"ImageObject","inLanguage":"en-US","@id":"https:\/\/exparto.pl\/en\/produkt\/sprzeglo-jednokierunkowe\/#primaryimage","url":"https:\/\/exparto.pl\/wp-content\/uploads\/2023\/12\/2489d1b47fc94337e90f416466f7ca50.jpg","contentUrl":"https:\/\/exparto.pl\/wp-content\/uploads\/2023\/12\/2489d1b47fc94337e90f416466f7ca50.jpg","width":1000,"height":1000},{"@type":"BreadcrumbList","@id":"https:\/\/exparto.pl\/en\/produkt\/sprzeglo-jednokierunkowe\/#breadcrumb","itemListElement":[{"@type":"ListItem","position":1,"name":"Homepage","item":"https:\/\/exparto.pl\/en\/homepage\/"},{"@type":"ListItem","position":2,"name":"Sklep","item":"https:\/\/exparto.pl\/sklep\/"},{"@type":"ListItem","position":3,"name":"Articulated telescopic shafts","item":"https:\/\/exparto.pl\/en\/product-category\/articulated-telescopic-shafts\/"},{"@type":"ListItem","position":4,"name":"Shaft parts","item":"https:\/\/exparto.pl\/en\/product-category\/articulated-telescopic-shafts\/shaft-parts\/"},{"@type":"ListItem","position":5,"name":"Shaft couplings","item":"https:\/\/exparto.pl\/en\/product-category\/articulated-telescopic-shafts\/shaft-couplings\/"},{"@type":"ListItem","position":6,"name":"Sprz\u0119g\u0142o jednokierunkowe"}]},{"@type":"WebSite","@id":"https:\/\/exparto.pl\/en\/#website","url":"https:\/\/exparto.pl\/en\/","name":"EXPARTO","description":"More than agro parts","publisher":{"@id":"https:\/\/exparto.pl\/en\/#organization"},"potentialAction":[{"@type":"SearchAction","target":{"@type":"EntryPoint","urlTemplate":"https:\/\/exparto.pl\/en\/?s={search_term_string}"},"query-input":{"@type":"PropertyValueSpecification","valueRequired":true,"valueName":"search_term_string"}}],"inLanguage":"en-US"},{"@type":"Organization","@id":"https:\/\/exparto.pl\/en\/#organization","name":"EXPARTO","url":"https:\/\/exparto.pl\/en\/","logo":{"@type":"ImageObject","inLanguage":"en-US","@id":"https:\/\/exparto.pl\/en\/#\/schema\/logo\/image\/","url":"https:\/\/exparto.pl\/wp-content\/uploads\/2023\/02\/logo-wektor.png","contentUrl":"https:\/\/exparto.pl\/wp-content\/uploads\/2023\/02\/logo-wektor.png","width":1338,"height":143,"caption":"EXPARTO"},"image":{"@id":"https:\/\/exparto.pl\/en\/#\/schema\/logo\/image\/"},"sameAs":["https:\/\/www.facebook.com\/exparto.agro\/"]}]}},"_links":{"self":[{"href":"https:\/\/exparto.pl\/en\/wp-json\/wp\/v2\/product\/15575","targetHints":{"allow":["GET"]}}],"collection":[{"href":"https:\/\/exparto.pl\/en\/wp-json\/wp\/v2\/product"}],"about":[{"href":"https:\/\/exparto.pl\/en\/wp-json\/wp\/v2\/types\/product"}],"replies":[{"embeddable":true,"href":"https:\/\/exparto.pl\/en\/wp-json\/wp\/v2\/comments?post=15575"}],"wp:featuredmedia":[{"embeddable":true,"href":"https:\/\/exparto.pl\/en\/wp-json\/wp\/v2\/media\/15560"}],"wp:attachment":[{"href":"https:\/\/exparto.pl\/en\/wp-json\/wp\/v2\/media?parent=15575"}],"wp:term":[{"taxonomy":"product_brand","embeddable":true,"href":"https:\/\/exparto.pl\/en\/wp-json\/wp\/v2\/product_brand?post=15575"},{"taxonomy":"product_cat","embeddable":true,"href":"https:\/\/exparto.pl\/en\/wp-json\/wp\/v2\/product_cat?post=15575"},{"taxonomy":"product_tag","embeddable":true,"href":"https:\/\/exparto.pl\/en\/wp-json\/wp\/v2\/product_tag?post=15575"}],"curies":[{"name":"wp","href":"https:\/\/api.w.org\/{rel}","templated":true}]}}