{"id":15662,"date":"2023-12-04T15:52:16","date_gmt":"2023-12-04T14:52:16","guid":{"rendered":"https:\/\/exparto.pl\/produkt\/zawor-sterujacy-hamulca-hzs-4-przyczepy-d35-d47-d50\/"},"modified":"2026-01-21T12:29:44","modified_gmt":"2026-01-21T11:29:44","slug":"zawor-sterujacy-hamulca-hzs-4-przyczepy-d35-d47-d50","status":"publish","type":"product","link":"https:\/\/exparto.pl\/en\/produkt\/zawor-sterujacy-hamulca-hzs-4-przyczepy-d35-d47-d50\/","title":{"rendered":"Zaw\u00f3r steruj\u0105cy hamulca HZS-4 przyczepy D35 D47 D50"},"content":{"rendered":"<section class=\"section\">\n<div class=\"item item-12\">\n<section class=\"text-item\">\n<p style=\"text-align: justify\">Zaw\u00f3r steruj\u0105cy przyczepy stosowany jest w dwuobwodowych i jednoobwodowych uk\u0142ad\u00f3w hamowania ( pneumatycznych i hydrauliczno-pneumatycznych) przyczep. Jego zadaniem jest uruchomi\u0107 hamulce przyczepy, podczas gdy naciskamy hamulec pojazdu ci\u0105gn\u0105cego.<\/p>\n<p style=\"text-align: justify\"><b>Pasuje do:<\/b><\/p>\n<ul>\n<li style=\"text-align: justify\">D-35<\/li>\n<li style=\"text-align: justify\">D-47<\/li>\n<li style=\"text-align: justify\">D-50<\/li>\n<li style=\"text-align: justify\">D-732<\/li>\n<li style=\"text-align: justify\">HL 8011<\/li>\n<li style=\"text-align: justify\">HL 6011<\/li>\n<li style=\"text-align: justify\">Rozrzutnik\u00f3w<\/li>\n<li style=\"text-align: justify\">Maszyn rolniczych z uk\u0142adami hamulcowymi<\/li>\n<\/ul>\n<\/section>\n<\/div>\n<\/section>\n","protected":false},"excerpt":{"rendered":"<p style=\"text-align: justify\">Zaw\u00f3r steruj\u0105cy hamulca D-35, D-47, D-50<\/p>\n","protected":false},"featured_media":15627,"comment_status":"open","ping_status":"closed","template":"","meta":{"_acf_changed":false,"inline_featured_image":false},"product_brand":[],"product_cat":[50,745,746,747,739],"product_tag":[],"class_list":{"0":"post-15662","1":"product","2":"type-product","3":"status-publish","4":"has-post-thumbnail","6":"product_cat-czesci-do-przyczep","7":"product_cat-d-35","8":"product_cat-d-47","9":"product_cat-d-50","10":"product_cat-d-35-d-47-d-50","12":"first","13":"outofstock","14":"taxable","15":"shipping-taxable","16":"purchasable","17":"product-type-simple"},"acf":[],"yoast_head":"<!-- This site is optimized with the Yoast SEO plugin v27.3 - https:\/\/yoast.com\/product\/yoast-seo-wordpress\/ -->\n<title>Zaw\u00f3r steruj\u0105cy hamulca HZS-4 przyczepy D35 D47 D50 - Exparto.pl<\/title>\n<meta name=\"robots\" content=\"index, follow, max-snippet:-1, max-image-preview:large, max-video-preview:-1\" \/>\n<link rel=\"canonical\" href=\"https:\/\/exparto.pl\/en\/produkt\/zawor-sterujacy-hamulca-hzs-4-przyczepy-d35-d47-d50\/\" \/>\n<meta property=\"og:locale\" content=\"en_US\" \/>\n<meta property=\"og:type\" content=\"article\" \/>\n<meta property=\"og:title\" content=\"Zaw\u00f3r steruj\u0105cy hamulca HZS-4 przyczepy D35 D47 D50 - Exparto.pl\" \/>\n<meta property=\"og:description\" content=\"Zaw\u00f3r steruj\u0105cy hamulca D-35, D-47, D-50\" \/>\n<meta property=\"og:url\" content=\"https:\/\/exparto.pl\/en\/produkt\/zawor-sterujacy-hamulca-hzs-4-przyczepy-d35-d47-d50\/\" \/>\n<meta property=\"og:site_name\" content=\"Exparto.pl\" \/>\n<meta property=\"article:publisher\" content=\"https:\/\/www.facebook.com\/exparto.agro\/\" \/>\n<meta property=\"article:modified_time\" content=\"2026-01-21T11:29:44+00:00\" \/>\n<meta property=\"og:image\" content=\"https:\/\/exparto.pl\/wp-content\/uploads\/2023\/12\/d114530b105439934057ff0e66e31552.jpg\" \/>\n\t<meta property=\"og:image:width\" content=\"1000\" \/>\n\t<meta property=\"og:image:height\" content=\"1000\" \/>\n\t<meta property=\"og:image:type\" content=\"image\/jpeg\" \/>\n<meta name=\"twitter:card\" content=\"summary_large_image\" \/>\n<meta name=\"twitter:label1\" content=\"Est. reading time\" \/>\n\t<meta name=\"twitter:data1\" content=\"1 minute\" \/>\n<script type=\"application\/ld+json\" class=\"yoast-schema-graph\">{\"@context\":\"https:\\\/\\\/schema.org\",\"@graph\":[{\"@type\":\"WebPage\",\"@id\":\"https:\\\/\\\/exparto.pl\\\/en\\\/produkt\\\/zawor-sterujacy-hamulca-hzs-4-przyczepy-d35-d47-d50\\\/\",\"url\":\"https:\\\/\\\/exparto.pl\\\/en\\\/produkt\\\/zawor-sterujacy-hamulca-hzs-4-przyczepy-d35-d47-d50\\\/\",\"name\":\"Zaw\u00f3r steruj\u0105cy hamulca HZS-4 przyczepy D35 D47 D50 - Exparto.pl\",\"isPartOf\":{\"@id\":\"https:\\\/\\\/exparto.pl\\\/en\\\/#website\"},\"primaryImageOfPage\":{\"@id\":\"https:\\\/\\\/exparto.pl\\\/en\\\/produkt\\\/zawor-sterujacy-hamulca-hzs-4-przyczepy-d35-d47-d50\\\/#primaryimage\"},\"image\":{\"@id\":\"https:\\\/\\\/exparto.pl\\\/en\\\/produkt\\\/zawor-sterujacy-hamulca-hzs-4-przyczepy-d35-d47-d50\\\/#primaryimage\"},\"thumbnailUrl\":\"https:\\\/\\\/exparto.pl\\\/wp-content\\\/uploads\\\/2023\\\/12\\\/d114530b105439934057ff0e66e31552.jpg\",\"datePublished\":\"2023-12-04T14:52:16+00:00\",\"dateModified\":\"2026-01-21T11:29:44+00:00\",\"breadcrumb\":{\"@id\":\"https:\\\/\\\/exparto.pl\\\/en\\\/produkt\\\/zawor-sterujacy-hamulca-hzs-4-przyczepy-d35-d47-d50\\\/#breadcrumb\"},\"inLanguage\":\"en-US\",\"potentialAction\":[{\"@type\":\"ReadAction\",\"target\":[\"https:\\\/\\\/exparto.pl\\\/en\\\/produkt\\\/zawor-sterujacy-hamulca-hzs-4-przyczepy-d35-d47-d50\\\/\"]}]},{\"@type\":\"ImageObject\",\"inLanguage\":\"en-US\",\"@id\":\"https:\\\/\\\/exparto.pl\\\/en\\\/produkt\\\/zawor-sterujacy-hamulca-hzs-4-przyczepy-d35-d47-d50\\\/#primaryimage\",\"url\":\"https:\\\/\\\/exparto.pl\\\/wp-content\\\/uploads\\\/2023\\\/12\\\/d114530b105439934057ff0e66e31552.jpg\",\"contentUrl\":\"https:\\\/\\\/exparto.pl\\\/wp-content\\\/uploads\\\/2023\\\/12\\\/d114530b105439934057ff0e66e31552.jpg\",\"width\":1000,\"height\":1000},{\"@type\":\"BreadcrumbList\",\"@id\":\"https:\\\/\\\/exparto.pl\\\/en\\\/produkt\\\/zawor-sterujacy-hamulca-hzs-4-przyczepy-d35-d47-d50\\\/#breadcrumb\",\"itemListElement\":[{\"@type\":\"ListItem\",\"position\":1,\"name\":\"Homepage\",\"item\":\"https:\\\/\\\/exparto.pl\\\/en\\\/homepage\\\/\"},{\"@type\":\"ListItem\",\"position\":2,\"name\":\"Sklep\",\"item\":\"https:\\\/\\\/exparto.pl\\\/sklep\\\/\"},{\"@type\":\"ListItem\",\"position\":3,\"name\":\"Trailer parts\",\"item\":\"https:\\\/\\\/exparto.pl\\\/en\\\/product-category\\\/trailer-parts\\\/\"},{\"@type\":\"ListItem\",\"position\":4,\"name\":\"Pasuj\u0105ce do przyczep\",\"item\":\"https:\\\/\\\/exparto.pl\\\/kategoria-produktu\\\/czesci-do-przyczep\\\/d-35-d-47-d-50\\\/\"},{\"@type\":\"ListItem\",\"position\":5,\"name\":\"Cz\u0119\u015bci do przyczepy D-47\",\"item\":\"https:\\\/\\\/exparto.pl\\\/kategoria-produktu\\\/czesci-do-przyczep\\\/d-35-d-47-d-50\\\/d-47\\\/\"},{\"@type\":\"ListItem\",\"position\":6,\"name\":\"Zaw\u00f3r steruj\u0105cy hamulca HZS-4 przyczepy D35 D47 D50\"}]},{\"@type\":\"WebSite\",\"@id\":\"https:\\\/\\\/exparto.pl\\\/en\\\/#website\",\"url\":\"https:\\\/\\\/exparto.pl\\\/en\\\/\",\"name\":\"EXPARTO\",\"description\":\"More than agro parts\",\"publisher\":{\"@id\":\"https:\\\/\\\/exparto.pl\\\/en\\\/#organization\"},\"potentialAction\":[{\"@type\":\"SearchAction\",\"target\":{\"@type\":\"EntryPoint\",\"urlTemplate\":\"https:\\\/\\\/exparto.pl\\\/en\\\/?s={search_term_string}\"},\"query-input\":{\"@type\":\"PropertyValueSpecification\",\"valueRequired\":true,\"valueName\":\"search_term_string\"}}],\"inLanguage\":\"en-US\"},{\"@type\":\"Organization\",\"@id\":\"https:\\\/\\\/exparto.pl\\\/en\\\/#organization\",\"name\":\"EXPARTO\",\"url\":\"https:\\\/\\\/exparto.pl\\\/en\\\/\",\"logo\":{\"@type\":\"ImageObject\",\"inLanguage\":\"en-US\",\"@id\":\"https:\\\/\\\/exparto.pl\\\/en\\\/#\\\/schema\\\/logo\\\/image\\\/\",\"url\":\"https:\\\/\\\/exparto.pl\\\/wp-content\\\/uploads\\\/2023\\\/02\\\/logo-wektor.png\",\"contentUrl\":\"https:\\\/\\\/exparto.pl\\\/wp-content\\\/uploads\\\/2023\\\/02\\\/logo-wektor.png\",\"width\":1338,\"height\":143,\"caption\":\"EXPARTO\"},\"image\":{\"@id\":\"https:\\\/\\\/exparto.pl\\\/en\\\/#\\\/schema\\\/logo\\\/image\\\/\"},\"sameAs\":[\"https:\\\/\\\/www.facebook.com\\\/exparto.agro\\\/\"]}]}<\/script>\n<!-- \/ Yoast SEO plugin. -->","yoast_head_json":{"title":"Zaw\u00f3r steruj\u0105cy hamulca HZS-4 przyczepy D35 D47 D50 - Exparto.pl","robots":{"index":"index","follow":"follow","max-snippet":"max-snippet:-1","max-image-preview":"max-image-preview:large","max-video-preview":"max-video-preview:-1"},"canonical":"https:\/\/exparto.pl\/en\/produkt\/zawor-sterujacy-hamulca-hzs-4-przyczepy-d35-d47-d50\/","og_locale":"en_US","og_type":"article","og_title":"Zaw\u00f3r steruj\u0105cy hamulca HZS-4 przyczepy D35 D47 D50 - Exparto.pl","og_description":"Zaw\u00f3r steruj\u0105cy hamulca D-35, D-47, D-50","og_url":"https:\/\/exparto.pl\/en\/produkt\/zawor-sterujacy-hamulca-hzs-4-przyczepy-d35-d47-d50\/","og_site_name":"Exparto.pl","article_publisher":"https:\/\/www.facebook.com\/exparto.agro\/","article_modified_time":"2026-01-21T11:29:44+00:00","og_image":[{"width":1000,"height":1000,"url":"https:\/\/exparto.pl\/wp-content\/uploads\/2023\/12\/d114530b105439934057ff0e66e31552.jpg","type":"image\/jpeg"}],"twitter_card":"summary_large_image","twitter_misc":{"Est. reading time":"1 minute"},"schema":{"@context":"https:\/\/schema.org","@graph":[{"@type":"WebPage","@id":"https:\/\/exparto.pl\/en\/produkt\/zawor-sterujacy-hamulca-hzs-4-przyczepy-d35-d47-d50\/","url":"https:\/\/exparto.pl\/en\/produkt\/zawor-sterujacy-hamulca-hzs-4-przyczepy-d35-d47-d50\/","name":"Zaw\u00f3r steruj\u0105cy hamulca HZS-4 przyczepy D35 D47 D50 - Exparto.pl","isPartOf":{"@id":"https:\/\/exparto.pl\/en\/#website"},"primaryImageOfPage":{"@id":"https:\/\/exparto.pl\/en\/produkt\/zawor-sterujacy-hamulca-hzs-4-przyczepy-d35-d47-d50\/#primaryimage"},"image":{"@id":"https:\/\/exparto.pl\/en\/produkt\/zawor-sterujacy-hamulca-hzs-4-przyczepy-d35-d47-d50\/#primaryimage"},"thumbnailUrl":"https:\/\/exparto.pl\/wp-content\/uploads\/2023\/12\/d114530b105439934057ff0e66e31552.jpg","datePublished":"2023-12-04T14:52:16+00:00","dateModified":"2026-01-21T11:29:44+00:00","breadcrumb":{"@id":"https:\/\/exparto.pl\/en\/produkt\/zawor-sterujacy-hamulca-hzs-4-przyczepy-d35-d47-d50\/#breadcrumb"},"inLanguage":"en-US","potentialAction":[{"@type":"ReadAction","target":["https:\/\/exparto.pl\/en\/produkt\/zawor-sterujacy-hamulca-hzs-4-przyczepy-d35-d47-d50\/"]}]},{"@type":"ImageObject","inLanguage":"en-US","@id":"https:\/\/exparto.pl\/en\/produkt\/zawor-sterujacy-hamulca-hzs-4-przyczepy-d35-d47-d50\/#primaryimage","url":"https:\/\/exparto.pl\/wp-content\/uploads\/2023\/12\/d114530b105439934057ff0e66e31552.jpg","contentUrl":"https:\/\/exparto.pl\/wp-content\/uploads\/2023\/12\/d114530b105439934057ff0e66e31552.jpg","width":1000,"height":1000},{"@type":"BreadcrumbList","@id":"https:\/\/exparto.pl\/en\/produkt\/zawor-sterujacy-hamulca-hzs-4-przyczepy-d35-d47-d50\/#breadcrumb","itemListElement":[{"@type":"ListItem","position":1,"name":"Homepage","item":"https:\/\/exparto.pl\/en\/homepage\/"},{"@type":"ListItem","position":2,"name":"Sklep","item":"https:\/\/exparto.pl\/sklep\/"},{"@type":"ListItem","position":3,"name":"Trailer parts","item":"https:\/\/exparto.pl\/en\/product-category\/trailer-parts\/"},{"@type":"ListItem","position":4,"name":"Pasuj\u0105ce do przyczep","item":"https:\/\/exparto.pl\/kategoria-produktu\/czesci-do-przyczep\/d-35-d-47-d-50\/"},{"@type":"ListItem","position":5,"name":"Cz\u0119\u015bci do przyczepy D-47","item":"https:\/\/exparto.pl\/kategoria-produktu\/czesci-do-przyczep\/d-35-d-47-d-50\/d-47\/"},{"@type":"ListItem","position":6,"name":"Zaw\u00f3r steruj\u0105cy hamulca HZS-4 przyczepy D35 D47 D50"}]},{"@type":"WebSite","@id":"https:\/\/exparto.pl\/en\/#website","url":"https:\/\/exparto.pl\/en\/","name":"EXPARTO","description":"More than agro parts","publisher":{"@id":"https:\/\/exparto.pl\/en\/#organization"},"potentialAction":[{"@type":"SearchAction","target":{"@type":"EntryPoint","urlTemplate":"https:\/\/exparto.pl\/en\/?s={search_term_string}"},"query-input":{"@type":"PropertyValueSpecification","valueRequired":true,"valueName":"search_term_string"}}],"inLanguage":"en-US"},{"@type":"Organization","@id":"https:\/\/exparto.pl\/en\/#organization","name":"EXPARTO","url":"https:\/\/exparto.pl\/en\/","logo":{"@type":"ImageObject","inLanguage":"en-US","@id":"https:\/\/exparto.pl\/en\/#\/schema\/logo\/image\/","url":"https:\/\/exparto.pl\/wp-content\/uploads\/2023\/02\/logo-wektor.png","contentUrl":"https:\/\/exparto.pl\/wp-content\/uploads\/2023\/02\/logo-wektor.png","width":1338,"height":143,"caption":"EXPARTO"},"image":{"@id":"https:\/\/exparto.pl\/en\/#\/schema\/logo\/image\/"},"sameAs":["https:\/\/www.facebook.com\/exparto.agro\/"]}]}},"_links":{"self":[{"href":"https:\/\/exparto.pl\/en\/wp-json\/wp\/v2\/product\/15662","targetHints":{"allow":["GET"]}}],"collection":[{"href":"https:\/\/exparto.pl\/en\/wp-json\/wp\/v2\/product"}],"about":[{"href":"https:\/\/exparto.pl\/en\/wp-json\/wp\/v2\/types\/product"}],"replies":[{"embeddable":true,"href":"https:\/\/exparto.pl\/en\/wp-json\/wp\/v2\/comments?post=15662"}],"wp:featuredmedia":[{"embeddable":true,"href":"https:\/\/exparto.pl\/en\/wp-json\/wp\/v2\/media\/15627"}],"wp:attachment":[{"href":"https:\/\/exparto.pl\/en\/wp-json\/wp\/v2\/media?parent=15662"}],"wp:term":[{"taxonomy":"product_brand","embeddable":true,"href":"https:\/\/exparto.pl\/en\/wp-json\/wp\/v2\/product_brand?post=15662"},{"taxonomy":"product_cat","embeddable":true,"href":"https:\/\/exparto.pl\/en\/wp-json\/wp\/v2\/product_cat?post=15662"},{"taxonomy":"product_tag","embeddable":true,"href":"https:\/\/exparto.pl\/en\/wp-json\/wp\/v2\/product_tag?post=15662"}],"curies":[{"name":"wp","href":"https:\/\/api.w.org\/{rel}","templated":true}]}}