{"id":16297,"date":"2023-12-18T15:07:42","date_gmt":"2023-12-18T14:07:42","guid":{"rendered":"https:\/\/exparto.pl\/produkt\/resor-kompletny-d-47\/"},"modified":"2026-03-26T14:49:32","modified_gmt":"2026-03-26T13:49:32","slug":"resor-kompletny-d-47","status":"publish","type":"product","link":"https:\/\/exparto.pl\/en\/produkt\/resor-kompletny-d-47\/","title":{"rendered":"Resor kompletny D-47, D-43, D-44, D-46, D-732"},"content":{"rendered":"<p><span style=\"font-weight: 400;\">Szukasz wysokiej jako\u015bci resor\u00f3w pi\u00f3rowych do swojej przyczepy? W EXPARTO przygotowali\u015bmy dedykowane rozwi\u0105zania. W\u015br\u00f3d nich znajduje si\u0119 <\/span><b>kompletny resor do przyczepy D-47 sk\u0142adaj\u0105cy si\u0119 z 7 pi\u00f3r.<\/b><span style=\"font-weight: 400;\"> Gwarantujemy jego wysok\u0105 jako\u015b\u0107 oraz odporno\u015b\u0107 na intensywn\u0105 eksploatacj\u0119. Zapraszamy do zapoznania si\u0119 z nasz\u0105 ofert\u0105.\u00a0<\/span><\/p>\n<h2><span style=\"font-weight: 400;\">Resor pi\u00f3rowy do przyczepy D-47 &#8211; resor kompletny przyczepki 7 pi\u00f3r<\/span><\/h2>\n<p><b>Oferowany przez nas resor pi\u00f3rowy do przyczepki D-47 to kompletny podzesp\u00f3\u0142<\/b><span style=\"font-weight: 400;\">. Charakteryzuje si\u0119 prost\u0105 budow\u0105. Wyr\u00f3\u017cnia si\u0119 w niej 7 pi\u00f3r, uszy do mocowania resoru do wieszaka i do nadwozia oraz obejmy metalowe \u015bci\u0105gaj\u0105ce pi\u00f3ra. Tak przygotowany element stosuje si\u0119 w wybranych przyczepach i pojazdach rolniczych. Resor pi\u00f3rowy odpowiada za \u0142agodzenie drga\u0144, dociskanie k\u00f3\u0142 do nawierzchni oraz przyjmowanie na siebie si\u0142 powstaj\u0105cych w trakcie hamowania i przyspieszania.\u00a0<\/span><\/p>\n<p><span style=\"font-weight: 400;\">Resor przyczepy D-47 7 pi\u00f3r to kompletne rozwi\u0105zanie przygotowane przez naszych ekspert\u00f3w. Podzesp\u00f3\u0142 powstaje w Polsce z wysokiej jako\u015bci stali. Dok\u0142adne wymiary to 108 \u00d7 10 \u00d7 23 cm, a waga wynosi 22,8 kilograma. <\/span><b>Ten resor do przyczepki przeznaczony jest do stosowania w modelu Autosan Sanok D-47<\/b><span style=\"font-weight: 400;\">, jednak sprawdzi si\u0119 r\u00f3wnie\u017c w innych rozwi\u0105zaniach tego producenta, m.in.:<\/span><\/p>\n<ul>\n<li style=\"font-weight: 400;\" aria-level=\"1\"><span style=\"font-weight: 400;\">D-43,<\/span><\/li>\n<li style=\"font-weight: 400;\" aria-level=\"1\"><span style=\"font-weight: 400;\">D-44,<\/span><\/li>\n<li style=\"font-weight: 400;\" aria-level=\"1\"><span style=\"font-weight: 400;\">D-46,<\/span><\/li>\n<li style=\"font-weight: 400;\" aria-level=\"1\"><span style=\"font-weight: 400;\">D-732.<\/span><\/li>\n<\/ul>\n<p><span style=\"font-weight: 400;\">Poszukujesz resora kompletnego do przyczepy D-47 u\u017cytkowanej w gospodarstwie? Znajdziesz go w naszym sklepie. <\/span><b>Zapraszamy do zakupu dedykowanego resora od EXPARTO<\/b><span style=\"font-weight: 400;\">. W przypadku jakichkolwiek pyta\u0144 lub w\u0105tpliwo\u015bci skonsultuj si\u0119 z naszym ekspertem.\u00a0<\/span><\/p>\n<p style=\"text-align: justify;\"><b>Pasuje do:<\/b><\/p>\n<ul>\n<li style=\"text-align: justify;\"><span style=\"color: var(--gray-800);\">przyczepy rolnicze D-43 D-44 D-46 D-47 D-732<\/span><\/li>\n<\/ul>\n","protected":false},"excerpt":{"rendered":"<p><span style=\"text-align: justify;\">Resor kompletny sk\u0142adaj\u0105cy si\u0119 z 7 pi\u00f3r.<\/span><\/p>\n","protected":false},"featured_media":16272,"comment_status":"open","ping_status":"closed","template":"","meta":{"_acf_changed":false,"inline_featured_image":false},"product_brand":[],"product_cat":[50,746,739,731],"product_tag":[],"class_list":{"0":"post-16297","1":"product","2":"type-product","3":"status-publish","4":"has-post-thumbnail","6":"product_cat-czesci-do-przyczep","7":"product_cat-d-47","8":"product_cat-d-35-d-47-d-50","9":"product_cat-resory","11":"first","12":"instock","13":"taxable","14":"shipping-taxable","15":"purchasable","16":"product-type-simple"},"acf":[],"yoast_head":"<!-- This site is optimized with the Yoast SEO plugin v27.3 - https:\/\/yoast.com\/product\/yoast-seo-wordpress\/ -->\n<title>Resor kompletny D-47, D-43, D-44, D-46, D-732 - Exparto.pl<\/title>\n<meta name=\"robots\" content=\"index, follow, max-snippet:-1, max-image-preview:large, max-video-preview:-1\" \/>\n<link rel=\"canonical\" href=\"https:\/\/exparto.pl\/en\/produkt\/resor-kompletny-d-47\/\" \/>\n<meta property=\"og:locale\" content=\"en_US\" \/>\n<meta property=\"og:type\" content=\"article\" \/>\n<meta property=\"og:title\" content=\"Resor kompletny D-47, D-43, D-44, D-46, D-732 - Exparto.pl\" \/>\n<meta property=\"og:description\" content=\"Resor kompletny sk\u0142adaj\u0105cy si\u0119 z 7 pi\u00f3r.\" \/>\n<meta property=\"og:url\" content=\"https:\/\/exparto.pl\/en\/produkt\/resor-kompletny-d-47\/\" \/>\n<meta property=\"og:site_name\" content=\"Exparto.pl\" \/>\n<meta property=\"article:publisher\" content=\"https:\/\/www.facebook.com\/exparto.agro\/\" \/>\n<meta property=\"article:modified_time\" content=\"2026-03-26T13:49:32+00:00\" \/>\n<meta property=\"og:image\" content=\"https:\/\/exparto.pl\/wp-content\/uploads\/2023\/12\/332c4b7b0a60b25f1dd87410b493b59b-rotated.jpg\" \/>\n\t<meta property=\"og:image:width\" content=\"1000\" \/>\n\t<meta property=\"og:image:height\" content=\"1000\" \/>\n\t<meta property=\"og:image:type\" content=\"image\/jpeg\" \/>\n<meta name=\"twitter:card\" content=\"summary_large_image\" \/>\n<meta name=\"twitter:label1\" content=\"Est. reading time\" \/>\n\t<meta name=\"twitter:data1\" content=\"2 minutes\" \/>\n<script type=\"application\/ld+json\" class=\"yoast-schema-graph\">{\"@context\":\"https:\\\/\\\/schema.org\",\"@graph\":[{\"@type\":\"WebPage\",\"@id\":\"https:\\\/\\\/exparto.pl\\\/en\\\/produkt\\\/resor-kompletny-d-47\\\/\",\"url\":\"https:\\\/\\\/exparto.pl\\\/en\\\/produkt\\\/resor-kompletny-d-47\\\/\",\"name\":\"Resor kompletny D-47, D-43, D-44, D-46, D-732 - Exparto.pl\",\"isPartOf\":{\"@id\":\"https:\\\/\\\/exparto.pl\\\/en\\\/#website\"},\"primaryImageOfPage\":{\"@id\":\"https:\\\/\\\/exparto.pl\\\/en\\\/produkt\\\/resor-kompletny-d-47\\\/#primaryimage\"},\"image\":{\"@id\":\"https:\\\/\\\/exparto.pl\\\/en\\\/produkt\\\/resor-kompletny-d-47\\\/#primaryimage\"},\"thumbnailUrl\":\"https:\\\/\\\/exparto.pl\\\/wp-content\\\/uploads\\\/2023\\\/12\\\/332c4b7b0a60b25f1dd87410b493b59b-rotated.jpg\",\"datePublished\":\"2023-12-18T14:07:42+00:00\",\"dateModified\":\"2026-03-26T13:49:32+00:00\",\"breadcrumb\":{\"@id\":\"https:\\\/\\\/exparto.pl\\\/en\\\/produkt\\\/resor-kompletny-d-47\\\/#breadcrumb\"},\"inLanguage\":\"en-US\",\"potentialAction\":[{\"@type\":\"ReadAction\",\"target\":[\"https:\\\/\\\/exparto.pl\\\/en\\\/produkt\\\/resor-kompletny-d-47\\\/\"]}]},{\"@type\":\"ImageObject\",\"inLanguage\":\"en-US\",\"@id\":\"https:\\\/\\\/exparto.pl\\\/en\\\/produkt\\\/resor-kompletny-d-47\\\/#primaryimage\",\"url\":\"https:\\\/\\\/exparto.pl\\\/wp-content\\\/uploads\\\/2023\\\/12\\\/332c4b7b0a60b25f1dd87410b493b59b-rotated.jpg\",\"contentUrl\":\"https:\\\/\\\/exparto.pl\\\/wp-content\\\/uploads\\\/2023\\\/12\\\/332c4b7b0a60b25f1dd87410b493b59b-rotated.jpg\",\"width\":1000,\"height\":1000},{\"@type\":\"BreadcrumbList\",\"@id\":\"https:\\\/\\\/exparto.pl\\\/en\\\/produkt\\\/resor-kompletny-d-47\\\/#breadcrumb\",\"itemListElement\":[{\"@type\":\"ListItem\",\"position\":1,\"name\":\"Homepage\",\"item\":\"https:\\\/\\\/exparto.pl\\\/en\\\/homepage\\\/\"},{\"@type\":\"ListItem\",\"position\":2,\"name\":\"Sklep\",\"item\":\"https:\\\/\\\/exparto.pl\\\/sklep\\\/\"},{\"@type\":\"ListItem\",\"position\":3,\"name\":\"Trailer parts\",\"item\":\"https:\\\/\\\/exparto.pl\\\/en\\\/product-category\\\/trailer-parts\\\/\"},{\"@type\":\"ListItem\",\"position\":4,\"name\":\"Resor kompletny D-47, D-43, D-44, D-46, D-732\"}]},{\"@type\":\"WebSite\",\"@id\":\"https:\\\/\\\/exparto.pl\\\/en\\\/#website\",\"url\":\"https:\\\/\\\/exparto.pl\\\/en\\\/\",\"name\":\"EXPARTO\",\"description\":\"More than agro parts\",\"publisher\":{\"@id\":\"https:\\\/\\\/exparto.pl\\\/en\\\/#organization\"},\"potentialAction\":[{\"@type\":\"SearchAction\",\"target\":{\"@type\":\"EntryPoint\",\"urlTemplate\":\"https:\\\/\\\/exparto.pl\\\/en\\\/?s={search_term_string}\"},\"query-input\":{\"@type\":\"PropertyValueSpecification\",\"valueRequired\":true,\"valueName\":\"search_term_string\"}}],\"inLanguage\":\"en-US\"},{\"@type\":\"Organization\",\"@id\":\"https:\\\/\\\/exparto.pl\\\/en\\\/#organization\",\"name\":\"EXPARTO\",\"url\":\"https:\\\/\\\/exparto.pl\\\/en\\\/\",\"logo\":{\"@type\":\"ImageObject\",\"inLanguage\":\"en-US\",\"@id\":\"https:\\\/\\\/exparto.pl\\\/en\\\/#\\\/schema\\\/logo\\\/image\\\/\",\"url\":\"https:\\\/\\\/exparto.pl\\\/wp-content\\\/uploads\\\/2023\\\/02\\\/logo-wektor.png\",\"contentUrl\":\"https:\\\/\\\/exparto.pl\\\/wp-content\\\/uploads\\\/2023\\\/02\\\/logo-wektor.png\",\"width\":1338,\"height\":143,\"caption\":\"EXPARTO\"},\"image\":{\"@id\":\"https:\\\/\\\/exparto.pl\\\/en\\\/#\\\/schema\\\/logo\\\/image\\\/\"},\"sameAs\":[\"https:\\\/\\\/www.facebook.com\\\/exparto.agro\\\/\"]}]}<\/script>\n<!-- \/ Yoast SEO plugin. -->","yoast_head_json":{"title":"Resor kompletny D-47, D-43, D-44, D-46, D-732 - Exparto.pl","robots":{"index":"index","follow":"follow","max-snippet":"max-snippet:-1","max-image-preview":"max-image-preview:large","max-video-preview":"max-video-preview:-1"},"canonical":"https:\/\/exparto.pl\/en\/produkt\/resor-kompletny-d-47\/","og_locale":"en_US","og_type":"article","og_title":"Resor kompletny D-47, D-43, D-44, D-46, D-732 - Exparto.pl","og_description":"Resor kompletny sk\u0142adaj\u0105cy si\u0119 z 7 pi\u00f3r.","og_url":"https:\/\/exparto.pl\/en\/produkt\/resor-kompletny-d-47\/","og_site_name":"Exparto.pl","article_publisher":"https:\/\/www.facebook.com\/exparto.agro\/","article_modified_time":"2026-03-26T13:49:32+00:00","og_image":[{"width":1000,"height":1000,"url":"https:\/\/exparto.pl\/wp-content\/uploads\/2023\/12\/332c4b7b0a60b25f1dd87410b493b59b-rotated.jpg","type":"image\/jpeg"}],"twitter_card":"summary_large_image","twitter_misc":{"Est. reading time":"2 minutes"},"schema":{"@context":"https:\/\/schema.org","@graph":[{"@type":"WebPage","@id":"https:\/\/exparto.pl\/en\/produkt\/resor-kompletny-d-47\/","url":"https:\/\/exparto.pl\/en\/produkt\/resor-kompletny-d-47\/","name":"Resor kompletny D-47, D-43, D-44, D-46, D-732 - Exparto.pl","isPartOf":{"@id":"https:\/\/exparto.pl\/en\/#website"},"primaryImageOfPage":{"@id":"https:\/\/exparto.pl\/en\/produkt\/resor-kompletny-d-47\/#primaryimage"},"image":{"@id":"https:\/\/exparto.pl\/en\/produkt\/resor-kompletny-d-47\/#primaryimage"},"thumbnailUrl":"https:\/\/exparto.pl\/wp-content\/uploads\/2023\/12\/332c4b7b0a60b25f1dd87410b493b59b-rotated.jpg","datePublished":"2023-12-18T14:07:42+00:00","dateModified":"2026-03-26T13:49:32+00:00","breadcrumb":{"@id":"https:\/\/exparto.pl\/en\/produkt\/resor-kompletny-d-47\/#breadcrumb"},"inLanguage":"en-US","potentialAction":[{"@type":"ReadAction","target":["https:\/\/exparto.pl\/en\/produkt\/resor-kompletny-d-47\/"]}]},{"@type":"ImageObject","inLanguage":"en-US","@id":"https:\/\/exparto.pl\/en\/produkt\/resor-kompletny-d-47\/#primaryimage","url":"https:\/\/exparto.pl\/wp-content\/uploads\/2023\/12\/332c4b7b0a60b25f1dd87410b493b59b-rotated.jpg","contentUrl":"https:\/\/exparto.pl\/wp-content\/uploads\/2023\/12\/332c4b7b0a60b25f1dd87410b493b59b-rotated.jpg","width":1000,"height":1000},{"@type":"BreadcrumbList","@id":"https:\/\/exparto.pl\/en\/produkt\/resor-kompletny-d-47\/#breadcrumb","itemListElement":[{"@type":"ListItem","position":1,"name":"Homepage","item":"https:\/\/exparto.pl\/en\/homepage\/"},{"@type":"ListItem","position":2,"name":"Sklep","item":"https:\/\/exparto.pl\/sklep\/"},{"@type":"ListItem","position":3,"name":"Trailer parts","item":"https:\/\/exparto.pl\/en\/product-category\/trailer-parts\/"},{"@type":"ListItem","position":4,"name":"Resor kompletny D-47, D-43, D-44, D-46, D-732"}]},{"@type":"WebSite","@id":"https:\/\/exparto.pl\/en\/#website","url":"https:\/\/exparto.pl\/en\/","name":"EXPARTO","description":"More than agro parts","publisher":{"@id":"https:\/\/exparto.pl\/en\/#organization"},"potentialAction":[{"@type":"SearchAction","target":{"@type":"EntryPoint","urlTemplate":"https:\/\/exparto.pl\/en\/?s={search_term_string}"},"query-input":{"@type":"PropertyValueSpecification","valueRequired":true,"valueName":"search_term_string"}}],"inLanguage":"en-US"},{"@type":"Organization","@id":"https:\/\/exparto.pl\/en\/#organization","name":"EXPARTO","url":"https:\/\/exparto.pl\/en\/","logo":{"@type":"ImageObject","inLanguage":"en-US","@id":"https:\/\/exparto.pl\/en\/#\/schema\/logo\/image\/","url":"https:\/\/exparto.pl\/wp-content\/uploads\/2023\/02\/logo-wektor.png","contentUrl":"https:\/\/exparto.pl\/wp-content\/uploads\/2023\/02\/logo-wektor.png","width":1338,"height":143,"caption":"EXPARTO"},"image":{"@id":"https:\/\/exparto.pl\/en\/#\/schema\/logo\/image\/"},"sameAs":["https:\/\/www.facebook.com\/exparto.agro\/"]}]}},"_links":{"self":[{"href":"https:\/\/exparto.pl\/en\/wp-json\/wp\/v2\/product\/16297","targetHints":{"allow":["GET"]}}],"collection":[{"href":"https:\/\/exparto.pl\/en\/wp-json\/wp\/v2\/product"}],"about":[{"href":"https:\/\/exparto.pl\/en\/wp-json\/wp\/v2\/types\/product"}],"replies":[{"embeddable":true,"href":"https:\/\/exparto.pl\/en\/wp-json\/wp\/v2\/comments?post=16297"}],"wp:featuredmedia":[{"embeddable":true,"href":"https:\/\/exparto.pl\/en\/wp-json\/wp\/v2\/media\/16272"}],"wp:attachment":[{"href":"https:\/\/exparto.pl\/en\/wp-json\/wp\/v2\/media?parent=16297"}],"wp:term":[{"taxonomy":"product_brand","embeddable":true,"href":"https:\/\/exparto.pl\/en\/wp-json\/wp\/v2\/product_brand?post=16297"},{"taxonomy":"product_cat","embeddable":true,"href":"https:\/\/exparto.pl\/en\/wp-json\/wp\/v2\/product_cat?post=16297"},{"taxonomy":"product_tag","embeddable":true,"href":"https:\/\/exparto.pl\/en\/wp-json\/wp\/v2\/product_tag?post=16297"}],"curies":[{"name":"wp","href":"https:\/\/api.w.org\/{rel}","templated":true}]}}