{"id":16527,"date":"2023-12-19T11:12:05","date_gmt":"2023-12-19T10:12:05","guid":{"rendered":"https:\/\/exparto.pl\/produkt\/lampa-robocza-16-led-48-w-3070-lm-kwadratowa-107x107x58-mm\/"},"modified":"2026-03-31T22:01:16","modified_gmt":"2026-03-31T20:01:16","slug":"lampa-robocza-16-led-48-w-3070-lm-kwadratowa-107x107x58-mm","status":"publish","type":"product","link":"https:\/\/exparto.pl\/en\/produkt\/lampa-robocza-16-led-48-w-3070-lm-kwadratowa-107x107x58-mm\/","title":{"rendered":"Lampa robocza 16 led, 48 W, 3070 LM kwadratowa 107x107x58 mm"},"content":{"rendered":"<p><span style=\"font-weight: 400;\">Lampa robocza kwadratowa (numer katalogowy <\/span><span style=\"font-weight: 400;\">OSW000120) <\/span><span style=\"font-weight: 400;\">to praktyczne o\u015bwietlenie robocze LED do ci\u0105gnik\u00f3w. Urz\u0105dzenie wyr\u00f3\u017cnia si\u0119 wysok\u0105 efektywno\u015bci\u0105 energetyczn\u0105 oraz d\u0142ug\u0105 \u017cywotno\u015bci\u0105. <\/span><b>Poza tym lampa robocza LED 34V (o\u015bwietlenie robocze 16 LED) jest trwa\u0142a i odporna na wstrz\u0105sy.<\/b><\/p>\n<h2><span style=\"font-weight: 400;\">Lampa robocza LED do ci\u0105gnika 3070 LM 12\/34V &#8211; kwadratowe o\u015bwietlenie robocze 48W<\/span><\/h2>\n<p><span style=\"font-weight: 400;\">Prezentowany produkt mo\u017ce by\u0107 z powodzeniem u\u017cywany w samochodach ci\u0119\u017carowych i ci\u0105gnikach rolniczych. Poza tym lampa robocza LED do ci\u0105gnika 3070 LM 12\/34V &#8211; kwadratowe o\u015bwietlenie robocze 48W nadaje si\u0119 do pojazd\u00f3w typu off-road oraz innych pojazd\u00f3w specjalnych. <\/span><b>Oferowana przez nas lampa robocza 48W zapewnia skoncentrowane \u015bwiat\u0142o.<\/b><\/p>\n<p><span style=\"font-weight: 400;\">Strumie\u0144 na poziomie 3070 lm jest bardzo jasny. <\/span><b>Lampa robocza LED 12V mo\u017ce by\u0107 zatem z powodzeniem wykorzystywana do o\u015bwietlania \u015brednich i du\u017cych pomieszcze\u0144.<\/b><span style=\"font-weight: 400;\"> Poza tym wyr\u00f3\u017cnia si\u0119 kompaktowymi rozmiarami i jest \u0142atwa w monta\u017cu. Lampa robocza LED do ci\u0105gnika 3070 LM jest wodoodporna, dlatego nadaje si\u0119 do pracy w r\u00f3\u017cnych warunkach \u015brodowiskowych.<\/span><\/p>\n","protected":false},"excerpt":{"rendered":"<p>Lampa robocza kwadratowa (numer katalogowy OSW000120) to praktyczne o\u015bwietlenie robocze LED do ci\u0105gnik\u00f3w. Urz\u0105dzenie wyr\u00f3\u017cnia si\u0119 wysok\u0105 efektywno\u015bci\u0105 energetyczn\u0105 oraz d\u0142ug\u0105 \u017cywotno\u015bci\u0105. Poza tym lampa robocza LED 34V (o\u015bwietlenie robocze 16 LED) jest trwa\u0142a i odporna na wstrz\u0105sy. Lampa robocza LED do ci\u0105gnika 3070 LM 12\/34V &#8211; kwadratowe o\u015bwietlenie robocze 48W Prezentowany produkt mo\u017ce by\u0107 [&hellip;]<\/p>\n","protected":false},"featured_media":16512,"comment_status":"open","ping_status":"closed","template":"","meta":{"_acf_changed":false,"inline_featured_image":false},"product_brand":[],"product_cat":[618],"product_tag":[],"class_list":{"0":"post-16527","1":"product","2":"type-product","3":"status-publish","4":"has-post-thumbnail","6":"product_cat-pracovne-lampy","8":"first","9":"instock","10":"taxable","11":"shipping-taxable","12":"purchasable","13":"product-type-simple"},"acf":[],"yoast_head":"<!-- This site is optimized with the Yoast SEO plugin v27.2 - https:\/\/yoast.com\/product\/yoast-seo-wordpress\/ -->\n<title>Lampa robocza 16 led, 48 W, 3070 LM kwadratowa 107x107x58 mm - Exparto.pl<\/title>\n<meta name=\"robots\" content=\"index, follow, max-snippet:-1, max-image-preview:large, max-video-preview:-1\" \/>\n<link rel=\"canonical\" href=\"https:\/\/exparto.pl\/en\/produkt\/lampa-robocza-16-led-48-w-3070-lm-kwadratowa-107x107x58-mm\/\" \/>\n<meta property=\"og:locale\" content=\"en_US\" \/>\n<meta property=\"og:type\" content=\"article\" \/>\n<meta property=\"og:title\" content=\"Lampa robocza 16 led, 48 W, 3070 LM kwadratowa 107x107x58 mm - Exparto.pl\" \/>\n<meta property=\"og:description\" content=\"Lampa robocza kwadratowa (numer katalogowy OSW000120) to praktyczne o\u015bwietlenie robocze LED do ci\u0105gnik\u00f3w. Urz\u0105dzenie wyr\u00f3\u017cnia si\u0119 wysok\u0105 efektywno\u015bci\u0105 energetyczn\u0105 oraz d\u0142ug\u0105 \u017cywotno\u015bci\u0105. Poza tym lampa robocza LED 34V (o\u015bwietlenie robocze 16 LED) jest trwa\u0142a i odporna na wstrz\u0105sy. Lampa robocza LED do ci\u0105gnika 3070 LM 12\/34V &#8211; kwadratowe o\u015bwietlenie robocze 48W Prezentowany produkt mo\u017ce by\u0107 [&hellip;]\" \/>\n<meta property=\"og:url\" content=\"https:\/\/exparto.pl\/en\/produkt\/lampa-robocza-16-led-48-w-3070-lm-kwadratowa-107x107x58-mm\/\" \/>\n<meta property=\"og:site_name\" content=\"Exparto.pl\" \/>\n<meta property=\"article:publisher\" content=\"https:\/\/www.facebook.com\/exparto.agro\/\" \/>\n<meta property=\"article:modified_time\" content=\"2026-03-31T20:01:16+00:00\" \/>\n<meta property=\"og:image\" content=\"https:\/\/exparto.pl\/wp-content\/uploads\/2023\/12\/46c625b036fc6f57940706eac46fc376.jpg\" \/>\n\t<meta property=\"og:image:width\" content=\"1000\" \/>\n\t<meta property=\"og:image:height\" content=\"1000\" \/>\n\t<meta property=\"og:image:type\" content=\"image\/jpeg\" \/>\n<meta name=\"twitter:card\" content=\"summary_large_image\" \/>\n<meta name=\"twitter:label1\" content=\"Est. reading time\" \/>\n\t<meta name=\"twitter:data1\" content=\"2 minutes\" \/>\n<script type=\"application\/ld+json\" class=\"yoast-schema-graph\">{\"@context\":\"https:\/\/schema.org\",\"@graph\":[{\"@type\":\"WebPage\",\"@id\":\"https:\/\/exparto.pl\/en\/produkt\/lampa-robocza-16-led-48-w-3070-lm-kwadratowa-107x107x58-mm\/\",\"url\":\"https:\/\/exparto.pl\/en\/produkt\/lampa-robocza-16-led-48-w-3070-lm-kwadratowa-107x107x58-mm\/\",\"name\":\"Lampa robocza 16 led, 48 W, 3070 LM kwadratowa 107x107x58 mm - Exparto.pl\",\"isPartOf\":{\"@id\":\"https:\/\/exparto.pl\/en\/#website\"},\"primaryImageOfPage\":{\"@id\":\"https:\/\/exparto.pl\/en\/produkt\/lampa-robocza-16-led-48-w-3070-lm-kwadratowa-107x107x58-mm\/#primaryimage\"},\"image\":{\"@id\":\"https:\/\/exparto.pl\/en\/produkt\/lampa-robocza-16-led-48-w-3070-lm-kwadratowa-107x107x58-mm\/#primaryimage\"},\"thumbnailUrl\":\"https:\/\/exparto.pl\/wp-content\/uploads\/2023\/12\/46c625b036fc6f57940706eac46fc376.jpg\",\"datePublished\":\"2023-12-19T10:12:05+00:00\",\"dateModified\":\"2026-03-31T20:01:16+00:00\",\"breadcrumb\":{\"@id\":\"https:\/\/exparto.pl\/en\/produkt\/lampa-robocza-16-led-48-w-3070-lm-kwadratowa-107x107x58-mm\/#breadcrumb\"},\"inLanguage\":\"en-US\",\"potentialAction\":[{\"@type\":\"ReadAction\",\"target\":[\"https:\/\/exparto.pl\/en\/produkt\/lampa-robocza-16-led-48-w-3070-lm-kwadratowa-107x107x58-mm\/\"]}]},{\"@type\":\"ImageObject\",\"inLanguage\":\"en-US\",\"@id\":\"https:\/\/exparto.pl\/en\/produkt\/lampa-robocza-16-led-48-w-3070-lm-kwadratowa-107x107x58-mm\/#primaryimage\",\"url\":\"https:\/\/exparto.pl\/wp-content\/uploads\/2023\/12\/46c625b036fc6f57940706eac46fc376.jpg\",\"contentUrl\":\"https:\/\/exparto.pl\/wp-content\/uploads\/2023\/12\/46c625b036fc6f57940706eac46fc376.jpg\",\"width\":1000,\"height\":1000},{\"@type\":\"BreadcrumbList\",\"@id\":\"https:\/\/exparto.pl\/en\/produkt\/lampa-robocza-16-led-48-w-3070-lm-kwadratowa-107x107x58-mm\/#breadcrumb\",\"itemListElement\":[{\"@type\":\"ListItem\",\"position\":1,\"name\":\"Homepage\",\"item\":\"https:\/\/exparto.pl\/en\/homepage\/\"},{\"@type\":\"ListItem\",\"position\":2,\"name\":\"Sklep\",\"item\":\"https:\/\/exparto.pl\/sklep\/\"},{\"@type\":\"ListItem\",\"position\":3,\"name\":\"Lighting\",\"item\":\"https:\/\/exparto.pl\/en\/product-category\/lighting\/\"},{\"@type\":\"ListItem\",\"position\":4,\"name\":\"Work lamps\",\"item\":\"https:\/\/exparto.pl\/en\/product-category\/lighting\/work-lamps\/\"},{\"@type\":\"ListItem\",\"position\":5,\"name\":\"Lampa robocza 16 led, 48 W, 3070 LM kwadratowa 107x107x58 mm\"}]},{\"@type\":\"WebSite\",\"@id\":\"https:\/\/exparto.pl\/en\/#website\",\"url\":\"https:\/\/exparto.pl\/en\/\",\"name\":\"EXPARTO\",\"description\":\"More than agro parts\",\"publisher\":{\"@id\":\"https:\/\/exparto.pl\/en\/#organization\"},\"potentialAction\":[{\"@type\":\"SearchAction\",\"target\":{\"@type\":\"EntryPoint\",\"urlTemplate\":\"https:\/\/exparto.pl\/en\/?s={search_term_string}\"},\"query-input\":{\"@type\":\"PropertyValueSpecification\",\"valueRequired\":true,\"valueName\":\"search_term_string\"}}],\"inLanguage\":\"en-US\"},{\"@type\":\"Organization\",\"@id\":\"https:\/\/exparto.pl\/en\/#organization\",\"name\":\"EXPARTO\",\"url\":\"https:\/\/exparto.pl\/en\/\",\"logo\":{\"@type\":\"ImageObject\",\"inLanguage\":\"en-US\",\"@id\":\"https:\/\/exparto.pl\/en\/#\/schema\/logo\/image\/\",\"url\":\"https:\/\/exparto.pl\/wp-content\/uploads\/2023\/02\/logo-wektor.png\",\"contentUrl\":\"https:\/\/exparto.pl\/wp-content\/uploads\/2023\/02\/logo-wektor.png\",\"width\":1338,\"height\":143,\"caption\":\"EXPARTO\"},\"image\":{\"@id\":\"https:\/\/exparto.pl\/en\/#\/schema\/logo\/image\/\"},\"sameAs\":[\"https:\/\/www.facebook.com\/exparto.agro\/\"]}]}<\/script>\n<!-- \/ Yoast SEO plugin. -->","yoast_head_json":{"title":"Lampa robocza 16 led, 48 W, 3070 LM kwadratowa 107x107x58 mm - Exparto.pl","robots":{"index":"index","follow":"follow","max-snippet":"max-snippet:-1","max-image-preview":"max-image-preview:large","max-video-preview":"max-video-preview:-1"},"canonical":"https:\/\/exparto.pl\/en\/produkt\/lampa-robocza-16-led-48-w-3070-lm-kwadratowa-107x107x58-mm\/","og_locale":"en_US","og_type":"article","og_title":"Lampa robocza 16 led, 48 W, 3070 LM kwadratowa 107x107x58 mm - Exparto.pl","og_description":"Lampa robocza kwadratowa (numer katalogowy OSW000120) to praktyczne o\u015bwietlenie robocze LED do ci\u0105gnik\u00f3w. Urz\u0105dzenie wyr\u00f3\u017cnia si\u0119 wysok\u0105 efektywno\u015bci\u0105 energetyczn\u0105 oraz d\u0142ug\u0105 \u017cywotno\u015bci\u0105. Poza tym lampa robocza LED 34V (o\u015bwietlenie robocze 16 LED) jest trwa\u0142a i odporna na wstrz\u0105sy. Lampa robocza LED do ci\u0105gnika 3070 LM 12\/34V &#8211; kwadratowe o\u015bwietlenie robocze 48W Prezentowany produkt mo\u017ce by\u0107 [&hellip;]","og_url":"https:\/\/exparto.pl\/en\/produkt\/lampa-robocza-16-led-48-w-3070-lm-kwadratowa-107x107x58-mm\/","og_site_name":"Exparto.pl","article_publisher":"https:\/\/www.facebook.com\/exparto.agro\/","article_modified_time":"2026-03-31T20:01:16+00:00","og_image":[{"width":1000,"height":1000,"url":"https:\/\/exparto.pl\/wp-content\/uploads\/2023\/12\/46c625b036fc6f57940706eac46fc376.jpg","type":"image\/jpeg"}],"twitter_card":"summary_large_image","twitter_misc":{"Est. reading time":"2 minutes"},"schema":{"@context":"https:\/\/schema.org","@graph":[{"@type":"WebPage","@id":"https:\/\/exparto.pl\/en\/produkt\/lampa-robocza-16-led-48-w-3070-lm-kwadratowa-107x107x58-mm\/","url":"https:\/\/exparto.pl\/en\/produkt\/lampa-robocza-16-led-48-w-3070-lm-kwadratowa-107x107x58-mm\/","name":"Lampa robocza 16 led, 48 W, 3070 LM kwadratowa 107x107x58 mm - Exparto.pl","isPartOf":{"@id":"https:\/\/exparto.pl\/en\/#website"},"primaryImageOfPage":{"@id":"https:\/\/exparto.pl\/en\/produkt\/lampa-robocza-16-led-48-w-3070-lm-kwadratowa-107x107x58-mm\/#primaryimage"},"image":{"@id":"https:\/\/exparto.pl\/en\/produkt\/lampa-robocza-16-led-48-w-3070-lm-kwadratowa-107x107x58-mm\/#primaryimage"},"thumbnailUrl":"https:\/\/exparto.pl\/wp-content\/uploads\/2023\/12\/46c625b036fc6f57940706eac46fc376.jpg","datePublished":"2023-12-19T10:12:05+00:00","dateModified":"2026-03-31T20:01:16+00:00","breadcrumb":{"@id":"https:\/\/exparto.pl\/en\/produkt\/lampa-robocza-16-led-48-w-3070-lm-kwadratowa-107x107x58-mm\/#breadcrumb"},"inLanguage":"en-US","potentialAction":[{"@type":"ReadAction","target":["https:\/\/exparto.pl\/en\/produkt\/lampa-robocza-16-led-48-w-3070-lm-kwadratowa-107x107x58-mm\/"]}]},{"@type":"ImageObject","inLanguage":"en-US","@id":"https:\/\/exparto.pl\/en\/produkt\/lampa-robocza-16-led-48-w-3070-lm-kwadratowa-107x107x58-mm\/#primaryimage","url":"https:\/\/exparto.pl\/wp-content\/uploads\/2023\/12\/46c625b036fc6f57940706eac46fc376.jpg","contentUrl":"https:\/\/exparto.pl\/wp-content\/uploads\/2023\/12\/46c625b036fc6f57940706eac46fc376.jpg","width":1000,"height":1000},{"@type":"BreadcrumbList","@id":"https:\/\/exparto.pl\/en\/produkt\/lampa-robocza-16-led-48-w-3070-lm-kwadratowa-107x107x58-mm\/#breadcrumb","itemListElement":[{"@type":"ListItem","position":1,"name":"Homepage","item":"https:\/\/exparto.pl\/en\/homepage\/"},{"@type":"ListItem","position":2,"name":"Sklep","item":"https:\/\/exparto.pl\/sklep\/"},{"@type":"ListItem","position":3,"name":"Lighting","item":"https:\/\/exparto.pl\/en\/product-category\/lighting\/"},{"@type":"ListItem","position":4,"name":"Work lamps","item":"https:\/\/exparto.pl\/en\/product-category\/lighting\/work-lamps\/"},{"@type":"ListItem","position":5,"name":"Lampa robocza 16 led, 48 W, 3070 LM kwadratowa 107x107x58 mm"}]},{"@type":"WebSite","@id":"https:\/\/exparto.pl\/en\/#website","url":"https:\/\/exparto.pl\/en\/","name":"EXPARTO","description":"More than agro parts","publisher":{"@id":"https:\/\/exparto.pl\/en\/#organization"},"potentialAction":[{"@type":"SearchAction","target":{"@type":"EntryPoint","urlTemplate":"https:\/\/exparto.pl\/en\/?s={search_term_string}"},"query-input":{"@type":"PropertyValueSpecification","valueRequired":true,"valueName":"search_term_string"}}],"inLanguage":"en-US"},{"@type":"Organization","@id":"https:\/\/exparto.pl\/en\/#organization","name":"EXPARTO","url":"https:\/\/exparto.pl\/en\/","logo":{"@type":"ImageObject","inLanguage":"en-US","@id":"https:\/\/exparto.pl\/en\/#\/schema\/logo\/image\/","url":"https:\/\/exparto.pl\/wp-content\/uploads\/2023\/02\/logo-wektor.png","contentUrl":"https:\/\/exparto.pl\/wp-content\/uploads\/2023\/02\/logo-wektor.png","width":1338,"height":143,"caption":"EXPARTO"},"image":{"@id":"https:\/\/exparto.pl\/en\/#\/schema\/logo\/image\/"},"sameAs":["https:\/\/www.facebook.com\/exparto.agro\/"]}]}},"_links":{"self":[{"href":"https:\/\/exparto.pl\/en\/wp-json\/wp\/v2\/product\/16527","targetHints":{"allow":["GET"]}}],"collection":[{"href":"https:\/\/exparto.pl\/en\/wp-json\/wp\/v2\/product"}],"about":[{"href":"https:\/\/exparto.pl\/en\/wp-json\/wp\/v2\/types\/product"}],"replies":[{"embeddable":true,"href":"https:\/\/exparto.pl\/en\/wp-json\/wp\/v2\/comments?post=16527"}],"wp:featuredmedia":[{"embeddable":true,"href":"https:\/\/exparto.pl\/en\/wp-json\/wp\/v2\/media\/16512"}],"wp:attachment":[{"href":"https:\/\/exparto.pl\/en\/wp-json\/wp\/v2\/media?parent=16527"}],"wp:term":[{"taxonomy":"product_brand","embeddable":true,"href":"https:\/\/exparto.pl\/en\/wp-json\/wp\/v2\/product_brand?post=16527"},{"taxonomy":"product_cat","embeddable":true,"href":"https:\/\/exparto.pl\/en\/wp-json\/wp\/v2\/product_cat?post=16527"},{"taxonomy":"product_tag","embeddable":true,"href":"https:\/\/exparto.pl\/en\/wp-json\/wp\/v2\/product_tag?post=16527"}],"curies":[{"name":"wp","href":"https:\/\/api.w.org\/{rel}","templated":true}]}}