{"id":16656,"date":"2023-12-20T09:52:22","date_gmt":"2023-12-20T08:52:22","guid":{"rendered":"https:\/\/exparto.pl\/produkt\/pokrywa-rozrzutnika-duza-z-otworem-zeliwna\/"},"modified":"2026-01-21T12:30:19","modified_gmt":"2026-01-21T11:30:19","slug":"pokrywa-rozrzutnika-duza-z-otworem-zeliwna","status":"publish","type":"product","link":"https:\/\/exparto.pl\/en\/produkt\/pokrywa-rozrzutnika-duza-z-otworem-zeliwna\/","title":{"rendered":"Pokrywa rozrzutnika du\u017ca z otworem \u017celiwna"},"content":{"rendered":"<p style=\"text-align: justify\">Pokrywa \u0142o\u017cyska rozrzutnika du\u017ca \u017celiwna.<\/p>\n<p style=\"text-align: justify\"><span style=\"color: var(--gray-800)\"><b>Zastosowanie:<\/b><\/span><span style=\"color: var(--gray-800)\">\u00a0<\/span><\/p>\n<ul>\n<li style=\"text-align: justify\"><span style=\"color: var(--gray-800);font-size: 14px\">rozrzutnik obornika<\/span><\/li>\n<\/ul>\n<div style=\"text-align: justify\"><b>Numer katalogowy:<\/b><b><\/b><\/div>\n<div style=\"text-align: justify\">\n<ul>\n<li>220803019<\/li>\n<\/ul>\n<\/div>\n<div style=\"text-align: justify\">\n<p><span style=\"font-weight: 400\">Prezentowana pokrywa \u0142o\u017cyska rozrzutnika obornika (numer katalogowy <\/span><span style=\"font-weight: 400\">CZR01686)<\/span><span style=\"font-weight: 400\"> to wa\u017cny komponent, kt\u00f3ry pe\u0142ni funkcj\u0119 zabezpieczaj\u0105c\u0105 i os\u0142aniaj\u0105c\u0105 \u0142o\u017cysko w rozrzutniku. <\/span><b>\u017beliwna pokrywa \u0142o\u017cyska zapewnia ochron\u0119 przed uszkodzeniami mechanicznymi oraz negatywnym wp\u0142ywem czynnik\u00f3w zewn\u0119trznych, co jest kluczowe dla prawid\u0142owego funkcjonowania maszyny rolniczej.<\/b><\/p>\n<h2><span style=\"font-weight: 400\">Pokrywa \u0142o\u017cyska rozrzutnika \u2013 \u017celiwna, du\u017ca, z otworem 46 mm<\/span><\/h2>\n<p><span style=\"font-weight: 400\">Du\u017ca<\/span> <span style=\"font-weight: 400\">pokrywa \u0142o\u017cyska rozrzutnika z otworem 46 mm jest wykonana z \u017celiwa. Jest to materia\u0142 znany ze swojej wyj\u0105tkowej wytrzyma\u0142o\u015bci i odporno\u015bci na uszkodzenia, dlatego\u00a0 bywa cz\u0119sto wykorzystywany do produkcji cz\u0119\u015bci do maszyn rolniczych,<\/span><\/p>\n<p><b>\u017beliwo charakteryzuje si\u0119 wysok\u0105 odporno\u015bci\u0105 na \u015bcieranie i p\u0119kni\u0119cia<\/b><span style=\"font-weight: 400\">. Jest to szczeg\u00f3lnie wa\u017cne w \u015brodowisku rolniczym, gdzie pokrywa \u0142o\u017cyska do rozrzutnika oraz inne elementy s\u0105 nara\u017cone na ci\u0119\u017ckie warunki pracy, w tym kontakt z agresywnymi substancjami, takimi jak obornik oraz na si\u0142y mechaniczne. Pokrywa \u0142o\u017cyska rozrzutnika \u017celiwna, du\u017ca, z otworem 46 mm jest niezb\u0119dna do utrzymania d\u0142ugotrwa\u0142ej i bezawaryjnej pracy maszyny, zw\u0142aszcza w warunkach intensywnej eksploatacji.<\/span><\/p>\n<\/div>\n","protected":false},"excerpt":{"rendered":"<p style=\"text-align: justify\">Pokrywa \u0142o\u017cyska du\u017ca \u017celiwna.<\/p>\n<p>&nbsp;<\/p>\n","protected":false},"featured_media":16641,"comment_status":"open","ping_status":"closed","template":"","meta":{"_acf_changed":false,"inline_featured_image":false},"product_brand":[],"product_cat":[732,975],"product_tag":[],"class_list":{"0":"post-16656","1":"product","2":"type-product","3":"status-publish","4":"has-post-thumbnail","6":"product_cat-czesci-do-rozrzutnika","7":"product_cat-pokrywy","9":"first","10":"instock","11":"taxable","12":"shipping-taxable","13":"purchasable","14":"product-type-simple"},"acf":[],"yoast_head":"<!-- This site is optimized with the Yoast SEO plugin v27.3 - https:\/\/yoast.com\/product\/yoast-seo-wordpress\/ -->\n<title>Pokrywa rozrzutnika du\u017ca z otworem \u017celiwna - Exparto.pl<\/title>\n<meta name=\"description\" content=\"Sprawd\u017a \ud83d\udc49 pokryw\u0119 \u0142o\u017cyska rozrzutnika - \u017celiwna, du\u017ca, z otworem 46 mm \ud83c\udfe2 ze sklepu Exparto! \u2705 Wysoka jako\u015b\u0107! \ud83d\udd36 Gwarancja zadowolenia!\" \/>\n<meta name=\"robots\" content=\"index, follow, max-snippet:-1, max-image-preview:large, max-video-preview:-1\" \/>\n<link rel=\"canonical\" href=\"https:\/\/exparto.pl\/en\/produkt\/pokrywa-rozrzutnika-duza-z-otworem-zeliwna\/\" \/>\n<meta property=\"og:locale\" content=\"en_US\" \/>\n<meta property=\"og:type\" content=\"article\" \/>\n<meta property=\"og:title\" content=\"Pokrywa rozrzutnika du\u017ca z otworem \u017celiwna - Exparto.pl\" \/>\n<meta property=\"og:description\" content=\"Sprawd\u017a \ud83d\udc49 pokryw\u0119 \u0142o\u017cyska rozrzutnika - \u017celiwna, du\u017ca, z otworem 46 mm \ud83c\udfe2 ze sklepu Exparto! \u2705 Wysoka jako\u015b\u0107! \ud83d\udd36 Gwarancja zadowolenia!\" \/>\n<meta property=\"og:url\" content=\"https:\/\/exparto.pl\/en\/produkt\/pokrywa-rozrzutnika-duza-z-otworem-zeliwna\/\" \/>\n<meta property=\"og:site_name\" content=\"Exparto.pl\" \/>\n<meta property=\"article:publisher\" content=\"https:\/\/www.facebook.com\/exparto.agro\/\" \/>\n<meta property=\"article:modified_time\" content=\"2026-01-21T11:30:19+00:00\" \/>\n<meta property=\"og:image\" content=\"https:\/\/exparto.pl\/wp-content\/uploads\/2023\/12\/51d69538938f8a6646c54f4b73fe3ebe.jpg\" \/>\n\t<meta property=\"og:image:width\" content=\"1000\" \/>\n\t<meta property=\"og:image:height\" content=\"1000\" \/>\n\t<meta property=\"og:image:type\" content=\"image\/jpeg\" \/>\n<meta name=\"twitter:card\" content=\"summary_large_image\" \/>\n<meta name=\"twitter:label1\" content=\"Est. reading time\" \/>\n\t<meta name=\"twitter:data1\" content=\"2 minutes\" \/>\n<script type=\"application\/ld+json\" class=\"yoast-schema-graph\">{\"@context\":\"https:\\\/\\\/schema.org\",\"@graph\":[{\"@type\":\"WebPage\",\"@id\":\"https:\\\/\\\/exparto.pl\\\/en\\\/produkt\\\/pokrywa-rozrzutnika-duza-z-otworem-zeliwna\\\/\",\"url\":\"https:\\\/\\\/exparto.pl\\\/en\\\/produkt\\\/pokrywa-rozrzutnika-duza-z-otworem-zeliwna\\\/\",\"name\":\"Pokrywa rozrzutnika du\u017ca z otworem \u017celiwna - Exparto.pl\",\"isPartOf\":{\"@id\":\"https:\\\/\\\/exparto.pl\\\/en\\\/#website\"},\"primaryImageOfPage\":{\"@id\":\"https:\\\/\\\/exparto.pl\\\/en\\\/produkt\\\/pokrywa-rozrzutnika-duza-z-otworem-zeliwna\\\/#primaryimage\"},\"image\":{\"@id\":\"https:\\\/\\\/exparto.pl\\\/en\\\/produkt\\\/pokrywa-rozrzutnika-duza-z-otworem-zeliwna\\\/#primaryimage\"},\"thumbnailUrl\":\"https:\\\/\\\/exparto.pl\\\/wp-content\\\/uploads\\\/2023\\\/12\\\/51d69538938f8a6646c54f4b73fe3ebe.jpg\",\"datePublished\":\"2023-12-20T08:52:22+00:00\",\"dateModified\":\"2026-01-21T11:30:19+00:00\",\"description\":\"Sprawd\u017a \ud83d\udc49 pokryw\u0119 \u0142o\u017cyska rozrzutnika - \u017celiwna, du\u017ca, z otworem 46 mm \ud83c\udfe2 ze sklepu Exparto! \u2705 Wysoka jako\u015b\u0107! \ud83d\udd36 Gwarancja zadowolenia!\",\"breadcrumb\":{\"@id\":\"https:\\\/\\\/exparto.pl\\\/en\\\/produkt\\\/pokrywa-rozrzutnika-duza-z-otworem-zeliwna\\\/#breadcrumb\"},\"inLanguage\":\"en-US\",\"potentialAction\":[{\"@type\":\"ReadAction\",\"target\":[\"https:\\\/\\\/exparto.pl\\\/en\\\/produkt\\\/pokrywa-rozrzutnika-duza-z-otworem-zeliwna\\\/\"]}]},{\"@type\":\"ImageObject\",\"inLanguage\":\"en-US\",\"@id\":\"https:\\\/\\\/exparto.pl\\\/en\\\/produkt\\\/pokrywa-rozrzutnika-duza-z-otworem-zeliwna\\\/#primaryimage\",\"url\":\"https:\\\/\\\/exparto.pl\\\/wp-content\\\/uploads\\\/2023\\\/12\\\/51d69538938f8a6646c54f4b73fe3ebe.jpg\",\"contentUrl\":\"https:\\\/\\\/exparto.pl\\\/wp-content\\\/uploads\\\/2023\\\/12\\\/51d69538938f8a6646c54f4b73fe3ebe.jpg\",\"width\":1000,\"height\":1000},{\"@type\":\"BreadcrumbList\",\"@id\":\"https:\\\/\\\/exparto.pl\\\/en\\\/produkt\\\/pokrywa-rozrzutnika-duza-z-otworem-zeliwna\\\/#breadcrumb\",\"itemListElement\":[{\"@type\":\"ListItem\",\"position\":1,\"name\":\"Homepage\",\"item\":\"https:\\\/\\\/exparto.pl\\\/en\\\/homepage\\\/\"},{\"@type\":\"ListItem\",\"position\":2,\"name\":\"Sklep\",\"item\":\"https:\\\/\\\/exparto.pl\\\/sklep\\\/\"},{\"@type\":\"ListItem\",\"position\":3,\"name\":\"Cz\u0119\u015bci do rozrzutnika\",\"item\":\"https:\\\/\\\/exparto.pl\\\/kategoria-produktu\\\/czesci-do-rozrzutnika\\\/\"},{\"@type\":\"ListItem\",\"position\":4,\"name\":\"Pokrywa rozrzutnika du\u017ca z otworem \u017celiwna\"}]},{\"@type\":\"WebSite\",\"@id\":\"https:\\\/\\\/exparto.pl\\\/en\\\/#website\",\"url\":\"https:\\\/\\\/exparto.pl\\\/en\\\/\",\"name\":\"EXPARTO\",\"description\":\"More than agro parts\",\"publisher\":{\"@id\":\"https:\\\/\\\/exparto.pl\\\/en\\\/#organization\"},\"potentialAction\":[{\"@type\":\"SearchAction\",\"target\":{\"@type\":\"EntryPoint\",\"urlTemplate\":\"https:\\\/\\\/exparto.pl\\\/en\\\/?s={search_term_string}\"},\"query-input\":{\"@type\":\"PropertyValueSpecification\",\"valueRequired\":true,\"valueName\":\"search_term_string\"}}],\"inLanguage\":\"en-US\"},{\"@type\":\"Organization\",\"@id\":\"https:\\\/\\\/exparto.pl\\\/en\\\/#organization\",\"name\":\"EXPARTO\",\"url\":\"https:\\\/\\\/exparto.pl\\\/en\\\/\",\"logo\":{\"@type\":\"ImageObject\",\"inLanguage\":\"en-US\",\"@id\":\"https:\\\/\\\/exparto.pl\\\/en\\\/#\\\/schema\\\/logo\\\/image\\\/\",\"url\":\"https:\\\/\\\/exparto.pl\\\/wp-content\\\/uploads\\\/2023\\\/02\\\/logo-wektor.png\",\"contentUrl\":\"https:\\\/\\\/exparto.pl\\\/wp-content\\\/uploads\\\/2023\\\/02\\\/logo-wektor.png\",\"width\":1338,\"height\":143,\"caption\":\"EXPARTO\"},\"image\":{\"@id\":\"https:\\\/\\\/exparto.pl\\\/en\\\/#\\\/schema\\\/logo\\\/image\\\/\"},\"sameAs\":[\"https:\\\/\\\/www.facebook.com\\\/exparto.agro\\\/\"]}]}<\/script>\n<!-- \/ Yoast SEO plugin. -->","yoast_head_json":{"title":"Pokrywa rozrzutnika du\u017ca z otworem \u017celiwna - Exparto.pl","description":"Sprawd\u017a \ud83d\udc49 pokryw\u0119 \u0142o\u017cyska rozrzutnika - \u017celiwna, du\u017ca, z otworem 46 mm \ud83c\udfe2 ze sklepu Exparto! \u2705 Wysoka jako\u015b\u0107! \ud83d\udd36 Gwarancja zadowolenia!","robots":{"index":"index","follow":"follow","max-snippet":"max-snippet:-1","max-image-preview":"max-image-preview:large","max-video-preview":"max-video-preview:-1"},"canonical":"https:\/\/exparto.pl\/en\/produkt\/pokrywa-rozrzutnika-duza-z-otworem-zeliwna\/","og_locale":"en_US","og_type":"article","og_title":"Pokrywa rozrzutnika du\u017ca z otworem \u017celiwna - Exparto.pl","og_description":"Sprawd\u017a \ud83d\udc49 pokryw\u0119 \u0142o\u017cyska rozrzutnika - \u017celiwna, du\u017ca, z otworem 46 mm \ud83c\udfe2 ze sklepu Exparto! \u2705 Wysoka jako\u015b\u0107! \ud83d\udd36 Gwarancja zadowolenia!","og_url":"https:\/\/exparto.pl\/en\/produkt\/pokrywa-rozrzutnika-duza-z-otworem-zeliwna\/","og_site_name":"Exparto.pl","article_publisher":"https:\/\/www.facebook.com\/exparto.agro\/","article_modified_time":"2026-01-21T11:30:19+00:00","og_image":[{"width":1000,"height":1000,"url":"https:\/\/exparto.pl\/wp-content\/uploads\/2023\/12\/51d69538938f8a6646c54f4b73fe3ebe.jpg","type":"image\/jpeg"}],"twitter_card":"summary_large_image","twitter_misc":{"Est. reading time":"2 minutes"},"schema":{"@context":"https:\/\/schema.org","@graph":[{"@type":"WebPage","@id":"https:\/\/exparto.pl\/en\/produkt\/pokrywa-rozrzutnika-duza-z-otworem-zeliwna\/","url":"https:\/\/exparto.pl\/en\/produkt\/pokrywa-rozrzutnika-duza-z-otworem-zeliwna\/","name":"Pokrywa rozrzutnika du\u017ca z otworem \u017celiwna - Exparto.pl","isPartOf":{"@id":"https:\/\/exparto.pl\/en\/#website"},"primaryImageOfPage":{"@id":"https:\/\/exparto.pl\/en\/produkt\/pokrywa-rozrzutnika-duza-z-otworem-zeliwna\/#primaryimage"},"image":{"@id":"https:\/\/exparto.pl\/en\/produkt\/pokrywa-rozrzutnika-duza-z-otworem-zeliwna\/#primaryimage"},"thumbnailUrl":"https:\/\/exparto.pl\/wp-content\/uploads\/2023\/12\/51d69538938f8a6646c54f4b73fe3ebe.jpg","datePublished":"2023-12-20T08:52:22+00:00","dateModified":"2026-01-21T11:30:19+00:00","description":"Sprawd\u017a \ud83d\udc49 pokryw\u0119 \u0142o\u017cyska rozrzutnika - \u017celiwna, du\u017ca, z otworem 46 mm \ud83c\udfe2 ze sklepu Exparto! \u2705 Wysoka jako\u015b\u0107! \ud83d\udd36 Gwarancja zadowolenia!","breadcrumb":{"@id":"https:\/\/exparto.pl\/en\/produkt\/pokrywa-rozrzutnika-duza-z-otworem-zeliwna\/#breadcrumb"},"inLanguage":"en-US","potentialAction":[{"@type":"ReadAction","target":["https:\/\/exparto.pl\/en\/produkt\/pokrywa-rozrzutnika-duza-z-otworem-zeliwna\/"]}]},{"@type":"ImageObject","inLanguage":"en-US","@id":"https:\/\/exparto.pl\/en\/produkt\/pokrywa-rozrzutnika-duza-z-otworem-zeliwna\/#primaryimage","url":"https:\/\/exparto.pl\/wp-content\/uploads\/2023\/12\/51d69538938f8a6646c54f4b73fe3ebe.jpg","contentUrl":"https:\/\/exparto.pl\/wp-content\/uploads\/2023\/12\/51d69538938f8a6646c54f4b73fe3ebe.jpg","width":1000,"height":1000},{"@type":"BreadcrumbList","@id":"https:\/\/exparto.pl\/en\/produkt\/pokrywa-rozrzutnika-duza-z-otworem-zeliwna\/#breadcrumb","itemListElement":[{"@type":"ListItem","position":1,"name":"Homepage","item":"https:\/\/exparto.pl\/en\/homepage\/"},{"@type":"ListItem","position":2,"name":"Sklep","item":"https:\/\/exparto.pl\/sklep\/"},{"@type":"ListItem","position":3,"name":"Cz\u0119\u015bci do rozrzutnika","item":"https:\/\/exparto.pl\/kategoria-produktu\/czesci-do-rozrzutnika\/"},{"@type":"ListItem","position":4,"name":"Pokrywa rozrzutnika du\u017ca z otworem \u017celiwna"}]},{"@type":"WebSite","@id":"https:\/\/exparto.pl\/en\/#website","url":"https:\/\/exparto.pl\/en\/","name":"EXPARTO","description":"More than agro parts","publisher":{"@id":"https:\/\/exparto.pl\/en\/#organization"},"potentialAction":[{"@type":"SearchAction","target":{"@type":"EntryPoint","urlTemplate":"https:\/\/exparto.pl\/en\/?s={search_term_string}"},"query-input":{"@type":"PropertyValueSpecification","valueRequired":true,"valueName":"search_term_string"}}],"inLanguage":"en-US"},{"@type":"Organization","@id":"https:\/\/exparto.pl\/en\/#organization","name":"EXPARTO","url":"https:\/\/exparto.pl\/en\/","logo":{"@type":"ImageObject","inLanguage":"en-US","@id":"https:\/\/exparto.pl\/en\/#\/schema\/logo\/image\/","url":"https:\/\/exparto.pl\/wp-content\/uploads\/2023\/02\/logo-wektor.png","contentUrl":"https:\/\/exparto.pl\/wp-content\/uploads\/2023\/02\/logo-wektor.png","width":1338,"height":143,"caption":"EXPARTO"},"image":{"@id":"https:\/\/exparto.pl\/en\/#\/schema\/logo\/image\/"},"sameAs":["https:\/\/www.facebook.com\/exparto.agro\/"]}]}},"_links":{"self":[{"href":"https:\/\/exparto.pl\/en\/wp-json\/wp\/v2\/product\/16656","targetHints":{"allow":["GET"]}}],"collection":[{"href":"https:\/\/exparto.pl\/en\/wp-json\/wp\/v2\/product"}],"about":[{"href":"https:\/\/exparto.pl\/en\/wp-json\/wp\/v2\/types\/product"}],"replies":[{"embeddable":true,"href":"https:\/\/exparto.pl\/en\/wp-json\/wp\/v2\/comments?post=16656"}],"wp:featuredmedia":[{"embeddable":true,"href":"https:\/\/exparto.pl\/en\/wp-json\/wp\/v2\/media\/16641"}],"wp:attachment":[{"href":"https:\/\/exparto.pl\/en\/wp-json\/wp\/v2\/media?parent=16656"}],"wp:term":[{"taxonomy":"product_brand","embeddable":true,"href":"https:\/\/exparto.pl\/en\/wp-json\/wp\/v2\/product_brand?post=16656"},{"taxonomy":"product_cat","embeddable":true,"href":"https:\/\/exparto.pl\/en\/wp-json\/wp\/v2\/product_cat?post=16656"},{"taxonomy":"product_tag","embeddable":true,"href":"https:\/\/exparto.pl\/en\/wp-json\/wp\/v2\/product_tag?post=16656"}],"curies":[{"name":"wp","href":"https:\/\/api.w.org\/{rel}","templated":true}]}}