{"id":16769,"date":"2023-12-20T16:11:36","date_gmt":"2023-12-20T15:11:36","guid":{"rendered":"https:\/\/exparto.pl\/produkt\/tuleja-kolnierzowa-sprzegla-rozrzutnika\/"},"modified":"2026-03-30T11:01:06","modified_gmt":"2026-03-30T09:01:06","slug":"tuleja-kolnierzowa-sprzegla-rozrzutnika","status":"publish","type":"product","link":"https:\/\/exparto.pl\/en\/produkt\/tuleja-kolnierzowa-sprzegla-rozrzutnika\/","title":{"rendered":"Tuleja ko\u0142nierzowa sprz\u0119g\u0142a rozrzutnika"},"content":{"rendered":"<p style=\"text-align: justify;\">Tuleja ko\u0142nierzowa sprz\u0119g\u0142a rozrzutnika.<\/p>\n<p style=\"text-align: justify;\"><b>Zastosowanie:<\/b><\/p>\n<ul>\n<li style=\"text-align: justify;\">rozrzutnik obornika<\/li>\n<\/ul>\n<div style=\"text-align: justify;\"><b>Numer katalogowy:<\/b><\/div>\n<div>\n<ul>\n<li style=\"text-align: justify;\">220803027<\/li>\n<\/ul>\n<\/div>\n<div style=\"text-align: justify;\">\n<p><span style=\"font-weight: 400;\">Tuleja ko\u0142nierzowa sprz\u0119g\u0142a do rozrzutnika obornika \u2013 stalowa, fi 30 mm, wpust 8 mm (numer katalogowy <\/span><span style=\"font-weight: 400;\">CZR01614) <\/span><span style=\"font-weight: 400;\">odgrywa kluczow\u0105 rol\u0119 w mechanizmie sprz\u0119g\u0142a rozrzutnika, zapewniaj\u0105c stabilno\u015b\u0107 i wytrzyma\u0142o\u015b\u0107 po\u0142\u0105cze\u0144. <\/span><b>Jej g\u0142\u00f3wn\u0105 funkcj\u0105 jest \u0142\u0105czenie i stabilizowanie r\u00f3\u017cnych komponent\u00f3w mechanicznych. <\/b><span style=\"font-weight: 400;\">Tuleja ko\u0142nierzowa sprz\u0119g\u0142a rozrzutnika sprawia, \u017ce elementy sprz\u0119g\u0142a s\u0105 odpowiednio dopasowane i mocowane, co jest niezb\u0119dne do p\u0142ynnej i bezpiecznej pracy maszyny.\u00a0<\/span><\/p>\n<h2><span style=\"font-weight: 400;\">Tuleja ko\u0142nierzowa sprz\u0119g\u0142a do rozrzutnika obornika \u2013 stalowa, fi 30 mm, wpust 8 mm<\/span><\/h2>\n<p><b>Tuleja ko\u0142nierzowa z ko\u0142nierzem stalowym ma \u015brednic\u0119 fi 30 mm i wpust 8 mm.<\/b><span style=\"font-weight: 400;\"> W warunkach rolniczych, gdzie maszyny s\u0105 nara\u017cone na ci\u0119\u017ckie obci\u0105\u017cenia, wibracje i r\u00f3\u017cnorodne warunki atmosferyczne, tuleja ko\u0142nierzowa zapewnia niezawodno\u015b\u0107 i d\u0142ugotrwa\u0142e funkcjonowanie rozrzutnika.<\/span><\/p>\n<p><b>Solidna konstrukcja opisywanego elementu gwarantuje odporno\u015b\u0107 na uszkodzenia mechaniczne. <\/b><span style=\"font-weight: 400;\">Dzi\u0119ki temu tuleja ko\u0142nierzowa sprz\u0119g\u0142a do rozrzutnika obornika przyczynia si\u0119 do zmniejszenia ryzyka awarii. Poza tym prezentowana tuleja ko\u0142nierzowa stalowa wyd\u0142u\u017ca \u017cywotno\u015b\u0107 maszyny rolniczej.<\/span><\/p>\n<\/div>\n","protected":false},"excerpt":{"rendered":"<p style=\"text-align: justify;\">Tuleja ko\u0142nierzowa sprz\u0119g\u0142a do rozrzutnika obronika<\/p>\n","protected":false},"featured_media":16754,"comment_status":"open","ping_status":"closed","template":"","meta":{"_acf_changed":false,"inline_featured_image":false},"product_brand":[],"product_cat":[732],"product_tag":[],"class_list":{"0":"post-16769","1":"product","2":"type-product","3":"status-publish","4":"has-post-thumbnail","6":"product_cat-czesci-do-rozrzutnika","8":"first","9":"instock","10":"taxable","11":"shipping-taxable","12":"purchasable","13":"product-type-simple"},"acf":[],"yoast_head":"<!-- This site is optimized with the Yoast SEO plugin v27.3 - https:\/\/yoast.com\/product\/yoast-seo-wordpress\/ -->\n<title>Tuleja ko\u0142nierzowa sprz\u0119g\u0142a rozrzutnika - Exparto.pl<\/title>\n<meta name=\"description\" content=\"Sprawd\u017a \ud83d\udc49 tulej\u0119 ko\u0142nierzow\u0105 sprz\u0119g\u0142a do rozrzutnika obornika - stalow\u0105, fi 30 mm, wpust 8 mm \ud83c\udfe2 ze sklepu Exparto! \u2705 Wysoka jako\u015b\u0107!\" \/>\n<meta name=\"robots\" content=\"index, follow, max-snippet:-1, max-image-preview:large, max-video-preview:-1\" \/>\n<link rel=\"canonical\" href=\"https:\/\/exparto.pl\/en\/produkt\/tuleja-kolnierzowa-sprzegla-rozrzutnika\/\" \/>\n<meta property=\"og:locale\" content=\"en_US\" \/>\n<meta property=\"og:type\" content=\"article\" \/>\n<meta property=\"og:title\" content=\"Tuleja ko\u0142nierzowa sprz\u0119g\u0142a rozrzutnika - Exparto.pl\" \/>\n<meta property=\"og:description\" content=\"Sprawd\u017a \ud83d\udc49 tulej\u0119 ko\u0142nierzow\u0105 sprz\u0119g\u0142a do rozrzutnika obornika - stalow\u0105, fi 30 mm, wpust 8 mm \ud83c\udfe2 ze sklepu Exparto! \u2705 Wysoka jako\u015b\u0107!\" \/>\n<meta property=\"og:url\" content=\"https:\/\/exparto.pl\/en\/produkt\/tuleja-kolnierzowa-sprzegla-rozrzutnika\/\" \/>\n<meta property=\"og:site_name\" content=\"Exparto.pl\" \/>\n<meta property=\"article:publisher\" content=\"https:\/\/www.facebook.com\/exparto.agro\/\" \/>\n<meta property=\"article:modified_time\" content=\"2026-03-30T09:01:06+00:00\" \/>\n<meta property=\"og:image\" content=\"https:\/\/exparto.pl\/wp-content\/uploads\/2023\/12\/713b1ccb801465c8d83183f0956fa5f3.jpg\" \/>\n\t<meta property=\"og:image:width\" content=\"1000\" \/>\n\t<meta property=\"og:image:height\" content=\"1000\" \/>\n\t<meta property=\"og:image:type\" content=\"image\/jpeg\" \/>\n<meta name=\"twitter:card\" content=\"summary_large_image\" \/>\n<meta name=\"twitter:label1\" content=\"Est. reading time\" \/>\n\t<meta name=\"twitter:data1\" content=\"2 minutes\" \/>\n<script type=\"application\/ld+json\" class=\"yoast-schema-graph\">{\"@context\":\"https:\\\/\\\/schema.org\",\"@graph\":[{\"@type\":\"WebPage\",\"@id\":\"https:\\\/\\\/exparto.pl\\\/en\\\/produkt\\\/tuleja-kolnierzowa-sprzegla-rozrzutnika\\\/\",\"url\":\"https:\\\/\\\/exparto.pl\\\/en\\\/produkt\\\/tuleja-kolnierzowa-sprzegla-rozrzutnika\\\/\",\"name\":\"Tuleja ko\u0142nierzowa sprz\u0119g\u0142a rozrzutnika - Exparto.pl\",\"isPartOf\":{\"@id\":\"https:\\\/\\\/exparto.pl\\\/en\\\/#website\"},\"primaryImageOfPage\":{\"@id\":\"https:\\\/\\\/exparto.pl\\\/en\\\/produkt\\\/tuleja-kolnierzowa-sprzegla-rozrzutnika\\\/#primaryimage\"},\"image\":{\"@id\":\"https:\\\/\\\/exparto.pl\\\/en\\\/produkt\\\/tuleja-kolnierzowa-sprzegla-rozrzutnika\\\/#primaryimage\"},\"thumbnailUrl\":\"https:\\\/\\\/exparto.pl\\\/wp-content\\\/uploads\\\/2023\\\/12\\\/713b1ccb801465c8d83183f0956fa5f3.jpg\",\"datePublished\":\"2023-12-20T15:11:36+00:00\",\"dateModified\":\"2026-03-30T09:01:06+00:00\",\"description\":\"Sprawd\u017a \ud83d\udc49 tulej\u0119 ko\u0142nierzow\u0105 sprz\u0119g\u0142a do rozrzutnika obornika - stalow\u0105, fi 30 mm, wpust 8 mm \ud83c\udfe2 ze sklepu Exparto! \u2705 Wysoka jako\u015b\u0107!\",\"breadcrumb\":{\"@id\":\"https:\\\/\\\/exparto.pl\\\/en\\\/produkt\\\/tuleja-kolnierzowa-sprzegla-rozrzutnika\\\/#breadcrumb\"},\"inLanguage\":\"en-US\",\"potentialAction\":[{\"@type\":\"ReadAction\",\"target\":[\"https:\\\/\\\/exparto.pl\\\/en\\\/produkt\\\/tuleja-kolnierzowa-sprzegla-rozrzutnika\\\/\"]}]},{\"@type\":\"ImageObject\",\"inLanguage\":\"en-US\",\"@id\":\"https:\\\/\\\/exparto.pl\\\/en\\\/produkt\\\/tuleja-kolnierzowa-sprzegla-rozrzutnika\\\/#primaryimage\",\"url\":\"https:\\\/\\\/exparto.pl\\\/wp-content\\\/uploads\\\/2023\\\/12\\\/713b1ccb801465c8d83183f0956fa5f3.jpg\",\"contentUrl\":\"https:\\\/\\\/exparto.pl\\\/wp-content\\\/uploads\\\/2023\\\/12\\\/713b1ccb801465c8d83183f0956fa5f3.jpg\",\"width\":1000,\"height\":1000},{\"@type\":\"BreadcrumbList\",\"@id\":\"https:\\\/\\\/exparto.pl\\\/en\\\/produkt\\\/tuleja-kolnierzowa-sprzegla-rozrzutnika\\\/#breadcrumb\",\"itemListElement\":[{\"@type\":\"ListItem\",\"position\":1,\"name\":\"Homepage\",\"item\":\"https:\\\/\\\/exparto.pl\\\/en\\\/homepage\\\/\"},{\"@type\":\"ListItem\",\"position\":2,\"name\":\"Sklep\",\"item\":\"https:\\\/\\\/exparto.pl\\\/sklep\\\/\"},{\"@type\":\"ListItem\",\"position\":3,\"name\":\"Cz\u0119\u015bci do rozrzutnika\",\"item\":\"https:\\\/\\\/exparto.pl\\\/kategoria-produktu\\\/czesci-do-rozrzutnika\\\/\"},{\"@type\":\"ListItem\",\"position\":4,\"name\":\"Tuleja ko\u0142nierzowa sprz\u0119g\u0142a rozrzutnika\"}]},{\"@type\":\"WebSite\",\"@id\":\"https:\\\/\\\/exparto.pl\\\/en\\\/#website\",\"url\":\"https:\\\/\\\/exparto.pl\\\/en\\\/\",\"name\":\"EXPARTO\",\"description\":\"More than agro parts\",\"publisher\":{\"@id\":\"https:\\\/\\\/exparto.pl\\\/en\\\/#organization\"},\"potentialAction\":[{\"@type\":\"SearchAction\",\"target\":{\"@type\":\"EntryPoint\",\"urlTemplate\":\"https:\\\/\\\/exparto.pl\\\/en\\\/?s={search_term_string}\"},\"query-input\":{\"@type\":\"PropertyValueSpecification\",\"valueRequired\":true,\"valueName\":\"search_term_string\"}}],\"inLanguage\":\"en-US\"},{\"@type\":\"Organization\",\"@id\":\"https:\\\/\\\/exparto.pl\\\/en\\\/#organization\",\"name\":\"EXPARTO\",\"url\":\"https:\\\/\\\/exparto.pl\\\/en\\\/\",\"logo\":{\"@type\":\"ImageObject\",\"inLanguage\":\"en-US\",\"@id\":\"https:\\\/\\\/exparto.pl\\\/en\\\/#\\\/schema\\\/logo\\\/image\\\/\",\"url\":\"https:\\\/\\\/exparto.pl\\\/wp-content\\\/uploads\\\/2023\\\/02\\\/logo-wektor.png\",\"contentUrl\":\"https:\\\/\\\/exparto.pl\\\/wp-content\\\/uploads\\\/2023\\\/02\\\/logo-wektor.png\",\"width\":1338,\"height\":143,\"caption\":\"EXPARTO\"},\"image\":{\"@id\":\"https:\\\/\\\/exparto.pl\\\/en\\\/#\\\/schema\\\/logo\\\/image\\\/\"},\"sameAs\":[\"https:\\\/\\\/www.facebook.com\\\/exparto.agro\\\/\"]}]}<\/script>\n<!-- \/ Yoast SEO plugin. -->","yoast_head_json":{"title":"Tuleja ko\u0142nierzowa sprz\u0119g\u0142a rozrzutnika - Exparto.pl","description":"Sprawd\u017a \ud83d\udc49 tulej\u0119 ko\u0142nierzow\u0105 sprz\u0119g\u0142a do rozrzutnika obornika - stalow\u0105, fi 30 mm, wpust 8 mm \ud83c\udfe2 ze sklepu Exparto! \u2705 Wysoka jako\u015b\u0107!","robots":{"index":"index","follow":"follow","max-snippet":"max-snippet:-1","max-image-preview":"max-image-preview:large","max-video-preview":"max-video-preview:-1"},"canonical":"https:\/\/exparto.pl\/en\/produkt\/tuleja-kolnierzowa-sprzegla-rozrzutnika\/","og_locale":"en_US","og_type":"article","og_title":"Tuleja ko\u0142nierzowa sprz\u0119g\u0142a rozrzutnika - Exparto.pl","og_description":"Sprawd\u017a \ud83d\udc49 tulej\u0119 ko\u0142nierzow\u0105 sprz\u0119g\u0142a do rozrzutnika obornika - stalow\u0105, fi 30 mm, wpust 8 mm \ud83c\udfe2 ze sklepu Exparto! \u2705 Wysoka jako\u015b\u0107!","og_url":"https:\/\/exparto.pl\/en\/produkt\/tuleja-kolnierzowa-sprzegla-rozrzutnika\/","og_site_name":"Exparto.pl","article_publisher":"https:\/\/www.facebook.com\/exparto.agro\/","article_modified_time":"2026-03-30T09:01:06+00:00","og_image":[{"width":1000,"height":1000,"url":"https:\/\/exparto.pl\/wp-content\/uploads\/2023\/12\/713b1ccb801465c8d83183f0956fa5f3.jpg","type":"image\/jpeg"}],"twitter_card":"summary_large_image","twitter_misc":{"Est. reading time":"2 minutes"},"schema":{"@context":"https:\/\/schema.org","@graph":[{"@type":"WebPage","@id":"https:\/\/exparto.pl\/en\/produkt\/tuleja-kolnierzowa-sprzegla-rozrzutnika\/","url":"https:\/\/exparto.pl\/en\/produkt\/tuleja-kolnierzowa-sprzegla-rozrzutnika\/","name":"Tuleja ko\u0142nierzowa sprz\u0119g\u0142a rozrzutnika - Exparto.pl","isPartOf":{"@id":"https:\/\/exparto.pl\/en\/#website"},"primaryImageOfPage":{"@id":"https:\/\/exparto.pl\/en\/produkt\/tuleja-kolnierzowa-sprzegla-rozrzutnika\/#primaryimage"},"image":{"@id":"https:\/\/exparto.pl\/en\/produkt\/tuleja-kolnierzowa-sprzegla-rozrzutnika\/#primaryimage"},"thumbnailUrl":"https:\/\/exparto.pl\/wp-content\/uploads\/2023\/12\/713b1ccb801465c8d83183f0956fa5f3.jpg","datePublished":"2023-12-20T15:11:36+00:00","dateModified":"2026-03-30T09:01:06+00:00","description":"Sprawd\u017a \ud83d\udc49 tulej\u0119 ko\u0142nierzow\u0105 sprz\u0119g\u0142a do rozrzutnika obornika - stalow\u0105, fi 30 mm, wpust 8 mm \ud83c\udfe2 ze sklepu Exparto! \u2705 Wysoka jako\u015b\u0107!","breadcrumb":{"@id":"https:\/\/exparto.pl\/en\/produkt\/tuleja-kolnierzowa-sprzegla-rozrzutnika\/#breadcrumb"},"inLanguage":"en-US","potentialAction":[{"@type":"ReadAction","target":["https:\/\/exparto.pl\/en\/produkt\/tuleja-kolnierzowa-sprzegla-rozrzutnika\/"]}]},{"@type":"ImageObject","inLanguage":"en-US","@id":"https:\/\/exparto.pl\/en\/produkt\/tuleja-kolnierzowa-sprzegla-rozrzutnika\/#primaryimage","url":"https:\/\/exparto.pl\/wp-content\/uploads\/2023\/12\/713b1ccb801465c8d83183f0956fa5f3.jpg","contentUrl":"https:\/\/exparto.pl\/wp-content\/uploads\/2023\/12\/713b1ccb801465c8d83183f0956fa5f3.jpg","width":1000,"height":1000},{"@type":"BreadcrumbList","@id":"https:\/\/exparto.pl\/en\/produkt\/tuleja-kolnierzowa-sprzegla-rozrzutnika\/#breadcrumb","itemListElement":[{"@type":"ListItem","position":1,"name":"Homepage","item":"https:\/\/exparto.pl\/en\/homepage\/"},{"@type":"ListItem","position":2,"name":"Sklep","item":"https:\/\/exparto.pl\/sklep\/"},{"@type":"ListItem","position":3,"name":"Cz\u0119\u015bci do rozrzutnika","item":"https:\/\/exparto.pl\/kategoria-produktu\/czesci-do-rozrzutnika\/"},{"@type":"ListItem","position":4,"name":"Tuleja ko\u0142nierzowa sprz\u0119g\u0142a rozrzutnika"}]},{"@type":"WebSite","@id":"https:\/\/exparto.pl\/en\/#website","url":"https:\/\/exparto.pl\/en\/","name":"EXPARTO","description":"More than agro parts","publisher":{"@id":"https:\/\/exparto.pl\/en\/#organization"},"potentialAction":[{"@type":"SearchAction","target":{"@type":"EntryPoint","urlTemplate":"https:\/\/exparto.pl\/en\/?s={search_term_string}"},"query-input":{"@type":"PropertyValueSpecification","valueRequired":true,"valueName":"search_term_string"}}],"inLanguage":"en-US"},{"@type":"Organization","@id":"https:\/\/exparto.pl\/en\/#organization","name":"EXPARTO","url":"https:\/\/exparto.pl\/en\/","logo":{"@type":"ImageObject","inLanguage":"en-US","@id":"https:\/\/exparto.pl\/en\/#\/schema\/logo\/image\/","url":"https:\/\/exparto.pl\/wp-content\/uploads\/2023\/02\/logo-wektor.png","contentUrl":"https:\/\/exparto.pl\/wp-content\/uploads\/2023\/02\/logo-wektor.png","width":1338,"height":143,"caption":"EXPARTO"},"image":{"@id":"https:\/\/exparto.pl\/en\/#\/schema\/logo\/image\/"},"sameAs":["https:\/\/www.facebook.com\/exparto.agro\/"]}]}},"_links":{"self":[{"href":"https:\/\/exparto.pl\/en\/wp-json\/wp\/v2\/product\/16769","targetHints":{"allow":["GET"]}}],"collection":[{"href":"https:\/\/exparto.pl\/en\/wp-json\/wp\/v2\/product"}],"about":[{"href":"https:\/\/exparto.pl\/en\/wp-json\/wp\/v2\/types\/product"}],"replies":[{"embeddable":true,"href":"https:\/\/exparto.pl\/en\/wp-json\/wp\/v2\/comments?post=16769"}],"wp:featuredmedia":[{"embeddable":true,"href":"https:\/\/exparto.pl\/en\/wp-json\/wp\/v2\/media\/16754"}],"wp:attachment":[{"href":"https:\/\/exparto.pl\/en\/wp-json\/wp\/v2\/media?parent=16769"}],"wp:term":[{"taxonomy":"product_brand","embeddable":true,"href":"https:\/\/exparto.pl\/en\/wp-json\/wp\/v2\/product_brand?post=16769"},{"taxonomy":"product_cat","embeddable":true,"href":"https:\/\/exparto.pl\/en\/wp-json\/wp\/v2\/product_cat?post=16769"},{"taxonomy":"product_tag","embeddable":true,"href":"https:\/\/exparto.pl\/en\/wp-json\/wp\/v2\/product_tag?post=16769"}],"curies":[{"name":"wp","href":"https:\/\/api.w.org\/{rel}","templated":true}]}}