{"id":17025,"date":"2023-12-21T12:17:47","date_gmt":"2023-12-21T11:17:47","guid":{"rendered":"https:\/\/exparto.pl\/produkt\/kolo-lancuchowe-z-16-1-cal-fi-35mm\/"},"modified":"2026-01-21T12:30:24","modified_gmt":"2026-01-21T11:30:24","slug":"kolo-lancuchowe-z-16-1-cal-fi-35mm","status":"publish","type":"product","link":"https:\/\/exparto.pl\/en\/produkt\/kolo-lancuchowe-z-16-1-cal-fi-35mm\/","title":{"rendered":"Ko\u0142o \u0142a\u0144cuchowe rozrzutnika Z-16 1 cal fi-35mm"},"content":{"rendered":"<p style=\"text-align: justify;\">Ko\u0142o z\u0119bate \u0142a\u0144cuchowe rozrzutnika Z-16 1 cal fi-35mm.<\/p>\n<p style=\"text-align: justify;\"><b>Zastosowanie:<\/b><\/p>\n<ul>\n<li style=\"text-align: justify;\"><span style=\"color: var(--gray-800);\">rozrzutnik obornika<\/span><\/li>\n<li style=\"text-align: justify;\"><span style=\"color: var(--gray-800);\">maszyny rolnicze<\/span><\/li>\n<\/ul>\n<div style=\"text-align: justify;\"><b>Numer katalogowy:<\/b><\/div>\n<div>\n<ul>\n<li style=\"text-align: justify;\">220805004\/4<\/li>\n<\/ul>\n<\/div>\n<div>\n<p><span style=\"font-weight: 400;\">Ko\u0142o \u0142a\u0144cuchowe rozrzutnika obornika ma za zadanie przenosi\u0107 moc i ruch obrotowy z silnika do mechanizm\u00f3w roboczych znajduj\u0105cych si\u0119 w maszynie rolniczej. <\/span><b>Ten element wyr\u00f3\u017cnia si\u0119 bardzo precyzyjnie wykonanymi z\u0119bami.<\/b><span style=\"font-weight: 400;\"> Dzi\u0119ki nim ko\u0142o \u0142a\u0144cuchowe gwarantuje niezwykle efektywne, a jednocze\u015bnie p\u0142ynne przenoszenie nap\u0119du. Przek\u0142ada si\u0119 to na sprawne dzia\u0142anie maszyny.\u00a0<\/span><\/p>\n<h2><span style=\"font-weight: 400;\">Ko\u0142o z\u0119bate \u0142a\u0144cuchowe rozrzutnika \u2013 1 cal, fi 35 mm, Z-16<\/span><\/h2>\n<p><span style=\"font-weight: 400;\">Ko\u0142o \u0142a\u0144cuchowe rozrzutnika 16 z\u0119b\u00f3w (numer katalogowy CZR01693) posiada \u015brednic\u0119 otworu fi 35 mm. Poza tym wyr\u00f3\u017cnia si\u0119 bardzo solidn\u0105 konstrukcj\u0105. Wszystko to sprawia, \u017ce ko\u0142o z\u0119bate \u0142a\u0144cuchowe rozrzutnika \u2013 1 cal, fi 35 mm, Z-16 gwarantuje stabilne, a jednocze\u015bnie bardzo trwa\u0142e po\u0142\u0105czenie z innymi elementami, z kt\u00f3rych sk\u0142ada si\u0119 system nap\u0119dowy. <\/span><b>Dzi\u0119ki temu zar\u00f3wno ko\u0142o \u0142a\u0144cuchowe 1 cal, jak i inne cz\u0119\u015bci s\u0105 mniej nara\u017cone na awari\u0119.<\/b><\/p>\n<p><span style=\"font-weight: 400;\">Ko\u0142o \u0142a\u0144cuchowe rozrzutnika jest jednym z element\u00f3w, kt\u00f3re zapewnia r\u00f3wnomierne rozprowadzanie nawozu w precyzyjny spos\u00f3b. <\/span><b>Dzi\u0119ki temu mo\u017cna skutecznie zoptymalizowa\u0107 proces nawo\u017cenia i jednocze\u015bnie podwy\u017cszy\u0107 jako\u015b\u0107 gleby. <\/b><span style=\"font-weight: 400;\">Ko\u0142o z\u0119bate \u0142a\u0144cuchowe nadaje si\u0119 tak\u017ce do innych maszyn rolniczych, nie tylko rozrzutnika.<\/span><\/p>\n<\/div>\n","protected":false},"excerpt":{"rendered":"<p style=\"text-align: justify;\">Ko\u0142o \u0142a\u0144cuchowe do rozrzutnika<\/p>\n","protected":false},"featured_media":17010,"comment_status":"open","ping_status":"closed","template":"","meta":{"_acf_changed":false,"inline_featured_image":false},"product_brand":[],"product_cat":[732,735],"product_tag":[],"class_list":{"0":"post-17025","1":"product","2":"type-product","3":"status-publish","4":"has-post-thumbnail","6":"product_cat-czesci-do-rozrzutnika","7":"product_cat-kola-lancuchowe","9":"first","10":"instock","11":"taxable","12":"shipping-taxable","13":"purchasable","14":"product-type-simple"},"acf":[],"yoast_head":"<!-- This site is optimized with the Yoast SEO plugin v27.3 - https:\/\/yoast.com\/product\/yoast-seo-wordpress\/ -->\n<title>Ko\u0142o \u0142a\u0144cuchowe rozrzutnika Z-16 1 cal fi-35mm - Exparto.pl<\/title>\n<meta name=\"description\" content=\"Sprawd\u017a \ud83d\udc49 ko\u0142o z\u0119bate \u0142a\u0144cuchowe rozrzutnika - 1 cal, fi 35 mm, Z-16 \ud83c\udfe2 ze sklepu Exparto! \u2705 Wysoka jako\u015b\u0107! \ud83d\udd36 Gwarancja zadowolenia!\" \/>\n<meta name=\"robots\" content=\"index, follow, max-snippet:-1, max-image-preview:large, max-video-preview:-1\" \/>\n<link rel=\"canonical\" href=\"https:\/\/exparto.pl\/en\/produkt\/kolo-lancuchowe-z-16-1-cal-fi-35mm\/\" \/>\n<meta property=\"og:locale\" content=\"en_US\" \/>\n<meta property=\"og:type\" content=\"article\" \/>\n<meta property=\"og:title\" content=\"Ko\u0142o \u0142a\u0144cuchowe rozrzutnika Z-16 1 cal fi-35mm - Exparto.pl\" \/>\n<meta property=\"og:description\" content=\"Sprawd\u017a \ud83d\udc49 ko\u0142o z\u0119bate \u0142a\u0144cuchowe rozrzutnika - 1 cal, fi 35 mm, Z-16 \ud83c\udfe2 ze sklepu Exparto! \u2705 Wysoka jako\u015b\u0107! \ud83d\udd36 Gwarancja zadowolenia!\" \/>\n<meta property=\"og:url\" content=\"https:\/\/exparto.pl\/en\/produkt\/kolo-lancuchowe-z-16-1-cal-fi-35mm\/\" \/>\n<meta property=\"og:site_name\" content=\"Exparto.pl\" \/>\n<meta property=\"article:publisher\" content=\"https:\/\/www.facebook.com\/exparto.agro\/\" \/>\n<meta property=\"article:modified_time\" content=\"2026-01-21T11:30:24+00:00\" \/>\n<meta property=\"og:image\" content=\"https:\/\/exparto.pl\/wp-content\/uploads\/2023\/12\/602640059b96e73b9e7ab2642fbbe62a.jpg\" \/>\n\t<meta property=\"og:image:width\" content=\"1000\" \/>\n\t<meta property=\"og:image:height\" content=\"1000\" \/>\n\t<meta property=\"og:image:type\" content=\"image\/jpeg\" \/>\n<meta name=\"twitter:card\" content=\"summary_large_image\" \/>\n<meta name=\"twitter:label1\" content=\"Est. reading time\" \/>\n\t<meta name=\"twitter:data1\" content=\"2 minutes\" \/>\n<script type=\"application\/ld+json\" class=\"yoast-schema-graph\">{\"@context\":\"https:\\\/\\\/schema.org\",\"@graph\":[{\"@type\":\"WebPage\",\"@id\":\"https:\\\/\\\/exparto.pl\\\/en\\\/produkt\\\/kolo-lancuchowe-z-16-1-cal-fi-35mm\\\/\",\"url\":\"https:\\\/\\\/exparto.pl\\\/en\\\/produkt\\\/kolo-lancuchowe-z-16-1-cal-fi-35mm\\\/\",\"name\":\"Ko\u0142o \u0142a\u0144cuchowe rozrzutnika Z-16 1 cal fi-35mm - Exparto.pl\",\"isPartOf\":{\"@id\":\"https:\\\/\\\/exparto.pl\\\/en\\\/#website\"},\"primaryImageOfPage\":{\"@id\":\"https:\\\/\\\/exparto.pl\\\/en\\\/produkt\\\/kolo-lancuchowe-z-16-1-cal-fi-35mm\\\/#primaryimage\"},\"image\":{\"@id\":\"https:\\\/\\\/exparto.pl\\\/en\\\/produkt\\\/kolo-lancuchowe-z-16-1-cal-fi-35mm\\\/#primaryimage\"},\"thumbnailUrl\":\"https:\\\/\\\/exparto.pl\\\/wp-content\\\/uploads\\\/2023\\\/12\\\/602640059b96e73b9e7ab2642fbbe62a.jpg\",\"datePublished\":\"2023-12-21T11:17:47+00:00\",\"dateModified\":\"2026-01-21T11:30:24+00:00\",\"description\":\"Sprawd\u017a \ud83d\udc49 ko\u0142o z\u0119bate \u0142a\u0144cuchowe rozrzutnika - 1 cal, fi 35 mm, Z-16 \ud83c\udfe2 ze sklepu Exparto! \u2705 Wysoka jako\u015b\u0107! \ud83d\udd36 Gwarancja zadowolenia!\",\"breadcrumb\":{\"@id\":\"https:\\\/\\\/exparto.pl\\\/en\\\/produkt\\\/kolo-lancuchowe-z-16-1-cal-fi-35mm\\\/#breadcrumb\"},\"inLanguage\":\"en-US\",\"potentialAction\":[{\"@type\":\"ReadAction\",\"target\":[\"https:\\\/\\\/exparto.pl\\\/en\\\/produkt\\\/kolo-lancuchowe-z-16-1-cal-fi-35mm\\\/\"]}]},{\"@type\":\"ImageObject\",\"inLanguage\":\"en-US\",\"@id\":\"https:\\\/\\\/exparto.pl\\\/en\\\/produkt\\\/kolo-lancuchowe-z-16-1-cal-fi-35mm\\\/#primaryimage\",\"url\":\"https:\\\/\\\/exparto.pl\\\/wp-content\\\/uploads\\\/2023\\\/12\\\/602640059b96e73b9e7ab2642fbbe62a.jpg\",\"contentUrl\":\"https:\\\/\\\/exparto.pl\\\/wp-content\\\/uploads\\\/2023\\\/12\\\/602640059b96e73b9e7ab2642fbbe62a.jpg\",\"width\":1000,\"height\":1000},{\"@type\":\"BreadcrumbList\",\"@id\":\"https:\\\/\\\/exparto.pl\\\/en\\\/produkt\\\/kolo-lancuchowe-z-16-1-cal-fi-35mm\\\/#breadcrumb\",\"itemListElement\":[{\"@type\":\"ListItem\",\"position\":1,\"name\":\"Homepage\",\"item\":\"https:\\\/\\\/exparto.pl\\\/en\\\/homepage\\\/\"},{\"@type\":\"ListItem\",\"position\":2,\"name\":\"Sklep\",\"item\":\"https:\\\/\\\/exparto.pl\\\/sklep\\\/\"},{\"@type\":\"ListItem\",\"position\":3,\"name\":\"Cz\u0119\u015bci do rozrzutnika\",\"item\":\"https:\\\/\\\/exparto.pl\\\/kategoria-produktu\\\/czesci-do-rozrzutnika\\\/\"},{\"@type\":\"ListItem\",\"position\":4,\"name\":\"Ko\u0142a \u0142a\u0144cuchowe\",\"item\":\"https:\\\/\\\/exparto.pl\\\/kategoria-produktu\\\/czesci-do-rozrzutnika\\\/kola-lancuchowe\\\/\"},{\"@type\":\"ListItem\",\"position\":5,\"name\":\"Ko\u0142o \u0142a\u0144cuchowe rozrzutnika Z-16 1 cal fi-35mm\"}]},{\"@type\":\"WebSite\",\"@id\":\"https:\\\/\\\/exparto.pl\\\/en\\\/#website\",\"url\":\"https:\\\/\\\/exparto.pl\\\/en\\\/\",\"name\":\"EXPARTO\",\"description\":\"More than agro parts\",\"publisher\":{\"@id\":\"https:\\\/\\\/exparto.pl\\\/en\\\/#organization\"},\"potentialAction\":[{\"@type\":\"SearchAction\",\"target\":{\"@type\":\"EntryPoint\",\"urlTemplate\":\"https:\\\/\\\/exparto.pl\\\/en\\\/?s={search_term_string}\"},\"query-input\":{\"@type\":\"PropertyValueSpecification\",\"valueRequired\":true,\"valueName\":\"search_term_string\"}}],\"inLanguage\":\"en-US\"},{\"@type\":\"Organization\",\"@id\":\"https:\\\/\\\/exparto.pl\\\/en\\\/#organization\",\"name\":\"EXPARTO\",\"url\":\"https:\\\/\\\/exparto.pl\\\/en\\\/\",\"logo\":{\"@type\":\"ImageObject\",\"inLanguage\":\"en-US\",\"@id\":\"https:\\\/\\\/exparto.pl\\\/en\\\/#\\\/schema\\\/logo\\\/image\\\/\",\"url\":\"https:\\\/\\\/exparto.pl\\\/wp-content\\\/uploads\\\/2023\\\/02\\\/logo-wektor.png\",\"contentUrl\":\"https:\\\/\\\/exparto.pl\\\/wp-content\\\/uploads\\\/2023\\\/02\\\/logo-wektor.png\",\"width\":1338,\"height\":143,\"caption\":\"EXPARTO\"},\"image\":{\"@id\":\"https:\\\/\\\/exparto.pl\\\/en\\\/#\\\/schema\\\/logo\\\/image\\\/\"},\"sameAs\":[\"https:\\\/\\\/www.facebook.com\\\/exparto.agro\\\/\"]}]}<\/script>\n<!-- \/ Yoast SEO plugin. -->","yoast_head_json":{"title":"Ko\u0142o \u0142a\u0144cuchowe rozrzutnika Z-16 1 cal fi-35mm - Exparto.pl","description":"Sprawd\u017a \ud83d\udc49 ko\u0142o z\u0119bate \u0142a\u0144cuchowe rozrzutnika - 1 cal, fi 35 mm, Z-16 \ud83c\udfe2 ze sklepu Exparto! \u2705 Wysoka jako\u015b\u0107! \ud83d\udd36 Gwarancja zadowolenia!","robots":{"index":"index","follow":"follow","max-snippet":"max-snippet:-1","max-image-preview":"max-image-preview:large","max-video-preview":"max-video-preview:-1"},"canonical":"https:\/\/exparto.pl\/en\/produkt\/kolo-lancuchowe-z-16-1-cal-fi-35mm\/","og_locale":"en_US","og_type":"article","og_title":"Ko\u0142o \u0142a\u0144cuchowe rozrzutnika Z-16 1 cal fi-35mm - Exparto.pl","og_description":"Sprawd\u017a \ud83d\udc49 ko\u0142o z\u0119bate \u0142a\u0144cuchowe rozrzutnika - 1 cal, fi 35 mm, Z-16 \ud83c\udfe2 ze sklepu Exparto! \u2705 Wysoka jako\u015b\u0107! \ud83d\udd36 Gwarancja zadowolenia!","og_url":"https:\/\/exparto.pl\/en\/produkt\/kolo-lancuchowe-z-16-1-cal-fi-35mm\/","og_site_name":"Exparto.pl","article_publisher":"https:\/\/www.facebook.com\/exparto.agro\/","article_modified_time":"2026-01-21T11:30:24+00:00","og_image":[{"width":1000,"height":1000,"url":"https:\/\/exparto.pl\/wp-content\/uploads\/2023\/12\/602640059b96e73b9e7ab2642fbbe62a.jpg","type":"image\/jpeg"}],"twitter_card":"summary_large_image","twitter_misc":{"Est. reading time":"2 minutes"},"schema":{"@context":"https:\/\/schema.org","@graph":[{"@type":"WebPage","@id":"https:\/\/exparto.pl\/en\/produkt\/kolo-lancuchowe-z-16-1-cal-fi-35mm\/","url":"https:\/\/exparto.pl\/en\/produkt\/kolo-lancuchowe-z-16-1-cal-fi-35mm\/","name":"Ko\u0142o \u0142a\u0144cuchowe rozrzutnika Z-16 1 cal fi-35mm - Exparto.pl","isPartOf":{"@id":"https:\/\/exparto.pl\/en\/#website"},"primaryImageOfPage":{"@id":"https:\/\/exparto.pl\/en\/produkt\/kolo-lancuchowe-z-16-1-cal-fi-35mm\/#primaryimage"},"image":{"@id":"https:\/\/exparto.pl\/en\/produkt\/kolo-lancuchowe-z-16-1-cal-fi-35mm\/#primaryimage"},"thumbnailUrl":"https:\/\/exparto.pl\/wp-content\/uploads\/2023\/12\/602640059b96e73b9e7ab2642fbbe62a.jpg","datePublished":"2023-12-21T11:17:47+00:00","dateModified":"2026-01-21T11:30:24+00:00","description":"Sprawd\u017a \ud83d\udc49 ko\u0142o z\u0119bate \u0142a\u0144cuchowe rozrzutnika - 1 cal, fi 35 mm, Z-16 \ud83c\udfe2 ze sklepu Exparto! \u2705 Wysoka jako\u015b\u0107! \ud83d\udd36 Gwarancja zadowolenia!","breadcrumb":{"@id":"https:\/\/exparto.pl\/en\/produkt\/kolo-lancuchowe-z-16-1-cal-fi-35mm\/#breadcrumb"},"inLanguage":"en-US","potentialAction":[{"@type":"ReadAction","target":["https:\/\/exparto.pl\/en\/produkt\/kolo-lancuchowe-z-16-1-cal-fi-35mm\/"]}]},{"@type":"ImageObject","inLanguage":"en-US","@id":"https:\/\/exparto.pl\/en\/produkt\/kolo-lancuchowe-z-16-1-cal-fi-35mm\/#primaryimage","url":"https:\/\/exparto.pl\/wp-content\/uploads\/2023\/12\/602640059b96e73b9e7ab2642fbbe62a.jpg","contentUrl":"https:\/\/exparto.pl\/wp-content\/uploads\/2023\/12\/602640059b96e73b9e7ab2642fbbe62a.jpg","width":1000,"height":1000},{"@type":"BreadcrumbList","@id":"https:\/\/exparto.pl\/en\/produkt\/kolo-lancuchowe-z-16-1-cal-fi-35mm\/#breadcrumb","itemListElement":[{"@type":"ListItem","position":1,"name":"Homepage","item":"https:\/\/exparto.pl\/en\/homepage\/"},{"@type":"ListItem","position":2,"name":"Sklep","item":"https:\/\/exparto.pl\/sklep\/"},{"@type":"ListItem","position":3,"name":"Cz\u0119\u015bci do rozrzutnika","item":"https:\/\/exparto.pl\/kategoria-produktu\/czesci-do-rozrzutnika\/"},{"@type":"ListItem","position":4,"name":"Ko\u0142a \u0142a\u0144cuchowe","item":"https:\/\/exparto.pl\/kategoria-produktu\/czesci-do-rozrzutnika\/kola-lancuchowe\/"},{"@type":"ListItem","position":5,"name":"Ko\u0142o \u0142a\u0144cuchowe rozrzutnika Z-16 1 cal fi-35mm"}]},{"@type":"WebSite","@id":"https:\/\/exparto.pl\/en\/#website","url":"https:\/\/exparto.pl\/en\/","name":"EXPARTO","description":"More than agro parts","publisher":{"@id":"https:\/\/exparto.pl\/en\/#organization"},"potentialAction":[{"@type":"SearchAction","target":{"@type":"EntryPoint","urlTemplate":"https:\/\/exparto.pl\/en\/?s={search_term_string}"},"query-input":{"@type":"PropertyValueSpecification","valueRequired":true,"valueName":"search_term_string"}}],"inLanguage":"en-US"},{"@type":"Organization","@id":"https:\/\/exparto.pl\/en\/#organization","name":"EXPARTO","url":"https:\/\/exparto.pl\/en\/","logo":{"@type":"ImageObject","inLanguage":"en-US","@id":"https:\/\/exparto.pl\/en\/#\/schema\/logo\/image\/","url":"https:\/\/exparto.pl\/wp-content\/uploads\/2023\/02\/logo-wektor.png","contentUrl":"https:\/\/exparto.pl\/wp-content\/uploads\/2023\/02\/logo-wektor.png","width":1338,"height":143,"caption":"EXPARTO"},"image":{"@id":"https:\/\/exparto.pl\/en\/#\/schema\/logo\/image\/"},"sameAs":["https:\/\/www.facebook.com\/exparto.agro\/"]}]}},"_links":{"self":[{"href":"https:\/\/exparto.pl\/en\/wp-json\/wp\/v2\/product\/17025","targetHints":{"allow":["GET"]}}],"collection":[{"href":"https:\/\/exparto.pl\/en\/wp-json\/wp\/v2\/product"}],"about":[{"href":"https:\/\/exparto.pl\/en\/wp-json\/wp\/v2\/types\/product"}],"replies":[{"embeddable":true,"href":"https:\/\/exparto.pl\/en\/wp-json\/wp\/v2\/comments?post=17025"}],"wp:featuredmedia":[{"embeddable":true,"href":"https:\/\/exparto.pl\/en\/wp-json\/wp\/v2\/media\/17010"}],"wp:attachment":[{"href":"https:\/\/exparto.pl\/en\/wp-json\/wp\/v2\/media?parent=17025"}],"wp:term":[{"taxonomy":"product_brand","embeddable":true,"href":"https:\/\/exparto.pl\/en\/wp-json\/wp\/v2\/product_brand?post=17025"},{"taxonomy":"product_cat","embeddable":true,"href":"https:\/\/exparto.pl\/en\/wp-json\/wp\/v2\/product_cat?post=17025"},{"taxonomy":"product_tag","embeddable":true,"href":"https:\/\/exparto.pl\/en\/wp-json\/wp\/v2\/product_tag?post=17025"}],"curies":[{"name":"wp","href":"https:\/\/api.w.org\/{rel}","templated":true}]}}