{"id":17211,"date":"2023-12-21T15:11:57","date_gmt":"2023-12-21T14:11:57","guid":{"rendered":"https:\/\/exparto.pl\/produkt\/kolo-gniazdowe-do-rozrzutnika-sfero-wysoki-zab-fi-40-mm-wpust-12-mm\/"},"modified":"2026-01-21T12:30:31","modified_gmt":"2026-01-21T11:30:31","slug":"kolo-gniazdowe-do-rozrzutnika-sfero-wysoki-zab-fi-40-mm-wpust-12-mm","status":"publish","type":"product","link":"https:\/\/exparto.pl\/en\/produkt\/kolo-gniazdowe-do-rozrzutnika-sfero-wysoki-zab-fi-40-mm-wpust-12-mm\/","title":{"rendered":"Ko\u0142o gniazdowe do rozrzutnika SFERO wysoki z\u0105b FI 40 mm, wpust 12 mm"},"content":{"rendered":"<p style=\"text-align: justify\">Ko\u0142o gniazdowe do rozrzutnika SFERO wysoki z\u0105b FI 40 mm.<\/p>\n<p style=\"text-align: justify\"><b>Zastosowanie:<\/b><\/p>\n<ul>\n<li style=\"text-align: justify\"><span style=\"color: var(--gray-800)\">rozrzutnik obornika<\/span><\/li>\n<\/ul>\n<div style=\"text-align: justify\"><b>Numer katalogowy:<\/b><\/div>\n<div>\n<ul>\n<li style=\"text-align: justify\">221907014\/S<\/li>\n<\/ul>\n<p><span style=\"font-weight: 400\">Ko\u0142o gniazdowe do rozrzutnika \u2013 wysoki z\u0105b \u2013 \u015brednica 40 mm, wpust 12 mm \u2013 SFERO (numer katalogowy CZR01607) s\u0142u\u017cy do efektywnego rozprowadzania obornika na polu. <\/span><b>Dzi\u0119ki temu mo\u017cna poprawi\u0107 jako\u015b\u0107 nawo\u017cenia oraz w\u0142a\u015bciwo\u015bci gleby. <\/b><span style=\"font-weight: 400\">Ko\u0142o gniazdowe rozrzutnika stanowi jeden z element\u00f3w mechanizmu nap\u0119dowego, kt\u00f3ry ma za zadanie przekazywa\u0107 ruch obrotowy.<\/span><\/p>\n<h2><span style=\"font-weight: 400\">Ko\u0142o gniazdowe do rozrzutnika \u2013 wysoki z\u0105b \u2013 \u015brednica 40 mm, wpust 12 mm \u2013 SFERO<\/span><\/h2>\n<p><span style=\"font-weight: 400\">W naszej ofercie znajduje si\u0119 ko\u0142o gniazdowe do rozrzutnika o \u015brednicy otworu fi 40 mm i wpu\u015bcie 12 mm. Charakterystycznym elementem jest te\u017c wysoki z\u0105b. <\/span><b>Przyczynia si\u0119 on do lepszego przenoszenia momentu obrotowego. <\/b><span style=\"font-weight: 400\">Dzi\u0119ki niemu ko\u0142o gniazdowe do rozrzutnika obornika lepiej znosi obci\u0105\u017cenia.<\/span><\/p>\n<p><span style=\"font-weight: 400\">Prezentowany element maszyny rolniczej zosta\u0142 wykonany z \u017celiwa sferoidalnego (SFERO). <\/span><b>Materia\u0142 ten jest znany ze swojej wysokiej wytrzyma\u0142o\u015bci na rozci\u0105ganie oraz odporno\u015bci na dzia\u0142anie si\u0142 tarcia i uderzenia.<\/b><span style=\"font-weight: 400\"> Pod tym wzgl\u0119dem w du\u017cym stopniu przewy\u017csza \u017celiwo szare, kt\u00f3re jest tradycyjnym materia\u0142em u\u017cywanym w produkcji, m.in. cz\u0119\u015bci rolniczych.<\/span><\/p>\n<\/div>\n","protected":false},"excerpt":{"rendered":"<p style=\"text-align: justify\">Ko\u0142o gniazdowe do rozrzutnika<\/p>\n","protected":false},"featured_media":17191,"comment_status":"open","ping_status":"closed","template":"","meta":{"_acf_changed":false,"inline_featured_image":false},"product_brand":[],"product_cat":[732,969],"product_tag":[],"class_list":{"0":"post-17211","1":"product","2":"type-product","3":"status-publish","4":"has-post-thumbnail","6":"product_cat-czesci-do-rozrzutnika","7":"product_cat-kola-gniazdowe","9":"first","10":"outofstock","11":"taxable","12":"shipping-taxable","13":"purchasable","14":"product-type-simple"},"acf":[],"yoast_head":"<!-- This site is optimized with the Yoast SEO plugin v27.3 - https:\/\/yoast.com\/product\/yoast-seo-wordpress\/ -->\n<title>Ko\u0142o gniazdowe do rozrzutnika SFERO wysoki z\u0105b FI 40 mm, wpust 12 mm - Exparto.pl<\/title>\n<meta name=\"description\" content=\"Sprawd\u017a \ud83d\udc49 ko\u0142o gniazdowe do rozrzutnika SFERO wysoki z\u0105b \ud83c\udfe2 ze sklepu Exparto! \u2705 Wysoka jako\u015b\u0107! \ud83d\udd36 Gwarancja zadowolenia!\" \/>\n<meta name=\"robots\" content=\"index, follow, max-snippet:-1, max-image-preview:large, max-video-preview:-1\" \/>\n<link rel=\"canonical\" href=\"https:\/\/exparto.pl\/en\/produkt\/kolo-gniazdowe-do-rozrzutnika-sfero-wysoki-zab-fi-40-mm-wpust-12-mm\/\" \/>\n<meta property=\"og:locale\" content=\"en_US\" \/>\n<meta property=\"og:type\" content=\"article\" \/>\n<meta property=\"og:title\" content=\"Ko\u0142o gniazdowe do rozrzutnika SFERO wysoki z\u0105b FI 40 mm, wpust 12 mm - Exparto.pl\" \/>\n<meta property=\"og:description\" content=\"Sprawd\u017a \ud83d\udc49 ko\u0142o gniazdowe do rozrzutnika SFERO wysoki z\u0105b \ud83c\udfe2 ze sklepu Exparto! \u2705 Wysoka jako\u015b\u0107! \ud83d\udd36 Gwarancja zadowolenia!\" \/>\n<meta property=\"og:url\" content=\"https:\/\/exparto.pl\/en\/produkt\/kolo-gniazdowe-do-rozrzutnika-sfero-wysoki-zab-fi-40-mm-wpust-12-mm\/\" \/>\n<meta property=\"og:site_name\" content=\"Exparto.pl\" \/>\n<meta property=\"article:publisher\" content=\"https:\/\/www.facebook.com\/exparto.agro\/\" \/>\n<meta property=\"article:modified_time\" content=\"2026-01-21T11:30:31+00:00\" \/>\n<meta property=\"og:image\" content=\"https:\/\/exparto.pl\/wp-content\/uploads\/2023\/12\/b9c8e86a9a7f2e1cc4732bf93aeaed42.jpg\" \/>\n\t<meta property=\"og:image:width\" content=\"1000\" \/>\n\t<meta property=\"og:image:height\" content=\"1000\" \/>\n\t<meta property=\"og:image:type\" content=\"image\/jpeg\" \/>\n<meta name=\"twitter:card\" content=\"summary_large_image\" \/>\n<meta name=\"twitter:label1\" content=\"Est. reading time\" \/>\n\t<meta name=\"twitter:data1\" content=\"2 minutes\" \/>\n<script type=\"application\/ld+json\" class=\"yoast-schema-graph\">{\"@context\":\"https:\\\/\\\/schema.org\",\"@graph\":[{\"@type\":\"WebPage\",\"@id\":\"https:\\\/\\\/exparto.pl\\\/en\\\/produkt\\\/kolo-gniazdowe-do-rozrzutnika-sfero-wysoki-zab-fi-40-mm-wpust-12-mm\\\/\",\"url\":\"https:\\\/\\\/exparto.pl\\\/en\\\/produkt\\\/kolo-gniazdowe-do-rozrzutnika-sfero-wysoki-zab-fi-40-mm-wpust-12-mm\\\/\",\"name\":\"Ko\u0142o gniazdowe do rozrzutnika SFERO wysoki z\u0105b FI 40 mm, wpust 12 mm - Exparto.pl\",\"isPartOf\":{\"@id\":\"https:\\\/\\\/exparto.pl\\\/en\\\/#website\"},\"primaryImageOfPage\":{\"@id\":\"https:\\\/\\\/exparto.pl\\\/en\\\/produkt\\\/kolo-gniazdowe-do-rozrzutnika-sfero-wysoki-zab-fi-40-mm-wpust-12-mm\\\/#primaryimage\"},\"image\":{\"@id\":\"https:\\\/\\\/exparto.pl\\\/en\\\/produkt\\\/kolo-gniazdowe-do-rozrzutnika-sfero-wysoki-zab-fi-40-mm-wpust-12-mm\\\/#primaryimage\"},\"thumbnailUrl\":\"https:\\\/\\\/exparto.pl\\\/wp-content\\\/uploads\\\/2023\\\/12\\\/b9c8e86a9a7f2e1cc4732bf93aeaed42.jpg\",\"datePublished\":\"2023-12-21T14:11:57+00:00\",\"dateModified\":\"2026-01-21T11:30:31+00:00\",\"description\":\"Sprawd\u017a \ud83d\udc49 ko\u0142o gniazdowe do rozrzutnika SFERO wysoki z\u0105b \ud83c\udfe2 ze sklepu Exparto! \u2705 Wysoka jako\u015b\u0107! \ud83d\udd36 Gwarancja zadowolenia!\",\"breadcrumb\":{\"@id\":\"https:\\\/\\\/exparto.pl\\\/en\\\/produkt\\\/kolo-gniazdowe-do-rozrzutnika-sfero-wysoki-zab-fi-40-mm-wpust-12-mm\\\/#breadcrumb\"},\"inLanguage\":\"en-US\",\"potentialAction\":[{\"@type\":\"ReadAction\",\"target\":[\"https:\\\/\\\/exparto.pl\\\/en\\\/produkt\\\/kolo-gniazdowe-do-rozrzutnika-sfero-wysoki-zab-fi-40-mm-wpust-12-mm\\\/\"]}]},{\"@type\":\"ImageObject\",\"inLanguage\":\"en-US\",\"@id\":\"https:\\\/\\\/exparto.pl\\\/en\\\/produkt\\\/kolo-gniazdowe-do-rozrzutnika-sfero-wysoki-zab-fi-40-mm-wpust-12-mm\\\/#primaryimage\",\"url\":\"https:\\\/\\\/exparto.pl\\\/wp-content\\\/uploads\\\/2023\\\/12\\\/b9c8e86a9a7f2e1cc4732bf93aeaed42.jpg\",\"contentUrl\":\"https:\\\/\\\/exparto.pl\\\/wp-content\\\/uploads\\\/2023\\\/12\\\/b9c8e86a9a7f2e1cc4732bf93aeaed42.jpg\",\"width\":1000,\"height\":1000},{\"@type\":\"BreadcrumbList\",\"@id\":\"https:\\\/\\\/exparto.pl\\\/en\\\/produkt\\\/kolo-gniazdowe-do-rozrzutnika-sfero-wysoki-zab-fi-40-mm-wpust-12-mm\\\/#breadcrumb\",\"itemListElement\":[{\"@type\":\"ListItem\",\"position\":1,\"name\":\"Homepage\",\"item\":\"https:\\\/\\\/exparto.pl\\\/en\\\/homepage\\\/\"},{\"@type\":\"ListItem\",\"position\":2,\"name\":\"Sklep\",\"item\":\"https:\\\/\\\/exparto.pl\\\/sklep\\\/\"},{\"@type\":\"ListItem\",\"position\":3,\"name\":\"Cz\u0119\u015bci do rozrzutnika\",\"item\":\"https:\\\/\\\/exparto.pl\\\/kategoria-produktu\\\/czesci-do-rozrzutnika\\\/\"},{\"@type\":\"ListItem\",\"position\":4,\"name\":\"Ko\u0142a gniazdowe\",\"item\":\"https:\\\/\\\/exparto.pl\\\/kategoria-produktu\\\/czesci-do-rozrzutnika\\\/kola-gniazdowe\\\/\"},{\"@type\":\"ListItem\",\"position\":5,\"name\":\"Ko\u0142o gniazdowe do rozrzutnika SFERO wysoki z\u0105b FI 40 mm, wpust 12 mm\"}]},{\"@type\":\"WebSite\",\"@id\":\"https:\\\/\\\/exparto.pl\\\/en\\\/#website\",\"url\":\"https:\\\/\\\/exparto.pl\\\/en\\\/\",\"name\":\"EXPARTO\",\"description\":\"More than agro parts\",\"publisher\":{\"@id\":\"https:\\\/\\\/exparto.pl\\\/en\\\/#organization\"},\"potentialAction\":[{\"@type\":\"SearchAction\",\"target\":{\"@type\":\"EntryPoint\",\"urlTemplate\":\"https:\\\/\\\/exparto.pl\\\/en\\\/?s={search_term_string}\"},\"query-input\":{\"@type\":\"PropertyValueSpecification\",\"valueRequired\":true,\"valueName\":\"search_term_string\"}}],\"inLanguage\":\"en-US\"},{\"@type\":\"Organization\",\"@id\":\"https:\\\/\\\/exparto.pl\\\/en\\\/#organization\",\"name\":\"EXPARTO\",\"url\":\"https:\\\/\\\/exparto.pl\\\/en\\\/\",\"logo\":{\"@type\":\"ImageObject\",\"inLanguage\":\"en-US\",\"@id\":\"https:\\\/\\\/exparto.pl\\\/en\\\/#\\\/schema\\\/logo\\\/image\\\/\",\"url\":\"https:\\\/\\\/exparto.pl\\\/wp-content\\\/uploads\\\/2023\\\/02\\\/logo-wektor.png\",\"contentUrl\":\"https:\\\/\\\/exparto.pl\\\/wp-content\\\/uploads\\\/2023\\\/02\\\/logo-wektor.png\",\"width\":1338,\"height\":143,\"caption\":\"EXPARTO\"},\"image\":{\"@id\":\"https:\\\/\\\/exparto.pl\\\/en\\\/#\\\/schema\\\/logo\\\/image\\\/\"},\"sameAs\":[\"https:\\\/\\\/www.facebook.com\\\/exparto.agro\\\/\"]}]}<\/script>\n<!-- \/ Yoast SEO plugin. -->","yoast_head_json":{"title":"Ko\u0142o gniazdowe do rozrzutnika SFERO wysoki z\u0105b FI 40 mm, wpust 12 mm - Exparto.pl","description":"Sprawd\u017a \ud83d\udc49 ko\u0142o gniazdowe do rozrzutnika SFERO wysoki z\u0105b \ud83c\udfe2 ze sklepu Exparto! \u2705 Wysoka jako\u015b\u0107! \ud83d\udd36 Gwarancja zadowolenia!","robots":{"index":"index","follow":"follow","max-snippet":"max-snippet:-1","max-image-preview":"max-image-preview:large","max-video-preview":"max-video-preview:-1"},"canonical":"https:\/\/exparto.pl\/en\/produkt\/kolo-gniazdowe-do-rozrzutnika-sfero-wysoki-zab-fi-40-mm-wpust-12-mm\/","og_locale":"en_US","og_type":"article","og_title":"Ko\u0142o gniazdowe do rozrzutnika SFERO wysoki z\u0105b FI 40 mm, wpust 12 mm - Exparto.pl","og_description":"Sprawd\u017a \ud83d\udc49 ko\u0142o gniazdowe do rozrzutnika SFERO wysoki z\u0105b \ud83c\udfe2 ze sklepu Exparto! \u2705 Wysoka jako\u015b\u0107! \ud83d\udd36 Gwarancja zadowolenia!","og_url":"https:\/\/exparto.pl\/en\/produkt\/kolo-gniazdowe-do-rozrzutnika-sfero-wysoki-zab-fi-40-mm-wpust-12-mm\/","og_site_name":"Exparto.pl","article_publisher":"https:\/\/www.facebook.com\/exparto.agro\/","article_modified_time":"2026-01-21T11:30:31+00:00","og_image":[{"width":1000,"height":1000,"url":"https:\/\/exparto.pl\/wp-content\/uploads\/2023\/12\/b9c8e86a9a7f2e1cc4732bf93aeaed42.jpg","type":"image\/jpeg"}],"twitter_card":"summary_large_image","twitter_misc":{"Est. reading time":"2 minutes"},"schema":{"@context":"https:\/\/schema.org","@graph":[{"@type":"WebPage","@id":"https:\/\/exparto.pl\/en\/produkt\/kolo-gniazdowe-do-rozrzutnika-sfero-wysoki-zab-fi-40-mm-wpust-12-mm\/","url":"https:\/\/exparto.pl\/en\/produkt\/kolo-gniazdowe-do-rozrzutnika-sfero-wysoki-zab-fi-40-mm-wpust-12-mm\/","name":"Ko\u0142o gniazdowe do rozrzutnika SFERO wysoki z\u0105b FI 40 mm, wpust 12 mm - Exparto.pl","isPartOf":{"@id":"https:\/\/exparto.pl\/en\/#website"},"primaryImageOfPage":{"@id":"https:\/\/exparto.pl\/en\/produkt\/kolo-gniazdowe-do-rozrzutnika-sfero-wysoki-zab-fi-40-mm-wpust-12-mm\/#primaryimage"},"image":{"@id":"https:\/\/exparto.pl\/en\/produkt\/kolo-gniazdowe-do-rozrzutnika-sfero-wysoki-zab-fi-40-mm-wpust-12-mm\/#primaryimage"},"thumbnailUrl":"https:\/\/exparto.pl\/wp-content\/uploads\/2023\/12\/b9c8e86a9a7f2e1cc4732bf93aeaed42.jpg","datePublished":"2023-12-21T14:11:57+00:00","dateModified":"2026-01-21T11:30:31+00:00","description":"Sprawd\u017a \ud83d\udc49 ko\u0142o gniazdowe do rozrzutnika SFERO wysoki z\u0105b \ud83c\udfe2 ze sklepu Exparto! \u2705 Wysoka jako\u015b\u0107! \ud83d\udd36 Gwarancja zadowolenia!","breadcrumb":{"@id":"https:\/\/exparto.pl\/en\/produkt\/kolo-gniazdowe-do-rozrzutnika-sfero-wysoki-zab-fi-40-mm-wpust-12-mm\/#breadcrumb"},"inLanguage":"en-US","potentialAction":[{"@type":"ReadAction","target":["https:\/\/exparto.pl\/en\/produkt\/kolo-gniazdowe-do-rozrzutnika-sfero-wysoki-zab-fi-40-mm-wpust-12-mm\/"]}]},{"@type":"ImageObject","inLanguage":"en-US","@id":"https:\/\/exparto.pl\/en\/produkt\/kolo-gniazdowe-do-rozrzutnika-sfero-wysoki-zab-fi-40-mm-wpust-12-mm\/#primaryimage","url":"https:\/\/exparto.pl\/wp-content\/uploads\/2023\/12\/b9c8e86a9a7f2e1cc4732bf93aeaed42.jpg","contentUrl":"https:\/\/exparto.pl\/wp-content\/uploads\/2023\/12\/b9c8e86a9a7f2e1cc4732bf93aeaed42.jpg","width":1000,"height":1000},{"@type":"BreadcrumbList","@id":"https:\/\/exparto.pl\/en\/produkt\/kolo-gniazdowe-do-rozrzutnika-sfero-wysoki-zab-fi-40-mm-wpust-12-mm\/#breadcrumb","itemListElement":[{"@type":"ListItem","position":1,"name":"Homepage","item":"https:\/\/exparto.pl\/en\/homepage\/"},{"@type":"ListItem","position":2,"name":"Sklep","item":"https:\/\/exparto.pl\/sklep\/"},{"@type":"ListItem","position":3,"name":"Cz\u0119\u015bci do rozrzutnika","item":"https:\/\/exparto.pl\/kategoria-produktu\/czesci-do-rozrzutnika\/"},{"@type":"ListItem","position":4,"name":"Ko\u0142a gniazdowe","item":"https:\/\/exparto.pl\/kategoria-produktu\/czesci-do-rozrzutnika\/kola-gniazdowe\/"},{"@type":"ListItem","position":5,"name":"Ko\u0142o gniazdowe do rozrzutnika SFERO wysoki z\u0105b FI 40 mm, wpust 12 mm"}]},{"@type":"WebSite","@id":"https:\/\/exparto.pl\/en\/#website","url":"https:\/\/exparto.pl\/en\/","name":"EXPARTO","description":"More than agro parts","publisher":{"@id":"https:\/\/exparto.pl\/en\/#organization"},"potentialAction":[{"@type":"SearchAction","target":{"@type":"EntryPoint","urlTemplate":"https:\/\/exparto.pl\/en\/?s={search_term_string}"},"query-input":{"@type":"PropertyValueSpecification","valueRequired":true,"valueName":"search_term_string"}}],"inLanguage":"en-US"},{"@type":"Organization","@id":"https:\/\/exparto.pl\/en\/#organization","name":"EXPARTO","url":"https:\/\/exparto.pl\/en\/","logo":{"@type":"ImageObject","inLanguage":"en-US","@id":"https:\/\/exparto.pl\/en\/#\/schema\/logo\/image\/","url":"https:\/\/exparto.pl\/wp-content\/uploads\/2023\/02\/logo-wektor.png","contentUrl":"https:\/\/exparto.pl\/wp-content\/uploads\/2023\/02\/logo-wektor.png","width":1338,"height":143,"caption":"EXPARTO"},"image":{"@id":"https:\/\/exparto.pl\/en\/#\/schema\/logo\/image\/"},"sameAs":["https:\/\/www.facebook.com\/exparto.agro\/"]}]}},"_links":{"self":[{"href":"https:\/\/exparto.pl\/en\/wp-json\/wp\/v2\/product\/17211","targetHints":{"allow":["GET"]}}],"collection":[{"href":"https:\/\/exparto.pl\/en\/wp-json\/wp\/v2\/product"}],"about":[{"href":"https:\/\/exparto.pl\/en\/wp-json\/wp\/v2\/types\/product"}],"replies":[{"embeddable":true,"href":"https:\/\/exparto.pl\/en\/wp-json\/wp\/v2\/comments?post=17211"}],"wp:featuredmedia":[{"embeddable":true,"href":"https:\/\/exparto.pl\/en\/wp-json\/wp\/v2\/media\/17191"}],"wp:attachment":[{"href":"https:\/\/exparto.pl\/en\/wp-json\/wp\/v2\/media?parent=17211"}],"wp:term":[{"taxonomy":"product_brand","embeddable":true,"href":"https:\/\/exparto.pl\/en\/wp-json\/wp\/v2\/product_brand?post=17211"},{"taxonomy":"product_cat","embeddable":true,"href":"https:\/\/exparto.pl\/en\/wp-json\/wp\/v2\/product_cat?post=17211"},{"taxonomy":"product_tag","embeddable":true,"href":"https:\/\/exparto.pl\/en\/wp-json\/wp\/v2\/product_tag?post=17211"}],"curies":[{"name":"wp","href":"https:\/\/api.w.org\/{rel}","templated":true}]}}