{"id":17478,"date":"2024-01-04T12:21:27","date_gmt":"2024-01-04T11:21:27","guid":{"rendered":"https:\/\/exparto.pl\/produkt\/kula-z-kolnierzem-kat-3-2-wymiar-28x64-12\/"},"modified":"2026-04-01T21:30:17","modified_gmt":"2026-04-01T19:30:17","slug":"kula-z-kolnierzem-kat-3-2-wymiar-28x64-12","status":"publish","type":"product","link":"https:\/\/exparto.pl\/en\/produkt\/kula-z-kolnierzem-kat-3-2-wymiar-28x64-12\/","title":{"rendered":"Kula z ko\u0142nierzem kat.3\/2 wymiar 28&#215;64\/12"},"content":{"rendered":"<p style=\"text-align: justify\">Kula z ko\u0142nierzem pe\u0142ni kluczow\u0105 rol\u0119 w systemie zawieszenia traktora, umo\u017cliwiaj\u0105c <b>bezpieczne mocowanie<\/b> maszyn rolniczych. Jej przypisanie do kategorii 2-2 okre\u015bla standardy i parametry zgodne z systemem mocowania, co pozwala na <b>w\u0142a\u015bciwe dopasowanie<\/b> do traktora i narz\u0119dzi.<\/p>\n<p style=\"text-align: justify\"><b>Numer katalogowy:<\/b><\/p>\n<ul>\n<li>LA964232<\/li>\n<\/ul>\n","protected":false},"excerpt":{"rendered":"<p style=\"text-align: justify\">Kula z ko\u0142nierzem kat 3\/2<\/p>\n","protected":false},"featured_media":17443,"comment_status":"open","ping_status":"closed","template":"","meta":{"_acf_changed":false,"inline_featured_image":false},"product_brand":[],"product_cat":[45,748,55],"product_tag":[],"class_list":{"0":"post-17478","1":"product","2":"type-product","3":"status-publish","4":"has-post-thumbnail","6":"product_cat-czesci-do-ciagnikow","7":"product_cat-kule-z-kolnierzem","8":"product_cat-trojpunktowy-uklad-zawieszenia","10":"first","11":"instock","12":"taxable","13":"shipping-taxable","14":"purchasable","15":"product-type-simple"},"acf":[],"yoast_head":"<!-- This site is optimized with the Yoast SEO plugin v27.2 - https:\/\/yoast.com\/product\/yoast-seo-wordpress\/ -->\n<title>Kula z ko\u0142nierzem kat.3\/2 wymiar 28x64\/12 - Exparto.pl<\/title>\n<meta name=\"robots\" content=\"index, follow, max-snippet:-1, max-image-preview:large, max-video-preview:-1\" \/>\n<link rel=\"canonical\" href=\"https:\/\/exparto.pl\/en\/produkt\/kula-z-kolnierzem-kat-3-2-wymiar-28x64-12\/\" \/>\n<meta property=\"og:locale\" content=\"en_US\" \/>\n<meta property=\"og:type\" content=\"article\" \/>\n<meta property=\"og:title\" content=\"Kula z ko\u0142nierzem kat.3\/2 wymiar 28x64\/12 - Exparto.pl\" \/>\n<meta property=\"og:description\" content=\"Kula z ko\u0142nierzem kat 3\/2\" \/>\n<meta property=\"og:url\" content=\"https:\/\/exparto.pl\/en\/produkt\/kula-z-kolnierzem-kat-3-2-wymiar-28x64-12\/\" \/>\n<meta property=\"og:site_name\" content=\"Exparto.pl\" \/>\n<meta property=\"article:publisher\" content=\"https:\/\/www.facebook.com\/exparto.agro\/\" \/>\n<meta property=\"article:modified_time\" content=\"2026-04-01T19:30:17+00:00\" \/>\n<meta property=\"og:image\" content=\"https:\/\/exparto.pl\/wp-content\/uploads\/2024\/01\/3d9247ea4500a7fc878ffe8a3d08540c.jpg\" \/>\n\t<meta property=\"og:image:width\" content=\"1000\" \/>\n\t<meta property=\"og:image:height\" content=\"1000\" \/>\n\t<meta property=\"og:image:type\" content=\"image\/jpeg\" \/>\n<meta name=\"twitter:card\" content=\"summary_large_image\" \/>\n<meta name=\"twitter:label1\" content=\"Est. reading time\" \/>\n\t<meta name=\"twitter:data1\" content=\"1 minute\" \/>\n<script type=\"application\/ld+json\" class=\"yoast-schema-graph\">{\"@context\":\"https:\/\/schema.org\",\"@graph\":[{\"@type\":\"WebPage\",\"@id\":\"https:\/\/exparto.pl\/en\/produkt\/kula-z-kolnierzem-kat-3-2-wymiar-28x64-12\/\",\"url\":\"https:\/\/exparto.pl\/en\/produkt\/kula-z-kolnierzem-kat-3-2-wymiar-28x64-12\/\",\"name\":\"Kula z ko\u0142nierzem kat.3\/2 wymiar 28x64\/12 - Exparto.pl\",\"isPartOf\":{\"@id\":\"https:\/\/exparto.pl\/en\/#website\"},\"primaryImageOfPage\":{\"@id\":\"https:\/\/exparto.pl\/en\/produkt\/kula-z-kolnierzem-kat-3-2-wymiar-28x64-12\/#primaryimage\"},\"image\":{\"@id\":\"https:\/\/exparto.pl\/en\/produkt\/kula-z-kolnierzem-kat-3-2-wymiar-28x64-12\/#primaryimage\"},\"thumbnailUrl\":\"https:\/\/exparto.pl\/wp-content\/uploads\/2024\/01\/3d9247ea4500a7fc878ffe8a3d08540c.jpg\",\"datePublished\":\"2024-01-04T11:21:27+00:00\",\"dateModified\":\"2026-04-01T19:30:17+00:00\",\"breadcrumb\":{\"@id\":\"https:\/\/exparto.pl\/en\/produkt\/kula-z-kolnierzem-kat-3-2-wymiar-28x64-12\/#breadcrumb\"},\"inLanguage\":\"en-US\",\"potentialAction\":[{\"@type\":\"ReadAction\",\"target\":[\"https:\/\/exparto.pl\/en\/produkt\/kula-z-kolnierzem-kat-3-2-wymiar-28x64-12\/\"]}]},{\"@type\":\"ImageObject\",\"inLanguage\":\"en-US\",\"@id\":\"https:\/\/exparto.pl\/en\/produkt\/kula-z-kolnierzem-kat-3-2-wymiar-28x64-12\/#primaryimage\",\"url\":\"https:\/\/exparto.pl\/wp-content\/uploads\/2024\/01\/3d9247ea4500a7fc878ffe8a3d08540c.jpg\",\"contentUrl\":\"https:\/\/exparto.pl\/wp-content\/uploads\/2024\/01\/3d9247ea4500a7fc878ffe8a3d08540c.jpg\",\"width\":1000,\"height\":1000},{\"@type\":\"BreadcrumbList\",\"@id\":\"https:\/\/exparto.pl\/en\/produkt\/kula-z-kolnierzem-kat-3-2-wymiar-28x64-12\/#breadcrumb\",\"itemListElement\":[{\"@type\":\"ListItem\",\"position\":1,\"name\":\"Homepage\",\"item\":\"https:\/\/exparto.pl\/en\/homepage\/\"},{\"@type\":\"ListItem\",\"position\":2,\"name\":\"Sklep\",\"item\":\"https:\/\/exparto.pl\/sklep\/\"},{\"@type\":\"ListItem\",\"position\":3,\"name\":\"Three-point suspension system\",\"item\":\"https:\/\/exparto.pl\/en\/product-category\/three-point-suspension-system\/\"},{\"@type\":\"ListItem\",\"position\":4,\"name\":\"Kule z ko\u0142nierzem\",\"item\":\"https:\/\/exparto.pl\/kategoria-produktu\/trojpunktowy-uklad-zawieszenia\/kule-z-kolnierzem\/\"},{\"@type\":\"ListItem\",\"position\":5,\"name\":\"Kula z ko\u0142nierzem kat.3\/2 wymiar 28&#215;64\/12\"}]},{\"@type\":\"WebSite\",\"@id\":\"https:\/\/exparto.pl\/en\/#website\",\"url\":\"https:\/\/exparto.pl\/en\/\",\"name\":\"EXPARTO\",\"description\":\"More than agro parts\",\"publisher\":{\"@id\":\"https:\/\/exparto.pl\/en\/#organization\"},\"potentialAction\":[{\"@type\":\"SearchAction\",\"target\":{\"@type\":\"EntryPoint\",\"urlTemplate\":\"https:\/\/exparto.pl\/en\/?s={search_term_string}\"},\"query-input\":{\"@type\":\"PropertyValueSpecification\",\"valueRequired\":true,\"valueName\":\"search_term_string\"}}],\"inLanguage\":\"en-US\"},{\"@type\":\"Organization\",\"@id\":\"https:\/\/exparto.pl\/en\/#organization\",\"name\":\"EXPARTO\",\"url\":\"https:\/\/exparto.pl\/en\/\",\"logo\":{\"@type\":\"ImageObject\",\"inLanguage\":\"en-US\",\"@id\":\"https:\/\/exparto.pl\/en\/#\/schema\/logo\/image\/\",\"url\":\"https:\/\/exparto.pl\/wp-content\/uploads\/2023\/02\/logo-wektor.png\",\"contentUrl\":\"https:\/\/exparto.pl\/wp-content\/uploads\/2023\/02\/logo-wektor.png\",\"width\":1338,\"height\":143,\"caption\":\"EXPARTO\"},\"image\":{\"@id\":\"https:\/\/exparto.pl\/en\/#\/schema\/logo\/image\/\"},\"sameAs\":[\"https:\/\/www.facebook.com\/exparto.agro\/\"]}]}<\/script>\n<!-- \/ Yoast SEO plugin. -->","yoast_head_json":{"title":"Kula z ko\u0142nierzem kat.3\/2 wymiar 28x64\/12 - Exparto.pl","robots":{"index":"index","follow":"follow","max-snippet":"max-snippet:-1","max-image-preview":"max-image-preview:large","max-video-preview":"max-video-preview:-1"},"canonical":"https:\/\/exparto.pl\/en\/produkt\/kula-z-kolnierzem-kat-3-2-wymiar-28x64-12\/","og_locale":"en_US","og_type":"article","og_title":"Kula z ko\u0142nierzem kat.3\/2 wymiar 28x64\/12 - Exparto.pl","og_description":"Kula z ko\u0142nierzem kat 3\/2","og_url":"https:\/\/exparto.pl\/en\/produkt\/kula-z-kolnierzem-kat-3-2-wymiar-28x64-12\/","og_site_name":"Exparto.pl","article_publisher":"https:\/\/www.facebook.com\/exparto.agro\/","article_modified_time":"2026-04-01T19:30:17+00:00","og_image":[{"width":1000,"height":1000,"url":"https:\/\/exparto.pl\/wp-content\/uploads\/2024\/01\/3d9247ea4500a7fc878ffe8a3d08540c.jpg","type":"image\/jpeg"}],"twitter_card":"summary_large_image","twitter_misc":{"Est. reading time":"1 minute"},"schema":{"@context":"https:\/\/schema.org","@graph":[{"@type":"WebPage","@id":"https:\/\/exparto.pl\/en\/produkt\/kula-z-kolnierzem-kat-3-2-wymiar-28x64-12\/","url":"https:\/\/exparto.pl\/en\/produkt\/kula-z-kolnierzem-kat-3-2-wymiar-28x64-12\/","name":"Kula z ko\u0142nierzem kat.3\/2 wymiar 28x64\/12 - Exparto.pl","isPartOf":{"@id":"https:\/\/exparto.pl\/en\/#website"},"primaryImageOfPage":{"@id":"https:\/\/exparto.pl\/en\/produkt\/kula-z-kolnierzem-kat-3-2-wymiar-28x64-12\/#primaryimage"},"image":{"@id":"https:\/\/exparto.pl\/en\/produkt\/kula-z-kolnierzem-kat-3-2-wymiar-28x64-12\/#primaryimage"},"thumbnailUrl":"https:\/\/exparto.pl\/wp-content\/uploads\/2024\/01\/3d9247ea4500a7fc878ffe8a3d08540c.jpg","datePublished":"2024-01-04T11:21:27+00:00","dateModified":"2026-04-01T19:30:17+00:00","breadcrumb":{"@id":"https:\/\/exparto.pl\/en\/produkt\/kula-z-kolnierzem-kat-3-2-wymiar-28x64-12\/#breadcrumb"},"inLanguage":"en-US","potentialAction":[{"@type":"ReadAction","target":["https:\/\/exparto.pl\/en\/produkt\/kula-z-kolnierzem-kat-3-2-wymiar-28x64-12\/"]}]},{"@type":"ImageObject","inLanguage":"en-US","@id":"https:\/\/exparto.pl\/en\/produkt\/kula-z-kolnierzem-kat-3-2-wymiar-28x64-12\/#primaryimage","url":"https:\/\/exparto.pl\/wp-content\/uploads\/2024\/01\/3d9247ea4500a7fc878ffe8a3d08540c.jpg","contentUrl":"https:\/\/exparto.pl\/wp-content\/uploads\/2024\/01\/3d9247ea4500a7fc878ffe8a3d08540c.jpg","width":1000,"height":1000},{"@type":"BreadcrumbList","@id":"https:\/\/exparto.pl\/en\/produkt\/kula-z-kolnierzem-kat-3-2-wymiar-28x64-12\/#breadcrumb","itemListElement":[{"@type":"ListItem","position":1,"name":"Homepage","item":"https:\/\/exparto.pl\/en\/homepage\/"},{"@type":"ListItem","position":2,"name":"Sklep","item":"https:\/\/exparto.pl\/sklep\/"},{"@type":"ListItem","position":3,"name":"Three-point suspension system","item":"https:\/\/exparto.pl\/en\/product-category\/three-point-suspension-system\/"},{"@type":"ListItem","position":4,"name":"Kule z ko\u0142nierzem","item":"https:\/\/exparto.pl\/kategoria-produktu\/trojpunktowy-uklad-zawieszenia\/kule-z-kolnierzem\/"},{"@type":"ListItem","position":5,"name":"Kula z ko\u0142nierzem kat.3\/2 wymiar 28&#215;64\/12"}]},{"@type":"WebSite","@id":"https:\/\/exparto.pl\/en\/#website","url":"https:\/\/exparto.pl\/en\/","name":"EXPARTO","description":"More than agro parts","publisher":{"@id":"https:\/\/exparto.pl\/en\/#organization"},"potentialAction":[{"@type":"SearchAction","target":{"@type":"EntryPoint","urlTemplate":"https:\/\/exparto.pl\/en\/?s={search_term_string}"},"query-input":{"@type":"PropertyValueSpecification","valueRequired":true,"valueName":"search_term_string"}}],"inLanguage":"en-US"},{"@type":"Organization","@id":"https:\/\/exparto.pl\/en\/#organization","name":"EXPARTO","url":"https:\/\/exparto.pl\/en\/","logo":{"@type":"ImageObject","inLanguage":"en-US","@id":"https:\/\/exparto.pl\/en\/#\/schema\/logo\/image\/","url":"https:\/\/exparto.pl\/wp-content\/uploads\/2023\/02\/logo-wektor.png","contentUrl":"https:\/\/exparto.pl\/wp-content\/uploads\/2023\/02\/logo-wektor.png","width":1338,"height":143,"caption":"EXPARTO"},"image":{"@id":"https:\/\/exparto.pl\/en\/#\/schema\/logo\/image\/"},"sameAs":["https:\/\/www.facebook.com\/exparto.agro\/"]}]}},"_links":{"self":[{"href":"https:\/\/exparto.pl\/en\/wp-json\/wp\/v2\/product\/17478","targetHints":{"allow":["GET"]}}],"collection":[{"href":"https:\/\/exparto.pl\/en\/wp-json\/wp\/v2\/product"}],"about":[{"href":"https:\/\/exparto.pl\/en\/wp-json\/wp\/v2\/types\/product"}],"replies":[{"embeddable":true,"href":"https:\/\/exparto.pl\/en\/wp-json\/wp\/v2\/comments?post=17478"}],"wp:featuredmedia":[{"embeddable":true,"href":"https:\/\/exparto.pl\/en\/wp-json\/wp\/v2\/media\/17443"}],"wp:attachment":[{"href":"https:\/\/exparto.pl\/en\/wp-json\/wp\/v2\/media?parent=17478"}],"wp:term":[{"taxonomy":"product_brand","embeddable":true,"href":"https:\/\/exparto.pl\/en\/wp-json\/wp\/v2\/product_brand?post=17478"},{"taxonomy":"product_cat","embeddable":true,"href":"https:\/\/exparto.pl\/en\/wp-json\/wp\/v2\/product_cat?post=17478"},{"taxonomy":"product_tag","embeddable":true,"href":"https:\/\/exparto.pl\/en\/wp-json\/wp\/v2\/product_tag?post=17478"}],"curies":[{"name":"wp","href":"https:\/\/api.w.org\/{rel}","templated":true}]}}