{"id":18248,"date":"2024-01-15T09:16:27","date_gmt":"2024-01-15T08:16:27","guid":{"rendered":"https:\/\/exparto.pl\/produkt\/chlapacz-gumowy-oslona-tylna-z-okuciem-360x500\/"},"modified":"2026-03-25T10:00:55","modified_gmt":"2026-03-25T09:00:55","slug":"chlapacz-gumowy-oslona-tylna-z-okuciem-360x500","status":"publish","type":"product","link":"https:\/\/exparto.pl\/en\/produkt\/chlapacz-gumowy-oslona-tylna-z-okuciem-360x500\/","title":{"rendered":"Chlapacz gumowy, os\u0142ona tylna z okuciem 360&#215;500"},"content":{"rendered":"<p style=\"text-align: justify\">Os\u0142ona b\u0142otna z okuciem.<\/p>\n<p style=\"text-align: justify\"><b>Zastosowanie:<\/b><\/p>\n<ul>\n<li style=\"text-align: justify\">przyczepy rolnicze<\/li>\n<li style=\"text-align: justify\">maszyny rolnicze<\/li>\n<\/ul>\n<div style=\"text-align: justify\"><b>Numer katalogowy:<\/b><\/div>\n<div>\n<ul>\n<li style=\"text-align: justify\">6020340000<\/li>\n<\/ul>\n<\/div>\n","protected":false},"excerpt":{"rendered":"<p style=\"text-align: justify\">Os\u0142ona b\u0142otna z okuciem<\/p>\n","protected":false},"featured_media":18223,"comment_status":"open","ping_status":"closed","template":"","meta":{"_acf_changed":false,"inline_featured_image":false},"product_brand":[],"product_cat":[757,45,138,139,140],"product_tag":[],"class_list":{"0":"post-18248","1":"product","2":"type-product","3":"status-publish","4":"has-post-thumbnail","6":"product_cat-chlapacze-gumowe","7":"product_cat-czesci-do-ciagnikow","8":"product_cat-czesci-do-ursus","9":"product_cat-ursus-c330","10":"product_cat-ursus-c360","12":"first","13":"instock","14":"taxable","15":"shipping-taxable","16":"purchasable","17":"product-type-simple"},"acf":[],"yoast_head":"<!-- This site is optimized with the Yoast SEO plugin v27.2 - https:\/\/yoast.com\/product\/yoast-seo-wordpress\/ -->\n<title>Chlapacz gumowy, os\u0142ona tylna z okuciem 360x500 - Exparto.pl<\/title>\n<meta name=\"robots\" content=\"index, follow, max-snippet:-1, max-image-preview:large, max-video-preview:-1\" \/>\n<link rel=\"canonical\" href=\"https:\/\/exparto.pl\/en\/produkt\/chlapacz-gumowy-oslona-tylna-z-okuciem-360x500\/\" \/>\n<meta property=\"og:locale\" content=\"en_US\" \/>\n<meta property=\"og:type\" content=\"article\" \/>\n<meta property=\"og:title\" content=\"Chlapacz gumowy, os\u0142ona tylna z okuciem 360x500 - Exparto.pl\" \/>\n<meta property=\"og:description\" content=\"Os\u0142ona b\u0142otna z okuciem\" \/>\n<meta property=\"og:url\" content=\"https:\/\/exparto.pl\/en\/produkt\/chlapacz-gumowy-oslona-tylna-z-okuciem-360x500\/\" \/>\n<meta property=\"og:site_name\" content=\"Exparto.pl\" \/>\n<meta property=\"article:publisher\" content=\"https:\/\/www.facebook.com\/exparto.agro\/\" \/>\n<meta property=\"article:modified_time\" content=\"2026-03-25T09:00:55+00:00\" \/>\n<meta property=\"og:image\" content=\"https:\/\/exparto.pl\/wp-content\/uploads\/2024\/01\/ba46b3d95f60bd2d0cced4b4306ba516.jpg\" \/>\n\t<meta property=\"og:image:width\" content=\"1000\" \/>\n\t<meta property=\"og:image:height\" content=\"1000\" \/>\n\t<meta property=\"og:image:type\" content=\"image\/jpeg\" \/>\n<meta name=\"twitter:card\" content=\"summary_large_image\" \/>\n<meta name=\"twitter:label1\" content=\"Est. reading time\" \/>\n\t<meta name=\"twitter:data1\" content=\"1 minute\" \/>\n<script type=\"application\/ld+json\" class=\"yoast-schema-graph\">{\"@context\":\"https:\/\/schema.org\",\"@graph\":[{\"@type\":\"WebPage\",\"@id\":\"https:\/\/exparto.pl\/en\/produkt\/chlapacz-gumowy-oslona-tylna-z-okuciem-360x500\/\",\"url\":\"https:\/\/exparto.pl\/en\/produkt\/chlapacz-gumowy-oslona-tylna-z-okuciem-360x500\/\",\"name\":\"Chlapacz gumowy, os\u0142ona tylna z okuciem 360x500 - Exparto.pl\",\"isPartOf\":{\"@id\":\"https:\/\/exparto.pl\/en\/#website\"},\"primaryImageOfPage\":{\"@id\":\"https:\/\/exparto.pl\/en\/produkt\/chlapacz-gumowy-oslona-tylna-z-okuciem-360x500\/#primaryimage\"},\"image\":{\"@id\":\"https:\/\/exparto.pl\/en\/produkt\/chlapacz-gumowy-oslona-tylna-z-okuciem-360x500\/#primaryimage\"},\"thumbnailUrl\":\"https:\/\/exparto.pl\/wp-content\/uploads\/2024\/01\/ba46b3d95f60bd2d0cced4b4306ba516.jpg\",\"datePublished\":\"2024-01-15T08:16:27+00:00\",\"dateModified\":\"2026-03-25T09:00:55+00:00\",\"breadcrumb\":{\"@id\":\"https:\/\/exparto.pl\/en\/produkt\/chlapacz-gumowy-oslona-tylna-z-okuciem-360x500\/#breadcrumb\"},\"inLanguage\":\"en-US\",\"potentialAction\":[{\"@type\":\"ReadAction\",\"target\":[\"https:\/\/exparto.pl\/en\/produkt\/chlapacz-gumowy-oslona-tylna-z-okuciem-360x500\/\"]}]},{\"@type\":\"ImageObject\",\"inLanguage\":\"en-US\",\"@id\":\"https:\/\/exparto.pl\/en\/produkt\/chlapacz-gumowy-oslona-tylna-z-okuciem-360x500\/#primaryimage\",\"url\":\"https:\/\/exparto.pl\/wp-content\/uploads\/2024\/01\/ba46b3d95f60bd2d0cced4b4306ba516.jpg\",\"contentUrl\":\"https:\/\/exparto.pl\/wp-content\/uploads\/2024\/01\/ba46b3d95f60bd2d0cced4b4306ba516.jpg\",\"width\":1000,\"height\":1000},{\"@type\":\"BreadcrumbList\",\"@id\":\"https:\/\/exparto.pl\/en\/produkt\/chlapacz-gumowy-oslona-tylna-z-okuciem-360x500\/#breadcrumb\",\"itemListElement\":[{\"@type\":\"ListItem\",\"position\":1,\"name\":\"Homepage\",\"item\":\"https:\/\/exparto.pl\/en\/homepage\/\"},{\"@type\":\"ListItem\",\"position\":2,\"name\":\"Sklep\",\"item\":\"https:\/\/exparto.pl\/sklep\/\"},{\"@type\":\"ListItem\",\"position\":3,\"name\":\"Tractor parts\",\"item\":\"https:\/\/exparto.pl\/en\/product-category\/tractor-parts\/\"},{\"@type\":\"ListItem\",\"position\":4,\"name\":\"Chlapacze gumowe\",\"item\":\"https:\/\/exparto.pl\/kategoria-produktu\/czesci-do-ciagnikow\/chlapacze-gumowe\/\"},{\"@type\":\"ListItem\",\"position\":5,\"name\":\"Chlapacz gumowy, os\u0142ona tylna z okuciem 360&#215;500\"}]},{\"@type\":\"WebSite\",\"@id\":\"https:\/\/exparto.pl\/en\/#website\",\"url\":\"https:\/\/exparto.pl\/en\/\",\"name\":\"EXPARTO\",\"description\":\"More than agro parts\",\"publisher\":{\"@id\":\"https:\/\/exparto.pl\/en\/#organization\"},\"potentialAction\":[{\"@type\":\"SearchAction\",\"target\":{\"@type\":\"EntryPoint\",\"urlTemplate\":\"https:\/\/exparto.pl\/en\/?s={search_term_string}\"},\"query-input\":{\"@type\":\"PropertyValueSpecification\",\"valueRequired\":true,\"valueName\":\"search_term_string\"}}],\"inLanguage\":\"en-US\"},{\"@type\":\"Organization\",\"@id\":\"https:\/\/exparto.pl\/en\/#organization\",\"name\":\"EXPARTO\",\"url\":\"https:\/\/exparto.pl\/en\/\",\"logo\":{\"@type\":\"ImageObject\",\"inLanguage\":\"en-US\",\"@id\":\"https:\/\/exparto.pl\/en\/#\/schema\/logo\/image\/\",\"url\":\"https:\/\/exparto.pl\/wp-content\/uploads\/2023\/02\/logo-wektor.png\",\"contentUrl\":\"https:\/\/exparto.pl\/wp-content\/uploads\/2023\/02\/logo-wektor.png\",\"width\":1338,\"height\":143,\"caption\":\"EXPARTO\"},\"image\":{\"@id\":\"https:\/\/exparto.pl\/en\/#\/schema\/logo\/image\/\"},\"sameAs\":[\"https:\/\/www.facebook.com\/exparto.agro\/\"]}]}<\/script>\n<!-- \/ Yoast SEO plugin. -->","yoast_head_json":{"title":"Chlapacz gumowy, os\u0142ona tylna z okuciem 360x500 - Exparto.pl","robots":{"index":"index","follow":"follow","max-snippet":"max-snippet:-1","max-image-preview":"max-image-preview:large","max-video-preview":"max-video-preview:-1"},"canonical":"https:\/\/exparto.pl\/en\/produkt\/chlapacz-gumowy-oslona-tylna-z-okuciem-360x500\/","og_locale":"en_US","og_type":"article","og_title":"Chlapacz gumowy, os\u0142ona tylna z okuciem 360x500 - Exparto.pl","og_description":"Os\u0142ona b\u0142otna z okuciem","og_url":"https:\/\/exparto.pl\/en\/produkt\/chlapacz-gumowy-oslona-tylna-z-okuciem-360x500\/","og_site_name":"Exparto.pl","article_publisher":"https:\/\/www.facebook.com\/exparto.agro\/","article_modified_time":"2026-03-25T09:00:55+00:00","og_image":[{"width":1000,"height":1000,"url":"https:\/\/exparto.pl\/wp-content\/uploads\/2024\/01\/ba46b3d95f60bd2d0cced4b4306ba516.jpg","type":"image\/jpeg"}],"twitter_card":"summary_large_image","twitter_misc":{"Est. reading time":"1 minute"},"schema":{"@context":"https:\/\/schema.org","@graph":[{"@type":"WebPage","@id":"https:\/\/exparto.pl\/en\/produkt\/chlapacz-gumowy-oslona-tylna-z-okuciem-360x500\/","url":"https:\/\/exparto.pl\/en\/produkt\/chlapacz-gumowy-oslona-tylna-z-okuciem-360x500\/","name":"Chlapacz gumowy, os\u0142ona tylna z okuciem 360x500 - Exparto.pl","isPartOf":{"@id":"https:\/\/exparto.pl\/en\/#website"},"primaryImageOfPage":{"@id":"https:\/\/exparto.pl\/en\/produkt\/chlapacz-gumowy-oslona-tylna-z-okuciem-360x500\/#primaryimage"},"image":{"@id":"https:\/\/exparto.pl\/en\/produkt\/chlapacz-gumowy-oslona-tylna-z-okuciem-360x500\/#primaryimage"},"thumbnailUrl":"https:\/\/exparto.pl\/wp-content\/uploads\/2024\/01\/ba46b3d95f60bd2d0cced4b4306ba516.jpg","datePublished":"2024-01-15T08:16:27+00:00","dateModified":"2026-03-25T09:00:55+00:00","breadcrumb":{"@id":"https:\/\/exparto.pl\/en\/produkt\/chlapacz-gumowy-oslona-tylna-z-okuciem-360x500\/#breadcrumb"},"inLanguage":"en-US","potentialAction":[{"@type":"ReadAction","target":["https:\/\/exparto.pl\/en\/produkt\/chlapacz-gumowy-oslona-tylna-z-okuciem-360x500\/"]}]},{"@type":"ImageObject","inLanguage":"en-US","@id":"https:\/\/exparto.pl\/en\/produkt\/chlapacz-gumowy-oslona-tylna-z-okuciem-360x500\/#primaryimage","url":"https:\/\/exparto.pl\/wp-content\/uploads\/2024\/01\/ba46b3d95f60bd2d0cced4b4306ba516.jpg","contentUrl":"https:\/\/exparto.pl\/wp-content\/uploads\/2024\/01\/ba46b3d95f60bd2d0cced4b4306ba516.jpg","width":1000,"height":1000},{"@type":"BreadcrumbList","@id":"https:\/\/exparto.pl\/en\/produkt\/chlapacz-gumowy-oslona-tylna-z-okuciem-360x500\/#breadcrumb","itemListElement":[{"@type":"ListItem","position":1,"name":"Homepage","item":"https:\/\/exparto.pl\/en\/homepage\/"},{"@type":"ListItem","position":2,"name":"Sklep","item":"https:\/\/exparto.pl\/sklep\/"},{"@type":"ListItem","position":3,"name":"Tractor parts","item":"https:\/\/exparto.pl\/en\/product-category\/tractor-parts\/"},{"@type":"ListItem","position":4,"name":"Chlapacze gumowe","item":"https:\/\/exparto.pl\/kategoria-produktu\/czesci-do-ciagnikow\/chlapacze-gumowe\/"},{"@type":"ListItem","position":5,"name":"Chlapacz gumowy, os\u0142ona tylna z okuciem 360&#215;500"}]},{"@type":"WebSite","@id":"https:\/\/exparto.pl\/en\/#website","url":"https:\/\/exparto.pl\/en\/","name":"EXPARTO","description":"More than agro parts","publisher":{"@id":"https:\/\/exparto.pl\/en\/#organization"},"potentialAction":[{"@type":"SearchAction","target":{"@type":"EntryPoint","urlTemplate":"https:\/\/exparto.pl\/en\/?s={search_term_string}"},"query-input":{"@type":"PropertyValueSpecification","valueRequired":true,"valueName":"search_term_string"}}],"inLanguage":"en-US"},{"@type":"Organization","@id":"https:\/\/exparto.pl\/en\/#organization","name":"EXPARTO","url":"https:\/\/exparto.pl\/en\/","logo":{"@type":"ImageObject","inLanguage":"en-US","@id":"https:\/\/exparto.pl\/en\/#\/schema\/logo\/image\/","url":"https:\/\/exparto.pl\/wp-content\/uploads\/2023\/02\/logo-wektor.png","contentUrl":"https:\/\/exparto.pl\/wp-content\/uploads\/2023\/02\/logo-wektor.png","width":1338,"height":143,"caption":"EXPARTO"},"image":{"@id":"https:\/\/exparto.pl\/en\/#\/schema\/logo\/image\/"},"sameAs":["https:\/\/www.facebook.com\/exparto.agro\/"]}]}},"_links":{"self":[{"href":"https:\/\/exparto.pl\/en\/wp-json\/wp\/v2\/product\/18248","targetHints":{"allow":["GET"]}}],"collection":[{"href":"https:\/\/exparto.pl\/en\/wp-json\/wp\/v2\/product"}],"about":[{"href":"https:\/\/exparto.pl\/en\/wp-json\/wp\/v2\/types\/product"}],"replies":[{"embeddable":true,"href":"https:\/\/exparto.pl\/en\/wp-json\/wp\/v2\/comments?post=18248"}],"wp:featuredmedia":[{"embeddable":true,"href":"https:\/\/exparto.pl\/en\/wp-json\/wp\/v2\/media\/18223"}],"wp:attachment":[{"href":"https:\/\/exparto.pl\/en\/wp-json\/wp\/v2\/media?parent=18248"}],"wp:term":[{"taxonomy":"product_brand","embeddable":true,"href":"https:\/\/exparto.pl\/en\/wp-json\/wp\/v2\/product_brand?post=18248"},{"taxonomy":"product_cat","embeddable":true,"href":"https:\/\/exparto.pl\/en\/wp-json\/wp\/v2\/product_cat?post=18248"},{"taxonomy":"product_tag","embeddable":true,"href":"https:\/\/exparto.pl\/en\/wp-json\/wp\/v2\/product_tag?post=18248"}],"curies":[{"name":"wp","href":"https:\/\/api.w.org\/{rel}","templated":true}]}}