{"id":18322,"date":"2024-01-15T10:06:12","date_gmt":"2024-01-15T09:06:12","guid":{"rendered":"https:\/\/exparto.pl\/produkt\/oslona-gumowa-silownika-hamulcowgo-fi-100-i-fi-80\/"},"modified":"2026-03-19T18:01:14","modified_gmt":"2026-03-19T17:01:14","slug":"oslona-gumowa-silownika-hamulcowgo-fi-100-i-fi-80","status":"publish","type":"product","link":"https:\/\/exparto.pl\/en\/produkt\/oslona-gumowa-silownika-hamulcowgo-fi-100-i-fi-80\/","title":{"rendered":"Os\u0142ona gumowa si\u0142ownika hamulcowgo fi-100 i fi-80"},"content":{"rendered":"<p style=\"text-align: justify\">Os\u0142ona gumowa do si\u0142ownika hamulcowego powietrza fi-80\/100mm.<\/p>\n<p style=\"text-align: justify\"><b>Zastosowanie:\u00a0<\/b><\/p>\n<ul>\n<li style=\"text-align: justify\">przyczepy rolnicze<\/li>\n<li style=\"text-align: justify\">maszyny rolnicze<\/li>\n<\/ul>\n<div style=\"text-align: justify\"><b>Numer katalogowy:\u00a0<\/b><\/div>\n<div>\n<ul>\n<li style=\"text-align: justify\">605053301<\/li>\n<\/ul>\n<\/div>\n","protected":false},"excerpt":{"rendered":"<p style=\"text-align: justify\">Os\u0142ona gumowa do si\u0142ownika hamulcowego fi-80 fi 100<\/p>\n","protected":false},"featured_media":18297,"comment_status":"open","ping_status":"closed","template":"","meta":{"_acf_changed":false,"inline_featured_image":false},"product_brand":[],"product_cat":[50,202,744],"product_tag":[],"class_list":{"0":"post-18322","1":"product","2":"type-product","3":"status-publish","4":"has-post-thumbnail","6":"product_cat-czesci-do-przyczep","7":"product_cat-silowniki-hamulcowe","8":"product_cat-zestaw-naprawczy-d-35-d-47","10":"first","11":"outofstock","12":"taxable","13":"shipping-taxable","14":"purchasable","15":"product-type-simple"},"acf":[],"yoast_head":"<!-- This site is optimized with the Yoast SEO plugin v27.4 - https:\/\/yoast.com\/product\/yoast-seo-wordpress\/ -->\n<title>Os\u0142ona gumowa si\u0142ownika hamulcowgo fi-100 i fi-80 - Exparto.pl<\/title>\n<meta name=\"robots\" content=\"index, follow, max-snippet:-1, max-image-preview:large, max-video-preview:-1\" \/>\n<link rel=\"canonical\" href=\"https:\/\/exparto.pl\/en\/produkt\/oslona-gumowa-silownika-hamulcowgo-fi-100-i-fi-80\/\" \/>\n<meta property=\"og:locale\" content=\"en_US\" \/>\n<meta property=\"og:type\" content=\"article\" \/>\n<meta property=\"og:title\" content=\"Os\u0142ona gumowa si\u0142ownika hamulcowgo fi-100 i fi-80 - Exparto.pl\" \/>\n<meta property=\"og:description\" content=\"Os\u0142ona gumowa do si\u0142ownika hamulcowego fi-80 fi 100\" \/>\n<meta property=\"og:url\" content=\"https:\/\/exparto.pl\/en\/produkt\/oslona-gumowa-silownika-hamulcowgo-fi-100-i-fi-80\/\" \/>\n<meta property=\"og:site_name\" content=\"Exparto.pl\" \/>\n<meta property=\"article:publisher\" content=\"https:\/\/www.facebook.com\/exparto.agro\/\" \/>\n<meta property=\"article:modified_time\" content=\"2026-03-19T17:01:14+00:00\" \/>\n<meta property=\"og:image\" content=\"https:\/\/exparto.pl\/wp-content\/uploads\/2024\/01\/dde4fd1023de3b6ce488e45b66482afb.jpg\" \/>\n\t<meta property=\"og:image:width\" content=\"1000\" \/>\n\t<meta property=\"og:image:height\" content=\"1000\" \/>\n\t<meta property=\"og:image:type\" content=\"image\/jpeg\" \/>\n<meta name=\"twitter:card\" content=\"summary_large_image\" \/>\n<meta name=\"twitter:label1\" content=\"Est. reading time\" \/>\n\t<meta name=\"twitter:data1\" content=\"1 minute\" \/>\n<script type=\"application\/ld+json\" class=\"yoast-schema-graph\">{\"@context\":\"https:\\\/\\\/schema.org\",\"@graph\":[{\"@type\":\"WebPage\",\"@id\":\"https:\\\/\\\/exparto.pl\\\/en\\\/produkt\\\/oslona-gumowa-silownika-hamulcowgo-fi-100-i-fi-80\\\/\",\"url\":\"https:\\\/\\\/exparto.pl\\\/en\\\/produkt\\\/oslona-gumowa-silownika-hamulcowgo-fi-100-i-fi-80\\\/\",\"name\":\"Os\u0142ona gumowa si\u0142ownika hamulcowgo fi-100 i fi-80 - Exparto.pl\",\"isPartOf\":{\"@id\":\"https:\\\/\\\/exparto.pl\\\/en\\\/#website\"},\"primaryImageOfPage\":{\"@id\":\"https:\\\/\\\/exparto.pl\\\/en\\\/produkt\\\/oslona-gumowa-silownika-hamulcowgo-fi-100-i-fi-80\\\/#primaryimage\"},\"image\":{\"@id\":\"https:\\\/\\\/exparto.pl\\\/en\\\/produkt\\\/oslona-gumowa-silownika-hamulcowgo-fi-100-i-fi-80\\\/#primaryimage\"},\"thumbnailUrl\":\"https:\\\/\\\/exparto.pl\\\/wp-content\\\/uploads\\\/2024\\\/01\\\/dde4fd1023de3b6ce488e45b66482afb.jpg\",\"datePublished\":\"2024-01-15T09:06:12+00:00\",\"dateModified\":\"2026-03-19T17:01:14+00:00\",\"breadcrumb\":{\"@id\":\"https:\\\/\\\/exparto.pl\\\/en\\\/produkt\\\/oslona-gumowa-silownika-hamulcowgo-fi-100-i-fi-80\\\/#breadcrumb\"},\"inLanguage\":\"en-US\",\"potentialAction\":[{\"@type\":\"ReadAction\",\"target\":[\"https:\\\/\\\/exparto.pl\\\/en\\\/produkt\\\/oslona-gumowa-silownika-hamulcowgo-fi-100-i-fi-80\\\/\"]}]},{\"@type\":\"ImageObject\",\"inLanguage\":\"en-US\",\"@id\":\"https:\\\/\\\/exparto.pl\\\/en\\\/produkt\\\/oslona-gumowa-silownika-hamulcowgo-fi-100-i-fi-80\\\/#primaryimage\",\"url\":\"https:\\\/\\\/exparto.pl\\\/wp-content\\\/uploads\\\/2024\\\/01\\\/dde4fd1023de3b6ce488e45b66482afb.jpg\",\"contentUrl\":\"https:\\\/\\\/exparto.pl\\\/wp-content\\\/uploads\\\/2024\\\/01\\\/dde4fd1023de3b6ce488e45b66482afb.jpg\",\"width\":1000,\"height\":1000},{\"@type\":\"BreadcrumbList\",\"@id\":\"https:\\\/\\\/exparto.pl\\\/en\\\/produkt\\\/oslona-gumowa-silownika-hamulcowgo-fi-100-i-fi-80\\\/#breadcrumb\",\"itemListElement\":[{\"@type\":\"ListItem\",\"position\":1,\"name\":\"Homepage\",\"item\":\"https:\\\/\\\/exparto.pl\\\/en\\\/homepage\\\/\"},{\"@type\":\"ListItem\",\"position\":2,\"name\":\"Sklep\",\"item\":\"https:\\\/\\\/exparto.pl\\\/sklep\\\/\"},{\"@type\":\"ListItem\",\"position\":3,\"name\":\"Trailer parts\",\"item\":\"https:\\\/\\\/exparto.pl\\\/en\\\/product-category\\\/trailer-parts\\\/\"},{\"@type\":\"ListItem\",\"position\":4,\"name\":\"Brake cylinders\",\"item\":\"https:\\\/\\\/exparto.pl\\\/en\\\/product-category\\\/trailer-parts\\\/brake-cylinders\\\/\"},{\"@type\":\"ListItem\",\"position\":5,\"name\":\"Zestawy naprawcze si\u0142ownika\",\"item\":\"https:\\\/\\\/exparto.pl\\\/kategoria-produktu\\\/czesci-do-przyczep\\\/silowniki-hamulcowe\\\/zestaw-naprawczy-d-35-d-47\\\/\"},{\"@type\":\"ListItem\",\"position\":6,\"name\":\"Os\u0142ona gumowa si\u0142ownika hamulcowgo fi-100 i fi-80\"}]},{\"@type\":\"WebSite\",\"@id\":\"https:\\\/\\\/exparto.pl\\\/en\\\/#website\",\"url\":\"https:\\\/\\\/exparto.pl\\\/en\\\/\",\"name\":\"EXPARTO\",\"description\":\"More than agro parts\",\"publisher\":{\"@id\":\"https:\\\/\\\/exparto.pl\\\/en\\\/#organization\"},\"potentialAction\":[{\"@type\":\"SearchAction\",\"target\":{\"@type\":\"EntryPoint\",\"urlTemplate\":\"https:\\\/\\\/exparto.pl\\\/en\\\/?s={search_term_string}\"},\"query-input\":{\"@type\":\"PropertyValueSpecification\",\"valueRequired\":true,\"valueName\":\"search_term_string\"}}],\"inLanguage\":\"en-US\"},{\"@type\":\"Organization\",\"@id\":\"https:\\\/\\\/exparto.pl\\\/en\\\/#organization\",\"name\":\"EXPARTO\",\"url\":\"https:\\\/\\\/exparto.pl\\\/en\\\/\",\"logo\":{\"@type\":\"ImageObject\",\"inLanguage\":\"en-US\",\"@id\":\"https:\\\/\\\/exparto.pl\\\/en\\\/#\\\/schema\\\/logo\\\/image\\\/\",\"url\":\"https:\\\/\\\/exparto.pl\\\/wp-content\\\/uploads\\\/2023\\\/02\\\/logo-wektor.png\",\"contentUrl\":\"https:\\\/\\\/exparto.pl\\\/wp-content\\\/uploads\\\/2023\\\/02\\\/logo-wektor.png\",\"width\":1338,\"height\":143,\"caption\":\"EXPARTO\"},\"image\":{\"@id\":\"https:\\\/\\\/exparto.pl\\\/en\\\/#\\\/schema\\\/logo\\\/image\\\/\"},\"sameAs\":[\"https:\\\/\\\/www.facebook.com\\\/exparto.agro\\\/\"]}]}<\/script>\n<!-- \/ Yoast SEO plugin. -->","yoast_head_json":{"title":"Os\u0142ona gumowa si\u0142ownika hamulcowgo fi-100 i fi-80 - Exparto.pl","robots":{"index":"index","follow":"follow","max-snippet":"max-snippet:-1","max-image-preview":"max-image-preview:large","max-video-preview":"max-video-preview:-1"},"canonical":"https:\/\/exparto.pl\/en\/produkt\/oslona-gumowa-silownika-hamulcowgo-fi-100-i-fi-80\/","og_locale":"en_US","og_type":"article","og_title":"Os\u0142ona gumowa si\u0142ownika hamulcowgo fi-100 i fi-80 - Exparto.pl","og_description":"Os\u0142ona gumowa do si\u0142ownika hamulcowego fi-80 fi 100","og_url":"https:\/\/exparto.pl\/en\/produkt\/oslona-gumowa-silownika-hamulcowgo-fi-100-i-fi-80\/","og_site_name":"Exparto.pl","article_publisher":"https:\/\/www.facebook.com\/exparto.agro\/","article_modified_time":"2026-03-19T17:01:14+00:00","og_image":[{"width":1000,"height":1000,"url":"https:\/\/exparto.pl\/wp-content\/uploads\/2024\/01\/dde4fd1023de3b6ce488e45b66482afb.jpg","type":"image\/jpeg"}],"twitter_card":"summary_large_image","twitter_misc":{"Est. reading time":"1 minute"},"schema":{"@context":"https:\/\/schema.org","@graph":[{"@type":"WebPage","@id":"https:\/\/exparto.pl\/en\/produkt\/oslona-gumowa-silownika-hamulcowgo-fi-100-i-fi-80\/","url":"https:\/\/exparto.pl\/en\/produkt\/oslona-gumowa-silownika-hamulcowgo-fi-100-i-fi-80\/","name":"Os\u0142ona gumowa si\u0142ownika hamulcowgo fi-100 i fi-80 - Exparto.pl","isPartOf":{"@id":"https:\/\/exparto.pl\/en\/#website"},"primaryImageOfPage":{"@id":"https:\/\/exparto.pl\/en\/produkt\/oslona-gumowa-silownika-hamulcowgo-fi-100-i-fi-80\/#primaryimage"},"image":{"@id":"https:\/\/exparto.pl\/en\/produkt\/oslona-gumowa-silownika-hamulcowgo-fi-100-i-fi-80\/#primaryimage"},"thumbnailUrl":"https:\/\/exparto.pl\/wp-content\/uploads\/2024\/01\/dde4fd1023de3b6ce488e45b66482afb.jpg","datePublished":"2024-01-15T09:06:12+00:00","dateModified":"2026-03-19T17:01:14+00:00","breadcrumb":{"@id":"https:\/\/exparto.pl\/en\/produkt\/oslona-gumowa-silownika-hamulcowgo-fi-100-i-fi-80\/#breadcrumb"},"inLanguage":"en-US","potentialAction":[{"@type":"ReadAction","target":["https:\/\/exparto.pl\/en\/produkt\/oslona-gumowa-silownika-hamulcowgo-fi-100-i-fi-80\/"]}]},{"@type":"ImageObject","inLanguage":"en-US","@id":"https:\/\/exparto.pl\/en\/produkt\/oslona-gumowa-silownika-hamulcowgo-fi-100-i-fi-80\/#primaryimage","url":"https:\/\/exparto.pl\/wp-content\/uploads\/2024\/01\/dde4fd1023de3b6ce488e45b66482afb.jpg","contentUrl":"https:\/\/exparto.pl\/wp-content\/uploads\/2024\/01\/dde4fd1023de3b6ce488e45b66482afb.jpg","width":1000,"height":1000},{"@type":"BreadcrumbList","@id":"https:\/\/exparto.pl\/en\/produkt\/oslona-gumowa-silownika-hamulcowgo-fi-100-i-fi-80\/#breadcrumb","itemListElement":[{"@type":"ListItem","position":1,"name":"Homepage","item":"https:\/\/exparto.pl\/en\/homepage\/"},{"@type":"ListItem","position":2,"name":"Sklep","item":"https:\/\/exparto.pl\/sklep\/"},{"@type":"ListItem","position":3,"name":"Trailer parts","item":"https:\/\/exparto.pl\/en\/product-category\/trailer-parts\/"},{"@type":"ListItem","position":4,"name":"Brake cylinders","item":"https:\/\/exparto.pl\/en\/product-category\/trailer-parts\/brake-cylinders\/"},{"@type":"ListItem","position":5,"name":"Zestawy naprawcze si\u0142ownika","item":"https:\/\/exparto.pl\/kategoria-produktu\/czesci-do-przyczep\/silowniki-hamulcowe\/zestaw-naprawczy-d-35-d-47\/"},{"@type":"ListItem","position":6,"name":"Os\u0142ona gumowa si\u0142ownika hamulcowgo fi-100 i fi-80"}]},{"@type":"WebSite","@id":"https:\/\/exparto.pl\/en\/#website","url":"https:\/\/exparto.pl\/en\/","name":"EXPARTO","description":"More than agro parts","publisher":{"@id":"https:\/\/exparto.pl\/en\/#organization"},"potentialAction":[{"@type":"SearchAction","target":{"@type":"EntryPoint","urlTemplate":"https:\/\/exparto.pl\/en\/?s={search_term_string}"},"query-input":{"@type":"PropertyValueSpecification","valueRequired":true,"valueName":"search_term_string"}}],"inLanguage":"en-US"},{"@type":"Organization","@id":"https:\/\/exparto.pl\/en\/#organization","name":"EXPARTO","url":"https:\/\/exparto.pl\/en\/","logo":{"@type":"ImageObject","inLanguage":"en-US","@id":"https:\/\/exparto.pl\/en\/#\/schema\/logo\/image\/","url":"https:\/\/exparto.pl\/wp-content\/uploads\/2023\/02\/logo-wektor.png","contentUrl":"https:\/\/exparto.pl\/wp-content\/uploads\/2023\/02\/logo-wektor.png","width":1338,"height":143,"caption":"EXPARTO"},"image":{"@id":"https:\/\/exparto.pl\/en\/#\/schema\/logo\/image\/"},"sameAs":["https:\/\/www.facebook.com\/exparto.agro\/"]}]}},"_links":{"self":[{"href":"https:\/\/exparto.pl\/en\/wp-json\/wp\/v2\/product\/18322","targetHints":{"allow":["GET"]}}],"collection":[{"href":"https:\/\/exparto.pl\/en\/wp-json\/wp\/v2\/product"}],"about":[{"href":"https:\/\/exparto.pl\/en\/wp-json\/wp\/v2\/types\/product"}],"replies":[{"embeddable":true,"href":"https:\/\/exparto.pl\/en\/wp-json\/wp\/v2\/comments?post=18322"}],"wp:featuredmedia":[{"embeddable":true,"href":"https:\/\/exparto.pl\/en\/wp-json\/wp\/v2\/media\/18297"}],"wp:attachment":[{"href":"https:\/\/exparto.pl\/en\/wp-json\/wp\/v2\/media?parent=18322"}],"wp:term":[{"taxonomy":"product_brand","embeddable":true,"href":"https:\/\/exparto.pl\/en\/wp-json\/wp\/v2\/product_brand?post=18322"},{"taxonomy":"product_cat","embeddable":true,"href":"https:\/\/exparto.pl\/en\/wp-json\/wp\/v2\/product_cat?post=18322"},{"taxonomy":"product_tag","embeddable":true,"href":"https:\/\/exparto.pl\/en\/wp-json\/wp\/v2\/product_tag?post=18322"}],"curies":[{"name":"wp","href":"https:\/\/api.w.org\/{rel}","templated":true}]}}