{"id":19940,"date":"2024-01-23T11:04:27","date_gmt":"2024-01-23T10:04:27","guid":{"rendered":"https:\/\/exparto.pl\/produkt\/miseczka-plastikowa-sadzarki\/"},"modified":"2026-04-03T17:30:08","modified_gmt":"2026-04-03T15:30:08","slug":"miseczka-plastikowa-sadzarki","status":"publish","type":"product","link":"https:\/\/exparto.pl\/en\/produkt\/miseczka-plastikowa-sadzarki\/","title":{"rendered":"Miseczka plastikowa sadzarki"},"content":{"rendered":"<p><span style=\"font-weight: 400;\">W sklepie EXPARTO przygotowali\u015bmy dla Ciebie szeroki wyb\u00f3r cz\u0119\u015bci do sadzarki do ziemniak\u00f3w. To elementy eksploatacyjne, kt\u00f3re podlegaj\u0105 cyklicznej wymianie wraz z post\u0119puj\u0105cym zu\u017cyciem. Przyk\u0142adamy wielk\u0105 wag\u0119 do jako\u015bci oferowanych produkt\u00f3w. W\u015br\u00f3d nich znajdziesz miseczk\u0119 plastikow\u0105 sadzarki.\u00a0<\/span><\/p>\n<h2><span style=\"font-weight: 400;\">Czerpak do sadzarki ziemniak\u00f3w, koszyczek do sadzarki, miseczka plastikowa<\/span><\/h2>\n<p><b>Miseczka czy te\u017c koszyczek do sadzarki ziemniak\u00f3w to wa\u017cny element budowy ca\u0142ej maszyny<\/b><span style=\"font-weight: 400;\">. Pozwala na precyzyjne i wydajne prowadzenie procesu sadzenia ziemniak\u00f3w zar\u00f3wno na gruntach rolnych, jak i na mniejszych dzia\u0142kach ogrodowych. <\/span><b>Sadzarka do ziemniak\u00f3w pod\u0142\u0105czana jest do ci\u0105gnika za pomoc\u0105 uk\u0142adu hydraulicznego<\/b><span style=\"font-weight: 400;\">. Nast\u0119pnie w trakcie przejazdu maszyny przez pole nast\u0119puje sadzenie ziemniak\u00f3w.\u00a0<\/span><\/p>\n<p><b>W EXPARTO oferujemy wysokiej jako\u015bci plastikowy czerpak sadzarki ziemniak\u00f3w<\/b><span style=\"font-weight: 400;\">, wykonany z wytrzyma\u0142ego tworzywa sztucznego i odporny na intensywne u\u017cytkowanie w trakcie prac agrarnych. Niewielka waga koszyczka sprawia, \u017ce czerpak jest \u0142atwy w monta\u017cu \u2013 dokonuje si\u0119 go za pomoc\u0105 \u015bruby M6.\u00a0<\/span><\/p>\n<p><span style=\"font-weight: 400;\">Zale\u017cy Ci na wydajnej pracy przy\u00a0 sadzeniu ziemniak\u00f3w na polu? Skorzystaj z naszej oferty i kup koszyczek sadzarki oraz inne elementy eksploatacyjne tego urz\u0105dzenia. <\/span><\/p>\n","protected":false},"excerpt":{"rendered":"<p style=\"text-align: justify;\">Koszyczek plastikowy do sadzarki.<\/p>\n","protected":false},"featured_media":19925,"comment_status":"open","ping_status":"closed","template":"","meta":{"_acf_changed":false,"inline_featured_image":false},"product_brand":[],"product_cat":[762],"product_tag":[],"class_list":{"0":"post-19940","1":"product","2":"type-product","3":"status-publish","4":"has-post-thumbnail","6":"product_cat-czesci-do-sadzarki","8":"first","9":"instock","10":"taxable","11":"shipping-taxable","12":"purchasable","13":"product-type-simple"},"acf":[],"yoast_head":"<!-- This site is optimized with the Yoast SEO plugin v27.3 - https:\/\/yoast.com\/product\/yoast-seo-wordpress\/ -->\n<title>Miseczka plastikowa sadzarki - Exparto.pl<\/title>\n<meta name=\"robots\" content=\"index, follow, max-snippet:-1, max-image-preview:large, max-video-preview:-1\" \/>\n<link rel=\"canonical\" href=\"https:\/\/exparto.pl\/en\/produkt\/miseczka-plastikowa-sadzarki\/\" \/>\n<meta property=\"og:locale\" content=\"en_US\" \/>\n<meta property=\"og:type\" content=\"article\" \/>\n<meta property=\"og:title\" content=\"Miseczka plastikowa sadzarki - Exparto.pl\" \/>\n<meta property=\"og:description\" content=\"Koszyczek plastikowy do sadzarki.\" \/>\n<meta property=\"og:url\" content=\"https:\/\/exparto.pl\/en\/produkt\/miseczka-plastikowa-sadzarki\/\" \/>\n<meta property=\"og:site_name\" content=\"Exparto.pl\" \/>\n<meta property=\"article:publisher\" content=\"https:\/\/www.facebook.com\/exparto.agro\/\" \/>\n<meta property=\"article:modified_time\" content=\"2026-04-03T15:30:08+00:00\" \/>\n<meta property=\"og:image\" content=\"https:\/\/exparto.pl\/wp-content\/uploads\/2024\/01\/015697ffbaec89b5e2c5fc68df50ed95.jpg\" \/>\n\t<meta property=\"og:image:width\" content=\"1000\" \/>\n\t<meta property=\"og:image:height\" content=\"1000\" \/>\n\t<meta property=\"og:image:type\" content=\"image\/jpeg\" \/>\n<meta name=\"twitter:card\" content=\"summary_large_image\" \/>\n<meta name=\"twitter:label1\" content=\"Est. reading time\" \/>\n\t<meta name=\"twitter:data1\" content=\"2 minutes\" \/>\n<script type=\"application\/ld+json\" class=\"yoast-schema-graph\">{\"@context\":\"https:\\\/\\\/schema.org\",\"@graph\":[{\"@type\":\"WebPage\",\"@id\":\"https:\\\/\\\/exparto.pl\\\/en\\\/produkt\\\/miseczka-plastikowa-sadzarki\\\/\",\"url\":\"https:\\\/\\\/exparto.pl\\\/en\\\/produkt\\\/miseczka-plastikowa-sadzarki\\\/\",\"name\":\"Miseczka plastikowa sadzarki - Exparto.pl\",\"isPartOf\":{\"@id\":\"https:\\\/\\\/exparto.pl\\\/en\\\/#website\"},\"primaryImageOfPage\":{\"@id\":\"https:\\\/\\\/exparto.pl\\\/en\\\/produkt\\\/miseczka-plastikowa-sadzarki\\\/#primaryimage\"},\"image\":{\"@id\":\"https:\\\/\\\/exparto.pl\\\/en\\\/produkt\\\/miseczka-plastikowa-sadzarki\\\/#primaryimage\"},\"thumbnailUrl\":\"https:\\\/\\\/exparto.pl\\\/wp-content\\\/uploads\\\/2024\\\/01\\\/015697ffbaec89b5e2c5fc68df50ed95.jpg\",\"datePublished\":\"2024-01-23T10:04:27+00:00\",\"dateModified\":\"2026-04-03T15:30:08+00:00\",\"breadcrumb\":{\"@id\":\"https:\\\/\\\/exparto.pl\\\/en\\\/produkt\\\/miseczka-plastikowa-sadzarki\\\/#breadcrumb\"},\"inLanguage\":\"en-US\",\"potentialAction\":[{\"@type\":\"ReadAction\",\"target\":[\"https:\\\/\\\/exparto.pl\\\/en\\\/produkt\\\/miseczka-plastikowa-sadzarki\\\/\"]}]},{\"@type\":\"ImageObject\",\"inLanguage\":\"en-US\",\"@id\":\"https:\\\/\\\/exparto.pl\\\/en\\\/produkt\\\/miseczka-plastikowa-sadzarki\\\/#primaryimage\",\"url\":\"https:\\\/\\\/exparto.pl\\\/wp-content\\\/uploads\\\/2024\\\/01\\\/015697ffbaec89b5e2c5fc68df50ed95.jpg\",\"contentUrl\":\"https:\\\/\\\/exparto.pl\\\/wp-content\\\/uploads\\\/2024\\\/01\\\/015697ffbaec89b5e2c5fc68df50ed95.jpg\",\"width\":1000,\"height\":1000},{\"@type\":\"BreadcrumbList\",\"@id\":\"https:\\\/\\\/exparto.pl\\\/en\\\/produkt\\\/miseczka-plastikowa-sadzarki\\\/#breadcrumb\",\"itemListElement\":[{\"@type\":\"ListItem\",\"position\":1,\"name\":\"Homepage\",\"item\":\"https:\\\/\\\/exparto.pl\\\/en\\\/homepage\\\/\"},{\"@type\":\"ListItem\",\"position\":2,\"name\":\"Sklep\",\"item\":\"https:\\\/\\\/exparto.pl\\\/sklep\\\/\"},{\"@type\":\"ListItem\",\"position\":3,\"name\":\"Cz\u0119\u015bci do sadzarki\",\"item\":\"https:\\\/\\\/exparto.pl\\\/kategoria-produktu\\\/czesci-do-sadzarki\\\/\"},{\"@type\":\"ListItem\",\"position\":4,\"name\":\"Miseczka plastikowa sadzarki\"}]},{\"@type\":\"WebSite\",\"@id\":\"https:\\\/\\\/exparto.pl\\\/en\\\/#website\",\"url\":\"https:\\\/\\\/exparto.pl\\\/en\\\/\",\"name\":\"EXPARTO\",\"description\":\"More than agro parts\",\"publisher\":{\"@id\":\"https:\\\/\\\/exparto.pl\\\/en\\\/#organization\"},\"potentialAction\":[{\"@type\":\"SearchAction\",\"target\":{\"@type\":\"EntryPoint\",\"urlTemplate\":\"https:\\\/\\\/exparto.pl\\\/en\\\/?s={search_term_string}\"},\"query-input\":{\"@type\":\"PropertyValueSpecification\",\"valueRequired\":true,\"valueName\":\"search_term_string\"}}],\"inLanguage\":\"en-US\"},{\"@type\":\"Organization\",\"@id\":\"https:\\\/\\\/exparto.pl\\\/en\\\/#organization\",\"name\":\"EXPARTO\",\"url\":\"https:\\\/\\\/exparto.pl\\\/en\\\/\",\"logo\":{\"@type\":\"ImageObject\",\"inLanguage\":\"en-US\",\"@id\":\"https:\\\/\\\/exparto.pl\\\/en\\\/#\\\/schema\\\/logo\\\/image\\\/\",\"url\":\"https:\\\/\\\/exparto.pl\\\/wp-content\\\/uploads\\\/2023\\\/02\\\/logo-wektor.png\",\"contentUrl\":\"https:\\\/\\\/exparto.pl\\\/wp-content\\\/uploads\\\/2023\\\/02\\\/logo-wektor.png\",\"width\":1338,\"height\":143,\"caption\":\"EXPARTO\"},\"image\":{\"@id\":\"https:\\\/\\\/exparto.pl\\\/en\\\/#\\\/schema\\\/logo\\\/image\\\/\"},\"sameAs\":[\"https:\\\/\\\/www.facebook.com\\\/exparto.agro\\\/\"]}]}<\/script>\n<!-- \/ Yoast SEO plugin. -->","yoast_head_json":{"title":"Miseczka plastikowa sadzarki - Exparto.pl","robots":{"index":"index","follow":"follow","max-snippet":"max-snippet:-1","max-image-preview":"max-image-preview:large","max-video-preview":"max-video-preview:-1"},"canonical":"https:\/\/exparto.pl\/en\/produkt\/miseczka-plastikowa-sadzarki\/","og_locale":"en_US","og_type":"article","og_title":"Miseczka plastikowa sadzarki - Exparto.pl","og_description":"Koszyczek plastikowy do sadzarki.","og_url":"https:\/\/exparto.pl\/en\/produkt\/miseczka-plastikowa-sadzarki\/","og_site_name":"Exparto.pl","article_publisher":"https:\/\/www.facebook.com\/exparto.agro\/","article_modified_time":"2026-04-03T15:30:08+00:00","og_image":[{"width":1000,"height":1000,"url":"https:\/\/exparto.pl\/wp-content\/uploads\/2024\/01\/015697ffbaec89b5e2c5fc68df50ed95.jpg","type":"image\/jpeg"}],"twitter_card":"summary_large_image","twitter_misc":{"Est. reading time":"2 minutes"},"schema":{"@context":"https:\/\/schema.org","@graph":[{"@type":"WebPage","@id":"https:\/\/exparto.pl\/en\/produkt\/miseczka-plastikowa-sadzarki\/","url":"https:\/\/exparto.pl\/en\/produkt\/miseczka-plastikowa-sadzarki\/","name":"Miseczka plastikowa sadzarki - Exparto.pl","isPartOf":{"@id":"https:\/\/exparto.pl\/en\/#website"},"primaryImageOfPage":{"@id":"https:\/\/exparto.pl\/en\/produkt\/miseczka-plastikowa-sadzarki\/#primaryimage"},"image":{"@id":"https:\/\/exparto.pl\/en\/produkt\/miseczka-plastikowa-sadzarki\/#primaryimage"},"thumbnailUrl":"https:\/\/exparto.pl\/wp-content\/uploads\/2024\/01\/015697ffbaec89b5e2c5fc68df50ed95.jpg","datePublished":"2024-01-23T10:04:27+00:00","dateModified":"2026-04-03T15:30:08+00:00","breadcrumb":{"@id":"https:\/\/exparto.pl\/en\/produkt\/miseczka-plastikowa-sadzarki\/#breadcrumb"},"inLanguage":"en-US","potentialAction":[{"@type":"ReadAction","target":["https:\/\/exparto.pl\/en\/produkt\/miseczka-plastikowa-sadzarki\/"]}]},{"@type":"ImageObject","inLanguage":"en-US","@id":"https:\/\/exparto.pl\/en\/produkt\/miseczka-plastikowa-sadzarki\/#primaryimage","url":"https:\/\/exparto.pl\/wp-content\/uploads\/2024\/01\/015697ffbaec89b5e2c5fc68df50ed95.jpg","contentUrl":"https:\/\/exparto.pl\/wp-content\/uploads\/2024\/01\/015697ffbaec89b5e2c5fc68df50ed95.jpg","width":1000,"height":1000},{"@type":"BreadcrumbList","@id":"https:\/\/exparto.pl\/en\/produkt\/miseczka-plastikowa-sadzarki\/#breadcrumb","itemListElement":[{"@type":"ListItem","position":1,"name":"Homepage","item":"https:\/\/exparto.pl\/en\/homepage\/"},{"@type":"ListItem","position":2,"name":"Sklep","item":"https:\/\/exparto.pl\/sklep\/"},{"@type":"ListItem","position":3,"name":"Cz\u0119\u015bci do sadzarki","item":"https:\/\/exparto.pl\/kategoria-produktu\/czesci-do-sadzarki\/"},{"@type":"ListItem","position":4,"name":"Miseczka plastikowa sadzarki"}]},{"@type":"WebSite","@id":"https:\/\/exparto.pl\/en\/#website","url":"https:\/\/exparto.pl\/en\/","name":"EXPARTO","description":"More than agro parts","publisher":{"@id":"https:\/\/exparto.pl\/en\/#organization"},"potentialAction":[{"@type":"SearchAction","target":{"@type":"EntryPoint","urlTemplate":"https:\/\/exparto.pl\/en\/?s={search_term_string}"},"query-input":{"@type":"PropertyValueSpecification","valueRequired":true,"valueName":"search_term_string"}}],"inLanguage":"en-US"},{"@type":"Organization","@id":"https:\/\/exparto.pl\/en\/#organization","name":"EXPARTO","url":"https:\/\/exparto.pl\/en\/","logo":{"@type":"ImageObject","inLanguage":"en-US","@id":"https:\/\/exparto.pl\/en\/#\/schema\/logo\/image\/","url":"https:\/\/exparto.pl\/wp-content\/uploads\/2023\/02\/logo-wektor.png","contentUrl":"https:\/\/exparto.pl\/wp-content\/uploads\/2023\/02\/logo-wektor.png","width":1338,"height":143,"caption":"EXPARTO"},"image":{"@id":"https:\/\/exparto.pl\/en\/#\/schema\/logo\/image\/"},"sameAs":["https:\/\/www.facebook.com\/exparto.agro\/"]}]}},"_links":{"self":[{"href":"https:\/\/exparto.pl\/en\/wp-json\/wp\/v2\/product\/19940","targetHints":{"allow":["GET"]}}],"collection":[{"href":"https:\/\/exparto.pl\/en\/wp-json\/wp\/v2\/product"}],"about":[{"href":"https:\/\/exparto.pl\/en\/wp-json\/wp\/v2\/types\/product"}],"replies":[{"embeddable":true,"href":"https:\/\/exparto.pl\/en\/wp-json\/wp\/v2\/comments?post=19940"}],"wp:featuredmedia":[{"embeddable":true,"href":"https:\/\/exparto.pl\/en\/wp-json\/wp\/v2\/media\/19925"}],"wp:attachment":[{"href":"https:\/\/exparto.pl\/en\/wp-json\/wp\/v2\/media?parent=19940"}],"wp:term":[{"taxonomy":"product_brand","embeddable":true,"href":"https:\/\/exparto.pl\/en\/wp-json\/wp\/v2\/product_brand?post=19940"},{"taxonomy":"product_cat","embeddable":true,"href":"https:\/\/exparto.pl\/en\/wp-json\/wp\/v2\/product_cat?post=19940"},{"taxonomy":"product_tag","embeddable":true,"href":"https:\/\/exparto.pl\/en\/wp-json\/wp\/v2\/product_tag?post=19940"}],"curies":[{"name":"wp","href":"https:\/\/api.w.org\/{rel}","templated":true}]}}