{"id":20011,"date":"2024-01-24T10:50:58","date_gmt":"2024-01-24T09:50:58","guid":{"rendered":"https:\/\/exparto.pl\/produkt\/pioro-1-resoru-przyczepa-d-50-z-tulejka\/"},"modified":"2026-03-26T15:48:13","modified_gmt":"2026-03-26T14:48:13","slug":"pioro-1-resoru-przyczepa-d-50-z-tulejka","status":"publish","type":"product","link":"https:\/\/exparto.pl\/en\/produkt\/pioro-1-resoru-przyczepa-d-50-z-tulejka\/","title":{"rendered":"Pi\u00f3ro 1 resoru przyczepa D-50 z tulejk\u0105"},"content":{"rendered":"<p><span style=\"font-weight: 400;\">Cz\u0119\u015bci mechaniczne wykorzystywane w sektorze rolnictwa powinny charakteryzowa\u0107 si\u0119 wysok\u0105 jako\u015bci\u0105 wykonania. Doskonale o tym wiemy, dlatego w EXPARTO <\/span><b>przygotowali\u015bmy dla Ciebie dedykowane pierwsze pi\u00f3ro resora przyczepy D-50 z tulejk\u0105<\/b><span style=\"font-weight: 400;\">. Spe\u0142nia ono najwy\u017csze standardy i powstaje ze starannie dobranych materia\u0142\u00f3w. Sprawd\u017a, czym nasze pi\u00f3ro resora pierwsze wyr\u00f3\u017cnia si\u0119 na rynku.\u00a0<\/span><\/p>\n<h2><span style=\"font-weight: 400;\">Pi\u00f3ro resora przyczepy D-50 pierwsze &#8211; z tulejk\u0105<\/span><\/h2>\n<p><b>Pi\u00f3ro resoru z tulejk\u0105 to nic innego, jak p\u0142askownik wykorzystywany w budowie resora pi\u00f3rowego<\/b><span style=\"font-weight: 400;\">. Cz\u0119\u015b\u0107 ta wykonana jest ze stali spr\u0119\u017cynowej. W EXPARTO zwracamy uwag\u0119 na ka\u017cdy detal i dbamy o to, aby produkt ten charakteryzowa\u0142 si\u0119 wysok\u0105 wytrzyma\u0142o\u015bci\u0105 eksploatacyjn\u0105. Dost\u0119pne tu pi\u00f3ro od resora znajduje si\u0119 najwy\u017cej w uk\u0142adzie, dlatego oznaczane jest jako pierwsze.\u00a0<\/span><\/p>\n<p style=\"text-align: justify;\">\n<p><span style=\"font-weight: 400;\">W EXPARTO oferujemy starannie przygotowane pi\u00f3ro resora D-50. <\/span><b>Znajduje zastosowanie w uk\u0142adzie, kt\u00f3ry odpowiada m.in. za amortyzacj\u0119 drga\u0144 na jezdni, dociskanie k\u00f3\u0142 przyczepy do nawierzchni czy te\u017c przyjmowanie na siebie si\u0142 powstaj\u0105cych w trakcie hamowania i przyspieszania pojazdu<\/b><span style=\"font-weight: 400;\">. Dzi\u0119ki temu transport jest bezpieczniejszy i bardziej efektywny. W centralnej cz\u0119\u015bci pi\u00f3ra znajduje si\u0119 otw\u00f3r na sworze\u0144 o \u015brednicy 28 mm. Waga produktu to 5 kilogram\u00f3w. <\/span><b>Pasuje on do przyczep D-50 oraz do wybranych maszyn rolniczych<\/b><span style=\"font-weight: 400;\">.\u00a0<\/span><\/p>\n<p style=\"text-align: justify;\">\n<p><span style=\"font-weight: 400;\">Nie zwlekaj i ju\u017c teraz zainwestuj w wysokiej jako\u015bci cz\u0119\u015bci mechaniczne do maszyn rolniczych. Dobierz odpowiedni produkt i skorzystaj z naszej oferty. <\/span><b>W przypadku jakichkolwiek w\u0105tpliwo\u015bci skontaktuj si\u0119 z nami<\/b><span style=\"font-weight: 400;\">. Eksperci EXPARTO poprowadz\u0105 Ci\u0119 przez ca\u0142y proces zakupowy.\u00a0<\/span><\/p>\n<p style=\"text-align: justify;\">\n<p><strong>Numer katalogowy:<\/strong><\/p>\n<ul>\n<li style=\"font-weight: 400;\" aria-level=\"1\"><span style=\"font-weight: 400;\">7030040010<\/span><\/li>\n<\/ul>\n<p style=\"text-align: justify;\"><b>Zastosowanie:\u00a0<\/b><\/p>\n<ul>\n<li style=\"text-align: justify;\"><span style=\"color: var(--gray-800);\">przyczepa D-50\u00a0\u00a0<\/span><\/li>\n<li style=\"text-align: justify;\"><span style=\"color: var(--gray-800);\">maszyny rolnicze<\/span><\/li>\n<\/ul>\n<div><\/div>\n","protected":false},"excerpt":{"rendered":"<p style=\"text-align: justify;\">Pi\u00f3ro resoru przyczepy pierwsze.<\/p>\n","protected":false},"featured_media":19991,"comment_status":"open","ping_status":"closed","template":"","meta":{"_acf_changed":false,"inline_featured_image":false},"product_brand":[],"product_cat":[50,747,739,731],"product_tag":[],"class_list":{"0":"post-20011","1":"product","2":"type-product","3":"status-publish","4":"has-post-thumbnail","6":"product_cat-czesci-do-przyczep","7":"product_cat-d-50","8":"product_cat-d-35-d-47-d-50","9":"product_cat-resory","11":"first","12":"instock","13":"taxable","14":"shipping-taxable","15":"purchasable","16":"product-type-simple"},"acf":[],"yoast_head":"<!-- This site is optimized with the Yoast SEO plugin v27.3 - https:\/\/yoast.com\/product\/yoast-seo-wordpress\/ -->\n<title>Pi\u00f3ro 1 resoru przyczepa D-50 z tulejk\u0105 - Exparto.pl<\/title>\n<meta name=\"robots\" content=\"index, follow, max-snippet:-1, max-image-preview:large, max-video-preview:-1\" \/>\n<link rel=\"canonical\" href=\"https:\/\/exparto.pl\/en\/produkt\/pioro-1-resoru-przyczepa-d-50-z-tulejka\/\" \/>\n<meta property=\"og:locale\" content=\"en_US\" \/>\n<meta property=\"og:type\" content=\"article\" \/>\n<meta property=\"og:title\" content=\"Pi\u00f3ro 1 resoru przyczepa D-50 z tulejk\u0105 - Exparto.pl\" \/>\n<meta property=\"og:description\" content=\"Pi\u00f3ro resoru przyczepy pierwsze.\" \/>\n<meta property=\"og:url\" content=\"https:\/\/exparto.pl\/en\/produkt\/pioro-1-resoru-przyczepa-d-50-z-tulejka\/\" \/>\n<meta property=\"og:site_name\" content=\"Exparto.pl\" \/>\n<meta property=\"article:publisher\" content=\"https:\/\/www.facebook.com\/exparto.agro\/\" \/>\n<meta property=\"article:modified_time\" content=\"2026-03-26T14:48:13+00:00\" \/>\n<meta property=\"og:image\" content=\"https:\/\/exparto.pl\/wp-content\/uploads\/2024\/01\/7647d4d1daa81653e8cef4ee5bdd2fe4.jpg\" \/>\n\t<meta property=\"og:image:width\" content=\"1000\" \/>\n\t<meta property=\"og:image:height\" content=\"1000\" \/>\n\t<meta property=\"og:image:type\" content=\"image\/jpeg\" \/>\n<meta name=\"twitter:card\" content=\"summary_large_image\" \/>\n<meta name=\"twitter:label1\" content=\"Est. reading time\" \/>\n\t<meta name=\"twitter:data1\" content=\"2 minutes\" \/>\n<script type=\"application\/ld+json\" class=\"yoast-schema-graph\">{\"@context\":\"https:\\\/\\\/schema.org\",\"@graph\":[{\"@type\":\"WebPage\",\"@id\":\"https:\\\/\\\/exparto.pl\\\/en\\\/produkt\\\/pioro-1-resoru-przyczepa-d-50-z-tulejka\\\/\",\"url\":\"https:\\\/\\\/exparto.pl\\\/en\\\/produkt\\\/pioro-1-resoru-przyczepa-d-50-z-tulejka\\\/\",\"name\":\"Pi\u00f3ro 1 resoru przyczepa D-50 z tulejk\u0105 - Exparto.pl\",\"isPartOf\":{\"@id\":\"https:\\\/\\\/exparto.pl\\\/en\\\/#website\"},\"primaryImageOfPage\":{\"@id\":\"https:\\\/\\\/exparto.pl\\\/en\\\/produkt\\\/pioro-1-resoru-przyczepa-d-50-z-tulejka\\\/#primaryimage\"},\"image\":{\"@id\":\"https:\\\/\\\/exparto.pl\\\/en\\\/produkt\\\/pioro-1-resoru-przyczepa-d-50-z-tulejka\\\/#primaryimage\"},\"thumbnailUrl\":\"https:\\\/\\\/exparto.pl\\\/wp-content\\\/uploads\\\/2024\\\/01\\\/7647d4d1daa81653e8cef4ee5bdd2fe4.jpg\",\"datePublished\":\"2024-01-24T09:50:58+00:00\",\"dateModified\":\"2026-03-26T14:48:13+00:00\",\"breadcrumb\":{\"@id\":\"https:\\\/\\\/exparto.pl\\\/en\\\/produkt\\\/pioro-1-resoru-przyczepa-d-50-z-tulejka\\\/#breadcrumb\"},\"inLanguage\":\"en-US\",\"potentialAction\":[{\"@type\":\"ReadAction\",\"target\":[\"https:\\\/\\\/exparto.pl\\\/en\\\/produkt\\\/pioro-1-resoru-przyczepa-d-50-z-tulejka\\\/\"]}]},{\"@type\":\"ImageObject\",\"inLanguage\":\"en-US\",\"@id\":\"https:\\\/\\\/exparto.pl\\\/en\\\/produkt\\\/pioro-1-resoru-przyczepa-d-50-z-tulejka\\\/#primaryimage\",\"url\":\"https:\\\/\\\/exparto.pl\\\/wp-content\\\/uploads\\\/2024\\\/01\\\/7647d4d1daa81653e8cef4ee5bdd2fe4.jpg\",\"contentUrl\":\"https:\\\/\\\/exparto.pl\\\/wp-content\\\/uploads\\\/2024\\\/01\\\/7647d4d1daa81653e8cef4ee5bdd2fe4.jpg\",\"width\":1000,\"height\":1000},{\"@type\":\"BreadcrumbList\",\"@id\":\"https:\\\/\\\/exparto.pl\\\/en\\\/produkt\\\/pioro-1-resoru-przyczepa-d-50-z-tulejka\\\/#breadcrumb\",\"itemListElement\":[{\"@type\":\"ListItem\",\"position\":1,\"name\":\"Homepage\",\"item\":\"https:\\\/\\\/exparto.pl\\\/en\\\/homepage\\\/\"},{\"@type\":\"ListItem\",\"position\":2,\"name\":\"Sklep\",\"item\":\"https:\\\/\\\/exparto.pl\\\/sklep\\\/\"},{\"@type\":\"ListItem\",\"position\":3,\"name\":\"Trailer parts\",\"item\":\"https:\\\/\\\/exparto.pl\\\/en\\\/product-category\\\/trailer-parts\\\/\"},{\"@type\":\"ListItem\",\"position\":4,\"name\":\"Pasuj\u0105ce do przyczep\",\"item\":\"https:\\\/\\\/exparto.pl\\\/kategoria-produktu\\\/czesci-do-przyczep\\\/d-35-d-47-d-50\\\/\"},{\"@type\":\"ListItem\",\"position\":5,\"name\":\"Cz\u0119\u015bci do przyczepy D-50\",\"item\":\"https:\\\/\\\/exparto.pl\\\/kategoria-produktu\\\/czesci-do-przyczep\\\/d-35-d-47-d-50\\\/d-50\\\/\"},{\"@type\":\"ListItem\",\"position\":6,\"name\":\"Pi\u00f3ro 1 resoru przyczepa D-50 z tulejk\u0105\"}]},{\"@type\":\"WebSite\",\"@id\":\"https:\\\/\\\/exparto.pl\\\/en\\\/#website\",\"url\":\"https:\\\/\\\/exparto.pl\\\/en\\\/\",\"name\":\"EXPARTO\",\"description\":\"More than agro parts\",\"publisher\":{\"@id\":\"https:\\\/\\\/exparto.pl\\\/en\\\/#organization\"},\"potentialAction\":[{\"@type\":\"SearchAction\",\"target\":{\"@type\":\"EntryPoint\",\"urlTemplate\":\"https:\\\/\\\/exparto.pl\\\/en\\\/?s={search_term_string}\"},\"query-input\":{\"@type\":\"PropertyValueSpecification\",\"valueRequired\":true,\"valueName\":\"search_term_string\"}}],\"inLanguage\":\"en-US\"},{\"@type\":\"Organization\",\"@id\":\"https:\\\/\\\/exparto.pl\\\/en\\\/#organization\",\"name\":\"EXPARTO\",\"url\":\"https:\\\/\\\/exparto.pl\\\/en\\\/\",\"logo\":{\"@type\":\"ImageObject\",\"inLanguage\":\"en-US\",\"@id\":\"https:\\\/\\\/exparto.pl\\\/en\\\/#\\\/schema\\\/logo\\\/image\\\/\",\"url\":\"https:\\\/\\\/exparto.pl\\\/wp-content\\\/uploads\\\/2023\\\/02\\\/logo-wektor.png\",\"contentUrl\":\"https:\\\/\\\/exparto.pl\\\/wp-content\\\/uploads\\\/2023\\\/02\\\/logo-wektor.png\",\"width\":1338,\"height\":143,\"caption\":\"EXPARTO\"},\"image\":{\"@id\":\"https:\\\/\\\/exparto.pl\\\/en\\\/#\\\/schema\\\/logo\\\/image\\\/\"},\"sameAs\":[\"https:\\\/\\\/www.facebook.com\\\/exparto.agro\\\/\"]}]}<\/script>\n<!-- \/ Yoast SEO plugin. -->","yoast_head_json":{"title":"Pi\u00f3ro 1 resoru przyczepa D-50 z tulejk\u0105 - Exparto.pl","robots":{"index":"index","follow":"follow","max-snippet":"max-snippet:-1","max-image-preview":"max-image-preview:large","max-video-preview":"max-video-preview:-1"},"canonical":"https:\/\/exparto.pl\/en\/produkt\/pioro-1-resoru-przyczepa-d-50-z-tulejka\/","og_locale":"en_US","og_type":"article","og_title":"Pi\u00f3ro 1 resoru przyczepa D-50 z tulejk\u0105 - Exparto.pl","og_description":"Pi\u00f3ro resoru przyczepy pierwsze.","og_url":"https:\/\/exparto.pl\/en\/produkt\/pioro-1-resoru-przyczepa-d-50-z-tulejka\/","og_site_name":"Exparto.pl","article_publisher":"https:\/\/www.facebook.com\/exparto.agro\/","article_modified_time":"2026-03-26T14:48:13+00:00","og_image":[{"width":1000,"height":1000,"url":"https:\/\/exparto.pl\/wp-content\/uploads\/2024\/01\/7647d4d1daa81653e8cef4ee5bdd2fe4.jpg","type":"image\/jpeg"}],"twitter_card":"summary_large_image","twitter_misc":{"Est. reading time":"2 minutes"},"schema":{"@context":"https:\/\/schema.org","@graph":[{"@type":"WebPage","@id":"https:\/\/exparto.pl\/en\/produkt\/pioro-1-resoru-przyczepa-d-50-z-tulejka\/","url":"https:\/\/exparto.pl\/en\/produkt\/pioro-1-resoru-przyczepa-d-50-z-tulejka\/","name":"Pi\u00f3ro 1 resoru przyczepa D-50 z tulejk\u0105 - Exparto.pl","isPartOf":{"@id":"https:\/\/exparto.pl\/en\/#website"},"primaryImageOfPage":{"@id":"https:\/\/exparto.pl\/en\/produkt\/pioro-1-resoru-przyczepa-d-50-z-tulejka\/#primaryimage"},"image":{"@id":"https:\/\/exparto.pl\/en\/produkt\/pioro-1-resoru-przyczepa-d-50-z-tulejka\/#primaryimage"},"thumbnailUrl":"https:\/\/exparto.pl\/wp-content\/uploads\/2024\/01\/7647d4d1daa81653e8cef4ee5bdd2fe4.jpg","datePublished":"2024-01-24T09:50:58+00:00","dateModified":"2026-03-26T14:48:13+00:00","breadcrumb":{"@id":"https:\/\/exparto.pl\/en\/produkt\/pioro-1-resoru-przyczepa-d-50-z-tulejka\/#breadcrumb"},"inLanguage":"en-US","potentialAction":[{"@type":"ReadAction","target":["https:\/\/exparto.pl\/en\/produkt\/pioro-1-resoru-przyczepa-d-50-z-tulejka\/"]}]},{"@type":"ImageObject","inLanguage":"en-US","@id":"https:\/\/exparto.pl\/en\/produkt\/pioro-1-resoru-przyczepa-d-50-z-tulejka\/#primaryimage","url":"https:\/\/exparto.pl\/wp-content\/uploads\/2024\/01\/7647d4d1daa81653e8cef4ee5bdd2fe4.jpg","contentUrl":"https:\/\/exparto.pl\/wp-content\/uploads\/2024\/01\/7647d4d1daa81653e8cef4ee5bdd2fe4.jpg","width":1000,"height":1000},{"@type":"BreadcrumbList","@id":"https:\/\/exparto.pl\/en\/produkt\/pioro-1-resoru-przyczepa-d-50-z-tulejka\/#breadcrumb","itemListElement":[{"@type":"ListItem","position":1,"name":"Homepage","item":"https:\/\/exparto.pl\/en\/homepage\/"},{"@type":"ListItem","position":2,"name":"Sklep","item":"https:\/\/exparto.pl\/sklep\/"},{"@type":"ListItem","position":3,"name":"Trailer parts","item":"https:\/\/exparto.pl\/en\/product-category\/trailer-parts\/"},{"@type":"ListItem","position":4,"name":"Pasuj\u0105ce do przyczep","item":"https:\/\/exparto.pl\/kategoria-produktu\/czesci-do-przyczep\/d-35-d-47-d-50\/"},{"@type":"ListItem","position":5,"name":"Cz\u0119\u015bci do przyczepy D-50","item":"https:\/\/exparto.pl\/kategoria-produktu\/czesci-do-przyczep\/d-35-d-47-d-50\/d-50\/"},{"@type":"ListItem","position":6,"name":"Pi\u00f3ro 1 resoru przyczepa D-50 z tulejk\u0105"}]},{"@type":"WebSite","@id":"https:\/\/exparto.pl\/en\/#website","url":"https:\/\/exparto.pl\/en\/","name":"EXPARTO","description":"More than agro parts","publisher":{"@id":"https:\/\/exparto.pl\/en\/#organization"},"potentialAction":[{"@type":"SearchAction","target":{"@type":"EntryPoint","urlTemplate":"https:\/\/exparto.pl\/en\/?s={search_term_string}"},"query-input":{"@type":"PropertyValueSpecification","valueRequired":true,"valueName":"search_term_string"}}],"inLanguage":"en-US"},{"@type":"Organization","@id":"https:\/\/exparto.pl\/en\/#organization","name":"EXPARTO","url":"https:\/\/exparto.pl\/en\/","logo":{"@type":"ImageObject","inLanguage":"en-US","@id":"https:\/\/exparto.pl\/en\/#\/schema\/logo\/image\/","url":"https:\/\/exparto.pl\/wp-content\/uploads\/2023\/02\/logo-wektor.png","contentUrl":"https:\/\/exparto.pl\/wp-content\/uploads\/2023\/02\/logo-wektor.png","width":1338,"height":143,"caption":"EXPARTO"},"image":{"@id":"https:\/\/exparto.pl\/en\/#\/schema\/logo\/image\/"},"sameAs":["https:\/\/www.facebook.com\/exparto.agro\/"]}]}},"_links":{"self":[{"href":"https:\/\/exparto.pl\/en\/wp-json\/wp\/v2\/product\/20011","targetHints":{"allow":["GET"]}}],"collection":[{"href":"https:\/\/exparto.pl\/en\/wp-json\/wp\/v2\/product"}],"about":[{"href":"https:\/\/exparto.pl\/en\/wp-json\/wp\/v2\/types\/product"}],"replies":[{"embeddable":true,"href":"https:\/\/exparto.pl\/en\/wp-json\/wp\/v2\/comments?post=20011"}],"wp:featuredmedia":[{"embeddable":true,"href":"https:\/\/exparto.pl\/en\/wp-json\/wp\/v2\/media\/19991"}],"wp:attachment":[{"href":"https:\/\/exparto.pl\/en\/wp-json\/wp\/v2\/media?parent=20011"}],"wp:term":[{"taxonomy":"product_brand","embeddable":true,"href":"https:\/\/exparto.pl\/en\/wp-json\/wp\/v2\/product_brand?post=20011"},{"taxonomy":"product_cat","embeddable":true,"href":"https:\/\/exparto.pl\/en\/wp-json\/wp\/v2\/product_cat?post=20011"},{"taxonomy":"product_tag","embeddable":true,"href":"https:\/\/exparto.pl\/en\/wp-json\/wp\/v2\/product_tag?post=20011"}],"curies":[{"name":"wp","href":"https:\/\/api.w.org\/{rel}","templated":true}]}}