{"id":20950,"date":"2024-02-15T14:14:39","date_gmt":"2024-02-15T13:14:39","guid":{"rendered":"https:\/\/exparto.pl\/produkt\/poidlo-miskowe-dla-bydla-zeliwne-15-l\/"},"modified":"2026-04-01T14:17:49","modified_gmt":"2026-04-01T12:17:49","slug":"poidlo-miskowe-dla-bydla-zeliwne-15-l","status":"publish","type":"product","link":"https:\/\/exparto.pl\/en\/produkt\/poidlo-miskowe-dla-bydla-zeliwne-15-l\/","title":{"rendered":"Poid\u0142o miskowe dla byd\u0142a \u017celiwne 1,5 L"},"content":{"rendered":"<p style=\"text-align: justify\">Poid\u0142a dla byd\u0142a wykonane z \u017celiwa szarego zapewniaj\u0105 zwierz\u0119tom sta\u0142y dost\u0119p do \u015bwie\u017cej wody, co wp\u0142ywa na wydajno\u015b\u0107 stada. Model o pojemno\u015bci 1,5 litra zyska\u0142 odporno\u015b\u0107 na korozj\u0119 dzi\u0119ki malowaniu proszkowemu na gor\u0105co, co sprawdza si\u0119 w trudnych warunkach oborowych. <strong>Solidna konstrukcja o wadze 4,5 kg sprawia, \u017ce produkt pozostaje stabilny przy intensywnym u\u017cytkowaniu przez silne zwierz\u0119ta. Zapraszamy do zapoznania si\u0119 z ofert\u0105.<\/strong><\/p>\n<h2><span style=\"font-weight: 400\">Poid\u0142o \u017celiwne \u2013 poid\u0142a dla kr\u00f3w, poid\u0142o dla byk\u00f3w, poid\u0142o miskowe<\/span><\/h2>\n<p style=\"text-align: justify\"><strong>W codziennej pracy inwentarskiej to w\u0142a\u015bnie poid\u0142o miskowe umo\u017cliwia zwierz\u0119tom komfortowe picie dzi\u0119ki automatycznemu j\u0119zykowi ze stali nierdzewnej.<\/strong> Je\u015bli urz\u0105dzenia w Twoim budynku wymagaj\u0105 wymiany, skutecznym rozwi\u0105zaniem b\u0119dzie monta\u017c poid\u0142a dla byd\u0142a zintegrowanego z elementem, jakim jest trwa\u0142y zaw\u00f3r mosi\u0119\u017cny, kt\u00f3ry wytrzymuje wysokie ci\u015bnienie w instalacji. Produkt posiada uniwersalne przy\u0142\u0105cze 1\/2 cala, z mo\u017cliwo\u015bci\u0105 doprowadzenia wody od g\u00f3ry lub od do\u0142u, co u\u0142atwia instalacj\u0119 na \u015bcianie lub rurze, a g\u0142adka powierzchnia miski ogranicza gromadzenie si\u0119 resztek paszy.<\/p>\n<p style=\"text-align: justify\"><strong>W EXPARTO oferujemy poid\u0142a \u017celiwne o wysokiej odporno\u015bci na uderzenia, dzi\u0119ki czemu nasz produkt doskonale zdaje egzamin jako poid\u0142o dla byd\u0142a opasowego.<\/strong> Przep\u0142yw wody na poziomie 10 l\/min sprawia, \u017ce miska nape\u0142nia si\u0119 szybko, co chroni inwentarz przed pragnieniem. Zach\u0119camy do zakupu tego modelu w naszym sklepie.<\/p>\n<p style=\"text-align: justify\"><strong>Zastosowanie:<\/strong><\/p>\n<ul>\n<li style=\"text-align: justify\">dla byd\u0142a i koni<\/li>\n<\/ul>\n","protected":false},"excerpt":{"rendered":"<p style=\"text-align: justify\">Poid\u0142o miskowe \u017celiwne 1,5 L<\/p>\n","protected":false},"featured_media":20925,"comment_status":"open","ping_status":"closed","template":"","meta":{"_acf_changed":false,"inline_featured_image":false},"product_brand":[],"product_cat":[501],"product_tag":[],"class_list":{"0":"post-20950","1":"product","2":"type-product","3":"status-publish","4":"has-post-thumbnail","6":"product_cat-drinkers","8":"first","9":"instock","10":"taxable","11":"shipping-taxable","12":"purchasable","13":"product-type-simple"},"acf":[],"yoast_head":"<!-- This site is optimized with the Yoast SEO plugin v27.3 - https:\/\/yoast.com\/product\/yoast-seo-wordpress\/ -->\n<title>Poid\u0142o miskowe dla byd\u0142a \u017celiwne 1,5 L - Exparto.pl<\/title>\n<meta name=\"robots\" content=\"index, follow, max-snippet:-1, max-image-preview:large, max-video-preview:-1\" \/>\n<link rel=\"canonical\" href=\"https:\/\/exparto.pl\/en\/produkt\/poidlo-miskowe-dla-bydla-zeliwne-15-l\/\" \/>\n<meta property=\"og:locale\" content=\"en_US\" \/>\n<meta property=\"og:type\" content=\"article\" \/>\n<meta property=\"og:title\" content=\"Poid\u0142o miskowe dla byd\u0142a \u017celiwne 1,5 L - Exparto.pl\" \/>\n<meta property=\"og:description\" content=\"Poid\u0142o miskowe \u017celiwne 1,5 L\" \/>\n<meta property=\"og:url\" content=\"https:\/\/exparto.pl\/en\/produkt\/poidlo-miskowe-dla-bydla-zeliwne-15-l\/\" \/>\n<meta property=\"og:site_name\" content=\"Exparto.pl\" \/>\n<meta property=\"article:publisher\" content=\"https:\/\/www.facebook.com\/exparto.agro\/\" \/>\n<meta property=\"article:modified_time\" content=\"2026-04-01T12:17:49+00:00\" \/>\n<meta property=\"og:image\" content=\"https:\/\/exparto.pl\/wp-content\/uploads\/2024\/02\/b5cda540df1631943e0974cb97ed6edf.jpg\" \/>\n\t<meta property=\"og:image:width\" content=\"1000\" \/>\n\t<meta property=\"og:image:height\" content=\"1000\" \/>\n\t<meta property=\"og:image:type\" content=\"image\/jpeg\" \/>\n<meta name=\"twitter:card\" content=\"summary_large_image\" \/>\n<meta name=\"twitter:label1\" content=\"Est. reading time\" \/>\n\t<meta name=\"twitter:data1\" content=\"2 minutes\" \/>\n<script type=\"application\/ld+json\" class=\"yoast-schema-graph\">{\"@context\":\"https:\\\/\\\/schema.org\",\"@graph\":[{\"@type\":\"WebPage\",\"@id\":\"https:\\\/\\\/exparto.pl\\\/en\\\/produkt\\\/poidlo-miskowe-dla-bydla-zeliwne-15-l\\\/\",\"url\":\"https:\\\/\\\/exparto.pl\\\/en\\\/produkt\\\/poidlo-miskowe-dla-bydla-zeliwne-15-l\\\/\",\"name\":\"Poid\u0142o miskowe dla byd\u0142a \u017celiwne 1,5 L - Exparto.pl\",\"isPartOf\":{\"@id\":\"https:\\\/\\\/exparto.pl\\\/en\\\/#website\"},\"primaryImageOfPage\":{\"@id\":\"https:\\\/\\\/exparto.pl\\\/en\\\/produkt\\\/poidlo-miskowe-dla-bydla-zeliwne-15-l\\\/#primaryimage\"},\"image\":{\"@id\":\"https:\\\/\\\/exparto.pl\\\/en\\\/produkt\\\/poidlo-miskowe-dla-bydla-zeliwne-15-l\\\/#primaryimage\"},\"thumbnailUrl\":\"https:\\\/\\\/exparto.pl\\\/wp-content\\\/uploads\\\/2024\\\/02\\\/b5cda540df1631943e0974cb97ed6edf.jpg\",\"datePublished\":\"2024-02-15T13:14:39+00:00\",\"dateModified\":\"2026-04-01T12:17:49+00:00\",\"breadcrumb\":{\"@id\":\"https:\\\/\\\/exparto.pl\\\/en\\\/produkt\\\/poidlo-miskowe-dla-bydla-zeliwne-15-l\\\/#breadcrumb\"},\"inLanguage\":\"en-US\",\"potentialAction\":[{\"@type\":\"ReadAction\",\"target\":[\"https:\\\/\\\/exparto.pl\\\/en\\\/produkt\\\/poidlo-miskowe-dla-bydla-zeliwne-15-l\\\/\"]}]},{\"@type\":\"ImageObject\",\"inLanguage\":\"en-US\",\"@id\":\"https:\\\/\\\/exparto.pl\\\/en\\\/produkt\\\/poidlo-miskowe-dla-bydla-zeliwne-15-l\\\/#primaryimage\",\"url\":\"https:\\\/\\\/exparto.pl\\\/wp-content\\\/uploads\\\/2024\\\/02\\\/b5cda540df1631943e0974cb97ed6edf.jpg\",\"contentUrl\":\"https:\\\/\\\/exparto.pl\\\/wp-content\\\/uploads\\\/2024\\\/02\\\/b5cda540df1631943e0974cb97ed6edf.jpg\",\"width\":1000,\"height\":1000},{\"@type\":\"BreadcrumbList\",\"@id\":\"https:\\\/\\\/exparto.pl\\\/en\\\/produkt\\\/poidlo-miskowe-dla-bydla-zeliwne-15-l\\\/#breadcrumb\",\"itemListElement\":[{\"@type\":\"ListItem\",\"position\":1,\"name\":\"Homepage\",\"item\":\"https:\\\/\\\/exparto.pl\\\/en\\\/homepage\\\/\"},{\"@type\":\"ListItem\",\"position\":2,\"name\":\"Sklep\",\"item\":\"https:\\\/\\\/exparto.pl\\\/sklep\\\/\"},{\"@type\":\"ListItem\",\"position\":3,\"name\":\"Breeding\",\"item\":\"https:\\\/\\\/exparto.pl\\\/en\\\/product-category\\\/breeding\\\/\"},{\"@type\":\"ListItem\",\"position\":4,\"name\":\"Drinkers\",\"item\":\"https:\\\/\\\/exparto.pl\\\/en\\\/product-category\\\/breeding\\\/drinkers\\\/\"},{\"@type\":\"ListItem\",\"position\":5,\"name\":\"Poid\u0142o miskowe dla byd\u0142a \u017celiwne 1,5 L\"}]},{\"@type\":\"WebSite\",\"@id\":\"https:\\\/\\\/exparto.pl\\\/en\\\/#website\",\"url\":\"https:\\\/\\\/exparto.pl\\\/en\\\/\",\"name\":\"EXPARTO\",\"description\":\"More than agro parts\",\"publisher\":{\"@id\":\"https:\\\/\\\/exparto.pl\\\/en\\\/#organization\"},\"potentialAction\":[{\"@type\":\"SearchAction\",\"target\":{\"@type\":\"EntryPoint\",\"urlTemplate\":\"https:\\\/\\\/exparto.pl\\\/en\\\/?s={search_term_string}\"},\"query-input\":{\"@type\":\"PropertyValueSpecification\",\"valueRequired\":true,\"valueName\":\"search_term_string\"}}],\"inLanguage\":\"en-US\"},{\"@type\":\"Organization\",\"@id\":\"https:\\\/\\\/exparto.pl\\\/en\\\/#organization\",\"name\":\"EXPARTO\",\"url\":\"https:\\\/\\\/exparto.pl\\\/en\\\/\",\"logo\":{\"@type\":\"ImageObject\",\"inLanguage\":\"en-US\",\"@id\":\"https:\\\/\\\/exparto.pl\\\/en\\\/#\\\/schema\\\/logo\\\/image\\\/\",\"url\":\"https:\\\/\\\/exparto.pl\\\/wp-content\\\/uploads\\\/2023\\\/02\\\/logo-wektor.png\",\"contentUrl\":\"https:\\\/\\\/exparto.pl\\\/wp-content\\\/uploads\\\/2023\\\/02\\\/logo-wektor.png\",\"width\":1338,\"height\":143,\"caption\":\"EXPARTO\"},\"image\":{\"@id\":\"https:\\\/\\\/exparto.pl\\\/en\\\/#\\\/schema\\\/logo\\\/image\\\/\"},\"sameAs\":[\"https:\\\/\\\/www.facebook.com\\\/exparto.agro\\\/\"]}]}<\/script>\n<!-- \/ Yoast SEO plugin. -->","yoast_head_json":{"title":"Poid\u0142o miskowe dla byd\u0142a \u017celiwne 1,5 L - Exparto.pl","robots":{"index":"index","follow":"follow","max-snippet":"max-snippet:-1","max-image-preview":"max-image-preview:large","max-video-preview":"max-video-preview:-1"},"canonical":"https:\/\/exparto.pl\/en\/produkt\/poidlo-miskowe-dla-bydla-zeliwne-15-l\/","og_locale":"en_US","og_type":"article","og_title":"Poid\u0142o miskowe dla byd\u0142a \u017celiwne 1,5 L - Exparto.pl","og_description":"Poid\u0142o miskowe \u017celiwne 1,5 L","og_url":"https:\/\/exparto.pl\/en\/produkt\/poidlo-miskowe-dla-bydla-zeliwne-15-l\/","og_site_name":"Exparto.pl","article_publisher":"https:\/\/www.facebook.com\/exparto.agro\/","article_modified_time":"2026-04-01T12:17:49+00:00","og_image":[{"width":1000,"height":1000,"url":"https:\/\/exparto.pl\/wp-content\/uploads\/2024\/02\/b5cda540df1631943e0974cb97ed6edf.jpg","type":"image\/jpeg"}],"twitter_card":"summary_large_image","twitter_misc":{"Est. reading time":"2 minutes"},"schema":{"@context":"https:\/\/schema.org","@graph":[{"@type":"WebPage","@id":"https:\/\/exparto.pl\/en\/produkt\/poidlo-miskowe-dla-bydla-zeliwne-15-l\/","url":"https:\/\/exparto.pl\/en\/produkt\/poidlo-miskowe-dla-bydla-zeliwne-15-l\/","name":"Poid\u0142o miskowe dla byd\u0142a \u017celiwne 1,5 L - Exparto.pl","isPartOf":{"@id":"https:\/\/exparto.pl\/en\/#website"},"primaryImageOfPage":{"@id":"https:\/\/exparto.pl\/en\/produkt\/poidlo-miskowe-dla-bydla-zeliwne-15-l\/#primaryimage"},"image":{"@id":"https:\/\/exparto.pl\/en\/produkt\/poidlo-miskowe-dla-bydla-zeliwne-15-l\/#primaryimage"},"thumbnailUrl":"https:\/\/exparto.pl\/wp-content\/uploads\/2024\/02\/b5cda540df1631943e0974cb97ed6edf.jpg","datePublished":"2024-02-15T13:14:39+00:00","dateModified":"2026-04-01T12:17:49+00:00","breadcrumb":{"@id":"https:\/\/exparto.pl\/en\/produkt\/poidlo-miskowe-dla-bydla-zeliwne-15-l\/#breadcrumb"},"inLanguage":"en-US","potentialAction":[{"@type":"ReadAction","target":["https:\/\/exparto.pl\/en\/produkt\/poidlo-miskowe-dla-bydla-zeliwne-15-l\/"]}]},{"@type":"ImageObject","inLanguage":"en-US","@id":"https:\/\/exparto.pl\/en\/produkt\/poidlo-miskowe-dla-bydla-zeliwne-15-l\/#primaryimage","url":"https:\/\/exparto.pl\/wp-content\/uploads\/2024\/02\/b5cda540df1631943e0974cb97ed6edf.jpg","contentUrl":"https:\/\/exparto.pl\/wp-content\/uploads\/2024\/02\/b5cda540df1631943e0974cb97ed6edf.jpg","width":1000,"height":1000},{"@type":"BreadcrumbList","@id":"https:\/\/exparto.pl\/en\/produkt\/poidlo-miskowe-dla-bydla-zeliwne-15-l\/#breadcrumb","itemListElement":[{"@type":"ListItem","position":1,"name":"Homepage","item":"https:\/\/exparto.pl\/en\/homepage\/"},{"@type":"ListItem","position":2,"name":"Sklep","item":"https:\/\/exparto.pl\/sklep\/"},{"@type":"ListItem","position":3,"name":"Breeding","item":"https:\/\/exparto.pl\/en\/product-category\/breeding\/"},{"@type":"ListItem","position":4,"name":"Drinkers","item":"https:\/\/exparto.pl\/en\/product-category\/breeding\/drinkers\/"},{"@type":"ListItem","position":5,"name":"Poid\u0142o miskowe dla byd\u0142a \u017celiwne 1,5 L"}]},{"@type":"WebSite","@id":"https:\/\/exparto.pl\/en\/#website","url":"https:\/\/exparto.pl\/en\/","name":"EXPARTO","description":"More than agro parts","publisher":{"@id":"https:\/\/exparto.pl\/en\/#organization"},"potentialAction":[{"@type":"SearchAction","target":{"@type":"EntryPoint","urlTemplate":"https:\/\/exparto.pl\/en\/?s={search_term_string}"},"query-input":{"@type":"PropertyValueSpecification","valueRequired":true,"valueName":"search_term_string"}}],"inLanguage":"en-US"},{"@type":"Organization","@id":"https:\/\/exparto.pl\/en\/#organization","name":"EXPARTO","url":"https:\/\/exparto.pl\/en\/","logo":{"@type":"ImageObject","inLanguage":"en-US","@id":"https:\/\/exparto.pl\/en\/#\/schema\/logo\/image\/","url":"https:\/\/exparto.pl\/wp-content\/uploads\/2023\/02\/logo-wektor.png","contentUrl":"https:\/\/exparto.pl\/wp-content\/uploads\/2023\/02\/logo-wektor.png","width":1338,"height":143,"caption":"EXPARTO"},"image":{"@id":"https:\/\/exparto.pl\/en\/#\/schema\/logo\/image\/"},"sameAs":["https:\/\/www.facebook.com\/exparto.agro\/"]}]}},"_links":{"self":[{"href":"https:\/\/exparto.pl\/en\/wp-json\/wp\/v2\/product\/20950","targetHints":{"allow":["GET"]}}],"collection":[{"href":"https:\/\/exparto.pl\/en\/wp-json\/wp\/v2\/product"}],"about":[{"href":"https:\/\/exparto.pl\/en\/wp-json\/wp\/v2\/types\/product"}],"replies":[{"embeddable":true,"href":"https:\/\/exparto.pl\/en\/wp-json\/wp\/v2\/comments?post=20950"}],"wp:featuredmedia":[{"embeddable":true,"href":"https:\/\/exparto.pl\/en\/wp-json\/wp\/v2\/media\/20925"}],"wp:attachment":[{"href":"https:\/\/exparto.pl\/en\/wp-json\/wp\/v2\/media?parent=20950"}],"wp:term":[{"taxonomy":"product_brand","embeddable":true,"href":"https:\/\/exparto.pl\/en\/wp-json\/wp\/v2\/product_brand?post=20950"},{"taxonomy":"product_cat","embeddable":true,"href":"https:\/\/exparto.pl\/en\/wp-json\/wp\/v2\/product_cat?post=20950"},{"taxonomy":"product_tag","embeddable":true,"href":"https:\/\/exparto.pl\/en\/wp-json\/wp\/v2\/product_tag?post=20950"}],"curies":[{"name":"wp","href":"https:\/\/api.w.org\/{rel}","templated":true}]}}