{"id":21125,"date":"2024-02-19T18:45:15","date_gmt":"2024-02-19T17:45:15","guid":{"rendered":"https:\/\/exparto.pl\/produkt\/walek-napedowy-szlifowany-przystawki-kosiarki-rotacyjnej-135m-i-165m\/"},"modified":"2026-03-20T13:00:18","modified_gmt":"2026-03-20T12:00:18","slug":"walek-napedowy-szlifowany-przystawki-kosiarki-rotacyjnej-135m-i-165m","status":"publish","type":"product","link":"https:\/\/exparto.pl\/en\/produkt\/walek-napedowy-szlifowany-przystawki-kosiarki-rotacyjnej-135m-i-165m\/","title":{"rendered":"Wa\u0142ek nap\u0119dowy szlifowany przystawki kosiarki rotacyjnej 1,35m i 1,65m"},"content":{"rendered":"<p style=\"text-align: justify\">Wa\u0142ek nap\u0119dowy przystawki kosiarki wykonany z wysokiej jako\u015bci materia\u0142u- szlifowany pod \u0142o\u017cyska.<\/p>\n<p style=\"text-align: justify\"><b>Zastosowanie:<\/b><\/p>\n<ul>\n<li style=\"text-align: justify\">Pasuje do kosiarek rotacyjnych 1,65m i 1,35m<\/li>\n<\/ul>\n<p style=\"text-align: justify\"><b>Numer katalogowy:<\/b><\/p>\n<ul>\n<li style=\"text-align: justify\">5036010260<\/li>\n<\/ul>\n","protected":false},"excerpt":{"rendered":"<p style=\"text-align: justify\">Wa\u0142ek przystawki szlifowany<\/p>\n","protected":false},"featured_media":21110,"comment_status":"open","ping_status":"closed","template":"","meta":{"_acf_changed":false,"inline_featured_image":false},"product_brand":[],"product_cat":[49,964,967],"product_tag":[],"class_list":{"0":"post-21125","1":"product","2":"type-product","3":"status-publish","4":"has-post-thumbnail","6":"product_cat-czesci-do-kosiarki-rotacyjnej","7":"product_cat-walki","8":"product_cat-walki-napedowe","10":"first","11":"instock","12":"taxable","13":"shipping-taxable","14":"purchasable","15":"product-type-simple"},"acf":[],"yoast_head":"<!-- This site is optimized with the Yoast SEO plugin v27.2 - https:\/\/yoast.com\/product\/yoast-seo-wordpress\/ -->\n<title>Wa\u0142ek nap\u0119dowy szlifowany przystawki kosiarki rotacyjnej 1,35m i 1,65m - Exparto.pl<\/title>\n<meta name=\"robots\" content=\"index, follow, max-snippet:-1, max-image-preview:large, max-video-preview:-1\" \/>\n<link rel=\"canonical\" href=\"https:\/\/exparto.pl\/en\/produkt\/walek-napedowy-szlifowany-przystawki-kosiarki-rotacyjnej-135m-i-165m\/\" \/>\n<meta property=\"og:locale\" content=\"en_US\" \/>\n<meta property=\"og:type\" content=\"article\" \/>\n<meta property=\"og:title\" content=\"Wa\u0142ek nap\u0119dowy szlifowany przystawki kosiarki rotacyjnej 1,35m i 1,65m - Exparto.pl\" \/>\n<meta property=\"og:description\" content=\"Wa\u0142ek przystawki szlifowany\" \/>\n<meta property=\"og:url\" content=\"https:\/\/exparto.pl\/en\/produkt\/walek-napedowy-szlifowany-przystawki-kosiarki-rotacyjnej-135m-i-165m\/\" \/>\n<meta property=\"og:site_name\" content=\"Exparto.pl\" \/>\n<meta property=\"article:publisher\" content=\"https:\/\/www.facebook.com\/exparto.agro\/\" \/>\n<meta property=\"article:modified_time\" content=\"2026-03-20T12:00:18+00:00\" \/>\n<meta property=\"og:image\" content=\"https:\/\/exparto.pl\/wp-content\/uploads\/2024\/02\/e53d1a3ad12b09723c5ad87d42832a74.jpg\" \/>\n\t<meta property=\"og:image:width\" content=\"1000\" \/>\n\t<meta property=\"og:image:height\" content=\"1000\" \/>\n\t<meta property=\"og:image:type\" content=\"image\/jpeg\" \/>\n<meta name=\"twitter:card\" content=\"summary_large_image\" \/>\n<meta name=\"twitter:label1\" content=\"Est. reading time\" \/>\n\t<meta name=\"twitter:data1\" content=\"1 minute\" \/>\n<script type=\"application\/ld+json\" class=\"yoast-schema-graph\">{\"@context\":\"https:\/\/schema.org\",\"@graph\":[{\"@type\":\"WebPage\",\"@id\":\"https:\/\/exparto.pl\/en\/produkt\/walek-napedowy-szlifowany-przystawki-kosiarki-rotacyjnej-135m-i-165m\/\",\"url\":\"https:\/\/exparto.pl\/en\/produkt\/walek-napedowy-szlifowany-przystawki-kosiarki-rotacyjnej-135m-i-165m\/\",\"name\":\"Wa\u0142ek nap\u0119dowy szlifowany przystawki kosiarki rotacyjnej 1,35m i 1,65m - Exparto.pl\",\"isPartOf\":{\"@id\":\"https:\/\/exparto.pl\/en\/#website\"},\"primaryImageOfPage\":{\"@id\":\"https:\/\/exparto.pl\/en\/produkt\/walek-napedowy-szlifowany-przystawki-kosiarki-rotacyjnej-135m-i-165m\/#primaryimage\"},\"image\":{\"@id\":\"https:\/\/exparto.pl\/en\/produkt\/walek-napedowy-szlifowany-przystawki-kosiarki-rotacyjnej-135m-i-165m\/#primaryimage\"},\"thumbnailUrl\":\"https:\/\/exparto.pl\/wp-content\/uploads\/2024\/02\/e53d1a3ad12b09723c5ad87d42832a74.jpg\",\"datePublished\":\"2024-02-19T17:45:15+00:00\",\"dateModified\":\"2026-03-20T12:00:18+00:00\",\"breadcrumb\":{\"@id\":\"https:\/\/exparto.pl\/en\/produkt\/walek-napedowy-szlifowany-przystawki-kosiarki-rotacyjnej-135m-i-165m\/#breadcrumb\"},\"inLanguage\":\"en-US\",\"potentialAction\":[{\"@type\":\"ReadAction\",\"target\":[\"https:\/\/exparto.pl\/en\/produkt\/walek-napedowy-szlifowany-przystawki-kosiarki-rotacyjnej-135m-i-165m\/\"]}]},{\"@type\":\"ImageObject\",\"inLanguage\":\"en-US\",\"@id\":\"https:\/\/exparto.pl\/en\/produkt\/walek-napedowy-szlifowany-przystawki-kosiarki-rotacyjnej-135m-i-165m\/#primaryimage\",\"url\":\"https:\/\/exparto.pl\/wp-content\/uploads\/2024\/02\/e53d1a3ad12b09723c5ad87d42832a74.jpg\",\"contentUrl\":\"https:\/\/exparto.pl\/wp-content\/uploads\/2024\/02\/e53d1a3ad12b09723c5ad87d42832a74.jpg\",\"width\":1000,\"height\":1000},{\"@type\":\"BreadcrumbList\",\"@id\":\"https:\/\/exparto.pl\/en\/produkt\/walek-napedowy-szlifowany-przystawki-kosiarki-rotacyjnej-135m-i-165m\/#breadcrumb\",\"itemListElement\":[{\"@type\":\"ListItem\",\"position\":1,\"name\":\"Homepage\",\"item\":\"https:\/\/exparto.pl\/en\/homepage\/\"},{\"@type\":\"ListItem\",\"position\":2,\"name\":\"Sklep\",\"item\":\"https:\/\/exparto.pl\/sklep\/\"},{\"@type\":\"ListItem\",\"position\":3,\"name\":\"Lawnmower parts\",\"item\":\"https:\/\/exparto.pl\/en\/product-category\/lawnmower-parts\/\"},{\"@type\":\"ListItem\",\"position\":4,\"name\":\"Wa\u0142ek nap\u0119dowy szlifowany przystawki kosiarki rotacyjnej 1,35m i 1,65m\"}]},{\"@type\":\"WebSite\",\"@id\":\"https:\/\/exparto.pl\/en\/#website\",\"url\":\"https:\/\/exparto.pl\/en\/\",\"name\":\"EXPARTO\",\"description\":\"More than agro parts\",\"publisher\":{\"@id\":\"https:\/\/exparto.pl\/en\/#organization\"},\"potentialAction\":[{\"@type\":\"SearchAction\",\"target\":{\"@type\":\"EntryPoint\",\"urlTemplate\":\"https:\/\/exparto.pl\/en\/?s={search_term_string}\"},\"query-input\":{\"@type\":\"PropertyValueSpecification\",\"valueRequired\":true,\"valueName\":\"search_term_string\"}}],\"inLanguage\":\"en-US\"},{\"@type\":\"Organization\",\"@id\":\"https:\/\/exparto.pl\/en\/#organization\",\"name\":\"EXPARTO\",\"url\":\"https:\/\/exparto.pl\/en\/\",\"logo\":{\"@type\":\"ImageObject\",\"inLanguage\":\"en-US\",\"@id\":\"https:\/\/exparto.pl\/en\/#\/schema\/logo\/image\/\",\"url\":\"https:\/\/exparto.pl\/wp-content\/uploads\/2023\/02\/logo-wektor.png\",\"contentUrl\":\"https:\/\/exparto.pl\/wp-content\/uploads\/2023\/02\/logo-wektor.png\",\"width\":1338,\"height\":143,\"caption\":\"EXPARTO\"},\"image\":{\"@id\":\"https:\/\/exparto.pl\/en\/#\/schema\/logo\/image\/\"},\"sameAs\":[\"https:\/\/www.facebook.com\/exparto.agro\/\"]}]}<\/script>\n<!-- \/ Yoast SEO plugin. -->","yoast_head_json":{"title":"Wa\u0142ek nap\u0119dowy szlifowany przystawki kosiarki rotacyjnej 1,35m i 1,65m - Exparto.pl","robots":{"index":"index","follow":"follow","max-snippet":"max-snippet:-1","max-image-preview":"max-image-preview:large","max-video-preview":"max-video-preview:-1"},"canonical":"https:\/\/exparto.pl\/en\/produkt\/walek-napedowy-szlifowany-przystawki-kosiarki-rotacyjnej-135m-i-165m\/","og_locale":"en_US","og_type":"article","og_title":"Wa\u0142ek nap\u0119dowy szlifowany przystawki kosiarki rotacyjnej 1,35m i 1,65m - Exparto.pl","og_description":"Wa\u0142ek przystawki szlifowany","og_url":"https:\/\/exparto.pl\/en\/produkt\/walek-napedowy-szlifowany-przystawki-kosiarki-rotacyjnej-135m-i-165m\/","og_site_name":"Exparto.pl","article_publisher":"https:\/\/www.facebook.com\/exparto.agro\/","article_modified_time":"2026-03-20T12:00:18+00:00","og_image":[{"width":1000,"height":1000,"url":"https:\/\/exparto.pl\/wp-content\/uploads\/2024\/02\/e53d1a3ad12b09723c5ad87d42832a74.jpg","type":"image\/jpeg"}],"twitter_card":"summary_large_image","twitter_misc":{"Est. reading time":"1 minute"},"schema":{"@context":"https:\/\/schema.org","@graph":[{"@type":"WebPage","@id":"https:\/\/exparto.pl\/en\/produkt\/walek-napedowy-szlifowany-przystawki-kosiarki-rotacyjnej-135m-i-165m\/","url":"https:\/\/exparto.pl\/en\/produkt\/walek-napedowy-szlifowany-przystawki-kosiarki-rotacyjnej-135m-i-165m\/","name":"Wa\u0142ek nap\u0119dowy szlifowany przystawki kosiarki rotacyjnej 1,35m i 1,65m - Exparto.pl","isPartOf":{"@id":"https:\/\/exparto.pl\/en\/#website"},"primaryImageOfPage":{"@id":"https:\/\/exparto.pl\/en\/produkt\/walek-napedowy-szlifowany-przystawki-kosiarki-rotacyjnej-135m-i-165m\/#primaryimage"},"image":{"@id":"https:\/\/exparto.pl\/en\/produkt\/walek-napedowy-szlifowany-przystawki-kosiarki-rotacyjnej-135m-i-165m\/#primaryimage"},"thumbnailUrl":"https:\/\/exparto.pl\/wp-content\/uploads\/2024\/02\/e53d1a3ad12b09723c5ad87d42832a74.jpg","datePublished":"2024-02-19T17:45:15+00:00","dateModified":"2026-03-20T12:00:18+00:00","breadcrumb":{"@id":"https:\/\/exparto.pl\/en\/produkt\/walek-napedowy-szlifowany-przystawki-kosiarki-rotacyjnej-135m-i-165m\/#breadcrumb"},"inLanguage":"en-US","potentialAction":[{"@type":"ReadAction","target":["https:\/\/exparto.pl\/en\/produkt\/walek-napedowy-szlifowany-przystawki-kosiarki-rotacyjnej-135m-i-165m\/"]}]},{"@type":"ImageObject","inLanguage":"en-US","@id":"https:\/\/exparto.pl\/en\/produkt\/walek-napedowy-szlifowany-przystawki-kosiarki-rotacyjnej-135m-i-165m\/#primaryimage","url":"https:\/\/exparto.pl\/wp-content\/uploads\/2024\/02\/e53d1a3ad12b09723c5ad87d42832a74.jpg","contentUrl":"https:\/\/exparto.pl\/wp-content\/uploads\/2024\/02\/e53d1a3ad12b09723c5ad87d42832a74.jpg","width":1000,"height":1000},{"@type":"BreadcrumbList","@id":"https:\/\/exparto.pl\/en\/produkt\/walek-napedowy-szlifowany-przystawki-kosiarki-rotacyjnej-135m-i-165m\/#breadcrumb","itemListElement":[{"@type":"ListItem","position":1,"name":"Homepage","item":"https:\/\/exparto.pl\/en\/homepage\/"},{"@type":"ListItem","position":2,"name":"Sklep","item":"https:\/\/exparto.pl\/sklep\/"},{"@type":"ListItem","position":3,"name":"Lawnmower parts","item":"https:\/\/exparto.pl\/en\/product-category\/lawnmower-parts\/"},{"@type":"ListItem","position":4,"name":"Wa\u0142ek nap\u0119dowy szlifowany przystawki kosiarki rotacyjnej 1,35m i 1,65m"}]},{"@type":"WebSite","@id":"https:\/\/exparto.pl\/en\/#website","url":"https:\/\/exparto.pl\/en\/","name":"EXPARTO","description":"More than agro parts","publisher":{"@id":"https:\/\/exparto.pl\/en\/#organization"},"potentialAction":[{"@type":"SearchAction","target":{"@type":"EntryPoint","urlTemplate":"https:\/\/exparto.pl\/en\/?s={search_term_string}"},"query-input":{"@type":"PropertyValueSpecification","valueRequired":true,"valueName":"search_term_string"}}],"inLanguage":"en-US"},{"@type":"Organization","@id":"https:\/\/exparto.pl\/en\/#organization","name":"EXPARTO","url":"https:\/\/exparto.pl\/en\/","logo":{"@type":"ImageObject","inLanguage":"en-US","@id":"https:\/\/exparto.pl\/en\/#\/schema\/logo\/image\/","url":"https:\/\/exparto.pl\/wp-content\/uploads\/2023\/02\/logo-wektor.png","contentUrl":"https:\/\/exparto.pl\/wp-content\/uploads\/2023\/02\/logo-wektor.png","width":1338,"height":143,"caption":"EXPARTO"},"image":{"@id":"https:\/\/exparto.pl\/en\/#\/schema\/logo\/image\/"},"sameAs":["https:\/\/www.facebook.com\/exparto.agro\/"]}]}},"_links":{"self":[{"href":"https:\/\/exparto.pl\/en\/wp-json\/wp\/v2\/product\/21125","targetHints":{"allow":["GET"]}}],"collection":[{"href":"https:\/\/exparto.pl\/en\/wp-json\/wp\/v2\/product"}],"about":[{"href":"https:\/\/exparto.pl\/en\/wp-json\/wp\/v2\/types\/product"}],"replies":[{"embeddable":true,"href":"https:\/\/exparto.pl\/en\/wp-json\/wp\/v2\/comments?post=21125"}],"wp:featuredmedia":[{"embeddable":true,"href":"https:\/\/exparto.pl\/en\/wp-json\/wp\/v2\/media\/21110"}],"wp:attachment":[{"href":"https:\/\/exparto.pl\/en\/wp-json\/wp\/v2\/media?parent=21125"}],"wp:term":[{"taxonomy":"product_brand","embeddable":true,"href":"https:\/\/exparto.pl\/en\/wp-json\/wp\/v2\/product_brand?post=21125"},{"taxonomy":"product_cat","embeddable":true,"href":"https:\/\/exparto.pl\/en\/wp-json\/wp\/v2\/product_cat?post=21125"},{"taxonomy":"product_tag","embeddable":true,"href":"https:\/\/exparto.pl\/en\/wp-json\/wp\/v2\/product_tag?post=21125"}],"curies":[{"name":"wp","href":"https:\/\/api.w.org\/{rel}","templated":true}]}}