{"id":21436,"date":"2024-02-20T08:37:56","date_gmt":"2024-02-20T07:37:56","guid":{"rendered":"https:\/\/exparto.pl\/produkt\/piasta-przystawki-do-kosiarki-rotacyjnej-165m-135m\/"},"modified":"2026-03-01T23:00:37","modified_gmt":"2026-03-01T22:00:37","slug":"piasta-przystawki-do-kosiarki-rotacyjnej-165m-135m","status":"publish","type":"product","link":"https:\/\/exparto.pl\/en\/produkt\/piasta-przystawki-do-kosiarki-rotacyjnej-165m-135m\/","title":{"rendered":"Piasta przystawki do kosiarki rotacyjnej 1,65m 1,35m"},"content":{"rendered":"<p><span style=\"font-weight: 400\">Koszenie pola lub \u0142\u0105ki wymaga zastosowania maszyn rolniczych. W\u015br\u00f3d nich znajduje si\u0119 kosiarka rotacyjna, kt\u00f3ra nap\u0119dzana jest przez ci\u0105gnik rolniczy. <\/span><b>W EXPARTO przygotowali\u015bmy dla Ciebie piast\u0119 przystawki kosiarki rotacyjnej, kt\u00f3ra jest jednym z element\u00f3w uk\u0142adu przekazania nap\u0119du<\/b><span style=\"font-weight: 400\">. Sprawd\u017a jej parametry i skorzystaj z naszej oferty.\u00a0<\/span><\/p>\n<h2><span style=\"font-weight: 400\">Piasta przystawki kosiarki rotacyjnej &#8211; 1,65m, 1,35m<\/span><\/h2>\n<p><b>Piasta przystawki kosiarki rotacyjnej to jeden z element\u00f3w uk\u0142adu nap\u0119du tej maszyny rolniczej<\/b><span style=\"font-weight: 400\">. Odpowiada on za prze\u0142o\u017cenie obrot\u00f3w z ci\u0105gnika na kosiark\u0119. Kluczem do uzyskania wysokiej efektywno\u015bci tego po\u0142\u0105czenia jest dob\u00f3r odpowiednio dopasowanej piasty przystawki do modelu. Element ten powinien by\u0107 wykonany z wytrzyma\u0142ego materia\u0142u, kt\u00f3ry b\u0119dzie odporny na intensywne u\u017cytkowanie w trudnych warunkach.\u00a0<\/span><\/p>\n<p><b>W EXPARTO przygotowali\u015bmy dla Ciebie dedykowan\u0105 piast\u0119 przystawki kosiarki rotacyjnej, kt\u00f3ra jest wykonana z \u017celiwa<\/b><span style=\"font-weight: 400\">. Dzi\u0119ki temu jest wytrzyma\u0142a i odporna na \u015bcieranie i uszkodzenia mechaniczne. D\u0142ugo zachowuje swoje docelowe w\u0142a\u015bciwo\u015bci, umo\u017cliwiaj\u0105c wygodne i bezpieczne koszenie.<\/span><b> Proponowany przez nas model piasty przystawki pasuje do kosiarek: 1,65 m i 1,35 m<\/b><span style=\"font-weight: 400\">. Wymiary cz\u0119\u015bci to 15 \u00d7 10 \u00d7 10 cm, a waga wynosi 2,5 kilograma.\u00a0<\/span><\/p>\n<p><span style=\"font-weight: 400\">Dbamy o to, aby oferowana przez nas piasta powstawa\u0142a z wysokiej jako\u015bci \u017celiwa. Gwarantujemy Ci jej uniwersalno\u015b\u0107 oraz d\u0142ug\u0105 \u017cywotno\u015b\u0107. <\/span><b>Zapraszamy do skorzystania z naszej oferty. W przypadku pyta\u0144 skontaktuj si\u0119 z ekspertem EXPARTO<\/b><span style=\"font-weight: 400\">.<\/span><\/p>\n<p><b>Zastosowanie<\/b><span style=\"font-weight: 400\">:<\/span><\/p>\n<p><span style=\"font-weight: 400\">Pasuje do kosiarek rotacyjnych 1,65m i 1,35m<\/span><\/p>\n<p><b>Numer katalogowy<\/b><span style=\"font-weight: 400\">:<\/span><\/p>\n<p><span style=\"font-weight: 400\">5036010270<\/span><\/p>\n","protected":false},"excerpt":{"rendered":"<p style=\"text-align: justify\">Piasta przystawki<\/p>\n","protected":false},"featured_media":21421,"comment_status":"open","ping_status":"closed","template":"","meta":{"_acf_changed":false,"inline_featured_image":false},"product_brand":[],"product_cat":[49,958,960],"product_tag":[],"class_list":{"0":"post-21436","1":"product","2":"type-product","3":"status-publish","4":"has-post-thumbnail","6":"product_cat-czesci-do-kosiarki-rotacyjnej","7":"product_cat-piasty-czesci-do-kosiarki-rotacyjnej","8":"product_cat-piasty-przystawki","10":"first","11":"instock","12":"taxable","13":"shipping-taxable","14":"purchasable","15":"product-type-simple"},"acf":[],"yoast_head":"<!-- This site is optimized with the Yoast SEO plugin v27.2 - https:\/\/yoast.com\/product\/yoast-seo-wordpress\/ -->\n<title>Piasta przystawki do kosiarki rotacyjnej 1,65m 1,35m - Exparto.pl<\/title>\n<meta name=\"robots\" content=\"index, follow, max-snippet:-1, max-image-preview:large, max-video-preview:-1\" \/>\n<link rel=\"canonical\" href=\"https:\/\/exparto.pl\/en\/produkt\/piasta-przystawki-do-kosiarki-rotacyjnej-165m-135m\/\" \/>\n<meta property=\"og:locale\" content=\"en_US\" \/>\n<meta property=\"og:type\" content=\"article\" \/>\n<meta property=\"og:title\" content=\"Piasta przystawki do kosiarki rotacyjnej 1,65m 1,35m - Exparto.pl\" \/>\n<meta property=\"og:description\" content=\"Piasta przystawki\" \/>\n<meta property=\"og:url\" content=\"https:\/\/exparto.pl\/en\/produkt\/piasta-przystawki-do-kosiarki-rotacyjnej-165m-135m\/\" \/>\n<meta property=\"og:site_name\" content=\"Exparto.pl\" \/>\n<meta property=\"article:publisher\" content=\"https:\/\/www.facebook.com\/exparto.agro\/\" \/>\n<meta property=\"article:modified_time\" content=\"2026-03-01T22:00:37+00:00\" \/>\n<meta property=\"og:image\" content=\"https:\/\/exparto.pl\/wp-content\/uploads\/2024\/02\/a15868d21264d5ec46a242b029f885a6.jpg\" \/>\n\t<meta property=\"og:image:width\" content=\"1000\" \/>\n\t<meta property=\"og:image:height\" content=\"1000\" \/>\n\t<meta property=\"og:image:type\" content=\"image\/jpeg\" \/>\n<meta name=\"twitter:card\" content=\"summary_large_image\" \/>\n<meta name=\"twitter:label1\" content=\"Est. reading time\" \/>\n\t<meta name=\"twitter:data1\" content=\"2 minutes\" \/>\n<script type=\"application\/ld+json\" class=\"yoast-schema-graph\">{\"@context\":\"https:\/\/schema.org\",\"@graph\":[{\"@type\":\"WebPage\",\"@id\":\"https:\/\/exparto.pl\/en\/produkt\/piasta-przystawki-do-kosiarki-rotacyjnej-165m-135m\/\",\"url\":\"https:\/\/exparto.pl\/en\/produkt\/piasta-przystawki-do-kosiarki-rotacyjnej-165m-135m\/\",\"name\":\"Piasta przystawki do kosiarki rotacyjnej 1,65m 1,35m - Exparto.pl\",\"isPartOf\":{\"@id\":\"https:\/\/exparto.pl\/en\/#website\"},\"primaryImageOfPage\":{\"@id\":\"https:\/\/exparto.pl\/en\/produkt\/piasta-przystawki-do-kosiarki-rotacyjnej-165m-135m\/#primaryimage\"},\"image\":{\"@id\":\"https:\/\/exparto.pl\/en\/produkt\/piasta-przystawki-do-kosiarki-rotacyjnej-165m-135m\/#primaryimage\"},\"thumbnailUrl\":\"https:\/\/exparto.pl\/wp-content\/uploads\/2024\/02\/a15868d21264d5ec46a242b029f885a6.jpg\",\"datePublished\":\"2024-02-20T07:37:56+00:00\",\"dateModified\":\"2026-03-01T22:00:37+00:00\",\"breadcrumb\":{\"@id\":\"https:\/\/exparto.pl\/en\/produkt\/piasta-przystawki-do-kosiarki-rotacyjnej-165m-135m\/#breadcrumb\"},\"inLanguage\":\"en-US\",\"potentialAction\":[{\"@type\":\"ReadAction\",\"target\":[\"https:\/\/exparto.pl\/en\/produkt\/piasta-przystawki-do-kosiarki-rotacyjnej-165m-135m\/\"]}]},{\"@type\":\"ImageObject\",\"inLanguage\":\"en-US\",\"@id\":\"https:\/\/exparto.pl\/en\/produkt\/piasta-przystawki-do-kosiarki-rotacyjnej-165m-135m\/#primaryimage\",\"url\":\"https:\/\/exparto.pl\/wp-content\/uploads\/2024\/02\/a15868d21264d5ec46a242b029f885a6.jpg\",\"contentUrl\":\"https:\/\/exparto.pl\/wp-content\/uploads\/2024\/02\/a15868d21264d5ec46a242b029f885a6.jpg\",\"width\":1000,\"height\":1000},{\"@type\":\"BreadcrumbList\",\"@id\":\"https:\/\/exparto.pl\/en\/produkt\/piasta-przystawki-do-kosiarki-rotacyjnej-165m-135m\/#breadcrumb\",\"itemListElement\":[{\"@type\":\"ListItem\",\"position\":1,\"name\":\"Homepage\",\"item\":\"https:\/\/exparto.pl\/en\/homepage\/\"},{\"@type\":\"ListItem\",\"position\":2,\"name\":\"Sklep\",\"item\":\"https:\/\/exparto.pl\/sklep\/\"},{\"@type\":\"ListItem\",\"position\":3,\"name\":\"Lawnmower parts\",\"item\":\"https:\/\/exparto.pl\/en\/product-category\/lawnmower-parts\/\"},{\"@type\":\"ListItem\",\"position\":4,\"name\":\"Piasta przystawki do kosiarki rotacyjnej 1,65m 1,35m\"}]},{\"@type\":\"WebSite\",\"@id\":\"https:\/\/exparto.pl\/en\/#website\",\"url\":\"https:\/\/exparto.pl\/en\/\",\"name\":\"EXPARTO\",\"description\":\"More than agro parts\",\"publisher\":{\"@id\":\"https:\/\/exparto.pl\/en\/#organization\"},\"potentialAction\":[{\"@type\":\"SearchAction\",\"target\":{\"@type\":\"EntryPoint\",\"urlTemplate\":\"https:\/\/exparto.pl\/en\/?s={search_term_string}\"},\"query-input\":{\"@type\":\"PropertyValueSpecification\",\"valueRequired\":true,\"valueName\":\"search_term_string\"}}],\"inLanguage\":\"en-US\"},{\"@type\":\"Organization\",\"@id\":\"https:\/\/exparto.pl\/en\/#organization\",\"name\":\"EXPARTO\",\"url\":\"https:\/\/exparto.pl\/en\/\",\"logo\":{\"@type\":\"ImageObject\",\"inLanguage\":\"en-US\",\"@id\":\"https:\/\/exparto.pl\/en\/#\/schema\/logo\/image\/\",\"url\":\"https:\/\/exparto.pl\/wp-content\/uploads\/2023\/02\/logo-wektor.png\",\"contentUrl\":\"https:\/\/exparto.pl\/wp-content\/uploads\/2023\/02\/logo-wektor.png\",\"width\":1338,\"height\":143,\"caption\":\"EXPARTO\"},\"image\":{\"@id\":\"https:\/\/exparto.pl\/en\/#\/schema\/logo\/image\/\"},\"sameAs\":[\"https:\/\/www.facebook.com\/exparto.agro\/\"]}]}<\/script>\n<!-- \/ Yoast SEO plugin. -->","yoast_head_json":{"title":"Piasta przystawki do kosiarki rotacyjnej 1,65m 1,35m - Exparto.pl","robots":{"index":"index","follow":"follow","max-snippet":"max-snippet:-1","max-image-preview":"max-image-preview:large","max-video-preview":"max-video-preview:-1"},"canonical":"https:\/\/exparto.pl\/en\/produkt\/piasta-przystawki-do-kosiarki-rotacyjnej-165m-135m\/","og_locale":"en_US","og_type":"article","og_title":"Piasta przystawki do kosiarki rotacyjnej 1,65m 1,35m - Exparto.pl","og_description":"Piasta przystawki","og_url":"https:\/\/exparto.pl\/en\/produkt\/piasta-przystawki-do-kosiarki-rotacyjnej-165m-135m\/","og_site_name":"Exparto.pl","article_publisher":"https:\/\/www.facebook.com\/exparto.agro\/","article_modified_time":"2026-03-01T22:00:37+00:00","og_image":[{"width":1000,"height":1000,"url":"https:\/\/exparto.pl\/wp-content\/uploads\/2024\/02\/a15868d21264d5ec46a242b029f885a6.jpg","type":"image\/jpeg"}],"twitter_card":"summary_large_image","twitter_misc":{"Est. reading time":"2 minutes"},"schema":{"@context":"https:\/\/schema.org","@graph":[{"@type":"WebPage","@id":"https:\/\/exparto.pl\/en\/produkt\/piasta-przystawki-do-kosiarki-rotacyjnej-165m-135m\/","url":"https:\/\/exparto.pl\/en\/produkt\/piasta-przystawki-do-kosiarki-rotacyjnej-165m-135m\/","name":"Piasta przystawki do kosiarki rotacyjnej 1,65m 1,35m - Exparto.pl","isPartOf":{"@id":"https:\/\/exparto.pl\/en\/#website"},"primaryImageOfPage":{"@id":"https:\/\/exparto.pl\/en\/produkt\/piasta-przystawki-do-kosiarki-rotacyjnej-165m-135m\/#primaryimage"},"image":{"@id":"https:\/\/exparto.pl\/en\/produkt\/piasta-przystawki-do-kosiarki-rotacyjnej-165m-135m\/#primaryimage"},"thumbnailUrl":"https:\/\/exparto.pl\/wp-content\/uploads\/2024\/02\/a15868d21264d5ec46a242b029f885a6.jpg","datePublished":"2024-02-20T07:37:56+00:00","dateModified":"2026-03-01T22:00:37+00:00","breadcrumb":{"@id":"https:\/\/exparto.pl\/en\/produkt\/piasta-przystawki-do-kosiarki-rotacyjnej-165m-135m\/#breadcrumb"},"inLanguage":"en-US","potentialAction":[{"@type":"ReadAction","target":["https:\/\/exparto.pl\/en\/produkt\/piasta-przystawki-do-kosiarki-rotacyjnej-165m-135m\/"]}]},{"@type":"ImageObject","inLanguage":"en-US","@id":"https:\/\/exparto.pl\/en\/produkt\/piasta-przystawki-do-kosiarki-rotacyjnej-165m-135m\/#primaryimage","url":"https:\/\/exparto.pl\/wp-content\/uploads\/2024\/02\/a15868d21264d5ec46a242b029f885a6.jpg","contentUrl":"https:\/\/exparto.pl\/wp-content\/uploads\/2024\/02\/a15868d21264d5ec46a242b029f885a6.jpg","width":1000,"height":1000},{"@type":"BreadcrumbList","@id":"https:\/\/exparto.pl\/en\/produkt\/piasta-przystawki-do-kosiarki-rotacyjnej-165m-135m\/#breadcrumb","itemListElement":[{"@type":"ListItem","position":1,"name":"Homepage","item":"https:\/\/exparto.pl\/en\/homepage\/"},{"@type":"ListItem","position":2,"name":"Sklep","item":"https:\/\/exparto.pl\/sklep\/"},{"@type":"ListItem","position":3,"name":"Lawnmower parts","item":"https:\/\/exparto.pl\/en\/product-category\/lawnmower-parts\/"},{"@type":"ListItem","position":4,"name":"Piasta przystawki do kosiarki rotacyjnej 1,65m 1,35m"}]},{"@type":"WebSite","@id":"https:\/\/exparto.pl\/en\/#website","url":"https:\/\/exparto.pl\/en\/","name":"EXPARTO","description":"More than agro parts","publisher":{"@id":"https:\/\/exparto.pl\/en\/#organization"},"potentialAction":[{"@type":"SearchAction","target":{"@type":"EntryPoint","urlTemplate":"https:\/\/exparto.pl\/en\/?s={search_term_string}"},"query-input":{"@type":"PropertyValueSpecification","valueRequired":true,"valueName":"search_term_string"}}],"inLanguage":"en-US"},{"@type":"Organization","@id":"https:\/\/exparto.pl\/en\/#organization","name":"EXPARTO","url":"https:\/\/exparto.pl\/en\/","logo":{"@type":"ImageObject","inLanguage":"en-US","@id":"https:\/\/exparto.pl\/en\/#\/schema\/logo\/image\/","url":"https:\/\/exparto.pl\/wp-content\/uploads\/2023\/02\/logo-wektor.png","contentUrl":"https:\/\/exparto.pl\/wp-content\/uploads\/2023\/02\/logo-wektor.png","width":1338,"height":143,"caption":"EXPARTO"},"image":{"@id":"https:\/\/exparto.pl\/en\/#\/schema\/logo\/image\/"},"sameAs":["https:\/\/www.facebook.com\/exparto.agro\/"]}]}},"_links":{"self":[{"href":"https:\/\/exparto.pl\/en\/wp-json\/wp\/v2\/product\/21436","targetHints":{"allow":["GET"]}}],"collection":[{"href":"https:\/\/exparto.pl\/en\/wp-json\/wp\/v2\/product"}],"about":[{"href":"https:\/\/exparto.pl\/en\/wp-json\/wp\/v2\/types\/product"}],"replies":[{"embeddable":true,"href":"https:\/\/exparto.pl\/en\/wp-json\/wp\/v2\/comments?post=21436"}],"wp:featuredmedia":[{"embeddable":true,"href":"https:\/\/exparto.pl\/en\/wp-json\/wp\/v2\/media\/21421"}],"wp:attachment":[{"href":"https:\/\/exparto.pl\/en\/wp-json\/wp\/v2\/media?parent=21436"}],"wp:term":[{"taxonomy":"product_brand","embeddable":true,"href":"https:\/\/exparto.pl\/en\/wp-json\/wp\/v2\/product_brand?post=21436"},{"taxonomy":"product_cat","embeddable":true,"href":"https:\/\/exparto.pl\/en\/wp-json\/wp\/v2\/product_cat?post=21436"},{"taxonomy":"product_tag","embeddable":true,"href":"https:\/\/exparto.pl\/en\/wp-json\/wp\/v2\/product_tag?post=21436"}],"curies":[{"name":"wp","href":"https:\/\/api.w.org\/{rel}","templated":true}]}}