{"id":21656,"date":"2024-02-22T11:37:44","date_gmt":"2024-02-22T10:37:44","guid":{"rendered":"https:\/\/exparto.pl\/produkt\/zab-kultywatora-40x10-bagra\/"},"modified":"2026-04-02T12:01:17","modified_gmt":"2026-04-02T10:01:17","slug":"zab-kultywatora-40x10-bagra","status":"publish","type":"product","link":"https:\/\/exparto.pl\/en\/produkt\/zab-kultywatora-40x10-bagra\/","title":{"rendered":"Z\u0105b kultywatora 40&#215;10 Bagra"},"content":{"rendered":"<p><span style=\"font-weight: 400;\">Szukasz wysokiej jako\u015bci cz\u0119\u015bci zamiennych do kultywatora? <\/span><b>W EXPARTO przygotowali\u015bmy dla Ciebie z\u0105b spr\u0119\u017cynowy kultywatora z redliczk\u0105 o wymiarach 40&#215;10 i do maszyny Bagra<\/b><span style=\"font-weight: 400;\">. Powstaje on z wytrzyma\u0142ych surowc\u00f3w, dzi\u0119ki czemu doskonale sprawdza si\u0119 podczas prac rolniczych. Poznaj jego charakterystyk\u0119 i skorzystaj z naszej oferty.<\/span><\/p>\n<h2><span style=\"font-weight: 400;\">Z\u0105b spr\u0119\u017cynowy kultywatora z redliczk\u0105 \u2013 40&#215;10 &#8211; Bagra<\/span><\/h2>\n<p><span style=\"font-weight: 400;\">Bez w\u0105tpienia jako\u015b\u0107 cz\u0119\u015bci roboczych maszyn rolniczych ma znaczenie. To od niej zale\u017cy to, jak cz\u0119sto trzeba b\u0119dzie wymienia\u0107 elementy urz\u0105dze\u0144. Wp\u0142ywa to na koszty i efektywno\u015b\u0107 prowadzenia gospodarstwa. W trosce o potrzeby klient\u00f3w w EXPARTO przygotowali\u015bmy wysokiej jako\u015bci z\u0105b do kultywatora BAGRA z redliczk\u0105 o rozmiarach 40&#215;10. <\/span><\/p>\n<p style=\"text-align: justify;\">\n<p><b>Produkt ten charakteryzuje si\u0119 wysok\u0105 odporno\u015bci\u0105 na intensywn\u0105 eksploatacj\u0119 i uszkodzenia mechaniczne<\/b><span style=\"font-weight: 400;\">. Maluje si\u0119 go proszkowo, dzi\u0119ki czemu ma jednolit\u0105 i trwa\u0142\u0105 pow\u0142ok\u0119. <\/span><b>Element wykonano ze stali spr\u0119\u017cynowej, co zwi\u0119ksza jego odporno\u015b\u0107 na zginanie, p\u0119kanie i usterki wywo\u0142ane zm\u0119czeniem materia\u0142u<\/b><span style=\"font-weight: 400;\">.\u00a0<\/span><\/p>\n<p style=\"text-align: justify;\">\n<p><span style=\"font-weight: 400;\">Z\u0105b kultywatora wykorzystywany jest w procesie przygotowywania ziemi do dalszych prac agrarnych, w tym m.in. wysiewu. <\/span><b>Zadaniem tej cz\u0119\u015bci jest mieszanie gleby oraz usuwanie z niej pozosta\u0142o\u015bci ro\u015blinnych w postaci roz\u0142og\u00f3w chwast\u00f3w. <\/b>To niezwykle wa\u017cne w kontek\u015bcie zapewniania sobie lepszych wynik\u00f3w produkcyjnych.<\/p>\n<p style=\"text-align: justify;\">\n<p><span style=\"font-weight: 400;\">Zale\u017cy Ci na efektywnej i jako\u015bciowej pracy w polu z u\u017cyciem kultywatora? <\/span><b>Kup oferowany przez nas z\u0105b spr\u0119\u017cynowy kultywatora z redliczk\u0105 o wymiarach 40&#215;10 do maszyny Bagra<\/b><span style=\"font-weight: 400;\">. Dbamy o to, aby w Twoje r\u0119ce trafi\u0142 produkt spe\u0142niaj\u0105cy najwy\u017csze standardy rynkowe.\u00a0<\/span><\/p>\n<p style=\"text-align: justify;\">\n<p><b>Zastosowanie<\/b><span style=\"font-weight: 400;\">:<\/span><\/p>\n<p style=\"text-align: justify;\">\n<p><span style=\"font-weight: 400;\">kultywator<\/span><\/p>\n<p style=\"text-align: justify;\">\n<p><b>Numer katalogowy<\/b><span style=\"font-weight: 400;\">:<\/span><\/p>\n<p style=\"text-align: justify;\">\n<p style=\"text-align: justify;\"><span style=\"font-weight: 400;\">1410\/01-001\/0<\/span><\/p>\n","protected":false},"excerpt":{"rendered":"<p style=\"text-align: justify;\">Z\u0105b spr\u0119\u017cynowy kultywatora<\/p>\n","protected":false},"featured_media":21621,"comment_status":"open","ping_status":"closed","template":"","meta":{"_acf_changed":false,"inline_featured_image":false},"product_brand":[],"product_cat":[768,769],"product_tag":[],"class_list":{"0":"post-21656","1":"product","2":"type-product","3":"status-publish","4":"has-post-thumbnail","6":"product_cat-czesci-do-kultywatora","7":"product_cat-zeby-do-kultywatora","9":"first","10":"instock","11":"taxable","12":"shipping-taxable","13":"purchasable","14":"product-type-simple"},"acf":[],"yoast_head":"<!-- This site is optimized with the Yoast SEO plugin v27.2 - https:\/\/yoast.com\/product\/yoast-seo-wordpress\/ -->\n<title>Z\u0105b kultywatora 40x10 Bagra - Exparto.pl<\/title>\n<meta name=\"robots\" content=\"index, follow, max-snippet:-1, max-image-preview:large, max-video-preview:-1\" \/>\n<link rel=\"canonical\" href=\"https:\/\/exparto.pl\/en\/produkt\/zab-kultywatora-40x10-bagra\/\" \/>\n<meta property=\"og:locale\" content=\"en_US\" \/>\n<meta property=\"og:type\" content=\"article\" \/>\n<meta property=\"og:title\" content=\"Z\u0105b kultywatora 40x10 Bagra - Exparto.pl\" \/>\n<meta property=\"og:description\" content=\"Z\u0105b spr\u0119\u017cynowy kultywatora\" \/>\n<meta property=\"og:url\" content=\"https:\/\/exparto.pl\/en\/produkt\/zab-kultywatora-40x10-bagra\/\" \/>\n<meta property=\"og:site_name\" content=\"Exparto.pl\" \/>\n<meta property=\"article:publisher\" content=\"https:\/\/www.facebook.com\/exparto.agro\/\" \/>\n<meta property=\"article:modified_time\" content=\"2026-04-02T10:01:17+00:00\" \/>\n<meta property=\"og:image\" content=\"https:\/\/exparto.pl\/wp-content\/uploads\/2024\/02\/0461a9cb841d173a27c86e67d2642ec2.jpg\" \/>\n\t<meta property=\"og:image:width\" content=\"1200\" \/>\n\t<meta property=\"og:image:height\" content=\"1200\" \/>\n\t<meta property=\"og:image:type\" content=\"image\/jpeg\" \/>\n<meta name=\"twitter:card\" content=\"summary_large_image\" \/>\n<meta name=\"twitter:label1\" content=\"Est. reading time\" \/>\n\t<meta name=\"twitter:data1\" content=\"2 minutes\" \/>\n<script type=\"application\/ld+json\" class=\"yoast-schema-graph\">{\"@context\":\"https:\/\/schema.org\",\"@graph\":[{\"@type\":\"WebPage\",\"@id\":\"https:\/\/exparto.pl\/en\/produkt\/zab-kultywatora-40x10-bagra\/\",\"url\":\"https:\/\/exparto.pl\/en\/produkt\/zab-kultywatora-40x10-bagra\/\",\"name\":\"Z\u0105b kultywatora 40x10 Bagra - Exparto.pl\",\"isPartOf\":{\"@id\":\"https:\/\/exparto.pl\/en\/#website\"},\"primaryImageOfPage\":{\"@id\":\"https:\/\/exparto.pl\/en\/produkt\/zab-kultywatora-40x10-bagra\/#primaryimage\"},\"image\":{\"@id\":\"https:\/\/exparto.pl\/en\/produkt\/zab-kultywatora-40x10-bagra\/#primaryimage\"},\"thumbnailUrl\":\"https:\/\/exparto.pl\/wp-content\/uploads\/2024\/02\/0461a9cb841d173a27c86e67d2642ec2.jpg\",\"datePublished\":\"2024-02-22T10:37:44+00:00\",\"dateModified\":\"2026-04-02T10:01:17+00:00\",\"breadcrumb\":{\"@id\":\"https:\/\/exparto.pl\/en\/produkt\/zab-kultywatora-40x10-bagra\/#breadcrumb\"},\"inLanguage\":\"en-US\",\"potentialAction\":[{\"@type\":\"ReadAction\",\"target\":[\"https:\/\/exparto.pl\/en\/produkt\/zab-kultywatora-40x10-bagra\/\"]}]},{\"@type\":\"ImageObject\",\"inLanguage\":\"en-US\",\"@id\":\"https:\/\/exparto.pl\/en\/produkt\/zab-kultywatora-40x10-bagra\/#primaryimage\",\"url\":\"https:\/\/exparto.pl\/wp-content\/uploads\/2024\/02\/0461a9cb841d173a27c86e67d2642ec2.jpg\",\"contentUrl\":\"https:\/\/exparto.pl\/wp-content\/uploads\/2024\/02\/0461a9cb841d173a27c86e67d2642ec2.jpg\",\"width\":1200,\"height\":1200},{\"@type\":\"BreadcrumbList\",\"@id\":\"https:\/\/exparto.pl\/en\/produkt\/zab-kultywatora-40x10-bagra\/#breadcrumb\",\"itemListElement\":[{\"@type\":\"ListItem\",\"position\":1,\"name\":\"Homepage\",\"item\":\"https:\/\/exparto.pl\/en\/homepage\/\"},{\"@type\":\"ListItem\",\"position\":2,\"name\":\"Sklep\",\"item\":\"https:\/\/exparto.pl\/sklep\/\"},{\"@type\":\"ListItem\",\"position\":3,\"name\":\"Cultivator parts\",\"item\":\"https:\/\/exparto.pl\/en\/product-category\/cultivator-parts\/\"},{\"@type\":\"ListItem\",\"position\":4,\"name\":\"Z\u0119by kultywatora\",\"item\":\"https:\/\/exparto.pl\/kategoria-produktu\/czesci-do-kultywatora\/zeby-do-kultywatora\/\"},{\"@type\":\"ListItem\",\"position\":5,\"name\":\"Z\u0105b kultywatora 40&#215;10 Bagra\"}]},{\"@type\":\"WebSite\",\"@id\":\"https:\/\/exparto.pl\/en\/#website\",\"url\":\"https:\/\/exparto.pl\/en\/\",\"name\":\"EXPARTO\",\"description\":\"More than agro parts\",\"publisher\":{\"@id\":\"https:\/\/exparto.pl\/en\/#organization\"},\"potentialAction\":[{\"@type\":\"SearchAction\",\"target\":{\"@type\":\"EntryPoint\",\"urlTemplate\":\"https:\/\/exparto.pl\/en\/?s={search_term_string}\"},\"query-input\":{\"@type\":\"PropertyValueSpecification\",\"valueRequired\":true,\"valueName\":\"search_term_string\"}}],\"inLanguage\":\"en-US\"},{\"@type\":\"Organization\",\"@id\":\"https:\/\/exparto.pl\/en\/#organization\",\"name\":\"EXPARTO\",\"url\":\"https:\/\/exparto.pl\/en\/\",\"logo\":{\"@type\":\"ImageObject\",\"inLanguage\":\"en-US\",\"@id\":\"https:\/\/exparto.pl\/en\/#\/schema\/logo\/image\/\",\"url\":\"https:\/\/exparto.pl\/wp-content\/uploads\/2023\/02\/logo-wektor.png\",\"contentUrl\":\"https:\/\/exparto.pl\/wp-content\/uploads\/2023\/02\/logo-wektor.png\",\"width\":1338,\"height\":143,\"caption\":\"EXPARTO\"},\"image\":{\"@id\":\"https:\/\/exparto.pl\/en\/#\/schema\/logo\/image\/\"},\"sameAs\":[\"https:\/\/www.facebook.com\/exparto.agro\/\"]}]}<\/script>\n<!-- \/ Yoast SEO plugin. -->","yoast_head_json":{"title":"Z\u0105b kultywatora 40x10 Bagra - Exparto.pl","robots":{"index":"index","follow":"follow","max-snippet":"max-snippet:-1","max-image-preview":"max-image-preview:large","max-video-preview":"max-video-preview:-1"},"canonical":"https:\/\/exparto.pl\/en\/produkt\/zab-kultywatora-40x10-bagra\/","og_locale":"en_US","og_type":"article","og_title":"Z\u0105b kultywatora 40x10 Bagra - Exparto.pl","og_description":"Z\u0105b spr\u0119\u017cynowy kultywatora","og_url":"https:\/\/exparto.pl\/en\/produkt\/zab-kultywatora-40x10-bagra\/","og_site_name":"Exparto.pl","article_publisher":"https:\/\/www.facebook.com\/exparto.agro\/","article_modified_time":"2026-04-02T10:01:17+00:00","og_image":[{"width":1200,"height":1200,"url":"https:\/\/exparto.pl\/wp-content\/uploads\/2024\/02\/0461a9cb841d173a27c86e67d2642ec2.jpg","type":"image\/jpeg"}],"twitter_card":"summary_large_image","twitter_misc":{"Est. reading time":"2 minutes"},"schema":{"@context":"https:\/\/schema.org","@graph":[{"@type":"WebPage","@id":"https:\/\/exparto.pl\/en\/produkt\/zab-kultywatora-40x10-bagra\/","url":"https:\/\/exparto.pl\/en\/produkt\/zab-kultywatora-40x10-bagra\/","name":"Z\u0105b kultywatora 40x10 Bagra - Exparto.pl","isPartOf":{"@id":"https:\/\/exparto.pl\/en\/#website"},"primaryImageOfPage":{"@id":"https:\/\/exparto.pl\/en\/produkt\/zab-kultywatora-40x10-bagra\/#primaryimage"},"image":{"@id":"https:\/\/exparto.pl\/en\/produkt\/zab-kultywatora-40x10-bagra\/#primaryimage"},"thumbnailUrl":"https:\/\/exparto.pl\/wp-content\/uploads\/2024\/02\/0461a9cb841d173a27c86e67d2642ec2.jpg","datePublished":"2024-02-22T10:37:44+00:00","dateModified":"2026-04-02T10:01:17+00:00","breadcrumb":{"@id":"https:\/\/exparto.pl\/en\/produkt\/zab-kultywatora-40x10-bagra\/#breadcrumb"},"inLanguage":"en-US","potentialAction":[{"@type":"ReadAction","target":["https:\/\/exparto.pl\/en\/produkt\/zab-kultywatora-40x10-bagra\/"]}]},{"@type":"ImageObject","inLanguage":"en-US","@id":"https:\/\/exparto.pl\/en\/produkt\/zab-kultywatora-40x10-bagra\/#primaryimage","url":"https:\/\/exparto.pl\/wp-content\/uploads\/2024\/02\/0461a9cb841d173a27c86e67d2642ec2.jpg","contentUrl":"https:\/\/exparto.pl\/wp-content\/uploads\/2024\/02\/0461a9cb841d173a27c86e67d2642ec2.jpg","width":1200,"height":1200},{"@type":"BreadcrumbList","@id":"https:\/\/exparto.pl\/en\/produkt\/zab-kultywatora-40x10-bagra\/#breadcrumb","itemListElement":[{"@type":"ListItem","position":1,"name":"Homepage","item":"https:\/\/exparto.pl\/en\/homepage\/"},{"@type":"ListItem","position":2,"name":"Sklep","item":"https:\/\/exparto.pl\/sklep\/"},{"@type":"ListItem","position":3,"name":"Cultivator parts","item":"https:\/\/exparto.pl\/en\/product-category\/cultivator-parts\/"},{"@type":"ListItem","position":4,"name":"Z\u0119by kultywatora","item":"https:\/\/exparto.pl\/kategoria-produktu\/czesci-do-kultywatora\/zeby-do-kultywatora\/"},{"@type":"ListItem","position":5,"name":"Z\u0105b kultywatora 40&#215;10 Bagra"}]},{"@type":"WebSite","@id":"https:\/\/exparto.pl\/en\/#website","url":"https:\/\/exparto.pl\/en\/","name":"EXPARTO","description":"More than agro parts","publisher":{"@id":"https:\/\/exparto.pl\/en\/#organization"},"potentialAction":[{"@type":"SearchAction","target":{"@type":"EntryPoint","urlTemplate":"https:\/\/exparto.pl\/en\/?s={search_term_string}"},"query-input":{"@type":"PropertyValueSpecification","valueRequired":true,"valueName":"search_term_string"}}],"inLanguage":"en-US"},{"@type":"Organization","@id":"https:\/\/exparto.pl\/en\/#organization","name":"EXPARTO","url":"https:\/\/exparto.pl\/en\/","logo":{"@type":"ImageObject","inLanguage":"en-US","@id":"https:\/\/exparto.pl\/en\/#\/schema\/logo\/image\/","url":"https:\/\/exparto.pl\/wp-content\/uploads\/2023\/02\/logo-wektor.png","contentUrl":"https:\/\/exparto.pl\/wp-content\/uploads\/2023\/02\/logo-wektor.png","width":1338,"height":143,"caption":"EXPARTO"},"image":{"@id":"https:\/\/exparto.pl\/en\/#\/schema\/logo\/image\/"},"sameAs":["https:\/\/www.facebook.com\/exparto.agro\/"]}]}},"_links":{"self":[{"href":"https:\/\/exparto.pl\/en\/wp-json\/wp\/v2\/product\/21656","targetHints":{"allow":["GET"]}}],"collection":[{"href":"https:\/\/exparto.pl\/en\/wp-json\/wp\/v2\/product"}],"about":[{"href":"https:\/\/exparto.pl\/en\/wp-json\/wp\/v2\/types\/product"}],"replies":[{"embeddable":true,"href":"https:\/\/exparto.pl\/en\/wp-json\/wp\/v2\/comments?post=21656"}],"wp:featuredmedia":[{"embeddable":true,"href":"https:\/\/exparto.pl\/en\/wp-json\/wp\/v2\/media\/21621"}],"wp:attachment":[{"href":"https:\/\/exparto.pl\/en\/wp-json\/wp\/v2\/media?parent=21656"}],"wp:term":[{"taxonomy":"product_brand","embeddable":true,"href":"https:\/\/exparto.pl\/en\/wp-json\/wp\/v2\/product_brand?post=21656"},{"taxonomy":"product_cat","embeddable":true,"href":"https:\/\/exparto.pl\/en\/wp-json\/wp\/v2\/product_cat?post=21656"},{"taxonomy":"product_tag","embeddable":true,"href":"https:\/\/exparto.pl\/en\/wp-json\/wp\/v2\/product_tag?post=21656"}],"curies":[{"name":"wp","href":"https:\/\/api.w.org\/{rel}","templated":true}]}}