{"id":22403,"date":"2024-03-13T19:52:05","date_gmt":"2024-03-13T18:52:05","guid":{"rendered":"https:\/\/exparto.pl\/produkt\/redlica-sercowa-3-otworowa-agregat-scierniskowy\/"},"modified":"2026-04-02T18:00:08","modified_gmt":"2026-04-02T16:00:08","slug":"redlica-sercowa-3-otworowa-agregat-scierniskowy","status":"publish","type":"product","link":"https:\/\/exparto.pl\/en\/produkt\/redlica-sercowa-3-otworowa-agregat-scierniskowy\/","title":{"rendered":"Redlica sercowa 3-otworowa agregat \u015bcierniskowy"},"content":{"rendered":"<p><p style=\"text-align: justify;\"><span style=\"color: var(--gray-800);\">Redlica sercowa 3 otworowa wykonana z wysokiej jako\u015bci stali odpornej na \u015bcieranie.<\/span><\/p>\n<p><b>Zastosowanie<\/b><span style=\"font-weight: 400;\">:<\/span><\/p>\n<ul>\n<li style=\"font-weight: 400;\" aria-level=\"1\"><span style=\"font-weight: 400;\">agregat \u015bcierniskowy: RAU, FROST, FARMET 3000137, FRANK 92994, VOGEL &amp; NOOT, MANDAM, UNIA GRUDZI\u0104DZ, ROLMAKO, TOLMET<\/span><\/li>\n<li style=\"font-weight: 400;\" aria-level=\"1\"><span style=\"font-weight: 400;\">agregat podorywkowy<\/span><\/li>\n<li style=\"font-weight: 400;\" aria-level=\"1\"><span style=\"font-weight: 400;\">grubery<\/span><\/li>\n<\/ul>\n<p><b>Numer katalogowy<\/b><span style=\"font-weight: 400;\">:<\/span><\/p>\n<ul>\n<li style=\"font-weight: 400;\" aria-level=\"1\"><span style=\"font-weight: 400;\">800059<\/span><\/li>\n<\/ul>\n<p><span style=\"font-weight: 400;\">Zale\u017cy Ci na wydajnej pracy w polu? Koniecznie zainwestuj w wysokiej jako\u015bci cz\u0119\u015bci do swoich maszyn rolniczych. <\/span><b>W sklepie EXPARTO przygotowali\u015bmy dla Ciebie redlic\u0119 sercow\u0105 trzyotworow\u0105<\/b><span style=\"font-weight: 400;\">. To uniwersalny element, kt\u00f3ry pasuje do r\u00f3\u017cnego rodzaju agregat\u00f3w, kultywator\u00f3w i gruber\u00f3w. Zach\u0119camy do zapoznania si\u0119 z parametrami technicznymi naszej redlicy trzyotworowej.<\/span><\/p>\n<h2><span style=\"font-weight: 400;\">Redlica sercowa trzyotworowa do grubera, kultywatora, agregatu \u2013 RAU, FROST, FARMET 3000137, FRANK 92994, VOGEL &amp; NOOT, MANDAM, UNIA GRUDZI\u0104DZ, ROLMAKO, TOLMET<\/span><\/h2>\n<p><span style=\"font-weight: 400;\">Od lat w polskich gospodarstwach z powodzeniem wykorzystywane s\u0105 takie maszyny jak m.in.: kultywatory, grubery i agregaty. Co je \u0142\u0105czy? <\/span><b>Wszystkie przeznaczone s\u0105 do wykonywania prac polowych w celu przygotowania pod\u0142o\u017ca pod kolejny wysiew<\/b><span style=\"font-weight: 400;\">. W urz\u0105dzeniach tych znajduj\u0105 si\u0119 cz\u0119\u015bci robocze, kt\u00f3re poddaj\u0105 si\u0119 stopniowej degradacji. Nale\u017cy do nich redlica agregatu, kt\u00f3ra jak ka\u017cdy element mo\u017ce z czasem wymaga\u0107 wymiany.\u00a0<\/span><\/p>\n<p><span style=\"font-weight: 400;\">W naszej ofercie przygotowali\u015bmy wysokiej jako\u015bci redlic\u0119 do grubera, agregatu lub kultywatora. <\/span><b>Cz\u0119\u015b\u0107 ta d\u0142ugo zachowuje swoje w\u0142a\u015bciwo\u015bci, dzi\u0119ki czemu ogranicza si\u0119 cz\u0119stotliwo\u015b\u0107 jej wymiany<\/b><span style=\"font-weight: 400;\">. Nasza redlica kultywatora powstaje ze wzmocnionej stali. <\/span><b>W ten spos\u00f3b zyskuje wi\u0119ksz\u0105 odporno\u015b\u0107 na \u015bcieranie i uszkodzenia mechaniczne<\/b><span style=\"font-weight: 400;\">. Produkt d\u0142ugo zachowuje sw\u00f3j potencja\u0142 u\u017cytkowy, nie nadwyr\u0119\u017ca bud\u017cetu i u\u0142atwia kompleksowe przeprowadzenie prac agrarnych w trakcie sezonu.<\/span><\/p>\n<p><span style=\"font-weight: 400;\">Oferowana w EXPARTO redlica pasuje do maszyn wielu producent\u00f3w. <\/span><b>Zach\u0119camy do jej zakupu w naszym sklepie internetowym EXPARTO<\/b><span style=\"font-weight: 400;\">. <\/span><\/p>\n","protected":false},"excerpt":{"rendered":"<p style=\"text-align: justify\">Redlica sercowa 3-otworwa<\/p>\n","protected":false},"featured_media":22388,"comment_status":"open","ping_status":"closed","template":"","meta":{"_acf_changed":false,"inline_featured_image":false},"product_brand":[],"product_cat":[773],"product_tag":[],"class_list":{"0":"post-22403","1":"product","2":"type-product","3":"status-publish","4":"has-post-thumbnail","6":"product_cat-czesci-do-agregatu-scierniskowego","8":"first","9":"instock","10":"taxable","11":"shipping-taxable","12":"purchasable","13":"product-type-simple"},"acf":[],"yoast_head":"<!-- This site is optimized with the Yoast SEO plugin v27.3 - https:\/\/yoast.com\/product\/yoast-seo-wordpress\/ -->\n<title>Redlica sercowa 3-otworowa agregat \u015bcierniskowy - Exparto.pl<\/title>\n<meta name=\"robots\" content=\"index, follow, max-snippet:-1, max-image-preview:large, max-video-preview:-1\" \/>\n<link rel=\"canonical\" href=\"https:\/\/exparto.pl\/en\/produkt\/redlica-sercowa-3-otworowa-agregat-scierniskowy\/\" \/>\n<meta property=\"og:locale\" content=\"en_US\" \/>\n<meta property=\"og:type\" content=\"article\" \/>\n<meta property=\"og:title\" content=\"Redlica sercowa 3-otworowa agregat \u015bcierniskowy - Exparto.pl\" \/>\n<meta property=\"og:description\" content=\"Redlica sercowa 3-otworwa\" \/>\n<meta property=\"og:url\" content=\"https:\/\/exparto.pl\/en\/produkt\/redlica-sercowa-3-otworowa-agregat-scierniskowy\/\" \/>\n<meta property=\"og:site_name\" content=\"Exparto.pl\" \/>\n<meta property=\"article:publisher\" content=\"https:\/\/www.facebook.com\/exparto.agro\/\" \/>\n<meta property=\"article:modified_time\" content=\"2026-04-02T16:00:08+00:00\" \/>\n<meta property=\"og:image\" content=\"https:\/\/exparto.pl\/wp-content\/uploads\/2024\/03\/0589b1da7cdb01b8d5d82b125a12b43b.jpg\" \/>\n\t<meta property=\"og:image:width\" content=\"1200\" \/>\n\t<meta property=\"og:image:height\" content=\"1200\" \/>\n\t<meta property=\"og:image:type\" content=\"image\/jpeg\" \/>\n<meta name=\"twitter:card\" content=\"summary_large_image\" \/>\n<meta name=\"twitter:label1\" content=\"Est. reading time\" \/>\n\t<meta name=\"twitter:data1\" content=\"2 minutes\" \/>\n<script type=\"application\/ld+json\" class=\"yoast-schema-graph\">{\"@context\":\"https:\\\/\\\/schema.org\",\"@graph\":[{\"@type\":\"WebPage\",\"@id\":\"https:\\\/\\\/exparto.pl\\\/en\\\/produkt\\\/redlica-sercowa-3-otworowa-agregat-scierniskowy\\\/\",\"url\":\"https:\\\/\\\/exparto.pl\\\/en\\\/produkt\\\/redlica-sercowa-3-otworowa-agregat-scierniskowy\\\/\",\"name\":\"Redlica sercowa 3-otworowa agregat \u015bcierniskowy - Exparto.pl\",\"isPartOf\":{\"@id\":\"https:\\\/\\\/exparto.pl\\\/en\\\/#website\"},\"primaryImageOfPage\":{\"@id\":\"https:\\\/\\\/exparto.pl\\\/en\\\/produkt\\\/redlica-sercowa-3-otworowa-agregat-scierniskowy\\\/#primaryimage\"},\"image\":{\"@id\":\"https:\\\/\\\/exparto.pl\\\/en\\\/produkt\\\/redlica-sercowa-3-otworowa-agregat-scierniskowy\\\/#primaryimage\"},\"thumbnailUrl\":\"https:\\\/\\\/exparto.pl\\\/wp-content\\\/uploads\\\/2024\\\/03\\\/0589b1da7cdb01b8d5d82b125a12b43b.jpg\",\"datePublished\":\"2024-03-13T18:52:05+00:00\",\"dateModified\":\"2026-04-02T16:00:08+00:00\",\"breadcrumb\":{\"@id\":\"https:\\\/\\\/exparto.pl\\\/en\\\/produkt\\\/redlica-sercowa-3-otworowa-agregat-scierniskowy\\\/#breadcrumb\"},\"inLanguage\":\"en-US\",\"potentialAction\":[{\"@type\":\"ReadAction\",\"target\":[\"https:\\\/\\\/exparto.pl\\\/en\\\/produkt\\\/redlica-sercowa-3-otworowa-agregat-scierniskowy\\\/\"]}]},{\"@type\":\"ImageObject\",\"inLanguage\":\"en-US\",\"@id\":\"https:\\\/\\\/exparto.pl\\\/en\\\/produkt\\\/redlica-sercowa-3-otworowa-agregat-scierniskowy\\\/#primaryimage\",\"url\":\"https:\\\/\\\/exparto.pl\\\/wp-content\\\/uploads\\\/2024\\\/03\\\/0589b1da7cdb01b8d5d82b125a12b43b.jpg\",\"contentUrl\":\"https:\\\/\\\/exparto.pl\\\/wp-content\\\/uploads\\\/2024\\\/03\\\/0589b1da7cdb01b8d5d82b125a12b43b.jpg\",\"width\":1200,\"height\":1200},{\"@type\":\"BreadcrumbList\",\"@id\":\"https:\\\/\\\/exparto.pl\\\/en\\\/produkt\\\/redlica-sercowa-3-otworowa-agregat-scierniskowy\\\/#breadcrumb\",\"itemListElement\":[{\"@type\":\"ListItem\",\"position\":1,\"name\":\"Homepage\",\"item\":\"https:\\\/\\\/exparto.pl\\\/en\\\/homepage\\\/\"},{\"@type\":\"ListItem\",\"position\":2,\"name\":\"Sklep\",\"item\":\"https:\\\/\\\/exparto.pl\\\/sklep\\\/\"},{\"@type\":\"ListItem\",\"position\":3,\"name\":\"Cz\u0119\u015bci do agregatu \u015bcierniskowego\",\"item\":\"https:\\\/\\\/exparto.pl\\\/kategoria-produktu\\\/czesci-do-agregatu-scierniskowego\\\/\"},{\"@type\":\"ListItem\",\"position\":4,\"name\":\"Redlica sercowa 3-otworowa agregat \u015bcierniskowy\"}]},{\"@type\":\"WebSite\",\"@id\":\"https:\\\/\\\/exparto.pl\\\/en\\\/#website\",\"url\":\"https:\\\/\\\/exparto.pl\\\/en\\\/\",\"name\":\"EXPARTO\",\"description\":\"More than agro parts\",\"publisher\":{\"@id\":\"https:\\\/\\\/exparto.pl\\\/en\\\/#organization\"},\"potentialAction\":[{\"@type\":\"SearchAction\",\"target\":{\"@type\":\"EntryPoint\",\"urlTemplate\":\"https:\\\/\\\/exparto.pl\\\/en\\\/?s={search_term_string}\"},\"query-input\":{\"@type\":\"PropertyValueSpecification\",\"valueRequired\":true,\"valueName\":\"search_term_string\"}}],\"inLanguage\":\"en-US\"},{\"@type\":\"Organization\",\"@id\":\"https:\\\/\\\/exparto.pl\\\/en\\\/#organization\",\"name\":\"EXPARTO\",\"url\":\"https:\\\/\\\/exparto.pl\\\/en\\\/\",\"logo\":{\"@type\":\"ImageObject\",\"inLanguage\":\"en-US\",\"@id\":\"https:\\\/\\\/exparto.pl\\\/en\\\/#\\\/schema\\\/logo\\\/image\\\/\",\"url\":\"https:\\\/\\\/exparto.pl\\\/wp-content\\\/uploads\\\/2023\\\/02\\\/logo-wektor.png\",\"contentUrl\":\"https:\\\/\\\/exparto.pl\\\/wp-content\\\/uploads\\\/2023\\\/02\\\/logo-wektor.png\",\"width\":1338,\"height\":143,\"caption\":\"EXPARTO\"},\"image\":{\"@id\":\"https:\\\/\\\/exparto.pl\\\/en\\\/#\\\/schema\\\/logo\\\/image\\\/\"},\"sameAs\":[\"https:\\\/\\\/www.facebook.com\\\/exparto.agro\\\/\"]}]}<\/script>\n<!-- \/ Yoast SEO plugin. -->","yoast_head_json":{"title":"Redlica sercowa 3-otworowa agregat \u015bcierniskowy - Exparto.pl","robots":{"index":"index","follow":"follow","max-snippet":"max-snippet:-1","max-image-preview":"max-image-preview:large","max-video-preview":"max-video-preview:-1"},"canonical":"https:\/\/exparto.pl\/en\/produkt\/redlica-sercowa-3-otworowa-agregat-scierniskowy\/","og_locale":"en_US","og_type":"article","og_title":"Redlica sercowa 3-otworowa agregat \u015bcierniskowy - Exparto.pl","og_description":"Redlica sercowa 3-otworwa","og_url":"https:\/\/exparto.pl\/en\/produkt\/redlica-sercowa-3-otworowa-agregat-scierniskowy\/","og_site_name":"Exparto.pl","article_publisher":"https:\/\/www.facebook.com\/exparto.agro\/","article_modified_time":"2026-04-02T16:00:08+00:00","og_image":[{"width":1200,"height":1200,"url":"https:\/\/exparto.pl\/wp-content\/uploads\/2024\/03\/0589b1da7cdb01b8d5d82b125a12b43b.jpg","type":"image\/jpeg"}],"twitter_card":"summary_large_image","twitter_misc":{"Est. reading time":"2 minutes"},"schema":{"@context":"https:\/\/schema.org","@graph":[{"@type":"WebPage","@id":"https:\/\/exparto.pl\/en\/produkt\/redlica-sercowa-3-otworowa-agregat-scierniskowy\/","url":"https:\/\/exparto.pl\/en\/produkt\/redlica-sercowa-3-otworowa-agregat-scierniskowy\/","name":"Redlica sercowa 3-otworowa agregat \u015bcierniskowy - Exparto.pl","isPartOf":{"@id":"https:\/\/exparto.pl\/en\/#website"},"primaryImageOfPage":{"@id":"https:\/\/exparto.pl\/en\/produkt\/redlica-sercowa-3-otworowa-agregat-scierniskowy\/#primaryimage"},"image":{"@id":"https:\/\/exparto.pl\/en\/produkt\/redlica-sercowa-3-otworowa-agregat-scierniskowy\/#primaryimage"},"thumbnailUrl":"https:\/\/exparto.pl\/wp-content\/uploads\/2024\/03\/0589b1da7cdb01b8d5d82b125a12b43b.jpg","datePublished":"2024-03-13T18:52:05+00:00","dateModified":"2026-04-02T16:00:08+00:00","breadcrumb":{"@id":"https:\/\/exparto.pl\/en\/produkt\/redlica-sercowa-3-otworowa-agregat-scierniskowy\/#breadcrumb"},"inLanguage":"en-US","potentialAction":[{"@type":"ReadAction","target":["https:\/\/exparto.pl\/en\/produkt\/redlica-sercowa-3-otworowa-agregat-scierniskowy\/"]}]},{"@type":"ImageObject","inLanguage":"en-US","@id":"https:\/\/exparto.pl\/en\/produkt\/redlica-sercowa-3-otworowa-agregat-scierniskowy\/#primaryimage","url":"https:\/\/exparto.pl\/wp-content\/uploads\/2024\/03\/0589b1da7cdb01b8d5d82b125a12b43b.jpg","contentUrl":"https:\/\/exparto.pl\/wp-content\/uploads\/2024\/03\/0589b1da7cdb01b8d5d82b125a12b43b.jpg","width":1200,"height":1200},{"@type":"BreadcrumbList","@id":"https:\/\/exparto.pl\/en\/produkt\/redlica-sercowa-3-otworowa-agregat-scierniskowy\/#breadcrumb","itemListElement":[{"@type":"ListItem","position":1,"name":"Homepage","item":"https:\/\/exparto.pl\/en\/homepage\/"},{"@type":"ListItem","position":2,"name":"Sklep","item":"https:\/\/exparto.pl\/sklep\/"},{"@type":"ListItem","position":3,"name":"Cz\u0119\u015bci do agregatu \u015bcierniskowego","item":"https:\/\/exparto.pl\/kategoria-produktu\/czesci-do-agregatu-scierniskowego\/"},{"@type":"ListItem","position":4,"name":"Redlica sercowa 3-otworowa agregat \u015bcierniskowy"}]},{"@type":"WebSite","@id":"https:\/\/exparto.pl\/en\/#website","url":"https:\/\/exparto.pl\/en\/","name":"EXPARTO","description":"More than agro parts","publisher":{"@id":"https:\/\/exparto.pl\/en\/#organization"},"potentialAction":[{"@type":"SearchAction","target":{"@type":"EntryPoint","urlTemplate":"https:\/\/exparto.pl\/en\/?s={search_term_string}"},"query-input":{"@type":"PropertyValueSpecification","valueRequired":true,"valueName":"search_term_string"}}],"inLanguage":"en-US"},{"@type":"Organization","@id":"https:\/\/exparto.pl\/en\/#organization","name":"EXPARTO","url":"https:\/\/exparto.pl\/en\/","logo":{"@type":"ImageObject","inLanguage":"en-US","@id":"https:\/\/exparto.pl\/en\/#\/schema\/logo\/image\/","url":"https:\/\/exparto.pl\/wp-content\/uploads\/2023\/02\/logo-wektor.png","contentUrl":"https:\/\/exparto.pl\/wp-content\/uploads\/2023\/02\/logo-wektor.png","width":1338,"height":143,"caption":"EXPARTO"},"image":{"@id":"https:\/\/exparto.pl\/en\/#\/schema\/logo\/image\/"},"sameAs":["https:\/\/www.facebook.com\/exparto.agro\/"]}]}},"_links":{"self":[{"href":"https:\/\/exparto.pl\/en\/wp-json\/wp\/v2\/product\/22403","targetHints":{"allow":["GET"]}}],"collection":[{"href":"https:\/\/exparto.pl\/en\/wp-json\/wp\/v2\/product"}],"about":[{"href":"https:\/\/exparto.pl\/en\/wp-json\/wp\/v2\/types\/product"}],"replies":[{"embeddable":true,"href":"https:\/\/exparto.pl\/en\/wp-json\/wp\/v2\/comments?post=22403"}],"wp:featuredmedia":[{"embeddable":true,"href":"https:\/\/exparto.pl\/en\/wp-json\/wp\/v2\/media\/22388"}],"wp:attachment":[{"href":"https:\/\/exparto.pl\/en\/wp-json\/wp\/v2\/media?parent=22403"}],"wp:term":[{"taxonomy":"product_brand","embeddable":true,"href":"https:\/\/exparto.pl\/en\/wp-json\/wp\/v2\/product_brand?post=22403"},{"taxonomy":"product_cat","embeddable":true,"href":"https:\/\/exparto.pl\/en\/wp-json\/wp\/v2\/product_cat?post=22403"},{"taxonomy":"product_tag","embeddable":true,"href":"https:\/\/exparto.pl\/en\/wp-json\/wp\/v2\/product_tag?post=22403"}],"curies":[{"name":"wp","href":"https:\/\/api.w.org\/{rel}","templated":true}]}}