{"id":22516,"date":"2024-03-13T19:59:22","date_gmt":"2024-03-13T18:59:22","guid":{"rendered":"https:\/\/exparto.pl\/produkt\/odkladnica-srodkowa-delta-flex\/"},"modified":"2026-01-21T12:33:17","modified_gmt":"2026-01-21T11:33:17","slug":"odkladnica-srodkowa-delta-flex","status":"publish","type":"product","link":"https:\/\/exparto.pl\/en\/produkt\/odkladnica-srodkowa-delta-flex\/","title":{"rendered":"Odk\u0142adnica \u015brodkowa Delta Flex"},"content":{"rendered":"<p><p style=\"text-align: justify;\">Odk\u0142adnica \u015brodkowa wykonane ze stali odpornej na \u015bcieranie, walcowanej, powierzchniowo hartowanej.<\/p>\n<p><b>Zastosowanie<\/b><span style=\"font-weight: 400;\">:<\/span><\/p>\n<ul>\n<li style=\"font-weight: 400;\" aria-level=\"1\"><span style=\"font-weight: 400;\">agregaty podorywkowe i \u015bcierniskowe z systemem Kongskilde Delta Flex<\/span><\/li>\n<\/ul>\n<p><b>Numer katalogowy<\/b><span style=\"font-weight: 400;\">:<\/span><\/p>\n<ul>\n<li style=\"font-weight: 400;\" aria-level=\"1\"><span style=\"font-weight: 400;\">101003121<\/span><\/li>\n<\/ul>\n<p><span style=\"font-weight: 400;\">W EXPARTO oferujemy Ci wysokiej jako\u015bci <\/span><b>odk\u0142adnic\u0119 \u015brodkow\u0105, kt\u00f3ra przeznaczona jest do stosowania w agregatach podorywkowych i \u015bcierniskowych z systemem Kongskilde Delta Flex<\/b><span style=\"font-weight: 400;\">. Cz\u0119\u015b\u0107 ta bierze udzia\u0142 w procesie odwracania gleby i podawania jej z powrotem na pole. Zapraszamy do zapoznania si\u0119 z jej w\u0142a\u015bciwo\u015bciami oraz do zakupu w EXPARTO.<\/span><\/p>\n<h2><span style=\"font-weight: 400;\">Odk\u0142adnica \u015brodkowa agregatu podorywkowego \u2013 Kongskilde Delta Flex<\/span><\/h2>\n<p><span style=\"font-weight: 400;\">Na co dzie\u0144 w gospodarstwie korzystasz z maszyn z systemem Kongskilde Delta Flex? W naszym sklepie oferujemy wysokiej jako\u015bci odk\u0142adnic\u0119 \u015brodkow\u0105 agregatu podorywkowego lub \u015bcierniskowego. To jeden z kluczowych element\u00f3w konstrukcji maszyny. <\/span><b>Odk\u0142adnica odpowiada za odwracania i rozdrabnianie skiby ziemi, kt\u00f3ra jest odcinana i podawana przez lemiesz<\/b><span style=\"font-weight: 400;\">. Od jako\u015bci odk\u0142adnicy zale\u017c\u0105 efektywno\u015b\u0107 i bezpiecze\u0144stwo prac w polu.\u00a0<\/span><\/p>\n<p><p style=\"text-align: justify;\"><span style=\"font-weight: 400;\">Dbaj\u0105c o potrzeby naszych klient\u00f3w, oferujemy tylko wysokiej jako\u015bci cz\u0119\u015bci do maszyn rolniczych. <\/span><b>Dost\u0119pna tu odk\u0142adnica \u015brodkowa powstaje ze stali walcowanej i powierzchniowo hartowanej, kt\u00f3ra wykazuje wysok\u0105 odporno\u015b\u0107 na \u015bcieranie i uszkodzenia mechaniczne<\/b><span style=\"font-weight: 400;\">. Dzi\u0119ki temu d\u0142u\u017cej zachowuje swoje podstawowe w\u0142a\u015bciwo\u015bci i doskonale sprawdza si\u0119 w codziennej pracy. <\/span><b>To wyb\u00f3r \u015bwiadomych rolnik\u00f3w, kt\u00f3rym zale\u017cy na zoptymalizowaniu koszt\u00f3w prowadzenia gospodarstwa<\/b><span style=\"font-weight: 400;\">. Chcesz to osi\u0105gn\u0105\u0107? Skorzystaj z oferty przygotowanej przez naszych ekspert\u00f3w i zainwestuj w odk\u0142adnic\u0119 \u015brodkow\u0105 agregat\u00f3w z systemem Kongskilde Delta Flex.<\/span><\/p>\n","protected":false},"excerpt":{"rendered":"<p style=\"text-align: justify\">Odk\u0142adnica \u015brodkowa<\/p>\n","protected":false},"featured_media":22501,"comment_status":"open","ping_status":"closed","template":"","meta":{"_acf_changed":false,"inline_featured_image":false},"product_brand":[],"product_cat":[773],"product_tag":[],"class_list":{"0":"post-22516","1":"product","2":"type-product","3":"status-publish","4":"has-post-thumbnail","6":"product_cat-czesci-do-agregatu-scierniskowego","8":"first","9":"instock","10":"taxable","11":"shipping-taxable","12":"purchasable","13":"product-type-simple"},"acf":[],"yoast_head":"<!-- This site is optimized with the Yoast SEO plugin v27.3 - https:\/\/yoast.com\/product\/yoast-seo-wordpress\/ -->\n<title>Odk\u0142adnica \u015brodkowa Delta Flex - Exparto.pl<\/title>\n<meta name=\"robots\" content=\"index, follow, max-snippet:-1, max-image-preview:large, max-video-preview:-1\" \/>\n<link rel=\"canonical\" href=\"https:\/\/exparto.pl\/en\/produkt\/odkladnica-srodkowa-delta-flex\/\" \/>\n<meta property=\"og:locale\" content=\"en_US\" \/>\n<meta property=\"og:type\" content=\"article\" \/>\n<meta property=\"og:title\" content=\"Odk\u0142adnica \u015brodkowa Delta Flex - Exparto.pl\" \/>\n<meta property=\"og:description\" content=\"Odk\u0142adnica \u015brodkowa\" \/>\n<meta property=\"og:url\" content=\"https:\/\/exparto.pl\/en\/produkt\/odkladnica-srodkowa-delta-flex\/\" \/>\n<meta property=\"og:site_name\" content=\"Exparto.pl\" \/>\n<meta property=\"article:publisher\" content=\"https:\/\/www.facebook.com\/exparto.agro\/\" \/>\n<meta property=\"article:modified_time\" content=\"2026-01-21T11:33:17+00:00\" \/>\n<meta property=\"og:image\" content=\"https:\/\/exparto.pl\/wp-content\/uploads\/2024\/03\/66fd965e63702e6a54e590f78c807a7f.jpg\" \/>\n\t<meta property=\"og:image:width\" content=\"1200\" \/>\n\t<meta property=\"og:image:height\" content=\"1200\" \/>\n\t<meta property=\"og:image:type\" content=\"image\/jpeg\" \/>\n<meta name=\"twitter:card\" content=\"summary_large_image\" \/>\n<meta name=\"twitter:label1\" content=\"Est. reading time\" \/>\n\t<meta name=\"twitter:data1\" content=\"2 minutes\" \/>\n<script type=\"application\/ld+json\" class=\"yoast-schema-graph\">{\"@context\":\"https:\\\/\\\/schema.org\",\"@graph\":[{\"@type\":\"WebPage\",\"@id\":\"https:\\\/\\\/exparto.pl\\\/en\\\/produkt\\\/odkladnica-srodkowa-delta-flex\\\/\",\"url\":\"https:\\\/\\\/exparto.pl\\\/en\\\/produkt\\\/odkladnica-srodkowa-delta-flex\\\/\",\"name\":\"Odk\u0142adnica \u015brodkowa Delta Flex - Exparto.pl\",\"isPartOf\":{\"@id\":\"https:\\\/\\\/exparto.pl\\\/en\\\/#website\"},\"primaryImageOfPage\":{\"@id\":\"https:\\\/\\\/exparto.pl\\\/en\\\/produkt\\\/odkladnica-srodkowa-delta-flex\\\/#primaryimage\"},\"image\":{\"@id\":\"https:\\\/\\\/exparto.pl\\\/en\\\/produkt\\\/odkladnica-srodkowa-delta-flex\\\/#primaryimage\"},\"thumbnailUrl\":\"https:\\\/\\\/exparto.pl\\\/wp-content\\\/uploads\\\/2024\\\/03\\\/66fd965e63702e6a54e590f78c807a7f.jpg\",\"datePublished\":\"2024-03-13T18:59:22+00:00\",\"dateModified\":\"2026-01-21T11:33:17+00:00\",\"breadcrumb\":{\"@id\":\"https:\\\/\\\/exparto.pl\\\/en\\\/produkt\\\/odkladnica-srodkowa-delta-flex\\\/#breadcrumb\"},\"inLanguage\":\"en-US\",\"potentialAction\":[{\"@type\":\"ReadAction\",\"target\":[\"https:\\\/\\\/exparto.pl\\\/en\\\/produkt\\\/odkladnica-srodkowa-delta-flex\\\/\"]}]},{\"@type\":\"ImageObject\",\"inLanguage\":\"en-US\",\"@id\":\"https:\\\/\\\/exparto.pl\\\/en\\\/produkt\\\/odkladnica-srodkowa-delta-flex\\\/#primaryimage\",\"url\":\"https:\\\/\\\/exparto.pl\\\/wp-content\\\/uploads\\\/2024\\\/03\\\/66fd965e63702e6a54e590f78c807a7f.jpg\",\"contentUrl\":\"https:\\\/\\\/exparto.pl\\\/wp-content\\\/uploads\\\/2024\\\/03\\\/66fd965e63702e6a54e590f78c807a7f.jpg\",\"width\":1200,\"height\":1200},{\"@type\":\"BreadcrumbList\",\"@id\":\"https:\\\/\\\/exparto.pl\\\/en\\\/produkt\\\/odkladnica-srodkowa-delta-flex\\\/#breadcrumb\",\"itemListElement\":[{\"@type\":\"ListItem\",\"position\":1,\"name\":\"Homepage\",\"item\":\"https:\\\/\\\/exparto.pl\\\/en\\\/homepage\\\/\"},{\"@type\":\"ListItem\",\"position\":2,\"name\":\"Sklep\",\"item\":\"https:\\\/\\\/exparto.pl\\\/sklep\\\/\"},{\"@type\":\"ListItem\",\"position\":3,\"name\":\"Cz\u0119\u015bci do agregatu \u015bcierniskowego\",\"item\":\"https:\\\/\\\/exparto.pl\\\/kategoria-produktu\\\/czesci-do-agregatu-scierniskowego\\\/\"},{\"@type\":\"ListItem\",\"position\":4,\"name\":\"Odk\u0142adnica \u015brodkowa Delta Flex\"}]},{\"@type\":\"WebSite\",\"@id\":\"https:\\\/\\\/exparto.pl\\\/en\\\/#website\",\"url\":\"https:\\\/\\\/exparto.pl\\\/en\\\/\",\"name\":\"EXPARTO\",\"description\":\"More than agro parts\",\"publisher\":{\"@id\":\"https:\\\/\\\/exparto.pl\\\/en\\\/#organization\"},\"potentialAction\":[{\"@type\":\"SearchAction\",\"target\":{\"@type\":\"EntryPoint\",\"urlTemplate\":\"https:\\\/\\\/exparto.pl\\\/en\\\/?s={search_term_string}\"},\"query-input\":{\"@type\":\"PropertyValueSpecification\",\"valueRequired\":true,\"valueName\":\"search_term_string\"}}],\"inLanguage\":\"en-US\"},{\"@type\":\"Organization\",\"@id\":\"https:\\\/\\\/exparto.pl\\\/en\\\/#organization\",\"name\":\"EXPARTO\",\"url\":\"https:\\\/\\\/exparto.pl\\\/en\\\/\",\"logo\":{\"@type\":\"ImageObject\",\"inLanguage\":\"en-US\",\"@id\":\"https:\\\/\\\/exparto.pl\\\/en\\\/#\\\/schema\\\/logo\\\/image\\\/\",\"url\":\"https:\\\/\\\/exparto.pl\\\/wp-content\\\/uploads\\\/2023\\\/02\\\/logo-wektor.png\",\"contentUrl\":\"https:\\\/\\\/exparto.pl\\\/wp-content\\\/uploads\\\/2023\\\/02\\\/logo-wektor.png\",\"width\":1338,\"height\":143,\"caption\":\"EXPARTO\"},\"image\":{\"@id\":\"https:\\\/\\\/exparto.pl\\\/en\\\/#\\\/schema\\\/logo\\\/image\\\/\"},\"sameAs\":[\"https:\\\/\\\/www.facebook.com\\\/exparto.agro\\\/\"]}]}<\/script>\n<!-- \/ Yoast SEO plugin. -->","yoast_head_json":{"title":"Odk\u0142adnica \u015brodkowa Delta Flex - Exparto.pl","robots":{"index":"index","follow":"follow","max-snippet":"max-snippet:-1","max-image-preview":"max-image-preview:large","max-video-preview":"max-video-preview:-1"},"canonical":"https:\/\/exparto.pl\/en\/produkt\/odkladnica-srodkowa-delta-flex\/","og_locale":"en_US","og_type":"article","og_title":"Odk\u0142adnica \u015brodkowa Delta Flex - Exparto.pl","og_description":"Odk\u0142adnica \u015brodkowa","og_url":"https:\/\/exparto.pl\/en\/produkt\/odkladnica-srodkowa-delta-flex\/","og_site_name":"Exparto.pl","article_publisher":"https:\/\/www.facebook.com\/exparto.agro\/","article_modified_time":"2026-01-21T11:33:17+00:00","og_image":[{"width":1200,"height":1200,"url":"https:\/\/exparto.pl\/wp-content\/uploads\/2024\/03\/66fd965e63702e6a54e590f78c807a7f.jpg","type":"image\/jpeg"}],"twitter_card":"summary_large_image","twitter_misc":{"Est. reading time":"2 minutes"},"schema":{"@context":"https:\/\/schema.org","@graph":[{"@type":"WebPage","@id":"https:\/\/exparto.pl\/en\/produkt\/odkladnica-srodkowa-delta-flex\/","url":"https:\/\/exparto.pl\/en\/produkt\/odkladnica-srodkowa-delta-flex\/","name":"Odk\u0142adnica \u015brodkowa Delta Flex - Exparto.pl","isPartOf":{"@id":"https:\/\/exparto.pl\/en\/#website"},"primaryImageOfPage":{"@id":"https:\/\/exparto.pl\/en\/produkt\/odkladnica-srodkowa-delta-flex\/#primaryimage"},"image":{"@id":"https:\/\/exparto.pl\/en\/produkt\/odkladnica-srodkowa-delta-flex\/#primaryimage"},"thumbnailUrl":"https:\/\/exparto.pl\/wp-content\/uploads\/2024\/03\/66fd965e63702e6a54e590f78c807a7f.jpg","datePublished":"2024-03-13T18:59:22+00:00","dateModified":"2026-01-21T11:33:17+00:00","breadcrumb":{"@id":"https:\/\/exparto.pl\/en\/produkt\/odkladnica-srodkowa-delta-flex\/#breadcrumb"},"inLanguage":"en-US","potentialAction":[{"@type":"ReadAction","target":["https:\/\/exparto.pl\/en\/produkt\/odkladnica-srodkowa-delta-flex\/"]}]},{"@type":"ImageObject","inLanguage":"en-US","@id":"https:\/\/exparto.pl\/en\/produkt\/odkladnica-srodkowa-delta-flex\/#primaryimage","url":"https:\/\/exparto.pl\/wp-content\/uploads\/2024\/03\/66fd965e63702e6a54e590f78c807a7f.jpg","contentUrl":"https:\/\/exparto.pl\/wp-content\/uploads\/2024\/03\/66fd965e63702e6a54e590f78c807a7f.jpg","width":1200,"height":1200},{"@type":"BreadcrumbList","@id":"https:\/\/exparto.pl\/en\/produkt\/odkladnica-srodkowa-delta-flex\/#breadcrumb","itemListElement":[{"@type":"ListItem","position":1,"name":"Homepage","item":"https:\/\/exparto.pl\/en\/homepage\/"},{"@type":"ListItem","position":2,"name":"Sklep","item":"https:\/\/exparto.pl\/sklep\/"},{"@type":"ListItem","position":3,"name":"Cz\u0119\u015bci do agregatu \u015bcierniskowego","item":"https:\/\/exparto.pl\/kategoria-produktu\/czesci-do-agregatu-scierniskowego\/"},{"@type":"ListItem","position":4,"name":"Odk\u0142adnica \u015brodkowa Delta Flex"}]},{"@type":"WebSite","@id":"https:\/\/exparto.pl\/en\/#website","url":"https:\/\/exparto.pl\/en\/","name":"EXPARTO","description":"More than agro parts","publisher":{"@id":"https:\/\/exparto.pl\/en\/#organization"},"potentialAction":[{"@type":"SearchAction","target":{"@type":"EntryPoint","urlTemplate":"https:\/\/exparto.pl\/en\/?s={search_term_string}"},"query-input":{"@type":"PropertyValueSpecification","valueRequired":true,"valueName":"search_term_string"}}],"inLanguage":"en-US"},{"@type":"Organization","@id":"https:\/\/exparto.pl\/en\/#organization","name":"EXPARTO","url":"https:\/\/exparto.pl\/en\/","logo":{"@type":"ImageObject","inLanguage":"en-US","@id":"https:\/\/exparto.pl\/en\/#\/schema\/logo\/image\/","url":"https:\/\/exparto.pl\/wp-content\/uploads\/2023\/02\/logo-wektor.png","contentUrl":"https:\/\/exparto.pl\/wp-content\/uploads\/2023\/02\/logo-wektor.png","width":1338,"height":143,"caption":"EXPARTO"},"image":{"@id":"https:\/\/exparto.pl\/en\/#\/schema\/logo\/image\/"},"sameAs":["https:\/\/www.facebook.com\/exparto.agro\/"]}]}},"_links":{"self":[{"href":"https:\/\/exparto.pl\/en\/wp-json\/wp\/v2\/product\/22516","targetHints":{"allow":["GET"]}}],"collection":[{"href":"https:\/\/exparto.pl\/en\/wp-json\/wp\/v2\/product"}],"about":[{"href":"https:\/\/exparto.pl\/en\/wp-json\/wp\/v2\/types\/product"}],"replies":[{"embeddable":true,"href":"https:\/\/exparto.pl\/en\/wp-json\/wp\/v2\/comments?post=22516"}],"wp:featuredmedia":[{"embeddable":true,"href":"https:\/\/exparto.pl\/en\/wp-json\/wp\/v2\/media\/22501"}],"wp:attachment":[{"href":"https:\/\/exparto.pl\/en\/wp-json\/wp\/v2\/media?parent=22516"}],"wp:term":[{"taxonomy":"product_brand","embeddable":true,"href":"https:\/\/exparto.pl\/en\/wp-json\/wp\/v2\/product_brand?post=22516"},{"taxonomy":"product_cat","embeddable":true,"href":"https:\/\/exparto.pl\/en\/wp-json\/wp\/v2\/product_cat?post=22516"},{"taxonomy":"product_tag","embeddable":true,"href":"https:\/\/exparto.pl\/en\/wp-json\/wp\/v2\/product_tag?post=22516"}],"curies":[{"name":"wp","href":"https:\/\/api.w.org\/{rel}","templated":true}]}}