{"id":22693,"date":"2024-03-13T20:52:56","date_gmt":"2024-03-13T19:52:56","guid":{"rendered":"https:\/\/exparto.pl\/produkt\/oslona-podbieracza-iii-lewa-do-prasy-z562-metal-fach\/"},"modified":"2026-03-06T11:43:59","modified_gmt":"2026-03-06T10:43:59","slug":"oslona-podbieracza-iii-lewa-do-prasy-z562-metal-fach","status":"publish","type":"product","link":"https:\/\/exparto.pl\/en\/produkt\/oslona-podbieracza-iii-lewa-do-prasy-z562-metal-fach\/","title":{"rendered":"Os\u0142ona podbieracza III lewa do prasy Z562 METAL-FACH"},"content":{"rendered":"<p><span style=\"font-weight: 400\">Na co dzie\u0144 w gospodarstwie wykorzystuje si\u0119 r\u00f3\u017cne maszyny. W\u015br\u00f3d nich znajduj\u0105 si\u0119 prasy beluj\u0105ce, kt\u00f3re umo\u017cliwiaj\u0105 zbi\u00f3r i obr\u00f3bk\u0119 pokosu bezpo\u015brednio na polu. W EXPARTO oferujemy m.in. cz\u0119\u015bci eksploatacyjne do modelu Metal-Fach Z-562. <\/span><b>Zapoznaj si\u0119 ze specyfikacj\u0105 techniczn\u0105 os\u0142ony podbieracza III lewej do tej prasy<\/b><span style=\"font-weight: 400\">. Cz\u0119\u015b\u0107 ta pochodzi bezpo\u015brednio od producenta.\u00a0<\/span><\/p>\n<h2><span style=\"font-weight: 400\">Os\u0142ona podbieracza III Metal-Fach Z-562 &#8211; lewa<\/span><\/h2>\n<p><b>W sklepie EXPARTO proponujemy Ci dedykowan\u0105 lew\u0105 os\u0142on\u0119 podbieracza prasy beluj\u0105cej Metal-Fach Z-562<\/b><span style=\"font-weight: 400\">. To oryginalny produkt pochodz\u0105cy z asortymentu producenta. Dzi\u0119ki temu gwarantujemy idealne dopasowanie cz\u0119\u015bci do maszyny rolniczej oraz najwy\u017csz\u0105 jako\u015b\u0107 jej wykonania. <\/span><b>Produkt trafiaj\u0105cy w Twoje r\u0119ce jest pozbawiony wad i skaz fabrycznych oraz spe\u0142nia najwy\u017csze standardy rynkowe<\/b><span style=\"font-weight: 400\">. Ponadto jest przygotowany do prasy w trudnym \u015brodowisku i wytrzyma\u0142y na du\u017ce obci\u0105\u017cenia.\u00a0<\/span><\/p>\n<p><span style=\"font-weight: 400\">Prasa beluj\u0105ca Metal-Fach Z-562 to maszyna ch\u0119tnie wykorzystywana w gospodarstwach rolnych. Elementem konstrukcji jest podbieracz, kt\u00f3ry odpowiada za prawid\u0142owy pob\u00f3r pokosu z pola. <\/span><b>Aby zwi\u0119kszy\u0107 jego wytrzyma\u0142o\u015b\u0107 i zadba\u0107 o prawid\u0142ow\u0105 prac\u0119, montuje si\u0119 specjaln\u0105 os\u0142on\u0119 podbieracza Metal Fach<\/b><span style=\"font-weight: 400\">. Tu przygotowali\u015bmy dla Ciebie os\u0142on\u0119 lew\u0105 o wymiarach 38 \u00d7 30 \u00d7 10 cm i wadze 1,1 kilograma. Posiadamy r\u00f3wnie\u017c inne warianty os\u0142on do prasy beluj\u0105cej Metal-Fach Z-562.<\/span><\/p>\n<p><b>Zach\u0119camy do skorzystania z naszej oferty i do zakupu oryginalnych cz\u0119\u015bci Metal-Fach<\/b><span style=\"font-weight: 400\">. Je\u017celi masz jakiekolwiek pytania, skontaktuj si\u0119 z naszym ekspertem. Poprowadzimy Ci\u0119 przez proces zakupowy.<\/span><\/p>\n<p><b>Zastosowanie<\/b><span style=\"font-weight: 400\">:<\/span><\/p>\n<p><span style=\"font-weight: 400\">Prasa beluj\u0105ca Z-562 MF<\/span><\/p>\n<p><b>Numer katalogowy<\/b><span style=\"font-weight: 400\">:<\/span><\/p>\n<p><span style=\"font-weight: 400\">096.000.026L<\/span><\/p>\n","protected":false},"excerpt":{"rendered":"<p style=\"text-align: justify\">Os\u0142ona podbieracza III lewa MF<\/p>\n","protected":false},"featured_media":22672,"comment_status":"open","ping_status":"closed","template":"","meta":{"_acf_changed":false,"inline_featured_image":false},"product_brand":[],"product_cat":[785,774],"product_tag":[],"class_list":{"0":"post-22693","1":"product","2":"type-product","3":"status-publish","4":"has-post-thumbnail","6":"product_cat-czesci-do-prasy-rolujacej","7":"product_cat-metal-fach-z-562","9":"first","10":"outofstock","11":"taxable","12":"shipping-taxable","13":"purchasable","14":"product-type-simple"},"acf":[],"yoast_head":"<!-- This site is optimized with the Yoast SEO plugin v27.2 - https:\/\/yoast.com\/product\/yoast-seo-wordpress\/ -->\n<title>Os\u0142ona podbieracza III lewa do prasy Z562 METAL-FACH - Exparto.pl<\/title>\n<meta name=\"robots\" content=\"index, follow, max-snippet:-1, max-image-preview:large, max-video-preview:-1\" \/>\n<link rel=\"canonical\" href=\"https:\/\/exparto.pl\/en\/produkt\/oslona-podbieracza-iii-lewa-do-prasy-z562-metal-fach\/\" \/>\n<meta property=\"og:locale\" content=\"en_US\" \/>\n<meta property=\"og:type\" content=\"article\" \/>\n<meta property=\"og:title\" content=\"Os\u0142ona podbieracza III lewa do prasy Z562 METAL-FACH - Exparto.pl\" \/>\n<meta property=\"og:description\" content=\"Os\u0142ona podbieracza III lewa MF\" \/>\n<meta property=\"og:url\" content=\"https:\/\/exparto.pl\/en\/produkt\/oslona-podbieracza-iii-lewa-do-prasy-z562-metal-fach\/\" \/>\n<meta property=\"og:site_name\" content=\"Exparto.pl\" \/>\n<meta property=\"article:publisher\" content=\"https:\/\/www.facebook.com\/exparto.agro\/\" \/>\n<meta property=\"article:modified_time\" content=\"2026-03-06T10:43:59+00:00\" \/>\n<meta property=\"og:image\" content=\"https:\/\/exparto.pl\/wp-content\/uploads\/2024\/03\/fa3ec0197880f44cd0d810d8eabeff82.jpg\" \/>\n\t<meta property=\"og:image:width\" content=\"1200\" \/>\n\t<meta property=\"og:image:height\" content=\"1200\" \/>\n\t<meta property=\"og:image:type\" content=\"image\/jpeg\" \/>\n<meta name=\"twitter:card\" content=\"summary_large_image\" \/>\n<meta name=\"twitter:label1\" content=\"Est. reading time\" \/>\n\t<meta name=\"twitter:data1\" content=\"2 minutes\" \/>\n<script type=\"application\/ld+json\" class=\"yoast-schema-graph\">{\"@context\":\"https:\/\/schema.org\",\"@graph\":[{\"@type\":\"WebPage\",\"@id\":\"https:\/\/exparto.pl\/en\/produkt\/oslona-podbieracza-iii-lewa-do-prasy-z562-metal-fach\/\",\"url\":\"https:\/\/exparto.pl\/en\/produkt\/oslona-podbieracza-iii-lewa-do-prasy-z562-metal-fach\/\",\"name\":\"Os\u0142ona podbieracza III lewa do prasy Z562 METAL-FACH - Exparto.pl\",\"isPartOf\":{\"@id\":\"https:\/\/exparto.pl\/en\/#website\"},\"primaryImageOfPage\":{\"@id\":\"https:\/\/exparto.pl\/en\/produkt\/oslona-podbieracza-iii-lewa-do-prasy-z562-metal-fach\/#primaryimage\"},\"image\":{\"@id\":\"https:\/\/exparto.pl\/en\/produkt\/oslona-podbieracza-iii-lewa-do-prasy-z562-metal-fach\/#primaryimage\"},\"thumbnailUrl\":\"https:\/\/exparto.pl\/wp-content\/uploads\/2024\/03\/fa3ec0197880f44cd0d810d8eabeff82.jpg\",\"datePublished\":\"2024-03-13T19:52:56+00:00\",\"dateModified\":\"2026-03-06T10:43:59+00:00\",\"breadcrumb\":{\"@id\":\"https:\/\/exparto.pl\/en\/produkt\/oslona-podbieracza-iii-lewa-do-prasy-z562-metal-fach\/#breadcrumb\"},\"inLanguage\":\"en-US\",\"potentialAction\":[{\"@type\":\"ReadAction\",\"target\":[\"https:\/\/exparto.pl\/en\/produkt\/oslona-podbieracza-iii-lewa-do-prasy-z562-metal-fach\/\"]}]},{\"@type\":\"ImageObject\",\"inLanguage\":\"en-US\",\"@id\":\"https:\/\/exparto.pl\/en\/produkt\/oslona-podbieracza-iii-lewa-do-prasy-z562-metal-fach\/#primaryimage\",\"url\":\"https:\/\/exparto.pl\/wp-content\/uploads\/2024\/03\/fa3ec0197880f44cd0d810d8eabeff82.jpg\",\"contentUrl\":\"https:\/\/exparto.pl\/wp-content\/uploads\/2024\/03\/fa3ec0197880f44cd0d810d8eabeff82.jpg\",\"width\":1200,\"height\":1200},{\"@type\":\"BreadcrumbList\",\"@id\":\"https:\/\/exparto.pl\/en\/produkt\/oslona-podbieracza-iii-lewa-do-prasy-z562-metal-fach\/#breadcrumb\",\"itemListElement\":[{\"@type\":\"ListItem\",\"position\":1,\"name\":\"Homepage\",\"item\":\"https:\/\/exparto.pl\/en\/homepage\/\"},{\"@type\":\"ListItem\",\"position\":2,\"name\":\"Sklep\",\"item\":\"https:\/\/exparto.pl\/sklep\/\"},{\"@type\":\"ListItem\",\"position\":3,\"name\":\"Parts for a round baler\",\"item\":\"https:\/\/exparto.pl\/en\/product-category\/parts-for-a-round-baler\/\"},{\"@type\":\"ListItem\",\"position\":4,\"name\":\"METAL FACH Z-562 Press Parts\",\"item\":\"https:\/\/exparto.pl\/en\/product-category\/parts-for-a-round-baler\/metal-fach-z-562-press-parts\/\"},{\"@type\":\"ListItem\",\"position\":5,\"name\":\"Os\u0142ona podbieracza III lewa do prasy Z562 METAL-FACH\"}]},{\"@type\":\"WebSite\",\"@id\":\"https:\/\/exparto.pl\/en\/#website\",\"url\":\"https:\/\/exparto.pl\/en\/\",\"name\":\"EXPARTO\",\"description\":\"More than agro parts\",\"publisher\":{\"@id\":\"https:\/\/exparto.pl\/en\/#organization\"},\"potentialAction\":[{\"@type\":\"SearchAction\",\"target\":{\"@type\":\"EntryPoint\",\"urlTemplate\":\"https:\/\/exparto.pl\/en\/?s={search_term_string}\"},\"query-input\":{\"@type\":\"PropertyValueSpecification\",\"valueRequired\":true,\"valueName\":\"search_term_string\"}}],\"inLanguage\":\"en-US\"},{\"@type\":\"Organization\",\"@id\":\"https:\/\/exparto.pl\/en\/#organization\",\"name\":\"EXPARTO\",\"url\":\"https:\/\/exparto.pl\/en\/\",\"logo\":{\"@type\":\"ImageObject\",\"inLanguage\":\"en-US\",\"@id\":\"https:\/\/exparto.pl\/en\/#\/schema\/logo\/image\/\",\"url\":\"https:\/\/exparto.pl\/wp-content\/uploads\/2023\/02\/logo-wektor.png\",\"contentUrl\":\"https:\/\/exparto.pl\/wp-content\/uploads\/2023\/02\/logo-wektor.png\",\"width\":1338,\"height\":143,\"caption\":\"EXPARTO\"},\"image\":{\"@id\":\"https:\/\/exparto.pl\/en\/#\/schema\/logo\/image\/\"},\"sameAs\":[\"https:\/\/www.facebook.com\/exparto.agro\/\"]}]}<\/script>\n<!-- \/ Yoast SEO plugin. -->","yoast_head_json":{"title":"Os\u0142ona podbieracza III lewa do prasy Z562 METAL-FACH - Exparto.pl","robots":{"index":"index","follow":"follow","max-snippet":"max-snippet:-1","max-image-preview":"max-image-preview:large","max-video-preview":"max-video-preview:-1"},"canonical":"https:\/\/exparto.pl\/en\/produkt\/oslona-podbieracza-iii-lewa-do-prasy-z562-metal-fach\/","og_locale":"en_US","og_type":"article","og_title":"Os\u0142ona podbieracza III lewa do prasy Z562 METAL-FACH - Exparto.pl","og_description":"Os\u0142ona podbieracza III lewa MF","og_url":"https:\/\/exparto.pl\/en\/produkt\/oslona-podbieracza-iii-lewa-do-prasy-z562-metal-fach\/","og_site_name":"Exparto.pl","article_publisher":"https:\/\/www.facebook.com\/exparto.agro\/","article_modified_time":"2026-03-06T10:43:59+00:00","og_image":[{"width":1200,"height":1200,"url":"https:\/\/exparto.pl\/wp-content\/uploads\/2024\/03\/fa3ec0197880f44cd0d810d8eabeff82.jpg","type":"image\/jpeg"}],"twitter_card":"summary_large_image","twitter_misc":{"Est. reading time":"2 minutes"},"schema":{"@context":"https:\/\/schema.org","@graph":[{"@type":"WebPage","@id":"https:\/\/exparto.pl\/en\/produkt\/oslona-podbieracza-iii-lewa-do-prasy-z562-metal-fach\/","url":"https:\/\/exparto.pl\/en\/produkt\/oslona-podbieracza-iii-lewa-do-prasy-z562-metal-fach\/","name":"Os\u0142ona podbieracza III lewa do prasy Z562 METAL-FACH - Exparto.pl","isPartOf":{"@id":"https:\/\/exparto.pl\/en\/#website"},"primaryImageOfPage":{"@id":"https:\/\/exparto.pl\/en\/produkt\/oslona-podbieracza-iii-lewa-do-prasy-z562-metal-fach\/#primaryimage"},"image":{"@id":"https:\/\/exparto.pl\/en\/produkt\/oslona-podbieracza-iii-lewa-do-prasy-z562-metal-fach\/#primaryimage"},"thumbnailUrl":"https:\/\/exparto.pl\/wp-content\/uploads\/2024\/03\/fa3ec0197880f44cd0d810d8eabeff82.jpg","datePublished":"2024-03-13T19:52:56+00:00","dateModified":"2026-03-06T10:43:59+00:00","breadcrumb":{"@id":"https:\/\/exparto.pl\/en\/produkt\/oslona-podbieracza-iii-lewa-do-prasy-z562-metal-fach\/#breadcrumb"},"inLanguage":"en-US","potentialAction":[{"@type":"ReadAction","target":["https:\/\/exparto.pl\/en\/produkt\/oslona-podbieracza-iii-lewa-do-prasy-z562-metal-fach\/"]}]},{"@type":"ImageObject","inLanguage":"en-US","@id":"https:\/\/exparto.pl\/en\/produkt\/oslona-podbieracza-iii-lewa-do-prasy-z562-metal-fach\/#primaryimage","url":"https:\/\/exparto.pl\/wp-content\/uploads\/2024\/03\/fa3ec0197880f44cd0d810d8eabeff82.jpg","contentUrl":"https:\/\/exparto.pl\/wp-content\/uploads\/2024\/03\/fa3ec0197880f44cd0d810d8eabeff82.jpg","width":1200,"height":1200},{"@type":"BreadcrumbList","@id":"https:\/\/exparto.pl\/en\/produkt\/oslona-podbieracza-iii-lewa-do-prasy-z562-metal-fach\/#breadcrumb","itemListElement":[{"@type":"ListItem","position":1,"name":"Homepage","item":"https:\/\/exparto.pl\/en\/homepage\/"},{"@type":"ListItem","position":2,"name":"Sklep","item":"https:\/\/exparto.pl\/sklep\/"},{"@type":"ListItem","position":3,"name":"Parts for a round baler","item":"https:\/\/exparto.pl\/en\/product-category\/parts-for-a-round-baler\/"},{"@type":"ListItem","position":4,"name":"METAL FACH Z-562 Press Parts","item":"https:\/\/exparto.pl\/en\/product-category\/parts-for-a-round-baler\/metal-fach-z-562-press-parts\/"},{"@type":"ListItem","position":5,"name":"Os\u0142ona podbieracza III lewa do prasy Z562 METAL-FACH"}]},{"@type":"WebSite","@id":"https:\/\/exparto.pl\/en\/#website","url":"https:\/\/exparto.pl\/en\/","name":"EXPARTO","description":"More than agro parts","publisher":{"@id":"https:\/\/exparto.pl\/en\/#organization"},"potentialAction":[{"@type":"SearchAction","target":{"@type":"EntryPoint","urlTemplate":"https:\/\/exparto.pl\/en\/?s={search_term_string}"},"query-input":{"@type":"PropertyValueSpecification","valueRequired":true,"valueName":"search_term_string"}}],"inLanguage":"en-US"},{"@type":"Organization","@id":"https:\/\/exparto.pl\/en\/#organization","name":"EXPARTO","url":"https:\/\/exparto.pl\/en\/","logo":{"@type":"ImageObject","inLanguage":"en-US","@id":"https:\/\/exparto.pl\/en\/#\/schema\/logo\/image\/","url":"https:\/\/exparto.pl\/wp-content\/uploads\/2023\/02\/logo-wektor.png","contentUrl":"https:\/\/exparto.pl\/wp-content\/uploads\/2023\/02\/logo-wektor.png","width":1338,"height":143,"caption":"EXPARTO"},"image":{"@id":"https:\/\/exparto.pl\/en\/#\/schema\/logo\/image\/"},"sameAs":["https:\/\/www.facebook.com\/exparto.agro\/"]}]}},"_links":{"self":[{"href":"https:\/\/exparto.pl\/en\/wp-json\/wp\/v2\/product\/22693","targetHints":{"allow":["GET"]}}],"collection":[{"href":"https:\/\/exparto.pl\/en\/wp-json\/wp\/v2\/product"}],"about":[{"href":"https:\/\/exparto.pl\/en\/wp-json\/wp\/v2\/types\/product"}],"replies":[{"embeddable":true,"href":"https:\/\/exparto.pl\/en\/wp-json\/wp\/v2\/comments?post=22693"}],"wp:featuredmedia":[{"embeddable":true,"href":"https:\/\/exparto.pl\/en\/wp-json\/wp\/v2\/media\/22672"}],"wp:attachment":[{"href":"https:\/\/exparto.pl\/en\/wp-json\/wp\/v2\/media?parent=22693"}],"wp:term":[{"taxonomy":"product_brand","embeddable":true,"href":"https:\/\/exparto.pl\/en\/wp-json\/wp\/v2\/product_brand?post=22693"},{"taxonomy":"product_cat","embeddable":true,"href":"https:\/\/exparto.pl\/en\/wp-json\/wp\/v2\/product_cat?post=22693"},{"taxonomy":"product_tag","embeddable":true,"href":"https:\/\/exparto.pl\/en\/wp-json\/wp\/v2\/product_tag?post=22693"}],"curies":[{"name":"wp","href":"https:\/\/api.w.org\/{rel}","templated":true}]}}