{"id":23699,"date":"2024-04-04T14:09:30","date_gmt":"2024-04-04T12:09:30","guid":{"rendered":"https:\/\/exparto.pl\/produkt\/lemiesz-do-pluga-trapez-cz-112-unia-stal-borowa\/"},"modified":"2026-03-08T23:00:48","modified_gmt":"2026-03-08T22:00:48","slug":"lemiesz-do-pluga-trapez-cz-112-unia-stal-borowa","status":"publish","type":"product","link":"https:\/\/exparto.pl\/en\/produkt\/lemiesz-do-pluga-trapez-cz-112-unia-stal-borowa\/","title":{"rendered":"Lemiesz do p\u0142uga trapez Cz\/112 Unia stal borowa"},"content":{"rendered":"<p style=\"text-align: justify\">Lemiesz trapez wykonany ze stali borowej &#8211; twardo\u015b\u0107 43-50HRC<\/p>\n<p style=\"text-align: justify\"><b>Z<\/b><span style=\"color: var(--gray-800)\"><b>astosowanie:<\/b><\/span><\/p>\n<ul>\n<li style=\"text-align: justify\">\u00a0p\u0142ugi zagonowe<\/li>\n<\/ul>\n<p style=\"text-align: justify\"><span style=\"color: var(--gray-800)\"><b>Numer katalogowy:\u00a0<\/b><\/span><\/p>\n<ul>\n<li style=\"text-align: justify\">1023020026<\/li>\n<\/ul>\n<p><b>Dost\u0119pny w tym miejscu lemiesz p\u0142uga trapez to element pasuj\u0105cy do p\u0142ug\u00f3w zagonowych producenta Unia<\/b><span style=\"font-weight: 400\">. Produkt ten powstaje ze starannie obrobionej stali borowej o odpowiednich w\u0142a\u015bciwo\u015bciach. Dzi\u0119ki temu <\/span><b>oferowane przez nas lemiesze do p\u0142uga doskonale sprawdzaj\u0105 si\u0119 podczas intensywnego u\u017cytkowania w gospodarstwie rolnym<\/b><span style=\"font-weight: 400\">. Poznaj ich potencja\u0142 oraz skorzystaj z naszej oferty.\u00a0<\/span><\/p>\n<h2><span style=\"font-weight: 400\">Lemiesz do p\u0142uga \u2013 trapez \u2013 Unia Grudzi\u0105dz<\/span><\/h2>\n<p><b>Jako\u015b\u0107 cz\u0119\u015bci roboczych w maszynach rolniczych ma bezpo\u015brednie prze\u0142o\u017cenie na wygod\u0119 i bezpiecze\u0144stwo wykonywanej pracy<\/b><span style=\"font-weight: 400\">. Tak jest m.in. w przypadku lemiesza. Element ten odpowiada w p\u0142ugu za zrywanie i odwracanie wierzchniej warstwy ziemi w trakcie orki. W zwi\u0105zku z tym powinien by\u0107 ostry i wytrzyma\u0142y. <\/span><b>Dzi\u0119ki konserwacji rolnik zapewnia sobie zwi\u0119kszony komfort pracy oraz redukuje koszty zwi\u0105zane z utrzymaniem maszyn<\/b><span style=\"font-weight: 400\">. Z czasem jednak nawet najlepsze lemiesz do p\u0142uga wymaga wymiany.\u00a0<\/span><\/p>\n<p><span style=\"font-weight: 400\">W takiej sytuacji warto skorzysta\u0107 z naszej oferty. W EXPARTO zwracamy szczeg\u00f3ln\u0105 uwag\u0119 na to, aby ka\u017cda pojedyncza cz\u0119\u015b\u0107 rolnicza wykonana by\u0142a z materia\u0142\u00f3w o wysokich w\u0142a\u015bciwo\u015bciach i parametrach technicznych. Taki te\u017c jest nasz lemiesz do p\u0142uga Unia w kszta\u0142cie trapezu. <\/span><b>Powstaje on ze stali borowej o podwy\u017cszonej twardo\u015bci. Trapezowy kszta\u0142t pasuje do p\u0142ug\u00f3w zagonowych<\/b><span style=\"font-weight: 400\">. Lemiesz wazy niespe\u0142na 4,5 kilograma, dzi\u0119ki czemu jest \u0142atwy w monta\u017cu i konserwacji w celu wyd\u0142u\u017cenia jego \u017cywotno\u015bci. <\/span><b>Skorzystaj z naszej oferty i kup lemiesz od EXPARTO, gwarantuj\u0105c sobie bezpieczn\u0105 i wydajn\u0105 prac\u0119 na d\u0142u\u017cej<\/b><span style=\"font-weight: 400\">.\u00a0<\/span><\/p>\n","protected":false},"excerpt":{"rendered":"<p style=\"text-align: justify\">Lemiesz trapez<\/p>\n","protected":false},"featured_media":23684,"comment_status":"open","ping_status":"closed","template":"","meta":{"_acf_changed":false,"inline_featured_image":false},"product_brand":[],"product_cat":[765,772,935],"product_tag":[],"class_list":{"0":"post-23699","1":"product","2":"type-product","3":"status-publish","4":"has-post-thumbnail","6":"product_cat-czesci-do-plugow","7":"product_cat-lemiesze-do-pluga","8":"product_cat-lemiesze-prawe","10":"first","11":"instock","12":"taxable","13":"shipping-taxable","14":"purchasable","15":"product-type-simple"},"acf":[],"yoast_head":"<!-- This site is optimized with the Yoast SEO plugin v27.2 - https:\/\/yoast.com\/product\/yoast-seo-wordpress\/ -->\n<title>Lemiesz do p\u0142uga trapez Cz\/112 Unia stal borowa - Exparto.pl<\/title>\n<meta name=\"robots\" content=\"index, follow, max-snippet:-1, max-image-preview:large, max-video-preview:-1\" \/>\n<link rel=\"canonical\" href=\"https:\/\/exparto.pl\/en\/produkt\/lemiesz-do-pluga-trapez-cz-112-unia-stal-borowa\/\" \/>\n<meta property=\"og:locale\" content=\"en_US\" \/>\n<meta property=\"og:type\" content=\"article\" \/>\n<meta property=\"og:title\" content=\"Lemiesz do p\u0142uga trapez Cz\/112 Unia stal borowa - Exparto.pl\" \/>\n<meta property=\"og:description\" content=\"Lemiesz trapez\" \/>\n<meta property=\"og:url\" content=\"https:\/\/exparto.pl\/en\/produkt\/lemiesz-do-pluga-trapez-cz-112-unia-stal-borowa\/\" \/>\n<meta property=\"og:site_name\" content=\"Exparto.pl\" \/>\n<meta property=\"article:publisher\" content=\"https:\/\/www.facebook.com\/exparto.agro\/\" \/>\n<meta property=\"article:modified_time\" content=\"2026-03-08T22:00:48+00:00\" \/>\n<meta property=\"og:image\" content=\"https:\/\/exparto.pl\/wp-content\/uploads\/2024\/04\/b9376ee851f9176e504208289993990d.jpg\" \/>\n\t<meta property=\"og:image:width\" content=\"1200\" \/>\n\t<meta property=\"og:image:height\" content=\"1200\" \/>\n\t<meta property=\"og:image:type\" content=\"image\/jpeg\" \/>\n<meta name=\"twitter:card\" content=\"summary_large_image\" \/>\n<meta name=\"twitter:label1\" content=\"Est. reading time\" \/>\n\t<meta name=\"twitter:data1\" content=\"2 minutes\" \/>\n<script type=\"application\/ld+json\" class=\"yoast-schema-graph\">{\"@context\":\"https:\/\/schema.org\",\"@graph\":[{\"@type\":\"WebPage\",\"@id\":\"https:\/\/exparto.pl\/en\/produkt\/lemiesz-do-pluga-trapez-cz-112-unia-stal-borowa\/\",\"url\":\"https:\/\/exparto.pl\/en\/produkt\/lemiesz-do-pluga-trapez-cz-112-unia-stal-borowa\/\",\"name\":\"Lemiesz do p\u0142uga trapez Cz\/112 Unia stal borowa - Exparto.pl\",\"isPartOf\":{\"@id\":\"https:\/\/exparto.pl\/en\/#website\"},\"primaryImageOfPage\":{\"@id\":\"https:\/\/exparto.pl\/en\/produkt\/lemiesz-do-pluga-trapez-cz-112-unia-stal-borowa\/#primaryimage\"},\"image\":{\"@id\":\"https:\/\/exparto.pl\/en\/produkt\/lemiesz-do-pluga-trapez-cz-112-unia-stal-borowa\/#primaryimage\"},\"thumbnailUrl\":\"https:\/\/exparto.pl\/wp-content\/uploads\/2024\/04\/b9376ee851f9176e504208289993990d.jpg\",\"datePublished\":\"2024-04-04T12:09:30+00:00\",\"dateModified\":\"2026-03-08T22:00:48+00:00\",\"breadcrumb\":{\"@id\":\"https:\/\/exparto.pl\/en\/produkt\/lemiesz-do-pluga-trapez-cz-112-unia-stal-borowa\/#breadcrumb\"},\"inLanguage\":\"en-US\",\"potentialAction\":[{\"@type\":\"ReadAction\",\"target\":[\"https:\/\/exparto.pl\/en\/produkt\/lemiesz-do-pluga-trapez-cz-112-unia-stal-borowa\/\"]}]},{\"@type\":\"ImageObject\",\"inLanguage\":\"en-US\",\"@id\":\"https:\/\/exparto.pl\/en\/produkt\/lemiesz-do-pluga-trapez-cz-112-unia-stal-borowa\/#primaryimage\",\"url\":\"https:\/\/exparto.pl\/wp-content\/uploads\/2024\/04\/b9376ee851f9176e504208289993990d.jpg\",\"contentUrl\":\"https:\/\/exparto.pl\/wp-content\/uploads\/2024\/04\/b9376ee851f9176e504208289993990d.jpg\",\"width\":1200,\"height\":1200},{\"@type\":\"BreadcrumbList\",\"@id\":\"https:\/\/exparto.pl\/en\/produkt\/lemiesz-do-pluga-trapez-cz-112-unia-stal-borowa\/#breadcrumb\",\"itemListElement\":[{\"@type\":\"ListItem\",\"position\":1,\"name\":\"Homepage\",\"item\":\"https:\/\/exparto.pl\/en\/homepage\/\"},{\"@type\":\"ListItem\",\"position\":2,\"name\":\"Sklep\",\"item\":\"https:\/\/exparto.pl\/sklep\/\"},{\"@type\":\"ListItem\",\"position\":3,\"name\":\"Plough parts\",\"item\":\"https:\/\/exparto.pl\/en\/product-category\/plough-parts\/\"},{\"@type\":\"ListItem\",\"position\":4,\"name\":\"Plough blades\",\"item\":\"https:\/\/exparto.pl\/en\/product-category\/plough-parts\/plough-blades\/\"},{\"@type\":\"ListItem\",\"position\":5,\"name\":\"Lemiesz do p\u0142uga trapez Cz\/112 Unia stal borowa\"}]},{\"@type\":\"WebSite\",\"@id\":\"https:\/\/exparto.pl\/en\/#website\",\"url\":\"https:\/\/exparto.pl\/en\/\",\"name\":\"EXPARTO\",\"description\":\"More than agro parts\",\"publisher\":{\"@id\":\"https:\/\/exparto.pl\/en\/#organization\"},\"potentialAction\":[{\"@type\":\"SearchAction\",\"target\":{\"@type\":\"EntryPoint\",\"urlTemplate\":\"https:\/\/exparto.pl\/en\/?s={search_term_string}\"},\"query-input\":{\"@type\":\"PropertyValueSpecification\",\"valueRequired\":true,\"valueName\":\"search_term_string\"}}],\"inLanguage\":\"en-US\"},{\"@type\":\"Organization\",\"@id\":\"https:\/\/exparto.pl\/en\/#organization\",\"name\":\"EXPARTO\",\"url\":\"https:\/\/exparto.pl\/en\/\",\"logo\":{\"@type\":\"ImageObject\",\"inLanguage\":\"en-US\",\"@id\":\"https:\/\/exparto.pl\/en\/#\/schema\/logo\/image\/\",\"url\":\"https:\/\/exparto.pl\/wp-content\/uploads\/2023\/02\/logo-wektor.png\",\"contentUrl\":\"https:\/\/exparto.pl\/wp-content\/uploads\/2023\/02\/logo-wektor.png\",\"width\":1338,\"height\":143,\"caption\":\"EXPARTO\"},\"image\":{\"@id\":\"https:\/\/exparto.pl\/en\/#\/schema\/logo\/image\/\"},\"sameAs\":[\"https:\/\/www.facebook.com\/exparto.agro\/\"]}]}<\/script>\n<!-- \/ Yoast SEO plugin. -->","yoast_head_json":{"title":"Lemiesz do p\u0142uga trapez Cz\/112 Unia stal borowa - Exparto.pl","robots":{"index":"index","follow":"follow","max-snippet":"max-snippet:-1","max-image-preview":"max-image-preview:large","max-video-preview":"max-video-preview:-1"},"canonical":"https:\/\/exparto.pl\/en\/produkt\/lemiesz-do-pluga-trapez-cz-112-unia-stal-borowa\/","og_locale":"en_US","og_type":"article","og_title":"Lemiesz do p\u0142uga trapez Cz\/112 Unia stal borowa - Exparto.pl","og_description":"Lemiesz trapez","og_url":"https:\/\/exparto.pl\/en\/produkt\/lemiesz-do-pluga-trapez-cz-112-unia-stal-borowa\/","og_site_name":"Exparto.pl","article_publisher":"https:\/\/www.facebook.com\/exparto.agro\/","article_modified_time":"2026-03-08T22:00:48+00:00","og_image":[{"width":1200,"height":1200,"url":"https:\/\/exparto.pl\/wp-content\/uploads\/2024\/04\/b9376ee851f9176e504208289993990d.jpg","type":"image\/jpeg"}],"twitter_card":"summary_large_image","twitter_misc":{"Est. reading time":"2 minutes"},"schema":{"@context":"https:\/\/schema.org","@graph":[{"@type":"WebPage","@id":"https:\/\/exparto.pl\/en\/produkt\/lemiesz-do-pluga-trapez-cz-112-unia-stal-borowa\/","url":"https:\/\/exparto.pl\/en\/produkt\/lemiesz-do-pluga-trapez-cz-112-unia-stal-borowa\/","name":"Lemiesz do p\u0142uga trapez Cz\/112 Unia stal borowa - Exparto.pl","isPartOf":{"@id":"https:\/\/exparto.pl\/en\/#website"},"primaryImageOfPage":{"@id":"https:\/\/exparto.pl\/en\/produkt\/lemiesz-do-pluga-trapez-cz-112-unia-stal-borowa\/#primaryimage"},"image":{"@id":"https:\/\/exparto.pl\/en\/produkt\/lemiesz-do-pluga-trapez-cz-112-unia-stal-borowa\/#primaryimage"},"thumbnailUrl":"https:\/\/exparto.pl\/wp-content\/uploads\/2024\/04\/b9376ee851f9176e504208289993990d.jpg","datePublished":"2024-04-04T12:09:30+00:00","dateModified":"2026-03-08T22:00:48+00:00","breadcrumb":{"@id":"https:\/\/exparto.pl\/en\/produkt\/lemiesz-do-pluga-trapez-cz-112-unia-stal-borowa\/#breadcrumb"},"inLanguage":"en-US","potentialAction":[{"@type":"ReadAction","target":["https:\/\/exparto.pl\/en\/produkt\/lemiesz-do-pluga-trapez-cz-112-unia-stal-borowa\/"]}]},{"@type":"ImageObject","inLanguage":"en-US","@id":"https:\/\/exparto.pl\/en\/produkt\/lemiesz-do-pluga-trapez-cz-112-unia-stal-borowa\/#primaryimage","url":"https:\/\/exparto.pl\/wp-content\/uploads\/2024\/04\/b9376ee851f9176e504208289993990d.jpg","contentUrl":"https:\/\/exparto.pl\/wp-content\/uploads\/2024\/04\/b9376ee851f9176e504208289993990d.jpg","width":1200,"height":1200},{"@type":"BreadcrumbList","@id":"https:\/\/exparto.pl\/en\/produkt\/lemiesz-do-pluga-trapez-cz-112-unia-stal-borowa\/#breadcrumb","itemListElement":[{"@type":"ListItem","position":1,"name":"Homepage","item":"https:\/\/exparto.pl\/en\/homepage\/"},{"@type":"ListItem","position":2,"name":"Sklep","item":"https:\/\/exparto.pl\/sklep\/"},{"@type":"ListItem","position":3,"name":"Plough parts","item":"https:\/\/exparto.pl\/en\/product-category\/plough-parts\/"},{"@type":"ListItem","position":4,"name":"Plough blades","item":"https:\/\/exparto.pl\/en\/product-category\/plough-parts\/plough-blades\/"},{"@type":"ListItem","position":5,"name":"Lemiesz do p\u0142uga trapez Cz\/112 Unia stal borowa"}]},{"@type":"WebSite","@id":"https:\/\/exparto.pl\/en\/#website","url":"https:\/\/exparto.pl\/en\/","name":"EXPARTO","description":"More than agro parts","publisher":{"@id":"https:\/\/exparto.pl\/en\/#organization"},"potentialAction":[{"@type":"SearchAction","target":{"@type":"EntryPoint","urlTemplate":"https:\/\/exparto.pl\/en\/?s={search_term_string}"},"query-input":{"@type":"PropertyValueSpecification","valueRequired":true,"valueName":"search_term_string"}}],"inLanguage":"en-US"},{"@type":"Organization","@id":"https:\/\/exparto.pl\/en\/#organization","name":"EXPARTO","url":"https:\/\/exparto.pl\/en\/","logo":{"@type":"ImageObject","inLanguage":"en-US","@id":"https:\/\/exparto.pl\/en\/#\/schema\/logo\/image\/","url":"https:\/\/exparto.pl\/wp-content\/uploads\/2023\/02\/logo-wektor.png","contentUrl":"https:\/\/exparto.pl\/wp-content\/uploads\/2023\/02\/logo-wektor.png","width":1338,"height":143,"caption":"EXPARTO"},"image":{"@id":"https:\/\/exparto.pl\/en\/#\/schema\/logo\/image\/"},"sameAs":["https:\/\/www.facebook.com\/exparto.agro\/"]}]}},"_links":{"self":[{"href":"https:\/\/exparto.pl\/en\/wp-json\/wp\/v2\/product\/23699","targetHints":{"allow":["GET"]}}],"collection":[{"href":"https:\/\/exparto.pl\/en\/wp-json\/wp\/v2\/product"}],"about":[{"href":"https:\/\/exparto.pl\/en\/wp-json\/wp\/v2\/types\/product"}],"replies":[{"embeddable":true,"href":"https:\/\/exparto.pl\/en\/wp-json\/wp\/v2\/comments?post=23699"}],"wp:featuredmedia":[{"embeddable":true,"href":"https:\/\/exparto.pl\/en\/wp-json\/wp\/v2\/media\/23684"}],"wp:attachment":[{"href":"https:\/\/exparto.pl\/en\/wp-json\/wp\/v2\/media?parent=23699"}],"wp:term":[{"taxonomy":"product_brand","embeddable":true,"href":"https:\/\/exparto.pl\/en\/wp-json\/wp\/v2\/product_brand?post=23699"},{"taxonomy":"product_cat","embeddable":true,"href":"https:\/\/exparto.pl\/en\/wp-json\/wp\/v2\/product_cat?post=23699"},{"taxonomy":"product_tag","embeddable":true,"href":"https:\/\/exparto.pl\/en\/wp-json\/wp\/v2\/product_tag?post=23699"}],"curies":[{"name":"wp","href":"https:\/\/api.w.org\/{rel}","templated":true}]}}