{"id":23843,"date":"2024-04-04T14:17:35","date_gmt":"2024-04-04T12:17:35","guid":{"rendered":"https:\/\/exparto.pl\/produkt\/lemiesz-do-pluga-prawy-14-kverneland\/"},"modified":"2026-01-21T12:34:25","modified_gmt":"2026-01-21T11:34:25","slug":"lemiesz-do-pluga-prawy-14-kverneland","status":"publish","type":"product","link":"https:\/\/exparto.pl\/en\/produkt\/lemiesz-do-pluga-prawy-14-kverneland\/","title":{"rendered":"Lemiesz do p\u0142uga prawy 14 Kverneland"},"content":{"rendered":"<p><p style=\"text-align: left\">Lemiesz prawy z wykonany ze stali borowej &#8211; twardo\u015b\u0107 43-50HRC<\/p>\n<p><p style=\"text-align: justify\"><b>Z<\/b><span style=\"color: var(--gray-800)\"><b>astosowanie:<\/b><\/span><\/p>\n<ul>\n<li style=\"text-align: justify\">\u00a0p\u0142ugi obrotowe typu Kverneland<\/li>\n<\/ul>\n<p><p style=\"text-align: justify\"><span style=\"color: var(--gray-800)\"><b>Numer katalogowy:\u00a0<\/b><\/span><\/p>\n<ul>\n<li style=\"text-align: justify\">063014<\/li>\n<\/ul>\n<p><b>Dost\u0119pny w EXPARTO prawy lemiesz p\u0142uga 14&#8243; to model pasuj\u0105cy do p\u0142ug\u00f3w obrotowych typu Kverneland<\/b><span style=\"font-weight: 400\">. Cz\u0119\u015b\u0107 ta wykorzystywana jest podczas orki i musi by\u0107 wykonana z wysokiej jako\u015bci materia\u0142\u00f3w. Jako EXPARTO proponujemy Ci produkt ze stali borowej, kt\u00f3ry doskonale sprawdza si\u0119 w trakcie intensywnych prac w polu.\u00a0<\/span><\/p>\n<h2><span style=\"font-weight: 400\">Lemiesz do p\u0142uga \u2013 prawy, 14 cali \u2013 Kverneland<\/span><\/h2>\n<\/p>\n<p><span style=\"font-weight: 400\">P\u0142ug to jedna z podstawowych maszyn wykorzystywanych w gospodarstwach rolnych. Dzi\u0119ki niemu mo\u017cliwe jest przygotowanie stanowiska pod uprawy w ramach prowadzonej orki. <\/span><b>Do kluczowych element\u00f3w konstrukcji tej maszyny nale\u017c\u0105 lemiesze do p\u0142uga. Bior\u0105 czynny udzia\u0142 w zrywaniu i odwracaniu wierzchniej warstwy ziemi<\/b><span style=\"font-weight: 400\">. W\u0142a\u015bnie dlatego cz\u0119\u015b\u0107 ta powinna odznacza\u0107 si\u0119 wysok\u0105 jako\u015bci\u0105 wykonania oraz ponadprzeci\u0119tnymi parametrami technicznymi. <\/span><b>Taki jest prawy lemiesz do p\u0142uga Kverneland z naszej oferty<\/b><span style=\"font-weight: 400\">.\u00a0<\/span><\/p>\n<p><span style=\"font-weight: 400\">Proponujemy Ci <\/span><b>model w rozmiarze 14 cali, kt\u00f3ry przeznaczony jest do stosowania w p\u0142ugach obrotowych typu Kverneland<\/b><span style=\"font-weight: 400\">. Wykorzystana w produkcji stal borowa gwarantuje wysok\u0105 odporno\u015b\u0107 elementu na uszkodzenia mechaniczne i \u015bcieranie. Podwy\u017cszona twardo\u015b\u0107 materia\u0142u i waga 4 kilogramy sprawia, \u017ce lemiesz jest \u0142atwy w monta\u017cu i konserwacji. Zach\u0119camy do skorzystania z naszej oferty i do zakupu lemiesza w EXPARTO. <\/span><b>W ten spos\u00f3b gwarantujesz sobie otrzymanie najwy\u017cszej jako\u015bci produktu, kt\u00f3ry pomo\u017ce Ci w wydajnej i bezpiecznej pracy w polu<\/b><span style=\"font-weight: 400\">.<\/span><\/p>\n","protected":false},"excerpt":{"rendered":"<p style=\"text-align: justify\">Lemiesz prawy<\/p>\n","protected":false},"featured_media":23828,"comment_status":"open","ping_status":"closed","template":"","meta":{"_acf_changed":false,"inline_featured_image":false},"product_brand":[],"product_cat":[765,772,935],"product_tag":[],"class_list":{"0":"post-23843","1":"product","2":"type-product","3":"status-publish","4":"has-post-thumbnail","6":"product_cat-czesci-do-plugow","7":"product_cat-lemiesze-do-pluga","8":"product_cat-lemiesze-prawe","10":"first","11":"instock","12":"taxable","13":"shipping-taxable","14":"purchasable","15":"product-type-simple"},"acf":[],"yoast_head":"<!-- This site is optimized with the Yoast SEO plugin v27.2 - https:\/\/yoast.com\/product\/yoast-seo-wordpress\/ -->\n<title>Lemiesz do p\u0142uga prawy 14 Kverneland - Exparto.pl<\/title>\n<meta name=\"robots\" content=\"index, follow, max-snippet:-1, max-image-preview:large, max-video-preview:-1\" \/>\n<link rel=\"canonical\" href=\"https:\/\/exparto.pl\/en\/produkt\/lemiesz-do-pluga-prawy-14-kverneland\/\" \/>\n<meta property=\"og:locale\" content=\"en_US\" \/>\n<meta property=\"og:type\" content=\"article\" \/>\n<meta property=\"og:title\" content=\"Lemiesz do p\u0142uga prawy 14 Kverneland - Exparto.pl\" \/>\n<meta property=\"og:description\" content=\"Lemiesz prawy\" \/>\n<meta property=\"og:url\" content=\"https:\/\/exparto.pl\/en\/produkt\/lemiesz-do-pluga-prawy-14-kverneland\/\" \/>\n<meta property=\"og:site_name\" content=\"Exparto.pl\" \/>\n<meta property=\"article:publisher\" content=\"https:\/\/www.facebook.com\/exparto.agro\/\" \/>\n<meta property=\"article:modified_time\" content=\"2026-01-21T11:34:25+00:00\" \/>\n<meta property=\"og:image\" content=\"https:\/\/exparto.pl\/wp-content\/uploads\/2024\/04\/cd5960f6b6ba29557cadf7fb163f2949.jpg\" \/>\n\t<meta property=\"og:image:width\" content=\"1200\" \/>\n\t<meta property=\"og:image:height\" content=\"1200\" \/>\n\t<meta property=\"og:image:type\" content=\"image\/jpeg\" \/>\n<meta name=\"twitter:card\" content=\"summary_large_image\" \/>\n<meta name=\"twitter:label1\" content=\"Est. reading time\" \/>\n\t<meta name=\"twitter:data1\" content=\"2 minutes\" \/>\n<script type=\"application\/ld+json\" class=\"yoast-schema-graph\">{\"@context\":\"https:\/\/schema.org\",\"@graph\":[{\"@type\":\"WebPage\",\"@id\":\"https:\/\/exparto.pl\/en\/produkt\/lemiesz-do-pluga-prawy-14-kverneland\/\",\"url\":\"https:\/\/exparto.pl\/en\/produkt\/lemiesz-do-pluga-prawy-14-kverneland\/\",\"name\":\"Lemiesz do p\u0142uga prawy 14 Kverneland - Exparto.pl\",\"isPartOf\":{\"@id\":\"https:\/\/exparto.pl\/en\/#website\"},\"primaryImageOfPage\":{\"@id\":\"https:\/\/exparto.pl\/en\/produkt\/lemiesz-do-pluga-prawy-14-kverneland\/#primaryimage\"},\"image\":{\"@id\":\"https:\/\/exparto.pl\/en\/produkt\/lemiesz-do-pluga-prawy-14-kverneland\/#primaryimage\"},\"thumbnailUrl\":\"https:\/\/exparto.pl\/wp-content\/uploads\/2024\/04\/cd5960f6b6ba29557cadf7fb163f2949.jpg\",\"datePublished\":\"2024-04-04T12:17:35+00:00\",\"dateModified\":\"2026-01-21T11:34:25+00:00\",\"breadcrumb\":{\"@id\":\"https:\/\/exparto.pl\/en\/produkt\/lemiesz-do-pluga-prawy-14-kverneland\/#breadcrumb\"},\"inLanguage\":\"en-US\",\"potentialAction\":[{\"@type\":\"ReadAction\",\"target\":[\"https:\/\/exparto.pl\/en\/produkt\/lemiesz-do-pluga-prawy-14-kverneland\/\"]}]},{\"@type\":\"ImageObject\",\"inLanguage\":\"en-US\",\"@id\":\"https:\/\/exparto.pl\/en\/produkt\/lemiesz-do-pluga-prawy-14-kverneland\/#primaryimage\",\"url\":\"https:\/\/exparto.pl\/wp-content\/uploads\/2024\/04\/cd5960f6b6ba29557cadf7fb163f2949.jpg\",\"contentUrl\":\"https:\/\/exparto.pl\/wp-content\/uploads\/2024\/04\/cd5960f6b6ba29557cadf7fb163f2949.jpg\",\"width\":1200,\"height\":1200},{\"@type\":\"BreadcrumbList\",\"@id\":\"https:\/\/exparto.pl\/en\/produkt\/lemiesz-do-pluga-prawy-14-kverneland\/#breadcrumb\",\"itemListElement\":[{\"@type\":\"ListItem\",\"position\":1,\"name\":\"Homepage\",\"item\":\"https:\/\/exparto.pl\/en\/homepage\/\"},{\"@type\":\"ListItem\",\"position\":2,\"name\":\"Sklep\",\"item\":\"https:\/\/exparto.pl\/sklep\/\"},{\"@type\":\"ListItem\",\"position\":3,\"name\":\"Plough parts\",\"item\":\"https:\/\/exparto.pl\/en\/product-category\/plough-parts\/\"},{\"@type\":\"ListItem\",\"position\":4,\"name\":\"Plough blades\",\"item\":\"https:\/\/exparto.pl\/en\/product-category\/plough-parts\/plough-blades\/\"},{\"@type\":\"ListItem\",\"position\":5,\"name\":\"Lemiesz do p\u0142uga prawy 14 Kverneland\"}]},{\"@type\":\"WebSite\",\"@id\":\"https:\/\/exparto.pl\/en\/#website\",\"url\":\"https:\/\/exparto.pl\/en\/\",\"name\":\"EXPARTO\",\"description\":\"More than agro parts\",\"publisher\":{\"@id\":\"https:\/\/exparto.pl\/en\/#organization\"},\"potentialAction\":[{\"@type\":\"SearchAction\",\"target\":{\"@type\":\"EntryPoint\",\"urlTemplate\":\"https:\/\/exparto.pl\/en\/?s={search_term_string}\"},\"query-input\":{\"@type\":\"PropertyValueSpecification\",\"valueRequired\":true,\"valueName\":\"search_term_string\"}}],\"inLanguage\":\"en-US\"},{\"@type\":\"Organization\",\"@id\":\"https:\/\/exparto.pl\/en\/#organization\",\"name\":\"EXPARTO\",\"url\":\"https:\/\/exparto.pl\/en\/\",\"logo\":{\"@type\":\"ImageObject\",\"inLanguage\":\"en-US\",\"@id\":\"https:\/\/exparto.pl\/en\/#\/schema\/logo\/image\/\",\"url\":\"https:\/\/exparto.pl\/wp-content\/uploads\/2023\/02\/logo-wektor.png\",\"contentUrl\":\"https:\/\/exparto.pl\/wp-content\/uploads\/2023\/02\/logo-wektor.png\",\"width\":1338,\"height\":143,\"caption\":\"EXPARTO\"},\"image\":{\"@id\":\"https:\/\/exparto.pl\/en\/#\/schema\/logo\/image\/\"},\"sameAs\":[\"https:\/\/www.facebook.com\/exparto.agro\/\"]}]}<\/script>\n<!-- \/ Yoast SEO plugin. -->","yoast_head_json":{"title":"Lemiesz do p\u0142uga prawy 14 Kverneland - Exparto.pl","robots":{"index":"index","follow":"follow","max-snippet":"max-snippet:-1","max-image-preview":"max-image-preview:large","max-video-preview":"max-video-preview:-1"},"canonical":"https:\/\/exparto.pl\/en\/produkt\/lemiesz-do-pluga-prawy-14-kverneland\/","og_locale":"en_US","og_type":"article","og_title":"Lemiesz do p\u0142uga prawy 14 Kverneland - Exparto.pl","og_description":"Lemiesz prawy","og_url":"https:\/\/exparto.pl\/en\/produkt\/lemiesz-do-pluga-prawy-14-kverneland\/","og_site_name":"Exparto.pl","article_publisher":"https:\/\/www.facebook.com\/exparto.agro\/","article_modified_time":"2026-01-21T11:34:25+00:00","og_image":[{"width":1200,"height":1200,"url":"https:\/\/exparto.pl\/wp-content\/uploads\/2024\/04\/cd5960f6b6ba29557cadf7fb163f2949.jpg","type":"image\/jpeg"}],"twitter_card":"summary_large_image","twitter_misc":{"Est. reading time":"2 minutes"},"schema":{"@context":"https:\/\/schema.org","@graph":[{"@type":"WebPage","@id":"https:\/\/exparto.pl\/en\/produkt\/lemiesz-do-pluga-prawy-14-kverneland\/","url":"https:\/\/exparto.pl\/en\/produkt\/lemiesz-do-pluga-prawy-14-kverneland\/","name":"Lemiesz do p\u0142uga prawy 14 Kverneland - Exparto.pl","isPartOf":{"@id":"https:\/\/exparto.pl\/en\/#website"},"primaryImageOfPage":{"@id":"https:\/\/exparto.pl\/en\/produkt\/lemiesz-do-pluga-prawy-14-kverneland\/#primaryimage"},"image":{"@id":"https:\/\/exparto.pl\/en\/produkt\/lemiesz-do-pluga-prawy-14-kverneland\/#primaryimage"},"thumbnailUrl":"https:\/\/exparto.pl\/wp-content\/uploads\/2024\/04\/cd5960f6b6ba29557cadf7fb163f2949.jpg","datePublished":"2024-04-04T12:17:35+00:00","dateModified":"2026-01-21T11:34:25+00:00","breadcrumb":{"@id":"https:\/\/exparto.pl\/en\/produkt\/lemiesz-do-pluga-prawy-14-kverneland\/#breadcrumb"},"inLanguage":"en-US","potentialAction":[{"@type":"ReadAction","target":["https:\/\/exparto.pl\/en\/produkt\/lemiesz-do-pluga-prawy-14-kverneland\/"]}]},{"@type":"ImageObject","inLanguage":"en-US","@id":"https:\/\/exparto.pl\/en\/produkt\/lemiesz-do-pluga-prawy-14-kverneland\/#primaryimage","url":"https:\/\/exparto.pl\/wp-content\/uploads\/2024\/04\/cd5960f6b6ba29557cadf7fb163f2949.jpg","contentUrl":"https:\/\/exparto.pl\/wp-content\/uploads\/2024\/04\/cd5960f6b6ba29557cadf7fb163f2949.jpg","width":1200,"height":1200},{"@type":"BreadcrumbList","@id":"https:\/\/exparto.pl\/en\/produkt\/lemiesz-do-pluga-prawy-14-kverneland\/#breadcrumb","itemListElement":[{"@type":"ListItem","position":1,"name":"Homepage","item":"https:\/\/exparto.pl\/en\/homepage\/"},{"@type":"ListItem","position":2,"name":"Sklep","item":"https:\/\/exparto.pl\/sklep\/"},{"@type":"ListItem","position":3,"name":"Plough parts","item":"https:\/\/exparto.pl\/en\/product-category\/plough-parts\/"},{"@type":"ListItem","position":4,"name":"Plough blades","item":"https:\/\/exparto.pl\/en\/product-category\/plough-parts\/plough-blades\/"},{"@type":"ListItem","position":5,"name":"Lemiesz do p\u0142uga prawy 14 Kverneland"}]},{"@type":"WebSite","@id":"https:\/\/exparto.pl\/en\/#website","url":"https:\/\/exparto.pl\/en\/","name":"EXPARTO","description":"More than agro parts","publisher":{"@id":"https:\/\/exparto.pl\/en\/#organization"},"potentialAction":[{"@type":"SearchAction","target":{"@type":"EntryPoint","urlTemplate":"https:\/\/exparto.pl\/en\/?s={search_term_string}"},"query-input":{"@type":"PropertyValueSpecification","valueRequired":true,"valueName":"search_term_string"}}],"inLanguage":"en-US"},{"@type":"Organization","@id":"https:\/\/exparto.pl\/en\/#organization","name":"EXPARTO","url":"https:\/\/exparto.pl\/en\/","logo":{"@type":"ImageObject","inLanguage":"en-US","@id":"https:\/\/exparto.pl\/en\/#\/schema\/logo\/image\/","url":"https:\/\/exparto.pl\/wp-content\/uploads\/2023\/02\/logo-wektor.png","contentUrl":"https:\/\/exparto.pl\/wp-content\/uploads\/2023\/02\/logo-wektor.png","width":1338,"height":143,"caption":"EXPARTO"},"image":{"@id":"https:\/\/exparto.pl\/en\/#\/schema\/logo\/image\/"},"sameAs":["https:\/\/www.facebook.com\/exparto.agro\/"]}]}},"_links":{"self":[{"href":"https:\/\/exparto.pl\/en\/wp-json\/wp\/v2\/product\/23843","targetHints":{"allow":["GET"]}}],"collection":[{"href":"https:\/\/exparto.pl\/en\/wp-json\/wp\/v2\/product"}],"about":[{"href":"https:\/\/exparto.pl\/en\/wp-json\/wp\/v2\/types\/product"}],"replies":[{"embeddable":true,"href":"https:\/\/exparto.pl\/en\/wp-json\/wp\/v2\/comments?post=23843"}],"wp:featuredmedia":[{"embeddable":true,"href":"https:\/\/exparto.pl\/en\/wp-json\/wp\/v2\/media\/23828"}],"wp:attachment":[{"href":"https:\/\/exparto.pl\/en\/wp-json\/wp\/v2\/media?parent=23843"}],"wp:term":[{"taxonomy":"product_brand","embeddable":true,"href":"https:\/\/exparto.pl\/en\/wp-json\/wp\/v2\/product_brand?post=23843"},{"taxonomy":"product_cat","embeddable":true,"href":"https:\/\/exparto.pl\/en\/wp-json\/wp\/v2\/product_cat?post=23843"},{"taxonomy":"product_tag","embeddable":true,"href":"https:\/\/exparto.pl\/en\/wp-json\/wp\/v2\/product_tag?post=23843"}],"curies":[{"name":"wp","href":"https:\/\/api.w.org\/{rel}","templated":true}]}}