{"id":23859,"date":"2024-04-04T14:18:31","date_gmt":"2024-04-04T12:18:31","guid":{"rendered":"https:\/\/exparto.pl\/produkt\/lemiesz-do-pluga-lewy-14-kverneland\/"},"modified":"2026-01-21T12:34:26","modified_gmt":"2026-01-21T11:34:26","slug":"lemiesz-do-pluga-lewy-14-kverneland","status":"publish","type":"product","link":"https:\/\/exparto.pl\/en\/produkt\/lemiesz-do-pluga-lewy-14-kverneland\/","title":{"rendered":"Lemiesz do p\u0142uga lewy 14 Kverneland"},"content":{"rendered":"<p><p style=\"text-align: justify\">Lemiesz lewy z wykonany ze stali borowej &#8211; twardo\u015b\u0107 43-50HRC<\/p>\n<p><p style=\"text-align: justify\"><b>Z<\/b><span style=\"color: var(--gray-800)\"><b>astosowanie:<\/b><\/span><\/p>\n<ul>\n<li style=\"text-align: justify\">\u00a0p\u0142ugi obrotowe typu Kverneland<\/li>\n<\/ul>\n<p><p style=\"text-align: justify\"><span style=\"color: var(--gray-800)\"><b>Numer katalogowy:\u00a0<\/b><\/span><\/p>\n<ul>\n<li style=\"text-align: justify\">063017<\/li>\n<\/ul>\n<p><b>Oferowany przez nas lewy lemiesz p\u0142uga 14&#8243; to cz\u0119\u015b\u0107 pasuj\u0105ca do p\u0142ug\u00f3w obrotowych typu Kverneland<\/b><span style=\"font-weight: 400\">. Lemiesz powstaje z wytrzyma\u0142ej stali borowej, dzi\u0119ki czemu d\u0142u\u017cej zachowuje swoje w\u0142a\u015bciwo\u015bci u\u017cytkowe. <\/span><b>Jako EXPARTO dok\u0142adamy wszelkich stara\u0144, aby w Twoje r\u0119ce trafia\u0142 produkt najwy\u017cszej rynkowej jako\u015bci<\/b><span style=\"font-weight: 400\">. Poznaj jego parametry.\u00a0<\/span><\/p>\n<h2><span style=\"font-weight: 400\">Lemiesz do p\u0142uga \u2013 lewy, 14 cali \u2013 Kverneland<\/span><\/h2>\n<p><b>Lemiesz do p\u0142uga Kverneland to cz\u0119\u015b\u0107, kt\u00f3ra bierze czynny udzia\u0142 w pracach agrarnych<\/b><span style=\"font-weight: 400\">. Element ten odpowiada za zrywanie i odwracanie wierzchniej warstwy ziemi podczas orki. To niezwykle wa\u017cne w kontek\u015bcie przygotowania stanowiska pod kolejn\u0105 upraw\u0119 i zwi\u0119kszenia w ten spos\u00f3b op\u0142acalno\u015bci prowadzonej produkcji. Ze wzgl\u0119du na specyfik\u0119 u\u017cytkowania, <\/span><b>lemiesz p\u0142uga z czasem ulega degradacji i rekomenduje si\u0119 jego wymian\u0119<\/b><span style=\"font-weight: 400\">.\u00a0<\/span><\/p>\n<p><span style=\"font-weight: 400\">Je\u017celi posiadasz maszyn\u0119 typu Kverneland i chcesz zachowa\u0107 jej wysok\u0105 wydajno\u015b\u0107, to skorzystaj z naszej oferty. <\/span><b>Obejmuje ona wysokiej jako\u015bci lemiesz p\u0142uga lewy o wymiarach 14 cali<\/b><span style=\"font-weight: 400\">. Produkt ten powstaje ze starannie obrobionej stali borowej o dobrych parametrach technicznych w zakresie twardo\u015bci i wytrzyma\u0142o\u015bci eksploatacyjnej. W Twoje r\u0119ce trafi cz\u0119\u015b\u0107, kt\u00f3ra jest pozbawiona wad i przeznaczona jest do intensywnego u\u017cytkowania w trudnych warunkach na polu. <\/span><b>Razem z nami zapewnisz sobie komfort i po\u017c\u0105dan\u0105 wydajno\u015b\u0107 orki<\/b><span style=\"font-weight: 400\">. Skorzystaj z naszej oferty.\u00a0<\/span><\/p>\n","protected":false},"excerpt":{"rendered":"<p style=\"text-align: justify\">Lemiesz lewy<\/p>\n","protected":false},"featured_media":23844,"comment_status":"open","ping_status":"closed","template":"","meta":{"_acf_changed":false,"inline_featured_image":false},"product_brand":[],"product_cat":[829,830,934],"product_tag":[],"class_list":{"0":"post-23859","1":"product","2":"type-product","3":"status-publish","4":"has-post-thumbnail","6":"product_cat-plough-parts","7":"product_cat-plough-blades","8":"product_cat-lemiesze-lewe","10":"first","11":"instock","12":"taxable","13":"shipping-taxable","14":"purchasable","15":"product-type-simple"},"acf":[],"yoast_head":"<!-- This site is optimized with the Yoast SEO plugin v27.2 - https:\/\/yoast.com\/product\/yoast-seo-wordpress\/ -->\n<title>Lemiesz do p\u0142uga lewy 14 Kverneland - Exparto.pl<\/title>\n<meta name=\"robots\" content=\"index, follow, max-snippet:-1, max-image-preview:large, max-video-preview:-1\" \/>\n<link rel=\"canonical\" href=\"https:\/\/exparto.pl\/en\/produkt\/lemiesz-do-pluga-lewy-14-kverneland\/\" \/>\n<meta property=\"og:locale\" content=\"en_US\" \/>\n<meta property=\"og:type\" content=\"article\" \/>\n<meta property=\"og:title\" content=\"Lemiesz do p\u0142uga lewy 14 Kverneland - Exparto.pl\" \/>\n<meta property=\"og:description\" content=\"Lemiesz lewy\" \/>\n<meta property=\"og:url\" content=\"https:\/\/exparto.pl\/en\/produkt\/lemiesz-do-pluga-lewy-14-kverneland\/\" \/>\n<meta property=\"og:site_name\" content=\"Exparto.pl\" \/>\n<meta property=\"article:publisher\" content=\"https:\/\/www.facebook.com\/exparto.agro\/\" \/>\n<meta property=\"article:modified_time\" content=\"2026-01-21T11:34:26+00:00\" \/>\n<meta property=\"og:image\" content=\"https:\/\/exparto.pl\/wp-content\/uploads\/2024\/04\/a2eabd17cd199a47140a36f1f7ae2bae.jpg\" \/>\n\t<meta property=\"og:image:width\" content=\"1200\" \/>\n\t<meta property=\"og:image:height\" content=\"1200\" \/>\n\t<meta property=\"og:image:type\" content=\"image\/jpeg\" \/>\n<meta name=\"twitter:card\" content=\"summary_large_image\" \/>\n<meta name=\"twitter:label1\" content=\"Est. reading time\" \/>\n\t<meta name=\"twitter:data1\" content=\"2 minutes\" \/>\n<script type=\"application\/ld+json\" class=\"yoast-schema-graph\">{\"@context\":\"https:\/\/schema.org\",\"@graph\":[{\"@type\":\"WebPage\",\"@id\":\"https:\/\/exparto.pl\/en\/produkt\/lemiesz-do-pluga-lewy-14-kverneland\/\",\"url\":\"https:\/\/exparto.pl\/en\/produkt\/lemiesz-do-pluga-lewy-14-kverneland\/\",\"name\":\"Lemiesz do p\u0142uga lewy 14 Kverneland - Exparto.pl\",\"isPartOf\":{\"@id\":\"https:\/\/exparto.pl\/en\/#website\"},\"primaryImageOfPage\":{\"@id\":\"https:\/\/exparto.pl\/en\/produkt\/lemiesz-do-pluga-lewy-14-kverneland\/#primaryimage\"},\"image\":{\"@id\":\"https:\/\/exparto.pl\/en\/produkt\/lemiesz-do-pluga-lewy-14-kverneland\/#primaryimage\"},\"thumbnailUrl\":\"https:\/\/exparto.pl\/wp-content\/uploads\/2024\/04\/a2eabd17cd199a47140a36f1f7ae2bae.jpg\",\"datePublished\":\"2024-04-04T12:18:31+00:00\",\"dateModified\":\"2026-01-21T11:34:26+00:00\",\"breadcrumb\":{\"@id\":\"https:\/\/exparto.pl\/en\/produkt\/lemiesz-do-pluga-lewy-14-kverneland\/#breadcrumb\"},\"inLanguage\":\"en-US\",\"potentialAction\":[{\"@type\":\"ReadAction\",\"target\":[\"https:\/\/exparto.pl\/en\/produkt\/lemiesz-do-pluga-lewy-14-kverneland\/\"]}]},{\"@type\":\"ImageObject\",\"inLanguage\":\"en-US\",\"@id\":\"https:\/\/exparto.pl\/en\/produkt\/lemiesz-do-pluga-lewy-14-kverneland\/#primaryimage\",\"url\":\"https:\/\/exparto.pl\/wp-content\/uploads\/2024\/04\/a2eabd17cd199a47140a36f1f7ae2bae.jpg\",\"contentUrl\":\"https:\/\/exparto.pl\/wp-content\/uploads\/2024\/04\/a2eabd17cd199a47140a36f1f7ae2bae.jpg\",\"width\":1200,\"height\":1200},{\"@type\":\"BreadcrumbList\",\"@id\":\"https:\/\/exparto.pl\/en\/produkt\/lemiesz-do-pluga-lewy-14-kverneland\/#breadcrumb\",\"itemListElement\":[{\"@type\":\"ListItem\",\"position\":1,\"name\":\"Homepage\",\"item\":\"https:\/\/exparto.pl\/en\/homepage\/\"},{\"@type\":\"ListItem\",\"position\":2,\"name\":\"Sklep\",\"item\":\"https:\/\/exparto.pl\/sklep\/\"},{\"@type\":\"ListItem\",\"position\":3,\"name\":\"Plough parts\",\"item\":\"https:\/\/exparto.pl\/en\/product-category\/plough-parts\/\"},{\"@type\":\"ListItem\",\"position\":4,\"name\":\"Plough blades\",\"item\":\"https:\/\/exparto.pl\/en\/product-category\/plough-parts\/plough-blades\/\"},{\"@type\":\"ListItem\",\"position\":5,\"name\":\"Lemiesz do p\u0142uga lewy 14 Kverneland\"}]},{\"@type\":\"WebSite\",\"@id\":\"https:\/\/exparto.pl\/en\/#website\",\"url\":\"https:\/\/exparto.pl\/en\/\",\"name\":\"EXPARTO\",\"description\":\"More than agro parts\",\"publisher\":{\"@id\":\"https:\/\/exparto.pl\/en\/#organization\"},\"potentialAction\":[{\"@type\":\"SearchAction\",\"target\":{\"@type\":\"EntryPoint\",\"urlTemplate\":\"https:\/\/exparto.pl\/en\/?s={search_term_string}\"},\"query-input\":{\"@type\":\"PropertyValueSpecification\",\"valueRequired\":true,\"valueName\":\"search_term_string\"}}],\"inLanguage\":\"en-US\"},{\"@type\":\"Organization\",\"@id\":\"https:\/\/exparto.pl\/en\/#organization\",\"name\":\"EXPARTO\",\"url\":\"https:\/\/exparto.pl\/en\/\",\"logo\":{\"@type\":\"ImageObject\",\"inLanguage\":\"en-US\",\"@id\":\"https:\/\/exparto.pl\/en\/#\/schema\/logo\/image\/\",\"url\":\"https:\/\/exparto.pl\/wp-content\/uploads\/2023\/02\/logo-wektor.png\",\"contentUrl\":\"https:\/\/exparto.pl\/wp-content\/uploads\/2023\/02\/logo-wektor.png\",\"width\":1338,\"height\":143,\"caption\":\"EXPARTO\"},\"image\":{\"@id\":\"https:\/\/exparto.pl\/en\/#\/schema\/logo\/image\/\"},\"sameAs\":[\"https:\/\/www.facebook.com\/exparto.agro\/\"]}]}<\/script>\n<!-- \/ Yoast SEO plugin. -->","yoast_head_json":{"title":"Lemiesz do p\u0142uga lewy 14 Kverneland - Exparto.pl","robots":{"index":"index","follow":"follow","max-snippet":"max-snippet:-1","max-image-preview":"max-image-preview:large","max-video-preview":"max-video-preview:-1"},"canonical":"https:\/\/exparto.pl\/en\/produkt\/lemiesz-do-pluga-lewy-14-kverneland\/","og_locale":"en_US","og_type":"article","og_title":"Lemiesz do p\u0142uga lewy 14 Kverneland - Exparto.pl","og_description":"Lemiesz lewy","og_url":"https:\/\/exparto.pl\/en\/produkt\/lemiesz-do-pluga-lewy-14-kverneland\/","og_site_name":"Exparto.pl","article_publisher":"https:\/\/www.facebook.com\/exparto.agro\/","article_modified_time":"2026-01-21T11:34:26+00:00","og_image":[{"width":1200,"height":1200,"url":"https:\/\/exparto.pl\/wp-content\/uploads\/2024\/04\/a2eabd17cd199a47140a36f1f7ae2bae.jpg","type":"image\/jpeg"}],"twitter_card":"summary_large_image","twitter_misc":{"Est. reading time":"2 minutes"},"schema":{"@context":"https:\/\/schema.org","@graph":[{"@type":"WebPage","@id":"https:\/\/exparto.pl\/en\/produkt\/lemiesz-do-pluga-lewy-14-kverneland\/","url":"https:\/\/exparto.pl\/en\/produkt\/lemiesz-do-pluga-lewy-14-kverneland\/","name":"Lemiesz do p\u0142uga lewy 14 Kverneland - Exparto.pl","isPartOf":{"@id":"https:\/\/exparto.pl\/en\/#website"},"primaryImageOfPage":{"@id":"https:\/\/exparto.pl\/en\/produkt\/lemiesz-do-pluga-lewy-14-kverneland\/#primaryimage"},"image":{"@id":"https:\/\/exparto.pl\/en\/produkt\/lemiesz-do-pluga-lewy-14-kverneland\/#primaryimage"},"thumbnailUrl":"https:\/\/exparto.pl\/wp-content\/uploads\/2024\/04\/a2eabd17cd199a47140a36f1f7ae2bae.jpg","datePublished":"2024-04-04T12:18:31+00:00","dateModified":"2026-01-21T11:34:26+00:00","breadcrumb":{"@id":"https:\/\/exparto.pl\/en\/produkt\/lemiesz-do-pluga-lewy-14-kverneland\/#breadcrumb"},"inLanguage":"en-US","potentialAction":[{"@type":"ReadAction","target":["https:\/\/exparto.pl\/en\/produkt\/lemiesz-do-pluga-lewy-14-kverneland\/"]}]},{"@type":"ImageObject","inLanguage":"en-US","@id":"https:\/\/exparto.pl\/en\/produkt\/lemiesz-do-pluga-lewy-14-kverneland\/#primaryimage","url":"https:\/\/exparto.pl\/wp-content\/uploads\/2024\/04\/a2eabd17cd199a47140a36f1f7ae2bae.jpg","contentUrl":"https:\/\/exparto.pl\/wp-content\/uploads\/2024\/04\/a2eabd17cd199a47140a36f1f7ae2bae.jpg","width":1200,"height":1200},{"@type":"BreadcrumbList","@id":"https:\/\/exparto.pl\/en\/produkt\/lemiesz-do-pluga-lewy-14-kverneland\/#breadcrumb","itemListElement":[{"@type":"ListItem","position":1,"name":"Homepage","item":"https:\/\/exparto.pl\/en\/homepage\/"},{"@type":"ListItem","position":2,"name":"Sklep","item":"https:\/\/exparto.pl\/sklep\/"},{"@type":"ListItem","position":3,"name":"Plough parts","item":"https:\/\/exparto.pl\/en\/product-category\/plough-parts\/"},{"@type":"ListItem","position":4,"name":"Plough blades","item":"https:\/\/exparto.pl\/en\/product-category\/plough-parts\/plough-blades\/"},{"@type":"ListItem","position":5,"name":"Lemiesz do p\u0142uga lewy 14 Kverneland"}]},{"@type":"WebSite","@id":"https:\/\/exparto.pl\/en\/#website","url":"https:\/\/exparto.pl\/en\/","name":"EXPARTO","description":"More than agro parts","publisher":{"@id":"https:\/\/exparto.pl\/en\/#organization"},"potentialAction":[{"@type":"SearchAction","target":{"@type":"EntryPoint","urlTemplate":"https:\/\/exparto.pl\/en\/?s={search_term_string}"},"query-input":{"@type":"PropertyValueSpecification","valueRequired":true,"valueName":"search_term_string"}}],"inLanguage":"en-US"},{"@type":"Organization","@id":"https:\/\/exparto.pl\/en\/#organization","name":"EXPARTO","url":"https:\/\/exparto.pl\/en\/","logo":{"@type":"ImageObject","inLanguage":"en-US","@id":"https:\/\/exparto.pl\/en\/#\/schema\/logo\/image\/","url":"https:\/\/exparto.pl\/wp-content\/uploads\/2023\/02\/logo-wektor.png","contentUrl":"https:\/\/exparto.pl\/wp-content\/uploads\/2023\/02\/logo-wektor.png","width":1338,"height":143,"caption":"EXPARTO"},"image":{"@id":"https:\/\/exparto.pl\/en\/#\/schema\/logo\/image\/"},"sameAs":["https:\/\/www.facebook.com\/exparto.agro\/"]}]}},"_links":{"self":[{"href":"https:\/\/exparto.pl\/en\/wp-json\/wp\/v2\/product\/23859","targetHints":{"allow":["GET"]}}],"collection":[{"href":"https:\/\/exparto.pl\/en\/wp-json\/wp\/v2\/product"}],"about":[{"href":"https:\/\/exparto.pl\/en\/wp-json\/wp\/v2\/types\/product"}],"replies":[{"embeddable":true,"href":"https:\/\/exparto.pl\/en\/wp-json\/wp\/v2\/comments?post=23859"}],"wp:featuredmedia":[{"embeddable":true,"href":"https:\/\/exparto.pl\/en\/wp-json\/wp\/v2\/media\/23844"}],"wp:attachment":[{"href":"https:\/\/exparto.pl\/en\/wp-json\/wp\/v2\/media?parent=23859"}],"wp:term":[{"taxonomy":"product_brand","embeddable":true,"href":"https:\/\/exparto.pl\/en\/wp-json\/wp\/v2\/product_brand?post=23859"},{"taxonomy":"product_cat","embeddable":true,"href":"https:\/\/exparto.pl\/en\/wp-json\/wp\/v2\/product_cat?post=23859"},{"taxonomy":"product_tag","embeddable":true,"href":"https:\/\/exparto.pl\/en\/wp-json\/wp\/v2\/product_tag?post=23859"}],"curies":[{"name":"wp","href":"https:\/\/api.w.org\/{rel}","templated":true}]}}