{"id":23875,"date":"2024-04-04T14:19:33","date_gmt":"2024-04-04T12:19:33","guid":{"rendered":"https:\/\/exparto.pl\/produkt\/lemiesz-do-pluga-16-prawy-overum\/"},"modified":"2026-01-21T12:34:27","modified_gmt":"2026-01-21T11:34:27","slug":"lemiesz-do-pluga-16-prawy-overum","status":"publish","type":"product","link":"https:\/\/exparto.pl\/en\/produkt\/lemiesz-do-pluga-16-prawy-overum\/","title":{"rendered":"Lemiesz do p\u0142uga 16 prawy Overum"},"content":{"rendered":"<p><b>Zastosowanie<\/b><span style=\"font-weight: 400\">:<\/span><\/p>\n<ul>\n<li style=\"font-weight: 400\"><span style=\"font-weight: 400\">p\u0142ugi obrotowe typu Overum<\/span><\/li>\n<\/ul>\n<p><b>Numer katalogowy<\/b><span style=\"font-weight: 400\">:\u00a0<\/span><\/p>\n<ul>\n<li style=\"font-weight: 400\"><span style=\"font-weight: 400\">94600<\/span><\/li>\n<\/ul>\n<p><b>Dost\u0119pny lemiesz do p\u0142uga prawy pasuje do p\u0142ug\u00f3w obrotowych typu Overum<\/b><span style=\"font-weight: 400\">. Jako EXPARTO dbamy o to, aby ka\u017cda cz\u0119\u015b\u0107 z naszej oferty spe\u0142nia\u0142a najwy\u017csze standardy rynkowe. Zale\u017cy Ci na bezpiecznej i wygodnej pracy w gospodarstwie? <\/span><b>Zainwestuj w dedykowany lemiesz do p\u0142uga wykonany ze wzmocnionej stali borowej<\/b><span style=\"font-weight: 400\">.<\/span><\/p>\n<h2><span style=\"font-weight: 400\">Lemiesz do p\u0142uga \u2013 prawy, 16 cali \u2013 Overum<\/span><\/h2>\n<p><b>Przygotowali\u015bmy dla Ciebie starannie wykonany lemiesz p\u0142uga 16&#8243;<\/b><span style=\"font-weight: 400\">. To cz\u0119\u015b\u0107 robocza maszyny, kt\u00f3ra odpowiada przede wszystkim za zrywanie, a nast\u0119pnie odwracanie wierzchniej warstwy ziemi podczas prowadzonej orki. <\/span><b>Ze wzgl\u0119du na to lemiesze do p\u0142uga musz\u0105 charakteryzowa\u0107 si\u0119 wysok\u0105 odporno\u015bci\u0105 na \u015bcieranie i uszkodzenia mechaniczne<\/b><span style=\"font-weight: 400\">. Tylko w ten spos\u00f3b mog\u0105 d\u0142ugo zachowa\u0107 swoje w\u0142a\u015bciwo\u015bci.\u00a0<\/span><\/p>\n<p><p style=\"text-align: justify\"><b>W odpowiedzi na potrzeby klient\u00f3w przygotowali\u015bmy dedykowany prawy lemiesz do p\u0142uga Overum<\/b><span style=\"font-weight: 400\">. To element, kt\u00f3ry powstaje ze starannie obrobionej stali borowej o <\/span><b>podwy\u017cszonej twardo\u015bci<\/b><span style=\"font-weight: 400\">. Dzi\u0119ki temu <\/span><b>dobrze sprawdza si\u0119 w swojej roli i jest odporny na intensywne u\u017cytkowanie w kontakcie z ziemi\u0105<\/b><span style=\"font-weight: 400\">. Rozwi\u0105zanie to zaspokoi potrzeby wymagaj\u0105cych rolnik\u00f3w. Zale\u017cy Ci na bezpiecznej i wydajnej orce? <\/span><b>Skorzystaj z naszej oferty i kup lemiesz do p\u0142uga prawy typu Overum<\/b><span style=\"font-weight: 400\">.<\/span><\/p>\n","protected":false},"excerpt":{"rendered":"<p style=\"text-align: justify\">Lemiesz prawy<\/p>\n","protected":false},"featured_media":23860,"comment_status":"open","ping_status":"closed","template":"","meta":{"_acf_changed":false,"inline_featured_image":false},"product_brand":[],"product_cat":[765,772,935],"product_tag":[],"class_list":{"0":"post-23875","1":"product","2":"type-product","3":"status-publish","4":"has-post-thumbnail","6":"product_cat-czesci-do-plugow","7":"product_cat-lemiesze-do-pluga","8":"product_cat-lemiesze-prawe","10":"first","11":"instock","12":"taxable","13":"shipping-taxable","14":"purchasable","15":"product-type-simple"},"acf":[],"yoast_head":"<!-- This site is optimized with the Yoast SEO plugin v27.2 - https:\/\/yoast.com\/product\/yoast-seo-wordpress\/ -->\n<title>Lemiesz do p\u0142uga 16 prawy Overum - Exparto.pl<\/title>\n<meta name=\"robots\" content=\"index, follow, max-snippet:-1, max-image-preview:large, max-video-preview:-1\" \/>\n<link rel=\"canonical\" href=\"https:\/\/exparto.pl\/en\/produkt\/lemiesz-do-pluga-16-prawy-overum\/\" \/>\n<meta property=\"og:locale\" content=\"en_US\" \/>\n<meta property=\"og:type\" content=\"article\" \/>\n<meta property=\"og:title\" content=\"Lemiesz do p\u0142uga 16 prawy Overum - Exparto.pl\" \/>\n<meta property=\"og:description\" content=\"Lemiesz prawy\" \/>\n<meta property=\"og:url\" content=\"https:\/\/exparto.pl\/en\/produkt\/lemiesz-do-pluga-16-prawy-overum\/\" \/>\n<meta property=\"og:site_name\" content=\"Exparto.pl\" \/>\n<meta property=\"article:publisher\" content=\"https:\/\/www.facebook.com\/exparto.agro\/\" \/>\n<meta property=\"article:modified_time\" content=\"2026-01-21T11:34:27+00:00\" \/>\n<meta property=\"og:image\" content=\"https:\/\/exparto.pl\/wp-content\/uploads\/2024\/04\/85a457dcd4f5d317f570e90080f5709c.jpg\" \/>\n\t<meta property=\"og:image:width\" content=\"1200\" \/>\n\t<meta property=\"og:image:height\" content=\"1200\" \/>\n\t<meta property=\"og:image:type\" content=\"image\/jpeg\" \/>\n<meta name=\"twitter:card\" content=\"summary_large_image\" \/>\n<meta name=\"twitter:label1\" content=\"Est. reading time\" \/>\n\t<meta name=\"twitter:data1\" content=\"2 minutes\" \/>\n<script type=\"application\/ld+json\" class=\"yoast-schema-graph\">{\"@context\":\"https:\/\/schema.org\",\"@graph\":[{\"@type\":\"WebPage\",\"@id\":\"https:\/\/exparto.pl\/en\/produkt\/lemiesz-do-pluga-16-prawy-overum\/\",\"url\":\"https:\/\/exparto.pl\/en\/produkt\/lemiesz-do-pluga-16-prawy-overum\/\",\"name\":\"Lemiesz do p\u0142uga 16 prawy Overum - Exparto.pl\",\"isPartOf\":{\"@id\":\"https:\/\/exparto.pl\/en\/#website\"},\"primaryImageOfPage\":{\"@id\":\"https:\/\/exparto.pl\/en\/produkt\/lemiesz-do-pluga-16-prawy-overum\/#primaryimage\"},\"image\":{\"@id\":\"https:\/\/exparto.pl\/en\/produkt\/lemiesz-do-pluga-16-prawy-overum\/#primaryimage\"},\"thumbnailUrl\":\"https:\/\/exparto.pl\/wp-content\/uploads\/2024\/04\/85a457dcd4f5d317f570e90080f5709c.jpg\",\"datePublished\":\"2024-04-04T12:19:33+00:00\",\"dateModified\":\"2026-01-21T11:34:27+00:00\",\"breadcrumb\":{\"@id\":\"https:\/\/exparto.pl\/en\/produkt\/lemiesz-do-pluga-16-prawy-overum\/#breadcrumb\"},\"inLanguage\":\"en-US\",\"potentialAction\":[{\"@type\":\"ReadAction\",\"target\":[\"https:\/\/exparto.pl\/en\/produkt\/lemiesz-do-pluga-16-prawy-overum\/\"]}]},{\"@type\":\"ImageObject\",\"inLanguage\":\"en-US\",\"@id\":\"https:\/\/exparto.pl\/en\/produkt\/lemiesz-do-pluga-16-prawy-overum\/#primaryimage\",\"url\":\"https:\/\/exparto.pl\/wp-content\/uploads\/2024\/04\/85a457dcd4f5d317f570e90080f5709c.jpg\",\"contentUrl\":\"https:\/\/exparto.pl\/wp-content\/uploads\/2024\/04\/85a457dcd4f5d317f570e90080f5709c.jpg\",\"width\":1200,\"height\":1200},{\"@type\":\"BreadcrumbList\",\"@id\":\"https:\/\/exparto.pl\/en\/produkt\/lemiesz-do-pluga-16-prawy-overum\/#breadcrumb\",\"itemListElement\":[{\"@type\":\"ListItem\",\"position\":1,\"name\":\"Homepage\",\"item\":\"https:\/\/exparto.pl\/en\/homepage\/\"},{\"@type\":\"ListItem\",\"position\":2,\"name\":\"Sklep\",\"item\":\"https:\/\/exparto.pl\/sklep\/\"},{\"@type\":\"ListItem\",\"position\":3,\"name\":\"Plough parts\",\"item\":\"https:\/\/exparto.pl\/en\/product-category\/plough-parts\/\"},{\"@type\":\"ListItem\",\"position\":4,\"name\":\"Plough blades\",\"item\":\"https:\/\/exparto.pl\/en\/product-category\/plough-parts\/plough-blades\/\"},{\"@type\":\"ListItem\",\"position\":5,\"name\":\"Lemiesz do p\u0142uga 16 prawy Overum\"}]},{\"@type\":\"WebSite\",\"@id\":\"https:\/\/exparto.pl\/en\/#website\",\"url\":\"https:\/\/exparto.pl\/en\/\",\"name\":\"EXPARTO\",\"description\":\"More than agro parts\",\"publisher\":{\"@id\":\"https:\/\/exparto.pl\/en\/#organization\"},\"potentialAction\":[{\"@type\":\"SearchAction\",\"target\":{\"@type\":\"EntryPoint\",\"urlTemplate\":\"https:\/\/exparto.pl\/en\/?s={search_term_string}\"},\"query-input\":{\"@type\":\"PropertyValueSpecification\",\"valueRequired\":true,\"valueName\":\"search_term_string\"}}],\"inLanguage\":\"en-US\"},{\"@type\":\"Organization\",\"@id\":\"https:\/\/exparto.pl\/en\/#organization\",\"name\":\"EXPARTO\",\"url\":\"https:\/\/exparto.pl\/en\/\",\"logo\":{\"@type\":\"ImageObject\",\"inLanguage\":\"en-US\",\"@id\":\"https:\/\/exparto.pl\/en\/#\/schema\/logo\/image\/\",\"url\":\"https:\/\/exparto.pl\/wp-content\/uploads\/2023\/02\/logo-wektor.png\",\"contentUrl\":\"https:\/\/exparto.pl\/wp-content\/uploads\/2023\/02\/logo-wektor.png\",\"width\":1338,\"height\":143,\"caption\":\"EXPARTO\"},\"image\":{\"@id\":\"https:\/\/exparto.pl\/en\/#\/schema\/logo\/image\/\"},\"sameAs\":[\"https:\/\/www.facebook.com\/exparto.agro\/\"]}]}<\/script>\n<!-- \/ Yoast SEO plugin. -->","yoast_head_json":{"title":"Lemiesz do p\u0142uga 16 prawy Overum - Exparto.pl","robots":{"index":"index","follow":"follow","max-snippet":"max-snippet:-1","max-image-preview":"max-image-preview:large","max-video-preview":"max-video-preview:-1"},"canonical":"https:\/\/exparto.pl\/en\/produkt\/lemiesz-do-pluga-16-prawy-overum\/","og_locale":"en_US","og_type":"article","og_title":"Lemiesz do p\u0142uga 16 prawy Overum - Exparto.pl","og_description":"Lemiesz prawy","og_url":"https:\/\/exparto.pl\/en\/produkt\/lemiesz-do-pluga-16-prawy-overum\/","og_site_name":"Exparto.pl","article_publisher":"https:\/\/www.facebook.com\/exparto.agro\/","article_modified_time":"2026-01-21T11:34:27+00:00","og_image":[{"width":1200,"height":1200,"url":"https:\/\/exparto.pl\/wp-content\/uploads\/2024\/04\/85a457dcd4f5d317f570e90080f5709c.jpg","type":"image\/jpeg"}],"twitter_card":"summary_large_image","twitter_misc":{"Est. reading time":"2 minutes"},"schema":{"@context":"https:\/\/schema.org","@graph":[{"@type":"WebPage","@id":"https:\/\/exparto.pl\/en\/produkt\/lemiesz-do-pluga-16-prawy-overum\/","url":"https:\/\/exparto.pl\/en\/produkt\/lemiesz-do-pluga-16-prawy-overum\/","name":"Lemiesz do p\u0142uga 16 prawy Overum - Exparto.pl","isPartOf":{"@id":"https:\/\/exparto.pl\/en\/#website"},"primaryImageOfPage":{"@id":"https:\/\/exparto.pl\/en\/produkt\/lemiesz-do-pluga-16-prawy-overum\/#primaryimage"},"image":{"@id":"https:\/\/exparto.pl\/en\/produkt\/lemiesz-do-pluga-16-prawy-overum\/#primaryimage"},"thumbnailUrl":"https:\/\/exparto.pl\/wp-content\/uploads\/2024\/04\/85a457dcd4f5d317f570e90080f5709c.jpg","datePublished":"2024-04-04T12:19:33+00:00","dateModified":"2026-01-21T11:34:27+00:00","breadcrumb":{"@id":"https:\/\/exparto.pl\/en\/produkt\/lemiesz-do-pluga-16-prawy-overum\/#breadcrumb"},"inLanguage":"en-US","potentialAction":[{"@type":"ReadAction","target":["https:\/\/exparto.pl\/en\/produkt\/lemiesz-do-pluga-16-prawy-overum\/"]}]},{"@type":"ImageObject","inLanguage":"en-US","@id":"https:\/\/exparto.pl\/en\/produkt\/lemiesz-do-pluga-16-prawy-overum\/#primaryimage","url":"https:\/\/exparto.pl\/wp-content\/uploads\/2024\/04\/85a457dcd4f5d317f570e90080f5709c.jpg","contentUrl":"https:\/\/exparto.pl\/wp-content\/uploads\/2024\/04\/85a457dcd4f5d317f570e90080f5709c.jpg","width":1200,"height":1200},{"@type":"BreadcrumbList","@id":"https:\/\/exparto.pl\/en\/produkt\/lemiesz-do-pluga-16-prawy-overum\/#breadcrumb","itemListElement":[{"@type":"ListItem","position":1,"name":"Homepage","item":"https:\/\/exparto.pl\/en\/homepage\/"},{"@type":"ListItem","position":2,"name":"Sklep","item":"https:\/\/exparto.pl\/sklep\/"},{"@type":"ListItem","position":3,"name":"Plough parts","item":"https:\/\/exparto.pl\/en\/product-category\/plough-parts\/"},{"@type":"ListItem","position":4,"name":"Plough blades","item":"https:\/\/exparto.pl\/en\/product-category\/plough-parts\/plough-blades\/"},{"@type":"ListItem","position":5,"name":"Lemiesz do p\u0142uga 16 prawy Overum"}]},{"@type":"WebSite","@id":"https:\/\/exparto.pl\/en\/#website","url":"https:\/\/exparto.pl\/en\/","name":"EXPARTO","description":"More than agro parts","publisher":{"@id":"https:\/\/exparto.pl\/en\/#organization"},"potentialAction":[{"@type":"SearchAction","target":{"@type":"EntryPoint","urlTemplate":"https:\/\/exparto.pl\/en\/?s={search_term_string}"},"query-input":{"@type":"PropertyValueSpecification","valueRequired":true,"valueName":"search_term_string"}}],"inLanguage":"en-US"},{"@type":"Organization","@id":"https:\/\/exparto.pl\/en\/#organization","name":"EXPARTO","url":"https:\/\/exparto.pl\/en\/","logo":{"@type":"ImageObject","inLanguage":"en-US","@id":"https:\/\/exparto.pl\/en\/#\/schema\/logo\/image\/","url":"https:\/\/exparto.pl\/wp-content\/uploads\/2023\/02\/logo-wektor.png","contentUrl":"https:\/\/exparto.pl\/wp-content\/uploads\/2023\/02\/logo-wektor.png","width":1338,"height":143,"caption":"EXPARTO"},"image":{"@id":"https:\/\/exparto.pl\/en\/#\/schema\/logo\/image\/"},"sameAs":["https:\/\/www.facebook.com\/exparto.agro\/"]}]}},"_links":{"self":[{"href":"https:\/\/exparto.pl\/en\/wp-json\/wp\/v2\/product\/23875","targetHints":{"allow":["GET"]}}],"collection":[{"href":"https:\/\/exparto.pl\/en\/wp-json\/wp\/v2\/product"}],"about":[{"href":"https:\/\/exparto.pl\/en\/wp-json\/wp\/v2\/types\/product"}],"replies":[{"embeddable":true,"href":"https:\/\/exparto.pl\/en\/wp-json\/wp\/v2\/comments?post=23875"}],"wp:featuredmedia":[{"embeddable":true,"href":"https:\/\/exparto.pl\/en\/wp-json\/wp\/v2\/media\/23860"}],"wp:attachment":[{"href":"https:\/\/exparto.pl\/en\/wp-json\/wp\/v2\/media?parent=23875"}],"wp:term":[{"taxonomy":"product_brand","embeddable":true,"href":"https:\/\/exparto.pl\/en\/wp-json\/wp\/v2\/product_brand?post=23875"},{"taxonomy":"product_cat","embeddable":true,"href":"https:\/\/exparto.pl\/en\/wp-json\/wp\/v2\/product_cat?post=23875"},{"taxonomy":"product_tag","embeddable":true,"href":"https:\/\/exparto.pl\/en\/wp-json\/wp\/v2\/product_tag?post=23875"}],"curies":[{"name":"wp","href":"https:\/\/api.w.org\/{rel}","templated":true}]}}