{"id":23891,"date":"2024-04-04T14:20:56","date_gmt":"2024-04-04T12:20:56","guid":{"rendered":"https:\/\/exparto.pl\/produkt\/lemiesz-do-pluga-16-lewy-overum\/"},"modified":"2026-04-24T13:54:51","modified_gmt":"2026-04-24T11:54:51","slug":"lemiesz-do-pluga-16-lewy-overum","status":"publish","type":"product","link":"https:\/\/exparto.pl\/en\/produkt\/lemiesz-do-pluga-16-lewy-overum\/","title":{"rendered":"Lemiesz do p\u0142uga lewy 16&#8243; Overum 94601 stal borowa"},"content":{"rendered":"<p style=\"text-align: justify\"><strong>Oferowany w EXPARTO lemiesz do p\u0142uga lewy w rozmiarze 16 cali pasuje do p\u0142ug\u00f3w obrotowych typu Overum<\/strong>. Cz\u0119\u015b\u0107 ta powstaje z wysokiej jako\u015bci stali borowej, dzi\u0119ki czemu jest odporna na intensywne u\u017cytkowanie w kontakcie z gleb\u0105. Zale\u017cy Ci na bezpiecznej i wydajnej orce? Pomog\u0105 Ci w tym lemiesze do p\u0142uga z naszego sklepu.<\/p>\n<h2><span style=\"font-weight: 400\">Lemiesz do p\u0142uga \u2013 lewy, 16 cali \u2013 Overum<\/span><\/h2>\n<p style=\"text-align: justify\"><strong>W tym miejscu oferujemy Ci dedykowany lemiesz p\u0142uga 16&#8243;, kt\u00f3ry przeznaczony jest do stosowania w p\u0142ugach obrotowych typu Overum<\/strong>. To jedna z cz\u0119\u015bci roboczych maszyny rolniczej, kt\u00f3ra pe\u0142ni wa\u017cn\u0105 funkcj\u0119 w ca\u0142ym procesie spulchniania i kruszenia ziemi. Lemiesz odpowiada za zrywanie i odwracanie wierzchniej warstwy gleby. Od jako\u015bci wykonania i stanu technicznego tego elementu zale\u017c\u0105 wygoda i bezpiecze\u0144stwo prowadzonej orki.<\/p>\n<p style=\"text-align: justify\"><strong>Ze wzgl\u0119du na specyfik\u0119 jego u\u017cytkowania, lemiesz do p\u0142uga Overum co jaki\u015b czas wymaga wymiany<\/strong>. Im lepszej jako\u015bci produkt zastosujesz, tym d\u0142u\u017cej zachowa on swoje podstawowe w\u0142a\u015bciwo\u015bci i przydatno\u015b\u0107. Bior\u0105c pod uwag\u0119 potrzeby rolnik\u00f3w, w EXPARTO oferujemy dedykowany lewy lemiesz do p\u0142uga w rozmiarze 16 cali, kt\u00f3ry pasuje do modeli typu Overum. <strong>Powstaje ze stali borowej o podwy\u017cszonej twardo\u015bci, co gwarantuje jego przystosowanie do intensywnej pracy w trudnych warunkach na polu<\/strong>. Produkt ten oferujemy w atrakcyjnej cenie i z kr\u00f3tkim terminem realizacji zam\u00f3wienia. <strong>Skorzystaj z oferty EXPARTO i zapewnij sobie spokojn\u0105 i wydajn\u0105 prac\u0119 w gospodarstwie rolnym<\/strong>.<\/p>\n<p style=\"text-align: justify\"><strong>Zastosowanie:<\/strong><\/p>\n<ul>\n<li style=\"text-align: justify\">p\u0142ugi obrotowe typu Overum<\/li>\n<\/ul>\n<p style=\"text-align: justify\"><strong>Numer katalogowy:<\/strong><\/p>\n<ul>\n<li style=\"text-align: justify\">94601<\/li>\n<\/ul>\n","protected":false},"excerpt":{"rendered":"<p>Lemiesz lewy do pluga obrotowego Overum wykonany ze stali borowej &#8211; twardo\u015b\u0107 43-50HRC.<\/p>\n","protected":false},"featured_media":64861,"comment_status":"open","ping_status":"closed","template":"","meta":{"_acf_changed":false,"inline_featured_image":false},"product_brand":[1043],"product_cat":[765,772,934],"product_tag":[],"class_list":{"0":"post-23891","1":"product","2":"type-product","3":"status-publish","4":"has-post-thumbnail","6":"product_brand-agro-interstar","7":"product_cat-czesci-do-plugow","8":"product_cat-lemiesze-do-pluga","9":"product_cat-lemiesze-lewe","11":"first","12":"instock","13":"taxable","14":"shipping-taxable","15":"purchasable","16":"product-type-simple"},"acf":[],"yoast_head":"<!-- This site is optimized with the Yoast SEO plugin v27.4 - https:\/\/yoast.com\/product\/yoast-seo-wordpress\/ -->\n<title>Lemiesz do p\u0142uga lewy 16&quot; Overum 94601 stal borowa - Exparto.pl<\/title>\n<meta name=\"robots\" content=\"index, follow, max-snippet:-1, max-image-preview:large, max-video-preview:-1\" \/>\n<link rel=\"canonical\" href=\"https:\/\/exparto.pl\/en\/produkt\/lemiesz-do-pluga-16-lewy-overum\/\" \/>\n<meta property=\"og:locale\" content=\"en_US\" \/>\n<meta property=\"og:type\" content=\"article\" \/>\n<meta property=\"og:title\" content=\"Lemiesz do p\u0142uga lewy 16&quot; Overum 94601 stal borowa - Exparto.pl\" \/>\n<meta property=\"og:description\" content=\"Lemiesz lewy do pluga obrotowego Overum wykonany ze stali borowej - twardo\u015b\u0107 43-50HRC.\" \/>\n<meta property=\"og:url\" content=\"https:\/\/exparto.pl\/en\/produkt\/lemiesz-do-pluga-16-lewy-overum\/\" \/>\n<meta property=\"og:site_name\" content=\"Exparto.pl\" \/>\n<meta property=\"article:publisher\" content=\"https:\/\/www.facebook.com\/exparto.agro\/\" \/>\n<meta property=\"article:modified_time\" content=\"2026-04-24T11:54:51+00:00\" \/>\n<meta property=\"og:image\" content=\"https:\/\/exparto.pl\/wp-content\/uploads\/2026\/04\/4562531c2c343671b310e5f4f640b552.jpg\" \/>\n\t<meta property=\"og:image:width\" content=\"1200\" \/>\n\t<meta property=\"og:image:height\" content=\"1200\" \/>\n\t<meta property=\"og:image:type\" content=\"image\/jpeg\" \/>\n<meta name=\"twitter:card\" content=\"summary_large_image\" \/>\n<meta name=\"twitter:label1\" content=\"Est. reading time\" \/>\n\t<meta name=\"twitter:data1\" content=\"2 minutes\" \/>\n<script type=\"application\/ld+json\" class=\"yoast-schema-graph\">{\"@context\":\"https:\\\/\\\/schema.org\",\"@graph\":[{\"@type\":\"WebPage\",\"@id\":\"https:\\\/\\\/exparto.pl\\\/en\\\/produkt\\\/lemiesz-do-pluga-16-lewy-overum\\\/\",\"url\":\"https:\\\/\\\/exparto.pl\\\/en\\\/produkt\\\/lemiesz-do-pluga-16-lewy-overum\\\/\",\"name\":\"Lemiesz do p\u0142uga lewy 16\\\" Overum 94601 stal borowa - Exparto.pl\",\"isPartOf\":{\"@id\":\"https:\\\/\\\/exparto.pl\\\/en\\\/#website\"},\"primaryImageOfPage\":{\"@id\":\"https:\\\/\\\/exparto.pl\\\/en\\\/produkt\\\/lemiesz-do-pluga-16-lewy-overum\\\/#primaryimage\"},\"image\":{\"@id\":\"https:\\\/\\\/exparto.pl\\\/en\\\/produkt\\\/lemiesz-do-pluga-16-lewy-overum\\\/#primaryimage\"},\"thumbnailUrl\":\"https:\\\/\\\/exparto.pl\\\/wp-content\\\/uploads\\\/2026\\\/04\\\/4562531c2c343671b310e5f4f640b552.jpg\",\"datePublished\":\"2024-04-04T12:20:56+00:00\",\"dateModified\":\"2026-04-24T11:54:51+00:00\",\"breadcrumb\":{\"@id\":\"https:\\\/\\\/exparto.pl\\\/en\\\/produkt\\\/lemiesz-do-pluga-16-lewy-overum\\\/#breadcrumb\"},\"inLanguage\":\"en-US\",\"potentialAction\":[{\"@type\":\"ReadAction\",\"target\":[\"https:\\\/\\\/exparto.pl\\\/en\\\/produkt\\\/lemiesz-do-pluga-16-lewy-overum\\\/\"]}]},{\"@type\":\"ImageObject\",\"inLanguage\":\"en-US\",\"@id\":\"https:\\\/\\\/exparto.pl\\\/en\\\/produkt\\\/lemiesz-do-pluga-16-lewy-overum\\\/#primaryimage\",\"url\":\"https:\\\/\\\/exparto.pl\\\/wp-content\\\/uploads\\\/2026\\\/04\\\/4562531c2c343671b310e5f4f640b552.jpg\",\"contentUrl\":\"https:\\\/\\\/exparto.pl\\\/wp-content\\\/uploads\\\/2026\\\/04\\\/4562531c2c343671b310e5f4f640b552.jpg\",\"width\":1200,\"height\":1200,\"caption\":\"7da2a9575242600917f6541e75a2d032\"},{\"@type\":\"BreadcrumbList\",\"@id\":\"https:\\\/\\\/exparto.pl\\\/en\\\/produkt\\\/lemiesz-do-pluga-16-lewy-overum\\\/#breadcrumb\",\"itemListElement\":[{\"@type\":\"ListItem\",\"position\":1,\"name\":\"Homepage\",\"item\":\"https:\\\/\\\/exparto.pl\\\/en\\\/homepage\\\/\"},{\"@type\":\"ListItem\",\"position\":2,\"name\":\"Sklep\",\"item\":\"https:\\\/\\\/exparto.pl\\\/sklep\\\/\"},{\"@type\":\"ListItem\",\"position\":3,\"name\":\"Plough parts\",\"item\":\"https:\\\/\\\/exparto.pl\\\/en\\\/product-category\\\/plough-parts\\\/\"},{\"@type\":\"ListItem\",\"position\":4,\"name\":\"Plough blades\",\"item\":\"https:\\\/\\\/exparto.pl\\\/en\\\/product-category\\\/plough-parts\\\/plough-blades\\\/\"},{\"@type\":\"ListItem\",\"position\":5,\"name\":\"Lemiesz do p\u0142uga lewy 16&#8243; Overum 94601 stal borowa\"}]},{\"@type\":\"WebSite\",\"@id\":\"https:\\\/\\\/exparto.pl\\\/en\\\/#website\",\"url\":\"https:\\\/\\\/exparto.pl\\\/en\\\/\",\"name\":\"EXPARTO\",\"description\":\"More than agro parts\",\"publisher\":{\"@id\":\"https:\\\/\\\/exparto.pl\\\/en\\\/#organization\"},\"potentialAction\":[{\"@type\":\"SearchAction\",\"target\":{\"@type\":\"EntryPoint\",\"urlTemplate\":\"https:\\\/\\\/exparto.pl\\\/en\\\/?s={search_term_string}\"},\"query-input\":{\"@type\":\"PropertyValueSpecification\",\"valueRequired\":true,\"valueName\":\"search_term_string\"}}],\"inLanguage\":\"en-US\"},{\"@type\":\"Organization\",\"@id\":\"https:\\\/\\\/exparto.pl\\\/en\\\/#organization\",\"name\":\"EXPARTO\",\"url\":\"https:\\\/\\\/exparto.pl\\\/en\\\/\",\"logo\":{\"@type\":\"ImageObject\",\"inLanguage\":\"en-US\",\"@id\":\"https:\\\/\\\/exparto.pl\\\/en\\\/#\\\/schema\\\/logo\\\/image\\\/\",\"url\":\"https:\\\/\\\/exparto.pl\\\/wp-content\\\/uploads\\\/2023\\\/02\\\/logo-wektor.png\",\"contentUrl\":\"https:\\\/\\\/exparto.pl\\\/wp-content\\\/uploads\\\/2023\\\/02\\\/logo-wektor.png\",\"width\":1338,\"height\":143,\"caption\":\"EXPARTO\"},\"image\":{\"@id\":\"https:\\\/\\\/exparto.pl\\\/en\\\/#\\\/schema\\\/logo\\\/image\\\/\"},\"sameAs\":[\"https:\\\/\\\/www.facebook.com\\\/exparto.agro\\\/\"]}]}<\/script>\n<!-- \/ Yoast SEO plugin. -->","yoast_head_json":{"title":"Lemiesz do p\u0142uga lewy 16\" Overum 94601 stal borowa - Exparto.pl","robots":{"index":"index","follow":"follow","max-snippet":"max-snippet:-1","max-image-preview":"max-image-preview:large","max-video-preview":"max-video-preview:-1"},"canonical":"https:\/\/exparto.pl\/en\/produkt\/lemiesz-do-pluga-16-lewy-overum\/","og_locale":"en_US","og_type":"article","og_title":"Lemiesz do p\u0142uga lewy 16\" Overum 94601 stal borowa - Exparto.pl","og_description":"Lemiesz lewy do pluga obrotowego Overum wykonany ze stali borowej - twardo\u015b\u0107 43-50HRC.","og_url":"https:\/\/exparto.pl\/en\/produkt\/lemiesz-do-pluga-16-lewy-overum\/","og_site_name":"Exparto.pl","article_publisher":"https:\/\/www.facebook.com\/exparto.agro\/","article_modified_time":"2026-04-24T11:54:51+00:00","og_image":[{"width":1200,"height":1200,"url":"https:\/\/exparto.pl\/wp-content\/uploads\/2026\/04\/4562531c2c343671b310e5f4f640b552.jpg","type":"image\/jpeg"}],"twitter_card":"summary_large_image","twitter_misc":{"Est. reading time":"2 minutes"},"schema":{"@context":"https:\/\/schema.org","@graph":[{"@type":"WebPage","@id":"https:\/\/exparto.pl\/en\/produkt\/lemiesz-do-pluga-16-lewy-overum\/","url":"https:\/\/exparto.pl\/en\/produkt\/lemiesz-do-pluga-16-lewy-overum\/","name":"Lemiesz do p\u0142uga lewy 16\" Overum 94601 stal borowa - Exparto.pl","isPartOf":{"@id":"https:\/\/exparto.pl\/en\/#website"},"primaryImageOfPage":{"@id":"https:\/\/exparto.pl\/en\/produkt\/lemiesz-do-pluga-16-lewy-overum\/#primaryimage"},"image":{"@id":"https:\/\/exparto.pl\/en\/produkt\/lemiesz-do-pluga-16-lewy-overum\/#primaryimage"},"thumbnailUrl":"https:\/\/exparto.pl\/wp-content\/uploads\/2026\/04\/4562531c2c343671b310e5f4f640b552.jpg","datePublished":"2024-04-04T12:20:56+00:00","dateModified":"2026-04-24T11:54:51+00:00","breadcrumb":{"@id":"https:\/\/exparto.pl\/en\/produkt\/lemiesz-do-pluga-16-lewy-overum\/#breadcrumb"},"inLanguage":"en-US","potentialAction":[{"@type":"ReadAction","target":["https:\/\/exparto.pl\/en\/produkt\/lemiesz-do-pluga-16-lewy-overum\/"]}]},{"@type":"ImageObject","inLanguage":"en-US","@id":"https:\/\/exparto.pl\/en\/produkt\/lemiesz-do-pluga-16-lewy-overum\/#primaryimage","url":"https:\/\/exparto.pl\/wp-content\/uploads\/2026\/04\/4562531c2c343671b310e5f4f640b552.jpg","contentUrl":"https:\/\/exparto.pl\/wp-content\/uploads\/2026\/04\/4562531c2c343671b310e5f4f640b552.jpg","width":1200,"height":1200,"caption":"7da2a9575242600917f6541e75a2d032"},{"@type":"BreadcrumbList","@id":"https:\/\/exparto.pl\/en\/produkt\/lemiesz-do-pluga-16-lewy-overum\/#breadcrumb","itemListElement":[{"@type":"ListItem","position":1,"name":"Homepage","item":"https:\/\/exparto.pl\/en\/homepage\/"},{"@type":"ListItem","position":2,"name":"Sklep","item":"https:\/\/exparto.pl\/sklep\/"},{"@type":"ListItem","position":3,"name":"Plough parts","item":"https:\/\/exparto.pl\/en\/product-category\/plough-parts\/"},{"@type":"ListItem","position":4,"name":"Plough blades","item":"https:\/\/exparto.pl\/en\/product-category\/plough-parts\/plough-blades\/"},{"@type":"ListItem","position":5,"name":"Lemiesz do p\u0142uga lewy 16&#8243; Overum 94601 stal borowa"}]},{"@type":"WebSite","@id":"https:\/\/exparto.pl\/en\/#website","url":"https:\/\/exparto.pl\/en\/","name":"EXPARTO","description":"More than agro parts","publisher":{"@id":"https:\/\/exparto.pl\/en\/#organization"},"potentialAction":[{"@type":"SearchAction","target":{"@type":"EntryPoint","urlTemplate":"https:\/\/exparto.pl\/en\/?s={search_term_string}"},"query-input":{"@type":"PropertyValueSpecification","valueRequired":true,"valueName":"search_term_string"}}],"inLanguage":"en-US"},{"@type":"Organization","@id":"https:\/\/exparto.pl\/en\/#organization","name":"EXPARTO","url":"https:\/\/exparto.pl\/en\/","logo":{"@type":"ImageObject","inLanguage":"en-US","@id":"https:\/\/exparto.pl\/en\/#\/schema\/logo\/image\/","url":"https:\/\/exparto.pl\/wp-content\/uploads\/2023\/02\/logo-wektor.png","contentUrl":"https:\/\/exparto.pl\/wp-content\/uploads\/2023\/02\/logo-wektor.png","width":1338,"height":143,"caption":"EXPARTO"},"image":{"@id":"https:\/\/exparto.pl\/en\/#\/schema\/logo\/image\/"},"sameAs":["https:\/\/www.facebook.com\/exparto.agro\/"]}]}},"_links":{"self":[{"href":"https:\/\/exparto.pl\/en\/wp-json\/wp\/v2\/product\/23891","targetHints":{"allow":["GET"]}}],"collection":[{"href":"https:\/\/exparto.pl\/en\/wp-json\/wp\/v2\/product"}],"about":[{"href":"https:\/\/exparto.pl\/en\/wp-json\/wp\/v2\/types\/product"}],"replies":[{"embeddable":true,"href":"https:\/\/exparto.pl\/en\/wp-json\/wp\/v2\/comments?post=23891"}],"wp:featuredmedia":[{"embeddable":true,"href":"https:\/\/exparto.pl\/en\/wp-json\/wp\/v2\/media\/64861"}],"wp:attachment":[{"href":"https:\/\/exparto.pl\/en\/wp-json\/wp\/v2\/media?parent=23891"}],"wp:term":[{"taxonomy":"product_brand","embeddable":true,"href":"https:\/\/exparto.pl\/en\/wp-json\/wp\/v2\/product_brand?post=23891"},{"taxonomy":"product_cat","embeddable":true,"href":"https:\/\/exparto.pl\/en\/wp-json\/wp\/v2\/product_cat?post=23891"},{"taxonomy":"product_tag","embeddable":true,"href":"https:\/\/exparto.pl\/en\/wp-json\/wp\/v2\/product_tag?post=23891"}],"curies":[{"name":"wp","href":"https:\/\/api.w.org\/{rel}","templated":true}]}}