{"id":23959,"date":"2024-04-05T15:32:15","date_gmt":"2024-04-05T13:32:15","guid":{"rendered":"https:\/\/exparto.pl\/produkt\/dluto-do-pluga-vis-17-xl-unia-3-otworowe-lewe\/"},"modified":"2026-03-22T23:02:07","modified_gmt":"2026-03-22T22:02:07","slug":"dluto-do-pluga-vis-17-xl-unia-3-otworowe-lewe","status":"publish","type":"product","link":"https:\/\/exparto.pl\/en\/produkt\/dluto-do-pluga-vis-17-xl-unia-3-otworowe-lewe\/","title":{"rendered":"D\u0142uto do p\u0142uga VIS\/17 XL Unia 3-otworowe lewe"},"content":{"rendered":"<p><b>Zastosowanie<\/b><span style=\"font-weight: 400\">:\u00a0<\/span><\/p>\n<ul>\n<li style=\"font-weight: 400\"><span style=\"font-weight: 400\">p\u0142ugi obrotowe<\/span><\/li>\n<\/ul>\n<p><b>Numer katalogowy<\/b><span style=\"font-weight: 400\">:<\/span><\/p>\n<ul>\n<li style=\"font-weight: 400\"><span style=\"font-weight: 400\">106727000<\/span><\/li>\n<li style=\"font-weight: 400\"><span style=\"font-weight: 400\">1150722010<\/span><\/li>\n<\/ul>\n<p><span style=\"font-weight: 400\">W tym miejscu przygotowali\u015bmy dla Ciebie d\u0142uta do p\u0142uga Unia Grudzi\u0105dz wykonane z wytrzyma\u0142ej stali borowej. <\/span><b>Oferujemy model lewy z trzema otworami, kt\u00f3ry pasuje do modelu p\u0142uga VIS\/17 XL<\/b><span style=\"font-weight: 400\">. Poznaj jego specyfikacj\u0119 techniczn\u0105 i dobierz produkt bezpo\u015brednio do swoich potrzeb.\u00a0<\/span><\/p>\n<h2><span style=\"font-weight: 400\">D\u0142uto do p\u0142uga \u2013 lewe \u2013 Unia Grudzi\u0105dz \u2013 3-otworowe<\/span><\/h2>\n<p><span style=\"font-weight: 400\">D\u0142uto p\u0142uga to cz\u0119\u015b\u0107, kt\u00f3ra bierze czynny udzia\u0142 w trakcie orki. <\/span><b>W zwi\u0105zku z tym nara\u017cona jest na uszkodzenia w wyniku kontaktu z ziemi\u0105, kamieniami i innymi przeszkodami<\/b><span style=\"font-weight: 400\">. Odpowiednia piel\u0119gnacja sprawi, \u017ce element d\u0142u\u017cej zachowa swoje w\u0142a\u015bciwo\u015bci i skuteczno\u015b\u0107 dzia\u0142ania. Z czasem jednak wymagana jest jego wymiana. <\/span><b>W EXPARTO proponujemy Ci d\u0142uto lewe z trzema otworami, kt\u00f3re pasuje do p\u0142ug\u00f3w polskiego producenta Unia Grudzi\u0105dz<\/b><span style=\"font-weight: 400\">. Spe\u0142nia one najwy\u017csze standardy w zakresie jako\u015bci i wytrzyma\u0142o\u015bci, poniewa\u017c powsta\u0142o z twardej stali borowej.\u00a0<\/span><\/p>\n<p><p style=\"text-align: justify\"><span style=\"font-weight: 400\">Zastanawiasz si\u0119, czy ten produkt pasuje do Twojego p\u0142uga? <\/span><b>Zapoznaj si\u0119 z jego parametrami technicznymi i w przypadku jakichkolwiek w\u0105tpliwo\u015bci skontaktuj si\u0119 z naszym ekspertem<\/b><span style=\"font-weight: 400\">. Poprowadzimy Ci\u0119 przez proces zakupowy. <\/span><\/p>\n","protected":false},"excerpt":{"rendered":"<p style=\"text-align: justify\">D\u0142uto lewe<\/p>\n","protected":false},"featured_media":23924,"comment_status":"open","ping_status":"closed","template":"","meta":{"_acf_changed":false,"inline_featured_image":false},"product_brand":[],"product_cat":[765,771,936],"product_tag":[],"class_list":{"0":"post-23959","1":"product","2":"type-product","3":"status-publish","4":"has-post-thumbnail","6":"product_cat-czesci-do-plugow","7":"product_cat-dluta-do-pluga","8":"product_cat-dluta-lewe","10":"first","11":"instock","12":"taxable","13":"shipping-taxable","14":"purchasable","15":"product-type-simple"},"acf":[],"yoast_head":"<!-- This site is optimized with the Yoast SEO plugin v27.2 - https:\/\/yoast.com\/product\/yoast-seo-wordpress\/ -->\n<title>D\u0142uto do p\u0142uga VIS\/17 XL Unia 3-otworowe lewe - Exparto.pl<\/title>\n<meta name=\"robots\" content=\"index, follow, max-snippet:-1, max-image-preview:large, max-video-preview:-1\" \/>\n<link rel=\"canonical\" href=\"https:\/\/exparto.pl\/en\/produkt\/dluto-do-pluga-vis-17-xl-unia-3-otworowe-lewe\/\" \/>\n<meta property=\"og:locale\" content=\"en_US\" \/>\n<meta property=\"og:type\" content=\"article\" \/>\n<meta property=\"og:title\" content=\"D\u0142uto do p\u0142uga VIS\/17 XL Unia 3-otworowe lewe - Exparto.pl\" \/>\n<meta property=\"og:description\" content=\"D\u0142uto lewe\" \/>\n<meta property=\"og:url\" content=\"https:\/\/exparto.pl\/en\/produkt\/dluto-do-pluga-vis-17-xl-unia-3-otworowe-lewe\/\" \/>\n<meta property=\"og:site_name\" content=\"Exparto.pl\" \/>\n<meta property=\"article:publisher\" content=\"https:\/\/www.facebook.com\/exparto.agro\/\" \/>\n<meta property=\"article:modified_time\" content=\"2026-03-22T22:02:07+00:00\" \/>\n<meta property=\"og:image\" content=\"https:\/\/exparto.pl\/wp-content\/uploads\/2024\/04\/3444eafc78e638edfc719a8fb7235047.jpg\" \/>\n\t<meta property=\"og:image:width\" content=\"1200\" \/>\n\t<meta property=\"og:image:height\" content=\"1200\" \/>\n\t<meta property=\"og:image:type\" content=\"image\/jpeg\" \/>\n<meta name=\"twitter:card\" content=\"summary_large_image\" \/>\n<meta name=\"twitter:label1\" content=\"Est. reading time\" \/>\n\t<meta name=\"twitter:data1\" content=\"2 minutes\" \/>\n<script type=\"application\/ld+json\" class=\"yoast-schema-graph\">{\"@context\":\"https:\/\/schema.org\",\"@graph\":[{\"@type\":\"WebPage\",\"@id\":\"https:\/\/exparto.pl\/en\/produkt\/dluto-do-pluga-vis-17-xl-unia-3-otworowe-lewe\/\",\"url\":\"https:\/\/exparto.pl\/en\/produkt\/dluto-do-pluga-vis-17-xl-unia-3-otworowe-lewe\/\",\"name\":\"D\u0142uto do p\u0142uga VIS\/17 XL Unia 3-otworowe lewe - Exparto.pl\",\"isPartOf\":{\"@id\":\"https:\/\/exparto.pl\/en\/#website\"},\"primaryImageOfPage\":{\"@id\":\"https:\/\/exparto.pl\/en\/produkt\/dluto-do-pluga-vis-17-xl-unia-3-otworowe-lewe\/#primaryimage\"},\"image\":{\"@id\":\"https:\/\/exparto.pl\/en\/produkt\/dluto-do-pluga-vis-17-xl-unia-3-otworowe-lewe\/#primaryimage\"},\"thumbnailUrl\":\"https:\/\/exparto.pl\/wp-content\/uploads\/2024\/04\/3444eafc78e638edfc719a8fb7235047.jpg\",\"datePublished\":\"2024-04-05T13:32:15+00:00\",\"dateModified\":\"2026-03-22T22:02:07+00:00\",\"breadcrumb\":{\"@id\":\"https:\/\/exparto.pl\/en\/produkt\/dluto-do-pluga-vis-17-xl-unia-3-otworowe-lewe\/#breadcrumb\"},\"inLanguage\":\"en-US\",\"potentialAction\":[{\"@type\":\"ReadAction\",\"target\":[\"https:\/\/exparto.pl\/en\/produkt\/dluto-do-pluga-vis-17-xl-unia-3-otworowe-lewe\/\"]}]},{\"@type\":\"ImageObject\",\"inLanguage\":\"en-US\",\"@id\":\"https:\/\/exparto.pl\/en\/produkt\/dluto-do-pluga-vis-17-xl-unia-3-otworowe-lewe\/#primaryimage\",\"url\":\"https:\/\/exparto.pl\/wp-content\/uploads\/2024\/04\/3444eafc78e638edfc719a8fb7235047.jpg\",\"contentUrl\":\"https:\/\/exparto.pl\/wp-content\/uploads\/2024\/04\/3444eafc78e638edfc719a8fb7235047.jpg\",\"width\":1200,\"height\":1200},{\"@type\":\"BreadcrumbList\",\"@id\":\"https:\/\/exparto.pl\/en\/produkt\/dluto-do-pluga-vis-17-xl-unia-3-otworowe-lewe\/#breadcrumb\",\"itemListElement\":[{\"@type\":\"ListItem\",\"position\":1,\"name\":\"Homepage\",\"item\":\"https:\/\/exparto.pl\/en\/homepage\/\"},{\"@type\":\"ListItem\",\"position\":2,\"name\":\"Sklep\",\"item\":\"https:\/\/exparto.pl\/sklep\/\"},{\"@type\":\"ListItem\",\"position\":3,\"name\":\"Plough parts\",\"item\":\"https:\/\/exparto.pl\/en\/product-category\/plough-parts\/\"},{\"@type\":\"ListItem\",\"position\":4,\"name\":\"D\u0142uta do p\u0142uga\",\"item\":\"https:\/\/exparto.pl\/kategoria-produktu\/czesci-do-plugow\/dluta-do-pluga\/\"},{\"@type\":\"ListItem\",\"position\":5,\"name\":\"D\u0142uto do p\u0142uga VIS\/17 XL Unia 3-otworowe lewe\"}]},{\"@type\":\"WebSite\",\"@id\":\"https:\/\/exparto.pl\/en\/#website\",\"url\":\"https:\/\/exparto.pl\/en\/\",\"name\":\"EXPARTO\",\"description\":\"More than agro parts\",\"publisher\":{\"@id\":\"https:\/\/exparto.pl\/en\/#organization\"},\"potentialAction\":[{\"@type\":\"SearchAction\",\"target\":{\"@type\":\"EntryPoint\",\"urlTemplate\":\"https:\/\/exparto.pl\/en\/?s={search_term_string}\"},\"query-input\":{\"@type\":\"PropertyValueSpecification\",\"valueRequired\":true,\"valueName\":\"search_term_string\"}}],\"inLanguage\":\"en-US\"},{\"@type\":\"Organization\",\"@id\":\"https:\/\/exparto.pl\/en\/#organization\",\"name\":\"EXPARTO\",\"url\":\"https:\/\/exparto.pl\/en\/\",\"logo\":{\"@type\":\"ImageObject\",\"inLanguage\":\"en-US\",\"@id\":\"https:\/\/exparto.pl\/en\/#\/schema\/logo\/image\/\",\"url\":\"https:\/\/exparto.pl\/wp-content\/uploads\/2023\/02\/logo-wektor.png\",\"contentUrl\":\"https:\/\/exparto.pl\/wp-content\/uploads\/2023\/02\/logo-wektor.png\",\"width\":1338,\"height\":143,\"caption\":\"EXPARTO\"},\"image\":{\"@id\":\"https:\/\/exparto.pl\/en\/#\/schema\/logo\/image\/\"},\"sameAs\":[\"https:\/\/www.facebook.com\/exparto.agro\/\"]}]}<\/script>\n<!-- \/ Yoast SEO plugin. -->","yoast_head_json":{"title":"D\u0142uto do p\u0142uga VIS\/17 XL Unia 3-otworowe lewe - Exparto.pl","robots":{"index":"index","follow":"follow","max-snippet":"max-snippet:-1","max-image-preview":"max-image-preview:large","max-video-preview":"max-video-preview:-1"},"canonical":"https:\/\/exparto.pl\/en\/produkt\/dluto-do-pluga-vis-17-xl-unia-3-otworowe-lewe\/","og_locale":"en_US","og_type":"article","og_title":"D\u0142uto do p\u0142uga VIS\/17 XL Unia 3-otworowe lewe - Exparto.pl","og_description":"D\u0142uto lewe","og_url":"https:\/\/exparto.pl\/en\/produkt\/dluto-do-pluga-vis-17-xl-unia-3-otworowe-lewe\/","og_site_name":"Exparto.pl","article_publisher":"https:\/\/www.facebook.com\/exparto.agro\/","article_modified_time":"2026-03-22T22:02:07+00:00","og_image":[{"width":1200,"height":1200,"url":"https:\/\/exparto.pl\/wp-content\/uploads\/2024\/04\/3444eafc78e638edfc719a8fb7235047.jpg","type":"image\/jpeg"}],"twitter_card":"summary_large_image","twitter_misc":{"Est. reading time":"2 minutes"},"schema":{"@context":"https:\/\/schema.org","@graph":[{"@type":"WebPage","@id":"https:\/\/exparto.pl\/en\/produkt\/dluto-do-pluga-vis-17-xl-unia-3-otworowe-lewe\/","url":"https:\/\/exparto.pl\/en\/produkt\/dluto-do-pluga-vis-17-xl-unia-3-otworowe-lewe\/","name":"D\u0142uto do p\u0142uga VIS\/17 XL Unia 3-otworowe lewe - Exparto.pl","isPartOf":{"@id":"https:\/\/exparto.pl\/en\/#website"},"primaryImageOfPage":{"@id":"https:\/\/exparto.pl\/en\/produkt\/dluto-do-pluga-vis-17-xl-unia-3-otworowe-lewe\/#primaryimage"},"image":{"@id":"https:\/\/exparto.pl\/en\/produkt\/dluto-do-pluga-vis-17-xl-unia-3-otworowe-lewe\/#primaryimage"},"thumbnailUrl":"https:\/\/exparto.pl\/wp-content\/uploads\/2024\/04\/3444eafc78e638edfc719a8fb7235047.jpg","datePublished":"2024-04-05T13:32:15+00:00","dateModified":"2026-03-22T22:02:07+00:00","breadcrumb":{"@id":"https:\/\/exparto.pl\/en\/produkt\/dluto-do-pluga-vis-17-xl-unia-3-otworowe-lewe\/#breadcrumb"},"inLanguage":"en-US","potentialAction":[{"@type":"ReadAction","target":["https:\/\/exparto.pl\/en\/produkt\/dluto-do-pluga-vis-17-xl-unia-3-otworowe-lewe\/"]}]},{"@type":"ImageObject","inLanguage":"en-US","@id":"https:\/\/exparto.pl\/en\/produkt\/dluto-do-pluga-vis-17-xl-unia-3-otworowe-lewe\/#primaryimage","url":"https:\/\/exparto.pl\/wp-content\/uploads\/2024\/04\/3444eafc78e638edfc719a8fb7235047.jpg","contentUrl":"https:\/\/exparto.pl\/wp-content\/uploads\/2024\/04\/3444eafc78e638edfc719a8fb7235047.jpg","width":1200,"height":1200},{"@type":"BreadcrumbList","@id":"https:\/\/exparto.pl\/en\/produkt\/dluto-do-pluga-vis-17-xl-unia-3-otworowe-lewe\/#breadcrumb","itemListElement":[{"@type":"ListItem","position":1,"name":"Homepage","item":"https:\/\/exparto.pl\/en\/homepage\/"},{"@type":"ListItem","position":2,"name":"Sklep","item":"https:\/\/exparto.pl\/sklep\/"},{"@type":"ListItem","position":3,"name":"Plough parts","item":"https:\/\/exparto.pl\/en\/product-category\/plough-parts\/"},{"@type":"ListItem","position":4,"name":"D\u0142uta do p\u0142uga","item":"https:\/\/exparto.pl\/kategoria-produktu\/czesci-do-plugow\/dluta-do-pluga\/"},{"@type":"ListItem","position":5,"name":"D\u0142uto do p\u0142uga VIS\/17 XL Unia 3-otworowe lewe"}]},{"@type":"WebSite","@id":"https:\/\/exparto.pl\/en\/#website","url":"https:\/\/exparto.pl\/en\/","name":"EXPARTO","description":"More than agro parts","publisher":{"@id":"https:\/\/exparto.pl\/en\/#organization"},"potentialAction":[{"@type":"SearchAction","target":{"@type":"EntryPoint","urlTemplate":"https:\/\/exparto.pl\/en\/?s={search_term_string}"},"query-input":{"@type":"PropertyValueSpecification","valueRequired":true,"valueName":"search_term_string"}}],"inLanguage":"en-US"},{"@type":"Organization","@id":"https:\/\/exparto.pl\/en\/#organization","name":"EXPARTO","url":"https:\/\/exparto.pl\/en\/","logo":{"@type":"ImageObject","inLanguage":"en-US","@id":"https:\/\/exparto.pl\/en\/#\/schema\/logo\/image\/","url":"https:\/\/exparto.pl\/wp-content\/uploads\/2023\/02\/logo-wektor.png","contentUrl":"https:\/\/exparto.pl\/wp-content\/uploads\/2023\/02\/logo-wektor.png","width":1338,"height":143,"caption":"EXPARTO"},"image":{"@id":"https:\/\/exparto.pl\/en\/#\/schema\/logo\/image\/"},"sameAs":["https:\/\/www.facebook.com\/exparto.agro\/"]}]}},"_links":{"self":[{"href":"https:\/\/exparto.pl\/en\/wp-json\/wp\/v2\/product\/23959","targetHints":{"allow":["GET"]}}],"collection":[{"href":"https:\/\/exparto.pl\/en\/wp-json\/wp\/v2\/product"}],"about":[{"href":"https:\/\/exparto.pl\/en\/wp-json\/wp\/v2\/types\/product"}],"replies":[{"embeddable":true,"href":"https:\/\/exparto.pl\/en\/wp-json\/wp\/v2\/comments?post=23959"}],"wp:featuredmedia":[{"embeddable":true,"href":"https:\/\/exparto.pl\/en\/wp-json\/wp\/v2\/media\/23924"}],"wp:attachment":[{"href":"https:\/\/exparto.pl\/en\/wp-json\/wp\/v2\/media?parent=23959"}],"wp:term":[{"taxonomy":"product_brand","embeddable":true,"href":"https:\/\/exparto.pl\/en\/wp-json\/wp\/v2\/product_brand?post=23959"},{"taxonomy":"product_cat","embeddable":true,"href":"https:\/\/exparto.pl\/en\/wp-json\/wp\/v2\/product_cat?post=23959"},{"taxonomy":"product_tag","embeddable":true,"href":"https:\/\/exparto.pl\/en\/wp-json\/wp\/v2\/product_tag?post=23959"}],"curies":[{"name":"wp","href":"https:\/\/api.w.org\/{rel}","templated":true}]}}