{"id":24173,"date":"2024-04-05T15:39:53","date_gmt":"2024-04-05T13:39:53","guid":{"rendered":"https:\/\/exparto.pl\/produkt\/dziob-redlicy-agregat-scierniskowy-lemken-smaragd\/"},"modified":"2026-04-12T23:01:03","modified_gmt":"2026-04-12T21:01:03","slug":"dziob-redlicy-agregat-scierniskowy-lemken-smaragd","status":"publish","type":"product","link":"https:\/\/exparto.pl\/en\/produkt\/dziob-redlicy-agregat-scierniskowy-lemken-smaragd\/","title":{"rendered":"Dzi\u00f3b redlicy agregat \u015bcierniskowy Lemken Smaragd"},"content":{"rendered":"<p><p style=\"text-align: justify;\">Dzi\u00f3b redlicy wykonany ze stali borowej &#8211; twardo\u015b\u0107 43-50HRC.<\/p>\n<p><p style=\"text-align: justify;\"><b>Z<\/b><span style=\"color: var(--gray-800);\"><b>astosowanie:<\/b><\/span><\/p>\n<ul>\n<li style=\"text-align: justify;\">agregat \u015bcierniskowy\/podorywkowy Lemken Smaragd, Mandam, Kongskilde, Agromasz, Expom<\/li>\n<\/ul>\n<p><p style=\"text-align: justify;\"><span style=\"color: var(--gray-800);\"><b>Numer katalogowy:\u00a0<\/b><\/span><\/p>\n<ul>\n<li style=\"text-align: justify;\">3374388<\/li>\n<\/ul>\n<p><b>Dzi\u00f3b redlicy agregatu \u015bcierniskowego Lemken Smaragd<\/b><span style=\"font-weight: 400;\"> to starannie przygotowana cz\u0119\u015b\u0107 eksploatacyjna do maszyn rolniczych. Pasuje do wielu agregat\u00f3w producent\u00f3w: Lemken Smaragd, Mandam, Kongskilde, Agromasz, Expom. <\/span><b>Jako EXPARTO gwarantujemy najwy\u017csz\u0105 jako\u015b\u0107 wykonania produktu<\/b><span style=\"font-weight: 400;\"> oraz jego bardzo dobre parametry techniczne.<\/span><\/p>\n<h2><span style=\"font-weight: 400;\">Dzi\u00f3b redlicy agregatu \u015bcierniskowego \u2013 Lemken Smaragd, Mandam, Kongskilde, Agromasz, Expom<\/span><\/h2>\n<p><span style=\"font-weight: 400;\">P\u0142ugi i agregaty \u015bcierniskowe to maszyny powszechnie wykorzystywane w gospodarstwach rolnych. U\u017cytkowane s\u0105 w trakcie orki. <\/span><b>Zadaniem agregatu \u015bcierniskowego jest zrywanie \u015bcierniska i spulchnianie wierzchniej warstwy gleby<\/b><span style=\"font-weight: 400;\">. W ten spos\u00f3b przygotowuje si\u0119 pod\u0142o\u017ce pod wysiew w celu zapewnienia sobie lepszych warunk\u00f3w do wzrostu. <\/span><b>Wa\u017cnym elementem budowy takiej maszyny jest dzi\u00f3b redlicy. To on bierze czynny udzia\u0142 w procesie zrywania i mieszania \u015bcierniska z gleb\u0105<\/b><span style=\"font-weight: 400;\">. Gdy cz\u0119\u015b\u0107 ta ulega degradacji, nale\u017cy j\u0105 wymieni\u0107.\u00a0<\/span><\/p>\n<p><span style=\"font-weight: 400;\">W trosce o Twoje potrzeby <\/span><b>przygotowali\u015bmy wysokiej jako\u015bci dzi\u00f3b redlicy Lemken Smaragd, kt\u00f3ry pasuje r\u00f3wnie\u017c do maszyn innych wybranych producent\u00f3w<\/b><span style=\"font-weight: 400;\">. Cz\u0119\u015b\u0107 ta powstaje z wysokogatunkowej stali borowej poddanej hartowaniu. Zapewnia jej to wysok\u0105 wytrzyma\u0142o\u015b\u0107 i odporno\u015b\u0107 na \u015bcieranie w trakcie intensywnej pracy w polu. Odpowiednia konserwacja dziobu redlicy sprawi, \u017ce d\u0142ugo zachowa swoje w\u0142a\u015bciwo\u015bci. <\/span><b>Zapraszamy do zakupu tego produktu w naszym sklepie<\/b><span style=\"font-weight: 400;\">.<\/span><\/p>\n","protected":false},"excerpt":{"rendered":"<p style=\"text-align: justify;\">Dzi\u00f3b redlicy<\/p>\n","protected":false},"featured_media":24146,"comment_status":"open","ping_status":"closed","template":"","meta":{"_acf_changed":false,"inline_featured_image":false},"product_brand":[],"product_cat":[851],"product_tag":[],"class_list":{"0":"post-24173","1":"product","2":"type-product","3":"status-publish","4":"has-post-thumbnail","6":"product_cat-piese-pentru-unitatea-de-taiere","8":"first","9":"instock","10":"taxable","11":"shipping-taxable","12":"purchasable","13":"product-type-simple"},"acf":[],"yoast_head":"<!-- This site is optimized with the Yoast SEO plugin v27.3 - https:\/\/yoast.com\/product\/yoast-seo-wordpress\/ -->\n<title>Dzi\u00f3b redlicy agregat \u015bcierniskowy Lemken Smaragd - Exparto.pl<\/title>\n<meta name=\"robots\" content=\"index, follow, max-snippet:-1, max-image-preview:large, max-video-preview:-1\" \/>\n<link rel=\"canonical\" href=\"https:\/\/exparto.pl\/en\/produkt\/dziob-redlicy-agregat-scierniskowy-lemken-smaragd\/\" \/>\n<meta property=\"og:locale\" content=\"en_US\" \/>\n<meta property=\"og:type\" content=\"article\" \/>\n<meta property=\"og:title\" content=\"Dzi\u00f3b redlicy agregat \u015bcierniskowy Lemken Smaragd - Exparto.pl\" \/>\n<meta property=\"og:description\" content=\"Dzi\u00f3b redlicy\" \/>\n<meta property=\"og:url\" content=\"https:\/\/exparto.pl\/en\/produkt\/dziob-redlicy-agregat-scierniskowy-lemken-smaragd\/\" \/>\n<meta property=\"og:site_name\" content=\"Exparto.pl\" \/>\n<meta property=\"article:publisher\" content=\"https:\/\/www.facebook.com\/exparto.agro\/\" \/>\n<meta property=\"article:modified_time\" content=\"2026-04-12T21:01:03+00:00\" \/>\n<meta property=\"og:image\" content=\"https:\/\/exparto.pl\/wp-content\/uploads\/2024\/04\/e070288db4a1aa4ea2a724a402ab5b10.jpg\" \/>\n\t<meta property=\"og:image:width\" content=\"1200\" \/>\n\t<meta property=\"og:image:height\" content=\"1200\" \/>\n\t<meta property=\"og:image:type\" content=\"image\/jpeg\" \/>\n<meta name=\"twitter:card\" content=\"summary_large_image\" \/>\n<meta name=\"twitter:label1\" content=\"Est. reading time\" \/>\n\t<meta name=\"twitter:data1\" content=\"2 minutes\" \/>\n<script type=\"application\/ld+json\" class=\"yoast-schema-graph\">{\"@context\":\"https:\\\/\\\/schema.org\",\"@graph\":[{\"@type\":\"WebPage\",\"@id\":\"https:\\\/\\\/exparto.pl\\\/en\\\/produkt\\\/dziob-redlicy-agregat-scierniskowy-lemken-smaragd\\\/\",\"url\":\"https:\\\/\\\/exparto.pl\\\/en\\\/produkt\\\/dziob-redlicy-agregat-scierniskowy-lemken-smaragd\\\/\",\"name\":\"Dzi\u00f3b redlicy agregat \u015bcierniskowy Lemken Smaragd - Exparto.pl\",\"isPartOf\":{\"@id\":\"https:\\\/\\\/exparto.pl\\\/en\\\/#website\"},\"primaryImageOfPage\":{\"@id\":\"https:\\\/\\\/exparto.pl\\\/en\\\/produkt\\\/dziob-redlicy-agregat-scierniskowy-lemken-smaragd\\\/#primaryimage\"},\"image\":{\"@id\":\"https:\\\/\\\/exparto.pl\\\/en\\\/produkt\\\/dziob-redlicy-agregat-scierniskowy-lemken-smaragd\\\/#primaryimage\"},\"thumbnailUrl\":\"https:\\\/\\\/exparto.pl\\\/wp-content\\\/uploads\\\/2024\\\/04\\\/e070288db4a1aa4ea2a724a402ab5b10.jpg\",\"datePublished\":\"2024-04-05T13:39:53+00:00\",\"dateModified\":\"2026-04-12T21:01:03+00:00\",\"breadcrumb\":{\"@id\":\"https:\\\/\\\/exparto.pl\\\/en\\\/produkt\\\/dziob-redlicy-agregat-scierniskowy-lemken-smaragd\\\/#breadcrumb\"},\"inLanguage\":\"en-US\",\"potentialAction\":[{\"@type\":\"ReadAction\",\"target\":[\"https:\\\/\\\/exparto.pl\\\/en\\\/produkt\\\/dziob-redlicy-agregat-scierniskowy-lemken-smaragd\\\/\"]}]},{\"@type\":\"ImageObject\",\"inLanguage\":\"en-US\",\"@id\":\"https:\\\/\\\/exparto.pl\\\/en\\\/produkt\\\/dziob-redlicy-agregat-scierniskowy-lemken-smaragd\\\/#primaryimage\",\"url\":\"https:\\\/\\\/exparto.pl\\\/wp-content\\\/uploads\\\/2024\\\/04\\\/e070288db4a1aa4ea2a724a402ab5b10.jpg\",\"contentUrl\":\"https:\\\/\\\/exparto.pl\\\/wp-content\\\/uploads\\\/2024\\\/04\\\/e070288db4a1aa4ea2a724a402ab5b10.jpg\",\"width\":1200,\"height\":1200},{\"@type\":\"BreadcrumbList\",\"@id\":\"https:\\\/\\\/exparto.pl\\\/en\\\/produkt\\\/dziob-redlicy-agregat-scierniskowy-lemken-smaragd\\\/#breadcrumb\",\"itemListElement\":[{\"@type\":\"ListItem\",\"position\":1,\"name\":\"Homepage\",\"item\":\"https:\\\/\\\/exparto.pl\\\/en\\\/homepage\\\/\"},{\"@type\":\"ListItem\",\"position\":2,\"name\":\"Sklep\",\"item\":\"https:\\\/\\\/exparto.pl\\\/sklep\\\/\"},{\"@type\":\"ListItem\",\"position\":3,\"name\":\"Cz\u0119\u015bci do agregatu \u015bcierniskowego\",\"item\":\"https:\\\/\\\/exparto.pl\\\/kategoria-produktu\\\/czesci-do-agregatu-scierniskowego\\\/\"},{\"@type\":\"ListItem\",\"position\":4,\"name\":\"Dzi\u00f3b redlicy agregat \u015bcierniskowy Lemken Smaragd\"}]},{\"@type\":\"WebSite\",\"@id\":\"https:\\\/\\\/exparto.pl\\\/en\\\/#website\",\"url\":\"https:\\\/\\\/exparto.pl\\\/en\\\/\",\"name\":\"EXPARTO\",\"description\":\"More than agro parts\",\"publisher\":{\"@id\":\"https:\\\/\\\/exparto.pl\\\/en\\\/#organization\"},\"potentialAction\":[{\"@type\":\"SearchAction\",\"target\":{\"@type\":\"EntryPoint\",\"urlTemplate\":\"https:\\\/\\\/exparto.pl\\\/en\\\/?s={search_term_string}\"},\"query-input\":{\"@type\":\"PropertyValueSpecification\",\"valueRequired\":true,\"valueName\":\"search_term_string\"}}],\"inLanguage\":\"en-US\"},{\"@type\":\"Organization\",\"@id\":\"https:\\\/\\\/exparto.pl\\\/en\\\/#organization\",\"name\":\"EXPARTO\",\"url\":\"https:\\\/\\\/exparto.pl\\\/en\\\/\",\"logo\":{\"@type\":\"ImageObject\",\"inLanguage\":\"en-US\",\"@id\":\"https:\\\/\\\/exparto.pl\\\/en\\\/#\\\/schema\\\/logo\\\/image\\\/\",\"url\":\"https:\\\/\\\/exparto.pl\\\/wp-content\\\/uploads\\\/2023\\\/02\\\/logo-wektor.png\",\"contentUrl\":\"https:\\\/\\\/exparto.pl\\\/wp-content\\\/uploads\\\/2023\\\/02\\\/logo-wektor.png\",\"width\":1338,\"height\":143,\"caption\":\"EXPARTO\"},\"image\":{\"@id\":\"https:\\\/\\\/exparto.pl\\\/en\\\/#\\\/schema\\\/logo\\\/image\\\/\"},\"sameAs\":[\"https:\\\/\\\/www.facebook.com\\\/exparto.agro\\\/\"]}]}<\/script>\n<!-- \/ Yoast SEO plugin. -->","yoast_head_json":{"title":"Dzi\u00f3b redlicy agregat \u015bcierniskowy Lemken Smaragd - Exparto.pl","robots":{"index":"index","follow":"follow","max-snippet":"max-snippet:-1","max-image-preview":"max-image-preview:large","max-video-preview":"max-video-preview:-1"},"canonical":"https:\/\/exparto.pl\/en\/produkt\/dziob-redlicy-agregat-scierniskowy-lemken-smaragd\/","og_locale":"en_US","og_type":"article","og_title":"Dzi\u00f3b redlicy agregat \u015bcierniskowy Lemken Smaragd - Exparto.pl","og_description":"Dzi\u00f3b redlicy","og_url":"https:\/\/exparto.pl\/en\/produkt\/dziob-redlicy-agregat-scierniskowy-lemken-smaragd\/","og_site_name":"Exparto.pl","article_publisher":"https:\/\/www.facebook.com\/exparto.agro\/","article_modified_time":"2026-04-12T21:01:03+00:00","og_image":[{"width":1200,"height":1200,"url":"https:\/\/exparto.pl\/wp-content\/uploads\/2024\/04\/e070288db4a1aa4ea2a724a402ab5b10.jpg","type":"image\/jpeg"}],"twitter_card":"summary_large_image","twitter_misc":{"Est. reading time":"2 minutes"},"schema":{"@context":"https:\/\/schema.org","@graph":[{"@type":"WebPage","@id":"https:\/\/exparto.pl\/en\/produkt\/dziob-redlicy-agregat-scierniskowy-lemken-smaragd\/","url":"https:\/\/exparto.pl\/en\/produkt\/dziob-redlicy-agregat-scierniskowy-lemken-smaragd\/","name":"Dzi\u00f3b redlicy agregat \u015bcierniskowy Lemken Smaragd - Exparto.pl","isPartOf":{"@id":"https:\/\/exparto.pl\/en\/#website"},"primaryImageOfPage":{"@id":"https:\/\/exparto.pl\/en\/produkt\/dziob-redlicy-agregat-scierniskowy-lemken-smaragd\/#primaryimage"},"image":{"@id":"https:\/\/exparto.pl\/en\/produkt\/dziob-redlicy-agregat-scierniskowy-lemken-smaragd\/#primaryimage"},"thumbnailUrl":"https:\/\/exparto.pl\/wp-content\/uploads\/2024\/04\/e070288db4a1aa4ea2a724a402ab5b10.jpg","datePublished":"2024-04-05T13:39:53+00:00","dateModified":"2026-04-12T21:01:03+00:00","breadcrumb":{"@id":"https:\/\/exparto.pl\/en\/produkt\/dziob-redlicy-agregat-scierniskowy-lemken-smaragd\/#breadcrumb"},"inLanguage":"en-US","potentialAction":[{"@type":"ReadAction","target":["https:\/\/exparto.pl\/en\/produkt\/dziob-redlicy-agregat-scierniskowy-lemken-smaragd\/"]}]},{"@type":"ImageObject","inLanguage":"en-US","@id":"https:\/\/exparto.pl\/en\/produkt\/dziob-redlicy-agregat-scierniskowy-lemken-smaragd\/#primaryimage","url":"https:\/\/exparto.pl\/wp-content\/uploads\/2024\/04\/e070288db4a1aa4ea2a724a402ab5b10.jpg","contentUrl":"https:\/\/exparto.pl\/wp-content\/uploads\/2024\/04\/e070288db4a1aa4ea2a724a402ab5b10.jpg","width":1200,"height":1200},{"@type":"BreadcrumbList","@id":"https:\/\/exparto.pl\/en\/produkt\/dziob-redlicy-agregat-scierniskowy-lemken-smaragd\/#breadcrumb","itemListElement":[{"@type":"ListItem","position":1,"name":"Homepage","item":"https:\/\/exparto.pl\/en\/homepage\/"},{"@type":"ListItem","position":2,"name":"Sklep","item":"https:\/\/exparto.pl\/sklep\/"},{"@type":"ListItem","position":3,"name":"Cz\u0119\u015bci do agregatu \u015bcierniskowego","item":"https:\/\/exparto.pl\/kategoria-produktu\/czesci-do-agregatu-scierniskowego\/"},{"@type":"ListItem","position":4,"name":"Dzi\u00f3b redlicy agregat \u015bcierniskowy Lemken Smaragd"}]},{"@type":"WebSite","@id":"https:\/\/exparto.pl\/en\/#website","url":"https:\/\/exparto.pl\/en\/","name":"EXPARTO","description":"More than agro parts","publisher":{"@id":"https:\/\/exparto.pl\/en\/#organization"},"potentialAction":[{"@type":"SearchAction","target":{"@type":"EntryPoint","urlTemplate":"https:\/\/exparto.pl\/en\/?s={search_term_string}"},"query-input":{"@type":"PropertyValueSpecification","valueRequired":true,"valueName":"search_term_string"}}],"inLanguage":"en-US"},{"@type":"Organization","@id":"https:\/\/exparto.pl\/en\/#organization","name":"EXPARTO","url":"https:\/\/exparto.pl\/en\/","logo":{"@type":"ImageObject","inLanguage":"en-US","@id":"https:\/\/exparto.pl\/en\/#\/schema\/logo\/image\/","url":"https:\/\/exparto.pl\/wp-content\/uploads\/2023\/02\/logo-wektor.png","contentUrl":"https:\/\/exparto.pl\/wp-content\/uploads\/2023\/02\/logo-wektor.png","width":1338,"height":143,"caption":"EXPARTO"},"image":{"@id":"https:\/\/exparto.pl\/en\/#\/schema\/logo\/image\/"},"sameAs":["https:\/\/www.facebook.com\/exparto.agro\/"]}]}},"_links":{"self":[{"href":"https:\/\/exparto.pl\/en\/wp-json\/wp\/v2\/product\/24173","targetHints":{"allow":["GET"]}}],"collection":[{"href":"https:\/\/exparto.pl\/en\/wp-json\/wp\/v2\/product"}],"about":[{"href":"https:\/\/exparto.pl\/en\/wp-json\/wp\/v2\/types\/product"}],"replies":[{"embeddable":true,"href":"https:\/\/exparto.pl\/en\/wp-json\/wp\/v2\/comments?post=24173"}],"wp:featuredmedia":[{"embeddable":true,"href":"https:\/\/exparto.pl\/en\/wp-json\/wp\/v2\/media\/24146"}],"wp:attachment":[{"href":"https:\/\/exparto.pl\/en\/wp-json\/wp\/v2\/media?parent=24173"}],"wp:term":[{"taxonomy":"product_brand","embeddable":true,"href":"https:\/\/exparto.pl\/en\/wp-json\/wp\/v2\/product_brand?post=24173"},{"taxonomy":"product_cat","embeddable":true,"href":"https:\/\/exparto.pl\/en\/wp-json\/wp\/v2\/product_cat?post=24173"},{"taxonomy":"product_tag","embeddable":true,"href":"https:\/\/exparto.pl\/en\/wp-json\/wp\/v2\/product_tag?post=24173"}],"curies":[{"name":"wp","href":"https:\/\/api.w.org\/{rel}","templated":true}]}}