{"id":25074,"date":"2024-04-22T23:01:35","date_gmt":"2024-04-22T21:01:35","guid":{"rendered":"https:\/\/exparto.pl\/produkt\/lancuch-przykrecany-23-lopatki-do-rozrzutnika-metal-fach-n-267\/"},"modified":"2026-04-23T13:41:31","modified_gmt":"2026-04-23T11:41:31","slug":"lancuch-przykrecany-23-lopatki-do-rozrzutnika-metal-fach-n-267","status":"publish","type":"product","link":"https:\/\/exparto.pl\/en\/produkt\/lancuch-przykrecany-23-lopatki-do-rozrzutnika-metal-fach-n-267\/","title":{"rendered":"\u0141a\u0144cuch wsuwany 23 \u0142opatki klasa 5 do rozrzutnika Metal-Fach N-267"},"content":{"rendered":"<p style=\"text-align: justify\"><strong>W naszym asortymencie mamy \u0142a\u0144cuch do rozrzutnika klasy 5, kt\u00f3ry przesuwa ca\u0142\u0105 zawarto\u015b\u0107 skrzyni w stron\u0119 adaptera rozrzucaj\u0105cego.<\/strong> W EXPARTO stawiamy na produkt polskiej produkcji, wykonany tak, aby wytrzymywa\u0142 bardzo du\u017ce obci\u0105\u017cenia bez ryzyka nag\u0142ego p\u0119kni\u0119cia. Zapraszamy do sprawdzenia oferty.<\/p>\n<h2><span style=\"font-weight: 400\">\u0141a\u0144cuch do rozrzutnika &#8211; przeno\u015bnik do listew, Metal-Fach N-267<\/span><\/h2>\n<p style=\"text-align: justify\">Sprawne opr\u00f3\u017cnianie maszyny zale\u017cy od tego, jak \u0142a\u0144cuch rozrzutnika wsp\u00f3\u0142pracuje z ko\u0142ami nap\u0119dowymi. To on przyjmuje na siebie ca\u0142y op\u00f3r stawiany przez \u0142adunek, dlatego tak wa\u017cne jest utrzymanie jego odpowiedniego napi\u0119cia. Zbyt lu\u017ane ogniwa mog\u0105 uderza\u0107 o konstrukcj\u0119, co prowadzi do szybkich awarii. <strong>Ten model idealnie pasuje do maszyn serii Metal-Fach N267 i odpowiada za to, by pod\u0142oga w maszynie porusza\u0142a si\u0119 p\u0142ynnie, wyrzucaj\u0105c \u0142adunek r\u00f3wnomiernie i bez przestoj\u00f3w.<\/strong><\/p>\n<p style=\"text-align: justify\"><strong>Wybieraj\u0105c nasz \u0142a\u0144cuch do rozrzutnika, zyskujesz podzesp\u00f3\u0142 odporny na rozci\u0105ganie, kt\u00f3ry radzi sobie z ci\u0119\u017ckim i zbitym nawozem naturalnym.<\/strong> W naszym sklepie znajdziesz r\u00f3wnie\u017c inne cz\u0119\u015bci do rozrzutnika, kt\u00f3re pomog\u0105 Ci utrzyma\u0107 rozrzutnik Metal-Fach N267 w pe\u0142nej sprawno\u015bci.<\/p>\n<p style=\"text-align: justify\"><strong>Zastosowanie:<\/strong><\/p>\n<ul>\n<li style=\"text-align: justify\">rozrzutnik Metal-Fach N-267<\/li>\n<\/ul>\n<p style=\"text-align: justify\"><strong>Numer katalogowy:<\/strong><\/p>\n<ul>\n<li style=\"text-align: justify\">02.10.20<\/li>\n<\/ul>\n","protected":false},"excerpt":{"rendered":"<p style=\"text-align: justify\">Produkt polskiej produkcji, wykonany tak, aby wytrzymywa\u0142 bardzo du\u017ce obci\u0105\u017cenia bez ryzyka nag\u0142ego p\u0119kni\u0119cia.<\/p>\n","protected":false},"featured_media":64820,"comment_status":"open","ping_status":"closed","template":"","meta":{"_acf_changed":false,"inline_featured_image":false},"product_brand":[1050],"product_cat":[732,1049],"product_tag":[],"class_list":{"0":"post-25074","1":"product","2":"type-product","3":"status-publish","4":"has-post-thumbnail","6":"product_brand-ziegert-mechanika-maszyn","7":"product_cat-czesci-do-rozrzutnika","8":"product_cat-lancuchy-przenosnika","10":"first","11":"instock","12":"taxable","13":"shipping-taxable","14":"purchasable","15":"product-type-simple"},"acf":[],"yoast_head":"<!-- This site is optimized with the Yoast SEO plugin v27.4 - https:\/\/yoast.com\/product\/yoast-seo-wordpress\/ -->\n<title>\u0141a\u0144cuch wsuwany 23 \u0142opatki klasa 5 do rozrzutnika Metal-Fach N-267 - Exparto.pl<\/title>\n<meta name=\"robots\" content=\"index, follow, max-snippet:-1, max-image-preview:large, max-video-preview:-1\" \/>\n<link rel=\"canonical\" href=\"https:\/\/exparto.pl\/en\/produkt\/lancuch-przykrecany-23-lopatki-do-rozrzutnika-metal-fach-n-267\/\" \/>\n<meta property=\"og:locale\" content=\"en_US\" \/>\n<meta property=\"og:type\" content=\"article\" \/>\n<meta property=\"og:title\" content=\"\u0141a\u0144cuch wsuwany 23 \u0142opatki klasa 5 do rozrzutnika Metal-Fach N-267 - Exparto.pl\" \/>\n<meta property=\"og:description\" content=\"Produkt polskiej produkcji, wykonany tak, aby wytrzymywa\u0142 bardzo du\u017ce obci\u0105\u017cenia bez ryzyka nag\u0142ego p\u0119kni\u0119cia.\" \/>\n<meta property=\"og:url\" content=\"https:\/\/exparto.pl\/en\/produkt\/lancuch-przykrecany-23-lopatki-do-rozrzutnika-metal-fach-n-267\/\" \/>\n<meta property=\"og:site_name\" content=\"Exparto.pl\" \/>\n<meta property=\"article:publisher\" content=\"https:\/\/www.facebook.com\/exparto.agro\/\" \/>\n<meta property=\"article:modified_time\" content=\"2026-04-23T11:41:31+00:00\" \/>\n<meta property=\"og:image\" content=\"https:\/\/exparto.pl\/wp-content\/uploads\/2026\/04\/de70f84d85ff8fb94a30d81de176da09.jpg\" \/>\n\t<meta property=\"og:image:width\" content=\"1200\" \/>\n\t<meta property=\"og:image:height\" content=\"1200\" \/>\n\t<meta property=\"og:image:type\" content=\"image\/jpeg\" \/>\n<meta name=\"twitter:card\" content=\"summary_large_image\" \/>\n<meta name=\"twitter:label1\" content=\"Est. reading time\" \/>\n\t<meta name=\"twitter:data1\" content=\"1 minute\" \/>\n<script type=\"application\/ld+json\" class=\"yoast-schema-graph\">{\"@context\":\"https:\\\/\\\/schema.org\",\"@graph\":[{\"@type\":\"WebPage\",\"@id\":\"https:\\\/\\\/exparto.pl\\\/en\\\/produkt\\\/lancuch-przykrecany-23-lopatki-do-rozrzutnika-metal-fach-n-267\\\/\",\"url\":\"https:\\\/\\\/exparto.pl\\\/en\\\/produkt\\\/lancuch-przykrecany-23-lopatki-do-rozrzutnika-metal-fach-n-267\\\/\",\"name\":\"\u0141a\u0144cuch wsuwany 23 \u0142opatki klasa 5 do rozrzutnika Metal-Fach N-267 - Exparto.pl\",\"isPartOf\":{\"@id\":\"https:\\\/\\\/exparto.pl\\\/en\\\/#website\"},\"primaryImageOfPage\":{\"@id\":\"https:\\\/\\\/exparto.pl\\\/en\\\/produkt\\\/lancuch-przykrecany-23-lopatki-do-rozrzutnika-metal-fach-n-267\\\/#primaryimage\"},\"image\":{\"@id\":\"https:\\\/\\\/exparto.pl\\\/en\\\/produkt\\\/lancuch-przykrecany-23-lopatki-do-rozrzutnika-metal-fach-n-267\\\/#primaryimage\"},\"thumbnailUrl\":\"https:\\\/\\\/exparto.pl\\\/wp-content\\\/uploads\\\/2026\\\/04\\\/de70f84d85ff8fb94a30d81de176da09.jpg\",\"datePublished\":\"2024-04-22T21:01:35+00:00\",\"dateModified\":\"2026-04-23T11:41:31+00:00\",\"breadcrumb\":{\"@id\":\"https:\\\/\\\/exparto.pl\\\/en\\\/produkt\\\/lancuch-przykrecany-23-lopatki-do-rozrzutnika-metal-fach-n-267\\\/#breadcrumb\"},\"inLanguage\":\"en-US\",\"potentialAction\":[{\"@type\":\"ReadAction\",\"target\":[\"https:\\\/\\\/exparto.pl\\\/en\\\/produkt\\\/lancuch-przykrecany-23-lopatki-do-rozrzutnika-metal-fach-n-267\\\/\"]}]},{\"@type\":\"ImageObject\",\"inLanguage\":\"en-US\",\"@id\":\"https:\\\/\\\/exparto.pl\\\/en\\\/produkt\\\/lancuch-przykrecany-23-lopatki-do-rozrzutnika-metal-fach-n-267\\\/#primaryimage\",\"url\":\"https:\\\/\\\/exparto.pl\\\/wp-content\\\/uploads\\\/2026\\\/04\\\/de70f84d85ff8fb94a30d81de176da09.jpg\",\"contentUrl\":\"https:\\\/\\\/exparto.pl\\\/wp-content\\\/uploads\\\/2026\\\/04\\\/de70f84d85ff8fb94a30d81de176da09.jpg\",\"width\":1200,\"height\":1200,\"caption\":\"c7e34eb80a7b3215a050b5b202df9628\"},{\"@type\":\"BreadcrumbList\",\"@id\":\"https:\\\/\\\/exparto.pl\\\/en\\\/produkt\\\/lancuch-przykrecany-23-lopatki-do-rozrzutnika-metal-fach-n-267\\\/#breadcrumb\",\"itemListElement\":[{\"@type\":\"ListItem\",\"position\":1,\"name\":\"Homepage\",\"item\":\"https:\\\/\\\/exparto.pl\\\/en\\\/homepage\\\/\"},{\"@type\":\"ListItem\",\"position\":2,\"name\":\"Sklep\",\"item\":\"https:\\\/\\\/exparto.pl\\\/sklep\\\/\"},{\"@type\":\"ListItem\",\"position\":3,\"name\":\"Cz\u0119\u015bci do rozrzutnika\",\"item\":\"https:\\\/\\\/exparto.pl\\\/kategoria-produktu\\\/czesci-do-rozrzutnika\\\/\"},{\"@type\":\"ListItem\",\"position\":4,\"name\":\"\u0141a\u0144cuchy przeno\u015bnika\",\"item\":\"https:\\\/\\\/exparto.pl\\\/kategoria-produktu\\\/czesci-do-rozrzutnika\\\/lancuchy-przenosnika\\\/\"},{\"@type\":\"ListItem\",\"position\":5,\"name\":\"\u0141a\u0144cuch wsuwany 23 \u0142opatki klasa 5 do rozrzutnika Metal-Fach N-267\"}]},{\"@type\":\"WebSite\",\"@id\":\"https:\\\/\\\/exparto.pl\\\/en\\\/#website\",\"url\":\"https:\\\/\\\/exparto.pl\\\/en\\\/\",\"name\":\"EXPARTO\",\"description\":\"More than agro parts\",\"publisher\":{\"@id\":\"https:\\\/\\\/exparto.pl\\\/en\\\/#organization\"},\"potentialAction\":[{\"@type\":\"SearchAction\",\"target\":{\"@type\":\"EntryPoint\",\"urlTemplate\":\"https:\\\/\\\/exparto.pl\\\/en\\\/?s={search_term_string}\"},\"query-input\":{\"@type\":\"PropertyValueSpecification\",\"valueRequired\":true,\"valueName\":\"search_term_string\"}}],\"inLanguage\":\"en-US\"},{\"@type\":\"Organization\",\"@id\":\"https:\\\/\\\/exparto.pl\\\/en\\\/#organization\",\"name\":\"EXPARTO\",\"url\":\"https:\\\/\\\/exparto.pl\\\/en\\\/\",\"logo\":{\"@type\":\"ImageObject\",\"inLanguage\":\"en-US\",\"@id\":\"https:\\\/\\\/exparto.pl\\\/en\\\/#\\\/schema\\\/logo\\\/image\\\/\",\"url\":\"https:\\\/\\\/exparto.pl\\\/wp-content\\\/uploads\\\/2023\\\/02\\\/logo-wektor.png\",\"contentUrl\":\"https:\\\/\\\/exparto.pl\\\/wp-content\\\/uploads\\\/2023\\\/02\\\/logo-wektor.png\",\"width\":1338,\"height\":143,\"caption\":\"EXPARTO\"},\"image\":{\"@id\":\"https:\\\/\\\/exparto.pl\\\/en\\\/#\\\/schema\\\/logo\\\/image\\\/\"},\"sameAs\":[\"https:\\\/\\\/www.facebook.com\\\/exparto.agro\\\/\"]}]}<\/script>\n<!-- \/ Yoast SEO plugin. -->","yoast_head_json":{"title":"\u0141a\u0144cuch wsuwany 23 \u0142opatki klasa 5 do rozrzutnika Metal-Fach N-267 - Exparto.pl","robots":{"index":"index","follow":"follow","max-snippet":"max-snippet:-1","max-image-preview":"max-image-preview:large","max-video-preview":"max-video-preview:-1"},"canonical":"https:\/\/exparto.pl\/en\/produkt\/lancuch-przykrecany-23-lopatki-do-rozrzutnika-metal-fach-n-267\/","og_locale":"en_US","og_type":"article","og_title":"\u0141a\u0144cuch wsuwany 23 \u0142opatki klasa 5 do rozrzutnika Metal-Fach N-267 - Exparto.pl","og_description":"Produkt polskiej produkcji, wykonany tak, aby wytrzymywa\u0142 bardzo du\u017ce obci\u0105\u017cenia bez ryzyka nag\u0142ego p\u0119kni\u0119cia.","og_url":"https:\/\/exparto.pl\/en\/produkt\/lancuch-przykrecany-23-lopatki-do-rozrzutnika-metal-fach-n-267\/","og_site_name":"Exparto.pl","article_publisher":"https:\/\/www.facebook.com\/exparto.agro\/","article_modified_time":"2026-04-23T11:41:31+00:00","og_image":[{"width":1200,"height":1200,"url":"https:\/\/exparto.pl\/wp-content\/uploads\/2026\/04\/de70f84d85ff8fb94a30d81de176da09.jpg","type":"image\/jpeg"}],"twitter_card":"summary_large_image","twitter_misc":{"Est. reading time":"1 minute"},"schema":{"@context":"https:\/\/schema.org","@graph":[{"@type":"WebPage","@id":"https:\/\/exparto.pl\/en\/produkt\/lancuch-przykrecany-23-lopatki-do-rozrzutnika-metal-fach-n-267\/","url":"https:\/\/exparto.pl\/en\/produkt\/lancuch-przykrecany-23-lopatki-do-rozrzutnika-metal-fach-n-267\/","name":"\u0141a\u0144cuch wsuwany 23 \u0142opatki klasa 5 do rozrzutnika Metal-Fach N-267 - Exparto.pl","isPartOf":{"@id":"https:\/\/exparto.pl\/en\/#website"},"primaryImageOfPage":{"@id":"https:\/\/exparto.pl\/en\/produkt\/lancuch-przykrecany-23-lopatki-do-rozrzutnika-metal-fach-n-267\/#primaryimage"},"image":{"@id":"https:\/\/exparto.pl\/en\/produkt\/lancuch-przykrecany-23-lopatki-do-rozrzutnika-metal-fach-n-267\/#primaryimage"},"thumbnailUrl":"https:\/\/exparto.pl\/wp-content\/uploads\/2026\/04\/de70f84d85ff8fb94a30d81de176da09.jpg","datePublished":"2024-04-22T21:01:35+00:00","dateModified":"2026-04-23T11:41:31+00:00","breadcrumb":{"@id":"https:\/\/exparto.pl\/en\/produkt\/lancuch-przykrecany-23-lopatki-do-rozrzutnika-metal-fach-n-267\/#breadcrumb"},"inLanguage":"en-US","potentialAction":[{"@type":"ReadAction","target":["https:\/\/exparto.pl\/en\/produkt\/lancuch-przykrecany-23-lopatki-do-rozrzutnika-metal-fach-n-267\/"]}]},{"@type":"ImageObject","inLanguage":"en-US","@id":"https:\/\/exparto.pl\/en\/produkt\/lancuch-przykrecany-23-lopatki-do-rozrzutnika-metal-fach-n-267\/#primaryimage","url":"https:\/\/exparto.pl\/wp-content\/uploads\/2026\/04\/de70f84d85ff8fb94a30d81de176da09.jpg","contentUrl":"https:\/\/exparto.pl\/wp-content\/uploads\/2026\/04\/de70f84d85ff8fb94a30d81de176da09.jpg","width":1200,"height":1200,"caption":"c7e34eb80a7b3215a050b5b202df9628"},{"@type":"BreadcrumbList","@id":"https:\/\/exparto.pl\/en\/produkt\/lancuch-przykrecany-23-lopatki-do-rozrzutnika-metal-fach-n-267\/#breadcrumb","itemListElement":[{"@type":"ListItem","position":1,"name":"Homepage","item":"https:\/\/exparto.pl\/en\/homepage\/"},{"@type":"ListItem","position":2,"name":"Sklep","item":"https:\/\/exparto.pl\/sklep\/"},{"@type":"ListItem","position":3,"name":"Cz\u0119\u015bci do rozrzutnika","item":"https:\/\/exparto.pl\/kategoria-produktu\/czesci-do-rozrzutnika\/"},{"@type":"ListItem","position":4,"name":"\u0141a\u0144cuchy przeno\u015bnika","item":"https:\/\/exparto.pl\/kategoria-produktu\/czesci-do-rozrzutnika\/lancuchy-przenosnika\/"},{"@type":"ListItem","position":5,"name":"\u0141a\u0144cuch wsuwany 23 \u0142opatki klasa 5 do rozrzutnika Metal-Fach N-267"}]},{"@type":"WebSite","@id":"https:\/\/exparto.pl\/en\/#website","url":"https:\/\/exparto.pl\/en\/","name":"EXPARTO","description":"More than agro parts","publisher":{"@id":"https:\/\/exparto.pl\/en\/#organization"},"potentialAction":[{"@type":"SearchAction","target":{"@type":"EntryPoint","urlTemplate":"https:\/\/exparto.pl\/en\/?s={search_term_string}"},"query-input":{"@type":"PropertyValueSpecification","valueRequired":true,"valueName":"search_term_string"}}],"inLanguage":"en-US"},{"@type":"Organization","@id":"https:\/\/exparto.pl\/en\/#organization","name":"EXPARTO","url":"https:\/\/exparto.pl\/en\/","logo":{"@type":"ImageObject","inLanguage":"en-US","@id":"https:\/\/exparto.pl\/en\/#\/schema\/logo\/image\/","url":"https:\/\/exparto.pl\/wp-content\/uploads\/2023\/02\/logo-wektor.png","contentUrl":"https:\/\/exparto.pl\/wp-content\/uploads\/2023\/02\/logo-wektor.png","width":1338,"height":143,"caption":"EXPARTO"},"image":{"@id":"https:\/\/exparto.pl\/en\/#\/schema\/logo\/image\/"},"sameAs":["https:\/\/www.facebook.com\/exparto.agro\/"]}]}},"_links":{"self":[{"href":"https:\/\/exparto.pl\/en\/wp-json\/wp\/v2\/product\/25074","targetHints":{"allow":["GET"]}}],"collection":[{"href":"https:\/\/exparto.pl\/en\/wp-json\/wp\/v2\/product"}],"about":[{"href":"https:\/\/exparto.pl\/en\/wp-json\/wp\/v2\/types\/product"}],"replies":[{"embeddable":true,"href":"https:\/\/exparto.pl\/en\/wp-json\/wp\/v2\/comments?post=25074"}],"wp:featuredmedia":[{"embeddable":true,"href":"https:\/\/exparto.pl\/en\/wp-json\/wp\/v2\/media\/64820"}],"wp:attachment":[{"href":"https:\/\/exparto.pl\/en\/wp-json\/wp\/v2\/media?parent=25074"}],"wp:term":[{"taxonomy":"product_brand","embeddable":true,"href":"https:\/\/exparto.pl\/en\/wp-json\/wp\/v2\/product_brand?post=25074"},{"taxonomy":"product_cat","embeddable":true,"href":"https:\/\/exparto.pl\/en\/wp-json\/wp\/v2\/product_cat?post=25074"},{"taxonomy":"product_tag","embeddable":true,"href":"https:\/\/exparto.pl\/en\/wp-json\/wp\/v2\/product_tag?post=25074"}],"curies":[{"name":"wp","href":"https:\/\/api.w.org\/{rel}","templated":true}]}}