{"id":25644,"date":"2024-04-23T14:45:32","date_gmt":"2024-04-23T12:45:32","guid":{"rendered":"https:\/\/exparto.pl\/produkt\/bijaki-glowicy-zestaw-16-szt-srutownik-bak\/"},"modified":"2026-03-01T15:30:11","modified_gmt":"2026-03-01T14:30:11","slug":"bijaki-glowicy-zestaw-16-szt-srutownik-bak","status":"publish","type":"product","link":"https:\/\/exparto.pl\/en\/produkt\/bijaki-glowicy-zestaw-16-szt-srutownik-bak\/","title":{"rendered":"Bijaki g\u0142owicy zestaw 16 szt. \u015brutownik B\u0105k"},"content":{"rendered":"<p><p style=\"text-align: justify;\">Komplet bijak\u00f3w w<span style=\"color: var(--gray-800);\">\u00a0zestawie 16 sztuk<\/span><\/p>\n<p><b>Zastosowanie<\/b><span style=\"font-weight: 400;\">:<\/span><\/p>\n<ul>\n<li style=\"font-weight: 400;\" aria-level=\"1\"><span style=\"font-weight: 400;\">\u015brutownik B\u0105k<\/span><\/li>\n<\/ul>\n<p><b>Numer katalogowy<\/b><span style=\"font-weight: 400;\">:<\/span><\/p>\n<ul>\n<li style=\"font-weight: 400;\" aria-level=\"1\"><span style=\"font-weight: 400;\">8111010320<\/span><\/li>\n<\/ul>\n<p><span style=\"font-weight: 400;\">Bijaki g\u0142owicy, pasuj\u0105ce do \u015brutownika B\u0105k, s<\/span><b>przedajemy w kompletnym zestawie licz\u0105cym 16 sztuk<\/b><span style=\"font-weight: 400;\">. To produkty umo\u017cliwiaj\u0105ce prawid\u0142ow\u0105 prac\u0119 \u015brutownika. <\/span><b>Urz\u0105dzenia te s\u0105 stosowane przez rolnik\u00f3w, kt\u00f3rzy we w\u0142asnym zakresie produkuj\u0105 pasz\u0119 dla zwierz\u0105t<\/b><span style=\"font-weight: 400;\">. Zapraszamy do zakup\u00f3w w EXPARTO.<\/span><\/p>\n<h2><span style=\"font-weight: 400;\">Komplet bijak\u00f3w g\u0142owicy (bijaki 15 sztuk) \u2013 \u015brutownik bijakowy B\u0105k<\/span><\/h2>\n<p><b>\u015arutownik bijakowy B\u0105k to maszyna rolnicza ch\u0119tnie wykorzystywana w polskich gospodarstwach<\/b><span style=\"font-weight: 400;\">. To maszyna ss\u0105co-t\u0142ocz\u0105ca, kt\u00f3ra charakteryzuje si\u0119 prost\u0105 konstrukcj\u0105 i wysok\u0105 wydajno\u015bci\u0105 pracy. Jej zadaniem jest zasysanie ziarna z pryzmy, silosu lub innego zbiornika. Nast\u0119pnie ziarno transportowane jest do komory, gdzie bijaki odpowiadaj\u0105 za jego rozdrobnienie do postaci \u015bruty. <\/span><b>Tu w\u0142a\u015bnie zastosowanie znajduj\u0105 oferowane przez nas bijaki g\u0142owicy<\/b><span style=\"font-weight: 400;\">.\u00a0<\/span><\/p>\n<p><p style=\"text-align: justify;\"><b>Te niewielkie elementy wykonywane s\u0105 z wytrzyma\u0142ego materia\u0142u, jakim jest stal w\u0119glowa niestopowa o wy\u017cszej jako\u015bci o oznaczeniu C45<\/b><span style=\"font-weight: 400;\">. Materia\u0142 ten jest ch\u0119tnie wykorzystywany przy projektowaniu maszyn rolniczych ze wzgl\u0119du na wysok\u0105 twardo\u015b\u0107. Ze wzgl\u0119du na jej jako\u015b\u0107, oferowane przez nas bijaki d\u0142ugo zachowuj\u0105 swoje w\u0142a\u015bciwo\u015bci i umo\u017cliwiaj\u0105 efektywn\u0105 prac\u0119 w gospodarstwie rolnym. Skorzystaj z naszej oferty i zapewnij sobie wydajn\u0105 prac\u0119 \u015brutownika B\u0105k w d\u0142u\u017cszej perspektywie oraz zminimalizuj ryzyko jego usterek. <\/span><\/p>\n","protected":false},"excerpt":{"rendered":"<p style=\"text-align: justify\">Komplet bijak\u00f3w<\/p>\n","protected":false},"featured_media":25629,"comment_status":"open","ping_status":"closed","template":"","meta":{"_acf_changed":false,"inline_featured_image":false},"product_brand":[],"product_cat":[734],"product_tag":[],"class_list":{"0":"post-25644","1":"product","2":"type-product","3":"status-publish","4":"has-post-thumbnail","6":"product_cat-czesci-do-rozdrabniacza","8":"first","9":"instock","10":"taxable","11":"shipping-taxable","12":"purchasable","13":"product-type-simple"},"acf":[],"yoast_head":"<!-- This site is optimized with the Yoast SEO plugin v27.3 - https:\/\/yoast.com\/product\/yoast-seo-wordpress\/ -->\n<title>Bijaki g\u0142owicy zestaw 16 szt. \u015brutownik B\u0105k - Exparto.pl<\/title>\n<meta name=\"robots\" content=\"index, follow, max-snippet:-1, max-image-preview:large, max-video-preview:-1\" \/>\n<link rel=\"canonical\" href=\"https:\/\/exparto.pl\/en\/produkt\/bijaki-glowicy-zestaw-16-szt-srutownik-bak\/\" \/>\n<meta property=\"og:locale\" content=\"en_US\" \/>\n<meta property=\"og:type\" content=\"article\" \/>\n<meta property=\"og:title\" content=\"Bijaki g\u0142owicy zestaw 16 szt. \u015brutownik B\u0105k - Exparto.pl\" \/>\n<meta property=\"og:description\" content=\"Komplet bijak\u00f3w\" \/>\n<meta property=\"og:url\" content=\"https:\/\/exparto.pl\/en\/produkt\/bijaki-glowicy-zestaw-16-szt-srutownik-bak\/\" \/>\n<meta property=\"og:site_name\" content=\"Exparto.pl\" \/>\n<meta property=\"article:publisher\" content=\"https:\/\/www.facebook.com\/exparto.agro\/\" \/>\n<meta property=\"article:modified_time\" content=\"2026-03-01T14:30:11+00:00\" \/>\n<meta property=\"og:image\" content=\"https:\/\/exparto.pl\/wp-content\/uploads\/2024\/04\/17085ecb00189672872a0dd8eb2b2204.jpg\" \/>\n\t<meta property=\"og:image:width\" content=\"1200\" \/>\n\t<meta property=\"og:image:height\" content=\"1200\" \/>\n\t<meta property=\"og:image:type\" content=\"image\/jpeg\" \/>\n<meta name=\"twitter:card\" content=\"summary_large_image\" \/>\n<meta name=\"twitter:label1\" content=\"Est. reading time\" \/>\n\t<meta name=\"twitter:data1\" content=\"2 minutes\" \/>\n<script type=\"application\/ld+json\" class=\"yoast-schema-graph\">{\"@context\":\"https:\\\/\\\/schema.org\",\"@graph\":[{\"@type\":\"WebPage\",\"@id\":\"https:\\\/\\\/exparto.pl\\\/en\\\/produkt\\\/bijaki-glowicy-zestaw-16-szt-srutownik-bak\\\/\",\"url\":\"https:\\\/\\\/exparto.pl\\\/en\\\/produkt\\\/bijaki-glowicy-zestaw-16-szt-srutownik-bak\\\/\",\"name\":\"Bijaki g\u0142owicy zestaw 16 szt. \u015brutownik B\u0105k - Exparto.pl\",\"isPartOf\":{\"@id\":\"https:\\\/\\\/exparto.pl\\\/en\\\/#website\"},\"primaryImageOfPage\":{\"@id\":\"https:\\\/\\\/exparto.pl\\\/en\\\/produkt\\\/bijaki-glowicy-zestaw-16-szt-srutownik-bak\\\/#primaryimage\"},\"image\":{\"@id\":\"https:\\\/\\\/exparto.pl\\\/en\\\/produkt\\\/bijaki-glowicy-zestaw-16-szt-srutownik-bak\\\/#primaryimage\"},\"thumbnailUrl\":\"https:\\\/\\\/exparto.pl\\\/wp-content\\\/uploads\\\/2024\\\/04\\\/17085ecb00189672872a0dd8eb2b2204.jpg\",\"datePublished\":\"2024-04-23T12:45:32+00:00\",\"dateModified\":\"2026-03-01T14:30:11+00:00\",\"breadcrumb\":{\"@id\":\"https:\\\/\\\/exparto.pl\\\/en\\\/produkt\\\/bijaki-glowicy-zestaw-16-szt-srutownik-bak\\\/#breadcrumb\"},\"inLanguage\":\"en-US\",\"potentialAction\":[{\"@type\":\"ReadAction\",\"target\":[\"https:\\\/\\\/exparto.pl\\\/en\\\/produkt\\\/bijaki-glowicy-zestaw-16-szt-srutownik-bak\\\/\"]}]},{\"@type\":\"ImageObject\",\"inLanguage\":\"en-US\",\"@id\":\"https:\\\/\\\/exparto.pl\\\/en\\\/produkt\\\/bijaki-glowicy-zestaw-16-szt-srutownik-bak\\\/#primaryimage\",\"url\":\"https:\\\/\\\/exparto.pl\\\/wp-content\\\/uploads\\\/2024\\\/04\\\/17085ecb00189672872a0dd8eb2b2204.jpg\",\"contentUrl\":\"https:\\\/\\\/exparto.pl\\\/wp-content\\\/uploads\\\/2024\\\/04\\\/17085ecb00189672872a0dd8eb2b2204.jpg\",\"width\":1200,\"height\":1200},{\"@type\":\"BreadcrumbList\",\"@id\":\"https:\\\/\\\/exparto.pl\\\/en\\\/produkt\\\/bijaki-glowicy-zestaw-16-szt-srutownik-bak\\\/#breadcrumb\",\"itemListElement\":[{\"@type\":\"ListItem\",\"position\":1,\"name\":\"Homepage\",\"item\":\"https:\\\/\\\/exparto.pl\\\/en\\\/homepage\\\/\"},{\"@type\":\"ListItem\",\"position\":2,\"name\":\"Sklep\",\"item\":\"https:\\\/\\\/exparto.pl\\\/sklep\\\/\"},{\"@type\":\"ListItem\",\"position\":3,\"name\":\"Cz\u0119\u015bci do rozdrabniacza\",\"item\":\"https:\\\/\\\/exparto.pl\\\/kategoria-produktu\\\/czesci-do-rozdrabniacza\\\/\"},{\"@type\":\"ListItem\",\"position\":4,\"name\":\"Bijaki g\u0142owicy zestaw 16 szt. \u015brutownik B\u0105k\"}]},{\"@type\":\"WebSite\",\"@id\":\"https:\\\/\\\/exparto.pl\\\/en\\\/#website\",\"url\":\"https:\\\/\\\/exparto.pl\\\/en\\\/\",\"name\":\"EXPARTO\",\"description\":\"More than agro parts\",\"publisher\":{\"@id\":\"https:\\\/\\\/exparto.pl\\\/en\\\/#organization\"},\"potentialAction\":[{\"@type\":\"SearchAction\",\"target\":{\"@type\":\"EntryPoint\",\"urlTemplate\":\"https:\\\/\\\/exparto.pl\\\/en\\\/?s={search_term_string}\"},\"query-input\":{\"@type\":\"PropertyValueSpecification\",\"valueRequired\":true,\"valueName\":\"search_term_string\"}}],\"inLanguage\":\"en-US\"},{\"@type\":\"Organization\",\"@id\":\"https:\\\/\\\/exparto.pl\\\/en\\\/#organization\",\"name\":\"EXPARTO\",\"url\":\"https:\\\/\\\/exparto.pl\\\/en\\\/\",\"logo\":{\"@type\":\"ImageObject\",\"inLanguage\":\"en-US\",\"@id\":\"https:\\\/\\\/exparto.pl\\\/en\\\/#\\\/schema\\\/logo\\\/image\\\/\",\"url\":\"https:\\\/\\\/exparto.pl\\\/wp-content\\\/uploads\\\/2023\\\/02\\\/logo-wektor.png\",\"contentUrl\":\"https:\\\/\\\/exparto.pl\\\/wp-content\\\/uploads\\\/2023\\\/02\\\/logo-wektor.png\",\"width\":1338,\"height\":143,\"caption\":\"EXPARTO\"},\"image\":{\"@id\":\"https:\\\/\\\/exparto.pl\\\/en\\\/#\\\/schema\\\/logo\\\/image\\\/\"},\"sameAs\":[\"https:\\\/\\\/www.facebook.com\\\/exparto.agro\\\/\"]}]}<\/script>\n<!-- \/ Yoast SEO plugin. -->","yoast_head_json":{"title":"Bijaki g\u0142owicy zestaw 16 szt. \u015brutownik B\u0105k - Exparto.pl","robots":{"index":"index","follow":"follow","max-snippet":"max-snippet:-1","max-image-preview":"max-image-preview:large","max-video-preview":"max-video-preview:-1"},"canonical":"https:\/\/exparto.pl\/en\/produkt\/bijaki-glowicy-zestaw-16-szt-srutownik-bak\/","og_locale":"en_US","og_type":"article","og_title":"Bijaki g\u0142owicy zestaw 16 szt. \u015brutownik B\u0105k - Exparto.pl","og_description":"Komplet bijak\u00f3w","og_url":"https:\/\/exparto.pl\/en\/produkt\/bijaki-glowicy-zestaw-16-szt-srutownik-bak\/","og_site_name":"Exparto.pl","article_publisher":"https:\/\/www.facebook.com\/exparto.agro\/","article_modified_time":"2026-03-01T14:30:11+00:00","og_image":[{"width":1200,"height":1200,"url":"https:\/\/exparto.pl\/wp-content\/uploads\/2024\/04\/17085ecb00189672872a0dd8eb2b2204.jpg","type":"image\/jpeg"}],"twitter_card":"summary_large_image","twitter_misc":{"Est. reading time":"2 minutes"},"schema":{"@context":"https:\/\/schema.org","@graph":[{"@type":"WebPage","@id":"https:\/\/exparto.pl\/en\/produkt\/bijaki-glowicy-zestaw-16-szt-srutownik-bak\/","url":"https:\/\/exparto.pl\/en\/produkt\/bijaki-glowicy-zestaw-16-szt-srutownik-bak\/","name":"Bijaki g\u0142owicy zestaw 16 szt. \u015brutownik B\u0105k - Exparto.pl","isPartOf":{"@id":"https:\/\/exparto.pl\/en\/#website"},"primaryImageOfPage":{"@id":"https:\/\/exparto.pl\/en\/produkt\/bijaki-glowicy-zestaw-16-szt-srutownik-bak\/#primaryimage"},"image":{"@id":"https:\/\/exparto.pl\/en\/produkt\/bijaki-glowicy-zestaw-16-szt-srutownik-bak\/#primaryimage"},"thumbnailUrl":"https:\/\/exparto.pl\/wp-content\/uploads\/2024\/04\/17085ecb00189672872a0dd8eb2b2204.jpg","datePublished":"2024-04-23T12:45:32+00:00","dateModified":"2026-03-01T14:30:11+00:00","breadcrumb":{"@id":"https:\/\/exparto.pl\/en\/produkt\/bijaki-glowicy-zestaw-16-szt-srutownik-bak\/#breadcrumb"},"inLanguage":"en-US","potentialAction":[{"@type":"ReadAction","target":["https:\/\/exparto.pl\/en\/produkt\/bijaki-glowicy-zestaw-16-szt-srutownik-bak\/"]}]},{"@type":"ImageObject","inLanguage":"en-US","@id":"https:\/\/exparto.pl\/en\/produkt\/bijaki-glowicy-zestaw-16-szt-srutownik-bak\/#primaryimage","url":"https:\/\/exparto.pl\/wp-content\/uploads\/2024\/04\/17085ecb00189672872a0dd8eb2b2204.jpg","contentUrl":"https:\/\/exparto.pl\/wp-content\/uploads\/2024\/04\/17085ecb00189672872a0dd8eb2b2204.jpg","width":1200,"height":1200},{"@type":"BreadcrumbList","@id":"https:\/\/exparto.pl\/en\/produkt\/bijaki-glowicy-zestaw-16-szt-srutownik-bak\/#breadcrumb","itemListElement":[{"@type":"ListItem","position":1,"name":"Homepage","item":"https:\/\/exparto.pl\/en\/homepage\/"},{"@type":"ListItem","position":2,"name":"Sklep","item":"https:\/\/exparto.pl\/sklep\/"},{"@type":"ListItem","position":3,"name":"Cz\u0119\u015bci do rozdrabniacza","item":"https:\/\/exparto.pl\/kategoria-produktu\/czesci-do-rozdrabniacza\/"},{"@type":"ListItem","position":4,"name":"Bijaki g\u0142owicy zestaw 16 szt. \u015brutownik B\u0105k"}]},{"@type":"WebSite","@id":"https:\/\/exparto.pl\/en\/#website","url":"https:\/\/exparto.pl\/en\/","name":"EXPARTO","description":"More than agro parts","publisher":{"@id":"https:\/\/exparto.pl\/en\/#organization"},"potentialAction":[{"@type":"SearchAction","target":{"@type":"EntryPoint","urlTemplate":"https:\/\/exparto.pl\/en\/?s={search_term_string}"},"query-input":{"@type":"PropertyValueSpecification","valueRequired":true,"valueName":"search_term_string"}}],"inLanguage":"en-US"},{"@type":"Organization","@id":"https:\/\/exparto.pl\/en\/#organization","name":"EXPARTO","url":"https:\/\/exparto.pl\/en\/","logo":{"@type":"ImageObject","inLanguage":"en-US","@id":"https:\/\/exparto.pl\/en\/#\/schema\/logo\/image\/","url":"https:\/\/exparto.pl\/wp-content\/uploads\/2023\/02\/logo-wektor.png","contentUrl":"https:\/\/exparto.pl\/wp-content\/uploads\/2023\/02\/logo-wektor.png","width":1338,"height":143,"caption":"EXPARTO"},"image":{"@id":"https:\/\/exparto.pl\/en\/#\/schema\/logo\/image\/"},"sameAs":["https:\/\/www.facebook.com\/exparto.agro\/"]}]}},"_links":{"self":[{"href":"https:\/\/exparto.pl\/en\/wp-json\/wp\/v2\/product\/25644","targetHints":{"allow":["GET"]}}],"collection":[{"href":"https:\/\/exparto.pl\/en\/wp-json\/wp\/v2\/product"}],"about":[{"href":"https:\/\/exparto.pl\/en\/wp-json\/wp\/v2\/types\/product"}],"replies":[{"embeddable":true,"href":"https:\/\/exparto.pl\/en\/wp-json\/wp\/v2\/comments?post=25644"}],"wp:featuredmedia":[{"embeddable":true,"href":"https:\/\/exparto.pl\/en\/wp-json\/wp\/v2\/media\/25629"}],"wp:attachment":[{"href":"https:\/\/exparto.pl\/en\/wp-json\/wp\/v2\/media?parent=25644"}],"wp:term":[{"taxonomy":"product_brand","embeddable":true,"href":"https:\/\/exparto.pl\/en\/wp-json\/wp\/v2\/product_brand?post=25644"},{"taxonomy":"product_cat","embeddable":true,"href":"https:\/\/exparto.pl\/en\/wp-json\/wp\/v2\/product_cat?post=25644"},{"taxonomy":"product_tag","embeddable":true,"href":"https:\/\/exparto.pl\/en\/wp-json\/wp\/v2\/product_tag?post=25644"}],"curies":[{"name":"wp","href":"https:\/\/api.w.org\/{rel}","templated":true}]}}