{"id":28339,"date":"2024-06-14T09:47:31","date_gmt":"2024-06-14T07:47:31","guid":{"rendered":"https:\/\/exparto.pl\/produkt\/noz-glebogryzarki-lewy-typ-unia-wirax-akpil\/"},"modified":"2026-04-09T15:00:41","modified_gmt":"2026-04-09T13:00:41","slug":"noz-glebogryzarki-lewy-typ-unia-wirax-akpil","status":"publish","type":"product","link":"https:\/\/exparto.pl\/en\/produkt\/noz-glebogryzarki-lewy-typ-unia-wirax-akpil\/","title":{"rendered":"N\u00f3\u017c glebogryzarki lewy typ Unia, Wirax, Akpil"},"content":{"rendered":"<p>&lt;p<\/p>\n<p><span style=\"text-align: justify\">N\u00f3\u017c do glebogryzarki<\/span><span style=\"text-align: justify\">\u00a0to<b> metalowy element<\/b>, kt\u00f3ry jest u\u017cywany do przecinania i rozdrabniania ziemi podczas pracy glebogryzarki. N\u00f3\u017c ten wykonany z<b>\u00a0<\/b><\/span><span style=\"text-align: justify\"><b>wysokiej jako\u015bci stali lub stopu<\/b><\/span><span style=\"text-align: justify\">. N\u00f3\u017c do glebogryzarki ma zwykle kszta\u0142t tr\u00f3jk\u0105ta lub liter L, co umo\u017cliwia mu skuteczne przecinanie. Wa\u017cnym elementem no\u017ca do glebogryzarki jest jego mocowanie. No\u017ce te s\u0105 zwykle mocowane na wa\u0142ku glebogryzarki, co zapewnia im\u00a0<\/span><span style=\"text-align: justify\"><b>efektywn\u0105 pr\u0119dko\u015b\u0107 i si\u0142\u0119<\/b> potrzebn\u0105 do przecinania ziemi<\/span><span style=\"text-align: justify\">. Mocowanie no\u017ca musi by\u0107 solidne i trwa\u0142e, aby m\u00f3c funkcjonowa\u0107 podczas pracy.<\/span><\/p>\n<p><span style=\"text-align: justify\"><b>Zastosowanie:<\/b><\/span><\/p>\n<\/p>\n<ul>\n<li><span style=\"text-align: justify\">Pasuje do glebogryzarek\u00a0<\/span>UNIA, WiRAX, AKPIL<\/li>\n<\/ul>\n<div style=\"text-align: justify\"><b>Numer katalogowy orygina\u0142u:<\/b><\/div>\n<div>\n<ul>\n<li style=\"text-align: justify\">U-83, N1-BN-86\/1926-01<\/li>\n<\/ul>\n<\/div>\n<p>&lt;\/p<\/p>\n<p>\n","protected":false},"excerpt":{"rendered":"<p style=\"text-align: justify\">N\u00f3\u017c glebogryzarki lewy.<\/p>\n","protected":false},"featured_media":36376,"comment_status":"open","ping_status":"closed","template":"","meta":{"_acf_changed":false,"inline_featured_image":false},"product_brand":[],"product_cat":[86],"product_tag":[],"class_list":{"0":"post-28339","1":"product","2":"type-product","3":"status-publish","4":"has-post-thumbnail","6":"product_cat-czesci-do-glebogryzarki","8":"first","9":"instock","10":"taxable","11":"shipping-taxable","12":"purchasable","13":"product-type-simple"},"acf":[],"yoast_head":"<!-- This site is optimized with the Yoast SEO plugin v27.3 - https:\/\/yoast.com\/product\/yoast-seo-wordpress\/ -->\n<title>N\u00f3\u017c glebogryzarki lewy typ Unia, Wirax, Akpil - Exparto.pl<\/title>\n<meta name=\"robots\" content=\"index, follow, max-snippet:-1, max-image-preview:large, max-video-preview:-1\" \/>\n<link rel=\"canonical\" href=\"https:\/\/exparto.pl\/en\/produkt\/noz-glebogryzarki-lewy-typ-unia-wirax-akpil\/\" \/>\n<meta property=\"og:locale\" content=\"en_US\" \/>\n<meta property=\"og:type\" content=\"article\" \/>\n<meta property=\"og:title\" content=\"N\u00f3\u017c glebogryzarki lewy typ Unia, Wirax, Akpil - Exparto.pl\" \/>\n<meta property=\"og:description\" content=\"N\u00f3\u017c glebogryzarki lewy.\" \/>\n<meta property=\"og:url\" content=\"https:\/\/exparto.pl\/en\/produkt\/noz-glebogryzarki-lewy-typ-unia-wirax-akpil\/\" \/>\n<meta property=\"og:site_name\" content=\"Exparto.pl\" \/>\n<meta property=\"article:publisher\" content=\"https:\/\/www.facebook.com\/exparto.agro\/\" \/>\n<meta property=\"article:modified_time\" content=\"2026-04-09T13:00:41+00:00\" \/>\n<meta property=\"og:image\" content=\"https:\/\/exparto.pl\/wp-content\/uploads\/2024\/06\/734a00a7c3886cfad9b26f14bd9ef387.jpg\" \/>\n\t<meta property=\"og:image:width\" content=\"1200\" \/>\n\t<meta property=\"og:image:height\" content=\"1200\" \/>\n\t<meta property=\"og:image:type\" content=\"image\/jpeg\" \/>\n<meta name=\"twitter:card\" content=\"summary_large_image\" \/>\n<meta name=\"twitter:label1\" content=\"Est. reading time\" \/>\n\t<meta name=\"twitter:data1\" content=\"1 minute\" \/>\n<script type=\"application\/ld+json\" class=\"yoast-schema-graph\">{\"@context\":\"https:\\\/\\\/schema.org\",\"@graph\":[{\"@type\":\"WebPage\",\"@id\":\"https:\\\/\\\/exparto.pl\\\/en\\\/produkt\\\/noz-glebogryzarki-lewy-typ-unia-wirax-akpil\\\/\",\"url\":\"https:\\\/\\\/exparto.pl\\\/en\\\/produkt\\\/noz-glebogryzarki-lewy-typ-unia-wirax-akpil\\\/\",\"name\":\"N\u00f3\u017c glebogryzarki lewy typ Unia, Wirax, Akpil - Exparto.pl\",\"isPartOf\":{\"@id\":\"https:\\\/\\\/exparto.pl\\\/en\\\/#website\"},\"primaryImageOfPage\":{\"@id\":\"https:\\\/\\\/exparto.pl\\\/en\\\/produkt\\\/noz-glebogryzarki-lewy-typ-unia-wirax-akpil\\\/#primaryimage\"},\"image\":{\"@id\":\"https:\\\/\\\/exparto.pl\\\/en\\\/produkt\\\/noz-glebogryzarki-lewy-typ-unia-wirax-akpil\\\/#primaryimage\"},\"thumbnailUrl\":\"https:\\\/\\\/exparto.pl\\\/wp-content\\\/uploads\\\/2024\\\/12\\\/734a00a7c3886cfad9b26f14bd9ef387.jpg\",\"datePublished\":\"2024-06-14T07:47:31+00:00\",\"dateModified\":\"2026-04-09T13:00:41+00:00\",\"breadcrumb\":{\"@id\":\"https:\\\/\\\/exparto.pl\\\/en\\\/produkt\\\/noz-glebogryzarki-lewy-typ-unia-wirax-akpil\\\/#breadcrumb\"},\"inLanguage\":\"en-US\",\"potentialAction\":[{\"@type\":\"ReadAction\",\"target\":[\"https:\\\/\\\/exparto.pl\\\/en\\\/produkt\\\/noz-glebogryzarki-lewy-typ-unia-wirax-akpil\\\/\"]}]},{\"@type\":\"ImageObject\",\"inLanguage\":\"en-US\",\"@id\":\"https:\\\/\\\/exparto.pl\\\/en\\\/produkt\\\/noz-glebogryzarki-lewy-typ-unia-wirax-akpil\\\/#primaryimage\",\"url\":\"https:\\\/\\\/exparto.pl\\\/wp-content\\\/uploads\\\/2024\\\/12\\\/734a00a7c3886cfad9b26f14bd9ef387.jpg\",\"contentUrl\":\"https:\\\/\\\/exparto.pl\\\/wp-content\\\/uploads\\\/2024\\\/12\\\/734a00a7c3886cfad9b26f14bd9ef387.jpg\",\"width\":1200,\"height\":1200},{\"@type\":\"BreadcrumbList\",\"@id\":\"https:\\\/\\\/exparto.pl\\\/en\\\/produkt\\\/noz-glebogryzarki-lewy-typ-unia-wirax-akpil\\\/#breadcrumb\",\"itemListElement\":[{\"@type\":\"ListItem\",\"position\":1,\"name\":\"Homepage\",\"item\":\"https:\\\/\\\/exparto.pl\\\/en\\\/homepage\\\/\"},{\"@type\":\"ListItem\",\"position\":2,\"name\":\"Sklep\",\"item\":\"https:\\\/\\\/exparto.pl\\\/sklep\\\/\"},{\"@type\":\"ListItem\",\"position\":3,\"name\":\"Soiler parts\",\"item\":\"https:\\\/\\\/exparto.pl\\\/en\\\/product-category\\\/soiler-parts\\\/\"},{\"@type\":\"ListItem\",\"position\":4,\"name\":\"N\u00f3\u017c glebogryzarki lewy typ Unia, Wirax, Akpil\"}]},{\"@type\":\"WebSite\",\"@id\":\"https:\\\/\\\/exparto.pl\\\/en\\\/#website\",\"url\":\"https:\\\/\\\/exparto.pl\\\/en\\\/\",\"name\":\"EXPARTO\",\"description\":\"More than agro parts\",\"publisher\":{\"@id\":\"https:\\\/\\\/exparto.pl\\\/en\\\/#organization\"},\"potentialAction\":[{\"@type\":\"SearchAction\",\"target\":{\"@type\":\"EntryPoint\",\"urlTemplate\":\"https:\\\/\\\/exparto.pl\\\/en\\\/?s={search_term_string}\"},\"query-input\":{\"@type\":\"PropertyValueSpecification\",\"valueRequired\":true,\"valueName\":\"search_term_string\"}}],\"inLanguage\":\"en-US\"},{\"@type\":\"Organization\",\"@id\":\"https:\\\/\\\/exparto.pl\\\/en\\\/#organization\",\"name\":\"EXPARTO\",\"url\":\"https:\\\/\\\/exparto.pl\\\/en\\\/\",\"logo\":{\"@type\":\"ImageObject\",\"inLanguage\":\"en-US\",\"@id\":\"https:\\\/\\\/exparto.pl\\\/en\\\/#\\\/schema\\\/logo\\\/image\\\/\",\"url\":\"https:\\\/\\\/exparto.pl\\\/wp-content\\\/uploads\\\/2023\\\/02\\\/logo-wektor.png\",\"contentUrl\":\"https:\\\/\\\/exparto.pl\\\/wp-content\\\/uploads\\\/2023\\\/02\\\/logo-wektor.png\",\"width\":1338,\"height\":143,\"caption\":\"EXPARTO\"},\"image\":{\"@id\":\"https:\\\/\\\/exparto.pl\\\/en\\\/#\\\/schema\\\/logo\\\/image\\\/\"},\"sameAs\":[\"https:\\\/\\\/www.facebook.com\\\/exparto.agro\\\/\"]}]}<\/script>\n<!-- \/ Yoast SEO plugin. -->","yoast_head_json":{"title":"N\u00f3\u017c glebogryzarki lewy typ Unia, Wirax, Akpil - Exparto.pl","robots":{"index":"index","follow":"follow","max-snippet":"max-snippet:-1","max-image-preview":"max-image-preview:large","max-video-preview":"max-video-preview:-1"},"canonical":"https:\/\/exparto.pl\/en\/produkt\/noz-glebogryzarki-lewy-typ-unia-wirax-akpil\/","og_locale":"en_US","og_type":"article","og_title":"N\u00f3\u017c glebogryzarki lewy typ Unia, Wirax, Akpil - Exparto.pl","og_description":"N\u00f3\u017c glebogryzarki lewy.","og_url":"https:\/\/exparto.pl\/en\/produkt\/noz-glebogryzarki-lewy-typ-unia-wirax-akpil\/","og_site_name":"Exparto.pl","article_publisher":"https:\/\/www.facebook.com\/exparto.agro\/","article_modified_time":"2026-04-09T13:00:41+00:00","og_image":[{"width":1200,"height":1200,"url":"https:\/\/exparto.pl\/wp-content\/uploads\/2024\/06\/734a00a7c3886cfad9b26f14bd9ef387.jpg","type":"image\/jpeg"}],"twitter_card":"summary_large_image","twitter_misc":{"Est. reading time":"1 minute"},"schema":{"@context":"https:\/\/schema.org","@graph":[{"@type":"WebPage","@id":"https:\/\/exparto.pl\/en\/produkt\/noz-glebogryzarki-lewy-typ-unia-wirax-akpil\/","url":"https:\/\/exparto.pl\/en\/produkt\/noz-glebogryzarki-lewy-typ-unia-wirax-akpil\/","name":"N\u00f3\u017c glebogryzarki lewy typ Unia, Wirax, Akpil - Exparto.pl","isPartOf":{"@id":"https:\/\/exparto.pl\/en\/#website"},"primaryImageOfPage":{"@id":"https:\/\/exparto.pl\/en\/produkt\/noz-glebogryzarki-lewy-typ-unia-wirax-akpil\/#primaryimage"},"image":{"@id":"https:\/\/exparto.pl\/en\/produkt\/noz-glebogryzarki-lewy-typ-unia-wirax-akpil\/#primaryimage"},"thumbnailUrl":"https:\/\/exparto.pl\/wp-content\/uploads\/2024\/12\/734a00a7c3886cfad9b26f14bd9ef387.jpg","datePublished":"2024-06-14T07:47:31+00:00","dateModified":"2026-04-09T13:00:41+00:00","breadcrumb":{"@id":"https:\/\/exparto.pl\/en\/produkt\/noz-glebogryzarki-lewy-typ-unia-wirax-akpil\/#breadcrumb"},"inLanguage":"en-US","potentialAction":[{"@type":"ReadAction","target":["https:\/\/exparto.pl\/en\/produkt\/noz-glebogryzarki-lewy-typ-unia-wirax-akpil\/"]}]},{"@type":"ImageObject","inLanguage":"en-US","@id":"https:\/\/exparto.pl\/en\/produkt\/noz-glebogryzarki-lewy-typ-unia-wirax-akpil\/#primaryimage","url":"https:\/\/exparto.pl\/wp-content\/uploads\/2024\/12\/734a00a7c3886cfad9b26f14bd9ef387.jpg","contentUrl":"https:\/\/exparto.pl\/wp-content\/uploads\/2024\/12\/734a00a7c3886cfad9b26f14bd9ef387.jpg","width":1200,"height":1200},{"@type":"BreadcrumbList","@id":"https:\/\/exparto.pl\/en\/produkt\/noz-glebogryzarki-lewy-typ-unia-wirax-akpil\/#breadcrumb","itemListElement":[{"@type":"ListItem","position":1,"name":"Homepage","item":"https:\/\/exparto.pl\/en\/homepage\/"},{"@type":"ListItem","position":2,"name":"Sklep","item":"https:\/\/exparto.pl\/sklep\/"},{"@type":"ListItem","position":3,"name":"Soiler parts","item":"https:\/\/exparto.pl\/en\/product-category\/soiler-parts\/"},{"@type":"ListItem","position":4,"name":"N\u00f3\u017c glebogryzarki lewy typ Unia, Wirax, Akpil"}]},{"@type":"WebSite","@id":"https:\/\/exparto.pl\/en\/#website","url":"https:\/\/exparto.pl\/en\/","name":"EXPARTO","description":"More than agro parts","publisher":{"@id":"https:\/\/exparto.pl\/en\/#organization"},"potentialAction":[{"@type":"SearchAction","target":{"@type":"EntryPoint","urlTemplate":"https:\/\/exparto.pl\/en\/?s={search_term_string}"},"query-input":{"@type":"PropertyValueSpecification","valueRequired":true,"valueName":"search_term_string"}}],"inLanguage":"en-US"},{"@type":"Organization","@id":"https:\/\/exparto.pl\/en\/#organization","name":"EXPARTO","url":"https:\/\/exparto.pl\/en\/","logo":{"@type":"ImageObject","inLanguage":"en-US","@id":"https:\/\/exparto.pl\/en\/#\/schema\/logo\/image\/","url":"https:\/\/exparto.pl\/wp-content\/uploads\/2023\/02\/logo-wektor.png","contentUrl":"https:\/\/exparto.pl\/wp-content\/uploads\/2023\/02\/logo-wektor.png","width":1338,"height":143,"caption":"EXPARTO"},"image":{"@id":"https:\/\/exparto.pl\/en\/#\/schema\/logo\/image\/"},"sameAs":["https:\/\/www.facebook.com\/exparto.agro\/"]}]}},"_links":{"self":[{"href":"https:\/\/exparto.pl\/en\/wp-json\/wp\/v2\/product\/28339","targetHints":{"allow":["GET"]}}],"collection":[{"href":"https:\/\/exparto.pl\/en\/wp-json\/wp\/v2\/product"}],"about":[{"href":"https:\/\/exparto.pl\/en\/wp-json\/wp\/v2\/types\/product"}],"replies":[{"embeddable":true,"href":"https:\/\/exparto.pl\/en\/wp-json\/wp\/v2\/comments?post=28339"}],"wp:featuredmedia":[{"embeddable":true,"href":"https:\/\/exparto.pl\/en\/wp-json\/wp\/v2\/media\/36376"}],"wp:attachment":[{"href":"https:\/\/exparto.pl\/en\/wp-json\/wp\/v2\/media?parent=28339"}],"wp:term":[{"taxonomy":"product_brand","embeddable":true,"href":"https:\/\/exparto.pl\/en\/wp-json\/wp\/v2\/product_brand?post=28339"},{"taxonomy":"product_cat","embeddable":true,"href":"https:\/\/exparto.pl\/en\/wp-json\/wp\/v2\/product_cat?post=28339"},{"taxonomy":"product_tag","embeddable":true,"href":"https:\/\/exparto.pl\/en\/wp-json\/wp\/v2\/product_tag?post=28339"}],"curies":[{"name":"wp","href":"https:\/\/api.w.org\/{rel}","templated":true}]}}