{"id":30009,"date":"2024-07-25T12:10:19","date_gmt":"2024-07-25T10:10:19","guid":{"rendered":"https:\/\/exparto.pl\/produkt\/talerz-do-talerzowki-560-mm-x-4-mm-uzebiony-6-otworow-z-10-stal-sprezynowa\/"},"modified":"2026-04-06T15:00:12","modified_gmt":"2026-04-06T13:00:12","slug":"talerz-do-talerzowki-560-mm-x-4-mm-uzebiony-6-otworow-z-10-stal-sprezynowa","status":"publish","type":"product","link":"https:\/\/exparto.pl\/en\/produkt\/talerz-do-talerzowki-560-mm-x-4-mm-uzebiony-6-otworow-z-10-stal-sprezynowa\/","title":{"rendered":"Talerz do talerz\u00f3wki 560 mm x 4 mm, uz\u0119biony, 6 otwor\u00f3w, Z-10, stal spr\u0119\u017cynowa"},"content":{"rendered":"<p><span style=\"font-weight: 400;\">Korzystasz z brony talerzowej? Poszczeg\u00f3lne jej elementy mog\u0105 wymaga\u0107 okresowej wymiany. <\/span><b>W EXPARTO przygotowali\u015bmy talerz do brony talerzowej o \u015brednicy 560 mm z sze\u015bcioma otworami<\/b><span style=\"font-weight: 400;\">. To model, kt\u00f3ry charakteryzuje si\u0119 du\u017c\u0105 powierzchni\u0105 robocz\u0105. Sprawd\u017a nasz\u0105 ofert\u0119.\u00a0<\/span><\/p>\n<h2><span style=\"font-weight: 400;\">Talerz z\u0119baty 560 do talerz\u00f3wki \u2013 6 otwor\u00f3w, typ Z-10<\/span><\/h2>\n<p><span style=\"font-weight: 400;\">Talerz do talerz\u00f3wki o \u015brednicy 560 mm to uniwersalna cz\u0119\u015b\u0107, kt\u00f3ra pasuje do wielu modeli bron talerzowych. W EXPARTO oferujemy model typy Z-10. <\/span<<b>Posiada on dodatkowe z\u0119by, dzi\u0119ki czemu urz\u0105dzenie jeszcze lepiej radzi sobie z prac\u0105 na zbitym pod\u0142o\u017cu oraz z gleb\u0105, w kt\u00f3rej znajduj\u0105 si\u0119 pozosta\u0142o\u015bci ro\u015blinne<\/b><span style=\"font-weight: 400;\">. Talerz 560 6 otwor\u00f3w od EXPARTO powstaje ze stali spr\u0119\u017cynowej. <\/span><b>Materia\u0142 ten wykazuje wysok\u0105 odporno\u015b\u0107 na intensywne u\u017cytkowanie oraz uszkodzenia mechaniczne<\/b><span style=\"font-weight: 400;\">. D\u0142ugo zachowa swoje w\u0142a\u015bciwo\u015bci. W cz\u0119\u015bci uwzgl\u0119dniono 6 otwor\u00f3w monta\u017cowych. Po przykr\u0119ceniu do osi powstaje stabilne i funkcjonalne po\u0142\u0105czenie.\u00a0<\/span><\/p>\n<p><span style=\"font-weight: 400;\">Chcesz zmniejszy\u0107 cz\u0119stotliwo\u015b\u0107 usterek maszyn rolniczych? Koniecznie postaw na wysokiej jako\u015bci cz\u0119\u015bci zamienne. Znajdziesz je w naszej ofercie. <\/span><b>Dost\u0119pny tu talerz z\u0119baty 560 do talerz\u00f3wki spe\u0142nia najwy\u017csze standardy rynkowe<\/b><span style=\"font-weight: 400;\">. Zapraszamy do zakup\u00f3w. <\/span><\/p>\n<p><p style=\"text-align: justify;\">Polecamy talerze EXPARTO do <strong>bron talerzowych, bron muszlowych , bron le\u015bnych, agregat\u00f3w uprawowych, p\u0142ug\u00f3w talerzowych oraz kultywator\u00f3w \u015bcierniskowych (gruber\u00f3w), agregat\u00f3w siewnych, siewnik\u00f3w, agregat\u00f3w hybrydowych.<\/strong><\/p>\n<p><p style=\"text-align: justify;\"><strong>Talerze EXPARTO<\/strong> s\u0105 kompatybilne z maszynami produkowanymi przez:<\/p>\n<ul>\n<li style=\"text-align: justify;\">Agrisem, Agrimet, Agro lift, Agromasz, Agrotom, Akpil, Amazone, ATMP, Awemak, Batyra, Bednar, Bomet, Bury, Czajkowski, Dexwal, Euromasz, Expom, Goliath, Horsch, Kunh, Kverneland, Lemken, Mandam, Metalfach, Pettinger, Polgrom, Rol\/ex, Rolmako, Staltech, Strumyk, Unia, Vaderstad, , PPHU ZAPA\u0141A oraz pozosta\u0142ymi maszynami wyposa\u017conymi w piasty SKF , Krasnik czy talerze typu C<\/li>\n<\/ul>\n","protected":false},"excerpt":{"rendered":"<p style=\"text-align: justify;\">Talerze rolnicze EXPARTO do uprawy w technologii uproszczonej przy u\u017cyciu agregat\u00f3w i bron talerzowych. Uwzgl\u0119dniaj\u0105 rodzaj prac polowych czy specyfik\u0119 gleby. Gwarantuj\u0105 spokojn\u0105 i wydajn\u0105 prac\u0119.<\/p>\n","protected":false},"featured_media":35239,"comment_status":"open","ping_status":"closed","template":"","meta":{"_acf_changed":false,"inline_featured_image":false},"product_brand":[],"product_cat":[572,563,586],"product_tag":[],"class_list":{"0":"post-30009","1":"product","2":"type-product","3":"status-publish","4":"has-post-thumbnail","6":"product_cat-land-cultivation","7":"product_cat-cultivation-discs","8":"product_cat-560-mm-discs","10":"first","11":"instock","12":"taxable","13":"shipping-taxable","14":"purchasable","15":"product-type-simple"},"acf":[],"yoast_head":"<!-- This site is optimized with the Yoast SEO plugin v27.3 - https:\/\/yoast.com\/product\/yoast-seo-wordpress\/ -->\n<title>Talerz do talerz\u00f3wki 560 mm x 4 mm, uz\u0119biony, 6 otwor\u00f3w, Z-10, stal spr\u0119\u017cynowa - Exparto.pl<\/title>\n<meta name=\"robots\" content=\"index, follow, max-snippet:-1, max-image-preview:large, max-video-preview:-1\" \/>\n<link rel=\"canonical\" href=\"https:\/\/exparto.pl\/en\/produkt\/talerz-do-talerzowki-560-mm-x-4-mm-uzebiony-6-otworow-z-10-stal-sprezynowa\/\" \/>\n<meta property=\"og:locale\" content=\"en_US\" \/>\n<meta property=\"og:type\" content=\"article\" \/>\n<meta property=\"og:title\" content=\"Talerz do talerz\u00f3wki 560 mm x 4 mm, uz\u0119biony, 6 otwor\u00f3w, Z-10, stal spr\u0119\u017cynowa - Exparto.pl\" \/>\n<meta property=\"og:description\" content=\"Talerze rolnicze EXPARTO do uprawy w technologii uproszczonej przy u\u017cyciu agregat\u00f3w i bron talerzowych. Uwzgl\u0119dniaj\u0105 rodzaj prac polowych czy specyfik\u0119 gleby. Gwarantuj\u0105 spokojn\u0105 i wydajn\u0105 prac\u0119.\" \/>\n<meta property=\"og:url\" content=\"https:\/\/exparto.pl\/en\/produkt\/talerz-do-talerzowki-560-mm-x-4-mm-uzebiony-6-otworow-z-10-stal-sprezynowa\/\" \/>\n<meta property=\"og:site_name\" content=\"Exparto.pl\" \/>\n<meta property=\"article:publisher\" content=\"https:\/\/www.facebook.com\/exparto.agro\/\" \/>\n<meta property=\"article:modified_time\" content=\"2026-04-06T13:00:12+00:00\" \/>\n<meta property=\"og:image\" content=\"https:\/\/exparto.pl\/wp-content\/uploads\/2024\/11\/f53317ea4000a2203f9d43b3d4df4665.jpg\" \/>\n\t<meta property=\"og:image:width\" content=\"1200\" \/>\n\t<meta property=\"og:image:height\" content=\"1200\" \/>\n\t<meta property=\"og:image:type\" content=\"image\/jpeg\" \/>\n<meta name=\"twitter:card\" content=\"summary_large_image\" \/>\n<meta name=\"twitter:label1\" content=\"Est. reading time\" \/>\n\t<meta name=\"twitter:data1\" content=\"2 minutes\" \/>\n<script type=\"application\/ld+json\" class=\"yoast-schema-graph\">{\"@context\":\"https:\\\/\\\/schema.org\",\"@graph\":[{\"@type\":\"WebPage\",\"@id\":\"https:\\\/\\\/exparto.pl\\\/en\\\/produkt\\\/talerz-do-talerzowki-560-mm-x-4-mm-uzebiony-6-otworow-z-10-stal-sprezynowa\\\/\",\"url\":\"https:\\\/\\\/exparto.pl\\\/en\\\/produkt\\\/talerz-do-talerzowki-560-mm-x-4-mm-uzebiony-6-otworow-z-10-stal-sprezynowa\\\/\",\"name\":\"Talerz do talerz\u00f3wki 560 mm x 4 mm, uz\u0119biony, 6 otwor\u00f3w, Z-10, stal spr\u0119\u017cynowa - Exparto.pl\",\"isPartOf\":{\"@id\":\"https:\\\/\\\/exparto.pl\\\/en\\\/#website\"},\"primaryImageOfPage\":{\"@id\":\"https:\\\/\\\/exparto.pl\\\/en\\\/produkt\\\/talerz-do-talerzowki-560-mm-x-4-mm-uzebiony-6-otworow-z-10-stal-sprezynowa\\\/#primaryimage\"},\"image\":{\"@id\":\"https:\\\/\\\/exparto.pl\\\/en\\\/produkt\\\/talerz-do-talerzowki-560-mm-x-4-mm-uzebiony-6-otworow-z-10-stal-sprezynowa\\\/#primaryimage\"},\"thumbnailUrl\":\"https:\\\/\\\/exparto.pl\\\/wp-content\\\/uploads\\\/2024\\\/11\\\/f53317ea4000a2203f9d43b3d4df4665.jpg\",\"datePublished\":\"2024-07-25T10:10:19+00:00\",\"dateModified\":\"2026-04-06T13:00:12+00:00\",\"breadcrumb\":{\"@id\":\"https:\\\/\\\/exparto.pl\\\/en\\\/produkt\\\/talerz-do-talerzowki-560-mm-x-4-mm-uzebiony-6-otworow-z-10-stal-sprezynowa\\\/#breadcrumb\"},\"inLanguage\":\"en-US\",\"potentialAction\":[{\"@type\":\"ReadAction\",\"target\":[\"https:\\\/\\\/exparto.pl\\\/en\\\/produkt\\\/talerz-do-talerzowki-560-mm-x-4-mm-uzebiony-6-otworow-z-10-stal-sprezynowa\\\/\"]}]},{\"@type\":\"ImageObject\",\"inLanguage\":\"en-US\",\"@id\":\"https:\\\/\\\/exparto.pl\\\/en\\\/produkt\\\/talerz-do-talerzowki-560-mm-x-4-mm-uzebiony-6-otworow-z-10-stal-sprezynowa\\\/#primaryimage\",\"url\":\"https:\\\/\\\/exparto.pl\\\/wp-content\\\/uploads\\\/2024\\\/11\\\/f53317ea4000a2203f9d43b3d4df4665.jpg\",\"contentUrl\":\"https:\\\/\\\/exparto.pl\\\/wp-content\\\/uploads\\\/2024\\\/11\\\/f53317ea4000a2203f9d43b3d4df4665.jpg\",\"width\":1200,\"height\":1200},{\"@type\":\"BreadcrumbList\",\"@id\":\"https:\\\/\\\/exparto.pl\\\/en\\\/produkt\\\/talerz-do-talerzowki-560-mm-x-4-mm-uzebiony-6-otworow-z-10-stal-sprezynowa\\\/#breadcrumb\",\"itemListElement\":[{\"@type\":\"ListItem\",\"position\":1,\"name\":\"Homepage\",\"item\":\"https:\\\/\\\/exparto.pl\\\/en\\\/homepage\\\/\"},{\"@type\":\"ListItem\",\"position\":2,\"name\":\"Sklep\",\"item\":\"https:\\\/\\\/exparto.pl\\\/sklep\\\/\"},{\"@type\":\"ListItem\",\"position\":3,\"name\":\"Land cultivation\",\"item\":\"https:\\\/\\\/exparto.pl\\\/en\\\/product-category\\\/land-cultivation\\\/\"},{\"@type\":\"ListItem\",\"position\":4,\"name\":\"Cultivation discs\",\"item\":\"https:\\\/\\\/exparto.pl\\\/en\\\/product-category\\\/land-cultivation\\\/cultivation-discs\\\/\"},{\"@type\":\"ListItem\",\"position\":5,\"name\":\"560 mm discs\",\"item\":\"https:\\\/\\\/exparto.pl\\\/en\\\/product-category\\\/land-cultivation\\\/cultivation-discs\\\/560-mm-discs\\\/\"},{\"@type\":\"ListItem\",\"position\":6,\"name\":\"Talerz do talerz\u00f3wki 560 mm x 4 mm, uz\u0119biony, 6 otwor\u00f3w, Z-10, stal spr\u0119\u017cynowa\"}]},{\"@type\":\"WebSite\",\"@id\":\"https:\\\/\\\/exparto.pl\\\/en\\\/#website\",\"url\":\"https:\\\/\\\/exparto.pl\\\/en\\\/\",\"name\":\"EXPARTO\",\"description\":\"More than agro parts\",\"publisher\":{\"@id\":\"https:\\\/\\\/exparto.pl\\\/en\\\/#organization\"},\"potentialAction\":[{\"@type\":\"SearchAction\",\"target\":{\"@type\":\"EntryPoint\",\"urlTemplate\":\"https:\\\/\\\/exparto.pl\\\/en\\\/?s={search_term_string}\"},\"query-input\":{\"@type\":\"PropertyValueSpecification\",\"valueRequired\":true,\"valueName\":\"search_term_string\"}}],\"inLanguage\":\"en-US\"},{\"@type\":\"Organization\",\"@id\":\"https:\\\/\\\/exparto.pl\\\/en\\\/#organization\",\"name\":\"EXPARTO\",\"url\":\"https:\\\/\\\/exparto.pl\\\/en\\\/\",\"logo\":{\"@type\":\"ImageObject\",\"inLanguage\":\"en-US\",\"@id\":\"https:\\\/\\\/exparto.pl\\\/en\\\/#\\\/schema\\\/logo\\\/image\\\/\",\"url\":\"https:\\\/\\\/exparto.pl\\\/wp-content\\\/uploads\\\/2023\\\/02\\\/logo-wektor.png\",\"contentUrl\":\"https:\\\/\\\/exparto.pl\\\/wp-content\\\/uploads\\\/2023\\\/02\\\/logo-wektor.png\",\"width\":1338,\"height\":143,\"caption\":\"EXPARTO\"},\"image\":{\"@id\":\"https:\\\/\\\/exparto.pl\\\/en\\\/#\\\/schema\\\/logo\\\/image\\\/\"},\"sameAs\":[\"https:\\\/\\\/www.facebook.com\\\/exparto.agro\\\/\"]}]}<\/script>\n<!-- \/ Yoast SEO plugin. -->","yoast_head_json":{"title":"Talerz do talerz\u00f3wki 560 mm x 4 mm, uz\u0119biony, 6 otwor\u00f3w, Z-10, stal spr\u0119\u017cynowa - Exparto.pl","robots":{"index":"index","follow":"follow","max-snippet":"max-snippet:-1","max-image-preview":"max-image-preview:large","max-video-preview":"max-video-preview:-1"},"canonical":"https:\/\/exparto.pl\/en\/produkt\/talerz-do-talerzowki-560-mm-x-4-mm-uzebiony-6-otworow-z-10-stal-sprezynowa\/","og_locale":"en_US","og_type":"article","og_title":"Talerz do talerz\u00f3wki 560 mm x 4 mm, uz\u0119biony, 6 otwor\u00f3w, Z-10, stal spr\u0119\u017cynowa - Exparto.pl","og_description":"Talerze rolnicze EXPARTO do uprawy w technologii uproszczonej przy u\u017cyciu agregat\u00f3w i bron talerzowych. Uwzgl\u0119dniaj\u0105 rodzaj prac polowych czy specyfik\u0119 gleby. Gwarantuj\u0105 spokojn\u0105 i wydajn\u0105 prac\u0119.","og_url":"https:\/\/exparto.pl\/en\/produkt\/talerz-do-talerzowki-560-mm-x-4-mm-uzebiony-6-otworow-z-10-stal-sprezynowa\/","og_site_name":"Exparto.pl","article_publisher":"https:\/\/www.facebook.com\/exparto.agro\/","article_modified_time":"2026-04-06T13:00:12+00:00","og_image":[{"width":1200,"height":1200,"url":"https:\/\/exparto.pl\/wp-content\/uploads\/2024\/11\/f53317ea4000a2203f9d43b3d4df4665.jpg","type":"image\/jpeg"}],"twitter_card":"summary_large_image","twitter_misc":{"Est. reading time":"2 minutes"},"schema":{"@context":"https:\/\/schema.org","@graph":[{"@type":"WebPage","@id":"https:\/\/exparto.pl\/en\/produkt\/talerz-do-talerzowki-560-mm-x-4-mm-uzebiony-6-otworow-z-10-stal-sprezynowa\/","url":"https:\/\/exparto.pl\/en\/produkt\/talerz-do-talerzowki-560-mm-x-4-mm-uzebiony-6-otworow-z-10-stal-sprezynowa\/","name":"Talerz do talerz\u00f3wki 560 mm x 4 mm, uz\u0119biony, 6 otwor\u00f3w, Z-10, stal spr\u0119\u017cynowa - Exparto.pl","isPartOf":{"@id":"https:\/\/exparto.pl\/en\/#website"},"primaryImageOfPage":{"@id":"https:\/\/exparto.pl\/en\/produkt\/talerz-do-talerzowki-560-mm-x-4-mm-uzebiony-6-otworow-z-10-stal-sprezynowa\/#primaryimage"},"image":{"@id":"https:\/\/exparto.pl\/en\/produkt\/talerz-do-talerzowki-560-mm-x-4-mm-uzebiony-6-otworow-z-10-stal-sprezynowa\/#primaryimage"},"thumbnailUrl":"https:\/\/exparto.pl\/wp-content\/uploads\/2024\/11\/f53317ea4000a2203f9d43b3d4df4665.jpg","datePublished":"2024-07-25T10:10:19+00:00","dateModified":"2026-04-06T13:00:12+00:00","breadcrumb":{"@id":"https:\/\/exparto.pl\/en\/produkt\/talerz-do-talerzowki-560-mm-x-4-mm-uzebiony-6-otworow-z-10-stal-sprezynowa\/#breadcrumb"},"inLanguage":"en-US","potentialAction":[{"@type":"ReadAction","target":["https:\/\/exparto.pl\/en\/produkt\/talerz-do-talerzowki-560-mm-x-4-mm-uzebiony-6-otworow-z-10-stal-sprezynowa\/"]}]},{"@type":"ImageObject","inLanguage":"en-US","@id":"https:\/\/exparto.pl\/en\/produkt\/talerz-do-talerzowki-560-mm-x-4-mm-uzebiony-6-otworow-z-10-stal-sprezynowa\/#primaryimage","url":"https:\/\/exparto.pl\/wp-content\/uploads\/2024\/11\/f53317ea4000a2203f9d43b3d4df4665.jpg","contentUrl":"https:\/\/exparto.pl\/wp-content\/uploads\/2024\/11\/f53317ea4000a2203f9d43b3d4df4665.jpg","width":1200,"height":1200},{"@type":"BreadcrumbList","@id":"https:\/\/exparto.pl\/en\/produkt\/talerz-do-talerzowki-560-mm-x-4-mm-uzebiony-6-otworow-z-10-stal-sprezynowa\/#breadcrumb","itemListElement":[{"@type":"ListItem","position":1,"name":"Homepage","item":"https:\/\/exparto.pl\/en\/homepage\/"},{"@type":"ListItem","position":2,"name":"Sklep","item":"https:\/\/exparto.pl\/sklep\/"},{"@type":"ListItem","position":3,"name":"Land cultivation","item":"https:\/\/exparto.pl\/en\/product-category\/land-cultivation\/"},{"@type":"ListItem","position":4,"name":"Cultivation discs","item":"https:\/\/exparto.pl\/en\/product-category\/land-cultivation\/cultivation-discs\/"},{"@type":"ListItem","position":5,"name":"560 mm discs","item":"https:\/\/exparto.pl\/en\/product-category\/land-cultivation\/cultivation-discs\/560-mm-discs\/"},{"@type":"ListItem","position":6,"name":"Talerz do talerz\u00f3wki 560 mm x 4 mm, uz\u0119biony, 6 otwor\u00f3w, Z-10, stal spr\u0119\u017cynowa"}]},{"@type":"WebSite","@id":"https:\/\/exparto.pl\/en\/#website","url":"https:\/\/exparto.pl\/en\/","name":"EXPARTO","description":"More than agro parts","publisher":{"@id":"https:\/\/exparto.pl\/en\/#organization"},"potentialAction":[{"@type":"SearchAction","target":{"@type":"EntryPoint","urlTemplate":"https:\/\/exparto.pl\/en\/?s={search_term_string}"},"query-input":{"@type":"PropertyValueSpecification","valueRequired":true,"valueName":"search_term_string"}}],"inLanguage":"en-US"},{"@type":"Organization","@id":"https:\/\/exparto.pl\/en\/#organization","name":"EXPARTO","url":"https:\/\/exparto.pl\/en\/","logo":{"@type":"ImageObject","inLanguage":"en-US","@id":"https:\/\/exparto.pl\/en\/#\/schema\/logo\/image\/","url":"https:\/\/exparto.pl\/wp-content\/uploads\/2023\/02\/logo-wektor.png","contentUrl":"https:\/\/exparto.pl\/wp-content\/uploads\/2023\/02\/logo-wektor.png","width":1338,"height":143,"caption":"EXPARTO"},"image":{"@id":"https:\/\/exparto.pl\/en\/#\/schema\/logo\/image\/"},"sameAs":["https:\/\/www.facebook.com\/exparto.agro\/"]}]}},"_links":{"self":[{"href":"https:\/\/exparto.pl\/en\/wp-json\/wp\/v2\/product\/30009","targetHints":{"allow":["GET"]}}],"collection":[{"href":"https:\/\/exparto.pl\/en\/wp-json\/wp\/v2\/product"}],"about":[{"href":"https:\/\/exparto.pl\/en\/wp-json\/wp\/v2\/types\/product"}],"replies":[{"embeddable":true,"href":"https:\/\/exparto.pl\/en\/wp-json\/wp\/v2\/comments?post=30009"}],"wp:featuredmedia":[{"embeddable":true,"href":"https:\/\/exparto.pl\/en\/wp-json\/wp\/v2\/media\/35239"}],"wp:attachment":[{"href":"https:\/\/exparto.pl\/en\/wp-json\/wp\/v2\/media?parent=30009"}],"wp:term":[{"taxonomy":"product_brand","embeddable":true,"href":"https:\/\/exparto.pl\/en\/wp-json\/wp\/v2\/product_brand?post=30009"},{"taxonomy":"product_cat","embeddable":true,"href":"https:\/\/exparto.pl\/en\/wp-json\/wp\/v2\/product_cat?post=30009"},{"taxonomy":"product_tag","embeddable":true,"href":"https:\/\/exparto.pl\/en\/wp-json\/wp\/v2\/product_tag?post=30009"}],"curies":[{"name":"wp","href":"https:\/\/api.w.org\/{rel}","templated":true}]}}