{"id":30097,"date":"2024-07-26T10:27:29","date_gmt":"2024-07-26T08:27:29","guid":{"rendered":"https:\/\/exparto.pl\/produkt\/widlak-walka-wom-na-krzyzak-32x76-zewnetrzny-na-6-frezow-2\/"},"modified":"2026-01-21T12:37:38","modified_gmt":"2026-01-21T11:37:38","slug":"widlak-walka-wom-na-krzyzak-32x76-zewnetrzny-na-6-frezow-2","status":"publish","type":"product","link":"https:\/\/exparto.pl\/en\/produkt\/widlak-walka-wom-na-krzyzak-32x76-zewnetrzny-na-6-frezow-2\/","title":{"rendered":"Wid\u0142ak wa\u0142ka WOM na krzy\u017cak 32\u00d776 \u2013 zewn\u0119trzny na 6 frez\u00f3w"},"content":{"rendered":"<p style=\"text-align: justify\">Wid\u0142ak wa\u0142ka WOM to kluczowy\u00a0systemu nap\u0119dowego, umo\u017cliwiaj\u0105cy efektywne przenoszenie momentu obrotowego mi\u0119dzy r\u00f3\u017cnymi cz\u0119\u015bciami maszyny.\u00a0S\u0142u\u017cy do po\u0142\u0105czenia wa\u0142u odbioru mocy (WOM) z r\u00f3\u017cnorodnymi urz\u0105dzeniami wykorzystywanymi w gospodarstwie.<\/p>\n","protected":false},"excerpt":{"rendered":"<p style=\"text-align: justify\">Wid\u0142ak krzy\u017caka do wa\u0142u WPM 32&#215;76 Z6<\/p>\n","protected":false},"featured_media":30082,"comment_status":"open","ping_status":"closed","template":"","meta":{"_acf_changed":false,"inline_featured_image":false},"product_brand":[],"product_cat":[114,53,721,896],"product_tag":[],"class_list":{"0":"post-30097","1":"product","2":"type-product","3":"status-publish","4":"has-post-thumbnail","6":"product_cat-czesci-do-walow","7":"product_cat-waly-przegubowo-teleskopowe","8":"product_cat-widlaki","9":"product_cat-widlaki-zewnetrzne","11":"first","12":"outofstock","13":"taxable","14":"shipping-taxable","15":"purchasable","16":"product-type-simple"},"acf":[],"yoast_head":"<!-- This site is optimized with the Yoast SEO plugin v27.3 - https:\/\/yoast.com\/product\/yoast-seo-wordpress\/ -->\n<title>Wid\u0142ak wa\u0142ka WOM na krzy\u017cak 32\u00d776 \u2013 zewn\u0119trzny na 6 frez\u00f3w - Exparto.pl<\/title>\n<meta name=\"robots\" content=\"index, follow, max-snippet:-1, max-image-preview:large, max-video-preview:-1\" \/>\n<link rel=\"canonical\" href=\"https:\/\/exparto.pl\/en\/produkt\/widlak-walka-wom-na-krzyzak-32x76-zewnetrzny-na-6-frezow-2\/\" \/>\n<meta property=\"og:locale\" content=\"en_US\" \/>\n<meta property=\"og:type\" content=\"article\" \/>\n<meta property=\"og:title\" content=\"Wid\u0142ak wa\u0142ka WOM na krzy\u017cak 32\u00d776 \u2013 zewn\u0119trzny na 6 frez\u00f3w - Exparto.pl\" \/>\n<meta property=\"og:description\" content=\"Wid\u0142ak krzy\u017caka do wa\u0142u WPM 32x76 Z6\" \/>\n<meta property=\"og:url\" content=\"https:\/\/exparto.pl\/en\/produkt\/widlak-walka-wom-na-krzyzak-32x76-zewnetrzny-na-6-frezow-2\/\" \/>\n<meta property=\"og:site_name\" content=\"Exparto.pl\" \/>\n<meta property=\"article:publisher\" content=\"https:\/\/www.facebook.com\/exparto.agro\/\" \/>\n<meta property=\"article:modified_time\" content=\"2026-01-21T11:37:38+00:00\" \/>\n<meta property=\"og:image\" content=\"https:\/\/exparto.pl\/wp-content\/uploads\/2024\/07\/303738ca90421686427ce1565a810ea3.jpg\" \/>\n\t<meta property=\"og:image:width\" content=\"1200\" \/>\n\t<meta property=\"og:image:height\" content=\"1200\" \/>\n\t<meta property=\"og:image:type\" content=\"image\/jpeg\" \/>\n<meta name=\"twitter:card\" content=\"summary_large_image\" \/>\n<meta name=\"twitter:label1\" content=\"Est. reading time\" \/>\n\t<meta name=\"twitter:data1\" content=\"1 minute\" \/>\n<script type=\"application\/ld+json\" class=\"yoast-schema-graph\">{\"@context\":\"https:\\\/\\\/schema.org\",\"@graph\":[{\"@type\":\"WebPage\",\"@id\":\"https:\\\/\\\/exparto.pl\\\/en\\\/produkt\\\/widlak-walka-wom-na-krzyzak-32x76-zewnetrzny-na-6-frezow-2\\\/\",\"url\":\"https:\\\/\\\/exparto.pl\\\/en\\\/produkt\\\/widlak-walka-wom-na-krzyzak-32x76-zewnetrzny-na-6-frezow-2\\\/\",\"name\":\"Wid\u0142ak wa\u0142ka WOM na krzy\u017cak 32\u00d776 \u2013 zewn\u0119trzny na 6 frez\u00f3w - Exparto.pl\",\"isPartOf\":{\"@id\":\"https:\\\/\\\/exparto.pl\\\/en\\\/#website\"},\"primaryImageOfPage\":{\"@id\":\"https:\\\/\\\/exparto.pl\\\/en\\\/produkt\\\/widlak-walka-wom-na-krzyzak-32x76-zewnetrzny-na-6-frezow-2\\\/#primaryimage\"},\"image\":{\"@id\":\"https:\\\/\\\/exparto.pl\\\/en\\\/produkt\\\/widlak-walka-wom-na-krzyzak-32x76-zewnetrzny-na-6-frezow-2\\\/#primaryimage\"},\"thumbnailUrl\":\"https:\\\/\\\/exparto.pl\\\/wp-content\\\/uploads\\\/2024\\\/07\\\/303738ca90421686427ce1565a810ea3.jpg\",\"datePublished\":\"2024-07-26T08:27:29+00:00\",\"dateModified\":\"2026-01-21T11:37:38+00:00\",\"breadcrumb\":{\"@id\":\"https:\\\/\\\/exparto.pl\\\/en\\\/produkt\\\/widlak-walka-wom-na-krzyzak-32x76-zewnetrzny-na-6-frezow-2\\\/#breadcrumb\"},\"inLanguage\":\"en-US\",\"potentialAction\":[{\"@type\":\"ReadAction\",\"target\":[\"https:\\\/\\\/exparto.pl\\\/en\\\/produkt\\\/widlak-walka-wom-na-krzyzak-32x76-zewnetrzny-na-6-frezow-2\\\/\"]}]},{\"@type\":\"ImageObject\",\"inLanguage\":\"en-US\",\"@id\":\"https:\\\/\\\/exparto.pl\\\/en\\\/produkt\\\/widlak-walka-wom-na-krzyzak-32x76-zewnetrzny-na-6-frezow-2\\\/#primaryimage\",\"url\":\"https:\\\/\\\/exparto.pl\\\/wp-content\\\/uploads\\\/2024\\\/07\\\/303738ca90421686427ce1565a810ea3.jpg\",\"contentUrl\":\"https:\\\/\\\/exparto.pl\\\/wp-content\\\/uploads\\\/2024\\\/07\\\/303738ca90421686427ce1565a810ea3.jpg\",\"width\":1200,\"height\":1200},{\"@type\":\"BreadcrumbList\",\"@id\":\"https:\\\/\\\/exparto.pl\\\/en\\\/produkt\\\/widlak-walka-wom-na-krzyzak-32x76-zewnetrzny-na-6-frezow-2\\\/#breadcrumb\",\"itemListElement\":[{\"@type\":\"ListItem\",\"position\":1,\"name\":\"Homepage\",\"item\":\"https:\\\/\\\/exparto.pl\\\/en\\\/homepage\\\/\"},{\"@type\":\"ListItem\",\"position\":2,\"name\":\"Sklep\",\"item\":\"https:\\\/\\\/exparto.pl\\\/sklep\\\/\"},{\"@type\":\"ListItem\",\"position\":3,\"name\":\"Articulated telescopic shafts\",\"item\":\"https:\\\/\\\/exparto.pl\\\/en\\\/product-category\\\/articulated-telescopic-shafts\\\/\"},{\"@type\":\"ListItem\",\"position\":4,\"name\":\"Shaft parts\",\"item\":\"https:\\\/\\\/exparto.pl\\\/en\\\/product-category\\\/articulated-telescopic-shafts\\\/shaft-parts\\\/\"},{\"@type\":\"ListItem\",\"position\":5,\"name\":\"Wid\u0142aki\",\"item\":\"https:\\\/\\\/exparto.pl\\\/kategoria-produktu\\\/waly-przegubowo-teleskopowe\\\/czesci-do-walow\\\/widlaki\\\/\"},{\"@type\":\"ListItem\",\"position\":6,\"name\":\"Wid\u0142aki zewn\u0119trzne\",\"item\":\"https:\\\/\\\/exparto.pl\\\/kategoria-produktu\\\/waly-przegubowo-teleskopowe\\\/czesci-do-walow\\\/widlaki\\\/widlaki-zewnetrzne\\\/\"},{\"@type\":\"ListItem\",\"position\":7,\"name\":\"Wid\u0142ak wa\u0142ka WOM na krzy\u017cak 32\u00d776 \u2013 zewn\u0119trzny na 6 frez\u00f3w\"}]},{\"@type\":\"WebSite\",\"@id\":\"https:\\\/\\\/exparto.pl\\\/en\\\/#website\",\"url\":\"https:\\\/\\\/exparto.pl\\\/en\\\/\",\"name\":\"EXPARTO\",\"description\":\"More than agro parts\",\"publisher\":{\"@id\":\"https:\\\/\\\/exparto.pl\\\/en\\\/#organization\"},\"potentialAction\":[{\"@type\":\"SearchAction\",\"target\":{\"@type\":\"EntryPoint\",\"urlTemplate\":\"https:\\\/\\\/exparto.pl\\\/en\\\/?s={search_term_string}\"},\"query-input\":{\"@type\":\"PropertyValueSpecification\",\"valueRequired\":true,\"valueName\":\"search_term_string\"}}],\"inLanguage\":\"en-US\"},{\"@type\":\"Organization\",\"@id\":\"https:\\\/\\\/exparto.pl\\\/en\\\/#organization\",\"name\":\"EXPARTO\",\"url\":\"https:\\\/\\\/exparto.pl\\\/en\\\/\",\"logo\":{\"@type\":\"ImageObject\",\"inLanguage\":\"en-US\",\"@id\":\"https:\\\/\\\/exparto.pl\\\/en\\\/#\\\/schema\\\/logo\\\/image\\\/\",\"url\":\"https:\\\/\\\/exparto.pl\\\/wp-content\\\/uploads\\\/2023\\\/02\\\/logo-wektor.png\",\"contentUrl\":\"https:\\\/\\\/exparto.pl\\\/wp-content\\\/uploads\\\/2023\\\/02\\\/logo-wektor.png\",\"width\":1338,\"height\":143,\"caption\":\"EXPARTO\"},\"image\":{\"@id\":\"https:\\\/\\\/exparto.pl\\\/en\\\/#\\\/schema\\\/logo\\\/image\\\/\"},\"sameAs\":[\"https:\\\/\\\/www.facebook.com\\\/exparto.agro\\\/\"]}]}<\/script>\n<!-- \/ Yoast SEO plugin. -->","yoast_head_json":{"title":"Wid\u0142ak wa\u0142ka WOM na krzy\u017cak 32\u00d776 \u2013 zewn\u0119trzny na 6 frez\u00f3w - Exparto.pl","robots":{"index":"index","follow":"follow","max-snippet":"max-snippet:-1","max-image-preview":"max-image-preview:large","max-video-preview":"max-video-preview:-1"},"canonical":"https:\/\/exparto.pl\/en\/produkt\/widlak-walka-wom-na-krzyzak-32x76-zewnetrzny-na-6-frezow-2\/","og_locale":"en_US","og_type":"article","og_title":"Wid\u0142ak wa\u0142ka WOM na krzy\u017cak 32\u00d776 \u2013 zewn\u0119trzny na 6 frez\u00f3w - Exparto.pl","og_description":"Wid\u0142ak krzy\u017caka do wa\u0142u WPM 32x76 Z6","og_url":"https:\/\/exparto.pl\/en\/produkt\/widlak-walka-wom-na-krzyzak-32x76-zewnetrzny-na-6-frezow-2\/","og_site_name":"Exparto.pl","article_publisher":"https:\/\/www.facebook.com\/exparto.agro\/","article_modified_time":"2026-01-21T11:37:38+00:00","og_image":[{"width":1200,"height":1200,"url":"https:\/\/exparto.pl\/wp-content\/uploads\/2024\/07\/303738ca90421686427ce1565a810ea3.jpg","type":"image\/jpeg"}],"twitter_card":"summary_large_image","twitter_misc":{"Est. reading time":"1 minute"},"schema":{"@context":"https:\/\/schema.org","@graph":[{"@type":"WebPage","@id":"https:\/\/exparto.pl\/en\/produkt\/widlak-walka-wom-na-krzyzak-32x76-zewnetrzny-na-6-frezow-2\/","url":"https:\/\/exparto.pl\/en\/produkt\/widlak-walka-wom-na-krzyzak-32x76-zewnetrzny-na-6-frezow-2\/","name":"Wid\u0142ak wa\u0142ka WOM na krzy\u017cak 32\u00d776 \u2013 zewn\u0119trzny na 6 frez\u00f3w - Exparto.pl","isPartOf":{"@id":"https:\/\/exparto.pl\/en\/#website"},"primaryImageOfPage":{"@id":"https:\/\/exparto.pl\/en\/produkt\/widlak-walka-wom-na-krzyzak-32x76-zewnetrzny-na-6-frezow-2\/#primaryimage"},"image":{"@id":"https:\/\/exparto.pl\/en\/produkt\/widlak-walka-wom-na-krzyzak-32x76-zewnetrzny-na-6-frezow-2\/#primaryimage"},"thumbnailUrl":"https:\/\/exparto.pl\/wp-content\/uploads\/2024\/07\/303738ca90421686427ce1565a810ea3.jpg","datePublished":"2024-07-26T08:27:29+00:00","dateModified":"2026-01-21T11:37:38+00:00","breadcrumb":{"@id":"https:\/\/exparto.pl\/en\/produkt\/widlak-walka-wom-na-krzyzak-32x76-zewnetrzny-na-6-frezow-2\/#breadcrumb"},"inLanguage":"en-US","potentialAction":[{"@type":"ReadAction","target":["https:\/\/exparto.pl\/en\/produkt\/widlak-walka-wom-na-krzyzak-32x76-zewnetrzny-na-6-frezow-2\/"]}]},{"@type":"ImageObject","inLanguage":"en-US","@id":"https:\/\/exparto.pl\/en\/produkt\/widlak-walka-wom-na-krzyzak-32x76-zewnetrzny-na-6-frezow-2\/#primaryimage","url":"https:\/\/exparto.pl\/wp-content\/uploads\/2024\/07\/303738ca90421686427ce1565a810ea3.jpg","contentUrl":"https:\/\/exparto.pl\/wp-content\/uploads\/2024\/07\/303738ca90421686427ce1565a810ea3.jpg","width":1200,"height":1200},{"@type":"BreadcrumbList","@id":"https:\/\/exparto.pl\/en\/produkt\/widlak-walka-wom-na-krzyzak-32x76-zewnetrzny-na-6-frezow-2\/#breadcrumb","itemListElement":[{"@type":"ListItem","position":1,"name":"Homepage","item":"https:\/\/exparto.pl\/en\/homepage\/"},{"@type":"ListItem","position":2,"name":"Sklep","item":"https:\/\/exparto.pl\/sklep\/"},{"@type":"ListItem","position":3,"name":"Articulated telescopic shafts","item":"https:\/\/exparto.pl\/en\/product-category\/articulated-telescopic-shafts\/"},{"@type":"ListItem","position":4,"name":"Shaft parts","item":"https:\/\/exparto.pl\/en\/product-category\/articulated-telescopic-shafts\/shaft-parts\/"},{"@type":"ListItem","position":5,"name":"Wid\u0142aki","item":"https:\/\/exparto.pl\/kategoria-produktu\/waly-przegubowo-teleskopowe\/czesci-do-walow\/widlaki\/"},{"@type":"ListItem","position":6,"name":"Wid\u0142aki zewn\u0119trzne","item":"https:\/\/exparto.pl\/kategoria-produktu\/waly-przegubowo-teleskopowe\/czesci-do-walow\/widlaki\/widlaki-zewnetrzne\/"},{"@type":"ListItem","position":7,"name":"Wid\u0142ak wa\u0142ka WOM na krzy\u017cak 32\u00d776 \u2013 zewn\u0119trzny na 6 frez\u00f3w"}]},{"@type":"WebSite","@id":"https:\/\/exparto.pl\/en\/#website","url":"https:\/\/exparto.pl\/en\/","name":"EXPARTO","description":"More than agro parts","publisher":{"@id":"https:\/\/exparto.pl\/en\/#organization"},"potentialAction":[{"@type":"SearchAction","target":{"@type":"EntryPoint","urlTemplate":"https:\/\/exparto.pl\/en\/?s={search_term_string}"},"query-input":{"@type":"PropertyValueSpecification","valueRequired":true,"valueName":"search_term_string"}}],"inLanguage":"en-US"},{"@type":"Organization","@id":"https:\/\/exparto.pl\/en\/#organization","name":"EXPARTO","url":"https:\/\/exparto.pl\/en\/","logo":{"@type":"ImageObject","inLanguage":"en-US","@id":"https:\/\/exparto.pl\/en\/#\/schema\/logo\/image\/","url":"https:\/\/exparto.pl\/wp-content\/uploads\/2023\/02\/logo-wektor.png","contentUrl":"https:\/\/exparto.pl\/wp-content\/uploads\/2023\/02\/logo-wektor.png","width":1338,"height":143,"caption":"EXPARTO"},"image":{"@id":"https:\/\/exparto.pl\/en\/#\/schema\/logo\/image\/"},"sameAs":["https:\/\/www.facebook.com\/exparto.agro\/"]}]}},"_links":{"self":[{"href":"https:\/\/exparto.pl\/en\/wp-json\/wp\/v2\/product\/30097","targetHints":{"allow":["GET"]}}],"collection":[{"href":"https:\/\/exparto.pl\/en\/wp-json\/wp\/v2\/product"}],"about":[{"href":"https:\/\/exparto.pl\/en\/wp-json\/wp\/v2\/types\/product"}],"replies":[{"embeddable":true,"href":"https:\/\/exparto.pl\/en\/wp-json\/wp\/v2\/comments?post=30097"}],"wp:featuredmedia":[{"embeddable":true,"href":"https:\/\/exparto.pl\/en\/wp-json\/wp\/v2\/media\/30082"}],"wp:attachment":[{"href":"https:\/\/exparto.pl\/en\/wp-json\/wp\/v2\/media?parent=30097"}],"wp:term":[{"taxonomy":"product_brand","embeddable":true,"href":"https:\/\/exparto.pl\/en\/wp-json\/wp\/v2\/product_brand?post=30097"},{"taxonomy":"product_cat","embeddable":true,"href":"https:\/\/exparto.pl\/en\/wp-json\/wp\/v2\/product_cat?post=30097"},{"taxonomy":"product_tag","embeddable":true,"href":"https:\/\/exparto.pl\/en\/wp-json\/wp\/v2\/product_tag?post=30097"}],"curies":[{"name":"wp","href":"https:\/\/api.w.org\/{rel}","templated":true}]}}