{"id":30246,"date":"2024-07-30T10:53:15","date_gmt":"2024-07-30T08:53:15","guid":{"rendered":"https:\/\/exparto.pl\/produkt\/sprzeglo-cierne-1200-nm\/"},"modified":"2026-04-16T08:00:52","modified_gmt":"2026-04-16T06:00:52","slug":"sprzeglo-cierne-1200-nm","status":"publish","type":"product","link":"https:\/\/exparto.pl\/en\/produkt\/sprzeglo-cierne-1200-nm\/","title":{"rendered":"Sprz\u0119g\u0142o cierne adapter 1200Nm na wa\u0142ek WOM 6 frez\u00f3w- 1 3\/8 cala"},"content":{"rendered":"<p style=\"text-align: justify\">Sprz\u0119g\u0142o cierne do wa\u0142ka WOM to rodzaj sprz\u0119g\u0142a, kt\u00f3re&nbsp;<span style=\"font-weight: 600;color: inherit\">chroni uk\u0142ad nap\u0119du przed zb\u0119dnymi przeci\u0105\u017ceniami<\/span>. Jest to o tyle istotne, \u017ce te cz\u0119sto doprowadzaj\u0105 do awarii podzespo\u0142\u00f3w maszyn aktywnych, a wi\u0119c nap\u0119dzanych od wa\u0142u odbioru mocy. Wykorzystywane jest ono wsz\u0119dzie tam, gdzie elementy robocze danej maszyny ulegaj\u0105 szybkim i zmiennym zmianom obci\u0105\u017cenia.&nbsp;<\/p>\n<p style=\"text-align: justify\">Stosuje si\u0119 je jako tzw. sprz\u0119g\u0142o przeci\u0105\u017ceniowe do nap\u0119du maszyn z elementami o du\u017cym momencie bezw\u0142adno\u015bci b\u0105d\u017a jako sprz\u0119g\u0142o rozruchowe. Sprz\u0119g\u0142o omawianego typu odpowiedzialne jest za&nbsp;<span style=\"font-weight: 600;color: inherit\">przenoszenie momentu obrotowego bez roz\u0142\u0105czania nap\u0119du<\/span>, gdy przeci\u0105\u017cenie osi\u0105gnie ustalon\u0105 warto\u015b\u0107. Ponadto wyposa\u017cone jest ono w tarcz\u0119 ciern\u0105, kt\u00f3r\u0105 mo\u017cna wymienia\u0107. Dzi\u0119ki temu mo\u017ce pe\u0142ni\u0107 swoje zadanie z powodzeniem przez wiele lat. Dodajmy, \u017ce montuje si\u0119 je szeregowo w poszczeg\u00f3lnych uk\u0142adach.&nbsp;&nbsp;<\/p>\n<p style=\"text-align: justify\"><span style=\"font-weight: 600;color: inherit\">Sprz\u0119g\u0142o cierne do wa\u0142ka WOM najcz\u0119\u015bciej wykorzystywane jest w&nbsp;bronach wirnikowych, kosiarkach bijakowych, glebogryzarkach, r\u0119bakach, roztrz\u0105saczach obornika, mulczerach, a tak\u017ce w ci\u0105gnikach.&nbsp;<\/span><\/p>\n","protected":false},"excerpt":{"rendered":"<p style=\"text-align: justify\">Sprz\u0119g\u0142o cierne 1200Nm.<\/p>\n","protected":false},"featured_media":35043,"comment_status":"open","ping_status":"closed","template":"","meta":{"_acf_changed":false,"inline_featured_image":false},"product_brand":[],"product_cat":[878,114,53],"product_tag":[],"class_list":{"0":"post-30246","1":"product","2":"type-product","3":"status-publish","4":"has-post-thumbnail","6":"product_cat-adaptery-walkow-wom","7":"product_cat-czesci-do-walow","8":"product_cat-waly-przegubowo-teleskopowe","10":"first","11":"instock","12":"taxable","13":"shipping-taxable","14":"purchasable","15":"product-type-simple"},"acf":[],"yoast_head":"<!-- This site is optimized with the Yoast SEO plugin v27.3 - https:\/\/yoast.com\/product\/yoast-seo-wordpress\/ -->\n<title>Sprz\u0119g\u0142o cierne adapter 1200Nm na wa\u0142ek WOM 6 frez\u00f3w- 1 3\/8 cala - Exparto.pl<\/title>\n<meta name=\"robots\" content=\"index, follow, max-snippet:-1, max-image-preview:large, max-video-preview:-1\" \/>\n<link rel=\"canonical\" href=\"https:\/\/exparto.pl\/en\/produkt\/sprzeglo-cierne-1200-nm\/\" \/>\n<meta property=\"og:locale\" content=\"en_US\" \/>\n<meta property=\"og:type\" content=\"article\" \/>\n<meta property=\"og:title\" content=\"Sprz\u0119g\u0142o cierne adapter 1200Nm na wa\u0142ek WOM 6 frez\u00f3w- 1 3\/8 cala - Exparto.pl\" \/>\n<meta property=\"og:description\" content=\"Sprz\u0119g\u0142o cierne 1200Nm.\" \/>\n<meta property=\"og:url\" content=\"https:\/\/exparto.pl\/en\/produkt\/sprzeglo-cierne-1200-nm\/\" \/>\n<meta property=\"og:site_name\" content=\"Exparto.pl\" \/>\n<meta property=\"article:publisher\" content=\"https:\/\/www.facebook.com\/exparto.agro\/\" \/>\n<meta property=\"article:modified_time\" content=\"2026-04-16T06:00:52+00:00\" \/>\n<meta property=\"og:image\" content=\"https:\/\/exparto.pl\/wp-content\/uploads\/2024\/11\/71eeeb77d3304009d72e8f12cf6ba2f1-2-rotated.jpg\" \/>\n\t<meta property=\"og:image:width\" content=\"1200\" \/>\n\t<meta property=\"og:image:height\" content=\"1200\" \/>\n\t<meta property=\"og:image:type\" content=\"image\/jpeg\" \/>\n<meta name=\"twitter:card\" content=\"summary_large_image\" \/>\n<meta name=\"twitter:label1\" content=\"Est. reading time\" \/>\n\t<meta name=\"twitter:data1\" content=\"2 minutes\" \/>\n<script type=\"application\/ld+json\" class=\"yoast-schema-graph\">{\"@context\":\"https:\\\/\\\/schema.org\",\"@graph\":[{\"@type\":\"WebPage\",\"@id\":\"https:\\\/\\\/exparto.pl\\\/en\\\/produkt\\\/sprzeglo-cierne-1200-nm\\\/\",\"url\":\"https:\\\/\\\/exparto.pl\\\/en\\\/produkt\\\/sprzeglo-cierne-1200-nm\\\/\",\"name\":\"Sprz\u0119g\u0142o cierne adapter 1200Nm na wa\u0142ek WOM 6 frez\u00f3w- 1 3\\\/8 cala - Exparto.pl\",\"isPartOf\":{\"@id\":\"https:\\\/\\\/exparto.pl\\\/en\\\/#website\"},\"primaryImageOfPage\":{\"@id\":\"https:\\\/\\\/exparto.pl\\\/en\\\/produkt\\\/sprzeglo-cierne-1200-nm\\\/#primaryimage\"},\"image\":{\"@id\":\"https:\\\/\\\/exparto.pl\\\/en\\\/produkt\\\/sprzeglo-cierne-1200-nm\\\/#primaryimage\"},\"thumbnailUrl\":\"https:\\\/\\\/exparto.pl\\\/wp-content\\\/uploads\\\/2024\\\/11\\\/71eeeb77d3304009d72e8f12cf6ba2f1-2-rotated.jpg\",\"datePublished\":\"2024-07-30T08:53:15+00:00\",\"dateModified\":\"2026-04-16T06:00:52+00:00\",\"breadcrumb\":{\"@id\":\"https:\\\/\\\/exparto.pl\\\/en\\\/produkt\\\/sprzeglo-cierne-1200-nm\\\/#breadcrumb\"},\"inLanguage\":\"en-US\",\"potentialAction\":[{\"@type\":\"ReadAction\",\"target\":[\"https:\\\/\\\/exparto.pl\\\/en\\\/produkt\\\/sprzeglo-cierne-1200-nm\\\/\"]}]},{\"@type\":\"ImageObject\",\"inLanguage\":\"en-US\",\"@id\":\"https:\\\/\\\/exparto.pl\\\/en\\\/produkt\\\/sprzeglo-cierne-1200-nm\\\/#primaryimage\",\"url\":\"https:\\\/\\\/exparto.pl\\\/wp-content\\\/uploads\\\/2024\\\/11\\\/71eeeb77d3304009d72e8f12cf6ba2f1-2-rotated.jpg\",\"contentUrl\":\"https:\\\/\\\/exparto.pl\\\/wp-content\\\/uploads\\\/2024\\\/11\\\/71eeeb77d3304009d72e8f12cf6ba2f1-2-rotated.jpg\",\"width\":1200,\"height\":1200},{\"@type\":\"BreadcrumbList\",\"@id\":\"https:\\\/\\\/exparto.pl\\\/en\\\/produkt\\\/sprzeglo-cierne-1200-nm\\\/#breadcrumb\",\"itemListElement\":[{\"@type\":\"ListItem\",\"position\":1,\"name\":\"Homepage\",\"item\":\"https:\\\/\\\/exparto.pl\\\/en\\\/homepage\\\/\"},{\"@type\":\"ListItem\",\"position\":2,\"name\":\"Sklep\",\"item\":\"https:\\\/\\\/exparto.pl\\\/sklep\\\/\"},{\"@type\":\"ListItem\",\"position\":3,\"name\":\"Articulated telescopic shafts\",\"item\":\"https:\\\/\\\/exparto.pl\\\/en\\\/product-category\\\/articulated-telescopic-shafts\\\/\"},{\"@type\":\"ListItem\",\"position\":4,\"name\":\"Shaft parts\",\"item\":\"https:\\\/\\\/exparto.pl\\\/en\\\/product-category\\\/articulated-telescopic-shafts\\\/shaft-parts\\\/\"},{\"@type\":\"ListItem\",\"position\":5,\"name\":\"Shaft couplings\",\"item\":\"https:\\\/\\\/exparto.pl\\\/en\\\/product-category\\\/articulated-telescopic-shafts\\\/shaft-couplings\\\/\"},{\"@type\":\"ListItem\",\"position\":6,\"name\":\"Sprz\u0119g\u0142o cierne adapter 1200Nm na wa\u0142ek WOM 6 frez\u00f3w- 1 3\\\/8 cala\"}]},{\"@type\":\"WebSite\",\"@id\":\"https:\\\/\\\/exparto.pl\\\/en\\\/#website\",\"url\":\"https:\\\/\\\/exparto.pl\\\/en\\\/\",\"name\":\"EXPARTO\",\"description\":\"More than agro parts\",\"publisher\":{\"@id\":\"https:\\\/\\\/exparto.pl\\\/en\\\/#organization\"},\"potentialAction\":[{\"@type\":\"SearchAction\",\"target\":{\"@type\":\"EntryPoint\",\"urlTemplate\":\"https:\\\/\\\/exparto.pl\\\/en\\\/?s={search_term_string}\"},\"query-input\":{\"@type\":\"PropertyValueSpecification\",\"valueRequired\":true,\"valueName\":\"search_term_string\"}}],\"inLanguage\":\"en-US\"},{\"@type\":\"Organization\",\"@id\":\"https:\\\/\\\/exparto.pl\\\/en\\\/#organization\",\"name\":\"EXPARTO\",\"url\":\"https:\\\/\\\/exparto.pl\\\/en\\\/\",\"logo\":{\"@type\":\"ImageObject\",\"inLanguage\":\"en-US\",\"@id\":\"https:\\\/\\\/exparto.pl\\\/en\\\/#\\\/schema\\\/logo\\\/image\\\/\",\"url\":\"https:\\\/\\\/exparto.pl\\\/wp-content\\\/uploads\\\/2023\\\/02\\\/logo-wektor.png\",\"contentUrl\":\"https:\\\/\\\/exparto.pl\\\/wp-content\\\/uploads\\\/2023\\\/02\\\/logo-wektor.png\",\"width\":1338,\"height\":143,\"caption\":\"EXPARTO\"},\"image\":{\"@id\":\"https:\\\/\\\/exparto.pl\\\/en\\\/#\\\/schema\\\/logo\\\/image\\\/\"},\"sameAs\":[\"https:\\\/\\\/www.facebook.com\\\/exparto.agro\\\/\"]}]}<\/script>\n<!-- \/ Yoast SEO plugin. -->","yoast_head_json":{"title":"Sprz\u0119g\u0142o cierne adapter 1200Nm na wa\u0142ek WOM 6 frez\u00f3w- 1 3\/8 cala - Exparto.pl","robots":{"index":"index","follow":"follow","max-snippet":"max-snippet:-1","max-image-preview":"max-image-preview:large","max-video-preview":"max-video-preview:-1"},"canonical":"https:\/\/exparto.pl\/en\/produkt\/sprzeglo-cierne-1200-nm\/","og_locale":"en_US","og_type":"article","og_title":"Sprz\u0119g\u0142o cierne adapter 1200Nm na wa\u0142ek WOM 6 frez\u00f3w- 1 3\/8 cala - Exparto.pl","og_description":"Sprz\u0119g\u0142o cierne 1200Nm.","og_url":"https:\/\/exparto.pl\/en\/produkt\/sprzeglo-cierne-1200-nm\/","og_site_name":"Exparto.pl","article_publisher":"https:\/\/www.facebook.com\/exparto.agro\/","article_modified_time":"2026-04-16T06:00:52+00:00","og_image":[{"width":1200,"height":1200,"url":"https:\/\/exparto.pl\/wp-content\/uploads\/2024\/11\/71eeeb77d3304009d72e8f12cf6ba2f1-2-rotated.jpg","type":"image\/jpeg"}],"twitter_card":"summary_large_image","twitter_misc":{"Est. reading time":"2 minutes"},"schema":{"@context":"https:\/\/schema.org","@graph":[{"@type":"WebPage","@id":"https:\/\/exparto.pl\/en\/produkt\/sprzeglo-cierne-1200-nm\/","url":"https:\/\/exparto.pl\/en\/produkt\/sprzeglo-cierne-1200-nm\/","name":"Sprz\u0119g\u0142o cierne adapter 1200Nm na wa\u0142ek WOM 6 frez\u00f3w- 1 3\/8 cala - Exparto.pl","isPartOf":{"@id":"https:\/\/exparto.pl\/en\/#website"},"primaryImageOfPage":{"@id":"https:\/\/exparto.pl\/en\/produkt\/sprzeglo-cierne-1200-nm\/#primaryimage"},"image":{"@id":"https:\/\/exparto.pl\/en\/produkt\/sprzeglo-cierne-1200-nm\/#primaryimage"},"thumbnailUrl":"https:\/\/exparto.pl\/wp-content\/uploads\/2024\/11\/71eeeb77d3304009d72e8f12cf6ba2f1-2-rotated.jpg","datePublished":"2024-07-30T08:53:15+00:00","dateModified":"2026-04-16T06:00:52+00:00","breadcrumb":{"@id":"https:\/\/exparto.pl\/en\/produkt\/sprzeglo-cierne-1200-nm\/#breadcrumb"},"inLanguage":"en-US","potentialAction":[{"@type":"ReadAction","target":["https:\/\/exparto.pl\/en\/produkt\/sprzeglo-cierne-1200-nm\/"]}]},{"@type":"ImageObject","inLanguage":"en-US","@id":"https:\/\/exparto.pl\/en\/produkt\/sprzeglo-cierne-1200-nm\/#primaryimage","url":"https:\/\/exparto.pl\/wp-content\/uploads\/2024\/11\/71eeeb77d3304009d72e8f12cf6ba2f1-2-rotated.jpg","contentUrl":"https:\/\/exparto.pl\/wp-content\/uploads\/2024\/11\/71eeeb77d3304009d72e8f12cf6ba2f1-2-rotated.jpg","width":1200,"height":1200},{"@type":"BreadcrumbList","@id":"https:\/\/exparto.pl\/en\/produkt\/sprzeglo-cierne-1200-nm\/#breadcrumb","itemListElement":[{"@type":"ListItem","position":1,"name":"Homepage","item":"https:\/\/exparto.pl\/en\/homepage\/"},{"@type":"ListItem","position":2,"name":"Sklep","item":"https:\/\/exparto.pl\/sklep\/"},{"@type":"ListItem","position":3,"name":"Articulated telescopic shafts","item":"https:\/\/exparto.pl\/en\/product-category\/articulated-telescopic-shafts\/"},{"@type":"ListItem","position":4,"name":"Shaft parts","item":"https:\/\/exparto.pl\/en\/product-category\/articulated-telescopic-shafts\/shaft-parts\/"},{"@type":"ListItem","position":5,"name":"Shaft couplings","item":"https:\/\/exparto.pl\/en\/product-category\/articulated-telescopic-shafts\/shaft-couplings\/"},{"@type":"ListItem","position":6,"name":"Sprz\u0119g\u0142o cierne adapter 1200Nm na wa\u0142ek WOM 6 frez\u00f3w- 1 3\/8 cala"}]},{"@type":"WebSite","@id":"https:\/\/exparto.pl\/en\/#website","url":"https:\/\/exparto.pl\/en\/","name":"EXPARTO","description":"More than agro parts","publisher":{"@id":"https:\/\/exparto.pl\/en\/#organization"},"potentialAction":[{"@type":"SearchAction","target":{"@type":"EntryPoint","urlTemplate":"https:\/\/exparto.pl\/en\/?s={search_term_string}"},"query-input":{"@type":"PropertyValueSpecification","valueRequired":true,"valueName":"search_term_string"}}],"inLanguage":"en-US"},{"@type":"Organization","@id":"https:\/\/exparto.pl\/en\/#organization","name":"EXPARTO","url":"https:\/\/exparto.pl\/en\/","logo":{"@type":"ImageObject","inLanguage":"en-US","@id":"https:\/\/exparto.pl\/en\/#\/schema\/logo\/image\/","url":"https:\/\/exparto.pl\/wp-content\/uploads\/2023\/02\/logo-wektor.png","contentUrl":"https:\/\/exparto.pl\/wp-content\/uploads\/2023\/02\/logo-wektor.png","width":1338,"height":143,"caption":"EXPARTO"},"image":{"@id":"https:\/\/exparto.pl\/en\/#\/schema\/logo\/image\/"},"sameAs":["https:\/\/www.facebook.com\/exparto.agro\/"]}]}},"_links":{"self":[{"href":"https:\/\/exparto.pl\/en\/wp-json\/wp\/v2\/product\/30246","targetHints":{"allow":["GET"]}}],"collection":[{"href":"https:\/\/exparto.pl\/en\/wp-json\/wp\/v2\/product"}],"about":[{"href":"https:\/\/exparto.pl\/en\/wp-json\/wp\/v2\/types\/product"}],"replies":[{"embeddable":true,"href":"https:\/\/exparto.pl\/en\/wp-json\/wp\/v2\/comments?post=30246"}],"wp:featuredmedia":[{"embeddable":true,"href":"https:\/\/exparto.pl\/en\/wp-json\/wp\/v2\/media\/35043"}],"wp:attachment":[{"href":"https:\/\/exparto.pl\/en\/wp-json\/wp\/v2\/media?parent=30246"}],"wp:term":[{"taxonomy":"product_brand","embeddable":true,"href":"https:\/\/exparto.pl\/en\/wp-json\/wp\/v2\/product_brand?post=30246"},{"taxonomy":"product_cat","embeddable":true,"href":"https:\/\/exparto.pl\/en\/wp-json\/wp\/v2\/product_cat?post=30246"},{"taxonomy":"product_tag","embeddable":true,"href":"https:\/\/exparto.pl\/en\/wp-json\/wp\/v2\/product_tag?post=30246"}],"curies":[{"name":"wp","href":"https:\/\/api.w.org\/{rel}","templated":true}]}}