{"id":30586,"date":"2024-08-07T14:02:32","date_gmt":"2024-08-07T12:02:32","guid":{"rendered":"https:\/\/exparto.pl\/produkt\/sterownik-arsp-do-sterowania-plugami-odsnieznymi-przewod-18-mb-zapalniczka-wyjscie-56-mb-erj-3pin\/"},"modified":"2026-01-21T12:36:23","modified_gmt":"2026-01-21T11:36:23","slug":"sterownik-arsp-do-sterowania-plugami-odsnieznymi-przewod-18-mb-zapalniczka-wyjscie-56-mb-erj-3pin","status":"publish","type":"product","link":"https:\/\/exparto.pl\/en\/produkt\/sterownik-arsp-do-sterowania-plugami-odsnieznymi-przewod-18-mb-zapalniczka-wyjscie-56-mb-erj-3pin\/","title":{"rendered":"Sterownik ARSP do sterowania p\u0142ugami od\u015bnie\u017cnymi, przew\u00f3d 1,8 mb, zapalniczka, wyj\u015bcie 5,6 mb, ERJ 3PIN"},"content":{"rendered":"<p style=\"text-align: justify\">Sterownik ARSP V1 to wysokiej jako\u015bci urz\u0105dzenie zaprojektowane do precyzyjnego<b> sterowania p\u0142ugami od\u015bnie\u017cnymi<\/b> typu PSV. Umo\u017cliwia on \u0142atw\u0105 i skuteczn\u0105 kontrol\u0119 od\u015bnie\u017cania.<\/p>\n","protected":false},"excerpt":{"rendered":"<p style=\"text-align: justify\">Sterownik ARSP do sterowania p\u0142ugami<\/p>\n","protected":false},"featured_media":30561,"comment_status":"open","ping_status":"closed","template":"","meta":{"_acf_changed":false,"inline_featured_image":false},"product_brand":[],"product_cat":[492],"product_tag":[],"class_list":{"0":"post-30586","1":"product","2":"type-product","3":"status-publish","4":"has-post-thumbnail","6":"product_cat-snow-ploughs","8":"first","9":"outofstock","10":"taxable","11":"shipping-taxable","12":"purchasable","13":"product-type-simple"},"acf":[],"yoast_head":"<!-- This site is optimized with the Yoast SEO plugin v27.3 - https:\/\/yoast.com\/product\/yoast-seo-wordpress\/ -->\n<title>Sterownik ARSP do sterowania p\u0142ugami od\u015bnie\u017cnymi, przew\u00f3d 1,8 mb, zapalniczka, wyj\u015bcie 5,6 mb, ERJ 3PIN - Exparto.pl<\/title>\n<meta name=\"robots\" content=\"index, follow, max-snippet:-1, max-image-preview:large, max-video-preview:-1\" \/>\n<link rel=\"canonical\" href=\"https:\/\/exparto.pl\/en\/produkt\/sterownik-arsp-do-sterowania-plugami-odsnieznymi-przewod-18-mb-zapalniczka-wyjscie-56-mb-erj-3pin\/\" \/>\n<meta property=\"og:locale\" content=\"en_US\" \/>\n<meta property=\"og:type\" content=\"article\" \/>\n<meta property=\"og:title\" content=\"Sterownik ARSP do sterowania p\u0142ugami od\u015bnie\u017cnymi, przew\u00f3d 1,8 mb, zapalniczka, wyj\u015bcie 5,6 mb, ERJ 3PIN - Exparto.pl\" \/>\n<meta property=\"og:description\" content=\"Sterownik ARSP do sterowania p\u0142ugami\" \/>\n<meta property=\"og:url\" content=\"https:\/\/exparto.pl\/en\/produkt\/sterownik-arsp-do-sterowania-plugami-odsnieznymi-przewod-18-mb-zapalniczka-wyjscie-56-mb-erj-3pin\/\" \/>\n<meta property=\"og:site_name\" content=\"Exparto.pl\" \/>\n<meta property=\"article:publisher\" content=\"https:\/\/www.facebook.com\/exparto.agro\/\" \/>\n<meta property=\"article:modified_time\" content=\"2026-01-21T11:36:23+00:00\" \/>\n<meta property=\"og:image\" content=\"https:\/\/exparto.pl\/wp-content\/uploads\/2024\/08\/9fd3e5a35d69f2caef8ea6778fe74d4f.jpg\" \/>\n\t<meta property=\"og:image:width\" content=\"1200\" \/>\n\t<meta property=\"og:image:height\" content=\"1200\" \/>\n\t<meta property=\"og:image:type\" content=\"image\/jpeg\" \/>\n<meta name=\"twitter:card\" content=\"summary_large_image\" \/>\n<meta name=\"twitter:label1\" content=\"Est. reading time\" \/>\n\t<meta name=\"twitter:data1\" content=\"1 minute\" \/>\n<script type=\"application\/ld+json\" class=\"yoast-schema-graph\">{\"@context\":\"https:\\\/\\\/schema.org\",\"@graph\":[{\"@type\":\"WebPage\",\"@id\":\"https:\\\/\\\/exparto.pl\\\/en\\\/produkt\\\/sterownik-arsp-do-sterowania-plugami-odsnieznymi-przewod-18-mb-zapalniczka-wyjscie-56-mb-erj-3pin\\\/\",\"url\":\"https:\\\/\\\/exparto.pl\\\/en\\\/produkt\\\/sterownik-arsp-do-sterowania-plugami-odsnieznymi-przewod-18-mb-zapalniczka-wyjscie-56-mb-erj-3pin\\\/\",\"name\":\"Sterownik ARSP do sterowania p\u0142ugami od\u015bnie\u017cnymi, przew\u00f3d 1,8 mb, zapalniczka, wyj\u015bcie 5,6 mb, ERJ 3PIN - Exparto.pl\",\"isPartOf\":{\"@id\":\"https:\\\/\\\/exparto.pl\\\/en\\\/#website\"},\"primaryImageOfPage\":{\"@id\":\"https:\\\/\\\/exparto.pl\\\/en\\\/produkt\\\/sterownik-arsp-do-sterowania-plugami-odsnieznymi-przewod-18-mb-zapalniczka-wyjscie-56-mb-erj-3pin\\\/#primaryimage\"},\"image\":{\"@id\":\"https:\\\/\\\/exparto.pl\\\/en\\\/produkt\\\/sterownik-arsp-do-sterowania-plugami-odsnieznymi-przewod-18-mb-zapalniczka-wyjscie-56-mb-erj-3pin\\\/#primaryimage\"},\"thumbnailUrl\":\"https:\\\/\\\/exparto.pl\\\/wp-content\\\/uploads\\\/2024\\\/08\\\/9fd3e5a35d69f2caef8ea6778fe74d4f.jpg\",\"datePublished\":\"2024-08-07T12:02:32+00:00\",\"dateModified\":\"2026-01-21T11:36:23+00:00\",\"breadcrumb\":{\"@id\":\"https:\\\/\\\/exparto.pl\\\/en\\\/produkt\\\/sterownik-arsp-do-sterowania-plugami-odsnieznymi-przewod-18-mb-zapalniczka-wyjscie-56-mb-erj-3pin\\\/#breadcrumb\"},\"inLanguage\":\"en-US\",\"potentialAction\":[{\"@type\":\"ReadAction\",\"target\":[\"https:\\\/\\\/exparto.pl\\\/en\\\/produkt\\\/sterownik-arsp-do-sterowania-plugami-odsnieznymi-przewod-18-mb-zapalniczka-wyjscie-56-mb-erj-3pin\\\/\"]}]},{\"@type\":\"ImageObject\",\"inLanguage\":\"en-US\",\"@id\":\"https:\\\/\\\/exparto.pl\\\/en\\\/produkt\\\/sterownik-arsp-do-sterowania-plugami-odsnieznymi-przewod-18-mb-zapalniczka-wyjscie-56-mb-erj-3pin\\\/#primaryimage\",\"url\":\"https:\\\/\\\/exparto.pl\\\/wp-content\\\/uploads\\\/2024\\\/08\\\/9fd3e5a35d69f2caef8ea6778fe74d4f.jpg\",\"contentUrl\":\"https:\\\/\\\/exparto.pl\\\/wp-content\\\/uploads\\\/2024\\\/08\\\/9fd3e5a35d69f2caef8ea6778fe74d4f.jpg\",\"width\":1200,\"height\":1200},{\"@type\":\"BreadcrumbList\",\"@id\":\"https:\\\/\\\/exparto.pl\\\/en\\\/produkt\\\/sterownik-arsp-do-sterowania-plugami-odsnieznymi-przewod-18-mb-zapalniczka-wyjscie-56-mb-erj-3pin\\\/#breadcrumb\",\"itemListElement\":[{\"@type\":\"ListItem\",\"position\":1,\"name\":\"Homepage\",\"item\":\"https:\\\/\\\/exparto.pl\\\/en\\\/homepage\\\/\"},{\"@type\":\"ListItem\",\"position\":2,\"name\":\"Sklep\",\"item\":\"https:\\\/\\\/exparto.pl\\\/sklep\\\/\"},{\"@type\":\"ListItem\",\"position\":3,\"name\":\"Snow ploughs\",\"item\":\"https:\\\/\\\/exparto.pl\\\/en\\\/product-category\\\/snow-ploughs\\\/\"},{\"@type\":\"ListItem\",\"position\":4,\"name\":\"Sterownik ARSP do sterowania p\u0142ugami od\u015bnie\u017cnymi, przew\u00f3d 1,8 mb, zapalniczka, wyj\u015bcie 5,6 mb, ERJ 3PIN\"}]},{\"@type\":\"WebSite\",\"@id\":\"https:\\\/\\\/exparto.pl\\\/en\\\/#website\",\"url\":\"https:\\\/\\\/exparto.pl\\\/en\\\/\",\"name\":\"EXPARTO\",\"description\":\"More than agro parts\",\"publisher\":{\"@id\":\"https:\\\/\\\/exparto.pl\\\/en\\\/#organization\"},\"potentialAction\":[{\"@type\":\"SearchAction\",\"target\":{\"@type\":\"EntryPoint\",\"urlTemplate\":\"https:\\\/\\\/exparto.pl\\\/en\\\/?s={search_term_string}\"},\"query-input\":{\"@type\":\"PropertyValueSpecification\",\"valueRequired\":true,\"valueName\":\"search_term_string\"}}],\"inLanguage\":\"en-US\"},{\"@type\":\"Organization\",\"@id\":\"https:\\\/\\\/exparto.pl\\\/en\\\/#organization\",\"name\":\"EXPARTO\",\"url\":\"https:\\\/\\\/exparto.pl\\\/en\\\/\",\"logo\":{\"@type\":\"ImageObject\",\"inLanguage\":\"en-US\",\"@id\":\"https:\\\/\\\/exparto.pl\\\/en\\\/#\\\/schema\\\/logo\\\/image\\\/\",\"url\":\"https:\\\/\\\/exparto.pl\\\/wp-content\\\/uploads\\\/2023\\\/02\\\/logo-wektor.png\",\"contentUrl\":\"https:\\\/\\\/exparto.pl\\\/wp-content\\\/uploads\\\/2023\\\/02\\\/logo-wektor.png\",\"width\":1338,\"height\":143,\"caption\":\"EXPARTO\"},\"image\":{\"@id\":\"https:\\\/\\\/exparto.pl\\\/en\\\/#\\\/schema\\\/logo\\\/image\\\/\"},\"sameAs\":[\"https:\\\/\\\/www.facebook.com\\\/exparto.agro\\\/\"]}]}<\/script>\n<!-- \/ Yoast SEO plugin. -->","yoast_head_json":{"title":"Sterownik ARSP do sterowania p\u0142ugami od\u015bnie\u017cnymi, przew\u00f3d 1,8 mb, zapalniczka, wyj\u015bcie 5,6 mb, ERJ 3PIN - Exparto.pl","robots":{"index":"index","follow":"follow","max-snippet":"max-snippet:-1","max-image-preview":"max-image-preview:large","max-video-preview":"max-video-preview:-1"},"canonical":"https:\/\/exparto.pl\/en\/produkt\/sterownik-arsp-do-sterowania-plugami-odsnieznymi-przewod-18-mb-zapalniczka-wyjscie-56-mb-erj-3pin\/","og_locale":"en_US","og_type":"article","og_title":"Sterownik ARSP do sterowania p\u0142ugami od\u015bnie\u017cnymi, przew\u00f3d 1,8 mb, zapalniczka, wyj\u015bcie 5,6 mb, ERJ 3PIN - Exparto.pl","og_description":"Sterownik ARSP do sterowania p\u0142ugami","og_url":"https:\/\/exparto.pl\/en\/produkt\/sterownik-arsp-do-sterowania-plugami-odsnieznymi-przewod-18-mb-zapalniczka-wyjscie-56-mb-erj-3pin\/","og_site_name":"Exparto.pl","article_publisher":"https:\/\/www.facebook.com\/exparto.agro\/","article_modified_time":"2026-01-21T11:36:23+00:00","og_image":[{"width":1200,"height":1200,"url":"https:\/\/exparto.pl\/wp-content\/uploads\/2024\/08\/9fd3e5a35d69f2caef8ea6778fe74d4f.jpg","type":"image\/jpeg"}],"twitter_card":"summary_large_image","twitter_misc":{"Est. reading time":"1 minute"},"schema":{"@context":"https:\/\/schema.org","@graph":[{"@type":"WebPage","@id":"https:\/\/exparto.pl\/en\/produkt\/sterownik-arsp-do-sterowania-plugami-odsnieznymi-przewod-18-mb-zapalniczka-wyjscie-56-mb-erj-3pin\/","url":"https:\/\/exparto.pl\/en\/produkt\/sterownik-arsp-do-sterowania-plugami-odsnieznymi-przewod-18-mb-zapalniczka-wyjscie-56-mb-erj-3pin\/","name":"Sterownik ARSP do sterowania p\u0142ugami od\u015bnie\u017cnymi, przew\u00f3d 1,8 mb, zapalniczka, wyj\u015bcie 5,6 mb, ERJ 3PIN - Exparto.pl","isPartOf":{"@id":"https:\/\/exparto.pl\/en\/#website"},"primaryImageOfPage":{"@id":"https:\/\/exparto.pl\/en\/produkt\/sterownik-arsp-do-sterowania-plugami-odsnieznymi-przewod-18-mb-zapalniczka-wyjscie-56-mb-erj-3pin\/#primaryimage"},"image":{"@id":"https:\/\/exparto.pl\/en\/produkt\/sterownik-arsp-do-sterowania-plugami-odsnieznymi-przewod-18-mb-zapalniczka-wyjscie-56-mb-erj-3pin\/#primaryimage"},"thumbnailUrl":"https:\/\/exparto.pl\/wp-content\/uploads\/2024\/08\/9fd3e5a35d69f2caef8ea6778fe74d4f.jpg","datePublished":"2024-08-07T12:02:32+00:00","dateModified":"2026-01-21T11:36:23+00:00","breadcrumb":{"@id":"https:\/\/exparto.pl\/en\/produkt\/sterownik-arsp-do-sterowania-plugami-odsnieznymi-przewod-18-mb-zapalniczka-wyjscie-56-mb-erj-3pin\/#breadcrumb"},"inLanguage":"en-US","potentialAction":[{"@type":"ReadAction","target":["https:\/\/exparto.pl\/en\/produkt\/sterownik-arsp-do-sterowania-plugami-odsnieznymi-przewod-18-mb-zapalniczka-wyjscie-56-mb-erj-3pin\/"]}]},{"@type":"ImageObject","inLanguage":"en-US","@id":"https:\/\/exparto.pl\/en\/produkt\/sterownik-arsp-do-sterowania-plugami-odsnieznymi-przewod-18-mb-zapalniczka-wyjscie-56-mb-erj-3pin\/#primaryimage","url":"https:\/\/exparto.pl\/wp-content\/uploads\/2024\/08\/9fd3e5a35d69f2caef8ea6778fe74d4f.jpg","contentUrl":"https:\/\/exparto.pl\/wp-content\/uploads\/2024\/08\/9fd3e5a35d69f2caef8ea6778fe74d4f.jpg","width":1200,"height":1200},{"@type":"BreadcrumbList","@id":"https:\/\/exparto.pl\/en\/produkt\/sterownik-arsp-do-sterowania-plugami-odsnieznymi-przewod-18-mb-zapalniczka-wyjscie-56-mb-erj-3pin\/#breadcrumb","itemListElement":[{"@type":"ListItem","position":1,"name":"Homepage","item":"https:\/\/exparto.pl\/en\/homepage\/"},{"@type":"ListItem","position":2,"name":"Sklep","item":"https:\/\/exparto.pl\/sklep\/"},{"@type":"ListItem","position":3,"name":"Snow ploughs","item":"https:\/\/exparto.pl\/en\/product-category\/snow-ploughs\/"},{"@type":"ListItem","position":4,"name":"Sterownik ARSP do sterowania p\u0142ugami od\u015bnie\u017cnymi, przew\u00f3d 1,8 mb, zapalniczka, wyj\u015bcie 5,6 mb, ERJ 3PIN"}]},{"@type":"WebSite","@id":"https:\/\/exparto.pl\/en\/#website","url":"https:\/\/exparto.pl\/en\/","name":"EXPARTO","description":"More than agro parts","publisher":{"@id":"https:\/\/exparto.pl\/en\/#organization"},"potentialAction":[{"@type":"SearchAction","target":{"@type":"EntryPoint","urlTemplate":"https:\/\/exparto.pl\/en\/?s={search_term_string}"},"query-input":{"@type":"PropertyValueSpecification","valueRequired":true,"valueName":"search_term_string"}}],"inLanguage":"en-US"},{"@type":"Organization","@id":"https:\/\/exparto.pl\/en\/#organization","name":"EXPARTO","url":"https:\/\/exparto.pl\/en\/","logo":{"@type":"ImageObject","inLanguage":"en-US","@id":"https:\/\/exparto.pl\/en\/#\/schema\/logo\/image\/","url":"https:\/\/exparto.pl\/wp-content\/uploads\/2023\/02\/logo-wektor.png","contentUrl":"https:\/\/exparto.pl\/wp-content\/uploads\/2023\/02\/logo-wektor.png","width":1338,"height":143,"caption":"EXPARTO"},"image":{"@id":"https:\/\/exparto.pl\/en\/#\/schema\/logo\/image\/"},"sameAs":["https:\/\/www.facebook.com\/exparto.agro\/"]}]}},"_links":{"self":[{"href":"https:\/\/exparto.pl\/en\/wp-json\/wp\/v2\/product\/30586","targetHints":{"allow":["GET"]}}],"collection":[{"href":"https:\/\/exparto.pl\/en\/wp-json\/wp\/v2\/product"}],"about":[{"href":"https:\/\/exparto.pl\/en\/wp-json\/wp\/v2\/types\/product"}],"replies":[{"embeddable":true,"href":"https:\/\/exparto.pl\/en\/wp-json\/wp\/v2\/comments?post=30586"}],"wp:featuredmedia":[{"embeddable":true,"href":"https:\/\/exparto.pl\/en\/wp-json\/wp\/v2\/media\/30561"}],"wp:attachment":[{"href":"https:\/\/exparto.pl\/en\/wp-json\/wp\/v2\/media?parent=30586"}],"wp:term":[{"taxonomy":"product_brand","embeddable":true,"href":"https:\/\/exparto.pl\/en\/wp-json\/wp\/v2\/product_brand?post=30586"},{"taxonomy":"product_cat","embeddable":true,"href":"https:\/\/exparto.pl\/en\/wp-json\/wp\/v2\/product_cat?post=30586"},{"taxonomy":"product_tag","embeddable":true,"href":"https:\/\/exparto.pl\/en\/wp-json\/wp\/v2\/product_tag?post=30586"}],"curies":[{"name":"wp","href":"https:\/\/api.w.org\/{rel}","templated":true}]}}