{"id":30701,"date":"2024-08-09T11:50:11","date_gmt":"2024-08-09T09:50:11","guid":{"rendered":"https:\/\/exparto.pl\/produkt\/talerz-do-talerzowki-460-mm-x-35-mm-uzebiony-4-otwory-z-9-stal-sprezynowa\/"},"modified":"2026-03-23T18:19:30","modified_gmt":"2026-03-23T17:19:30","slug":"talerz-do-talerzowki-460-mm-x-35-mm-uzebiony-4-otwory-z-9-stal-sprezynowa","status":"publish","type":"product","link":"https:\/\/exparto.pl\/en\/produkt\/talerz-do-talerzowki-460-mm-x-35-mm-uzebiony-4-otwory-z-9-stal-sprezynowa\/","title":{"rendered":"Talerz do talerz\u00f3wki 460 mm x 3,5 mm, uz\u0119biony, 4 otwory, Z-9, stal spr\u0119\u017cynowa"},"content":{"rendered":"<p><b>W ofercie EXPARTO przygotowali\u015bmy dla Ciebie wysokiej jako\u015bci talerz brony talerzowej o \u015brednicy 460 mm<\/b><span style=\"font-weight: 400;\">. To cz\u0119\u015b\u0107 robocza maszyny, kt\u00f3ra pozwoli Ci na popraw\u0119 skuteczno\u015bci pracy w gospodarstwie rolnym. Poznaj jej w\u0142a\u015bciwo\u015bci.\u00a0<\/span><\/p>\n<h2><span style=\"font-weight: 400;\">Talerz z\u0119baty 460 do talerz\u00f3wki \u2013 ma\u0142y, 4 otwory<\/span><\/h2>\n<p><b>Proponowany w tym miejscu talerz do talerz\u00f3wki 460 to model ma\u0142y przeznaczony do monta\u017cu na cztery otwory<\/b><span style=\"font-weight: 400;\">. Jest to element roboczy, kt\u00f3ry z czasem podlega degradacji i wymianie. <\/span><b>Talerz uz\u0119biony ma\u0142y to taki, kt\u00f3ry posiada na swojej powierzchni dodatkowo zbudowane ostrza i z\u0119by, co zwi\u0119ksza efektywno\u015b\u0107 ci\u0119cia i rozdrabniania gleby<\/b><span style=\"font-weight: 400;\">. W efekcie pod\u0142o\u017ce jest lepiej przygotowane do dalszych prac agrarnych. Oferowany przez nas model wykonany jest ze stali spr\u0119\u017cynowej o wysokiej odporno\u015bci na \u015bcieranie i uszkodzenia mechaniczne. Jego monta\u017c i konserwacja s\u0105 wyj\u0105tkowo intuicyjne i bezproblemowe.<\/span><\/p>\n<p><p style=\"text-align: justify;\"><span style=\"font-weight: 400;\">Zale\u017cy Ci na efektywnej pracy w polu? Dbaj o utrzymanie swoich maszyn w dobrym stanie technicznym. Pomog\u0105 Ci w tym cz\u0119\u015bci eksploatacyjne od EXPARTO. <\/span><b>Decyduj\u0105c si\u0119 na talerz z\u0119baty 460, zapewniasz sobie produkt spe\u0142niaj\u0105cy normy producent\u00f3w<\/b><span style=\"font-weight: 400;\">. <\/span><\/p>\n<p><p style=\"text-align: justify;\">Polecamy talerze EXPARTO do <strong>bron talerzowych, bron muszlowych, bron le\u015bnych, agregat\u00f3w uprawowych, p\u0142ug\u00f3w talerzowych oraz kultywator\u00f3w \u015bcierniskowych (gruber\u00f3w), agregat\u00f3w siewnych, siewnik\u00f3w, agregat\u00f3w hybrydowych.<\/strong><\/p>\n<p><p style=\"text-align: justify;\"><strong>Talerze EXPARTO<\/strong> s\u0105 kompatybilne z maszynami produkowanymi przez:<\/p>\n<ul>\n<li style=\"text-align: justify;\">Agrisem, Agrimet, Agro lift, Agromasz, Agrotom, Akpil, Amazone, ATMP, Awemak, Batyra, Bednar, Bomet, Bury, Czajkowski, Dexwal, Euromasz, Expom, Goliath, Horsch, Kunh, Kverneland, Lemken, Mandam, Metalfach, Pettinger, Polgrom, Rol\/ex, Rolmako, Staltech, Strumyk, Unia, Vaderstad, , PPHU ZAPA\u0141A oraz pozosta\u0142ymi maszynami wyposa\u017conymi w piasty SKF , Krasnik czy talerze typu C<\/li>\n<\/ul>\n","protected":false},"excerpt":{"rendered":"<p style=\"text-align: justify;\">Talerze rolnicze EXPARTO do uprawy w technologii uproszczonej przy u\u017cyciu agregat\u00f3w i bron talerzowych. Uwzgl\u0119dniaj\u0105 rodzaj prac polowych czy specyfik\u0119 gleby. Gwarantuj\u0105 spokojn\u0105 i wydajn\u0105 prac\u0119.<\/p>\n","protected":false},"featured_media":30691,"comment_status":"open","ping_status":"closed","template":"","meta":{"_acf_changed":false,"inline_featured_image":false},"product_brand":[],"product_cat":[41,56,65],"product_tag":[],"class_list":{"0":"post-30701","1":"product","2":"type-product","3":"status-publish","4":"has-post-thumbnail","6":"product_cat-czesci-do-talerzowki","7":"product_cat-talerze-uprawowe","8":"product_cat-talerze-460-mm","10":"first","11":"outofstock","12":"taxable","13":"shipping-taxable","14":"purchasable","15":"product-type-simple"},"acf":[],"yoast_head":"<!-- This site is optimized with the Yoast SEO plugin v27.3 - https:\/\/yoast.com\/product\/yoast-seo-wordpress\/ -->\n<title>Talerz do talerz\u00f3wki 460 mm x 3,5 mm, uz\u0119biony, 4 otwory, Z-9, stal spr\u0119\u017cynowa - Exparto.pl<\/title>\n<meta name=\"robots\" content=\"index, follow, max-snippet:-1, max-image-preview:large, max-video-preview:-1\" \/>\n<link rel=\"canonical\" href=\"https:\/\/exparto.pl\/en\/produkt\/talerz-do-talerzowki-460-mm-x-35-mm-uzebiony-4-otwory-z-9-stal-sprezynowa\/\" \/>\n<meta property=\"og:locale\" content=\"en_US\" \/>\n<meta property=\"og:type\" content=\"article\" \/>\n<meta property=\"og:title\" content=\"Talerz do talerz\u00f3wki 460 mm x 3,5 mm, uz\u0119biony, 4 otwory, Z-9, stal spr\u0119\u017cynowa - Exparto.pl\" \/>\n<meta property=\"og:description\" content=\"Talerze rolnicze EXPARTO do uprawy w technologii uproszczonej przy u\u017cyciu agregat\u00f3w i bron talerzowych. Uwzgl\u0119dniaj\u0105 rodzaj prac polowych czy specyfik\u0119 gleby. Gwarantuj\u0105 spokojn\u0105 i wydajn\u0105 prac\u0119.\" \/>\n<meta property=\"og:url\" content=\"https:\/\/exparto.pl\/en\/produkt\/talerz-do-talerzowki-460-mm-x-35-mm-uzebiony-4-otwory-z-9-stal-sprezynowa\/\" \/>\n<meta property=\"og:site_name\" content=\"Exparto.pl\" \/>\n<meta property=\"article:publisher\" content=\"https:\/\/www.facebook.com\/exparto.agro\/\" \/>\n<meta property=\"article:modified_time\" content=\"2026-03-23T17:19:30+00:00\" \/>\n<meta property=\"og:image\" content=\"https:\/\/exparto.pl\/wp-content\/uploads\/2024\/08\/80188135c3e6ffb3fccfd744c57bb69e.jpg\" \/>\n\t<meta property=\"og:image:width\" content=\"1000\" \/>\n\t<meta property=\"og:image:height\" content=\"1000\" \/>\n\t<meta property=\"og:image:type\" content=\"image\/jpeg\" \/>\n<meta name=\"twitter:card\" content=\"summary_large_image\" \/>\n<meta name=\"twitter:label1\" content=\"Est. reading time\" \/>\n\t<meta name=\"twitter:data1\" content=\"2 minutes\" \/>\n<script type=\"application\/ld+json\" class=\"yoast-schema-graph\">{\"@context\":\"https:\\\/\\\/schema.org\",\"@graph\":[{\"@type\":\"WebPage\",\"@id\":\"https:\\\/\\\/exparto.pl\\\/en\\\/produkt\\\/talerz-do-talerzowki-460-mm-x-35-mm-uzebiony-4-otwory-z-9-stal-sprezynowa\\\/\",\"url\":\"https:\\\/\\\/exparto.pl\\\/en\\\/produkt\\\/talerz-do-talerzowki-460-mm-x-35-mm-uzebiony-4-otwory-z-9-stal-sprezynowa\\\/\",\"name\":\"Talerz do talerz\u00f3wki 460 mm x 3,5 mm, uz\u0119biony, 4 otwory, Z-9, stal spr\u0119\u017cynowa - Exparto.pl\",\"isPartOf\":{\"@id\":\"https:\\\/\\\/exparto.pl\\\/en\\\/#website\"},\"primaryImageOfPage\":{\"@id\":\"https:\\\/\\\/exparto.pl\\\/en\\\/produkt\\\/talerz-do-talerzowki-460-mm-x-35-mm-uzebiony-4-otwory-z-9-stal-sprezynowa\\\/#primaryimage\"},\"image\":{\"@id\":\"https:\\\/\\\/exparto.pl\\\/en\\\/produkt\\\/talerz-do-talerzowki-460-mm-x-35-mm-uzebiony-4-otwory-z-9-stal-sprezynowa\\\/#primaryimage\"},\"thumbnailUrl\":\"https:\\\/\\\/exparto.pl\\\/wp-content\\\/uploads\\\/2024\\\/08\\\/80188135c3e6ffb3fccfd744c57bb69e.jpg\",\"datePublished\":\"2024-08-09T09:50:11+00:00\",\"dateModified\":\"2026-03-23T17:19:30+00:00\",\"breadcrumb\":{\"@id\":\"https:\\\/\\\/exparto.pl\\\/en\\\/produkt\\\/talerz-do-talerzowki-460-mm-x-35-mm-uzebiony-4-otwory-z-9-stal-sprezynowa\\\/#breadcrumb\"},\"inLanguage\":\"en-US\",\"potentialAction\":[{\"@type\":\"ReadAction\",\"target\":[\"https:\\\/\\\/exparto.pl\\\/en\\\/produkt\\\/talerz-do-talerzowki-460-mm-x-35-mm-uzebiony-4-otwory-z-9-stal-sprezynowa\\\/\"]}]},{\"@type\":\"ImageObject\",\"inLanguage\":\"en-US\",\"@id\":\"https:\\\/\\\/exparto.pl\\\/en\\\/produkt\\\/talerz-do-talerzowki-460-mm-x-35-mm-uzebiony-4-otwory-z-9-stal-sprezynowa\\\/#primaryimage\",\"url\":\"https:\\\/\\\/exparto.pl\\\/wp-content\\\/uploads\\\/2024\\\/08\\\/80188135c3e6ffb3fccfd744c57bb69e.jpg\",\"contentUrl\":\"https:\\\/\\\/exparto.pl\\\/wp-content\\\/uploads\\\/2024\\\/08\\\/80188135c3e6ffb3fccfd744c57bb69e.jpg\",\"width\":1000,\"height\":1000},{\"@type\":\"BreadcrumbList\",\"@id\":\"https:\\\/\\\/exparto.pl\\\/en\\\/produkt\\\/talerz-do-talerzowki-460-mm-x-35-mm-uzebiony-4-otwory-z-9-stal-sprezynowa\\\/#breadcrumb\",\"itemListElement\":[{\"@type\":\"ListItem\",\"position\":1,\"name\":\"Homepage\",\"item\":\"https:\\\/\\\/exparto.pl\\\/en\\\/homepage\\\/\"},{\"@type\":\"ListItem\",\"position\":2,\"name\":\"Sklep\",\"item\":\"https:\\\/\\\/exparto.pl\\\/sklep\\\/\"},{\"@type\":\"ListItem\",\"position\":3,\"name\":\"Land cultivation\",\"item\":\"https:\\\/\\\/exparto.pl\\\/en\\\/product-category\\\/land-cultivation\\\/\"},{\"@type\":\"ListItem\",\"position\":4,\"name\":\"Cultivation discs\",\"item\":\"https:\\\/\\\/exparto.pl\\\/en\\\/product-category\\\/land-cultivation\\\/cultivation-discs\\\/\"},{\"@type\":\"ListItem\",\"position\":5,\"name\":\"460 mm discs\",\"item\":\"https:\\\/\\\/exparto.pl\\\/en\\\/product-category\\\/land-cultivation\\\/cultivation-discs\\\/460-mm-discs\\\/\"},{\"@type\":\"ListItem\",\"position\":6,\"name\":\"Talerz do talerz\u00f3wki 460 mm x 3,5 mm, uz\u0119biony, 4 otwory, Z-9, stal spr\u0119\u017cynowa\"}]},{\"@type\":\"WebSite\",\"@id\":\"https:\\\/\\\/exparto.pl\\\/en\\\/#website\",\"url\":\"https:\\\/\\\/exparto.pl\\\/en\\\/\",\"name\":\"EXPARTO\",\"description\":\"More than agro parts\",\"publisher\":{\"@id\":\"https:\\\/\\\/exparto.pl\\\/en\\\/#organization\"},\"potentialAction\":[{\"@type\":\"SearchAction\",\"target\":{\"@type\":\"EntryPoint\",\"urlTemplate\":\"https:\\\/\\\/exparto.pl\\\/en\\\/?s={search_term_string}\"},\"query-input\":{\"@type\":\"PropertyValueSpecification\",\"valueRequired\":true,\"valueName\":\"search_term_string\"}}],\"inLanguage\":\"en-US\"},{\"@type\":\"Organization\",\"@id\":\"https:\\\/\\\/exparto.pl\\\/en\\\/#organization\",\"name\":\"EXPARTO\",\"url\":\"https:\\\/\\\/exparto.pl\\\/en\\\/\",\"logo\":{\"@type\":\"ImageObject\",\"inLanguage\":\"en-US\",\"@id\":\"https:\\\/\\\/exparto.pl\\\/en\\\/#\\\/schema\\\/logo\\\/image\\\/\",\"url\":\"https:\\\/\\\/exparto.pl\\\/wp-content\\\/uploads\\\/2023\\\/02\\\/logo-wektor.png\",\"contentUrl\":\"https:\\\/\\\/exparto.pl\\\/wp-content\\\/uploads\\\/2023\\\/02\\\/logo-wektor.png\",\"width\":1338,\"height\":143,\"caption\":\"EXPARTO\"},\"image\":{\"@id\":\"https:\\\/\\\/exparto.pl\\\/en\\\/#\\\/schema\\\/logo\\\/image\\\/\"},\"sameAs\":[\"https:\\\/\\\/www.facebook.com\\\/exparto.agro\\\/\"]}]}<\/script>\n<!-- \/ Yoast SEO plugin. -->","yoast_head_json":{"title":"Talerz do talerz\u00f3wki 460 mm x 3,5 mm, uz\u0119biony, 4 otwory, Z-9, stal spr\u0119\u017cynowa - Exparto.pl","robots":{"index":"index","follow":"follow","max-snippet":"max-snippet:-1","max-image-preview":"max-image-preview:large","max-video-preview":"max-video-preview:-1"},"canonical":"https:\/\/exparto.pl\/en\/produkt\/talerz-do-talerzowki-460-mm-x-35-mm-uzebiony-4-otwory-z-9-stal-sprezynowa\/","og_locale":"en_US","og_type":"article","og_title":"Talerz do talerz\u00f3wki 460 mm x 3,5 mm, uz\u0119biony, 4 otwory, Z-9, stal spr\u0119\u017cynowa - Exparto.pl","og_description":"Talerze rolnicze EXPARTO do uprawy w technologii uproszczonej przy u\u017cyciu agregat\u00f3w i bron talerzowych. Uwzgl\u0119dniaj\u0105 rodzaj prac polowych czy specyfik\u0119 gleby. Gwarantuj\u0105 spokojn\u0105 i wydajn\u0105 prac\u0119.","og_url":"https:\/\/exparto.pl\/en\/produkt\/talerz-do-talerzowki-460-mm-x-35-mm-uzebiony-4-otwory-z-9-stal-sprezynowa\/","og_site_name":"Exparto.pl","article_publisher":"https:\/\/www.facebook.com\/exparto.agro\/","article_modified_time":"2026-03-23T17:19:30+00:00","og_image":[{"width":1000,"height":1000,"url":"https:\/\/exparto.pl\/wp-content\/uploads\/2024\/08\/80188135c3e6ffb3fccfd744c57bb69e.jpg","type":"image\/jpeg"}],"twitter_card":"summary_large_image","twitter_misc":{"Est. reading time":"2 minutes"},"schema":{"@context":"https:\/\/schema.org","@graph":[{"@type":"WebPage","@id":"https:\/\/exparto.pl\/en\/produkt\/talerz-do-talerzowki-460-mm-x-35-mm-uzebiony-4-otwory-z-9-stal-sprezynowa\/","url":"https:\/\/exparto.pl\/en\/produkt\/talerz-do-talerzowki-460-mm-x-35-mm-uzebiony-4-otwory-z-9-stal-sprezynowa\/","name":"Talerz do talerz\u00f3wki 460 mm x 3,5 mm, uz\u0119biony, 4 otwory, Z-9, stal spr\u0119\u017cynowa - Exparto.pl","isPartOf":{"@id":"https:\/\/exparto.pl\/en\/#website"},"primaryImageOfPage":{"@id":"https:\/\/exparto.pl\/en\/produkt\/talerz-do-talerzowki-460-mm-x-35-mm-uzebiony-4-otwory-z-9-stal-sprezynowa\/#primaryimage"},"image":{"@id":"https:\/\/exparto.pl\/en\/produkt\/talerz-do-talerzowki-460-mm-x-35-mm-uzebiony-4-otwory-z-9-stal-sprezynowa\/#primaryimage"},"thumbnailUrl":"https:\/\/exparto.pl\/wp-content\/uploads\/2024\/08\/80188135c3e6ffb3fccfd744c57bb69e.jpg","datePublished":"2024-08-09T09:50:11+00:00","dateModified":"2026-03-23T17:19:30+00:00","breadcrumb":{"@id":"https:\/\/exparto.pl\/en\/produkt\/talerz-do-talerzowki-460-mm-x-35-mm-uzebiony-4-otwory-z-9-stal-sprezynowa\/#breadcrumb"},"inLanguage":"en-US","potentialAction":[{"@type":"ReadAction","target":["https:\/\/exparto.pl\/en\/produkt\/talerz-do-talerzowki-460-mm-x-35-mm-uzebiony-4-otwory-z-9-stal-sprezynowa\/"]}]},{"@type":"ImageObject","inLanguage":"en-US","@id":"https:\/\/exparto.pl\/en\/produkt\/talerz-do-talerzowki-460-mm-x-35-mm-uzebiony-4-otwory-z-9-stal-sprezynowa\/#primaryimage","url":"https:\/\/exparto.pl\/wp-content\/uploads\/2024\/08\/80188135c3e6ffb3fccfd744c57bb69e.jpg","contentUrl":"https:\/\/exparto.pl\/wp-content\/uploads\/2024\/08\/80188135c3e6ffb3fccfd744c57bb69e.jpg","width":1000,"height":1000},{"@type":"BreadcrumbList","@id":"https:\/\/exparto.pl\/en\/produkt\/talerz-do-talerzowki-460-mm-x-35-mm-uzebiony-4-otwory-z-9-stal-sprezynowa\/#breadcrumb","itemListElement":[{"@type":"ListItem","position":1,"name":"Homepage","item":"https:\/\/exparto.pl\/en\/homepage\/"},{"@type":"ListItem","position":2,"name":"Sklep","item":"https:\/\/exparto.pl\/sklep\/"},{"@type":"ListItem","position":3,"name":"Land cultivation","item":"https:\/\/exparto.pl\/en\/product-category\/land-cultivation\/"},{"@type":"ListItem","position":4,"name":"Cultivation discs","item":"https:\/\/exparto.pl\/en\/product-category\/land-cultivation\/cultivation-discs\/"},{"@type":"ListItem","position":5,"name":"460 mm discs","item":"https:\/\/exparto.pl\/en\/product-category\/land-cultivation\/cultivation-discs\/460-mm-discs\/"},{"@type":"ListItem","position":6,"name":"Talerz do talerz\u00f3wki 460 mm x 3,5 mm, uz\u0119biony, 4 otwory, Z-9, stal spr\u0119\u017cynowa"}]},{"@type":"WebSite","@id":"https:\/\/exparto.pl\/en\/#website","url":"https:\/\/exparto.pl\/en\/","name":"EXPARTO","description":"More than agro parts","publisher":{"@id":"https:\/\/exparto.pl\/en\/#organization"},"potentialAction":[{"@type":"SearchAction","target":{"@type":"EntryPoint","urlTemplate":"https:\/\/exparto.pl\/en\/?s={search_term_string}"},"query-input":{"@type":"PropertyValueSpecification","valueRequired":true,"valueName":"search_term_string"}}],"inLanguage":"en-US"},{"@type":"Organization","@id":"https:\/\/exparto.pl\/en\/#organization","name":"EXPARTO","url":"https:\/\/exparto.pl\/en\/","logo":{"@type":"ImageObject","inLanguage":"en-US","@id":"https:\/\/exparto.pl\/en\/#\/schema\/logo\/image\/","url":"https:\/\/exparto.pl\/wp-content\/uploads\/2023\/02\/logo-wektor.png","contentUrl":"https:\/\/exparto.pl\/wp-content\/uploads\/2023\/02\/logo-wektor.png","width":1338,"height":143,"caption":"EXPARTO"},"image":{"@id":"https:\/\/exparto.pl\/en\/#\/schema\/logo\/image\/"},"sameAs":["https:\/\/www.facebook.com\/exparto.agro\/"]}]}},"_links":{"self":[{"href":"https:\/\/exparto.pl\/en\/wp-json\/wp\/v2\/product\/30701","targetHints":{"allow":["GET"]}}],"collection":[{"href":"https:\/\/exparto.pl\/en\/wp-json\/wp\/v2\/product"}],"about":[{"href":"https:\/\/exparto.pl\/en\/wp-json\/wp\/v2\/types\/product"}],"replies":[{"embeddable":true,"href":"https:\/\/exparto.pl\/en\/wp-json\/wp\/v2\/comments?post=30701"}],"wp:featuredmedia":[{"embeddable":true,"href":"https:\/\/exparto.pl\/en\/wp-json\/wp\/v2\/media\/30691"}],"wp:attachment":[{"href":"https:\/\/exparto.pl\/en\/wp-json\/wp\/v2\/media?parent=30701"}],"wp:term":[{"taxonomy":"product_brand","embeddable":true,"href":"https:\/\/exparto.pl\/en\/wp-json\/wp\/v2\/product_brand?post=30701"},{"taxonomy":"product_cat","embeddable":true,"href":"https:\/\/exparto.pl\/en\/wp-json\/wp\/v2\/product_cat?post=30701"},{"taxonomy":"product_tag","embeddable":true,"href":"https:\/\/exparto.pl\/en\/wp-json\/wp\/v2\/product_tag?post=30701"}],"curies":[{"name":"wp","href":"https:\/\/api.w.org\/{rel}","templated":true}]}}