{"id":32525,"date":"2024-09-06T12:12:33","date_gmt":"2024-09-06T10:12:33","guid":{"rendered":"https:\/\/exparto.pl\/produkt\/dluto-do-pluga-kuhn-prawe-stal-borowa\/"},"modified":"2026-01-21T12:38:00","modified_gmt":"2026-01-21T11:38:00","slug":"dluto-do-pluga-kuhn-prawe-stal-borowa","status":"publish","type":"product","link":"https:\/\/exparto.pl\/en\/produkt\/dluto-do-pluga-kuhn-prawe-stal-borowa\/","title":{"rendered":"D\u0142uto do p\u0142uga Kuhn prawe stal borowa"},"content":{"rendered":"<p style=\"text-align: justify\">D\u0142uto prawe.\u00a0<span style=\"color: var(--text-color)\">Wykonane ze stali borowej &#8211; twardo\u015b\u0107 43-50HRC.<\/span><\/p>\n<p style=\"text-align: justify\"><b>Zastosowanie:\u00a0<\/b><\/p>\n<\/p>\n<ul>\n<li style=\"text-align: justify\">p\u0142ugi Kuhn<\/li>\n<\/ul>\n<p style=\"text-align: justify\"><span style=\"color: var(--gray-800)\"><b>Numer katalogowy:\u00a0<\/b><\/span><\/p>\n<\/p>\n<ul>\n<li style=\"text-align: justify\">K-622128<\/li>\n<\/ul>\n","protected":false},"excerpt":{"rendered":"<p style=\"text-align: justify\">D\u0142uto prawe Kuhn<\/p>\n","protected":false},"featured_media":32623,"comment_status":"open","ping_status":"closed","template":"","meta":{"_acf_changed":false,"inline_featured_image":false},"product_brand":[],"product_cat":[765,771,937],"product_tag":[],"class_list":{"0":"post-32525","1":"product","2":"type-product","3":"status-publish","4":"has-post-thumbnail","6":"product_cat-czesci-do-plugow","7":"product_cat-dluta-do-pluga","8":"product_cat-dluta-prawe","10":"first","11":"instock","12":"taxable","13":"shipping-taxable","14":"purchasable","15":"product-type-simple"},"acf":[],"yoast_head":"<!-- This site is optimized with the Yoast SEO plugin v27.2 - https:\/\/yoast.com\/product\/yoast-seo-wordpress\/ -->\n<title>D\u0142uto do p\u0142uga Kuhn prawe stal borowa - Exparto.pl<\/title>\n<meta name=\"robots\" content=\"index, follow, max-snippet:-1, max-image-preview:large, max-video-preview:-1\" \/>\n<link rel=\"canonical\" href=\"https:\/\/exparto.pl\/en\/produkt\/dluto-do-pluga-kuhn-prawe-stal-borowa\/\" \/>\n<meta property=\"og:locale\" content=\"en_US\" \/>\n<meta property=\"og:type\" content=\"article\" \/>\n<meta property=\"og:title\" content=\"D\u0142uto do p\u0142uga Kuhn prawe stal borowa - Exparto.pl\" \/>\n<meta property=\"og:description\" content=\"D\u0142uto prawe Kuhn\" \/>\n<meta property=\"og:url\" content=\"https:\/\/exparto.pl\/en\/produkt\/dluto-do-pluga-kuhn-prawe-stal-borowa\/\" \/>\n<meta property=\"og:site_name\" content=\"Exparto.pl\" \/>\n<meta property=\"article:publisher\" content=\"https:\/\/www.facebook.com\/exparto.agro\/\" \/>\n<meta property=\"article:modified_time\" content=\"2026-01-21T11:38:00+00:00\" \/>\n<meta property=\"og:image\" content=\"https:\/\/exparto.pl\/wp-content\/uploads\/2024\/09\/e471adccf5f0493b54fc30b04006edb4-1.jpg\" \/>\n\t<meta property=\"og:image:width\" content=\"1200\" \/>\n\t<meta property=\"og:image:height\" content=\"1200\" \/>\n\t<meta property=\"og:image:type\" content=\"image\/jpeg\" \/>\n<meta name=\"twitter:card\" content=\"summary_large_image\" \/>\n<meta name=\"twitter:label1\" content=\"Est. reading time\" \/>\n\t<meta name=\"twitter:data1\" content=\"1 minute\" \/>\n<script type=\"application\/ld+json\" class=\"yoast-schema-graph\">{\"@context\":\"https:\/\/schema.org\",\"@graph\":[{\"@type\":\"WebPage\",\"@id\":\"https:\/\/exparto.pl\/en\/produkt\/dluto-do-pluga-kuhn-prawe-stal-borowa\/\",\"url\":\"https:\/\/exparto.pl\/en\/produkt\/dluto-do-pluga-kuhn-prawe-stal-borowa\/\",\"name\":\"D\u0142uto do p\u0142uga Kuhn prawe stal borowa - Exparto.pl\",\"isPartOf\":{\"@id\":\"https:\/\/exparto.pl\/en\/#website\"},\"primaryImageOfPage\":{\"@id\":\"https:\/\/exparto.pl\/en\/produkt\/dluto-do-pluga-kuhn-prawe-stal-borowa\/#primaryimage\"},\"image\":{\"@id\":\"https:\/\/exparto.pl\/en\/produkt\/dluto-do-pluga-kuhn-prawe-stal-borowa\/#primaryimage\"},\"thumbnailUrl\":\"https:\/\/exparto.pl\/wp-content\/uploads\/2024\/09\/e471adccf5f0493b54fc30b04006edb4-1.jpg\",\"datePublished\":\"2024-09-06T10:12:33+00:00\",\"dateModified\":\"2026-01-21T11:38:00+00:00\",\"breadcrumb\":{\"@id\":\"https:\/\/exparto.pl\/en\/produkt\/dluto-do-pluga-kuhn-prawe-stal-borowa\/#breadcrumb\"},\"inLanguage\":\"en-US\",\"potentialAction\":[{\"@type\":\"ReadAction\",\"target\":[\"https:\/\/exparto.pl\/en\/produkt\/dluto-do-pluga-kuhn-prawe-stal-borowa\/\"]}]},{\"@type\":\"ImageObject\",\"inLanguage\":\"en-US\",\"@id\":\"https:\/\/exparto.pl\/en\/produkt\/dluto-do-pluga-kuhn-prawe-stal-borowa\/#primaryimage\",\"url\":\"https:\/\/exparto.pl\/wp-content\/uploads\/2024\/09\/e471adccf5f0493b54fc30b04006edb4-1.jpg\",\"contentUrl\":\"https:\/\/exparto.pl\/wp-content\/uploads\/2024\/09\/e471adccf5f0493b54fc30b04006edb4-1.jpg\",\"width\":1200,\"height\":1200},{\"@type\":\"BreadcrumbList\",\"@id\":\"https:\/\/exparto.pl\/en\/produkt\/dluto-do-pluga-kuhn-prawe-stal-borowa\/#breadcrumb\",\"itemListElement\":[{\"@type\":\"ListItem\",\"position\":1,\"name\":\"Homepage\",\"item\":\"https:\/\/exparto.pl\/en\/homepage\/\"},{\"@type\":\"ListItem\",\"position\":2,\"name\":\"Sklep\",\"item\":\"https:\/\/exparto.pl\/sklep\/\"},{\"@type\":\"ListItem\",\"position\":3,\"name\":\"Plough parts\",\"item\":\"https:\/\/exparto.pl\/en\/product-category\/plough-parts\/\"},{\"@type\":\"ListItem\",\"position\":4,\"name\":\"D\u0142uta do p\u0142uga\",\"item\":\"https:\/\/exparto.pl\/kategoria-produktu\/czesci-do-plugow\/dluta-do-pluga\/\"},{\"@type\":\"ListItem\",\"position\":5,\"name\":\"D\u0142uto do p\u0142uga Kuhn prawe stal borowa\"}]},{\"@type\":\"WebSite\",\"@id\":\"https:\/\/exparto.pl\/en\/#website\",\"url\":\"https:\/\/exparto.pl\/en\/\",\"name\":\"EXPARTO\",\"description\":\"More than agro parts\",\"publisher\":{\"@id\":\"https:\/\/exparto.pl\/en\/#organization\"},\"potentialAction\":[{\"@type\":\"SearchAction\",\"target\":{\"@type\":\"EntryPoint\",\"urlTemplate\":\"https:\/\/exparto.pl\/en\/?s={search_term_string}\"},\"query-input\":{\"@type\":\"PropertyValueSpecification\",\"valueRequired\":true,\"valueName\":\"search_term_string\"}}],\"inLanguage\":\"en-US\"},{\"@type\":\"Organization\",\"@id\":\"https:\/\/exparto.pl\/en\/#organization\",\"name\":\"EXPARTO\",\"url\":\"https:\/\/exparto.pl\/en\/\",\"logo\":{\"@type\":\"ImageObject\",\"inLanguage\":\"en-US\",\"@id\":\"https:\/\/exparto.pl\/en\/#\/schema\/logo\/image\/\",\"url\":\"https:\/\/exparto.pl\/wp-content\/uploads\/2023\/02\/logo-wektor.png\",\"contentUrl\":\"https:\/\/exparto.pl\/wp-content\/uploads\/2023\/02\/logo-wektor.png\",\"width\":1338,\"height\":143,\"caption\":\"EXPARTO\"},\"image\":{\"@id\":\"https:\/\/exparto.pl\/en\/#\/schema\/logo\/image\/\"},\"sameAs\":[\"https:\/\/www.facebook.com\/exparto.agro\/\"]}]}<\/script>\n<!-- \/ Yoast SEO plugin. -->","yoast_head_json":{"title":"D\u0142uto do p\u0142uga Kuhn prawe stal borowa - Exparto.pl","robots":{"index":"index","follow":"follow","max-snippet":"max-snippet:-1","max-image-preview":"max-image-preview:large","max-video-preview":"max-video-preview:-1"},"canonical":"https:\/\/exparto.pl\/en\/produkt\/dluto-do-pluga-kuhn-prawe-stal-borowa\/","og_locale":"en_US","og_type":"article","og_title":"D\u0142uto do p\u0142uga Kuhn prawe stal borowa - Exparto.pl","og_description":"D\u0142uto prawe Kuhn","og_url":"https:\/\/exparto.pl\/en\/produkt\/dluto-do-pluga-kuhn-prawe-stal-borowa\/","og_site_name":"Exparto.pl","article_publisher":"https:\/\/www.facebook.com\/exparto.agro\/","article_modified_time":"2026-01-21T11:38:00+00:00","og_image":[{"width":1200,"height":1200,"url":"https:\/\/exparto.pl\/wp-content\/uploads\/2024\/09\/e471adccf5f0493b54fc30b04006edb4-1.jpg","type":"image\/jpeg"}],"twitter_card":"summary_large_image","twitter_misc":{"Est. reading time":"1 minute"},"schema":{"@context":"https:\/\/schema.org","@graph":[{"@type":"WebPage","@id":"https:\/\/exparto.pl\/en\/produkt\/dluto-do-pluga-kuhn-prawe-stal-borowa\/","url":"https:\/\/exparto.pl\/en\/produkt\/dluto-do-pluga-kuhn-prawe-stal-borowa\/","name":"D\u0142uto do p\u0142uga Kuhn prawe stal borowa - Exparto.pl","isPartOf":{"@id":"https:\/\/exparto.pl\/en\/#website"},"primaryImageOfPage":{"@id":"https:\/\/exparto.pl\/en\/produkt\/dluto-do-pluga-kuhn-prawe-stal-borowa\/#primaryimage"},"image":{"@id":"https:\/\/exparto.pl\/en\/produkt\/dluto-do-pluga-kuhn-prawe-stal-borowa\/#primaryimage"},"thumbnailUrl":"https:\/\/exparto.pl\/wp-content\/uploads\/2024\/09\/e471adccf5f0493b54fc30b04006edb4-1.jpg","datePublished":"2024-09-06T10:12:33+00:00","dateModified":"2026-01-21T11:38:00+00:00","breadcrumb":{"@id":"https:\/\/exparto.pl\/en\/produkt\/dluto-do-pluga-kuhn-prawe-stal-borowa\/#breadcrumb"},"inLanguage":"en-US","potentialAction":[{"@type":"ReadAction","target":["https:\/\/exparto.pl\/en\/produkt\/dluto-do-pluga-kuhn-prawe-stal-borowa\/"]}]},{"@type":"ImageObject","inLanguage":"en-US","@id":"https:\/\/exparto.pl\/en\/produkt\/dluto-do-pluga-kuhn-prawe-stal-borowa\/#primaryimage","url":"https:\/\/exparto.pl\/wp-content\/uploads\/2024\/09\/e471adccf5f0493b54fc30b04006edb4-1.jpg","contentUrl":"https:\/\/exparto.pl\/wp-content\/uploads\/2024\/09\/e471adccf5f0493b54fc30b04006edb4-1.jpg","width":1200,"height":1200},{"@type":"BreadcrumbList","@id":"https:\/\/exparto.pl\/en\/produkt\/dluto-do-pluga-kuhn-prawe-stal-borowa\/#breadcrumb","itemListElement":[{"@type":"ListItem","position":1,"name":"Homepage","item":"https:\/\/exparto.pl\/en\/homepage\/"},{"@type":"ListItem","position":2,"name":"Sklep","item":"https:\/\/exparto.pl\/sklep\/"},{"@type":"ListItem","position":3,"name":"Plough parts","item":"https:\/\/exparto.pl\/en\/product-category\/plough-parts\/"},{"@type":"ListItem","position":4,"name":"D\u0142uta do p\u0142uga","item":"https:\/\/exparto.pl\/kategoria-produktu\/czesci-do-plugow\/dluta-do-pluga\/"},{"@type":"ListItem","position":5,"name":"D\u0142uto do p\u0142uga Kuhn prawe stal borowa"}]},{"@type":"WebSite","@id":"https:\/\/exparto.pl\/en\/#website","url":"https:\/\/exparto.pl\/en\/","name":"EXPARTO","description":"More than agro parts","publisher":{"@id":"https:\/\/exparto.pl\/en\/#organization"},"potentialAction":[{"@type":"SearchAction","target":{"@type":"EntryPoint","urlTemplate":"https:\/\/exparto.pl\/en\/?s={search_term_string}"},"query-input":{"@type":"PropertyValueSpecification","valueRequired":true,"valueName":"search_term_string"}}],"inLanguage":"en-US"},{"@type":"Organization","@id":"https:\/\/exparto.pl\/en\/#organization","name":"EXPARTO","url":"https:\/\/exparto.pl\/en\/","logo":{"@type":"ImageObject","inLanguage":"en-US","@id":"https:\/\/exparto.pl\/en\/#\/schema\/logo\/image\/","url":"https:\/\/exparto.pl\/wp-content\/uploads\/2023\/02\/logo-wektor.png","contentUrl":"https:\/\/exparto.pl\/wp-content\/uploads\/2023\/02\/logo-wektor.png","width":1338,"height":143,"caption":"EXPARTO"},"image":{"@id":"https:\/\/exparto.pl\/en\/#\/schema\/logo\/image\/"},"sameAs":["https:\/\/www.facebook.com\/exparto.agro\/"]}]}},"_links":{"self":[{"href":"https:\/\/exparto.pl\/en\/wp-json\/wp\/v2\/product\/32525","targetHints":{"allow":["GET"]}}],"collection":[{"href":"https:\/\/exparto.pl\/en\/wp-json\/wp\/v2\/product"}],"about":[{"href":"https:\/\/exparto.pl\/en\/wp-json\/wp\/v2\/types\/product"}],"replies":[{"embeddable":true,"href":"https:\/\/exparto.pl\/en\/wp-json\/wp\/v2\/comments?post=32525"}],"wp:featuredmedia":[{"embeddable":true,"href":"https:\/\/exparto.pl\/en\/wp-json\/wp\/v2\/media\/32623"}],"wp:attachment":[{"href":"https:\/\/exparto.pl\/en\/wp-json\/wp\/v2\/media?parent=32525"}],"wp:term":[{"taxonomy":"product_brand","embeddable":true,"href":"https:\/\/exparto.pl\/en\/wp-json\/wp\/v2\/product_brand?post=32525"},{"taxonomy":"product_cat","embeddable":true,"href":"https:\/\/exparto.pl\/en\/wp-json\/wp\/v2\/product_cat?post=32525"},{"taxonomy":"product_tag","embeddable":true,"href":"https:\/\/exparto.pl\/en\/wp-json\/wp\/v2\/product_tag?post=32525"}],"curies":[{"name":"wp","href":"https:\/\/api.w.org\/{rel}","templated":true}]}}