{"id":34362,"date":"2024-11-15T08:27:20","date_gmt":"2024-11-15T07:27:20","guid":{"rendered":"https:\/\/exparto.pl\/produkt\/silownik-wywrotu-cylinder-teleskopowy-st2-520-4t-kolyska-ze-sworzniami\/"},"modified":"2026-03-31T09:30:36","modified_gmt":"2026-03-31T07:30:36","slug":"silownik-wywrotu-cylinder-teleskopowy-st2-520-4t-kolyska-ze-sworzniami","status":"publish","type":"product","link":"https:\/\/exparto.pl\/en\/produkt\/silownik-wywrotu-cylinder-teleskopowy-st2-520-4t-kolyska-ze-sworzniami\/","title":{"rendered":"Si\u0142ownik WYWROTU Cylinder Teleskopowy ST2-520 4T + ko\u0142yska ze sworzniami"},"content":{"rendered":"<p class=\"MsoNormal\" style=\"text-align: justify\"><span style=\"color: inherit;font-weight: 700 !important\">Si\u0142owniki teleskopowe<\/span>\u00a0to charakterystyczny rodzaj\u00a0<span style=\"color: inherit;font-weight: 700 !important\">si\u0142ownik\u00f3w hydraulicznych<\/span>. Zapewniaj\u0105 poprawne dzia\u0142anie mechanizmu nawet w najbardziej wymagaj\u0105cych warunkach eksploatacyjnych. S\u0105 w stanie unie\u015b\u0107 najci\u0119\u017csze \u0142adunki, jako \u017ce ich zakres maksymalnego ci\u015bnienia roboczego plasuje si\u0119 na poziomie pomi\u0119dzy 16-32 Mpa (160-320 bar).<\/p>\n<p class=\"MsoNormal\" style=\"text-align: justify\">Si\u0142owniki teleskopowe dysponuj\u0105\u00a0<span style=\"color: inherit;font-weight: 700 !important\">wi\u0119kszym zakresem suwu<\/span>\u00a0podczas pracy cylindra, w por\u00f3wnaniu do standardowych silnik\u00f3w hydraulicznych. Wyposa\u017cone s\u0105 r\u00f3wnie\u017c w kilka\u00a0<span style=\"color: inherit;font-weight: 700 !important\">wbudowanych t\u0142ok\u00f3w<\/span>, kt\u00f3re wysuwaj\u0105 si\u0119 po kolei &#8211; dzi\u0119ki temu wysuw (tzw. skok roboczy) jest bardzo du\u017cy, pomimo niewielkiej ich d\u0142ugo\u015bci. S\u0105 one r\u00f3wnie\u017c jednostronne, poniewa\u017c w<br \/>\ntym przypadku\u00a0<span style=\"color: inherit;font-weight: 700 !important\">olej dzia\u0142a pod ci\u015bnieniem\u00a0<\/span>z jednej strony, powoduj\u0105c wysuwanie poszczeg\u00f3lnych element\u00f3w si\u0142ownika. Poszczeg\u00f3lne\u00a0<span style=\"color: inherit;font-weight: 700 !important\">modele si\u0142ownik\u00f3w teleskopowych\u00a0<\/span>r\u00f3\u017cni\u0105 si\u0119 mi\u0119dzy sob\u0105 m.in. skokiem, a tak\u017ce liczb\u0105 cylindr\u00f3w.<\/p>\n<p class=\"MsoNormal\" style=\"text-align: justify\">Aby si\u0142owniki teleskopowe doskonale sprawdza\u0142y si\u0119 przez\u00a0<span style=\"color: inherit;font-weight: 700 !important\">d\u0142ugi czas<\/span>, powinny by\u0107 wykonane z materia\u0142\u00f3w\u00a0<span style=\"color: inherit;font-weight: 700 !important\">wysokiej jako\u015bci<\/span>\u00a0\u2013 pozwalaj\u0105 one wyd\u0142u\u017cy\u0107 czas eksploatacji ca\u0142ego uk\u0142adu. Dobrze, je\u015bli dodatkowo pokryte s\u0105\u00a0<span style=\"color: inherit;font-weight: 700 !important\">dwuwarstwow\u0105 pow\u0142ok\u0105 lakiernicz\u0105<\/span>, kt\u00f3ra odpowiednio je chroni, a przy okazji gwarantuje nienaganny wygl\u0105d przez wiele lat. Dodajmy, \u017ce si\u0142owniki teleskopowe wykorzystywane s\u0105 g\u0142\u00f3wnie w\u00a0<span style=\"color: inherit;font-weight: 700 !important\">produkcji przyczep rolniczych<\/span>. Znakomicie sprawdz\u0105 si\u0119 jednak r\u00f3wnie\u017c i\u00a0<span style=\"color: inherit;font-weight: 700 !important\">innych ga\u0142\u0119ziach przemys\u0142u<\/span>, w tym w produkcji maszyn budowlanych, g\u00f3rniczych, przemys\u0142owych, lotniczych, a nawet w szeroko rozumianej bran\u017cy transportowej.<\/p>\n<p class=\"MsoNormal\" style=\"text-align: justify\"><b>Si\u0142ownik jest w zestawie z ko\u0142ysk\u0105 i sworzniami.<\/b><\/p>\n<p class=\"MsoNormal\" style=\"text-align: justify\">\n","protected":false},"excerpt":{"rendered":"<p><span style=\"color: inherit;text-align: justify\">Si\u0142owniki teleskopowe<\/span><span style=\"text-align: justify\">\u00a0to charakterystyczny rodzaj\u00a0<\/span><span style=\"color: inherit;text-align: justify\">si\u0142ownik\u00f3w hydraulicznych<\/span><span style=\"text-align: justify\">. Zapewniaj\u0105 poprawne dzia\u0142anie mechanizmu nawet w najbardziej wymagaj\u0105cych warunkach eksploatacyjnych. Si\u0142ownik g\u0142ownie do przyczepy D-35.<\/span><\/p>\n","protected":false},"featured_media":34347,"comment_status":"open","ping_status":"closed","template":"","meta":{"_acf_changed":false,"inline_featured_image":false},"product_brand":[],"product_cat":[745,746,42,89,740],"product_tag":[],"class_list":{"0":"post-34362","1":"product","2":"type-product","3":"status-publish","4":"has-post-thumbnail","6":"product_cat-d-35","7":"product_cat-d-47","8":"product_cat-hydraulika-silowa","9":"product_cat-silowniki-teleskopowe","10":"product_cat-silowniki-wywrotu","12":"first","13":"instock","14":"taxable","15":"shipping-taxable","16":"purchasable","17":"product-type-simple"},"acf":[],"yoast_head":"<!-- This site is optimized with the Yoast SEO plugin v27.3 - https:\/\/yoast.com\/product\/yoast-seo-wordpress\/ -->\n<title>Si\u0142ownik WYWROTU Cylinder Teleskopowy ST2-520 4T + ko\u0142yska ze sworzniami - Exparto.pl<\/title>\n<meta name=\"robots\" content=\"index, follow, max-snippet:-1, max-image-preview:large, max-video-preview:-1\" \/>\n<link rel=\"canonical\" href=\"https:\/\/exparto.pl\/en\/produkt\/silownik-wywrotu-cylinder-teleskopowy-st2-520-4t-kolyska-ze-sworzniami\/\" \/>\n<meta property=\"og:locale\" content=\"en_US\" \/>\n<meta property=\"og:type\" content=\"article\" \/>\n<meta property=\"og:title\" content=\"Si\u0142ownik WYWROTU Cylinder Teleskopowy ST2-520 4T + ko\u0142yska ze sworzniami - Exparto.pl\" \/>\n<meta property=\"og:description\" content=\"Si\u0142owniki teleskopowe\u00a0to charakterystyczny rodzaj\u00a0si\u0142ownik\u00f3w hydraulicznych. Zapewniaj\u0105 poprawne dzia\u0142anie mechanizmu nawet w najbardziej wymagaj\u0105cych warunkach eksploatacyjnych. Si\u0142ownik g\u0142ownie do przyczepy D-35.\" \/>\n<meta property=\"og:url\" content=\"https:\/\/exparto.pl\/en\/produkt\/silownik-wywrotu-cylinder-teleskopowy-st2-520-4t-kolyska-ze-sworzniami\/\" \/>\n<meta property=\"og:site_name\" content=\"Exparto.pl\" \/>\n<meta property=\"article:publisher\" content=\"https:\/\/www.facebook.com\/exparto.agro\/\" \/>\n<meta property=\"article:modified_time\" content=\"2026-03-31T07:30:36+00:00\" \/>\n<meta property=\"og:image\" content=\"https:\/\/exparto.pl\/wp-content\/uploads\/2024\/11\/f771bbb392535c0e7923982c7113e021.jpg\" \/>\n\t<meta property=\"og:image:width\" content=\"1200\" \/>\n\t<meta property=\"og:image:height\" content=\"1200\" \/>\n\t<meta property=\"og:image:type\" content=\"image\/jpeg\" \/>\n<meta name=\"twitter:card\" content=\"summary_large_image\" \/>\n<meta name=\"twitter:label1\" content=\"Est. reading time\" \/>\n\t<meta name=\"twitter:data1\" content=\"2 minutes\" \/>\n<script type=\"application\/ld+json\" class=\"yoast-schema-graph\">{\"@context\":\"https:\\\/\\\/schema.org\",\"@graph\":[{\"@type\":\"WebPage\",\"@id\":\"https:\\\/\\\/exparto.pl\\\/en\\\/produkt\\\/silownik-wywrotu-cylinder-teleskopowy-st2-520-4t-kolyska-ze-sworzniami\\\/\",\"url\":\"https:\\\/\\\/exparto.pl\\\/en\\\/produkt\\\/silownik-wywrotu-cylinder-teleskopowy-st2-520-4t-kolyska-ze-sworzniami\\\/\",\"name\":\"Si\u0142ownik WYWROTU Cylinder Teleskopowy ST2-520 4T + ko\u0142yska ze sworzniami - Exparto.pl\",\"isPartOf\":{\"@id\":\"https:\\\/\\\/exparto.pl\\\/en\\\/#website\"},\"primaryImageOfPage\":{\"@id\":\"https:\\\/\\\/exparto.pl\\\/en\\\/produkt\\\/silownik-wywrotu-cylinder-teleskopowy-st2-520-4t-kolyska-ze-sworzniami\\\/#primaryimage\"},\"image\":{\"@id\":\"https:\\\/\\\/exparto.pl\\\/en\\\/produkt\\\/silownik-wywrotu-cylinder-teleskopowy-st2-520-4t-kolyska-ze-sworzniami\\\/#primaryimage\"},\"thumbnailUrl\":\"https:\\\/\\\/exparto.pl\\\/wp-content\\\/uploads\\\/2024\\\/11\\\/f771bbb392535c0e7923982c7113e021.jpg\",\"datePublished\":\"2024-11-15T07:27:20+00:00\",\"dateModified\":\"2026-03-31T07:30:36+00:00\",\"breadcrumb\":{\"@id\":\"https:\\\/\\\/exparto.pl\\\/en\\\/produkt\\\/silownik-wywrotu-cylinder-teleskopowy-st2-520-4t-kolyska-ze-sworzniami\\\/#breadcrumb\"},\"inLanguage\":\"en-US\",\"potentialAction\":[{\"@type\":\"ReadAction\",\"target\":[\"https:\\\/\\\/exparto.pl\\\/en\\\/produkt\\\/silownik-wywrotu-cylinder-teleskopowy-st2-520-4t-kolyska-ze-sworzniami\\\/\"]}]},{\"@type\":\"ImageObject\",\"inLanguage\":\"en-US\",\"@id\":\"https:\\\/\\\/exparto.pl\\\/en\\\/produkt\\\/silownik-wywrotu-cylinder-teleskopowy-st2-520-4t-kolyska-ze-sworzniami\\\/#primaryimage\",\"url\":\"https:\\\/\\\/exparto.pl\\\/wp-content\\\/uploads\\\/2024\\\/11\\\/f771bbb392535c0e7923982c7113e021.jpg\",\"contentUrl\":\"https:\\\/\\\/exparto.pl\\\/wp-content\\\/uploads\\\/2024\\\/11\\\/f771bbb392535c0e7923982c7113e021.jpg\",\"width\":1200,\"height\":1200},{\"@type\":\"BreadcrumbList\",\"@id\":\"https:\\\/\\\/exparto.pl\\\/en\\\/produkt\\\/silownik-wywrotu-cylinder-teleskopowy-st2-520-4t-kolyska-ze-sworzniami\\\/#breadcrumb\",\"itemListElement\":[{\"@type\":\"ListItem\",\"position\":1,\"name\":\"Homepage\",\"item\":\"https:\\\/\\\/exparto.pl\\\/en\\\/homepage\\\/\"},{\"@type\":\"ListItem\",\"position\":2,\"name\":\"Sklep\",\"item\":\"https:\\\/\\\/exparto.pl\\\/sklep\\\/\"},{\"@type\":\"ListItem\",\"position\":3,\"name\":\"Trailer parts\",\"item\":\"https:\\\/\\\/exparto.pl\\\/en\\\/product-category\\\/trailer-parts\\\/\"},{\"@type\":\"ListItem\",\"position\":4,\"name\":\"Si\u0142owniki wywrotu do przyczepy\",\"item\":\"https:\\\/\\\/exparto.pl\\\/kategoria-produktu\\\/czesci-do-przyczep\\\/silowniki-wywrotu\\\/\"},{\"@type\":\"ListItem\",\"position\":5,\"name\":\"Si\u0142ownik WYWROTU Cylinder Teleskopowy ST2-520 4T + ko\u0142yska ze sworzniami\"}]},{\"@type\":\"WebSite\",\"@id\":\"https:\\\/\\\/exparto.pl\\\/en\\\/#website\",\"url\":\"https:\\\/\\\/exparto.pl\\\/en\\\/\",\"name\":\"EXPARTO\",\"description\":\"More than agro parts\",\"publisher\":{\"@id\":\"https:\\\/\\\/exparto.pl\\\/en\\\/#organization\"},\"potentialAction\":[{\"@type\":\"SearchAction\",\"target\":{\"@type\":\"EntryPoint\",\"urlTemplate\":\"https:\\\/\\\/exparto.pl\\\/en\\\/?s={search_term_string}\"},\"query-input\":{\"@type\":\"PropertyValueSpecification\",\"valueRequired\":true,\"valueName\":\"search_term_string\"}}],\"inLanguage\":\"en-US\"},{\"@type\":\"Organization\",\"@id\":\"https:\\\/\\\/exparto.pl\\\/en\\\/#organization\",\"name\":\"EXPARTO\",\"url\":\"https:\\\/\\\/exparto.pl\\\/en\\\/\",\"logo\":{\"@type\":\"ImageObject\",\"inLanguage\":\"en-US\",\"@id\":\"https:\\\/\\\/exparto.pl\\\/en\\\/#\\\/schema\\\/logo\\\/image\\\/\",\"url\":\"https:\\\/\\\/exparto.pl\\\/wp-content\\\/uploads\\\/2023\\\/02\\\/logo-wektor.png\",\"contentUrl\":\"https:\\\/\\\/exparto.pl\\\/wp-content\\\/uploads\\\/2023\\\/02\\\/logo-wektor.png\",\"width\":1338,\"height\":143,\"caption\":\"EXPARTO\"},\"image\":{\"@id\":\"https:\\\/\\\/exparto.pl\\\/en\\\/#\\\/schema\\\/logo\\\/image\\\/\"},\"sameAs\":[\"https:\\\/\\\/www.facebook.com\\\/exparto.agro\\\/\"]}]}<\/script>\n<!-- \/ Yoast SEO plugin. -->","yoast_head_json":{"title":"Si\u0142ownik WYWROTU Cylinder Teleskopowy ST2-520 4T + ko\u0142yska ze sworzniami - Exparto.pl","robots":{"index":"index","follow":"follow","max-snippet":"max-snippet:-1","max-image-preview":"max-image-preview:large","max-video-preview":"max-video-preview:-1"},"canonical":"https:\/\/exparto.pl\/en\/produkt\/silownik-wywrotu-cylinder-teleskopowy-st2-520-4t-kolyska-ze-sworzniami\/","og_locale":"en_US","og_type":"article","og_title":"Si\u0142ownik WYWROTU Cylinder Teleskopowy ST2-520 4T + ko\u0142yska ze sworzniami - Exparto.pl","og_description":"Si\u0142owniki teleskopowe\u00a0to charakterystyczny rodzaj\u00a0si\u0142ownik\u00f3w hydraulicznych. Zapewniaj\u0105 poprawne dzia\u0142anie mechanizmu nawet w najbardziej wymagaj\u0105cych warunkach eksploatacyjnych. Si\u0142ownik g\u0142ownie do przyczepy D-35.","og_url":"https:\/\/exparto.pl\/en\/produkt\/silownik-wywrotu-cylinder-teleskopowy-st2-520-4t-kolyska-ze-sworzniami\/","og_site_name":"Exparto.pl","article_publisher":"https:\/\/www.facebook.com\/exparto.agro\/","article_modified_time":"2026-03-31T07:30:36+00:00","og_image":[{"width":1200,"height":1200,"url":"https:\/\/exparto.pl\/wp-content\/uploads\/2024\/11\/f771bbb392535c0e7923982c7113e021.jpg","type":"image\/jpeg"}],"twitter_card":"summary_large_image","twitter_misc":{"Est. reading time":"2 minutes"},"schema":{"@context":"https:\/\/schema.org","@graph":[{"@type":"WebPage","@id":"https:\/\/exparto.pl\/en\/produkt\/silownik-wywrotu-cylinder-teleskopowy-st2-520-4t-kolyska-ze-sworzniami\/","url":"https:\/\/exparto.pl\/en\/produkt\/silownik-wywrotu-cylinder-teleskopowy-st2-520-4t-kolyska-ze-sworzniami\/","name":"Si\u0142ownik WYWROTU Cylinder Teleskopowy ST2-520 4T + ko\u0142yska ze sworzniami - Exparto.pl","isPartOf":{"@id":"https:\/\/exparto.pl\/en\/#website"},"primaryImageOfPage":{"@id":"https:\/\/exparto.pl\/en\/produkt\/silownik-wywrotu-cylinder-teleskopowy-st2-520-4t-kolyska-ze-sworzniami\/#primaryimage"},"image":{"@id":"https:\/\/exparto.pl\/en\/produkt\/silownik-wywrotu-cylinder-teleskopowy-st2-520-4t-kolyska-ze-sworzniami\/#primaryimage"},"thumbnailUrl":"https:\/\/exparto.pl\/wp-content\/uploads\/2024\/11\/f771bbb392535c0e7923982c7113e021.jpg","datePublished":"2024-11-15T07:27:20+00:00","dateModified":"2026-03-31T07:30:36+00:00","breadcrumb":{"@id":"https:\/\/exparto.pl\/en\/produkt\/silownik-wywrotu-cylinder-teleskopowy-st2-520-4t-kolyska-ze-sworzniami\/#breadcrumb"},"inLanguage":"en-US","potentialAction":[{"@type":"ReadAction","target":["https:\/\/exparto.pl\/en\/produkt\/silownik-wywrotu-cylinder-teleskopowy-st2-520-4t-kolyska-ze-sworzniami\/"]}]},{"@type":"ImageObject","inLanguage":"en-US","@id":"https:\/\/exparto.pl\/en\/produkt\/silownik-wywrotu-cylinder-teleskopowy-st2-520-4t-kolyska-ze-sworzniami\/#primaryimage","url":"https:\/\/exparto.pl\/wp-content\/uploads\/2024\/11\/f771bbb392535c0e7923982c7113e021.jpg","contentUrl":"https:\/\/exparto.pl\/wp-content\/uploads\/2024\/11\/f771bbb392535c0e7923982c7113e021.jpg","width":1200,"height":1200},{"@type":"BreadcrumbList","@id":"https:\/\/exparto.pl\/en\/produkt\/silownik-wywrotu-cylinder-teleskopowy-st2-520-4t-kolyska-ze-sworzniami\/#breadcrumb","itemListElement":[{"@type":"ListItem","position":1,"name":"Homepage","item":"https:\/\/exparto.pl\/en\/homepage\/"},{"@type":"ListItem","position":2,"name":"Sklep","item":"https:\/\/exparto.pl\/sklep\/"},{"@type":"ListItem","position":3,"name":"Trailer parts","item":"https:\/\/exparto.pl\/en\/product-category\/trailer-parts\/"},{"@type":"ListItem","position":4,"name":"Si\u0142owniki wywrotu do przyczepy","item":"https:\/\/exparto.pl\/kategoria-produktu\/czesci-do-przyczep\/silowniki-wywrotu\/"},{"@type":"ListItem","position":5,"name":"Si\u0142ownik WYWROTU Cylinder Teleskopowy ST2-520 4T + ko\u0142yska ze sworzniami"}]},{"@type":"WebSite","@id":"https:\/\/exparto.pl\/en\/#website","url":"https:\/\/exparto.pl\/en\/","name":"EXPARTO","description":"More than agro parts","publisher":{"@id":"https:\/\/exparto.pl\/en\/#organization"},"potentialAction":[{"@type":"SearchAction","target":{"@type":"EntryPoint","urlTemplate":"https:\/\/exparto.pl\/en\/?s={search_term_string}"},"query-input":{"@type":"PropertyValueSpecification","valueRequired":true,"valueName":"search_term_string"}}],"inLanguage":"en-US"},{"@type":"Organization","@id":"https:\/\/exparto.pl\/en\/#organization","name":"EXPARTO","url":"https:\/\/exparto.pl\/en\/","logo":{"@type":"ImageObject","inLanguage":"en-US","@id":"https:\/\/exparto.pl\/en\/#\/schema\/logo\/image\/","url":"https:\/\/exparto.pl\/wp-content\/uploads\/2023\/02\/logo-wektor.png","contentUrl":"https:\/\/exparto.pl\/wp-content\/uploads\/2023\/02\/logo-wektor.png","width":1338,"height":143,"caption":"EXPARTO"},"image":{"@id":"https:\/\/exparto.pl\/en\/#\/schema\/logo\/image\/"},"sameAs":["https:\/\/www.facebook.com\/exparto.agro\/"]}]}},"_links":{"self":[{"href":"https:\/\/exparto.pl\/en\/wp-json\/wp\/v2\/product\/34362","targetHints":{"allow":["GET"]}}],"collection":[{"href":"https:\/\/exparto.pl\/en\/wp-json\/wp\/v2\/product"}],"about":[{"href":"https:\/\/exparto.pl\/en\/wp-json\/wp\/v2\/types\/product"}],"replies":[{"embeddable":true,"href":"https:\/\/exparto.pl\/en\/wp-json\/wp\/v2\/comments?post=34362"}],"wp:featuredmedia":[{"embeddable":true,"href":"https:\/\/exparto.pl\/en\/wp-json\/wp\/v2\/media\/34347"}],"wp:attachment":[{"href":"https:\/\/exparto.pl\/en\/wp-json\/wp\/v2\/media?parent=34362"}],"wp:term":[{"taxonomy":"product_brand","embeddable":true,"href":"https:\/\/exparto.pl\/en\/wp-json\/wp\/v2\/product_brand?post=34362"},{"taxonomy":"product_cat","embeddable":true,"href":"https:\/\/exparto.pl\/en\/wp-json\/wp\/v2\/product_cat?post=34362"},{"taxonomy":"product_tag","embeddable":true,"href":"https:\/\/exparto.pl\/en\/wp-json\/wp\/v2\/product_tag?post=34362"}],"curies":[{"name":"wp","href":"https:\/\/api.w.org\/{rel}","templated":true}]}}