{"id":34508,"date":"2024-11-18T11:09:31","date_gmt":"2024-11-18T10:09:31","guid":{"rendered":"https:\/\/exparto.pl\/produkt\/linka-rozdzielacza-joysticka-na-kulke-25m\/"},"modified":"2026-03-31T15:00:25","modified_gmt":"2026-03-31T13:00:25","slug":"linka-rozdzielacza-joysticka-na-kulke-25m","status":"publish","type":"product","link":"https:\/\/exparto.pl\/en\/produkt\/linka-rozdzielacza-joysticka-na-kulke-25m\/","title":{"rendered":"Linka rozdzielacza joysticka na kulk\u0119 2,5m"},"content":{"rendered":"<p style=\"text-align: justify\">Linka rozdzielacza na kulk\u0119.&nbsp;Linki przystosowane s\u0105 do sterowania rozdzielaczami hydraulicznymi w r\u00f3\u017cnego rodzaju maszynach jak: maszyny rolnicze, \u0142adowacze HDS, opryskiwacze, cyklopy, tury, ci\u0105gniki, maszyny budowlane, \u0142adowarki, koparki, maszyny przemys\u0142owe, zamiatarki i do innych urz\u0105dze\u0144 hydraulicznych sterowanych za pomoc\u0105 joystick\u00f3w.<\/p>\n<p style=\"text-align: justify\"><\/p>\n<\/p>\n<p style=\"text-align: justify\"><\/p>\n","protected":false},"excerpt":{"rendered":"<p style=\"text-align: justify\">Linka do rozdzielacza na kulk\u0119 2,5m.<\/p>\n","protected":false},"featured_media":34493,"comment_status":"open","ping_status":"closed","template":"","meta":{"_acf_changed":false,"inline_featured_image":false},"product_brand":[],"product_cat":[46,146,147],"product_tag":[],"class_list":{"0":"post-34508","1":"product","2":"type-product","3":"status-publish","4":"has-post-thumbnail","6":"product_cat-czesci-do-ladowaczy-czolowych","7":"product_cat-linki-do-rozdzielaczy","8":"product_cat-linki-z-montazem-na-kulke","10":"first","11":"instock","12":"taxable","13":"shipping-taxable","14":"purchasable","15":"product-type-simple"},"acf":[],"yoast_head":"<!-- This site is optimized with the Yoast SEO plugin v27.2 - https:\/\/yoast.com\/product\/yoast-seo-wordpress\/ -->\n<title>Linka rozdzielacza joysticka na kulk\u0119 2,5m - Exparto.pl<\/title>\n<meta name=\"robots\" content=\"index, follow, max-snippet:-1, max-image-preview:large, max-video-preview:-1\" \/>\n<link rel=\"canonical\" href=\"https:\/\/exparto.pl\/en\/produkt\/linka-rozdzielacza-joysticka-na-kulke-25m\/\" \/>\n<meta property=\"og:locale\" content=\"en_US\" \/>\n<meta property=\"og:type\" content=\"article\" \/>\n<meta property=\"og:title\" content=\"Linka rozdzielacza joysticka na kulk\u0119 2,5m - Exparto.pl\" \/>\n<meta property=\"og:description\" content=\"Linka do rozdzielacza na kulk\u0119 2,5m.\" \/>\n<meta property=\"og:url\" content=\"https:\/\/exparto.pl\/en\/produkt\/linka-rozdzielacza-joysticka-na-kulke-25m\/\" \/>\n<meta property=\"og:site_name\" content=\"Exparto.pl\" \/>\n<meta property=\"article:publisher\" content=\"https:\/\/www.facebook.com\/exparto.agro\/\" \/>\n<meta property=\"article:modified_time\" content=\"2026-03-31T13:00:25+00:00\" \/>\n<meta property=\"og:image\" content=\"https:\/\/exparto.pl\/wp-content\/uploads\/2024\/11\/63ca641d5ca20e8b1b1112f700b0b538.jpg\" \/>\n\t<meta property=\"og:image:width\" content=\"1200\" \/>\n\t<meta property=\"og:image:height\" content=\"1200\" \/>\n\t<meta property=\"og:image:type\" content=\"image\/jpeg\" \/>\n<meta name=\"twitter:card\" content=\"summary_large_image\" \/>\n<meta name=\"twitter:label1\" content=\"Est. reading time\" \/>\n\t<meta name=\"twitter:data1\" content=\"1 minute\" \/>\n<script type=\"application\/ld+json\" class=\"yoast-schema-graph\">{\"@context\":\"https:\/\/schema.org\",\"@graph\":[{\"@type\":\"WebPage\",\"@id\":\"https:\/\/exparto.pl\/en\/produkt\/linka-rozdzielacza-joysticka-na-kulke-25m\/\",\"url\":\"https:\/\/exparto.pl\/en\/produkt\/linka-rozdzielacza-joysticka-na-kulke-25m\/\",\"name\":\"Linka rozdzielacza joysticka na kulk\u0119 2,5m - Exparto.pl\",\"isPartOf\":{\"@id\":\"https:\/\/exparto.pl\/en\/#website\"},\"primaryImageOfPage\":{\"@id\":\"https:\/\/exparto.pl\/en\/produkt\/linka-rozdzielacza-joysticka-na-kulke-25m\/#primaryimage\"},\"image\":{\"@id\":\"https:\/\/exparto.pl\/en\/produkt\/linka-rozdzielacza-joysticka-na-kulke-25m\/#primaryimage\"},\"thumbnailUrl\":\"https:\/\/exparto.pl\/wp-content\/uploads\/2024\/11\/63ca641d5ca20e8b1b1112f700b0b538.jpg\",\"datePublished\":\"2024-11-18T10:09:31+00:00\",\"dateModified\":\"2026-03-31T13:00:25+00:00\",\"breadcrumb\":{\"@id\":\"https:\/\/exparto.pl\/en\/produkt\/linka-rozdzielacza-joysticka-na-kulke-25m\/#breadcrumb\"},\"inLanguage\":\"en-US\",\"potentialAction\":[{\"@type\":\"ReadAction\",\"target\":[\"https:\/\/exparto.pl\/en\/produkt\/linka-rozdzielacza-joysticka-na-kulke-25m\/\"]}]},{\"@type\":\"ImageObject\",\"inLanguage\":\"en-US\",\"@id\":\"https:\/\/exparto.pl\/en\/produkt\/linka-rozdzielacza-joysticka-na-kulke-25m\/#primaryimage\",\"url\":\"https:\/\/exparto.pl\/wp-content\/uploads\/2024\/11\/63ca641d5ca20e8b1b1112f700b0b538.jpg\",\"contentUrl\":\"https:\/\/exparto.pl\/wp-content\/uploads\/2024\/11\/63ca641d5ca20e8b1b1112f700b0b538.jpg\",\"width\":1200,\"height\":1200},{\"@type\":\"BreadcrumbList\",\"@id\":\"https:\/\/exparto.pl\/en\/produkt\/linka-rozdzielacza-joysticka-na-kulke-25m\/#breadcrumb\",\"itemListElement\":[{\"@type\":\"ListItem\",\"position\":1,\"name\":\"Homepage\",\"item\":\"https:\/\/exparto.pl\/en\/homepage\/\"},{\"@type\":\"ListItem\",\"position\":2,\"name\":\"Sklep\",\"item\":\"https:\/\/exparto.pl\/sklep\/\"},{\"@type\":\"ListItem\",\"position\":3,\"name\":\"Parts for front loaders\",\"item\":\"https:\/\/exparto.pl\/en\/product-category\/parts-for-front-loaders\/\"},{\"@type\":\"ListItem\",\"position\":4,\"name\":\"Links to manifolds\",\"item\":\"https:\/\/exparto.pl\/en\/product-category\/parts-for-front-loaders\/links-to-manifolds\/\"},{\"@type\":\"ListItem\",\"position\":5,\"name\":\"Links with ball mount\",\"item\":\"https:\/\/exparto.pl\/en\/product-category\/parts-for-front-loaders\/links-to-manifolds\/links-with-ball-mount\/\"},{\"@type\":\"ListItem\",\"position\":6,\"name\":\"Linka rozdzielacza joysticka na kulk\u0119 2,5m\"}]},{\"@type\":\"WebSite\",\"@id\":\"https:\/\/exparto.pl\/en\/#website\",\"url\":\"https:\/\/exparto.pl\/en\/\",\"name\":\"EXPARTO\",\"description\":\"More than agro parts\",\"publisher\":{\"@id\":\"https:\/\/exparto.pl\/en\/#organization\"},\"potentialAction\":[{\"@type\":\"SearchAction\",\"target\":{\"@type\":\"EntryPoint\",\"urlTemplate\":\"https:\/\/exparto.pl\/en\/?s={search_term_string}\"},\"query-input\":{\"@type\":\"PropertyValueSpecification\",\"valueRequired\":true,\"valueName\":\"search_term_string\"}}],\"inLanguage\":\"en-US\"},{\"@type\":\"Organization\",\"@id\":\"https:\/\/exparto.pl\/en\/#organization\",\"name\":\"EXPARTO\",\"url\":\"https:\/\/exparto.pl\/en\/\",\"logo\":{\"@type\":\"ImageObject\",\"inLanguage\":\"en-US\",\"@id\":\"https:\/\/exparto.pl\/en\/#\/schema\/logo\/image\/\",\"url\":\"https:\/\/exparto.pl\/wp-content\/uploads\/2023\/02\/logo-wektor.png\",\"contentUrl\":\"https:\/\/exparto.pl\/wp-content\/uploads\/2023\/02\/logo-wektor.png\",\"width\":1338,\"height\":143,\"caption\":\"EXPARTO\"},\"image\":{\"@id\":\"https:\/\/exparto.pl\/en\/#\/schema\/logo\/image\/\"},\"sameAs\":[\"https:\/\/www.facebook.com\/exparto.agro\/\"]}]}<\/script>\n<!-- \/ Yoast SEO plugin. -->","yoast_head_json":{"title":"Linka rozdzielacza joysticka na kulk\u0119 2,5m - Exparto.pl","robots":{"index":"index","follow":"follow","max-snippet":"max-snippet:-1","max-image-preview":"max-image-preview:large","max-video-preview":"max-video-preview:-1"},"canonical":"https:\/\/exparto.pl\/en\/produkt\/linka-rozdzielacza-joysticka-na-kulke-25m\/","og_locale":"en_US","og_type":"article","og_title":"Linka rozdzielacza joysticka na kulk\u0119 2,5m - Exparto.pl","og_description":"Linka do rozdzielacza na kulk\u0119 2,5m.","og_url":"https:\/\/exparto.pl\/en\/produkt\/linka-rozdzielacza-joysticka-na-kulke-25m\/","og_site_name":"Exparto.pl","article_publisher":"https:\/\/www.facebook.com\/exparto.agro\/","article_modified_time":"2026-03-31T13:00:25+00:00","og_image":[{"width":1200,"height":1200,"url":"https:\/\/exparto.pl\/wp-content\/uploads\/2024\/11\/63ca641d5ca20e8b1b1112f700b0b538.jpg","type":"image\/jpeg"}],"twitter_card":"summary_large_image","twitter_misc":{"Est. reading time":"1 minute"},"schema":{"@context":"https:\/\/schema.org","@graph":[{"@type":"WebPage","@id":"https:\/\/exparto.pl\/en\/produkt\/linka-rozdzielacza-joysticka-na-kulke-25m\/","url":"https:\/\/exparto.pl\/en\/produkt\/linka-rozdzielacza-joysticka-na-kulke-25m\/","name":"Linka rozdzielacza joysticka na kulk\u0119 2,5m - Exparto.pl","isPartOf":{"@id":"https:\/\/exparto.pl\/en\/#website"},"primaryImageOfPage":{"@id":"https:\/\/exparto.pl\/en\/produkt\/linka-rozdzielacza-joysticka-na-kulke-25m\/#primaryimage"},"image":{"@id":"https:\/\/exparto.pl\/en\/produkt\/linka-rozdzielacza-joysticka-na-kulke-25m\/#primaryimage"},"thumbnailUrl":"https:\/\/exparto.pl\/wp-content\/uploads\/2024\/11\/63ca641d5ca20e8b1b1112f700b0b538.jpg","datePublished":"2024-11-18T10:09:31+00:00","dateModified":"2026-03-31T13:00:25+00:00","breadcrumb":{"@id":"https:\/\/exparto.pl\/en\/produkt\/linka-rozdzielacza-joysticka-na-kulke-25m\/#breadcrumb"},"inLanguage":"en-US","potentialAction":[{"@type":"ReadAction","target":["https:\/\/exparto.pl\/en\/produkt\/linka-rozdzielacza-joysticka-na-kulke-25m\/"]}]},{"@type":"ImageObject","inLanguage":"en-US","@id":"https:\/\/exparto.pl\/en\/produkt\/linka-rozdzielacza-joysticka-na-kulke-25m\/#primaryimage","url":"https:\/\/exparto.pl\/wp-content\/uploads\/2024\/11\/63ca641d5ca20e8b1b1112f700b0b538.jpg","contentUrl":"https:\/\/exparto.pl\/wp-content\/uploads\/2024\/11\/63ca641d5ca20e8b1b1112f700b0b538.jpg","width":1200,"height":1200},{"@type":"BreadcrumbList","@id":"https:\/\/exparto.pl\/en\/produkt\/linka-rozdzielacza-joysticka-na-kulke-25m\/#breadcrumb","itemListElement":[{"@type":"ListItem","position":1,"name":"Homepage","item":"https:\/\/exparto.pl\/en\/homepage\/"},{"@type":"ListItem","position":2,"name":"Sklep","item":"https:\/\/exparto.pl\/sklep\/"},{"@type":"ListItem","position":3,"name":"Parts for front loaders","item":"https:\/\/exparto.pl\/en\/product-category\/parts-for-front-loaders\/"},{"@type":"ListItem","position":4,"name":"Links to manifolds","item":"https:\/\/exparto.pl\/en\/product-category\/parts-for-front-loaders\/links-to-manifolds\/"},{"@type":"ListItem","position":5,"name":"Links with ball mount","item":"https:\/\/exparto.pl\/en\/product-category\/parts-for-front-loaders\/links-to-manifolds\/links-with-ball-mount\/"},{"@type":"ListItem","position":6,"name":"Linka rozdzielacza joysticka na kulk\u0119 2,5m"}]},{"@type":"WebSite","@id":"https:\/\/exparto.pl\/en\/#website","url":"https:\/\/exparto.pl\/en\/","name":"EXPARTO","description":"More than agro parts","publisher":{"@id":"https:\/\/exparto.pl\/en\/#organization"},"potentialAction":[{"@type":"SearchAction","target":{"@type":"EntryPoint","urlTemplate":"https:\/\/exparto.pl\/en\/?s={search_term_string}"},"query-input":{"@type":"PropertyValueSpecification","valueRequired":true,"valueName":"search_term_string"}}],"inLanguage":"en-US"},{"@type":"Organization","@id":"https:\/\/exparto.pl\/en\/#organization","name":"EXPARTO","url":"https:\/\/exparto.pl\/en\/","logo":{"@type":"ImageObject","inLanguage":"en-US","@id":"https:\/\/exparto.pl\/en\/#\/schema\/logo\/image\/","url":"https:\/\/exparto.pl\/wp-content\/uploads\/2023\/02\/logo-wektor.png","contentUrl":"https:\/\/exparto.pl\/wp-content\/uploads\/2023\/02\/logo-wektor.png","width":1338,"height":143,"caption":"EXPARTO"},"image":{"@id":"https:\/\/exparto.pl\/en\/#\/schema\/logo\/image\/"},"sameAs":["https:\/\/www.facebook.com\/exparto.agro\/"]}]}},"_links":{"self":[{"href":"https:\/\/exparto.pl\/en\/wp-json\/wp\/v2\/product\/34508","targetHints":{"allow":["GET"]}}],"collection":[{"href":"https:\/\/exparto.pl\/en\/wp-json\/wp\/v2\/product"}],"about":[{"href":"https:\/\/exparto.pl\/en\/wp-json\/wp\/v2\/types\/product"}],"replies":[{"embeddable":true,"href":"https:\/\/exparto.pl\/en\/wp-json\/wp\/v2\/comments?post=34508"}],"wp:featuredmedia":[{"embeddable":true,"href":"https:\/\/exparto.pl\/en\/wp-json\/wp\/v2\/media\/34493"}],"wp:attachment":[{"href":"https:\/\/exparto.pl\/en\/wp-json\/wp\/v2\/media?parent=34508"}],"wp:term":[{"taxonomy":"product_brand","embeddable":true,"href":"https:\/\/exparto.pl\/en\/wp-json\/wp\/v2\/product_brand?post=34508"},{"taxonomy":"product_cat","embeddable":true,"href":"https:\/\/exparto.pl\/en\/wp-json\/wp\/v2\/product_cat?post=34508"},{"taxonomy":"product_tag","embeddable":true,"href":"https:\/\/exparto.pl\/en\/wp-json\/wp\/v2\/product_tag?post=34508"}],"curies":[{"name":"wp","href":"https:\/\/api.w.org\/{rel}","templated":true}]}}