{"id":37829,"date":"2025-01-10T14:53:31","date_gmt":"2025-01-10T13:53:31","guid":{"rendered":"https:\/\/exparto.pl\/produkt\/sworzen-do-wkrecenia-28-22-m22\/"},"modified":"2026-03-18T11:00:31","modified_gmt":"2026-03-18T10:00:31","slug":"sworzen-do-wkrecenia-28-22-m22","status":"publish","type":"product","link":"https:\/\/exparto.pl\/en\/produkt\/sworzen-do-wkrecenia-28-22-m22\/","title":{"rendered":"Sworze\u0144 do wkr\u0119cenia 28-22 M22"},"content":{"rendered":"<p style=\"text-align: justify\">Sworze\u0144 do wkr\u0119cenia &#8211; \u015brednica 28 mm.<\/p>\n<p style=\"text-align: justify\"><b>Zastosowanie:<\/b><\/p>\n<\/p>\n<ul>\n<li style=\"text-align: justify\">\u00a0tr\u00f3jpunktowy uk\u0142ad zawieszenia TUZ, zaczep dolny, uniwersalny, maszyny rolnicze, przemys\u0142owe.<\/li>\n<\/ul>\n<p style=\"text-align: justify\"><b>Numer katalogowy:<\/b><\/p>\n<\/p>\n<ul>\n<li style=\"text-align: justify\">00041<\/li>\n<\/ul>\n","protected":false},"excerpt":{"rendered":"<p style=\"text-align: justify\">Sworze\u0144 do wkr\u0119cenia 28-22, fi-28mm, d\u0142ugo\u015b\u0107 &#8211; 150mm, gwint M22x1,5.<\/p>\n","protected":false},"featured_media":37814,"comment_status":"open","ping_status":"closed","template":"","meta":{"_acf_changed":false,"inline_featured_image":false},"product_brand":[],"product_cat":[908,588],"product_tag":[],"class_list":{"0":"post-37829","1":"product","2":"type-product","3":"status-publish","4":"has-post-thumbnail","6":"product_cat-sworznie","7":"product_cat-three-point-suspension-system","9":"first","10":"outofstock","11":"taxable","12":"shipping-taxable","13":"purchasable","14":"product-type-simple"},"acf":[],"yoast_head":"<!-- This site is optimized with the Yoast SEO plugin v27.2 - https:\/\/yoast.com\/product\/yoast-seo-wordpress\/ -->\n<title>Sworze\u0144 do wkr\u0119cenia 28-22 M22 - Exparto.pl<\/title>\n<meta name=\"robots\" content=\"index, follow, max-snippet:-1, max-image-preview:large, max-video-preview:-1\" \/>\n<link rel=\"canonical\" href=\"https:\/\/exparto.pl\/en\/produkt\/sworzen-do-wkrecenia-28-22-m22\/\" \/>\n<meta property=\"og:locale\" content=\"en_US\" \/>\n<meta property=\"og:type\" content=\"article\" \/>\n<meta property=\"og:title\" content=\"Sworze\u0144 do wkr\u0119cenia 28-22 M22 - Exparto.pl\" \/>\n<meta property=\"og:description\" content=\"Sworze\u0144 do wkr\u0119cenia 28-22, fi-28mm, d\u0142ugo\u015b\u0107 - 150mm, gwint M22x1,5.\" \/>\n<meta property=\"og:url\" content=\"https:\/\/exparto.pl\/en\/produkt\/sworzen-do-wkrecenia-28-22-m22\/\" \/>\n<meta property=\"og:site_name\" content=\"Exparto.pl\" \/>\n<meta property=\"article:publisher\" content=\"https:\/\/www.facebook.com\/exparto.agro\/\" \/>\n<meta property=\"article:modified_time\" content=\"2026-03-18T10:00:31+00:00\" \/>\n<meta property=\"og:image\" content=\"https:\/\/exparto.pl\/wp-content\/uploads\/2025\/01\/0e373df93d3a235f0fd032f7c111c268.jpg\" \/>\n\t<meta property=\"og:image:width\" content=\"1200\" \/>\n\t<meta property=\"og:image:height\" content=\"1200\" \/>\n\t<meta property=\"og:image:type\" content=\"image\/jpeg\" \/>\n<meta name=\"twitter:card\" content=\"summary_large_image\" \/>\n<script type=\"application\/ld+json\" class=\"yoast-schema-graph\">{\"@context\":\"https:\/\/schema.org\",\"@graph\":[{\"@type\":\"WebPage\",\"@id\":\"https:\/\/exparto.pl\/en\/produkt\/sworzen-do-wkrecenia-28-22-m22\/\",\"url\":\"https:\/\/exparto.pl\/en\/produkt\/sworzen-do-wkrecenia-28-22-m22\/\",\"name\":\"Sworze\u0144 do wkr\u0119cenia 28-22 M22 - Exparto.pl\",\"isPartOf\":{\"@id\":\"https:\/\/exparto.pl\/en\/#website\"},\"primaryImageOfPage\":{\"@id\":\"https:\/\/exparto.pl\/en\/produkt\/sworzen-do-wkrecenia-28-22-m22\/#primaryimage\"},\"image\":{\"@id\":\"https:\/\/exparto.pl\/en\/produkt\/sworzen-do-wkrecenia-28-22-m22\/#primaryimage\"},\"thumbnailUrl\":\"https:\/\/exparto.pl\/wp-content\/uploads\/2025\/01\/0e373df93d3a235f0fd032f7c111c268.jpg\",\"datePublished\":\"2025-01-10T13:53:31+00:00\",\"dateModified\":\"2026-03-18T10:00:31+00:00\",\"breadcrumb\":{\"@id\":\"https:\/\/exparto.pl\/en\/produkt\/sworzen-do-wkrecenia-28-22-m22\/#breadcrumb\"},\"inLanguage\":\"en-US\",\"potentialAction\":[{\"@type\":\"ReadAction\",\"target\":[\"https:\/\/exparto.pl\/en\/produkt\/sworzen-do-wkrecenia-28-22-m22\/\"]}]},{\"@type\":\"ImageObject\",\"inLanguage\":\"en-US\",\"@id\":\"https:\/\/exparto.pl\/en\/produkt\/sworzen-do-wkrecenia-28-22-m22\/#primaryimage\",\"url\":\"https:\/\/exparto.pl\/wp-content\/uploads\/2025\/01\/0e373df93d3a235f0fd032f7c111c268.jpg\",\"contentUrl\":\"https:\/\/exparto.pl\/wp-content\/uploads\/2025\/01\/0e373df93d3a235f0fd032f7c111c268.jpg\",\"width\":1200,\"height\":1200},{\"@type\":\"BreadcrumbList\",\"@id\":\"https:\/\/exparto.pl\/en\/produkt\/sworzen-do-wkrecenia-28-22-m22\/#breadcrumb\",\"itemListElement\":[{\"@type\":\"ListItem\",\"position\":1,\"name\":\"Homepage\",\"item\":\"https:\/\/exparto.pl\/en\/homepage\/\"},{\"@type\":\"ListItem\",\"position\":2,\"name\":\"Sklep\",\"item\":\"https:\/\/exparto.pl\/sklep\/\"},{\"@type\":\"ListItem\",\"position\":3,\"name\":\"Three-point suspension system\",\"item\":\"https:\/\/exparto.pl\/en\/product-category\/three-point-suspension-system\/\"},{\"@type\":\"ListItem\",\"position\":4,\"name\":\"Sworznie\",\"item\":\"https:\/\/exparto.pl\/kategoria-produktu\/trojpunktowy-uklad-zawieszenia\/sworznie\/\"},{\"@type\":\"ListItem\",\"position\":5,\"name\":\"Sworze\u0144 do wkr\u0119cenia 28-22 M22\"}]},{\"@type\":\"WebSite\",\"@id\":\"https:\/\/exparto.pl\/en\/#website\",\"url\":\"https:\/\/exparto.pl\/en\/\",\"name\":\"EXPARTO\",\"description\":\"More than agro parts\",\"publisher\":{\"@id\":\"https:\/\/exparto.pl\/en\/#organization\"},\"potentialAction\":[{\"@type\":\"SearchAction\",\"target\":{\"@type\":\"EntryPoint\",\"urlTemplate\":\"https:\/\/exparto.pl\/en\/?s={search_term_string}\"},\"query-input\":{\"@type\":\"PropertyValueSpecification\",\"valueRequired\":true,\"valueName\":\"search_term_string\"}}],\"inLanguage\":\"en-US\"},{\"@type\":\"Organization\",\"@id\":\"https:\/\/exparto.pl\/en\/#organization\",\"name\":\"EXPARTO\",\"url\":\"https:\/\/exparto.pl\/en\/\",\"logo\":{\"@type\":\"ImageObject\",\"inLanguage\":\"en-US\",\"@id\":\"https:\/\/exparto.pl\/en\/#\/schema\/logo\/image\/\",\"url\":\"https:\/\/exparto.pl\/wp-content\/uploads\/2023\/02\/logo-wektor.png\",\"contentUrl\":\"https:\/\/exparto.pl\/wp-content\/uploads\/2023\/02\/logo-wektor.png\",\"width\":1338,\"height\":143,\"caption\":\"EXPARTO\"},\"image\":{\"@id\":\"https:\/\/exparto.pl\/en\/#\/schema\/logo\/image\/\"},\"sameAs\":[\"https:\/\/www.facebook.com\/exparto.agro\/\"]}]}<\/script>\n<!-- \/ Yoast SEO plugin. -->","yoast_head_json":{"title":"Sworze\u0144 do wkr\u0119cenia 28-22 M22 - Exparto.pl","robots":{"index":"index","follow":"follow","max-snippet":"max-snippet:-1","max-image-preview":"max-image-preview:large","max-video-preview":"max-video-preview:-1"},"canonical":"https:\/\/exparto.pl\/en\/produkt\/sworzen-do-wkrecenia-28-22-m22\/","og_locale":"en_US","og_type":"article","og_title":"Sworze\u0144 do wkr\u0119cenia 28-22 M22 - Exparto.pl","og_description":"Sworze\u0144 do wkr\u0119cenia 28-22, fi-28mm, d\u0142ugo\u015b\u0107 - 150mm, gwint M22x1,5.","og_url":"https:\/\/exparto.pl\/en\/produkt\/sworzen-do-wkrecenia-28-22-m22\/","og_site_name":"Exparto.pl","article_publisher":"https:\/\/www.facebook.com\/exparto.agro\/","article_modified_time":"2026-03-18T10:00:31+00:00","og_image":[{"width":1200,"height":1200,"url":"https:\/\/exparto.pl\/wp-content\/uploads\/2025\/01\/0e373df93d3a235f0fd032f7c111c268.jpg","type":"image\/jpeg"}],"twitter_card":"summary_large_image","schema":{"@context":"https:\/\/schema.org","@graph":[{"@type":"WebPage","@id":"https:\/\/exparto.pl\/en\/produkt\/sworzen-do-wkrecenia-28-22-m22\/","url":"https:\/\/exparto.pl\/en\/produkt\/sworzen-do-wkrecenia-28-22-m22\/","name":"Sworze\u0144 do wkr\u0119cenia 28-22 M22 - Exparto.pl","isPartOf":{"@id":"https:\/\/exparto.pl\/en\/#website"},"primaryImageOfPage":{"@id":"https:\/\/exparto.pl\/en\/produkt\/sworzen-do-wkrecenia-28-22-m22\/#primaryimage"},"image":{"@id":"https:\/\/exparto.pl\/en\/produkt\/sworzen-do-wkrecenia-28-22-m22\/#primaryimage"},"thumbnailUrl":"https:\/\/exparto.pl\/wp-content\/uploads\/2025\/01\/0e373df93d3a235f0fd032f7c111c268.jpg","datePublished":"2025-01-10T13:53:31+00:00","dateModified":"2026-03-18T10:00:31+00:00","breadcrumb":{"@id":"https:\/\/exparto.pl\/en\/produkt\/sworzen-do-wkrecenia-28-22-m22\/#breadcrumb"},"inLanguage":"en-US","potentialAction":[{"@type":"ReadAction","target":["https:\/\/exparto.pl\/en\/produkt\/sworzen-do-wkrecenia-28-22-m22\/"]}]},{"@type":"ImageObject","inLanguage":"en-US","@id":"https:\/\/exparto.pl\/en\/produkt\/sworzen-do-wkrecenia-28-22-m22\/#primaryimage","url":"https:\/\/exparto.pl\/wp-content\/uploads\/2025\/01\/0e373df93d3a235f0fd032f7c111c268.jpg","contentUrl":"https:\/\/exparto.pl\/wp-content\/uploads\/2025\/01\/0e373df93d3a235f0fd032f7c111c268.jpg","width":1200,"height":1200},{"@type":"BreadcrumbList","@id":"https:\/\/exparto.pl\/en\/produkt\/sworzen-do-wkrecenia-28-22-m22\/#breadcrumb","itemListElement":[{"@type":"ListItem","position":1,"name":"Homepage","item":"https:\/\/exparto.pl\/en\/homepage\/"},{"@type":"ListItem","position":2,"name":"Sklep","item":"https:\/\/exparto.pl\/sklep\/"},{"@type":"ListItem","position":3,"name":"Three-point suspension system","item":"https:\/\/exparto.pl\/en\/product-category\/three-point-suspension-system\/"},{"@type":"ListItem","position":4,"name":"Sworznie","item":"https:\/\/exparto.pl\/kategoria-produktu\/trojpunktowy-uklad-zawieszenia\/sworznie\/"},{"@type":"ListItem","position":5,"name":"Sworze\u0144 do wkr\u0119cenia 28-22 M22"}]},{"@type":"WebSite","@id":"https:\/\/exparto.pl\/en\/#website","url":"https:\/\/exparto.pl\/en\/","name":"EXPARTO","description":"More than agro parts","publisher":{"@id":"https:\/\/exparto.pl\/en\/#organization"},"potentialAction":[{"@type":"SearchAction","target":{"@type":"EntryPoint","urlTemplate":"https:\/\/exparto.pl\/en\/?s={search_term_string}"},"query-input":{"@type":"PropertyValueSpecification","valueRequired":true,"valueName":"search_term_string"}}],"inLanguage":"en-US"},{"@type":"Organization","@id":"https:\/\/exparto.pl\/en\/#organization","name":"EXPARTO","url":"https:\/\/exparto.pl\/en\/","logo":{"@type":"ImageObject","inLanguage":"en-US","@id":"https:\/\/exparto.pl\/en\/#\/schema\/logo\/image\/","url":"https:\/\/exparto.pl\/wp-content\/uploads\/2023\/02\/logo-wektor.png","contentUrl":"https:\/\/exparto.pl\/wp-content\/uploads\/2023\/02\/logo-wektor.png","width":1338,"height":143,"caption":"EXPARTO"},"image":{"@id":"https:\/\/exparto.pl\/en\/#\/schema\/logo\/image\/"},"sameAs":["https:\/\/www.facebook.com\/exparto.agro\/"]}]}},"_links":{"self":[{"href":"https:\/\/exparto.pl\/en\/wp-json\/wp\/v2\/product\/37829","targetHints":{"allow":["GET"]}}],"collection":[{"href":"https:\/\/exparto.pl\/en\/wp-json\/wp\/v2\/product"}],"about":[{"href":"https:\/\/exparto.pl\/en\/wp-json\/wp\/v2\/types\/product"}],"replies":[{"embeddable":true,"href":"https:\/\/exparto.pl\/en\/wp-json\/wp\/v2\/comments?post=37829"}],"wp:featuredmedia":[{"embeddable":true,"href":"https:\/\/exparto.pl\/en\/wp-json\/wp\/v2\/media\/37814"}],"wp:attachment":[{"href":"https:\/\/exparto.pl\/en\/wp-json\/wp\/v2\/media?parent=37829"}],"wp:term":[{"taxonomy":"product_brand","embeddable":true,"href":"https:\/\/exparto.pl\/en\/wp-json\/wp\/v2\/product_brand?post=37829"},{"taxonomy":"product_cat","embeddable":true,"href":"https:\/\/exparto.pl\/en\/wp-json\/wp\/v2\/product_cat?post=37829"},{"taxonomy":"product_tag","embeddable":true,"href":"https:\/\/exparto.pl\/en\/wp-json\/wp\/v2\/product_tag?post=37829"}],"curies":[{"name":"wp","href":"https:\/\/api.w.org\/{rel}","templated":true}]}}