{"id":38987,"date":"2025-02-07T15:37:06","date_gmt":"2025-02-07T14:37:06","guid":{"rendered":"https:\/\/exparto.pl\/produkt\/dysza-do-opryskiwacza-rozpylacz-rsm-5-otworowy-kr5-06-szary-mmat\/"},"modified":"2026-02-26T15:00:22","modified_gmt":"2026-02-26T14:00:22","slug":"dysza-do-opryskiwacza-rozpylacz-rsm-5-otworowy-kr5-06-szary-mmat","status":"publish","type":"product","link":"https:\/\/exparto.pl\/en\/produkt\/dysza-do-opryskiwacza-rozpylacz-rsm-5-otworowy-kr5-06-szary-mmat\/","title":{"rendered":"Dysza do opryskiwacza, rozpylacz RSM 5-otworowy KR5 06\u00a0szary\u00a0MMAT"},"content":{"rendered":"<p style=\"text-align: justify\">Dysza RSM 5-otworowa szara.<\/p>\n<p style=\"text-align: justify\"><b>Charakterystyka:<\/b><\/p>\n<ul>\n<li style=\"text-align: justify\"><span style=\"color: var(--text-color)\">Kompaktowe ko\u0144c\u00f3wki rozlewowe 5-cio otworowe z kryz\u0105 dozuj\u0105c\u0105 do p\u0142ynnego nawo\u017cenia upraw polowych<\/span><\/li>\n<li style=\"text-align: justify\"><span style=\"font-size: 13px\">Gwarantuj\u0105 r\u00f3wnomiern\u0105 aplikacj\u0119 nawozu dzi\u0119ki odpowiednio dobranym k\u0105tom i wydatkom poszczeg\u00f3lnych otwor\u00f3w oraz zachodzeniu na siebie strumieni s\u0105siaduj\u0105cych na belce opryskiwacza ko\u0144c\u00f3wek<\/span><\/li>\n<li style=\"text-align: justify\"><span style=\"font-size: 13px\">Wytwarzaj\u0105 5 strumieni<\/span><\/li>\n<li style=\"text-align: justify\"><span style=\"font-size: 13px\">Wykonane z odpornego na \u015bcieranie i dzia\u0142anie substancji chemicznych polimeru<\/span><\/li>\n<li style=\"text-align: justify\"><span style=\"font-size: 13px\">Zdejmowana kryza dozuj\u0105ca umo\u017cliwia \u0142atwe czyszczenie<\/span><\/li>\n<li style=\"text-align: justify\"><span style=\"font-size: 13px\">Kolor wg oznacze\u0144 wydatk\u00f3w \u2013 norma ISO 10625:2005<\/span><\/li>\n<li style=\"text-align: justify\"><span style=\"font-size: 13px\">Zalecany optymalny zakres ci\u015bnienia roboczego: od 2 do 4 bar<\/span><\/li>\n<li style=\"text-align: justify\"><span style=\"font-size: 13px\">Optymalny zakres wysoko\u015bci belki opryskiwacza ok. 75 cm<\/span><\/li>\n<\/ul>\n<p><b><\/p>\n<div style=\"text-align: justify\"><b>Numer katalogowy:<\/b><\/div>\n<p><\/b><\/p>\n<ul>\n<li style=\"text-align: justify\">MM-KR5\/06<\/li>\n<\/ul>\n<div>\n<div style=\"text-align: justify\"><\/div>\n<p><\/div>\n","protected":false},"excerpt":{"rendered":"<p style=\"text-align: justify\">Dysza RSM 5-otworowa KR5\/06 szara.<\/p>\n","protected":false},"featured_media":38967,"comment_status":"open","ping_status":"closed","template":"","meta":{"_acf_changed":false,"inline_featured_image":false},"product_brand":[],"product_cat":[47,143],"product_tag":[],"class_list":{"0":"post-38987","1":"product","2":"type-product","3":"status-publish","4":"has-post-thumbnail","6":"product_cat-czesci-do-opryskiwaczy","7":"product_cat-rozpylacze","9":"first","10":"instock","11":"taxable","12":"shipping-taxable","13":"purchasable","14":"product-type-simple"},"acf":[],"yoast_head":"<!-- This site is optimized with the Yoast SEO plugin v27.2 - https:\/\/yoast.com\/product\/yoast-seo-wordpress\/ -->\n<title>Dysza do opryskiwacza, rozpylacz RSM 5-otworowy KR5 06\u00a0szary\u00a0MMAT - Exparto.pl<\/title>\n<meta name=\"robots\" content=\"index, follow, max-snippet:-1, max-image-preview:large, max-video-preview:-1\" \/>\n<link rel=\"canonical\" href=\"https:\/\/exparto.pl\/en\/produkt\/dysza-do-opryskiwacza-rozpylacz-rsm-5-otworowy-kr5-06-szary-mmat\/\" \/>\n<meta property=\"og:locale\" content=\"en_US\" \/>\n<meta property=\"og:type\" content=\"article\" \/>\n<meta property=\"og:title\" content=\"Dysza do opryskiwacza, rozpylacz RSM 5-otworowy KR5 06\u00a0szary\u00a0MMAT - Exparto.pl\" \/>\n<meta property=\"og:description\" content=\"Dysza RSM 5-otworowa KR5\/06 szara.\" \/>\n<meta property=\"og:url\" content=\"https:\/\/exparto.pl\/en\/produkt\/dysza-do-opryskiwacza-rozpylacz-rsm-5-otworowy-kr5-06-szary-mmat\/\" \/>\n<meta property=\"og:site_name\" content=\"Exparto.pl\" \/>\n<meta property=\"article:publisher\" content=\"https:\/\/www.facebook.com\/exparto.agro\/\" \/>\n<meta property=\"article:modified_time\" content=\"2026-02-26T14:00:22+00:00\" \/>\n<meta property=\"og:image\" content=\"https:\/\/exparto.pl\/wp-content\/uploads\/2025\/02\/b456573ab6b7ca0d23cf6e3e99bcd00b.jpg\" \/>\n\t<meta property=\"og:image:width\" content=\"1200\" \/>\n\t<meta property=\"og:image:height\" content=\"1200\" \/>\n\t<meta property=\"og:image:type\" content=\"image\/jpeg\" \/>\n<meta name=\"twitter:card\" content=\"summary_large_image\" \/>\n<meta name=\"twitter:label1\" content=\"Est. reading time\" \/>\n\t<meta name=\"twitter:data1\" content=\"1 minute\" \/>\n<script type=\"application\/ld+json\" class=\"yoast-schema-graph\">{\"@context\":\"https:\/\/schema.org\",\"@graph\":[{\"@type\":\"WebPage\",\"@id\":\"https:\/\/exparto.pl\/en\/produkt\/dysza-do-opryskiwacza-rozpylacz-rsm-5-otworowy-kr5-06-szary-mmat\/\",\"url\":\"https:\/\/exparto.pl\/en\/produkt\/dysza-do-opryskiwacza-rozpylacz-rsm-5-otworowy-kr5-06-szary-mmat\/\",\"name\":\"Dysza do opryskiwacza, rozpylacz RSM 5-otworowy KR5 06\u00a0szary\u00a0MMAT - Exparto.pl\",\"isPartOf\":{\"@id\":\"https:\/\/exparto.pl\/en\/#website\"},\"primaryImageOfPage\":{\"@id\":\"https:\/\/exparto.pl\/en\/produkt\/dysza-do-opryskiwacza-rozpylacz-rsm-5-otworowy-kr5-06-szary-mmat\/#primaryimage\"},\"image\":{\"@id\":\"https:\/\/exparto.pl\/en\/produkt\/dysza-do-opryskiwacza-rozpylacz-rsm-5-otworowy-kr5-06-szary-mmat\/#primaryimage\"},\"thumbnailUrl\":\"https:\/\/exparto.pl\/wp-content\/uploads\/2025\/02\/b456573ab6b7ca0d23cf6e3e99bcd00b.jpg\",\"datePublished\":\"2025-02-07T14:37:06+00:00\",\"dateModified\":\"2026-02-26T14:00:22+00:00\",\"breadcrumb\":{\"@id\":\"https:\/\/exparto.pl\/en\/produkt\/dysza-do-opryskiwacza-rozpylacz-rsm-5-otworowy-kr5-06-szary-mmat\/#breadcrumb\"},\"inLanguage\":\"en-US\",\"potentialAction\":[{\"@type\":\"ReadAction\",\"target\":[\"https:\/\/exparto.pl\/en\/produkt\/dysza-do-opryskiwacza-rozpylacz-rsm-5-otworowy-kr5-06-szary-mmat\/\"]}]},{\"@type\":\"ImageObject\",\"inLanguage\":\"en-US\",\"@id\":\"https:\/\/exparto.pl\/en\/produkt\/dysza-do-opryskiwacza-rozpylacz-rsm-5-otworowy-kr5-06-szary-mmat\/#primaryimage\",\"url\":\"https:\/\/exparto.pl\/wp-content\/uploads\/2025\/02\/b456573ab6b7ca0d23cf6e3e99bcd00b.jpg\",\"contentUrl\":\"https:\/\/exparto.pl\/wp-content\/uploads\/2025\/02\/b456573ab6b7ca0d23cf6e3e99bcd00b.jpg\",\"width\":1200,\"height\":1200},{\"@type\":\"BreadcrumbList\",\"@id\":\"https:\/\/exparto.pl\/en\/produkt\/dysza-do-opryskiwacza-rozpylacz-rsm-5-otworowy-kr5-06-szary-mmat\/#breadcrumb\",\"itemListElement\":[{\"@type\":\"ListItem\",\"position\":1,\"name\":\"Homepage\",\"item\":\"https:\/\/exparto.pl\/en\/homepage\/\"},{\"@type\":\"ListItem\",\"position\":2,\"name\":\"Sklep\",\"item\":\"https:\/\/exparto.pl\/sklep\/\"},{\"@type\":\"ListItem\",\"position\":3,\"name\":\"Sprayer parts\",\"item\":\"https:\/\/exparto.pl\/en\/product-category\/sprayer-parts\/\"},{\"@type\":\"ListItem\",\"position\":4,\"name\":\"Sprayers\",\"item\":\"https:\/\/exparto.pl\/en\/product-category\/sprayer-parts\/sprayers\/\"},{\"@type\":\"ListItem\",\"position\":5,\"name\":\"Dysza do opryskiwacza, rozpylacz RSM 5-otworowy KR5 06\u00a0szary\u00a0MMAT\"}]},{\"@type\":\"WebSite\",\"@id\":\"https:\/\/exparto.pl\/en\/#website\",\"url\":\"https:\/\/exparto.pl\/en\/\",\"name\":\"EXPARTO\",\"description\":\"More than agro parts\",\"publisher\":{\"@id\":\"https:\/\/exparto.pl\/en\/#organization\"},\"potentialAction\":[{\"@type\":\"SearchAction\",\"target\":{\"@type\":\"EntryPoint\",\"urlTemplate\":\"https:\/\/exparto.pl\/en\/?s={search_term_string}\"},\"query-input\":{\"@type\":\"PropertyValueSpecification\",\"valueRequired\":true,\"valueName\":\"search_term_string\"}}],\"inLanguage\":\"en-US\"},{\"@type\":\"Organization\",\"@id\":\"https:\/\/exparto.pl\/en\/#organization\",\"name\":\"EXPARTO\",\"url\":\"https:\/\/exparto.pl\/en\/\",\"logo\":{\"@type\":\"ImageObject\",\"inLanguage\":\"en-US\",\"@id\":\"https:\/\/exparto.pl\/en\/#\/schema\/logo\/image\/\",\"url\":\"https:\/\/exparto.pl\/wp-content\/uploads\/2023\/02\/logo-wektor.png\",\"contentUrl\":\"https:\/\/exparto.pl\/wp-content\/uploads\/2023\/02\/logo-wektor.png\",\"width\":1338,\"height\":143,\"caption\":\"EXPARTO\"},\"image\":{\"@id\":\"https:\/\/exparto.pl\/en\/#\/schema\/logo\/image\/\"},\"sameAs\":[\"https:\/\/www.facebook.com\/exparto.agro\/\"]}]}<\/script>\n<!-- \/ Yoast SEO plugin. -->","yoast_head_json":{"title":"Dysza do opryskiwacza, rozpylacz RSM 5-otworowy KR5 06\u00a0szary\u00a0MMAT - Exparto.pl","robots":{"index":"index","follow":"follow","max-snippet":"max-snippet:-1","max-image-preview":"max-image-preview:large","max-video-preview":"max-video-preview:-1"},"canonical":"https:\/\/exparto.pl\/en\/produkt\/dysza-do-opryskiwacza-rozpylacz-rsm-5-otworowy-kr5-06-szary-mmat\/","og_locale":"en_US","og_type":"article","og_title":"Dysza do opryskiwacza, rozpylacz RSM 5-otworowy KR5 06\u00a0szary\u00a0MMAT - Exparto.pl","og_description":"Dysza RSM 5-otworowa KR5\/06 szara.","og_url":"https:\/\/exparto.pl\/en\/produkt\/dysza-do-opryskiwacza-rozpylacz-rsm-5-otworowy-kr5-06-szary-mmat\/","og_site_name":"Exparto.pl","article_publisher":"https:\/\/www.facebook.com\/exparto.agro\/","article_modified_time":"2026-02-26T14:00:22+00:00","og_image":[{"width":1200,"height":1200,"url":"https:\/\/exparto.pl\/wp-content\/uploads\/2025\/02\/b456573ab6b7ca0d23cf6e3e99bcd00b.jpg","type":"image\/jpeg"}],"twitter_card":"summary_large_image","twitter_misc":{"Est. reading time":"1 minute"},"schema":{"@context":"https:\/\/schema.org","@graph":[{"@type":"WebPage","@id":"https:\/\/exparto.pl\/en\/produkt\/dysza-do-opryskiwacza-rozpylacz-rsm-5-otworowy-kr5-06-szary-mmat\/","url":"https:\/\/exparto.pl\/en\/produkt\/dysza-do-opryskiwacza-rozpylacz-rsm-5-otworowy-kr5-06-szary-mmat\/","name":"Dysza do opryskiwacza, rozpylacz RSM 5-otworowy KR5 06\u00a0szary\u00a0MMAT - Exparto.pl","isPartOf":{"@id":"https:\/\/exparto.pl\/en\/#website"},"primaryImageOfPage":{"@id":"https:\/\/exparto.pl\/en\/produkt\/dysza-do-opryskiwacza-rozpylacz-rsm-5-otworowy-kr5-06-szary-mmat\/#primaryimage"},"image":{"@id":"https:\/\/exparto.pl\/en\/produkt\/dysza-do-opryskiwacza-rozpylacz-rsm-5-otworowy-kr5-06-szary-mmat\/#primaryimage"},"thumbnailUrl":"https:\/\/exparto.pl\/wp-content\/uploads\/2025\/02\/b456573ab6b7ca0d23cf6e3e99bcd00b.jpg","datePublished":"2025-02-07T14:37:06+00:00","dateModified":"2026-02-26T14:00:22+00:00","breadcrumb":{"@id":"https:\/\/exparto.pl\/en\/produkt\/dysza-do-opryskiwacza-rozpylacz-rsm-5-otworowy-kr5-06-szary-mmat\/#breadcrumb"},"inLanguage":"en-US","potentialAction":[{"@type":"ReadAction","target":["https:\/\/exparto.pl\/en\/produkt\/dysza-do-opryskiwacza-rozpylacz-rsm-5-otworowy-kr5-06-szary-mmat\/"]}]},{"@type":"ImageObject","inLanguage":"en-US","@id":"https:\/\/exparto.pl\/en\/produkt\/dysza-do-opryskiwacza-rozpylacz-rsm-5-otworowy-kr5-06-szary-mmat\/#primaryimage","url":"https:\/\/exparto.pl\/wp-content\/uploads\/2025\/02\/b456573ab6b7ca0d23cf6e3e99bcd00b.jpg","contentUrl":"https:\/\/exparto.pl\/wp-content\/uploads\/2025\/02\/b456573ab6b7ca0d23cf6e3e99bcd00b.jpg","width":1200,"height":1200},{"@type":"BreadcrumbList","@id":"https:\/\/exparto.pl\/en\/produkt\/dysza-do-opryskiwacza-rozpylacz-rsm-5-otworowy-kr5-06-szary-mmat\/#breadcrumb","itemListElement":[{"@type":"ListItem","position":1,"name":"Homepage","item":"https:\/\/exparto.pl\/en\/homepage\/"},{"@type":"ListItem","position":2,"name":"Sklep","item":"https:\/\/exparto.pl\/sklep\/"},{"@type":"ListItem","position":3,"name":"Sprayer parts","item":"https:\/\/exparto.pl\/en\/product-category\/sprayer-parts\/"},{"@type":"ListItem","position":4,"name":"Sprayers","item":"https:\/\/exparto.pl\/en\/product-category\/sprayer-parts\/sprayers\/"},{"@type":"ListItem","position":5,"name":"Dysza do opryskiwacza, rozpylacz RSM 5-otworowy KR5 06\u00a0szary\u00a0MMAT"}]},{"@type":"WebSite","@id":"https:\/\/exparto.pl\/en\/#website","url":"https:\/\/exparto.pl\/en\/","name":"EXPARTO","description":"More than agro parts","publisher":{"@id":"https:\/\/exparto.pl\/en\/#organization"},"potentialAction":[{"@type":"SearchAction","target":{"@type":"EntryPoint","urlTemplate":"https:\/\/exparto.pl\/en\/?s={search_term_string}"},"query-input":{"@type":"PropertyValueSpecification","valueRequired":true,"valueName":"search_term_string"}}],"inLanguage":"en-US"},{"@type":"Organization","@id":"https:\/\/exparto.pl\/en\/#organization","name":"EXPARTO","url":"https:\/\/exparto.pl\/en\/","logo":{"@type":"ImageObject","inLanguage":"en-US","@id":"https:\/\/exparto.pl\/en\/#\/schema\/logo\/image\/","url":"https:\/\/exparto.pl\/wp-content\/uploads\/2023\/02\/logo-wektor.png","contentUrl":"https:\/\/exparto.pl\/wp-content\/uploads\/2023\/02\/logo-wektor.png","width":1338,"height":143,"caption":"EXPARTO"},"image":{"@id":"https:\/\/exparto.pl\/en\/#\/schema\/logo\/image\/"},"sameAs":["https:\/\/www.facebook.com\/exparto.agro\/"]}]}},"_links":{"self":[{"href":"https:\/\/exparto.pl\/en\/wp-json\/wp\/v2\/product\/38987","targetHints":{"allow":["GET"]}}],"collection":[{"href":"https:\/\/exparto.pl\/en\/wp-json\/wp\/v2\/product"}],"about":[{"href":"https:\/\/exparto.pl\/en\/wp-json\/wp\/v2\/types\/product"}],"replies":[{"embeddable":true,"href":"https:\/\/exparto.pl\/en\/wp-json\/wp\/v2\/comments?post=38987"}],"wp:featuredmedia":[{"embeddable":true,"href":"https:\/\/exparto.pl\/en\/wp-json\/wp\/v2\/media\/38967"}],"wp:attachment":[{"href":"https:\/\/exparto.pl\/en\/wp-json\/wp\/v2\/media?parent=38987"}],"wp:term":[{"taxonomy":"product_brand","embeddable":true,"href":"https:\/\/exparto.pl\/en\/wp-json\/wp\/v2\/product_brand?post=38987"},{"taxonomy":"product_cat","embeddable":true,"href":"https:\/\/exparto.pl\/en\/wp-json\/wp\/v2\/product_cat?post=38987"},{"taxonomy":"product_tag","embeddable":true,"href":"https:\/\/exparto.pl\/en\/wp-json\/wp\/v2\/product_tag?post=38987"}],"curies":[{"name":"wp","href":"https:\/\/api.w.org\/{rel}","templated":true}]}}