{"id":39211,"date":"2025-02-07T21:52:08","date_gmt":"2025-02-07T20:52:08","guid":{"rendered":"https:\/\/exparto.pl\/produkt\/kolpak-typu-arag-zolty-z-uszczelka\/"},"modified":"2026-04-03T21:30:08","modified_gmt":"2026-04-03T19:30:08","slug":"kolpak-typu-arag-zolty-z-uszczelka","status":"publish","type":"product","link":"https:\/\/exparto.pl\/en\/produkt\/kolpak-typu-arag-zolty-z-uszczelka\/","title":{"rendered":"Ko\u0142pak typu Arag \u017c\u00f3\u0142ty z uszczelk\u0105"},"content":{"rendered":"<p style=\"text-align: justify\">Ko\u0142pak GEOLINE typu Arag z uszczelk\u0105.<\/p>\n<p style=\"text-align: justify\"><b>Zastosowanie:<\/b><\/p>\n<\/p>\n<ul>\n<li style=\"text-align: justify\">dysze, rozpylacze, rozlewacze RSM o rozmiarze 11mm.<\/li>\n<\/ul>\n<div style=\"text-align: justify\"><b>Numer katalogowy:<\/b><\/div>\n<div>\n<ul>\n<li style=\"text-align: justify\">G-8253029<\/li>\n<\/ul>\n<\/div>\n<p style=\"text-align: justify\"><\/p>\n","protected":false},"excerpt":{"rendered":"<p style=\"text-align: justify\">Ko\u0142pak typu Arag \u017c\u00f3\u0142ty z uszczelk\u0105.<\/p>\n","protected":false},"featured_media":39196,"comment_status":"open","ping_status":"closed","template":"","meta":{"_acf_changed":false,"inline_featured_image":false},"product_brand":[],"product_cat":[47,153,132],"product_tag":[],"class_list":{"0":"post-39211","1":"product","2":"type-product","3":"status-publish","4":"has-post-thumbnail","6":"product_cat-czesci-do-opryskiwaczy","7":"product_cat-czesci-i-akcesoria","8":"product_cat-elementy-lancy-opryskiwacza","10":"first","11":"instock","12":"taxable","13":"shipping-taxable","14":"purchasable","15":"product-type-simple"},"acf":[],"yoast_head":"<!-- This site is optimized with the Yoast SEO plugin v27.2 - https:\/\/yoast.com\/product\/yoast-seo-wordpress\/ -->\n<title>Ko\u0142pak typu Arag \u017c\u00f3\u0142ty z uszczelk\u0105 - Exparto.pl<\/title>\n<meta name=\"robots\" content=\"index, follow, max-snippet:-1, max-image-preview:large, max-video-preview:-1\" \/>\n<link rel=\"canonical\" href=\"https:\/\/exparto.pl\/en\/produkt\/kolpak-typu-arag-zolty-z-uszczelka\/\" \/>\n<meta property=\"og:locale\" content=\"en_US\" \/>\n<meta property=\"og:type\" content=\"article\" \/>\n<meta property=\"og:title\" content=\"Ko\u0142pak typu Arag \u017c\u00f3\u0142ty z uszczelk\u0105 - Exparto.pl\" \/>\n<meta property=\"og:description\" content=\"Ko\u0142pak typu Arag \u017c\u00f3\u0142ty z uszczelk\u0105.\" \/>\n<meta property=\"og:url\" content=\"https:\/\/exparto.pl\/en\/produkt\/kolpak-typu-arag-zolty-z-uszczelka\/\" \/>\n<meta property=\"og:site_name\" content=\"Exparto.pl\" \/>\n<meta property=\"article:publisher\" content=\"https:\/\/www.facebook.com\/exparto.agro\/\" \/>\n<meta property=\"article:modified_time\" content=\"2026-04-03T19:30:08+00:00\" \/>\n<meta name=\"twitter:card\" content=\"summary_large_image\" \/>\n<script type=\"application\/ld+json\" class=\"yoast-schema-graph\">{\"@context\":\"https:\/\/schema.org\",\"@graph\":[{\"@type\":\"WebPage\",\"@id\":\"https:\/\/exparto.pl\/en\/produkt\/kolpak-typu-arag-zolty-z-uszczelka\/\",\"url\":\"https:\/\/exparto.pl\/en\/produkt\/kolpak-typu-arag-zolty-z-uszczelka\/\",\"name\":\"Ko\u0142pak typu Arag \u017c\u00f3\u0142ty z uszczelk\u0105 - Exparto.pl\",\"isPartOf\":{\"@id\":\"https:\/\/exparto.pl\/en\/#website\"},\"primaryImageOfPage\":{\"@id\":\"https:\/\/exparto.pl\/en\/produkt\/kolpak-typu-arag-zolty-z-uszczelka\/#primaryimage\"},\"image\":{\"@id\":\"https:\/\/exparto.pl\/en\/produkt\/kolpak-typu-arag-zolty-z-uszczelka\/#primaryimage\"},\"thumbnailUrl\":\"https:\/\/exparto.pl\/wp-content\/uploads\/2025\/02\/fc287f33b64bacd5bbc98d53c7da54b5.jpg\",\"datePublished\":\"2025-02-07T20:52:08+00:00\",\"dateModified\":\"2026-04-03T19:30:08+00:00\",\"breadcrumb\":{\"@id\":\"https:\/\/exparto.pl\/en\/produkt\/kolpak-typu-arag-zolty-z-uszczelka\/#breadcrumb\"},\"inLanguage\":\"en-US\",\"potentialAction\":[{\"@type\":\"ReadAction\",\"target\":[\"https:\/\/exparto.pl\/en\/produkt\/kolpak-typu-arag-zolty-z-uszczelka\/\"]}]},{\"@type\":\"ImageObject\",\"inLanguage\":\"en-US\",\"@id\":\"https:\/\/exparto.pl\/en\/produkt\/kolpak-typu-arag-zolty-z-uszczelka\/#primaryimage\",\"url\":\"https:\/\/exparto.pl\/wp-content\/uploads\/2025\/02\/fc287f33b64bacd5bbc98d53c7da54b5.jpg\",\"contentUrl\":\"https:\/\/exparto.pl\/wp-content\/uploads\/2025\/02\/fc287f33b64bacd5bbc98d53c7da54b5.jpg\",\"width\":1200,\"height\":1200},{\"@type\":\"BreadcrumbList\",\"@id\":\"https:\/\/exparto.pl\/en\/produkt\/kolpak-typu-arag-zolty-z-uszczelka\/#breadcrumb\",\"itemListElement\":[{\"@type\":\"ListItem\",\"position\":1,\"name\":\"Homepage\",\"item\":\"https:\/\/exparto.pl\/en\/homepage\/\"},{\"@type\":\"ListItem\",\"position\":2,\"name\":\"Sklep\",\"item\":\"https:\/\/exparto.pl\/sklep\/\"},{\"@type\":\"ListItem\",\"position\":3,\"name\":\"Ko\u0142pak typu Arag \u017c\u00f3\u0142ty z uszczelk\u0105\"}]},{\"@type\":\"WebSite\",\"@id\":\"https:\/\/exparto.pl\/en\/#website\",\"url\":\"https:\/\/exparto.pl\/en\/\",\"name\":\"EXPARTO\",\"description\":\"More than agro parts\",\"publisher\":{\"@id\":\"https:\/\/exparto.pl\/en\/#organization\"},\"potentialAction\":[{\"@type\":\"SearchAction\",\"target\":{\"@type\":\"EntryPoint\",\"urlTemplate\":\"https:\/\/exparto.pl\/en\/?s={search_term_string}\"},\"query-input\":{\"@type\":\"PropertyValueSpecification\",\"valueRequired\":true,\"valueName\":\"search_term_string\"}}],\"inLanguage\":\"en-US\"},{\"@type\":\"Organization\",\"@id\":\"https:\/\/exparto.pl\/en\/#organization\",\"name\":\"EXPARTO\",\"url\":\"https:\/\/exparto.pl\/en\/\",\"logo\":{\"@type\":\"ImageObject\",\"inLanguage\":\"en-US\",\"@id\":\"https:\/\/exparto.pl\/en\/#\/schema\/logo\/image\/\",\"url\":\"https:\/\/exparto.pl\/wp-content\/uploads\/2023\/02\/logo-wektor.png\",\"contentUrl\":\"https:\/\/exparto.pl\/wp-content\/uploads\/2023\/02\/logo-wektor.png\",\"width\":1338,\"height\":143,\"caption\":\"EXPARTO\"},\"image\":{\"@id\":\"https:\/\/exparto.pl\/en\/#\/schema\/logo\/image\/\"},\"sameAs\":[\"https:\/\/www.facebook.com\/exparto.agro\/\"]}]}<\/script>\n<!-- \/ Yoast SEO plugin. -->","yoast_head_json":{"title":"Ko\u0142pak typu Arag \u017c\u00f3\u0142ty z uszczelk\u0105 - Exparto.pl","robots":{"index":"index","follow":"follow","max-snippet":"max-snippet:-1","max-image-preview":"max-image-preview:large","max-video-preview":"max-video-preview:-1"},"canonical":"https:\/\/exparto.pl\/en\/produkt\/kolpak-typu-arag-zolty-z-uszczelka\/","og_locale":"en_US","og_type":"article","og_title":"Ko\u0142pak typu Arag \u017c\u00f3\u0142ty z uszczelk\u0105 - Exparto.pl","og_description":"Ko\u0142pak typu Arag \u017c\u00f3\u0142ty z uszczelk\u0105.","og_url":"https:\/\/exparto.pl\/en\/produkt\/kolpak-typu-arag-zolty-z-uszczelka\/","og_site_name":"Exparto.pl","article_publisher":"https:\/\/www.facebook.com\/exparto.agro\/","article_modified_time":"2026-04-03T19:30:08+00:00","twitter_card":"summary_large_image","schema":{"@context":"https:\/\/schema.org","@graph":[{"@type":"WebPage","@id":"https:\/\/exparto.pl\/en\/produkt\/kolpak-typu-arag-zolty-z-uszczelka\/","url":"https:\/\/exparto.pl\/en\/produkt\/kolpak-typu-arag-zolty-z-uszczelka\/","name":"Ko\u0142pak typu Arag \u017c\u00f3\u0142ty z uszczelk\u0105 - Exparto.pl","isPartOf":{"@id":"https:\/\/exparto.pl\/en\/#website"},"primaryImageOfPage":{"@id":"https:\/\/exparto.pl\/en\/produkt\/kolpak-typu-arag-zolty-z-uszczelka\/#primaryimage"},"image":{"@id":"https:\/\/exparto.pl\/en\/produkt\/kolpak-typu-arag-zolty-z-uszczelka\/#primaryimage"},"thumbnailUrl":"https:\/\/exparto.pl\/wp-content\/uploads\/2025\/02\/fc287f33b64bacd5bbc98d53c7da54b5.jpg","datePublished":"2025-02-07T20:52:08+00:00","dateModified":"2026-04-03T19:30:08+00:00","breadcrumb":{"@id":"https:\/\/exparto.pl\/en\/produkt\/kolpak-typu-arag-zolty-z-uszczelka\/#breadcrumb"},"inLanguage":"en-US","potentialAction":[{"@type":"ReadAction","target":["https:\/\/exparto.pl\/en\/produkt\/kolpak-typu-arag-zolty-z-uszczelka\/"]}]},{"@type":"ImageObject","inLanguage":"en-US","@id":"https:\/\/exparto.pl\/en\/produkt\/kolpak-typu-arag-zolty-z-uszczelka\/#primaryimage","url":"https:\/\/exparto.pl\/wp-content\/uploads\/2025\/02\/fc287f33b64bacd5bbc98d53c7da54b5.jpg","contentUrl":"https:\/\/exparto.pl\/wp-content\/uploads\/2025\/02\/fc287f33b64bacd5bbc98d53c7da54b5.jpg","width":1200,"height":1200},{"@type":"BreadcrumbList","@id":"https:\/\/exparto.pl\/en\/produkt\/kolpak-typu-arag-zolty-z-uszczelka\/#breadcrumb","itemListElement":[{"@type":"ListItem","position":1,"name":"Homepage","item":"https:\/\/exparto.pl\/en\/homepage\/"},{"@type":"ListItem","position":2,"name":"Sklep","item":"https:\/\/exparto.pl\/sklep\/"},{"@type":"ListItem","position":3,"name":"Ko\u0142pak typu Arag \u017c\u00f3\u0142ty z uszczelk\u0105"}]},{"@type":"WebSite","@id":"https:\/\/exparto.pl\/en\/#website","url":"https:\/\/exparto.pl\/en\/","name":"EXPARTO","description":"More than agro parts","publisher":{"@id":"https:\/\/exparto.pl\/en\/#organization"},"potentialAction":[{"@type":"SearchAction","target":{"@type":"EntryPoint","urlTemplate":"https:\/\/exparto.pl\/en\/?s={search_term_string}"},"query-input":{"@type":"PropertyValueSpecification","valueRequired":true,"valueName":"search_term_string"}}],"inLanguage":"en-US"},{"@type":"Organization","@id":"https:\/\/exparto.pl\/en\/#organization","name":"EXPARTO","url":"https:\/\/exparto.pl\/en\/","logo":{"@type":"ImageObject","inLanguage":"en-US","@id":"https:\/\/exparto.pl\/en\/#\/schema\/logo\/image\/","url":"https:\/\/exparto.pl\/wp-content\/uploads\/2023\/02\/logo-wektor.png","contentUrl":"https:\/\/exparto.pl\/wp-content\/uploads\/2023\/02\/logo-wektor.png","width":1338,"height":143,"caption":"EXPARTO"},"image":{"@id":"https:\/\/exparto.pl\/en\/#\/schema\/logo\/image\/"},"sameAs":["https:\/\/www.facebook.com\/exparto.agro\/"]}]}},"_links":{"self":[{"href":"https:\/\/exparto.pl\/en\/wp-json\/wp\/v2\/product\/39211","targetHints":{"allow":["GET"]}}],"collection":[{"href":"https:\/\/exparto.pl\/en\/wp-json\/wp\/v2\/product"}],"about":[{"href":"https:\/\/exparto.pl\/en\/wp-json\/wp\/v2\/types\/product"}],"replies":[{"embeddable":true,"href":"https:\/\/exparto.pl\/en\/wp-json\/wp\/v2\/comments?post=39211"}],"wp:featuredmedia":[{"embeddable":true,"href":"https:\/\/exparto.pl\/en\/wp-json\/wp\/v2\/media\/39196"}],"wp:attachment":[{"href":"https:\/\/exparto.pl\/en\/wp-json\/wp\/v2\/media?parent=39211"}],"wp:term":[{"taxonomy":"product_brand","embeddable":true,"href":"https:\/\/exparto.pl\/en\/wp-json\/wp\/v2\/product_brand?post=39211"},{"taxonomy":"product_cat","embeddable":true,"href":"https:\/\/exparto.pl\/en\/wp-json\/wp\/v2\/product_cat?post=39211"},{"taxonomy":"product_tag","embeddable":true,"href":"https:\/\/exparto.pl\/en\/wp-json\/wp\/v2\/product_tag?post=39211"}],"curies":[{"name":"wp","href":"https:\/\/api.w.org\/{rel}","templated":true}]}}