{"id":41653,"date":"2025-02-24T15:01:36","date_gmt":"2025-02-24T14:01:36","guid":{"rendered":"https:\/\/exparto.pl\/produkt\/walek-przekladni-hartowany-szlifowany-ladowacz-cyklop\/"},"modified":"2026-03-30T12:10:21","modified_gmt":"2026-03-30T10:10:21","slug":"walek-przekladni-hartowany-szlifowany-ladowacz-cyklop","status":"publish","type":"product","link":"https:\/\/exparto.pl\/en\/produkt\/walek-przekladni-hartowany-szlifowany-ladowacz-cyklop\/","title":{"rendered":"Wa\u0142ek przek\u0142adni hartowany szlifowany \u0142adowacz Cyklop"},"content":{"rendered":"<p style=\"text-align: justify\">Wa\u0142ek wyj\u015bciowy hartowany do przek\u0142adni.<\/p>\n<p style=\"text-align: justify\"><b>Zastosowanie:<\/b><\/p>\n<ul>\n<li style=\"text-align: justify\">\u0142adowacz Cyklop<\/li>\n<\/ul>\n<div style=\"text-align: justify\"><b>Numer katalogowy:<\/b><\/div>\n<div>\n<ul>\n<li style=\"text-align: justify\">7214060060, 7214\/06-006\/0<\/li>\n<\/ul>\n<\/div>\n","protected":false},"excerpt":{"rendered":"<p style=\"text-align: justify\">Wa\u0142ek wyj\u015bciowy hartowany do przek\u0142adni do \u0142adowacza Cyklop.<\/p>\n","protected":false},"featured_media":41638,"comment_status":"open","ping_status":"closed","template":"","meta":{"_acf_changed":false,"inline_featured_image":false},"product_brand":[],"product_cat":[905,903],"product_tag":[],"class_list":{"0":"post-41653","1":"product","2":"type-product","3":"status-publish","4":"has-post-thumbnail","6":"product_cat-czesci-do-ladowacza-cyklop","7":"product_cat-czesci-do-ladowaczy-tylnych","9":"first","10":"instock","11":"taxable","12":"shipping-taxable","13":"purchasable","14":"product-type-simple"},"acf":[],"yoast_head":"<!-- This site is optimized with the Yoast SEO plugin v27.3 - https:\/\/yoast.com\/product\/yoast-seo-wordpress\/ -->\n<title>Wa\u0142ek przek\u0142adni hartowany szlifowany \u0142adowacz Cyklop - Exparto.pl<\/title>\n<meta name=\"robots\" content=\"index, follow, max-snippet:-1, max-image-preview:large, max-video-preview:-1\" \/>\n<link rel=\"canonical\" href=\"https:\/\/exparto.pl\/en\/produkt\/walek-przekladni-hartowany-szlifowany-ladowacz-cyklop\/\" \/>\n<meta property=\"og:locale\" content=\"en_US\" \/>\n<meta property=\"og:type\" content=\"article\" \/>\n<meta property=\"og:title\" content=\"Wa\u0142ek przek\u0142adni hartowany szlifowany \u0142adowacz Cyklop - Exparto.pl\" \/>\n<meta property=\"og:description\" content=\"Wa\u0142ek wyj\u015bciowy hartowany do przek\u0142adni do \u0142adowacza Cyklop.\" \/>\n<meta property=\"og:url\" content=\"https:\/\/exparto.pl\/en\/produkt\/walek-przekladni-hartowany-szlifowany-ladowacz-cyklop\/\" \/>\n<meta property=\"og:site_name\" content=\"Exparto.pl\" \/>\n<meta property=\"article:publisher\" content=\"https:\/\/www.facebook.com\/exparto.agro\/\" \/>\n<meta property=\"article:modified_time\" content=\"2026-03-30T10:10:21+00:00\" \/>\n<meta property=\"og:image\" content=\"https:\/\/exparto.pl\/wp-content\/uploads\/2025\/02\/e4ef76966b0bc02945bf6e3aaecd546e.jpg\" \/>\n\t<meta property=\"og:image:width\" content=\"1200\" \/>\n\t<meta property=\"og:image:height\" content=\"1200\" \/>\n\t<meta property=\"og:image:type\" content=\"image\/jpeg\" \/>\n<meta name=\"twitter:card\" content=\"summary_large_image\" \/>\n<meta name=\"twitter:label1\" content=\"Est. reading time\" \/>\n\t<meta name=\"twitter:data1\" content=\"1 minute\" \/>\n<script type=\"application\/ld+json\" class=\"yoast-schema-graph\">{\"@context\":\"https:\\\/\\\/schema.org\",\"@graph\":[{\"@type\":\"WebPage\",\"@id\":\"https:\\\/\\\/exparto.pl\\\/en\\\/produkt\\\/walek-przekladni-hartowany-szlifowany-ladowacz-cyklop\\\/\",\"url\":\"https:\\\/\\\/exparto.pl\\\/en\\\/produkt\\\/walek-przekladni-hartowany-szlifowany-ladowacz-cyklop\\\/\",\"name\":\"Wa\u0142ek przek\u0142adni hartowany szlifowany \u0142adowacz Cyklop - Exparto.pl\",\"isPartOf\":{\"@id\":\"https:\\\/\\\/exparto.pl\\\/en\\\/#website\"},\"primaryImageOfPage\":{\"@id\":\"https:\\\/\\\/exparto.pl\\\/en\\\/produkt\\\/walek-przekladni-hartowany-szlifowany-ladowacz-cyklop\\\/#primaryimage\"},\"image\":{\"@id\":\"https:\\\/\\\/exparto.pl\\\/en\\\/produkt\\\/walek-przekladni-hartowany-szlifowany-ladowacz-cyklop\\\/#primaryimage\"},\"thumbnailUrl\":\"https:\\\/\\\/exparto.pl\\\/wp-content\\\/uploads\\\/2025\\\/02\\\/e4ef76966b0bc02945bf6e3aaecd546e.jpg\",\"datePublished\":\"2025-02-24T14:01:36+00:00\",\"dateModified\":\"2026-03-30T10:10:21+00:00\",\"breadcrumb\":{\"@id\":\"https:\\\/\\\/exparto.pl\\\/en\\\/produkt\\\/walek-przekladni-hartowany-szlifowany-ladowacz-cyklop\\\/#breadcrumb\"},\"inLanguage\":\"en-US\",\"potentialAction\":[{\"@type\":\"ReadAction\",\"target\":[\"https:\\\/\\\/exparto.pl\\\/en\\\/produkt\\\/walek-przekladni-hartowany-szlifowany-ladowacz-cyklop\\\/\"]}]},{\"@type\":\"ImageObject\",\"inLanguage\":\"en-US\",\"@id\":\"https:\\\/\\\/exparto.pl\\\/en\\\/produkt\\\/walek-przekladni-hartowany-szlifowany-ladowacz-cyklop\\\/#primaryimage\",\"url\":\"https:\\\/\\\/exparto.pl\\\/wp-content\\\/uploads\\\/2025\\\/02\\\/e4ef76966b0bc02945bf6e3aaecd546e.jpg\",\"contentUrl\":\"https:\\\/\\\/exparto.pl\\\/wp-content\\\/uploads\\\/2025\\\/02\\\/e4ef76966b0bc02945bf6e3aaecd546e.jpg\",\"width\":1200,\"height\":1200},{\"@type\":\"BreadcrumbList\",\"@id\":\"https:\\\/\\\/exparto.pl\\\/en\\\/produkt\\\/walek-przekladni-hartowany-szlifowany-ladowacz-cyklop\\\/#breadcrumb\",\"itemListElement\":[{\"@type\":\"ListItem\",\"position\":1,\"name\":\"Homepage\",\"item\":\"https:\\\/\\\/exparto.pl\\\/en\\\/homepage\\\/\"},{\"@type\":\"ListItem\",\"position\":2,\"name\":\"Sklep\",\"item\":\"https:\\\/\\\/exparto.pl\\\/sklep\\\/\"},{\"@type\":\"ListItem\",\"position\":3,\"name\":\"Cz\u0119\u015bci do \u0142adowaczy tylnych\",\"item\":\"https:\\\/\\\/exparto.pl\\\/kategoria-produktu\\\/czesci-do-ladowaczy-tylnych\\\/\"},{\"@type\":\"ListItem\",\"position\":4,\"name\":\"Cz\u0119\u015bci do \u0142adowacza Cyklop\",\"item\":\"https:\\\/\\\/exparto.pl\\\/kategoria-produktu\\\/czesci-do-ladowaczy-tylnych\\\/czesci-do-ladowacza-cyklop\\\/\"},{\"@type\":\"ListItem\",\"position\":5,\"name\":\"Wa\u0142ek przek\u0142adni hartowany szlifowany \u0142adowacz Cyklop\"}]},{\"@type\":\"WebSite\",\"@id\":\"https:\\\/\\\/exparto.pl\\\/en\\\/#website\",\"url\":\"https:\\\/\\\/exparto.pl\\\/en\\\/\",\"name\":\"EXPARTO\",\"description\":\"More than agro parts\",\"publisher\":{\"@id\":\"https:\\\/\\\/exparto.pl\\\/en\\\/#organization\"},\"potentialAction\":[{\"@type\":\"SearchAction\",\"target\":{\"@type\":\"EntryPoint\",\"urlTemplate\":\"https:\\\/\\\/exparto.pl\\\/en\\\/?s={search_term_string}\"},\"query-input\":{\"@type\":\"PropertyValueSpecification\",\"valueRequired\":true,\"valueName\":\"search_term_string\"}}],\"inLanguage\":\"en-US\"},{\"@type\":\"Organization\",\"@id\":\"https:\\\/\\\/exparto.pl\\\/en\\\/#organization\",\"name\":\"EXPARTO\",\"url\":\"https:\\\/\\\/exparto.pl\\\/en\\\/\",\"logo\":{\"@type\":\"ImageObject\",\"inLanguage\":\"en-US\",\"@id\":\"https:\\\/\\\/exparto.pl\\\/en\\\/#\\\/schema\\\/logo\\\/image\\\/\",\"url\":\"https:\\\/\\\/exparto.pl\\\/wp-content\\\/uploads\\\/2023\\\/02\\\/logo-wektor.png\",\"contentUrl\":\"https:\\\/\\\/exparto.pl\\\/wp-content\\\/uploads\\\/2023\\\/02\\\/logo-wektor.png\",\"width\":1338,\"height\":143,\"caption\":\"EXPARTO\"},\"image\":{\"@id\":\"https:\\\/\\\/exparto.pl\\\/en\\\/#\\\/schema\\\/logo\\\/image\\\/\"},\"sameAs\":[\"https:\\\/\\\/www.facebook.com\\\/exparto.agro\\\/\"]}]}<\/script>\n<!-- \/ Yoast SEO plugin. -->","yoast_head_json":{"title":"Wa\u0142ek przek\u0142adni hartowany szlifowany \u0142adowacz Cyklop - Exparto.pl","robots":{"index":"index","follow":"follow","max-snippet":"max-snippet:-1","max-image-preview":"max-image-preview:large","max-video-preview":"max-video-preview:-1"},"canonical":"https:\/\/exparto.pl\/en\/produkt\/walek-przekladni-hartowany-szlifowany-ladowacz-cyklop\/","og_locale":"en_US","og_type":"article","og_title":"Wa\u0142ek przek\u0142adni hartowany szlifowany \u0142adowacz Cyklop - Exparto.pl","og_description":"Wa\u0142ek wyj\u015bciowy hartowany do przek\u0142adni do \u0142adowacza Cyklop.","og_url":"https:\/\/exparto.pl\/en\/produkt\/walek-przekladni-hartowany-szlifowany-ladowacz-cyklop\/","og_site_name":"Exparto.pl","article_publisher":"https:\/\/www.facebook.com\/exparto.agro\/","article_modified_time":"2026-03-30T10:10:21+00:00","og_image":[{"width":1200,"height":1200,"url":"https:\/\/exparto.pl\/wp-content\/uploads\/2025\/02\/e4ef76966b0bc02945bf6e3aaecd546e.jpg","type":"image\/jpeg"}],"twitter_card":"summary_large_image","twitter_misc":{"Est. reading time":"1 minute"},"schema":{"@context":"https:\/\/schema.org","@graph":[{"@type":"WebPage","@id":"https:\/\/exparto.pl\/en\/produkt\/walek-przekladni-hartowany-szlifowany-ladowacz-cyklop\/","url":"https:\/\/exparto.pl\/en\/produkt\/walek-przekladni-hartowany-szlifowany-ladowacz-cyklop\/","name":"Wa\u0142ek przek\u0142adni hartowany szlifowany \u0142adowacz Cyklop - Exparto.pl","isPartOf":{"@id":"https:\/\/exparto.pl\/en\/#website"},"primaryImageOfPage":{"@id":"https:\/\/exparto.pl\/en\/produkt\/walek-przekladni-hartowany-szlifowany-ladowacz-cyklop\/#primaryimage"},"image":{"@id":"https:\/\/exparto.pl\/en\/produkt\/walek-przekladni-hartowany-szlifowany-ladowacz-cyklop\/#primaryimage"},"thumbnailUrl":"https:\/\/exparto.pl\/wp-content\/uploads\/2025\/02\/e4ef76966b0bc02945bf6e3aaecd546e.jpg","datePublished":"2025-02-24T14:01:36+00:00","dateModified":"2026-03-30T10:10:21+00:00","breadcrumb":{"@id":"https:\/\/exparto.pl\/en\/produkt\/walek-przekladni-hartowany-szlifowany-ladowacz-cyklop\/#breadcrumb"},"inLanguage":"en-US","potentialAction":[{"@type":"ReadAction","target":["https:\/\/exparto.pl\/en\/produkt\/walek-przekladni-hartowany-szlifowany-ladowacz-cyklop\/"]}]},{"@type":"ImageObject","inLanguage":"en-US","@id":"https:\/\/exparto.pl\/en\/produkt\/walek-przekladni-hartowany-szlifowany-ladowacz-cyklop\/#primaryimage","url":"https:\/\/exparto.pl\/wp-content\/uploads\/2025\/02\/e4ef76966b0bc02945bf6e3aaecd546e.jpg","contentUrl":"https:\/\/exparto.pl\/wp-content\/uploads\/2025\/02\/e4ef76966b0bc02945bf6e3aaecd546e.jpg","width":1200,"height":1200},{"@type":"BreadcrumbList","@id":"https:\/\/exparto.pl\/en\/produkt\/walek-przekladni-hartowany-szlifowany-ladowacz-cyklop\/#breadcrumb","itemListElement":[{"@type":"ListItem","position":1,"name":"Homepage","item":"https:\/\/exparto.pl\/en\/homepage\/"},{"@type":"ListItem","position":2,"name":"Sklep","item":"https:\/\/exparto.pl\/sklep\/"},{"@type":"ListItem","position":3,"name":"Cz\u0119\u015bci do \u0142adowaczy tylnych","item":"https:\/\/exparto.pl\/kategoria-produktu\/czesci-do-ladowaczy-tylnych\/"},{"@type":"ListItem","position":4,"name":"Cz\u0119\u015bci do \u0142adowacza Cyklop","item":"https:\/\/exparto.pl\/kategoria-produktu\/czesci-do-ladowaczy-tylnych\/czesci-do-ladowacza-cyklop\/"},{"@type":"ListItem","position":5,"name":"Wa\u0142ek przek\u0142adni hartowany szlifowany \u0142adowacz Cyklop"}]},{"@type":"WebSite","@id":"https:\/\/exparto.pl\/en\/#website","url":"https:\/\/exparto.pl\/en\/","name":"EXPARTO","description":"More than agro parts","publisher":{"@id":"https:\/\/exparto.pl\/en\/#organization"},"potentialAction":[{"@type":"SearchAction","target":{"@type":"EntryPoint","urlTemplate":"https:\/\/exparto.pl\/en\/?s={search_term_string}"},"query-input":{"@type":"PropertyValueSpecification","valueRequired":true,"valueName":"search_term_string"}}],"inLanguage":"en-US"},{"@type":"Organization","@id":"https:\/\/exparto.pl\/en\/#organization","name":"EXPARTO","url":"https:\/\/exparto.pl\/en\/","logo":{"@type":"ImageObject","inLanguage":"en-US","@id":"https:\/\/exparto.pl\/en\/#\/schema\/logo\/image\/","url":"https:\/\/exparto.pl\/wp-content\/uploads\/2023\/02\/logo-wektor.png","contentUrl":"https:\/\/exparto.pl\/wp-content\/uploads\/2023\/02\/logo-wektor.png","width":1338,"height":143,"caption":"EXPARTO"},"image":{"@id":"https:\/\/exparto.pl\/en\/#\/schema\/logo\/image\/"},"sameAs":["https:\/\/www.facebook.com\/exparto.agro\/"]}]}},"_links":{"self":[{"href":"https:\/\/exparto.pl\/en\/wp-json\/wp\/v2\/product\/41653","targetHints":{"allow":["GET"]}}],"collection":[{"href":"https:\/\/exparto.pl\/en\/wp-json\/wp\/v2\/product"}],"about":[{"href":"https:\/\/exparto.pl\/en\/wp-json\/wp\/v2\/types\/product"}],"replies":[{"embeddable":true,"href":"https:\/\/exparto.pl\/en\/wp-json\/wp\/v2\/comments?post=41653"}],"wp:featuredmedia":[{"embeddable":true,"href":"https:\/\/exparto.pl\/en\/wp-json\/wp\/v2\/media\/41638"}],"wp:attachment":[{"href":"https:\/\/exparto.pl\/en\/wp-json\/wp\/v2\/media?parent=41653"}],"wp:term":[{"taxonomy":"product_brand","embeddable":true,"href":"https:\/\/exparto.pl\/en\/wp-json\/wp\/v2\/product_brand?post=41653"},{"taxonomy":"product_cat","embeddable":true,"href":"https:\/\/exparto.pl\/en\/wp-json\/wp\/v2\/product_cat?post=41653"},{"taxonomy":"product_tag","embeddable":true,"href":"https:\/\/exparto.pl\/en\/wp-json\/wp\/v2\/product_tag?post=41653"}],"curies":[{"name":"wp","href":"https:\/\/api.w.org\/{rel}","templated":true}]}}