{"id":46700,"date":"2025-05-13T09:48:02","date_gmt":"2025-05-13T07:48:02","guid":{"rendered":"https:\/\/exparto.pl\/produkt\/walek-sprzegla-ciernego-6-frezow-nowy-typ-prasa-sipma-z-224\/"},"modified":"2026-03-31T13:16:19","modified_gmt":"2026-03-31T11:16:19","slug":"walek-sprzegla-ciernego-6-frezow-nowy-typ-prasa-sipma-z-224","status":"publish","type":"product","link":"https:\/\/exparto.pl\/en\/produkt\/walek-sprzegla-ciernego-6-frezow-nowy-typ-prasa-sipma-z-224\/","title":{"rendered":"Wa\u0142ek sprz\u0119g\u0142a ciernego 6 frez\u00f3w nowy typ Prasa SIPMA Z-224"},"content":{"rendered":"<section class=\"section\">\n<div class=\"item item-12\">\n<section class=\"text-item\">Wa\u0142ek sprz\u0119g\u0142a o d\u0142ugo\u015bci 190 mm to niezb\u0119dna cz\u0119\u015b\u0107 zamienna, kt\u00f3ra pasuje do prasy SIPMA Z-224 (modele Z-224\/1 oraz Z-224\/2). W EXPARTO dbamy o niezawodno\u015b\u0107, dlatego ten podzesp\u00f3\u0142 zosta\u0142 poddany procesom hartowania i szlifowania, co zapewnia odporno\u015b\u0107 na \u015bcieranie i przenoszenie momentu obrotowego. Zapraszamy do zapoznania si\u0119 z ofert\u0105 na ten element roboczy.<\/p>\n<h2><span style=\"font-weight: 400\">Wa\u0142ek do prasy SIPMA Z 224 \u2013 wa\u0142ek sprz\u0119g\u0142a, cz\u0119\u015bci do prasy SIPMA Z-224<\/span><\/h2>\n<p><strong>Wa\u0142 wielowypustowy (nowy typ) pracuje wewn\u0105trz sprz\u0119g\u0142a jednokierunkowego i zabezpiecza uk\u0142ad nap\u0119dowy przed skutkami nag\u0142ego zatrzymania maszyny.<\/strong> Solidny wa\u0142ek wielowypustowy sprawia, \u017ce cz\u0119\u015bci do prasy kostkuj\u0105cej SIPMA pracuj\u0105 p\u0142ynnie nawet pod du\u017cym obci\u0105\u017ceniem. Precyzyjne wykonanie, jakim wyr\u00f3\u017cnia si\u0119 ten wa\u0142ek do prasy, gwarantuje idealne dopasowanie, co u\u0142atwia monta\u017c i eliminuje luzy.<\/p>\n<p>W codziennej eksploatacji niezb\u0119dne jest smarowanie wielowypustu, co znacz\u0105co wyd\u0142u\u017ca trwa\u0142o\u015b\u0107 cz\u0119\u015bci. Ten konkretny wa\u0142ek 6 frez\u00f3w (Z6) zapewnia bezpiecze\u0144stwo podczas intensywnych \u017cniw. W ofercie posiadamy r\u00f3wnie\u017c inne cz\u0119\u015bci do prasy SIPMA. Zach\u0119camy do zakupu, aby unikn\u0105\u0107 kosztownych przestoj\u00f3w<\/p>\n<p style=\"text-align: justify\"><b>Zastosowanie:<\/b><\/p>\n<ul>\n<li style=\"text-align: justify\">Prasa kostkuj\u0105ca SIPMA Z-224\/1 oraz Z-224\/2<\/li>\n<\/ul>\n<div style=\"text-align: justify\"><b>Numer katalogowy:<\/b><\/div>\n<div style=\"text-align: justify\">\n<ul>\n<li>5224\/11-203\/1<\/li>\n<li>522411020300<\/li>\n<li>5224-110-203.00<\/li>\n<\/ul>\n<\/div>\n<\/section>\n<\/div>\n<\/section>\n","protected":false},"excerpt":{"rendered":"<p style=\"text-align: justify\">Wa\u0142ek sprz\u0119g\u0142a ciernego 6 frez\u00f3w (nowy typ) do prasy kostkuj\u0105cej Sipma.<\/p>\n","protected":false},"featured_media":46701,"comment_status":"open","ping_status":"closed","template":"","meta":{"_acf_changed":false,"inline_featured_image":false},"product_brand":[],"product_cat":[48,116],"product_tag":[],"class_list":{"0":"post-46700","1":"product","2":"type-product","3":"status-publish","4":"has-post-thumbnail","6":"product_cat-czesci-do-prasy-kostkujacej","7":"product_cat-czesci-do-prasy-sipma","9":"first","10":"instock","11":"taxable","12":"shipping-taxable","13":"purchasable","14":"product-type-simple"},"acf":[],"yoast_head":"<!-- This site is optimized with the Yoast SEO plugin v27.2 - https:\/\/yoast.com\/product\/yoast-seo-wordpress\/ -->\n<title>Wa\u0142ek sprz\u0119g\u0142a ciernego 6 frez\u00f3w nowy typ Prasa SIPMA Z-224 - Exparto.pl<\/title>\n<meta name=\"robots\" content=\"index, follow, max-snippet:-1, max-image-preview:large, max-video-preview:-1\" \/>\n<link rel=\"canonical\" href=\"https:\/\/exparto.pl\/en\/produkt\/walek-sprzegla-ciernego-6-frezow-nowy-typ-prasa-sipma-z-224\/\" \/>\n<meta property=\"og:locale\" content=\"en_US\" \/>\n<meta property=\"og:type\" content=\"article\" \/>\n<meta property=\"og:title\" content=\"Wa\u0142ek sprz\u0119g\u0142a ciernego 6 frez\u00f3w nowy typ Prasa SIPMA Z-224 - Exparto.pl\" \/>\n<meta property=\"og:description\" content=\"Wa\u0142ek sprz\u0119g\u0142a ciernego 6 frez\u00f3w (nowy typ) do prasy kostkuj\u0105cej Sipma.\" \/>\n<meta property=\"og:url\" content=\"https:\/\/exparto.pl\/en\/produkt\/walek-sprzegla-ciernego-6-frezow-nowy-typ-prasa-sipma-z-224\/\" \/>\n<meta property=\"og:site_name\" content=\"Exparto.pl\" \/>\n<meta property=\"article:publisher\" content=\"https:\/\/www.facebook.com\/exparto.agro\/\" \/>\n<meta property=\"article:modified_time\" content=\"2026-03-31T11:16:19+00:00\" \/>\n<meta property=\"og:image\" content=\"https:\/\/exparto.pl\/wp-content\/uploads\/2025\/05\/91480fc15d0d437d711b7855cace5194-1.jpg\" \/>\n\t<meta property=\"og:image:width\" content=\"1200\" \/>\n\t<meta property=\"og:image:height\" content=\"1200\" \/>\n\t<meta property=\"og:image:type\" content=\"image\/jpeg\" \/>\n<meta name=\"twitter:card\" content=\"summary_large_image\" \/>\n<meta name=\"twitter:label1\" content=\"Est. reading time\" \/>\n\t<meta name=\"twitter:data1\" content=\"2 minutes\" \/>\n<script type=\"application\/ld+json\" class=\"yoast-schema-graph\">{\"@context\":\"https:\/\/schema.org\",\"@graph\":[{\"@type\":\"WebPage\",\"@id\":\"https:\/\/exparto.pl\/en\/produkt\/walek-sprzegla-ciernego-6-frezow-nowy-typ-prasa-sipma-z-224\/\",\"url\":\"https:\/\/exparto.pl\/en\/produkt\/walek-sprzegla-ciernego-6-frezow-nowy-typ-prasa-sipma-z-224\/\",\"name\":\"Wa\u0142ek sprz\u0119g\u0142a ciernego 6 frez\u00f3w nowy typ Prasa SIPMA Z-224 - Exparto.pl\",\"isPartOf\":{\"@id\":\"https:\/\/exparto.pl\/en\/#website\"},\"primaryImageOfPage\":{\"@id\":\"https:\/\/exparto.pl\/en\/produkt\/walek-sprzegla-ciernego-6-frezow-nowy-typ-prasa-sipma-z-224\/#primaryimage\"},\"image\":{\"@id\":\"https:\/\/exparto.pl\/en\/produkt\/walek-sprzegla-ciernego-6-frezow-nowy-typ-prasa-sipma-z-224\/#primaryimage\"},\"thumbnailUrl\":\"https:\/\/exparto.pl\/wp-content\/uploads\/2025\/05\/91480fc15d0d437d711b7855cace5194-1.jpg\",\"datePublished\":\"2025-05-13T07:48:02+00:00\",\"dateModified\":\"2026-03-31T11:16:19+00:00\",\"breadcrumb\":{\"@id\":\"https:\/\/exparto.pl\/en\/produkt\/walek-sprzegla-ciernego-6-frezow-nowy-typ-prasa-sipma-z-224\/#breadcrumb\"},\"inLanguage\":\"en-US\",\"potentialAction\":[{\"@type\":\"ReadAction\",\"target\":[\"https:\/\/exparto.pl\/en\/produkt\/walek-sprzegla-ciernego-6-frezow-nowy-typ-prasa-sipma-z-224\/\"]}]},{\"@type\":\"ImageObject\",\"inLanguage\":\"en-US\",\"@id\":\"https:\/\/exparto.pl\/en\/produkt\/walek-sprzegla-ciernego-6-frezow-nowy-typ-prasa-sipma-z-224\/#primaryimage\",\"url\":\"https:\/\/exparto.pl\/wp-content\/uploads\/2025\/05\/91480fc15d0d437d711b7855cace5194-1.jpg\",\"contentUrl\":\"https:\/\/exparto.pl\/wp-content\/uploads\/2025\/05\/91480fc15d0d437d711b7855cace5194-1.jpg\",\"width\":1200,\"height\":1200},{\"@type\":\"BreadcrumbList\",\"@id\":\"https:\/\/exparto.pl\/en\/produkt\/walek-sprzegla-ciernego-6-frezow-nowy-typ-prasa-sipma-z-224\/#breadcrumb\",\"itemListElement\":[{\"@type\":\"ListItem\",\"position\":1,\"name\":\"Homepage\",\"item\":\"https:\/\/exparto.pl\/en\/homepage\/\"},{\"@type\":\"ListItem\",\"position\":2,\"name\":\"Sklep\",\"item\":\"https:\/\/exparto.pl\/sklep\/\"},{\"@type\":\"ListItem\",\"position\":3,\"name\":\"Press parts\",\"item\":\"https:\/\/exparto.pl\/en\/product-category\/press-parts\/\"},{\"@type\":\"ListItem\",\"position\":4,\"name\":\"SIPMA Z-224 press parts\",\"item\":\"https:\/\/exparto.pl\/en\/product-category\/press-parts\/sipma-z-224-press-parts\/\"},{\"@type\":\"ListItem\",\"position\":5,\"name\":\"Wa\u0142ek sprz\u0119g\u0142a ciernego 6 frez\u00f3w nowy typ Prasa SIPMA Z-224\"}]},{\"@type\":\"WebSite\",\"@id\":\"https:\/\/exparto.pl\/en\/#website\",\"url\":\"https:\/\/exparto.pl\/en\/\",\"name\":\"EXPARTO\",\"description\":\"More than agro parts\",\"publisher\":{\"@id\":\"https:\/\/exparto.pl\/en\/#organization\"},\"potentialAction\":[{\"@type\":\"SearchAction\",\"target\":{\"@type\":\"EntryPoint\",\"urlTemplate\":\"https:\/\/exparto.pl\/en\/?s={search_term_string}\"},\"query-input\":{\"@type\":\"PropertyValueSpecification\",\"valueRequired\":true,\"valueName\":\"search_term_string\"}}],\"inLanguage\":\"en-US\"},{\"@type\":\"Organization\",\"@id\":\"https:\/\/exparto.pl\/en\/#organization\",\"name\":\"EXPARTO\",\"url\":\"https:\/\/exparto.pl\/en\/\",\"logo\":{\"@type\":\"ImageObject\",\"inLanguage\":\"en-US\",\"@id\":\"https:\/\/exparto.pl\/en\/#\/schema\/logo\/image\/\",\"url\":\"https:\/\/exparto.pl\/wp-content\/uploads\/2023\/02\/logo-wektor.png\",\"contentUrl\":\"https:\/\/exparto.pl\/wp-content\/uploads\/2023\/02\/logo-wektor.png\",\"width\":1338,\"height\":143,\"caption\":\"EXPARTO\"},\"image\":{\"@id\":\"https:\/\/exparto.pl\/en\/#\/schema\/logo\/image\/\"},\"sameAs\":[\"https:\/\/www.facebook.com\/exparto.agro\/\"]}]}<\/script>\n<!-- \/ Yoast SEO plugin. -->","yoast_head_json":{"title":"Wa\u0142ek sprz\u0119g\u0142a ciernego 6 frez\u00f3w nowy typ Prasa SIPMA Z-224 - Exparto.pl","robots":{"index":"index","follow":"follow","max-snippet":"max-snippet:-1","max-image-preview":"max-image-preview:large","max-video-preview":"max-video-preview:-1"},"canonical":"https:\/\/exparto.pl\/en\/produkt\/walek-sprzegla-ciernego-6-frezow-nowy-typ-prasa-sipma-z-224\/","og_locale":"en_US","og_type":"article","og_title":"Wa\u0142ek sprz\u0119g\u0142a ciernego 6 frez\u00f3w nowy typ Prasa SIPMA Z-224 - Exparto.pl","og_description":"Wa\u0142ek sprz\u0119g\u0142a ciernego 6 frez\u00f3w (nowy typ) do prasy kostkuj\u0105cej Sipma.","og_url":"https:\/\/exparto.pl\/en\/produkt\/walek-sprzegla-ciernego-6-frezow-nowy-typ-prasa-sipma-z-224\/","og_site_name":"Exparto.pl","article_publisher":"https:\/\/www.facebook.com\/exparto.agro\/","article_modified_time":"2026-03-31T11:16:19+00:00","og_image":[{"width":1200,"height":1200,"url":"https:\/\/exparto.pl\/wp-content\/uploads\/2025\/05\/91480fc15d0d437d711b7855cace5194-1.jpg","type":"image\/jpeg"}],"twitter_card":"summary_large_image","twitter_misc":{"Est. reading time":"2 minutes"},"schema":{"@context":"https:\/\/schema.org","@graph":[{"@type":"WebPage","@id":"https:\/\/exparto.pl\/en\/produkt\/walek-sprzegla-ciernego-6-frezow-nowy-typ-prasa-sipma-z-224\/","url":"https:\/\/exparto.pl\/en\/produkt\/walek-sprzegla-ciernego-6-frezow-nowy-typ-prasa-sipma-z-224\/","name":"Wa\u0142ek sprz\u0119g\u0142a ciernego 6 frez\u00f3w nowy typ Prasa SIPMA Z-224 - Exparto.pl","isPartOf":{"@id":"https:\/\/exparto.pl\/en\/#website"},"primaryImageOfPage":{"@id":"https:\/\/exparto.pl\/en\/produkt\/walek-sprzegla-ciernego-6-frezow-nowy-typ-prasa-sipma-z-224\/#primaryimage"},"image":{"@id":"https:\/\/exparto.pl\/en\/produkt\/walek-sprzegla-ciernego-6-frezow-nowy-typ-prasa-sipma-z-224\/#primaryimage"},"thumbnailUrl":"https:\/\/exparto.pl\/wp-content\/uploads\/2025\/05\/91480fc15d0d437d711b7855cace5194-1.jpg","datePublished":"2025-05-13T07:48:02+00:00","dateModified":"2026-03-31T11:16:19+00:00","breadcrumb":{"@id":"https:\/\/exparto.pl\/en\/produkt\/walek-sprzegla-ciernego-6-frezow-nowy-typ-prasa-sipma-z-224\/#breadcrumb"},"inLanguage":"en-US","potentialAction":[{"@type":"ReadAction","target":["https:\/\/exparto.pl\/en\/produkt\/walek-sprzegla-ciernego-6-frezow-nowy-typ-prasa-sipma-z-224\/"]}]},{"@type":"ImageObject","inLanguage":"en-US","@id":"https:\/\/exparto.pl\/en\/produkt\/walek-sprzegla-ciernego-6-frezow-nowy-typ-prasa-sipma-z-224\/#primaryimage","url":"https:\/\/exparto.pl\/wp-content\/uploads\/2025\/05\/91480fc15d0d437d711b7855cace5194-1.jpg","contentUrl":"https:\/\/exparto.pl\/wp-content\/uploads\/2025\/05\/91480fc15d0d437d711b7855cace5194-1.jpg","width":1200,"height":1200},{"@type":"BreadcrumbList","@id":"https:\/\/exparto.pl\/en\/produkt\/walek-sprzegla-ciernego-6-frezow-nowy-typ-prasa-sipma-z-224\/#breadcrumb","itemListElement":[{"@type":"ListItem","position":1,"name":"Homepage","item":"https:\/\/exparto.pl\/en\/homepage\/"},{"@type":"ListItem","position":2,"name":"Sklep","item":"https:\/\/exparto.pl\/sklep\/"},{"@type":"ListItem","position":3,"name":"Press parts","item":"https:\/\/exparto.pl\/en\/product-category\/press-parts\/"},{"@type":"ListItem","position":4,"name":"SIPMA Z-224 press parts","item":"https:\/\/exparto.pl\/en\/product-category\/press-parts\/sipma-z-224-press-parts\/"},{"@type":"ListItem","position":5,"name":"Wa\u0142ek sprz\u0119g\u0142a ciernego 6 frez\u00f3w nowy typ Prasa SIPMA Z-224"}]},{"@type":"WebSite","@id":"https:\/\/exparto.pl\/en\/#website","url":"https:\/\/exparto.pl\/en\/","name":"EXPARTO","description":"More than agro parts","publisher":{"@id":"https:\/\/exparto.pl\/en\/#organization"},"potentialAction":[{"@type":"SearchAction","target":{"@type":"EntryPoint","urlTemplate":"https:\/\/exparto.pl\/en\/?s={search_term_string}"},"query-input":{"@type":"PropertyValueSpecification","valueRequired":true,"valueName":"search_term_string"}}],"inLanguage":"en-US"},{"@type":"Organization","@id":"https:\/\/exparto.pl\/en\/#organization","name":"EXPARTO","url":"https:\/\/exparto.pl\/en\/","logo":{"@type":"ImageObject","inLanguage":"en-US","@id":"https:\/\/exparto.pl\/en\/#\/schema\/logo\/image\/","url":"https:\/\/exparto.pl\/wp-content\/uploads\/2023\/02\/logo-wektor.png","contentUrl":"https:\/\/exparto.pl\/wp-content\/uploads\/2023\/02\/logo-wektor.png","width":1338,"height":143,"caption":"EXPARTO"},"image":{"@id":"https:\/\/exparto.pl\/en\/#\/schema\/logo\/image\/"},"sameAs":["https:\/\/www.facebook.com\/exparto.agro\/"]}]}},"_links":{"self":[{"href":"https:\/\/exparto.pl\/en\/wp-json\/wp\/v2\/product\/46700","targetHints":{"allow":["GET"]}}],"collection":[{"href":"https:\/\/exparto.pl\/en\/wp-json\/wp\/v2\/product"}],"about":[{"href":"https:\/\/exparto.pl\/en\/wp-json\/wp\/v2\/types\/product"}],"replies":[{"embeddable":true,"href":"https:\/\/exparto.pl\/en\/wp-json\/wp\/v2\/comments?post=46700"}],"wp:featuredmedia":[{"embeddable":true,"href":"https:\/\/exparto.pl\/en\/wp-json\/wp\/v2\/media\/46701"}],"wp:attachment":[{"href":"https:\/\/exparto.pl\/en\/wp-json\/wp\/v2\/media?parent=46700"}],"wp:term":[{"taxonomy":"product_brand","embeddable":true,"href":"https:\/\/exparto.pl\/en\/wp-json\/wp\/v2\/product_brand?post=46700"},{"taxonomy":"product_cat","embeddable":true,"href":"https:\/\/exparto.pl\/en\/wp-json\/wp\/v2\/product_cat?post=46700"},{"taxonomy":"product_tag","embeddable":true,"href":"https:\/\/exparto.pl\/en\/wp-json\/wp\/v2\/product_tag?post=46700"}],"curies":[{"name":"wp","href":"https:\/\/api.w.org\/{rel}","templated":true}]}}