{"id":53771,"date":"2025-07-29T15:54:08","date_gmt":"2025-07-29T13:54:08","guid":{"rendered":"https:\/\/exparto.pl\/produkt\/szczeka-palca-suplacza-kpl-prasa-sipma-z-224-2026-070-520-00-522307820\/"},"modified":"2026-04-02T13:17:30","modified_gmt":"2026-04-02T11:17:30","slug":"szczeka-palca-suplacza-kpl-prasa-sipma-z-224-2026-070-520-00-522307820","status":"publish","type":"product","link":"https:\/\/exparto.pl\/en\/produkt\/szczeka-palca-suplacza-kpl-prasa-sipma-z-224-2026-070-520-00-522307820\/","title":{"rendered":"Szcz\u0119ka palca sup\u0142acza kpl. Prasa SIPMA Z-224 2026-070-520.00 522307820"},"content":{"rendered":"<p style=\"text-align: justify\"><strong>W EXPARTO wiemy, \u017ce sprawny aparat wi\u0105\u017c\u0105cy do prasy to podstawa udanych \u017cniw, dlatego oferujemy now\u0105 i gotow\u0105 do monta\u017cu szcz\u0119k\u0119 palca sup\u0142acza.<\/strong> Konstrukcja podzespo\u0142u zosta\u0142a zaprojektowana tak, aby idealnie pasowa\u0107 do modeli SIPMA Z-224, PK 4000 oraz PK 4010, co gwarantuje niezawodno\u015b\u0107 w ka\u017cdych warunkach polowych. Zapraszamy do zapoznania si\u0119 z ofert\u0105, kt\u00f3ra zapewni ci\u0105g\u0142o\u015b\u0107 pracy w Twoim gospodarstwie.<\/p>\n<h2><span style=\"font-weight: 400\">Szcz\u0119ka palca sup\u0142acza SIPMA Z-224 \u2013 aparat wi\u0105\u017c\u0105cy, cz\u0119\u015bci do prasy SIPMA<\/span><\/h2>\n<p style=\"text-align: justify\">Prawid\u0142owe formowanie beli zale\u017cy od kondycji mechanizmu wi\u0105\u017c\u0105cego, w kt\u00f3rym szcz\u0119ka palca sup\u0142acza odpowiada za fizyczne uchwycenie sznurka. W momencie, gdy d\u017awignia no\u017cowa zgarnia p\u0119tl\u0119, palec sup\u0142acza musi stabilnie trzyma\u0107 ko\u0144ce wi\u0105zania, aby w\u0119ze\u0142 zosta\u0142 poprawnie sfinalizowany. <strong>Wykorzystanie hartowanych materia\u0142\u00f3w sprawia, \u017ce szcz\u0119ka palca sup\u0142acza SIPMA Z-224 doskonale znosi du\u017ce obci\u0105\u017cenia mechaniczne.<\/strong> Je\u015bli Tw\u00f3j suplacz do prasy przestaje wi\u0105za\u0107 lub rwie sznurek, wymiana tego podzespo\u0142u przywr\u00f3ci maszynie pe\u0142n\u0105 sprawno\u015b\u0107.<\/p>\n<p style=\"text-align: justify\">Pami\u0119taj, \u017ce ka\u017cdy palec sup\u0142acza wymaga codziennego smarowania, a po zako\u0144czeniu prac sezonowych warto zakonserwowa\u0107 go odpowiednim smarem, aby zapobiec korozji. <strong>Zapraszamy do sprawdzenia pe\u0142nej oferty, w kt\u00f3rej znajdziesz wszystkie niezb\u0119dne cz\u0119\u015bci do prasy SIPMA Z-224 potrzebne do przygotowania sprz\u0119tu do pracy.<\/strong><\/p>\n<p style=\"text-align: justify\"><strong>Zastosowanie:<\/strong><\/p>\n<ul>\n<li style=\"text-align: justify\">prasy kostkuj\u0105ce Sipma Z-224\/1, Z-224\/2, PK4000, PK4010<\/li>\n<\/ul>\n<p style=\"text-align: justify\"><strong>Numer katalogowy:<\/strong><\/p>\n<ul>\n<li style=\"text-align: justify\">522307820<\/li>\n<li style=\"text-align: justify\">5223\/07-820\/0<\/li>\n<li style=\"text-align: justify\">2026070520<\/li>\n<li style=\"text-align: justify\">202607052000<\/li>\n<li style=\"text-align: justify\">2026-070-520.00<\/li>\n<li style=\"text-align: justify\">S5223078200<\/li>\n<\/ul>\n","protected":false},"excerpt":{"rendered":"<p style=\"text-align: justify\">Szcz\u0119ka palca sup\u0142acza kpl. do prasy kostkuj\u0105cej\u00a0 Sipma Z-224 2026-070-520.00 522307820.<\/p>\n","protected":false},"featured_media":53756,"comment_status":"open","ping_status":"closed","template":"","meta":{"_acf_changed":false,"inline_featured_image":false},"product_brand":[],"product_cat":[48,116,102],"product_tag":[],"class_list":{"0":"post-53771","1":"product","2":"type-product","3":"status-publish","4":"has-post-thumbnail","6":"product_cat-czesci-do-prasy-kostkujacej","7":"product_cat-czesci-do-prasy-sipma","8":"product_cat-czesci-do-suplacza","10":"first","11":"instock","12":"taxable","13":"shipping-taxable","14":"purchasable","15":"product-type-simple"},"acf":[],"yoast_head":"<!-- This site is optimized with the Yoast SEO plugin v27.2 - https:\/\/yoast.com\/product\/yoast-seo-wordpress\/ -->\n<title>Szcz\u0119ka palca sup\u0142acza kpl. Prasa SIPMA Z-224 2026-070-520.00 522307820 - Exparto.pl<\/title>\n<meta name=\"robots\" content=\"index, follow, max-snippet:-1, max-image-preview:large, max-video-preview:-1\" \/>\n<link rel=\"canonical\" href=\"https:\/\/exparto.pl\/en\/produkt\/szczeka-palca-suplacza-kpl-prasa-sipma-z-224-2026-070-520-00-522307820\/\" \/>\n<meta property=\"og:locale\" content=\"en_US\" \/>\n<meta property=\"og:type\" content=\"article\" \/>\n<meta property=\"og:title\" content=\"Szcz\u0119ka palca sup\u0142acza kpl. Prasa SIPMA Z-224 2026-070-520.00 522307820 - Exparto.pl\" \/>\n<meta property=\"og:description\" content=\"Szcz\u0119ka palca sup\u0142acza kpl. do prasy kostkuj\u0105cej\u00a0 Sipma Z-224 2026-070-520.00 522307820.\" \/>\n<meta property=\"og:url\" content=\"https:\/\/exparto.pl\/en\/produkt\/szczeka-palca-suplacza-kpl-prasa-sipma-z-224-2026-070-520-00-522307820\/\" \/>\n<meta property=\"og:site_name\" content=\"Exparto.pl\" \/>\n<meta property=\"article:publisher\" content=\"https:\/\/www.facebook.com\/exparto.agro\/\" \/>\n<meta property=\"article:modified_time\" content=\"2026-04-02T11:17:30+00:00\" \/>\n<meta property=\"og:image\" content=\"https:\/\/exparto.pl\/wp-content\/uploads\/2025\/07\/ae59ad10ccbaf0faf51f306f49014ba6.jpg\" \/>\n\t<meta property=\"og:image:width\" content=\"1200\" \/>\n\t<meta property=\"og:image:height\" content=\"1200\" \/>\n\t<meta property=\"og:image:type\" content=\"image\/jpeg\" \/>\n<meta name=\"twitter:card\" content=\"summary_large_image\" \/>\n<meta name=\"twitter:label1\" content=\"Est. reading time\" \/>\n\t<meta name=\"twitter:data1\" content=\"2 minutes\" \/>\n<script type=\"application\/ld+json\" class=\"yoast-schema-graph\">{\"@context\":\"https:\/\/schema.org\",\"@graph\":[{\"@type\":\"WebPage\",\"@id\":\"https:\/\/exparto.pl\/en\/produkt\/szczeka-palca-suplacza-kpl-prasa-sipma-z-224-2026-070-520-00-522307820\/\",\"url\":\"https:\/\/exparto.pl\/en\/produkt\/szczeka-palca-suplacza-kpl-prasa-sipma-z-224-2026-070-520-00-522307820\/\",\"name\":\"Szcz\u0119ka palca sup\u0142acza kpl. Prasa SIPMA Z-224 2026-070-520.00 522307820 - Exparto.pl\",\"isPartOf\":{\"@id\":\"https:\/\/exparto.pl\/en\/#website\"},\"primaryImageOfPage\":{\"@id\":\"https:\/\/exparto.pl\/en\/produkt\/szczeka-palca-suplacza-kpl-prasa-sipma-z-224-2026-070-520-00-522307820\/#primaryimage\"},\"image\":{\"@id\":\"https:\/\/exparto.pl\/en\/produkt\/szczeka-palca-suplacza-kpl-prasa-sipma-z-224-2026-070-520-00-522307820\/#primaryimage\"},\"thumbnailUrl\":\"https:\/\/exparto.pl\/wp-content\/uploads\/2025\/07\/ae59ad10ccbaf0faf51f306f49014ba6.jpg\",\"datePublished\":\"2025-07-29T13:54:08+00:00\",\"dateModified\":\"2026-04-02T11:17:30+00:00\",\"breadcrumb\":{\"@id\":\"https:\/\/exparto.pl\/en\/produkt\/szczeka-palca-suplacza-kpl-prasa-sipma-z-224-2026-070-520-00-522307820\/#breadcrumb\"},\"inLanguage\":\"en-US\",\"potentialAction\":[{\"@type\":\"ReadAction\",\"target\":[\"https:\/\/exparto.pl\/en\/produkt\/szczeka-palca-suplacza-kpl-prasa-sipma-z-224-2026-070-520-00-522307820\/\"]}]},{\"@type\":\"ImageObject\",\"inLanguage\":\"en-US\",\"@id\":\"https:\/\/exparto.pl\/en\/produkt\/szczeka-palca-suplacza-kpl-prasa-sipma-z-224-2026-070-520-00-522307820\/#primaryimage\",\"url\":\"https:\/\/exparto.pl\/wp-content\/uploads\/2025\/07\/ae59ad10ccbaf0faf51f306f49014ba6.jpg\",\"contentUrl\":\"https:\/\/exparto.pl\/wp-content\/uploads\/2025\/07\/ae59ad10ccbaf0faf51f306f49014ba6.jpg\",\"width\":1200,\"height\":1200},{\"@type\":\"BreadcrumbList\",\"@id\":\"https:\/\/exparto.pl\/en\/produkt\/szczeka-palca-suplacza-kpl-prasa-sipma-z-224-2026-070-520-00-522307820\/#breadcrumb\",\"itemListElement\":[{\"@type\":\"ListItem\",\"position\":1,\"name\":\"Homepage\",\"item\":\"https:\/\/exparto.pl\/en\/homepage\/\"},{\"@type\":\"ListItem\",\"position\":2,\"name\":\"Sklep\",\"item\":\"https:\/\/exparto.pl\/sklep\/\"},{\"@type\":\"ListItem\",\"position\":3,\"name\":\"Press parts\",\"item\":\"https:\/\/exparto.pl\/en\/product-category\/press-parts\/\"},{\"@type\":\"ListItem\",\"position\":4,\"name\":\"SIPMA Z-224 press parts\",\"item\":\"https:\/\/exparto.pl\/en\/product-category\/press-parts\/sipma-z-224-press-parts\/\"},{\"@type\":\"ListItem\",\"position\":5,\"name\":\"Parts for the supercharger\",\"item\":\"https:\/\/exparto.pl\/en\/product-category\/press-parts\/sipma-z-224-press-parts\/parts-for-the-supercharger\/\"},{\"@type\":\"ListItem\",\"position\":6,\"name\":\"Szcz\u0119ka palca sup\u0142acza kpl. Prasa SIPMA Z-224 2026-070-520.00 522307820\"}]},{\"@type\":\"WebSite\",\"@id\":\"https:\/\/exparto.pl\/en\/#website\",\"url\":\"https:\/\/exparto.pl\/en\/\",\"name\":\"EXPARTO\",\"description\":\"More than agro parts\",\"publisher\":{\"@id\":\"https:\/\/exparto.pl\/en\/#organization\"},\"potentialAction\":[{\"@type\":\"SearchAction\",\"target\":{\"@type\":\"EntryPoint\",\"urlTemplate\":\"https:\/\/exparto.pl\/en\/?s={search_term_string}\"},\"query-input\":{\"@type\":\"PropertyValueSpecification\",\"valueRequired\":true,\"valueName\":\"search_term_string\"}}],\"inLanguage\":\"en-US\"},{\"@type\":\"Organization\",\"@id\":\"https:\/\/exparto.pl\/en\/#organization\",\"name\":\"EXPARTO\",\"url\":\"https:\/\/exparto.pl\/en\/\",\"logo\":{\"@type\":\"ImageObject\",\"inLanguage\":\"en-US\",\"@id\":\"https:\/\/exparto.pl\/en\/#\/schema\/logo\/image\/\",\"url\":\"https:\/\/exparto.pl\/wp-content\/uploads\/2023\/02\/logo-wektor.png\",\"contentUrl\":\"https:\/\/exparto.pl\/wp-content\/uploads\/2023\/02\/logo-wektor.png\",\"width\":1338,\"height\":143,\"caption\":\"EXPARTO\"},\"image\":{\"@id\":\"https:\/\/exparto.pl\/en\/#\/schema\/logo\/image\/\"},\"sameAs\":[\"https:\/\/www.facebook.com\/exparto.agro\/\"]}]}<\/script>\n<!-- \/ Yoast SEO plugin. -->","yoast_head_json":{"title":"Szcz\u0119ka palca sup\u0142acza kpl. Prasa SIPMA Z-224 2026-070-520.00 522307820 - Exparto.pl","robots":{"index":"index","follow":"follow","max-snippet":"max-snippet:-1","max-image-preview":"max-image-preview:large","max-video-preview":"max-video-preview:-1"},"canonical":"https:\/\/exparto.pl\/en\/produkt\/szczeka-palca-suplacza-kpl-prasa-sipma-z-224-2026-070-520-00-522307820\/","og_locale":"en_US","og_type":"article","og_title":"Szcz\u0119ka palca sup\u0142acza kpl. Prasa SIPMA Z-224 2026-070-520.00 522307820 - Exparto.pl","og_description":"Szcz\u0119ka palca sup\u0142acza kpl. do prasy kostkuj\u0105cej\u00a0 Sipma Z-224 2026-070-520.00 522307820.","og_url":"https:\/\/exparto.pl\/en\/produkt\/szczeka-palca-suplacza-kpl-prasa-sipma-z-224-2026-070-520-00-522307820\/","og_site_name":"Exparto.pl","article_publisher":"https:\/\/www.facebook.com\/exparto.agro\/","article_modified_time":"2026-04-02T11:17:30+00:00","og_image":[{"width":1200,"height":1200,"url":"https:\/\/exparto.pl\/wp-content\/uploads\/2025\/07\/ae59ad10ccbaf0faf51f306f49014ba6.jpg","type":"image\/jpeg"}],"twitter_card":"summary_large_image","twitter_misc":{"Est. reading time":"2 minutes"},"schema":{"@context":"https:\/\/schema.org","@graph":[{"@type":"WebPage","@id":"https:\/\/exparto.pl\/en\/produkt\/szczeka-palca-suplacza-kpl-prasa-sipma-z-224-2026-070-520-00-522307820\/","url":"https:\/\/exparto.pl\/en\/produkt\/szczeka-palca-suplacza-kpl-prasa-sipma-z-224-2026-070-520-00-522307820\/","name":"Szcz\u0119ka palca sup\u0142acza kpl. Prasa SIPMA Z-224 2026-070-520.00 522307820 - Exparto.pl","isPartOf":{"@id":"https:\/\/exparto.pl\/en\/#website"},"primaryImageOfPage":{"@id":"https:\/\/exparto.pl\/en\/produkt\/szczeka-palca-suplacza-kpl-prasa-sipma-z-224-2026-070-520-00-522307820\/#primaryimage"},"image":{"@id":"https:\/\/exparto.pl\/en\/produkt\/szczeka-palca-suplacza-kpl-prasa-sipma-z-224-2026-070-520-00-522307820\/#primaryimage"},"thumbnailUrl":"https:\/\/exparto.pl\/wp-content\/uploads\/2025\/07\/ae59ad10ccbaf0faf51f306f49014ba6.jpg","datePublished":"2025-07-29T13:54:08+00:00","dateModified":"2026-04-02T11:17:30+00:00","breadcrumb":{"@id":"https:\/\/exparto.pl\/en\/produkt\/szczeka-palca-suplacza-kpl-prasa-sipma-z-224-2026-070-520-00-522307820\/#breadcrumb"},"inLanguage":"en-US","potentialAction":[{"@type":"ReadAction","target":["https:\/\/exparto.pl\/en\/produkt\/szczeka-palca-suplacza-kpl-prasa-sipma-z-224-2026-070-520-00-522307820\/"]}]},{"@type":"ImageObject","inLanguage":"en-US","@id":"https:\/\/exparto.pl\/en\/produkt\/szczeka-palca-suplacza-kpl-prasa-sipma-z-224-2026-070-520-00-522307820\/#primaryimage","url":"https:\/\/exparto.pl\/wp-content\/uploads\/2025\/07\/ae59ad10ccbaf0faf51f306f49014ba6.jpg","contentUrl":"https:\/\/exparto.pl\/wp-content\/uploads\/2025\/07\/ae59ad10ccbaf0faf51f306f49014ba6.jpg","width":1200,"height":1200},{"@type":"BreadcrumbList","@id":"https:\/\/exparto.pl\/en\/produkt\/szczeka-palca-suplacza-kpl-prasa-sipma-z-224-2026-070-520-00-522307820\/#breadcrumb","itemListElement":[{"@type":"ListItem","position":1,"name":"Homepage","item":"https:\/\/exparto.pl\/en\/homepage\/"},{"@type":"ListItem","position":2,"name":"Sklep","item":"https:\/\/exparto.pl\/sklep\/"},{"@type":"ListItem","position":3,"name":"Press parts","item":"https:\/\/exparto.pl\/en\/product-category\/press-parts\/"},{"@type":"ListItem","position":4,"name":"SIPMA Z-224 press parts","item":"https:\/\/exparto.pl\/en\/product-category\/press-parts\/sipma-z-224-press-parts\/"},{"@type":"ListItem","position":5,"name":"Parts for the supercharger","item":"https:\/\/exparto.pl\/en\/product-category\/press-parts\/sipma-z-224-press-parts\/parts-for-the-supercharger\/"},{"@type":"ListItem","position":6,"name":"Szcz\u0119ka palca sup\u0142acza kpl. Prasa SIPMA Z-224 2026-070-520.00 522307820"}]},{"@type":"WebSite","@id":"https:\/\/exparto.pl\/en\/#website","url":"https:\/\/exparto.pl\/en\/","name":"EXPARTO","description":"More than agro parts","publisher":{"@id":"https:\/\/exparto.pl\/en\/#organization"},"potentialAction":[{"@type":"SearchAction","target":{"@type":"EntryPoint","urlTemplate":"https:\/\/exparto.pl\/en\/?s={search_term_string}"},"query-input":{"@type":"PropertyValueSpecification","valueRequired":true,"valueName":"search_term_string"}}],"inLanguage":"en-US"},{"@type":"Organization","@id":"https:\/\/exparto.pl\/en\/#organization","name":"EXPARTO","url":"https:\/\/exparto.pl\/en\/","logo":{"@type":"ImageObject","inLanguage":"en-US","@id":"https:\/\/exparto.pl\/en\/#\/schema\/logo\/image\/","url":"https:\/\/exparto.pl\/wp-content\/uploads\/2023\/02\/logo-wektor.png","contentUrl":"https:\/\/exparto.pl\/wp-content\/uploads\/2023\/02\/logo-wektor.png","width":1338,"height":143,"caption":"EXPARTO"},"image":{"@id":"https:\/\/exparto.pl\/en\/#\/schema\/logo\/image\/"},"sameAs":["https:\/\/www.facebook.com\/exparto.agro\/"]}]}},"_links":{"self":[{"href":"https:\/\/exparto.pl\/en\/wp-json\/wp\/v2\/product\/53771","targetHints":{"allow":["GET"]}}],"collection":[{"href":"https:\/\/exparto.pl\/en\/wp-json\/wp\/v2\/product"}],"about":[{"href":"https:\/\/exparto.pl\/en\/wp-json\/wp\/v2\/types\/product"}],"replies":[{"embeddable":true,"href":"https:\/\/exparto.pl\/en\/wp-json\/wp\/v2\/comments?post=53771"}],"wp:featuredmedia":[{"embeddable":true,"href":"https:\/\/exparto.pl\/en\/wp-json\/wp\/v2\/media\/53756"}],"wp:attachment":[{"href":"https:\/\/exparto.pl\/en\/wp-json\/wp\/v2\/media?parent=53771"}],"wp:term":[{"taxonomy":"product_brand","embeddable":true,"href":"https:\/\/exparto.pl\/en\/wp-json\/wp\/v2\/product_brand?post=53771"},{"taxonomy":"product_cat","embeddable":true,"href":"https:\/\/exparto.pl\/en\/wp-json\/wp\/v2\/product_cat?post=53771"},{"taxonomy":"product_tag","embeddable":true,"href":"https:\/\/exparto.pl\/en\/wp-json\/wp\/v2\/product_tag?post=53771"}],"curies":[{"name":"wp","href":"https:\/\/api.w.org\/{rel}","templated":true}]}}