{"id":53787,"date":"2025-07-29T15:58:01","date_gmt":"2025-07-29T13:58:01","guid":{"rendered":"https:\/\/exparto.pl\/produkt\/tulejka-dzwigni-nozowej-suplacza-prasa-sipma-z-224-5223-07-123-2026-070-123-00\/"},"modified":"2026-04-01T11:05:13","modified_gmt":"2026-04-01T09:05:13","slug":"tulejka-dzwigni-nozowej-suplacza-prasa-sipma-z-224-5223-07-123-2026-070-123-00","status":"publish","type":"product","link":"https:\/\/exparto.pl\/en\/produkt\/tulejka-dzwigni-nozowej-suplacza-prasa-sipma-z-224-5223-07-123-2026-070-123-00\/","title":{"rendered":"Tulejka d\u017awigni no\u017cowej sup\u0142acza Prasa SIPMA Z-224 5223\/07-123 2026-070-123.00"},"content":{"rendered":"<p><strong>W naszym asortymencie znajduje si\u0119 tulejka d\u017awigni no\u017cowej, dedykowana do maszyn SIPMA Z-224 oraz serii PK 4000 i PK 4010.<\/strong> Sprawno\u015b\u0107 tego podzespo\u0142u zapewnia p\u0142ynny ruch d\u017awigni, co przek\u0142ada si\u0119 na bezawaryjne dzia\u0142anie uk\u0142adu wi\u0105\u017c\u0105cego w Twojej prasie. Zapraszamy do zapoznania si\u0119 z ofert\u0105.<\/p>\n<h2><span style=\"font-weight: 400\">Tulejka d\u017awigni no\u017cowej SIPMA \u2013 aparat wi\u0105\u017c\u0105cy SIPMA Z-224, cz\u0119\u015bci do prasy SIPMA Z-224<\/span><\/h2>\n<p>W codziennej pracy tulejka odpowiada za w\u0142a\u015bciwe prowadzenie no\u017ca, co pozwala precyzyjnie przeci\u0105\u0107 sznurek do prasy. Ta cz\u0119\u015b\u0107 do prasy SIPMA eliminuje luzy i chroni korpus przed wycieraniem. Je\u015bli Tw\u00f3j aparat wi\u0105\u017c\u0105cy gubi w\u0119z\u0142y lub rwie sznurek do prasy kostkuj\u0105cej, rozwi\u0105zaniem jest wymiana tulejek. Monta\u017c jednej tulejki na ka\u017cdy sup\u0142acz prasy gwarantuje stabiln\u0105 prac\u0119 uk\u0142adu wi\u0105\u017c\u0105cego. Wybieraj\u0105c nasz\u0105 tulejk\u0119 d\u017awigni no\u017cowej, zyskujesz pewno\u015b\u0107 idealnego spasowania z reszt\u0105 element\u00f3w aparatu wi\u0105\u017c\u0105cego do prasy.\u00a0<strong>W EXPARTO posiadamy r\u00f3wnie\u017c inne cz\u0119\u015bci do prasy SIPMA Z-224, kt\u00f3re utrzymaj\u0105 sprawno\u015b\u0107 maszyny przez lata. Zach\u0119camy do zakupu.<\/strong><\/p>\n<p style=\"text-align: justify\"><b>Zastosowanie:\u00a0<\/b><\/p>\n<ul>\n<li>prasy kostkuj\u0105ce Sipma Z-224\/1, Z-224\/2, PK4000, PK4010<\/li>\n<\/ul>\n<p style=\"text-align: justify\"><b>Numer katalogowy:<\/b><\/p>\n<ul>\n<li style=\"text-align: justify\">522307123<\/li>\n<li>S522307123<\/li>\n<li>5223071230<\/li>\n<li>5223-07-123.0<\/li>\n<li>202607012300<\/li>\n<li>2026-070-123.00<\/li>\n<li>6090000195176<\/li>\n<\/ul>\n","protected":false},"excerpt":{"rendered":"<p style=\"text-align: justify\">Tulejka d\u017awigni no\u017cowej sup\u0142acza Prasa SIPMA Z-224 5223\/07-123 2026-070-123.00.<\/p>\n","protected":false},"featured_media":53772,"comment_status":"open","ping_status":"closed","template":"","meta":{"_acf_changed":false,"inline_featured_image":false},"product_brand":[],"product_cat":[48,116,102],"product_tag":[],"class_list":{"0":"post-53787","1":"product","2":"type-product","3":"status-publish","4":"has-post-thumbnail","6":"product_cat-czesci-do-prasy-kostkujacej","7":"product_cat-czesci-do-prasy-sipma","8":"product_cat-czesci-do-suplacza","10":"first","11":"instock","12":"taxable","13":"shipping-taxable","14":"purchasable","15":"product-type-simple"},"acf":[],"yoast_head":"<!-- This site is optimized with the Yoast SEO plugin v27.2 - https:\/\/yoast.com\/product\/yoast-seo-wordpress\/ -->\n<title>Tulejka d\u017awigni no\u017cowej sup\u0142acza Prasa SIPMA Z-224 5223\/07-123 2026-070-123.00 - Exparto.pl<\/title>\n<meta name=\"robots\" content=\"index, follow, max-snippet:-1, max-image-preview:large, max-video-preview:-1\" \/>\n<link rel=\"canonical\" href=\"https:\/\/exparto.pl\/en\/produkt\/tulejka-dzwigni-nozowej-suplacza-prasa-sipma-z-224-5223-07-123-2026-070-123-00\/\" \/>\n<meta property=\"og:locale\" content=\"en_US\" \/>\n<meta property=\"og:type\" content=\"article\" \/>\n<meta property=\"og:title\" content=\"Tulejka d\u017awigni no\u017cowej sup\u0142acza Prasa SIPMA Z-224 5223\/07-123 2026-070-123.00 - Exparto.pl\" \/>\n<meta property=\"og:description\" content=\"Tulejka d\u017awigni no\u017cowej sup\u0142acza Prasa SIPMA Z-224 5223\/07-123 2026-070-123.00.\" \/>\n<meta property=\"og:url\" content=\"https:\/\/exparto.pl\/en\/produkt\/tulejka-dzwigni-nozowej-suplacza-prasa-sipma-z-224-5223-07-123-2026-070-123-00\/\" \/>\n<meta property=\"og:site_name\" content=\"Exparto.pl\" \/>\n<meta property=\"article:publisher\" content=\"https:\/\/www.facebook.com\/exparto.agro\/\" \/>\n<meta property=\"article:modified_time\" content=\"2026-04-01T09:05:13+00:00\" \/>\n<meta property=\"og:image\" content=\"https:\/\/exparto.pl\/wp-content\/uploads\/2025\/07\/394476e68ff84d8d6e0e4769accc59c4.jpg\" \/>\n\t<meta property=\"og:image:width\" content=\"1200\" \/>\n\t<meta property=\"og:image:height\" content=\"1200\" \/>\n\t<meta property=\"og:image:type\" content=\"image\/jpeg\" \/>\n<meta name=\"twitter:card\" content=\"summary_large_image\" \/>\n<meta name=\"twitter:label1\" content=\"Est. reading time\" \/>\n\t<meta name=\"twitter:data1\" content=\"2 minutes\" \/>\n<script type=\"application\/ld+json\" class=\"yoast-schema-graph\">{\"@context\":\"https:\/\/schema.org\",\"@graph\":[{\"@type\":\"WebPage\",\"@id\":\"https:\/\/exparto.pl\/en\/produkt\/tulejka-dzwigni-nozowej-suplacza-prasa-sipma-z-224-5223-07-123-2026-070-123-00\/\",\"url\":\"https:\/\/exparto.pl\/en\/produkt\/tulejka-dzwigni-nozowej-suplacza-prasa-sipma-z-224-5223-07-123-2026-070-123-00\/\",\"name\":\"Tulejka d\u017awigni no\u017cowej sup\u0142acza Prasa SIPMA Z-224 5223\/07-123 2026-070-123.00 - Exparto.pl\",\"isPartOf\":{\"@id\":\"https:\/\/exparto.pl\/en\/#website\"},\"primaryImageOfPage\":{\"@id\":\"https:\/\/exparto.pl\/en\/produkt\/tulejka-dzwigni-nozowej-suplacza-prasa-sipma-z-224-5223-07-123-2026-070-123-00\/#primaryimage\"},\"image\":{\"@id\":\"https:\/\/exparto.pl\/en\/produkt\/tulejka-dzwigni-nozowej-suplacza-prasa-sipma-z-224-5223-07-123-2026-070-123-00\/#primaryimage\"},\"thumbnailUrl\":\"https:\/\/exparto.pl\/wp-content\/uploads\/2025\/07\/394476e68ff84d8d6e0e4769accc59c4.jpg\",\"datePublished\":\"2025-07-29T13:58:01+00:00\",\"dateModified\":\"2026-04-01T09:05:13+00:00\",\"breadcrumb\":{\"@id\":\"https:\/\/exparto.pl\/en\/produkt\/tulejka-dzwigni-nozowej-suplacza-prasa-sipma-z-224-5223-07-123-2026-070-123-00\/#breadcrumb\"},\"inLanguage\":\"en-US\",\"potentialAction\":[{\"@type\":\"ReadAction\",\"target\":[\"https:\/\/exparto.pl\/en\/produkt\/tulejka-dzwigni-nozowej-suplacza-prasa-sipma-z-224-5223-07-123-2026-070-123-00\/\"]}]},{\"@type\":\"ImageObject\",\"inLanguage\":\"en-US\",\"@id\":\"https:\/\/exparto.pl\/en\/produkt\/tulejka-dzwigni-nozowej-suplacza-prasa-sipma-z-224-5223-07-123-2026-070-123-00\/#primaryimage\",\"url\":\"https:\/\/exparto.pl\/wp-content\/uploads\/2025\/07\/394476e68ff84d8d6e0e4769accc59c4.jpg\",\"contentUrl\":\"https:\/\/exparto.pl\/wp-content\/uploads\/2025\/07\/394476e68ff84d8d6e0e4769accc59c4.jpg\",\"width\":1200,\"height\":1200},{\"@type\":\"BreadcrumbList\",\"@id\":\"https:\/\/exparto.pl\/en\/produkt\/tulejka-dzwigni-nozowej-suplacza-prasa-sipma-z-224-5223-07-123-2026-070-123-00\/#breadcrumb\",\"itemListElement\":[{\"@type\":\"ListItem\",\"position\":1,\"name\":\"Homepage\",\"item\":\"https:\/\/exparto.pl\/en\/homepage\/\"},{\"@type\":\"ListItem\",\"position\":2,\"name\":\"Sklep\",\"item\":\"https:\/\/exparto.pl\/sklep\/\"},{\"@type\":\"ListItem\",\"position\":3,\"name\":\"Press parts\",\"item\":\"https:\/\/exparto.pl\/en\/product-category\/press-parts\/\"},{\"@type\":\"ListItem\",\"position\":4,\"name\":\"SIPMA Z-224 press parts\",\"item\":\"https:\/\/exparto.pl\/en\/product-category\/press-parts\/sipma-z-224-press-parts\/\"},{\"@type\":\"ListItem\",\"position\":5,\"name\":\"Parts for the supercharger\",\"item\":\"https:\/\/exparto.pl\/en\/product-category\/press-parts\/sipma-z-224-press-parts\/parts-for-the-supercharger\/\"},{\"@type\":\"ListItem\",\"position\":6,\"name\":\"Tulejka d\u017awigni no\u017cowej sup\u0142acza Prasa SIPMA Z-224 5223\/07-123 2026-070-123.00\"}]},{\"@type\":\"WebSite\",\"@id\":\"https:\/\/exparto.pl\/en\/#website\",\"url\":\"https:\/\/exparto.pl\/en\/\",\"name\":\"EXPARTO\",\"description\":\"More than agro parts\",\"publisher\":{\"@id\":\"https:\/\/exparto.pl\/en\/#organization\"},\"potentialAction\":[{\"@type\":\"SearchAction\",\"target\":{\"@type\":\"EntryPoint\",\"urlTemplate\":\"https:\/\/exparto.pl\/en\/?s={search_term_string}\"},\"query-input\":{\"@type\":\"PropertyValueSpecification\",\"valueRequired\":true,\"valueName\":\"search_term_string\"}}],\"inLanguage\":\"en-US\"},{\"@type\":\"Organization\",\"@id\":\"https:\/\/exparto.pl\/en\/#organization\",\"name\":\"EXPARTO\",\"url\":\"https:\/\/exparto.pl\/en\/\",\"logo\":{\"@type\":\"ImageObject\",\"inLanguage\":\"en-US\",\"@id\":\"https:\/\/exparto.pl\/en\/#\/schema\/logo\/image\/\",\"url\":\"https:\/\/exparto.pl\/wp-content\/uploads\/2023\/02\/logo-wektor.png\",\"contentUrl\":\"https:\/\/exparto.pl\/wp-content\/uploads\/2023\/02\/logo-wektor.png\",\"width\":1338,\"height\":143,\"caption\":\"EXPARTO\"},\"image\":{\"@id\":\"https:\/\/exparto.pl\/en\/#\/schema\/logo\/image\/\"},\"sameAs\":[\"https:\/\/www.facebook.com\/exparto.agro\/\"]}]}<\/script>\n<!-- \/ Yoast SEO plugin. -->","yoast_head_json":{"title":"Tulejka d\u017awigni no\u017cowej sup\u0142acza Prasa SIPMA Z-224 5223\/07-123 2026-070-123.00 - Exparto.pl","robots":{"index":"index","follow":"follow","max-snippet":"max-snippet:-1","max-image-preview":"max-image-preview:large","max-video-preview":"max-video-preview:-1"},"canonical":"https:\/\/exparto.pl\/en\/produkt\/tulejka-dzwigni-nozowej-suplacza-prasa-sipma-z-224-5223-07-123-2026-070-123-00\/","og_locale":"en_US","og_type":"article","og_title":"Tulejka d\u017awigni no\u017cowej sup\u0142acza Prasa SIPMA Z-224 5223\/07-123 2026-070-123.00 - Exparto.pl","og_description":"Tulejka d\u017awigni no\u017cowej sup\u0142acza Prasa SIPMA Z-224 5223\/07-123 2026-070-123.00.","og_url":"https:\/\/exparto.pl\/en\/produkt\/tulejka-dzwigni-nozowej-suplacza-prasa-sipma-z-224-5223-07-123-2026-070-123-00\/","og_site_name":"Exparto.pl","article_publisher":"https:\/\/www.facebook.com\/exparto.agro\/","article_modified_time":"2026-04-01T09:05:13+00:00","og_image":[{"width":1200,"height":1200,"url":"https:\/\/exparto.pl\/wp-content\/uploads\/2025\/07\/394476e68ff84d8d6e0e4769accc59c4.jpg","type":"image\/jpeg"}],"twitter_card":"summary_large_image","twitter_misc":{"Est. reading time":"2 minutes"},"schema":{"@context":"https:\/\/schema.org","@graph":[{"@type":"WebPage","@id":"https:\/\/exparto.pl\/en\/produkt\/tulejka-dzwigni-nozowej-suplacza-prasa-sipma-z-224-5223-07-123-2026-070-123-00\/","url":"https:\/\/exparto.pl\/en\/produkt\/tulejka-dzwigni-nozowej-suplacza-prasa-sipma-z-224-5223-07-123-2026-070-123-00\/","name":"Tulejka d\u017awigni no\u017cowej sup\u0142acza Prasa SIPMA Z-224 5223\/07-123 2026-070-123.00 - Exparto.pl","isPartOf":{"@id":"https:\/\/exparto.pl\/en\/#website"},"primaryImageOfPage":{"@id":"https:\/\/exparto.pl\/en\/produkt\/tulejka-dzwigni-nozowej-suplacza-prasa-sipma-z-224-5223-07-123-2026-070-123-00\/#primaryimage"},"image":{"@id":"https:\/\/exparto.pl\/en\/produkt\/tulejka-dzwigni-nozowej-suplacza-prasa-sipma-z-224-5223-07-123-2026-070-123-00\/#primaryimage"},"thumbnailUrl":"https:\/\/exparto.pl\/wp-content\/uploads\/2025\/07\/394476e68ff84d8d6e0e4769accc59c4.jpg","datePublished":"2025-07-29T13:58:01+00:00","dateModified":"2026-04-01T09:05:13+00:00","breadcrumb":{"@id":"https:\/\/exparto.pl\/en\/produkt\/tulejka-dzwigni-nozowej-suplacza-prasa-sipma-z-224-5223-07-123-2026-070-123-00\/#breadcrumb"},"inLanguage":"en-US","potentialAction":[{"@type":"ReadAction","target":["https:\/\/exparto.pl\/en\/produkt\/tulejka-dzwigni-nozowej-suplacza-prasa-sipma-z-224-5223-07-123-2026-070-123-00\/"]}]},{"@type":"ImageObject","inLanguage":"en-US","@id":"https:\/\/exparto.pl\/en\/produkt\/tulejka-dzwigni-nozowej-suplacza-prasa-sipma-z-224-5223-07-123-2026-070-123-00\/#primaryimage","url":"https:\/\/exparto.pl\/wp-content\/uploads\/2025\/07\/394476e68ff84d8d6e0e4769accc59c4.jpg","contentUrl":"https:\/\/exparto.pl\/wp-content\/uploads\/2025\/07\/394476e68ff84d8d6e0e4769accc59c4.jpg","width":1200,"height":1200},{"@type":"BreadcrumbList","@id":"https:\/\/exparto.pl\/en\/produkt\/tulejka-dzwigni-nozowej-suplacza-prasa-sipma-z-224-5223-07-123-2026-070-123-00\/#breadcrumb","itemListElement":[{"@type":"ListItem","position":1,"name":"Homepage","item":"https:\/\/exparto.pl\/en\/homepage\/"},{"@type":"ListItem","position":2,"name":"Sklep","item":"https:\/\/exparto.pl\/sklep\/"},{"@type":"ListItem","position":3,"name":"Press parts","item":"https:\/\/exparto.pl\/en\/product-category\/press-parts\/"},{"@type":"ListItem","position":4,"name":"SIPMA Z-224 press parts","item":"https:\/\/exparto.pl\/en\/product-category\/press-parts\/sipma-z-224-press-parts\/"},{"@type":"ListItem","position":5,"name":"Parts for the supercharger","item":"https:\/\/exparto.pl\/en\/product-category\/press-parts\/sipma-z-224-press-parts\/parts-for-the-supercharger\/"},{"@type":"ListItem","position":6,"name":"Tulejka d\u017awigni no\u017cowej sup\u0142acza Prasa SIPMA Z-224 5223\/07-123 2026-070-123.00"}]},{"@type":"WebSite","@id":"https:\/\/exparto.pl\/en\/#website","url":"https:\/\/exparto.pl\/en\/","name":"EXPARTO","description":"More than agro parts","publisher":{"@id":"https:\/\/exparto.pl\/en\/#organization"},"potentialAction":[{"@type":"SearchAction","target":{"@type":"EntryPoint","urlTemplate":"https:\/\/exparto.pl\/en\/?s={search_term_string}"},"query-input":{"@type":"PropertyValueSpecification","valueRequired":true,"valueName":"search_term_string"}}],"inLanguage":"en-US"},{"@type":"Organization","@id":"https:\/\/exparto.pl\/en\/#organization","name":"EXPARTO","url":"https:\/\/exparto.pl\/en\/","logo":{"@type":"ImageObject","inLanguage":"en-US","@id":"https:\/\/exparto.pl\/en\/#\/schema\/logo\/image\/","url":"https:\/\/exparto.pl\/wp-content\/uploads\/2023\/02\/logo-wektor.png","contentUrl":"https:\/\/exparto.pl\/wp-content\/uploads\/2023\/02\/logo-wektor.png","width":1338,"height":143,"caption":"EXPARTO"},"image":{"@id":"https:\/\/exparto.pl\/en\/#\/schema\/logo\/image\/"},"sameAs":["https:\/\/www.facebook.com\/exparto.agro\/"]}]}},"_links":{"self":[{"href":"https:\/\/exparto.pl\/en\/wp-json\/wp\/v2\/product\/53787","targetHints":{"allow":["GET"]}}],"collection":[{"href":"https:\/\/exparto.pl\/en\/wp-json\/wp\/v2\/product"}],"about":[{"href":"https:\/\/exparto.pl\/en\/wp-json\/wp\/v2\/types\/product"}],"replies":[{"embeddable":true,"href":"https:\/\/exparto.pl\/en\/wp-json\/wp\/v2\/comments?post=53787"}],"wp:featuredmedia":[{"embeddable":true,"href":"https:\/\/exparto.pl\/en\/wp-json\/wp\/v2\/media\/53772"}],"wp:attachment":[{"href":"https:\/\/exparto.pl\/en\/wp-json\/wp\/v2\/media?parent=53787"}],"wp:term":[{"taxonomy":"product_brand","embeddable":true,"href":"https:\/\/exparto.pl\/en\/wp-json\/wp\/v2\/product_brand?post=53787"},{"taxonomy":"product_cat","embeddable":true,"href":"https:\/\/exparto.pl\/en\/wp-json\/wp\/v2\/product_cat?post=53787"},{"taxonomy":"product_tag","embeddable":true,"href":"https:\/\/exparto.pl\/en\/wp-json\/wp\/v2\/product_tag?post=53787"}],"curies":[{"name":"wp","href":"https:\/\/api.w.org\/{rel}","templated":true}]}}