{"id":57319,"date":"2025-10-24T09:28:15","date_gmt":"2025-10-24T07:28:15","guid":{"rendered":"https:\/\/exparto.pl\/produkt\/prowadnica-rolek-prasa-sipma-z-224-5223130070-2023-130-007-03\/"},"modified":"2026-04-03T15:14:48","modified_gmt":"2026-04-03T13:14:48","slug":"prowadnica-rolek-prasa-sipma-z-224-5223130070-2023-130-007-03","status":"publish","type":"product","link":"https:\/\/exparto.pl\/en\/produkt\/prowadnica-rolek-prasa-sipma-z-224-5223130070-2023-130-007-03\/","title":{"rendered":"Prowadnica rolek prasa SIPMA Z-224 5223130070, 2023-130-007.03"},"content":{"rendered":"<p style=\"text-align: justify\"><strong>W naszej ofercie mamy prowadnic\u0119 rolek steruj\u0105cych, dedykowan\u0105 do maszyn SIPMA Z-224 oraz serii PK 4000 i PK 4010.<\/strong> Dzi\u0119ki solidnemu wykonaniu cz\u0119\u015bci masz pewno\u015b\u0107, \u017ce mechanizm porusza si\u0119 p\u0142ynnie, co pozwala na sprawne podnoszenie pokosu bez niepotrzebnych przestoj\u00f3w. Zapraszamy do sprawdzenia oferty na ten element, aby w\u0142a\u015bciwie przygotowa\u0107 maszyn\u0119 do pracy w polu.<\/p>\n<h2><span style=\"font-weight: 400\">Prowadnica rolek \u2013 krzywka, podbieracz do prasy SIPMA Z-224\/1 i Z-224\/2<\/span><\/h2>\n<p style=\"text-align: justify\"><strong>Zastosowanie trwa\u0142ych materia\u0142\u00f3w gwarantuje, \u017ce nasze cz\u0119\u015bci do prasy SIPMA Z-224 dobrze znosz\u0105 intensywne u\u017cytkowanie oraz du\u017ce obci\u0105\u017cenia podczas \u017cniw.<\/strong> Prawid\u0142owe sterowanie palcami zbieraj\u0105cymi zale\u017cy od stanu toru, kt\u00f3ry wyznacza ta krzywka. Element wymusza ich odpowiedni ruch, dzi\u0119ki czemu podbieracz SIPMA skutecznie unosi materia\u0142 i przekazuje go dalej do wn\u0119trza maszyny. Sprawna prowadnica rolki zapewnia bezpiecze\u0144stwo element\u00f3w pracuj\u0105cych i zapobiega drogim usterkom.<\/p>\n<p style=\"text-align: justify\">Regularne smarowanie rolek pozwala na zachowanie lekkiego ruchu i chroni metal przed szybkim zu\u017cyciem. <strong>Posiadamy r\u00f3wnie\u017c inne cz\u0119\u015bci do prasy SIPMA, w tym rolk\u0119 podbieracza czy palce spr\u0119\u017cyste, co pozwala na szybki serwis ca\u0142ego mechanizmu.<\/strong> Porz\u0105dne cz\u0119\u015bci do prasy kostkuj\u0105cej to gwarancja spokojnej pracy, dlatego zach\u0119camy do zakupu potrzebnych komponent\u00f3w w naszym sklepie.<\/p>\n<p style=\"text-align: justify\"><strong>Zastosowanie:<\/strong><\/p>\n<ul>\n<li style=\"text-align: justify\">prasy kostkuj\u0105ce Sipma Z-224, PK4000, PK 4010<\/li>\n<\/ul>\n<p style=\"text-align: justify\"><strong>Numer katalogowy:<\/strong><\/p>\n<ul>\n<li style=\"text-align: justify\">522313007<\/li>\n<li style=\"text-align: justify\">5223130070<\/li>\n<li style=\"text-align: justify\">5223\/13-007\/0<\/li>\n<li style=\"text-align: justify\">2023-130-007.03<\/li>\n<li style=\"text-align: justify\">202313000703<\/li>\n<\/ul>\n","protected":false},"excerpt":{"rendered":"<p style=\"text-align: justify\">Prowadnica rolek do prasy Sipma Z-224 5223130070 2023-130-007.03.<\/p>\n","protected":false},"featured_media":57299,"comment_status":"open","ping_status":"closed","template":"","meta":{"_acf_changed":false,"inline_featured_image":false},"product_brand":[],"product_cat":[48,116],"product_tag":[],"class_list":{"0":"post-57319","1":"product","2":"type-product","3":"status-publish","4":"has-post-thumbnail","6":"product_cat-czesci-do-prasy-kostkujacej","7":"product_cat-czesci-do-prasy-sipma","9":"first","10":"instock","11":"taxable","12":"shipping-taxable","13":"purchasable","14":"product-type-simple"},"acf":[],"yoast_head":"<!-- This site is optimized with the Yoast SEO plugin v27.2 - https:\/\/yoast.com\/product\/yoast-seo-wordpress\/ -->\n<title>Prowadnica rolek prasa SIPMA Z-224 5223130070, 2023-130-007.03 - Exparto.pl<\/title>\n<meta name=\"robots\" content=\"index, follow, max-snippet:-1, max-image-preview:large, max-video-preview:-1\" \/>\n<link rel=\"canonical\" href=\"https:\/\/exparto.pl\/en\/produkt\/prowadnica-rolek-prasa-sipma-z-224-5223130070-2023-130-007-03\/\" \/>\n<meta property=\"og:locale\" content=\"en_US\" \/>\n<meta property=\"og:type\" content=\"article\" \/>\n<meta property=\"og:title\" content=\"Prowadnica rolek prasa SIPMA Z-224 5223130070, 2023-130-007.03 - Exparto.pl\" \/>\n<meta property=\"og:description\" content=\"Prowadnica rolek do prasy Sipma Z-224 5223130070 2023-130-007.03.\" \/>\n<meta property=\"og:url\" content=\"https:\/\/exparto.pl\/en\/produkt\/prowadnica-rolek-prasa-sipma-z-224-5223130070-2023-130-007-03\/\" \/>\n<meta property=\"og:site_name\" content=\"Exparto.pl\" \/>\n<meta property=\"article:publisher\" content=\"https:\/\/www.facebook.com\/exparto.agro\/\" \/>\n<meta property=\"article:modified_time\" content=\"2026-04-03T13:14:48+00:00\" \/>\n<meta property=\"og:image\" content=\"https:\/\/exparto.pl\/wp-content\/uploads\/2025\/10\/096082d6ec6df4966d6f790f6ad678df.jpg\" \/>\n\t<meta property=\"og:image:width\" content=\"1200\" \/>\n\t<meta property=\"og:image:height\" content=\"1200\" \/>\n\t<meta property=\"og:image:type\" content=\"image\/jpeg\" \/>\n<meta name=\"twitter:card\" content=\"summary_large_image\" \/>\n<meta name=\"twitter:label1\" content=\"Est. reading time\" \/>\n\t<meta name=\"twitter:data1\" content=\"2 minutes\" \/>\n<script type=\"application\/ld+json\" class=\"yoast-schema-graph\">{\"@context\":\"https:\/\/schema.org\",\"@graph\":[{\"@type\":\"WebPage\",\"@id\":\"https:\/\/exparto.pl\/en\/produkt\/prowadnica-rolek-prasa-sipma-z-224-5223130070-2023-130-007-03\/\",\"url\":\"https:\/\/exparto.pl\/en\/produkt\/prowadnica-rolek-prasa-sipma-z-224-5223130070-2023-130-007-03\/\",\"name\":\"Prowadnica rolek prasa SIPMA Z-224 5223130070, 2023-130-007.03 - Exparto.pl\",\"isPartOf\":{\"@id\":\"https:\/\/exparto.pl\/en\/#website\"},\"primaryImageOfPage\":{\"@id\":\"https:\/\/exparto.pl\/en\/produkt\/prowadnica-rolek-prasa-sipma-z-224-5223130070-2023-130-007-03\/#primaryimage\"},\"image\":{\"@id\":\"https:\/\/exparto.pl\/en\/produkt\/prowadnica-rolek-prasa-sipma-z-224-5223130070-2023-130-007-03\/#primaryimage\"},\"thumbnailUrl\":\"https:\/\/exparto.pl\/wp-content\/uploads\/2025\/10\/096082d6ec6df4966d6f790f6ad678df.jpg\",\"datePublished\":\"2025-10-24T07:28:15+00:00\",\"dateModified\":\"2026-04-03T13:14:48+00:00\",\"breadcrumb\":{\"@id\":\"https:\/\/exparto.pl\/en\/produkt\/prowadnica-rolek-prasa-sipma-z-224-5223130070-2023-130-007-03\/#breadcrumb\"},\"inLanguage\":\"en-US\",\"potentialAction\":[{\"@type\":\"ReadAction\",\"target\":[\"https:\/\/exparto.pl\/en\/produkt\/prowadnica-rolek-prasa-sipma-z-224-5223130070-2023-130-007-03\/\"]}]},{\"@type\":\"ImageObject\",\"inLanguage\":\"en-US\",\"@id\":\"https:\/\/exparto.pl\/en\/produkt\/prowadnica-rolek-prasa-sipma-z-224-5223130070-2023-130-007-03\/#primaryimage\",\"url\":\"https:\/\/exparto.pl\/wp-content\/uploads\/2025\/10\/096082d6ec6df4966d6f790f6ad678df.jpg\",\"contentUrl\":\"https:\/\/exparto.pl\/wp-content\/uploads\/2025\/10\/096082d6ec6df4966d6f790f6ad678df.jpg\",\"width\":1200,\"height\":1200},{\"@type\":\"BreadcrumbList\",\"@id\":\"https:\/\/exparto.pl\/en\/produkt\/prowadnica-rolek-prasa-sipma-z-224-5223130070-2023-130-007-03\/#breadcrumb\",\"itemListElement\":[{\"@type\":\"ListItem\",\"position\":1,\"name\":\"Homepage\",\"item\":\"https:\/\/exparto.pl\/en\/homepage\/\"},{\"@type\":\"ListItem\",\"position\":2,\"name\":\"Sklep\",\"item\":\"https:\/\/exparto.pl\/sklep\/\"},{\"@type\":\"ListItem\",\"position\":3,\"name\":\"Press parts\",\"item\":\"https:\/\/exparto.pl\/en\/product-category\/press-parts\/\"},{\"@type\":\"ListItem\",\"position\":4,\"name\":\"SIPMA Z-224 press parts\",\"item\":\"https:\/\/exparto.pl\/en\/product-category\/press-parts\/sipma-z-224-press-parts\/\"},{\"@type\":\"ListItem\",\"position\":5,\"name\":\"Prowadnica rolek prasa SIPMA Z-224 5223130070, 2023-130-007.03\"}]},{\"@type\":\"WebSite\",\"@id\":\"https:\/\/exparto.pl\/en\/#website\",\"url\":\"https:\/\/exparto.pl\/en\/\",\"name\":\"EXPARTO\",\"description\":\"More than agro parts\",\"publisher\":{\"@id\":\"https:\/\/exparto.pl\/en\/#organization\"},\"potentialAction\":[{\"@type\":\"SearchAction\",\"target\":{\"@type\":\"EntryPoint\",\"urlTemplate\":\"https:\/\/exparto.pl\/en\/?s={search_term_string}\"},\"query-input\":{\"@type\":\"PropertyValueSpecification\",\"valueRequired\":true,\"valueName\":\"search_term_string\"}}],\"inLanguage\":\"en-US\"},{\"@type\":\"Organization\",\"@id\":\"https:\/\/exparto.pl\/en\/#organization\",\"name\":\"EXPARTO\",\"url\":\"https:\/\/exparto.pl\/en\/\",\"logo\":{\"@type\":\"ImageObject\",\"inLanguage\":\"en-US\",\"@id\":\"https:\/\/exparto.pl\/en\/#\/schema\/logo\/image\/\",\"url\":\"https:\/\/exparto.pl\/wp-content\/uploads\/2023\/02\/logo-wektor.png\",\"contentUrl\":\"https:\/\/exparto.pl\/wp-content\/uploads\/2023\/02\/logo-wektor.png\",\"width\":1338,\"height\":143,\"caption\":\"EXPARTO\"},\"image\":{\"@id\":\"https:\/\/exparto.pl\/en\/#\/schema\/logo\/image\/\"},\"sameAs\":[\"https:\/\/www.facebook.com\/exparto.agro\/\"]}]}<\/script>\n<!-- \/ Yoast SEO plugin. -->","yoast_head_json":{"title":"Prowadnica rolek prasa SIPMA Z-224 5223130070, 2023-130-007.03 - Exparto.pl","robots":{"index":"index","follow":"follow","max-snippet":"max-snippet:-1","max-image-preview":"max-image-preview:large","max-video-preview":"max-video-preview:-1"},"canonical":"https:\/\/exparto.pl\/en\/produkt\/prowadnica-rolek-prasa-sipma-z-224-5223130070-2023-130-007-03\/","og_locale":"en_US","og_type":"article","og_title":"Prowadnica rolek prasa SIPMA Z-224 5223130070, 2023-130-007.03 - Exparto.pl","og_description":"Prowadnica rolek do prasy Sipma Z-224 5223130070 2023-130-007.03.","og_url":"https:\/\/exparto.pl\/en\/produkt\/prowadnica-rolek-prasa-sipma-z-224-5223130070-2023-130-007-03\/","og_site_name":"Exparto.pl","article_publisher":"https:\/\/www.facebook.com\/exparto.agro\/","article_modified_time":"2026-04-03T13:14:48+00:00","og_image":[{"width":1200,"height":1200,"url":"https:\/\/exparto.pl\/wp-content\/uploads\/2025\/10\/096082d6ec6df4966d6f790f6ad678df.jpg","type":"image\/jpeg"}],"twitter_card":"summary_large_image","twitter_misc":{"Est. reading time":"2 minutes"},"schema":{"@context":"https:\/\/schema.org","@graph":[{"@type":"WebPage","@id":"https:\/\/exparto.pl\/en\/produkt\/prowadnica-rolek-prasa-sipma-z-224-5223130070-2023-130-007-03\/","url":"https:\/\/exparto.pl\/en\/produkt\/prowadnica-rolek-prasa-sipma-z-224-5223130070-2023-130-007-03\/","name":"Prowadnica rolek prasa SIPMA Z-224 5223130070, 2023-130-007.03 - Exparto.pl","isPartOf":{"@id":"https:\/\/exparto.pl\/en\/#website"},"primaryImageOfPage":{"@id":"https:\/\/exparto.pl\/en\/produkt\/prowadnica-rolek-prasa-sipma-z-224-5223130070-2023-130-007-03\/#primaryimage"},"image":{"@id":"https:\/\/exparto.pl\/en\/produkt\/prowadnica-rolek-prasa-sipma-z-224-5223130070-2023-130-007-03\/#primaryimage"},"thumbnailUrl":"https:\/\/exparto.pl\/wp-content\/uploads\/2025\/10\/096082d6ec6df4966d6f790f6ad678df.jpg","datePublished":"2025-10-24T07:28:15+00:00","dateModified":"2026-04-03T13:14:48+00:00","breadcrumb":{"@id":"https:\/\/exparto.pl\/en\/produkt\/prowadnica-rolek-prasa-sipma-z-224-5223130070-2023-130-007-03\/#breadcrumb"},"inLanguage":"en-US","potentialAction":[{"@type":"ReadAction","target":["https:\/\/exparto.pl\/en\/produkt\/prowadnica-rolek-prasa-sipma-z-224-5223130070-2023-130-007-03\/"]}]},{"@type":"ImageObject","inLanguage":"en-US","@id":"https:\/\/exparto.pl\/en\/produkt\/prowadnica-rolek-prasa-sipma-z-224-5223130070-2023-130-007-03\/#primaryimage","url":"https:\/\/exparto.pl\/wp-content\/uploads\/2025\/10\/096082d6ec6df4966d6f790f6ad678df.jpg","contentUrl":"https:\/\/exparto.pl\/wp-content\/uploads\/2025\/10\/096082d6ec6df4966d6f790f6ad678df.jpg","width":1200,"height":1200},{"@type":"BreadcrumbList","@id":"https:\/\/exparto.pl\/en\/produkt\/prowadnica-rolek-prasa-sipma-z-224-5223130070-2023-130-007-03\/#breadcrumb","itemListElement":[{"@type":"ListItem","position":1,"name":"Homepage","item":"https:\/\/exparto.pl\/en\/homepage\/"},{"@type":"ListItem","position":2,"name":"Sklep","item":"https:\/\/exparto.pl\/sklep\/"},{"@type":"ListItem","position":3,"name":"Press parts","item":"https:\/\/exparto.pl\/en\/product-category\/press-parts\/"},{"@type":"ListItem","position":4,"name":"SIPMA Z-224 press parts","item":"https:\/\/exparto.pl\/en\/product-category\/press-parts\/sipma-z-224-press-parts\/"},{"@type":"ListItem","position":5,"name":"Prowadnica rolek prasa SIPMA Z-224 5223130070, 2023-130-007.03"}]},{"@type":"WebSite","@id":"https:\/\/exparto.pl\/en\/#website","url":"https:\/\/exparto.pl\/en\/","name":"EXPARTO","description":"More than agro parts","publisher":{"@id":"https:\/\/exparto.pl\/en\/#organization"},"potentialAction":[{"@type":"SearchAction","target":{"@type":"EntryPoint","urlTemplate":"https:\/\/exparto.pl\/en\/?s={search_term_string}"},"query-input":{"@type":"PropertyValueSpecification","valueRequired":true,"valueName":"search_term_string"}}],"inLanguage":"en-US"},{"@type":"Organization","@id":"https:\/\/exparto.pl\/en\/#organization","name":"EXPARTO","url":"https:\/\/exparto.pl\/en\/","logo":{"@type":"ImageObject","inLanguage":"en-US","@id":"https:\/\/exparto.pl\/en\/#\/schema\/logo\/image\/","url":"https:\/\/exparto.pl\/wp-content\/uploads\/2023\/02\/logo-wektor.png","contentUrl":"https:\/\/exparto.pl\/wp-content\/uploads\/2023\/02\/logo-wektor.png","width":1338,"height":143,"caption":"EXPARTO"},"image":{"@id":"https:\/\/exparto.pl\/en\/#\/schema\/logo\/image\/"},"sameAs":["https:\/\/www.facebook.com\/exparto.agro\/"]}]}},"_links":{"self":[{"href":"https:\/\/exparto.pl\/en\/wp-json\/wp\/v2\/product\/57319","targetHints":{"allow":["GET"]}}],"collection":[{"href":"https:\/\/exparto.pl\/en\/wp-json\/wp\/v2\/product"}],"about":[{"href":"https:\/\/exparto.pl\/en\/wp-json\/wp\/v2\/types\/product"}],"replies":[{"embeddable":true,"href":"https:\/\/exparto.pl\/en\/wp-json\/wp\/v2\/comments?post=57319"}],"wp:featuredmedia":[{"embeddable":true,"href":"https:\/\/exparto.pl\/en\/wp-json\/wp\/v2\/media\/57299"}],"wp:attachment":[{"href":"https:\/\/exparto.pl\/en\/wp-json\/wp\/v2\/media?parent=57319"}],"wp:term":[{"taxonomy":"product_brand","embeddable":true,"href":"https:\/\/exparto.pl\/en\/wp-json\/wp\/v2\/product_brand?post=57319"},{"taxonomy":"product_cat","embeddable":true,"href":"https:\/\/exparto.pl\/en\/wp-json\/wp\/v2\/product_cat?post=57319"},{"taxonomy":"product_tag","embeddable":true,"href":"https:\/\/exparto.pl\/en\/wp-json\/wp\/v2\/product_tag?post=57319"}],"curies":[{"name":"wp","href":"https:\/\/api.w.org\/{rel}","templated":true}]}}